{"id":1292,"date":"2020-04-02T15:15:51","date_gmt":"2020-04-02T13:15:51","guid":{"rendered":"https:\/\/pans.krosno.pl\/pracownicy\/?page_id=1292"},"modified":"2025-05-16T13:04:16","modified_gmt":"2025-05-16T11:04:16","slug":"stanislaw-rymar","status":"publish","type":"page","link":"https:\/\/pans.krosno.pl\/pracownicy\/stanislaw-rymar\/","title":{"rendered":"dr in\u017c. Stanis\u0142aw Rymar"},"content":{"rendered":"\n<h3 class=\"wp-block-heading\" id=\"h-zaklad-inzynierii-produkcji-i-srodowiska\">Zak\u0142ad In\u017cynierii Produkcji i \u015arodowiska<\/h3>\n\n\n\n<hr class=\"wp-block-separator has-css-opacity\" \/>\n\n\n<p>In\u017cynier g\u00f3rniczy pierwszego stopnia w specjalizacji g\u00f3rnictwo nafty, gazu i surowc\u00f3w p\u0142ynnych oraz ochrony \u015brodowiska.<\/p>\n<p>Zajmowa\u0142 si\u0119 zagadnieniami obejmuj\u0105cymi obszar g\u00f3rnictwa otworowego, geologii i ochrony \u015brodowiska. W dzia\u0142alno\u015bci praktycznej kierowa\u0142 bezpo\u015brednio budow\u0105 obiekt\u00f3w energetycznych, w tym sieci i instalacji przesy\u0142u gazu, podziemnego magazynowania gazu i eksploatacji p\u0142ynnych surowc\u00f3w mineralnych. Z chwil\u0105 utworzenia Pa\u0144stwowej Wy\u017cszej Szko\u0142y Zawodowej w Kro\u015bnie (obecnie Pa\u0144stwowa Akademia Nauk Stosowanych Kro\u015bnie) zosta\u0142 powo\u0142any na stanowisko g\u0142\u00f3wnego specjalisty d.s. inwestycji (1999 r., w okresie tworzenia struktur uczelni, w tym Instytutu Politechnicznego).<\/p>\n<p>Nast\u0119pnie pracowa\u0142 na stanowiskach profesora PWSZ oraz docenta, pe\u0142ni\u0105c kolejno funkcje zast\u0119pcy dyrektora Instytutu Politechnicznego, kierownika Zak\u0142adu In\u017cynierii \u015arodowiska, a nast\u0119pnie Prorektora d.s. rozwoju uczelni (kadencja 2012-2016).<\/p>\n\n\n<hr class=\"wp-block-separator has-css-opacity\" \/>\n\n\n\n<div class=\"wp-block-columns is-layout-flex wp-container-core-columns-is-layout-28f84493 wp-block-columns-is-layout-flex\">\n<div class=\"wp-block-column is-layout-flow wp-block-column-is-layout-flow\" style=\"flex-basis:22%\">\n<figure class=\"wp-block-image size-large\"><img loading=\"lazy\" decoding=\"async\" width=\"400\" height=\"609\" src=\"https:\/\/pans.krosno.pl\/pracownicy\/wp-content\/uploads\/sites\/41\/2020\/04\/Stanis\u0142aw-Rymar-zdj\u0119cie.jpg\" alt=\"\" class=\"wp-image-1295\" srcset=\"https:\/\/pans.krosno.pl\/pracownicy\/wp-content\/uploads\/sites\/41\/2020\/04\/Stanis\u0142aw-Rymar-zdj\u0119cie.jpg 400w, https:\/\/pans.krosno.pl\/pracownicy\/wp-content\/uploads\/sites\/41\/2020\/04\/Stanis\u0142aw-Rymar-zdj\u0119cie-197x300.jpg 197w\" sizes=\"auto, (max-width: 400px) 100vw, 400px\" \/><\/figure>\n\n\n\n<p><\/p>\n<\/div>\n\n\n\n<div class=\"wp-block-column is-layout-flow wp-block-column-is-layout-flow\" style=\"flex-basis:78%\">\n<ul class=\"wp-block-list\">\n<li><a href=\"https:\/\/pans.krosno.pl\/pracownicy\/stanislaw-rymar\/stanislaw-rymar-zyciorys-naukowy\/\">\u017byciorys naukowy<\/a><\/li>\n\n\n\n<li><a href=\"https:\/\/pans.krosno.pl\/pracownicy\/stanislaw-rymar\/stanislaw-rymar-doswiadczenie-pozauczelniane\/\">Do\u015bwiadczenie pozauczelniane<\/a><\/li>\n\n\n\n<li><a href=\"https:\/\/pans.krosno.pl\/pracownicy\/stanislaw-rymar\/stanislaw-rymar-najwazniejsze-publikacje\/\">Najwa\u017cniejsze publikacje<\/a><\/li>\n\n\n\n<li><a href=\"https:\/\/pans.krosno.pl\/pracownicy\/stanislaw-rymar\/stanislaw-rymar-najwazniejsze-nagrody-i-wyroznienia\/\">Najwa\u017cniejsze nagrody i wyr\u00f3\u017cnienia<\/a><\/li>\n<\/ul>\n\n\n\n<hr class=\"wp-block-separator has-css-opacity\" \/>\n\n\n\n<figure class=\"wp-block-table aligncenter is-style-stripes\"><table><tbody><tr><td class=\"has-text-align-left\" data-align=\"left\">Telefon: 13 43 755 90<\/td><\/tr><tr><td class=\"has-text-align-left\" data-align=\"left\">E-mail: <a href=\"mailto:stanislaw.rymar@pans.krosno.pl\">stanislaw.rymar@pans.krosno.pl<\/a><\/td><\/tr><tr><td class=\"has-text-align-left\" data-align=\"left\">Konsultacje: <a href=\"https:\/\/pans.krosno.pl\/is\/dyzury-pracownikow\/\" target=\"_blank\" rel=\"noreferrer noopener\">Dy\u017cur pracownika<\/a><\/td><\/tr><\/tbody><\/table><\/figure>\n<\/div>\n<\/div>\n\n\n\n<hr class=\"wp-block-separator has-css-opacity\" \/>\n\n\n\n<p><\/p>\n","protected":false},"excerpt":{"rendered":"<p>Zak\u0142ad In\u017cynierii Produkcji i \u015arodowiska In\u017cynier g\u00f3rniczy pierwszego stopnia w specjalizacji g\u00f3rnictwo nafty, gazu i surowc\u00f3w p\u0142ynnych oraz ochrony \u015brodowiska. Zajmowa\u0142 si\u0119 zagadnieniami obejmuj\u0105cymi obszar g\u00f3rnictwa otworowego, geologii i ochrony \u015brodowiska. W dzia\u0142alno\u015bci praktycznej kierowa\u0142 bezpo\u015brednio budow\u0105 obiekt\u00f3w energetycznych, w tym sieci i instalacji przesy\u0142u gazu, podziemnego magazynowania gazu i [\u2026] <\/p>\n<div class=\"clear\"><\/div>\n<p><a class=\"more_link clearfix\" href=\"https:\/\/pans.krosno.pl\/pracownicy\/stanislaw-rymar\/\" rel=\"nofollow\">Read More<\/a><\/p>\n","protected":false},"author":36,"featured_media":0,"parent":0,"menu_order":0,"comment_status":"closed","ping_status":"closed","template":"","meta":{"ngg_post_thumbnail":0,"footnotes":""},"class_list":["post-1292","page","type-page","status-publish","hentry"],"yoast_head":"<!-- This site is optimized with the Yoast SEO Premium plugin v27.3 (Yoast SEO v27.3) - https:\/\/yoast.com\/product\/yoast-seo-premium-wordpress\/ -->\n<title>dr in\u017c. Stanis\u0142aw Rymar - Pracownicy PANS w Kro\u015bnie<\/title>\n<meta name=\"robots\" content=\"index, follow, max-snippet:-1, max-image-preview:large, max-video-preview:-1\" \/>\n<link rel=\"canonical\" href=\"https:\/\/pans.krosno.pl\/pracownicy\/stanislaw-rymar\/\" \/>\n<meta property=\"og:locale\" content=\"pl_PL\" \/>\n<meta property=\"og:type\" content=\"article\" \/>\n<meta property=\"og:title\" content=\"dr in\u017c. Stanis\u0142aw Rymar\" \/>\n<meta property=\"og:description\" content=\"Zak\u0142ad In\u017cynierii Produkcji i \u015arodowiska In\u017cynier g\u00f3rniczy pierwszego stopnia w specjalizacji g\u00f3rnictwo nafty, gazu i surowc\u00f3w p\u0142ynnych oraz ochrony \u015brodowiska. Zajmowa\u0142 si\u0119 zagadnieniami obejmuj\u0105cymi obszar g\u00f3rnictwa otworowego, geologii i ochrony \u015brodowiska. W dzia\u0142alno\u015bci praktycznej kierowa\u0142 bezpo\u015brednio budow\u0105 obiekt\u00f3w energetycznych, w tym sieci i instalacji przesy\u0142u gazu, podziemnego magazynowania gazu i [\u2026] Read More\" \/>\n<meta property=\"og:url\" content=\"https:\/\/pans.krosno.pl\/pracownicy\/stanislaw-rymar\/\" \/>\n<meta property=\"og:site_name\" content=\"Pracownicy PANS w Kro\u015bnie\" \/>\n<meta property=\"article:modified_time\" content=\"2025-05-16T11:04:16+00:00\" \/>\n<meta name=\"twitter:card\" content=\"summary_large_image\" \/>\n<meta name=\"twitter:label1\" content=\"Szacowany czas czytania\" \/>\n\t<meta name=\"twitter:data1\" content=\"2 minuty\" \/>\n<script type=\"application\/ld+json\" class=\"yoast-schema-graph\">{\"@context\":\"https:\\\/\\\/schema.org\",\"@graph\":[{\"@type\":\"WebPage\",\"@id\":\"https:\\\/\\\/pans.krosno.pl\\\/pracownicy\\\/stanislaw-rymar\\\/\",\"url\":\"https:\\\/\\\/pans.krosno.pl\\\/pracownicy\\\/stanislaw-rymar\\\/\",\"name\":\"dr in\u017c. Stanis\u0142aw Rymar - Pracownicy PANS w Kro\u015bnie\",\"isPartOf\":{\"@id\":\"https:\\\/\\\/pans.krosno.pl\\\/pracownicy\\\/#website\"},\"datePublished\":\"2020-04-02T13:15:51+00:00\",\"dateModified\":\"2025-05-16T11:04:16+00:00\",\"breadcrumb\":{\"@id\":\"https:\\\/\\\/pans.krosno.pl\\\/pracownicy\\\/stanislaw-rymar\\\/#breadcrumb\"},\"inLanguage\":\"pl-PL\",\"potentialAction\":[{\"@type\":\"ReadAction\",\"target\":[\"https:\\\/\\\/pans.krosno.pl\\\/pracownicy\\\/stanislaw-rymar\\\/\"]}]},{\"@type\":\"BreadcrumbList\",\"@id\":\"https:\\\/\\\/pans.krosno.pl\\\/pracownicy\\\/stanislaw-rymar\\\/#breadcrumb\",\"itemListElement\":[{\"@type\":\"ListItem\",\"position\":1,\"name\":\"Strona g\u0142\u00f3wna\",\"item\":\"https:\\\/\\\/pans.krosno.pl\\\/pracownicy\\\/\"},{\"@type\":\"ListItem\",\"position\":2,\"name\":\"dr in\u017c. Stanis\u0142aw Rymar\"}]},{\"@type\":\"WebSite\",\"@id\":\"https:\\\/\\\/pans.krosno.pl\\\/pracownicy\\\/#website\",\"url\":\"https:\\\/\\\/pans.krosno.pl\\\/pracownicy\\\/\",\"name\":\"Pracownicy PANS w Kro\u015bnie\",\"description\":\"Pracownicy - Pa\u0144stwowa Akademia Nauk Stosowanych\",\"publisher\":{\"@id\":\"https:\\\/\\\/pans.krosno.pl\\\/pracownicy\\\/#organization\"},\"potentialAction\":[{\"@type\":\"SearchAction\",\"target\":{\"@type\":\"EntryPoint\",\"urlTemplate\":\"https:\\\/\\\/pans.krosno.pl\\\/pracownicy\\\/?s={search_term_string}\"},\"query-input\":{\"@type\":\"PropertyValueSpecification\",\"valueRequired\":true,\"valueName\":\"search_term_string\"}}],\"inLanguage\":\"pl-PL\"},{\"@type\":\"Organization\",\"@id\":\"https:\\\/\\\/pans.krosno.pl\\\/pracownicy\\\/#organization\",\"name\":\"Pracownicy PANS w Kro\u015bnie\",\"url\":\"https:\\\/\\\/pans.krosno.pl\\\/pracownicy\\\/\",\"logo\":{\"@type\":\"ImageObject\",\"inLanguage\":\"pl-PL\",\"@id\":\"https:\\\/\\\/pans.krosno.pl\\\/pracownicy\\\/#\\\/schema\\\/logo\\\/image\\\/\",\"url\":\"https:\\\/\\\/pans.krosno.pl\\\/pracownicy\\\/wp-content\\\/uploads\\\/sites\\\/41\\\/2023\\\/01\\\/Logo-PANS-2022-pelne.png\",\"contentUrl\":\"https:\\\/\\\/pans.krosno.pl\\\/pracownicy\\\/wp-content\\\/uploads\\\/sites\\\/41\\\/2023\\\/01\\\/Logo-PANS-2022-pelne.png\",\"width\":3096,\"height\":696,\"caption\":\"Pracownicy PANS w Kro\u015bnie\"},\"image\":{\"@id\":\"https:\\\/\\\/pans.krosno.pl\\\/pracownicy\\\/#\\\/schema\\\/logo\\\/image\\\/\"}}]}<\/script>\n<!-- \/ Yoast SEO Premium plugin. -->","yoast_head_json":{"title":"dr in\u017c. Stanis\u0142aw Rymar - Pracownicy PANS w Kro\u015bnie","robots":{"index":"index","follow":"follow","max-snippet":"max-snippet:-1","max-image-preview":"max-image-preview:large","max-video-preview":"max-video-preview:-1"},"canonical":"https:\/\/pans.krosno.pl\/pracownicy\/stanislaw-rymar\/","og_locale":"pl_PL","og_type":"article","og_title":"dr in\u017c. Stanis\u0142aw Rymar","og_description":"Zak\u0142ad In\u017cynierii Produkcji i \u015arodowiska In\u017cynier g\u00f3rniczy pierwszego stopnia w specjalizacji g\u00f3rnictwo nafty, gazu i surowc\u00f3w p\u0142ynnych oraz ochrony \u015brodowiska. Zajmowa\u0142 si\u0119 zagadnieniami obejmuj\u0105cymi obszar g\u00f3rnictwa otworowego, geologii i ochrony \u015brodowiska. W dzia\u0142alno\u015bci praktycznej kierowa\u0142 bezpo\u015brednio budow\u0105 obiekt\u00f3w energetycznych, w tym sieci i instalacji przesy\u0142u gazu, podziemnego magazynowania gazu i [\u2026] Read More","og_url":"https:\/\/pans.krosno.pl\/pracownicy\/stanislaw-rymar\/","og_site_name":"Pracownicy PANS w Kro\u015bnie","article_modified_time":"2025-05-16T11:04:16+00:00","twitter_card":"summary_large_image","twitter_misc":{"Szacowany czas czytania":"2 minuty"},"schema":{"@context":"https:\/\/schema.org","@graph":[{"@type":"WebPage","@id":"https:\/\/pans.krosno.pl\/pracownicy\/stanislaw-rymar\/","url":"https:\/\/pans.krosno.pl\/pracownicy\/stanislaw-rymar\/","name":"dr in\u017c. Stanis\u0142aw Rymar - Pracownicy PANS w Kro\u015bnie","isPartOf":{"@id":"https:\/\/pans.krosno.pl\/pracownicy\/#website"},"datePublished":"2020-04-02T13:15:51+00:00","dateModified":"2025-05-16T11:04:16+00:00","breadcrumb":{"@id":"https:\/\/pans.krosno.pl\/pracownicy\/stanislaw-rymar\/#breadcrumb"},"inLanguage":"pl-PL","potentialAction":[{"@type":"ReadAction","target":["https:\/\/pans.krosno.pl\/pracownicy\/stanislaw-rymar\/"]}]},{"@type":"BreadcrumbList","@id":"https:\/\/pans.krosno.pl\/pracownicy\/stanislaw-rymar\/#breadcrumb","itemListElement":[{"@type":"ListItem","position":1,"name":"Strona g\u0142\u00f3wna","item":"https:\/\/pans.krosno.pl\/pracownicy\/"},{"@type":"ListItem","position":2,"name":"dr in\u017c. Stanis\u0142aw Rymar"}]},{"@type":"WebSite","@id":"https:\/\/pans.krosno.pl\/pracownicy\/#website","url":"https:\/\/pans.krosno.pl\/pracownicy\/","name":"Pracownicy PANS w Kro\u015bnie","description":"Pracownicy - Pa\u0144stwowa Akademia Nauk Stosowanych","publisher":{"@id":"https:\/\/pans.krosno.pl\/pracownicy\/#organization"},"potentialAction":[{"@type":"SearchAction","target":{"@type":"EntryPoint","urlTemplate":"https:\/\/pans.krosno.pl\/pracownicy\/?s={search_term_string}"},"query-input":{"@type":"PropertyValueSpecification","valueRequired":true,"valueName":"search_term_string"}}],"inLanguage":"pl-PL"},{"@type":"Organization","@id":"https:\/\/pans.krosno.pl\/pracownicy\/#organization","name":"Pracownicy PANS w Kro\u015bnie","url":"https:\/\/pans.krosno.pl\/pracownicy\/","logo":{"@type":"ImageObject","inLanguage":"pl-PL","@id":"https:\/\/pans.krosno.pl\/pracownicy\/#\/schema\/logo\/image\/","url":"https:\/\/pans.krosno.pl\/pracownicy\/wp-content\/uploads\/sites\/41\/2023\/01\/Logo-PANS-2022-pelne.png","contentUrl":"https:\/\/pans.krosno.pl\/pracownicy\/wp-content\/uploads\/sites\/41\/2023\/01\/Logo-PANS-2022-pelne.png","width":3096,"height":696,"caption":"Pracownicy PANS w Kro\u015bnie"},"image":{"@id":"https:\/\/pans.krosno.pl\/pracownicy\/#\/schema\/logo\/image\/"}}]}},"_links":{"self":[{"href":"https:\/\/pans.krosno.pl\/pracownicy\/wp-json\/wp\/v2\/pages\/1292","targetHints":{"allow":["GET"]}}],"collection":[{"href":"https:\/\/pans.krosno.pl\/pracownicy\/wp-json\/wp\/v2\/pages"}],"about":[{"href":"https:\/\/pans.krosno.pl\/pracownicy\/wp-json\/wp\/v2\/types\/page"}],"author":[{"embeddable":true,"href":"https:\/\/pans.krosno.pl\/pracownicy\/wp-json\/wp\/v2\/users\/36"}],"replies":[{"embeddable":true,"href":"https:\/\/pans.krosno.pl\/pracownicy\/wp-json\/wp\/v2\/comments?post=1292"}],"version-history":[{"count":19,"href":"https:\/\/pans.krosno.pl\/pracownicy\/wp-json\/wp\/v2\/pages\/1292\/revisions"}],"predecessor-version":[{"id":10696,"href":"https:\/\/pans.krosno.pl\/pracownicy\/wp-json\/wp\/v2\/pages\/1292\/revisions\/10696"}],"wp:attachment":[{"href":"https:\/\/pans.krosno.pl\/pracownicy\/wp-json\/wp\/v2\/media?parent=1292"}],"curies":[{"name":"wp","href":"https:\/\/api.w.org\/{rel}","templated":true}]}}