{"id":1266,"date":"2020-04-02T14:57:17","date_gmt":"2020-04-02T12:57:17","guid":{"rendered":"https:\/\/pans.krosno.pl\/pracownicy\/?page_id=1266"},"modified":"2025-05-14T12:40:35","modified_gmt":"2025-05-14T10:40:35","slug":"krzysztof-chmielowski-najwazniejsze-publikacje","status":"publish","type":"page","link":"https:\/\/pans.krosno.pl\/pracownicy\/krzysztof-chmielowski\/krzysztof-chmielowski-najwazniejsze-publikacje\/","title":{"rendered":"prof. dr hab. in\u017c. Krzysztof Chmielowski &#8211; Najwa\u017cniejsze publikacje"},"content":{"rendered":"<hr>\n<p><strong>Wa\u017cniejsze publikacje naukowe<\/strong><\/p>\n<ol>\n<li>W\u0105sik E., Chmielowski K.: Ammonia and indicator bacteria removal from domestic sewage in a vertical flow filter filled with plastic material, w: Ecological Engineering, vol. 106, nr Part A, 2017, ss. 378-384, DOI:10.1016\/j.ecoleng.2017.05.015.<\/li>\n<li>Szel\u0105g B., Chmielowski K., Dacewicz E.: Simulation of a storm overflow with probabilistic and hydrodynamic models, w: Urban Water Journal, vol. 15, nr 7, 2018, ss. 662-670 , DOI:10.1080\/1573062X.2018.1536759.<\/li>\n<li>Nowak A., Mazur R., Panek E., Dacewicz E., Chmielowski K. Treatment efficiency of fish processing wastewater in different types of biological reactors. Physic and Chemistry of the Earth. 2018. DOI: 10.1016\/j.pce.2018.09.007.<\/li>\n<li>Wa\u0142\u0119ga A., Chmielowski K., M\u0142y\u0144ski D.: Influence of the Hybrid Sewage Treatment Plant\u2019s Exploitation on Its Operation Effectiveness in Rural Areas, w: Sustainability, MDPI, nr 10(8), 2018, ss. 1-17, DOI:10.3390\/su10082689.<\/li>\n<li>Chmielowski K., Bedla D., Dacewicz E., Jurik L. The effect of parametric uncertainty of selected classification models and simulations of wastewater quality indicators on prediction of the sludge volume index. w: Polish Journal of Environmental Studies, Institute of Scientific Information in Philadelphia , vol. , nr , 2019.<\/li>\n<li>W\u0105sik E., Chmielowski K. Effectiveness of indicator bacteria removal in vertical flow filters filled with natural materials, Environment Protection Engineering, 2\/2019 (DOI: 10.5277\/epe190206.).<\/li>\n<li>Chmielowski K., Czeka\u0144ski K., Le\u015bnia\u0144ska A. The use of data mining methods for prediction of sludge and filamentous microorganisms sedimentation. w: Polish Journal of Environmental Studies, Institute of Scientific Information in Philadelphia , vol. 28, nr 5, 2019, ss. 1-9. DOI: 10.15244\/pjoes\/94050.<\/li>\n<li>Wa\u0142\u0119ga A., Chmielowski K., M\u0142y\u0144ski D. Nitrogen and Phosphorus Removal from Sewage in Biofilter \u2013 Activated Sludge Combined Systems. Pol. J. Environ. Stud. Vol. 28, No. 3 (2019), 1-9.<\/li>\n<li>Chmielowski K., Mazur R., Nowak A., Bedla D., Mazurkiewicz J., Spycha\u0142a M. The efficiency of nutrients removal from household wastewater in nonwovens bioreactors. w: Polish Journal of Environmental Studies, Institute of Scientific Information in Philadelphia, vol. 28, nr 4, 2019, ss. 1-10. DOI: 10.15244\/pjoes\/90624.<\/li>\n<li>Szel\u0105g B., Studzi\u0144ski J., Chmielowski K., Le\u015bnianska A., Rojek I. Prognozowanie ilo\u015bci \u015bciek\u00f3w dop\u0142ywaj\u0105cych do oczyszczalni za pomoc\u0105 sztucznych sieci neuronowych z wykorzystaniem liniowej analizy dyskryminacyjnej. Ochrona \u015arodowiska, 2018. Vol. 40, nr 4 s. 9-14.<\/li>\n<li>Chmielowski K., Dacewicz E., Mazur R. Zastosowanie odpad\u00f3w z tworzyw sztucznych w biofiltrach do oczyszczania \u015bciek\u00f3w bytowych, w: Przemys\u0142 Chemiczny, Wydawnictwo SIGMA &#8211; N O T Sp. z o.o., vol. 97, nr 9, 2018, ss. 1456-1459, DOI:10.15199\/62.2018.9.4.<\/li>\n<li>W\u0105sik E., Chmielowski K., Studzi\u0144ski J., Szel\u0105g B.: Zastosowanie sztucznych sieci neuronowych do prognozowania zawarto\u015bci azotu og\u00f3lnego w odp\u0142ywie z oczyszczalni \u015bciek\u00f3w, w: Ochrona \u015arodowiska, Polskie Zrzeszenie In\u017cynier\u00f3w i Technik\u00f3w Sanitarnych, Oddzia\u0142 Dolno\u015bl\u0105ski, vol. 40, nr 1, 2018, ss. 29-33.<\/li>\n<li>W\u0105sik E., Chmielowski K., Cupak A., Kaczor G.: Stability Monitoring of the Nitrification Process: Multivariate Statistical Analysis, w: Polish Journal of Environmental Studies, Institute of Scientific Information in Philadelphia , vol. 27, nr 5, 2018, ss. 1-11, DOI:10.15244\/pjoes\/77958.<\/li>\n<li>Operacz A., W\u0105sik E., Hajduga M., Chmielowski K.: Therapeutic water in the Poprad Valley- the Newest Development in the Polish Outer Carpathians, w: Polish Journal of Environmental Studies, Institute of Scientific Information in Philadelphia , vol. 27, nr 3, 2018, ss. 1207-1217, DOI: 10.15244\/pjoes\/76036.<\/li>\n<li>W\u0105sik E., Bugajski P., Chmielowski K., Nowak A., Mazur R.: Crystallization of struvite and hydroxyapatite during removal of biogenic compounds on the filter bed, w: Przemys\u0142 Chemiczny, Wydawnictwo SIGMA &#8211; N O T Sp. z o.o., vol. 96, nr 8, 2017, ss. 1739-1743, DOI:10.15199\/62.2017.8.27.<\/li>\n<\/ol>\n<hr>\n<p>&nbsp;<\/p>\n","protected":false},"excerpt":{"rendered":"<p>Wa\u017cniejsze publikacje naukowe W\u0105sik E., Chmielowski K.: Ammonia and indicator bacteria removal from domestic sewage in a vertical flow filter filled with plastic material, w: Ecological Engineering, vol. 106, nr Part A, 2017, ss. 378-384, DOI:10.1016\/j.ecoleng.2017.05.015. Szel\u0105g B., Chmielowski K., Dacewicz E.: Simulation of a storm overflow with probabilistic and [\u2026] <\/p>\n<div class=\"clear\"><\/div>\n<p><a class=\"more_link clearfix\" href=\"https:\/\/pans.krosno.pl\/pracownicy\/krzysztof-chmielowski\/krzysztof-chmielowski-najwazniejsze-publikacje\/\" rel=\"nofollow\">Read More<\/a><\/p>\n","protected":false},"author":36,"featured_media":0,"parent":1255,"menu_order":0,"comment_status":"closed","ping_status":"closed","template":"","meta":{"ngg_post_thumbnail":0,"footnotes":""},"class_list":["post-1266","page","type-page","status-publish","hentry"],"yoast_head":"<!-- This site is optimized with the Yoast SEO Premium plugin v27.4 (Yoast SEO v27.4) - https:\/\/yoast.com\/product\/yoast-seo-premium-wordpress\/ -->\n<title>prof. dr hab. in\u017c. Krzysztof Chmielowski - Najwa\u017cniejsze publikacje - Pracownicy PANS w Kro\u015bnie<\/title>\n<meta name=\"robots\" content=\"index, follow, max-snippet:-1, max-image-preview:large, max-video-preview:-1\" \/>\n<link rel=\"canonical\" href=\"https:\/\/pans.krosno.pl\/pracownicy\/krzysztof-chmielowski\/krzysztof-chmielowski-najwazniejsze-publikacje\/\" \/>\n<meta property=\"og:locale\" content=\"pl_PL\" \/>\n<meta property=\"og:type\" content=\"article\" \/>\n<meta property=\"og:title\" content=\"prof. dr hab. in\u017c. Krzysztof Chmielowski - Najwa\u017cniejsze publikacje\" \/>\n<meta property=\"og:description\" content=\"Wa\u017cniejsze publikacje naukowe W\u0105sik E., Chmielowski K.: Ammonia and indicator bacteria removal from domestic sewage in a vertical flow filter filled with plastic material, w: Ecological Engineering, vol. 106, nr Part A, 2017, ss. 378-384, DOI:10.1016\/j.ecoleng.2017.05.015. Szel\u0105g B., Chmielowski K., Dacewicz E.: Simulation of a storm overflow with probabilistic and [\u2026] Read More\" \/>\n<meta property=\"og:url\" content=\"https:\/\/pans.krosno.pl\/pracownicy\/krzysztof-chmielowski\/krzysztof-chmielowski-najwazniejsze-publikacje\/\" \/>\n<meta property=\"og:site_name\" content=\"Pracownicy PANS w Kro\u015bnie\" \/>\n<meta property=\"article:modified_time\" content=\"2025-05-14T10:40:35+00:00\" \/>\n<meta name=\"twitter:card\" content=\"summary_large_image\" \/>\n<meta name=\"twitter:label1\" content=\"Szacowany czas czytania\" \/>\n\t<meta name=\"twitter:data1\" content=\"4 minuty\" \/>\n<script type=\"application\/ld+json\" class=\"yoast-schema-graph\">{\"@context\":\"https:\\\/\\\/schema.org\",\"@graph\":[{\"@type\":\"WebPage\",\"@id\":\"https:\\\/\\\/pans.krosno.pl\\\/pracownicy\\\/krzysztof-chmielowski\\\/krzysztof-chmielowski-najwazniejsze-publikacje\\\/\",\"url\":\"https:\\\/\\\/pans.krosno.pl\\\/pracownicy\\\/krzysztof-chmielowski\\\/krzysztof-chmielowski-najwazniejsze-publikacje\\\/\",\"name\":\"prof. dr hab. in\u017c. Krzysztof Chmielowski - Najwa\u017cniejsze publikacje - Pracownicy PANS w Kro\u015bnie\",\"isPartOf\":{\"@id\":\"https:\\\/\\\/pans.krosno.pl\\\/pracownicy\\\/#website\"},\"datePublished\":\"2020-04-02T12:57:17+00:00\",\"dateModified\":\"2025-05-14T10:40:35+00:00\",\"breadcrumb\":{\"@id\":\"https:\\\/\\\/pans.krosno.pl\\\/pracownicy\\\/krzysztof-chmielowski\\\/krzysztof-chmielowski-najwazniejsze-publikacje\\\/#breadcrumb\"},\"inLanguage\":\"pl-PL\",\"potentialAction\":[{\"@type\":\"ReadAction\",\"target\":[\"https:\\\/\\\/pans.krosno.pl\\\/pracownicy\\\/krzysztof-chmielowski\\\/krzysztof-chmielowski-najwazniejsze-publikacje\\\/\"]}]},{\"@type\":\"BreadcrumbList\",\"@id\":\"https:\\\/\\\/pans.krosno.pl\\\/pracownicy\\\/krzysztof-chmielowski\\\/krzysztof-chmielowski-najwazniejsze-publikacje\\\/#breadcrumb\",\"itemListElement\":[{\"@type\":\"ListItem\",\"position\":1,\"name\":\"Strona g\u0142\u00f3wna\",\"item\":\"https:\\\/\\\/pans.krosno.pl\\\/pracownicy\\\/\"},{\"@type\":\"ListItem\",\"position\":2,\"name\":\"prof. dr hab. in\u017c. Krzysztof Chmielowski\",\"item\":\"https:\\\/\\\/pans.krosno.pl\\\/pracownicy\\\/krzysztof-chmielowski\\\/\"},{\"@type\":\"ListItem\",\"position\":3,\"name\":\"prof. dr hab. in\u017c. Krzysztof Chmielowski &#8211; Najwa\u017cniejsze publikacje\"}]},{\"@type\":\"WebSite\",\"@id\":\"https:\\\/\\\/pans.krosno.pl\\\/pracownicy\\\/#website\",\"url\":\"https:\\\/\\\/pans.krosno.pl\\\/pracownicy\\\/\",\"name\":\"Pracownicy PANS w Kro\u015bnie\",\"description\":\"Pracownicy - Pa\u0144stwowa Akademia Nauk Stosowanych\",\"publisher\":{\"@id\":\"https:\\\/\\\/pans.krosno.pl\\\/pracownicy\\\/#organization\"},\"potentialAction\":[{\"@type\":\"SearchAction\",\"target\":{\"@type\":\"EntryPoint\",\"urlTemplate\":\"https:\\\/\\\/pans.krosno.pl\\\/pracownicy\\\/?s={search_term_string}\"},\"query-input\":{\"@type\":\"PropertyValueSpecification\",\"valueRequired\":true,\"valueName\":\"search_term_string\"}}],\"inLanguage\":\"pl-PL\"},{\"@type\":\"Organization\",\"@id\":\"https:\\\/\\\/pans.krosno.pl\\\/pracownicy\\\/#organization\",\"name\":\"Pracownicy PANS w Kro\u015bnie\",\"url\":\"https:\\\/\\\/pans.krosno.pl\\\/pracownicy\\\/\",\"logo\":{\"@type\":\"ImageObject\",\"inLanguage\":\"pl-PL\",\"@id\":\"https:\\\/\\\/pans.krosno.pl\\\/pracownicy\\\/#\\\/schema\\\/logo\\\/image\\\/\",\"url\":\"https:\\\/\\\/pans.krosno.pl\\\/pracownicy\\\/wp-content\\\/uploads\\\/sites\\\/41\\\/2023\\\/01\\\/Logo-PANS-2022-pelne.png\",\"contentUrl\":\"https:\\\/\\\/pans.krosno.pl\\\/pracownicy\\\/wp-content\\\/uploads\\\/sites\\\/41\\\/2023\\\/01\\\/Logo-PANS-2022-pelne.png\",\"width\":3096,\"height\":696,\"caption\":\"Pracownicy PANS w Kro\u015bnie\"},\"image\":{\"@id\":\"https:\\\/\\\/pans.krosno.pl\\\/pracownicy\\\/#\\\/schema\\\/logo\\\/image\\\/\"}}]}<\/script>\n<!-- \/ Yoast SEO Premium plugin. -->","yoast_head_json":{"title":"prof. dr hab. in\u017c. Krzysztof Chmielowski - Najwa\u017cniejsze publikacje - Pracownicy PANS w Kro\u015bnie","robots":{"index":"index","follow":"follow","max-snippet":"max-snippet:-1","max-image-preview":"max-image-preview:large","max-video-preview":"max-video-preview:-1"},"canonical":"https:\/\/pans.krosno.pl\/pracownicy\/krzysztof-chmielowski\/krzysztof-chmielowski-najwazniejsze-publikacje\/","og_locale":"pl_PL","og_type":"article","og_title":"prof. dr hab. in\u017c. Krzysztof Chmielowski - Najwa\u017cniejsze publikacje","og_description":"Wa\u017cniejsze publikacje naukowe W\u0105sik E., Chmielowski K.: Ammonia and indicator bacteria removal from domestic sewage in a vertical flow filter filled with plastic material, w: Ecological Engineering, vol. 106, nr Part A, 2017, ss. 378-384, DOI:10.1016\/j.ecoleng.2017.05.015. Szel\u0105g B., Chmielowski K., Dacewicz E.: Simulation of a storm overflow with probabilistic and [\u2026] Read More","og_url":"https:\/\/pans.krosno.pl\/pracownicy\/krzysztof-chmielowski\/krzysztof-chmielowski-najwazniejsze-publikacje\/","og_site_name":"Pracownicy PANS w Kro\u015bnie","article_modified_time":"2025-05-14T10:40:35+00:00","twitter_card":"summary_large_image","twitter_misc":{"Szacowany czas czytania":"4 minuty"},"schema":{"@context":"https:\/\/schema.org","@graph":[{"@type":"WebPage","@id":"https:\/\/pans.krosno.pl\/pracownicy\/krzysztof-chmielowski\/krzysztof-chmielowski-najwazniejsze-publikacje\/","url":"https:\/\/pans.krosno.pl\/pracownicy\/krzysztof-chmielowski\/krzysztof-chmielowski-najwazniejsze-publikacje\/","name":"prof. dr hab. in\u017c. Krzysztof Chmielowski - Najwa\u017cniejsze publikacje - Pracownicy PANS w Kro\u015bnie","isPartOf":{"@id":"https:\/\/pans.krosno.pl\/pracownicy\/#website"},"datePublished":"2020-04-02T12:57:17+00:00","dateModified":"2025-05-14T10:40:35+00:00","breadcrumb":{"@id":"https:\/\/pans.krosno.pl\/pracownicy\/krzysztof-chmielowski\/krzysztof-chmielowski-najwazniejsze-publikacje\/#breadcrumb"},"inLanguage":"pl-PL","potentialAction":[{"@type":"ReadAction","target":["https:\/\/pans.krosno.pl\/pracownicy\/krzysztof-chmielowski\/krzysztof-chmielowski-najwazniejsze-publikacje\/"]}]},{"@type":"BreadcrumbList","@id":"https:\/\/pans.krosno.pl\/pracownicy\/krzysztof-chmielowski\/krzysztof-chmielowski-najwazniejsze-publikacje\/#breadcrumb","itemListElement":[{"@type":"ListItem","position":1,"name":"Strona g\u0142\u00f3wna","item":"https:\/\/pans.krosno.pl\/pracownicy\/"},{"@type":"ListItem","position":2,"name":"prof. dr hab. in\u017c. Krzysztof Chmielowski","item":"https:\/\/pans.krosno.pl\/pracownicy\/krzysztof-chmielowski\/"},{"@type":"ListItem","position":3,"name":"prof. dr hab. in\u017c. Krzysztof Chmielowski &#8211; Najwa\u017cniejsze publikacje"}]},{"@type":"WebSite","@id":"https:\/\/pans.krosno.pl\/pracownicy\/#website","url":"https:\/\/pans.krosno.pl\/pracownicy\/","name":"Pracownicy PANS w Kro\u015bnie","description":"Pracownicy - Pa\u0144stwowa Akademia Nauk Stosowanych","publisher":{"@id":"https:\/\/pans.krosno.pl\/pracownicy\/#organization"},"potentialAction":[{"@type":"SearchAction","target":{"@type":"EntryPoint","urlTemplate":"https:\/\/pans.krosno.pl\/pracownicy\/?s={search_term_string}"},"query-input":{"@type":"PropertyValueSpecification","valueRequired":true,"valueName":"search_term_string"}}],"inLanguage":"pl-PL"},{"@type":"Organization","@id":"https:\/\/pans.krosno.pl\/pracownicy\/#organization","name":"Pracownicy PANS w Kro\u015bnie","url":"https:\/\/pans.krosno.pl\/pracownicy\/","logo":{"@type":"ImageObject","inLanguage":"pl-PL","@id":"https:\/\/pans.krosno.pl\/pracownicy\/#\/schema\/logo\/image\/","url":"https:\/\/pans.krosno.pl\/pracownicy\/wp-content\/uploads\/sites\/41\/2023\/01\/Logo-PANS-2022-pelne.png","contentUrl":"https:\/\/pans.krosno.pl\/pracownicy\/wp-content\/uploads\/sites\/41\/2023\/01\/Logo-PANS-2022-pelne.png","width":3096,"height":696,"caption":"Pracownicy PANS w Kro\u015bnie"},"image":{"@id":"https:\/\/pans.krosno.pl\/pracownicy\/#\/schema\/logo\/image\/"}}]}},"_links":{"self":[{"href":"https:\/\/pans.krosno.pl\/pracownicy\/wp-json\/wp\/v2\/pages\/1266","targetHints":{"allow":["GET"]}}],"collection":[{"href":"https:\/\/pans.krosno.pl\/pracownicy\/wp-json\/wp\/v2\/pages"}],"about":[{"href":"https:\/\/pans.krosno.pl\/pracownicy\/wp-json\/wp\/v2\/types\/page"}],"author":[{"embeddable":true,"href":"https:\/\/pans.krosno.pl\/pracownicy\/wp-json\/wp\/v2\/users\/36"}],"replies":[{"embeddable":true,"href":"https:\/\/pans.krosno.pl\/pracownicy\/wp-json\/wp\/v2\/comments?post=1266"}],"version-history":[{"count":9,"href":"https:\/\/pans.krosno.pl\/pracownicy\/wp-json\/wp\/v2\/pages\/1266\/revisions"}],"predecessor-version":[{"id":9161,"href":"https:\/\/pans.krosno.pl\/pracownicy\/wp-json\/wp\/v2\/pages\/1266\/revisions\/9161"}],"up":[{"embeddable":true,"href":"https:\/\/pans.krosno.pl\/pracownicy\/wp-json\/wp\/v2\/pages\/1255"}],"wp:attachment":[{"href":"https:\/\/pans.krosno.pl\/pracownicy\/wp-json\/wp\/v2\/media?parent=1266"}],"curies":[{"name":"wp","href":"https:\/\/api.w.org\/{rel}","templated":true}]}}