{"id":1249,"date":"2020-04-02T14:36:18","date_gmt":"2020-04-02T12:36:18","guid":{"rendered":"https:\/\/pans.krosno.pl\/pracownicy\/?page_id=1249"},"modified":"2025-05-20T14:07:40","modified_gmt":"2025-05-20T12:07:40","slug":"karol-trojanowicz-najwazniejsze-publikacje","status":"publish","type":"page","link":"https:\/\/pans.krosno.pl\/pracownicy\/karol-trojanowicz\/karol-trojanowicz-najwazniejsze-publikacje\/","title":{"rendered":"dr Karol Trojanowicz &#8211; Najwa\u017cniejsze publikacje"},"content":{"rendered":"<hr>\n<p>Jest autorem 25 publikacji o charakterze naukowo-technicznym, w tym 15 w j\u0119zyku angielskim, 9 opublikowanych w renomowanych czasopismach naukowych z listy JCR, a tak\u017ce pi\u0119ciu ekspertyz dla przemys\u0142u oraz licznych metod analitycznych stosowanych w kontroli jako\u015bci produkt\u00f3w leczniczych.<\/p>\n<hr>\n<p><strong>Monografie<\/strong><\/p>\n<ol>\n<li>Trela J., Trojanowicz K., \u017bubrowska \u2013 Sudo\u0142 M.: Nowoczesne metody usuwania azotu oparte na procesie autotroficznej deamonifikacji. Infrastruktura miast &#8211; monografia pod redakcj\u0105 J\u00f3zefa Dziopaka i in., Oficyna Wydawnicza Politechniki Rzeszowskiej, Rzesz\u00f3w 2017, str. 271-300.<\/li>\n<li>Trojanowicz K. \u201eZwi\u0105zek pomi\u0119dzy wzrostem wydajno\u015bci wytwarzania biogazu i samowystarczalno\u015bci\u0105 energetyczn\u0105 oczyszczalni \u015bciek\u00f3w a technologi\u0105 autotroficznej deamonifikacji (proces anammox). Wykorzystanie \u015bciek\u00f3w i osad\u00f3w \u015bciekowych jako \u017ar\u00f3d\u0142a energii i pozyskiwania surowc\u00f3w dla ograniczenia zmian klimatycznych, str. 129 &#8211; 143. Kancelaria Senatu Rzeczypospolitej Polskiej. Warszawa 2017.<\/li>\n<li>Jozef Trela, Andriy Malovanyy, Jingjing Yang, Elzbieta Plaza, Karol Trojanowicz, Razia Sultana, Britt-Marie Wil\u00e9n, Frank Persson, Christian Baresel \u201cDeammonification Synthesis Report 2014\u201d &#8211; R&amp;D at Hammarby Sjostadsverk Report number: B 2210 (technical report)<\/li>\n<\/ol>\n<p><strong>Wybrane artyku\u0142y:<\/strong><\/p>\n<ol>\n<li>Trojanowicz K., Trela J., Plaza E. (2020): \u201cActivity of microorganisms in pilot-scale hybrid reactor (IFAS) for partial nitritation-anammox process of mainstream wastewater\u201d, w przygotowaniu.<\/li>\n<li>Trojanowicz K., Plaza E. (2020): \u201cCombining numerical simulation with response surface modelling for optimization of reject water partial nitritation\/anammox in moving bed biofilm reactor\u201d Environmental Technology, DOI: 10.1080\/09593330.2020.1714747.<\/li>\n<li>Karol Trojanowicz, Jozef Trela, Elzbieta Plaza (2019) \u201cPossible mechanism of efficient mainstream partial nitritation\/anammox (PN\/A) in hybrid bioreactors (IFAS)\u201d Environmental Technology, DOI: 10.1080\/09593330.2019.1650834.<\/li>\n<li>Trojanowicz, K., Elzbieta Plaza, Jozef Trela. &#8222;Model extension, calibration and validation of partial nitritation\u2013anammox process in moving bed biofilm reactor (MBBR) for reject and mainstream wastewater.&#8221; Environmental Technology 40.9 (2019): 1079-1100.<\/li>\n<li>Karol Trojanowicz, Wlodzimierz Wojcik \u201cCharacterization of the Carbonaceous Materials in Petrochemical Wastewater Before and After Treatment in an Aerated Submerged Fixed-Bed Biofilm Reactor (ASFBBR)\u201d Chemical and Process Engineering 2016, 37 (3), 373-382.<\/li>\n<li>Trojanowicz K., Plaza E., Trela J.: \u201cPilot Scale Studies on Nitritation-Anammox Process for Mainstream Wastewater at Low Temperature.\u201d Water Science &amp; Technology 2016, 73(4), 761-768.<\/li>\n<li>Karol Trojanowicz, Wlodzimierz Wojcik \u201cDimensioning of Aerated Submerged Fixed Bed Biofilm Reactors Based on a Mathematical Biofilm Model Applied to Petrochemical Wastewater &#8211; The Link Between Theory and Practice\u201d Water SA 2014, Vol. 40 No. 2, 323-330.<\/li>\n<li>Karol Trojanowicz, Wlodzimierz Wojcik, Wieslawa Styka, Tomasz Baczynski \u201eEvaluation of a Novel Control Method on Biofilm Parameters in an Aerated Submerged Fixed-Bed Biofilm Reactor\u201d, Clean \u2013 Soil, Air, Water 2011, 39 (1), 7\u201312, DOI: 10.1002\/clen.201000111.<\/li>\n<li>Karol Trojanowicz, Wlodzimierz Wojcik \u201eCalibration and verification of models of organic carbon removal kinetics in Aerated Submerged Fixed-Bed Biofilm Reactors (ASFBBR): a case study of wastewater from an oil-refinery\u201d, Water Science and Technology 2011, 63 (10), 2446 \u2013 2456,DOI: 10.2166\/wst.2011.216.<\/li>\n<li>Karol Trojanowicz, Wieslawa Styka, Tomasz Baczynski \u201eExperimental Determination of Kinetic Parameters for Heterotrophic Microorganisms in Biofilm under Petrochemical Wastewater Conditions\u201d, Polish Journal of Environmental Studies 2009, 2, 913-921.<\/li>\n<\/ol>\n<hr>\n<p>&nbsp;<\/p>\n","protected":false},"excerpt":{"rendered":"<p>Jest autorem 25 publikacji o charakterze naukowo-technicznym, w tym 15 w j\u0119zyku angielskim, 9 opublikowanych w renomowanych czasopismach naukowych z listy JCR, a tak\u017ce pi\u0119ciu ekspertyz dla przemys\u0142u oraz licznych metod analitycznych stosowanych w kontroli jako\u015bci produkt\u00f3w leczniczych. Monografie Trela J., Trojanowicz K., \u017bubrowska \u2013 Sudo\u0142 M.: Nowoczesne metody usuwania [\u2026] <\/p>\n<div class=\"clear\"><\/div>\n<p><a class=\"more_link clearfix\" href=\"https:\/\/pans.krosno.pl\/pracownicy\/karol-trojanowicz\/karol-trojanowicz-najwazniejsze-publikacje\/\" rel=\"nofollow\">Read More<\/a><\/p>\n","protected":false},"author":36,"featured_media":0,"parent":1241,"menu_order":0,"comment_status":"closed","ping_status":"closed","template":"","meta":{"ngg_post_thumbnail":0,"footnotes":""},"class_list":["post-1249","page","type-page","status-publish","hentry"],"yoast_head":"<!-- This site is optimized with the Yoast SEO Premium plugin v27.3 (Yoast SEO v27.3) - https:\/\/yoast.com\/product\/yoast-seo-premium-wordpress\/ -->\n<title>dr Karol Trojanowicz - Najwa\u017cniejsze publikacje - Pracownicy PANS w Kro\u015bnie<\/title>\n<meta name=\"robots\" content=\"index, follow, max-snippet:-1, max-image-preview:large, max-video-preview:-1\" \/>\n<link rel=\"canonical\" href=\"https:\/\/pans.krosno.pl\/pracownicy\/karol-trojanowicz\/karol-trojanowicz-najwazniejsze-publikacje\/\" \/>\n<meta property=\"og:locale\" content=\"pl_PL\" \/>\n<meta property=\"og:type\" content=\"article\" \/>\n<meta property=\"og:title\" content=\"dr Karol Trojanowicz - Najwa\u017cniejsze publikacje\" \/>\n<meta property=\"og:description\" content=\"Jest autorem 25 publikacji o charakterze naukowo-technicznym, w tym 15 w j\u0119zyku angielskim, 9 opublikowanych w renomowanych czasopismach naukowych z listy JCR, a tak\u017ce pi\u0119ciu ekspertyz dla przemys\u0142u oraz licznych metod analitycznych stosowanych w kontroli jako\u015bci produkt\u00f3w leczniczych. Monografie Trela J., Trojanowicz K., \u017bubrowska \u2013 Sudo\u0142 M.: Nowoczesne metody usuwania [\u2026] Read More\" \/>\n<meta property=\"og:url\" content=\"https:\/\/pans.krosno.pl\/pracownicy\/karol-trojanowicz\/karol-trojanowicz-najwazniejsze-publikacje\/\" \/>\n<meta property=\"og:site_name\" content=\"Pracownicy PANS w Kro\u015bnie\" \/>\n<meta property=\"article:modified_time\" content=\"2025-05-20T12:07:40+00:00\" \/>\n<meta name=\"twitter:card\" content=\"summary_large_image\" \/>\n<meta name=\"twitter:label1\" content=\"Szacowany czas czytania\" \/>\n\t<meta name=\"twitter:data1\" content=\"3 minuty\" \/>\n<script type=\"application\/ld+json\" class=\"yoast-schema-graph\">{\"@context\":\"https:\\\/\\\/schema.org\",\"@graph\":[{\"@type\":\"WebPage\",\"@id\":\"https:\\\/\\\/pans.krosno.pl\\\/pracownicy\\\/karol-trojanowicz\\\/karol-trojanowicz-najwazniejsze-publikacje\\\/\",\"url\":\"https:\\\/\\\/pans.krosno.pl\\\/pracownicy\\\/karol-trojanowicz\\\/karol-trojanowicz-najwazniejsze-publikacje\\\/\",\"name\":\"dr Karol Trojanowicz - Najwa\u017cniejsze publikacje - Pracownicy PANS w Kro\u015bnie\",\"isPartOf\":{\"@id\":\"https:\\\/\\\/pans.krosno.pl\\\/pracownicy\\\/#website\"},\"datePublished\":\"2020-04-02T12:36:18+00:00\",\"dateModified\":\"2025-05-20T12:07:40+00:00\",\"breadcrumb\":{\"@id\":\"https:\\\/\\\/pans.krosno.pl\\\/pracownicy\\\/karol-trojanowicz\\\/karol-trojanowicz-najwazniejsze-publikacje\\\/#breadcrumb\"},\"inLanguage\":\"pl-PL\",\"potentialAction\":[{\"@type\":\"ReadAction\",\"target\":[\"https:\\\/\\\/pans.krosno.pl\\\/pracownicy\\\/karol-trojanowicz\\\/karol-trojanowicz-najwazniejsze-publikacje\\\/\"]}]},{\"@type\":\"BreadcrumbList\",\"@id\":\"https:\\\/\\\/pans.krosno.pl\\\/pracownicy\\\/karol-trojanowicz\\\/karol-trojanowicz-najwazniejsze-publikacje\\\/#breadcrumb\",\"itemListElement\":[{\"@type\":\"ListItem\",\"position\":1,\"name\":\"Strona g\u0142\u00f3wna\",\"item\":\"https:\\\/\\\/pans.krosno.pl\\\/pracownicy\\\/\"},{\"@type\":\"ListItem\",\"position\":2,\"name\":\"dr Karol Trojanowicz\",\"item\":\"https:\\\/\\\/pans.krosno.pl\\\/pracownicy\\\/karol-trojanowicz\\\/\"},{\"@type\":\"ListItem\",\"position\":3,\"name\":\"dr Karol Trojanowicz &#8211; Najwa\u017cniejsze publikacje\"}]},{\"@type\":\"WebSite\",\"@id\":\"https:\\\/\\\/pans.krosno.pl\\\/pracownicy\\\/#website\",\"url\":\"https:\\\/\\\/pans.krosno.pl\\\/pracownicy\\\/\",\"name\":\"Pracownicy PANS w Kro\u015bnie\",\"description\":\"Pracownicy - Pa\u0144stwowa Akademia Nauk Stosowanych\",\"publisher\":{\"@id\":\"https:\\\/\\\/pans.krosno.pl\\\/pracownicy\\\/#organization\"},\"potentialAction\":[{\"@type\":\"SearchAction\",\"target\":{\"@type\":\"EntryPoint\",\"urlTemplate\":\"https:\\\/\\\/pans.krosno.pl\\\/pracownicy\\\/?s={search_term_string}\"},\"query-input\":{\"@type\":\"PropertyValueSpecification\",\"valueRequired\":true,\"valueName\":\"search_term_string\"}}],\"inLanguage\":\"pl-PL\"},{\"@type\":\"Organization\",\"@id\":\"https:\\\/\\\/pans.krosno.pl\\\/pracownicy\\\/#organization\",\"name\":\"Pracownicy PANS w Kro\u015bnie\",\"url\":\"https:\\\/\\\/pans.krosno.pl\\\/pracownicy\\\/\",\"logo\":{\"@type\":\"ImageObject\",\"inLanguage\":\"pl-PL\",\"@id\":\"https:\\\/\\\/pans.krosno.pl\\\/pracownicy\\\/#\\\/schema\\\/logo\\\/image\\\/\",\"url\":\"https:\\\/\\\/pans.krosno.pl\\\/pracownicy\\\/wp-content\\\/uploads\\\/sites\\\/41\\\/2023\\\/01\\\/Logo-PANS-2022-pelne.png\",\"contentUrl\":\"https:\\\/\\\/pans.krosno.pl\\\/pracownicy\\\/wp-content\\\/uploads\\\/sites\\\/41\\\/2023\\\/01\\\/Logo-PANS-2022-pelne.png\",\"width\":3096,\"height\":696,\"caption\":\"Pracownicy PANS w Kro\u015bnie\"},\"image\":{\"@id\":\"https:\\\/\\\/pans.krosno.pl\\\/pracownicy\\\/#\\\/schema\\\/logo\\\/image\\\/\"}}]}<\/script>\n<!-- \/ Yoast SEO Premium plugin. -->","yoast_head_json":{"title":"dr Karol Trojanowicz - Najwa\u017cniejsze publikacje - Pracownicy PANS w Kro\u015bnie","robots":{"index":"index","follow":"follow","max-snippet":"max-snippet:-1","max-image-preview":"max-image-preview:large","max-video-preview":"max-video-preview:-1"},"canonical":"https:\/\/pans.krosno.pl\/pracownicy\/karol-trojanowicz\/karol-trojanowicz-najwazniejsze-publikacje\/","og_locale":"pl_PL","og_type":"article","og_title":"dr Karol Trojanowicz - Najwa\u017cniejsze publikacje","og_description":"Jest autorem 25 publikacji o charakterze naukowo-technicznym, w tym 15 w j\u0119zyku angielskim, 9 opublikowanych w renomowanych czasopismach naukowych z listy JCR, a tak\u017ce pi\u0119ciu ekspertyz dla przemys\u0142u oraz licznych metod analitycznych stosowanych w kontroli jako\u015bci produkt\u00f3w leczniczych. Monografie Trela J., Trojanowicz K., \u017bubrowska \u2013 Sudo\u0142 M.: Nowoczesne metody usuwania [\u2026] Read More","og_url":"https:\/\/pans.krosno.pl\/pracownicy\/karol-trojanowicz\/karol-trojanowicz-najwazniejsze-publikacje\/","og_site_name":"Pracownicy PANS w Kro\u015bnie","article_modified_time":"2025-05-20T12:07:40+00:00","twitter_card":"summary_large_image","twitter_misc":{"Szacowany czas czytania":"3 minuty"},"schema":{"@context":"https:\/\/schema.org","@graph":[{"@type":"WebPage","@id":"https:\/\/pans.krosno.pl\/pracownicy\/karol-trojanowicz\/karol-trojanowicz-najwazniejsze-publikacje\/","url":"https:\/\/pans.krosno.pl\/pracownicy\/karol-trojanowicz\/karol-trojanowicz-najwazniejsze-publikacje\/","name":"dr Karol Trojanowicz - Najwa\u017cniejsze publikacje - Pracownicy PANS w Kro\u015bnie","isPartOf":{"@id":"https:\/\/pans.krosno.pl\/pracownicy\/#website"},"datePublished":"2020-04-02T12:36:18+00:00","dateModified":"2025-05-20T12:07:40+00:00","breadcrumb":{"@id":"https:\/\/pans.krosno.pl\/pracownicy\/karol-trojanowicz\/karol-trojanowicz-najwazniejsze-publikacje\/#breadcrumb"},"inLanguage":"pl-PL","potentialAction":[{"@type":"ReadAction","target":["https:\/\/pans.krosno.pl\/pracownicy\/karol-trojanowicz\/karol-trojanowicz-najwazniejsze-publikacje\/"]}]},{"@type":"BreadcrumbList","@id":"https:\/\/pans.krosno.pl\/pracownicy\/karol-trojanowicz\/karol-trojanowicz-najwazniejsze-publikacje\/#breadcrumb","itemListElement":[{"@type":"ListItem","position":1,"name":"Strona g\u0142\u00f3wna","item":"https:\/\/pans.krosno.pl\/pracownicy\/"},{"@type":"ListItem","position":2,"name":"dr Karol Trojanowicz","item":"https:\/\/pans.krosno.pl\/pracownicy\/karol-trojanowicz\/"},{"@type":"ListItem","position":3,"name":"dr Karol Trojanowicz &#8211; Najwa\u017cniejsze publikacje"}]},{"@type":"WebSite","@id":"https:\/\/pans.krosno.pl\/pracownicy\/#website","url":"https:\/\/pans.krosno.pl\/pracownicy\/","name":"Pracownicy PANS w Kro\u015bnie","description":"Pracownicy - Pa\u0144stwowa Akademia Nauk Stosowanych","publisher":{"@id":"https:\/\/pans.krosno.pl\/pracownicy\/#organization"},"potentialAction":[{"@type":"SearchAction","target":{"@type":"EntryPoint","urlTemplate":"https:\/\/pans.krosno.pl\/pracownicy\/?s={search_term_string}"},"query-input":{"@type":"PropertyValueSpecification","valueRequired":true,"valueName":"search_term_string"}}],"inLanguage":"pl-PL"},{"@type":"Organization","@id":"https:\/\/pans.krosno.pl\/pracownicy\/#organization","name":"Pracownicy PANS w Kro\u015bnie","url":"https:\/\/pans.krosno.pl\/pracownicy\/","logo":{"@type":"ImageObject","inLanguage":"pl-PL","@id":"https:\/\/pans.krosno.pl\/pracownicy\/#\/schema\/logo\/image\/","url":"https:\/\/pans.krosno.pl\/pracownicy\/wp-content\/uploads\/sites\/41\/2023\/01\/Logo-PANS-2022-pelne.png","contentUrl":"https:\/\/pans.krosno.pl\/pracownicy\/wp-content\/uploads\/sites\/41\/2023\/01\/Logo-PANS-2022-pelne.png","width":3096,"height":696,"caption":"Pracownicy PANS w Kro\u015bnie"},"image":{"@id":"https:\/\/pans.krosno.pl\/pracownicy\/#\/schema\/logo\/image\/"}}]}},"_links":{"self":[{"href":"https:\/\/pans.krosno.pl\/pracownicy\/wp-json\/wp\/v2\/pages\/1249","targetHints":{"allow":["GET"]}}],"collection":[{"href":"https:\/\/pans.krosno.pl\/pracownicy\/wp-json\/wp\/v2\/pages"}],"about":[{"href":"https:\/\/pans.krosno.pl\/pracownicy\/wp-json\/wp\/v2\/types\/page"}],"author":[{"embeddable":true,"href":"https:\/\/pans.krosno.pl\/pracownicy\/wp-json\/wp\/v2\/users\/36"}],"replies":[{"embeddable":true,"href":"https:\/\/pans.krosno.pl\/pracownicy\/wp-json\/wp\/v2\/comments?post=1249"}],"version-history":[{"count":5,"href":"https:\/\/pans.krosno.pl\/pracownicy\/wp-json\/wp\/v2\/pages\/1249\/revisions"}],"predecessor-version":[{"id":11099,"href":"https:\/\/pans.krosno.pl\/pracownicy\/wp-json\/wp\/v2\/pages\/1249\/revisions\/11099"}],"up":[{"embeddable":true,"href":"https:\/\/pans.krosno.pl\/pracownicy\/wp-json\/wp\/v2\/pages\/1241"}],"wp:attachment":[{"href":"https:\/\/pans.krosno.pl\/pracownicy\/wp-json\/wp\/v2\/media?parent=1249"}],"curies":[{"name":"wp","href":"https:\/\/api.w.org\/{rel}","templated":true}]}}