{"id":1246,"date":"2020-04-02T14:33:04","date_gmt":"2020-04-02T12:33:04","guid":{"rendered":"https:\/\/pans.krosno.pl\/pracownicy\/?page_id=1246"},"modified":"2025-05-20T14:07:36","modified_gmt":"2025-05-20T12:07:36","slug":"karol-trojanowicz-doswiadczenie-pozauczelniane","status":"publish","type":"page","link":"https:\/\/pans.krosno.pl\/pracownicy\/karol-trojanowicz\/karol-trojanowicz-doswiadczenie-pozauczelniane\/","title":{"rendered":"dr Karol Trojanowicz &#8211; Do\u015bwiadczenie pozauczelniane"},"content":{"rendered":"<hr>\n<ul>\n<li>Roczne i dwumiesi\u0119czne badawcze projekty post-doktorskie w Kr\u00f3lewskim Instytucie Technologii w Sztokholmie \u201eKTH \u2013 Royal Institute of Technology Stockholm, Sweden\u201d.<\/li>\n<\/ul>\n<hr>\n<p><strong>Granty<\/strong><\/p>\n<ol>\n<li>Tytu\u0142 projektu: \u201eApplication of anammox for improved nitrogen removal at wastewater treatment plant\u201d, 1 wrze\u015bnia 2013 \u2013 31 sierpnia 2014 r. Environmental Science and Engineering of Royal Institute of Technology (KTH), Stockholm,<\/li>\n<li>Tytu\u0142 projektu: \u201cThe Potential of Innovative Technologies to Improve Sustainability of Sewage Treatment Plants \u2013 Pioneer STP\u201d, 25 lipca 2018 \u2013 28 wrze\u015bnia 2018, Environmental Science and Engineering of Royal Institute of Technology (KTH), Stockholm.<\/li>\n<li>W 2016 r. cz\u0142onek grupy eksperckiej (expert pool) projektu International Water Association (IWA): Water &amp; Wastewater Companies for Climate Mitigation (WaCCliM), 2013 Scholarship holder from Swedish Institute Stockholm Nr ref. 00145\/2013, member of SI Network for Future Global Leaders.<\/li>\n<\/ol>\n<hr>\n<p>&nbsp;<\/p>\n","protected":false},"excerpt":{"rendered":"<p>Roczne i dwumiesi\u0119czne badawcze projekty post-doktorskie w Kr\u00f3lewskim Instytucie Technologii w Sztokholmie \u201eKTH \u2013 Royal Institute of Technology Stockholm, Sweden\u201d. Granty Tytu\u0142 projektu: \u201eApplication of anammox for improved nitrogen removal at wastewater treatment plant\u201d, 1 wrze\u015bnia 2013 \u2013 31 sierpnia 2014 r. Environmental Science and Engineering of Royal Institute of [\u2026] <\/p>\n<div class=\"clear\"><\/div>\n<p><a class=\"more_link clearfix\" href=\"https:\/\/pans.krosno.pl\/pracownicy\/karol-trojanowicz\/karol-trojanowicz-doswiadczenie-pozauczelniane\/\" rel=\"nofollow\">Read More<\/a><\/p>\n","protected":false},"author":36,"featured_media":0,"parent":1241,"menu_order":0,"comment_status":"closed","ping_status":"closed","template":"","meta":{"ngg_post_thumbnail":0,"footnotes":""},"class_list":["post-1246","page","type-page","status-publish","hentry"],"yoast_head":"<!-- This site is optimized with the Yoast SEO Premium plugin v27.3 (Yoast SEO v27.3) - https:\/\/yoast.com\/product\/yoast-seo-premium-wordpress\/ -->\n<title>dr Karol Trojanowicz - Do\u015bwiadczenie pozauczelniane - Pracownicy PANS w Kro\u015bnie<\/title>\n<meta name=\"robots\" content=\"index, follow, max-snippet:-1, max-image-preview:large, max-video-preview:-1\" \/>\n<link rel=\"canonical\" href=\"https:\/\/pans.krosno.pl\/pracownicy\/karol-trojanowicz\/karol-trojanowicz-doswiadczenie-pozauczelniane\/\" \/>\n<meta property=\"og:locale\" content=\"pl_PL\" \/>\n<meta property=\"og:type\" content=\"article\" \/>\n<meta property=\"og:title\" content=\"dr Karol Trojanowicz - Do\u015bwiadczenie pozauczelniane\" \/>\n<meta property=\"og:description\" content=\"Roczne i dwumiesi\u0119czne badawcze projekty post-doktorskie w Kr\u00f3lewskim Instytucie Technologii w Sztokholmie \u201eKTH \u2013 Royal Institute of Technology Stockholm, Sweden\u201d. Granty Tytu\u0142 projektu: \u201eApplication of anammox for improved nitrogen removal at wastewater treatment plant\u201d, 1 wrze\u015bnia 2013 \u2013 31 sierpnia 2014 r. Environmental Science and Engineering of Royal Institute of [\u2026] Read More\" \/>\n<meta property=\"og:url\" content=\"https:\/\/pans.krosno.pl\/pracownicy\/karol-trojanowicz\/karol-trojanowicz-doswiadczenie-pozauczelniane\/\" \/>\n<meta property=\"og:site_name\" content=\"Pracownicy PANS w Kro\u015bnie\" \/>\n<meta property=\"article:modified_time\" content=\"2025-05-20T12:07:36+00:00\" \/>\n<meta name=\"twitter:card\" content=\"summary_large_image\" \/>\n<meta name=\"twitter:label1\" content=\"Szacowany czas czytania\" \/>\n\t<meta name=\"twitter:data1\" content=\"1 minuta\" \/>\n<script type=\"application\/ld+json\" class=\"yoast-schema-graph\">{\"@context\":\"https:\\\/\\\/schema.org\",\"@graph\":[{\"@type\":\"WebPage\",\"@id\":\"https:\\\/\\\/pans.krosno.pl\\\/pracownicy\\\/karol-trojanowicz\\\/karol-trojanowicz-doswiadczenie-pozauczelniane\\\/\",\"url\":\"https:\\\/\\\/pans.krosno.pl\\\/pracownicy\\\/karol-trojanowicz\\\/karol-trojanowicz-doswiadczenie-pozauczelniane\\\/\",\"name\":\"dr Karol Trojanowicz - Do\u015bwiadczenie pozauczelniane - Pracownicy PANS w Kro\u015bnie\",\"isPartOf\":{\"@id\":\"https:\\\/\\\/pans.krosno.pl\\\/pracownicy\\\/#website\"},\"datePublished\":\"2020-04-02T12:33:04+00:00\",\"dateModified\":\"2025-05-20T12:07:36+00:00\",\"breadcrumb\":{\"@id\":\"https:\\\/\\\/pans.krosno.pl\\\/pracownicy\\\/karol-trojanowicz\\\/karol-trojanowicz-doswiadczenie-pozauczelniane\\\/#breadcrumb\"},\"inLanguage\":\"pl-PL\",\"potentialAction\":[{\"@type\":\"ReadAction\",\"target\":[\"https:\\\/\\\/pans.krosno.pl\\\/pracownicy\\\/karol-trojanowicz\\\/karol-trojanowicz-doswiadczenie-pozauczelniane\\\/\"]}]},{\"@type\":\"BreadcrumbList\",\"@id\":\"https:\\\/\\\/pans.krosno.pl\\\/pracownicy\\\/karol-trojanowicz\\\/karol-trojanowicz-doswiadczenie-pozauczelniane\\\/#breadcrumb\",\"itemListElement\":[{\"@type\":\"ListItem\",\"position\":1,\"name\":\"Strona g\u0142\u00f3wna\",\"item\":\"https:\\\/\\\/pans.krosno.pl\\\/pracownicy\\\/\"},{\"@type\":\"ListItem\",\"position\":2,\"name\":\"dr Karol Trojanowicz\",\"item\":\"https:\\\/\\\/pans.krosno.pl\\\/pracownicy\\\/karol-trojanowicz\\\/\"},{\"@type\":\"ListItem\",\"position\":3,\"name\":\"dr Karol Trojanowicz &#8211; Do\u015bwiadczenie pozauczelniane\"}]},{\"@type\":\"WebSite\",\"@id\":\"https:\\\/\\\/pans.krosno.pl\\\/pracownicy\\\/#website\",\"url\":\"https:\\\/\\\/pans.krosno.pl\\\/pracownicy\\\/\",\"name\":\"Pracownicy PANS w Kro\u015bnie\",\"description\":\"Pracownicy - Pa\u0144stwowa Akademia Nauk Stosowanych\",\"publisher\":{\"@id\":\"https:\\\/\\\/pans.krosno.pl\\\/pracownicy\\\/#organization\"},\"potentialAction\":[{\"@type\":\"SearchAction\",\"target\":{\"@type\":\"EntryPoint\",\"urlTemplate\":\"https:\\\/\\\/pans.krosno.pl\\\/pracownicy\\\/?s={search_term_string}\"},\"query-input\":{\"@type\":\"PropertyValueSpecification\",\"valueRequired\":true,\"valueName\":\"search_term_string\"}}],\"inLanguage\":\"pl-PL\"},{\"@type\":\"Organization\",\"@id\":\"https:\\\/\\\/pans.krosno.pl\\\/pracownicy\\\/#organization\",\"name\":\"Pracownicy PANS w Kro\u015bnie\",\"url\":\"https:\\\/\\\/pans.krosno.pl\\\/pracownicy\\\/\",\"logo\":{\"@type\":\"ImageObject\",\"inLanguage\":\"pl-PL\",\"@id\":\"https:\\\/\\\/pans.krosno.pl\\\/pracownicy\\\/#\\\/schema\\\/logo\\\/image\\\/\",\"url\":\"https:\\\/\\\/pans.krosno.pl\\\/pracownicy\\\/wp-content\\\/uploads\\\/sites\\\/41\\\/2023\\\/01\\\/Logo-PANS-2022-pelne.png\",\"contentUrl\":\"https:\\\/\\\/pans.krosno.pl\\\/pracownicy\\\/wp-content\\\/uploads\\\/sites\\\/41\\\/2023\\\/01\\\/Logo-PANS-2022-pelne.png\",\"width\":3096,\"height\":696,\"caption\":\"Pracownicy PANS w Kro\u015bnie\"},\"image\":{\"@id\":\"https:\\\/\\\/pans.krosno.pl\\\/pracownicy\\\/#\\\/schema\\\/logo\\\/image\\\/\"}}]}<\/script>\n<!-- \/ Yoast SEO Premium plugin. -->","yoast_head_json":{"title":"dr Karol Trojanowicz - Do\u015bwiadczenie pozauczelniane - Pracownicy PANS w Kro\u015bnie","robots":{"index":"index","follow":"follow","max-snippet":"max-snippet:-1","max-image-preview":"max-image-preview:large","max-video-preview":"max-video-preview:-1"},"canonical":"https:\/\/pans.krosno.pl\/pracownicy\/karol-trojanowicz\/karol-trojanowicz-doswiadczenie-pozauczelniane\/","og_locale":"pl_PL","og_type":"article","og_title":"dr Karol Trojanowicz - Do\u015bwiadczenie pozauczelniane","og_description":"Roczne i dwumiesi\u0119czne badawcze projekty post-doktorskie w Kr\u00f3lewskim Instytucie Technologii w Sztokholmie \u201eKTH \u2013 Royal Institute of Technology Stockholm, Sweden\u201d. Granty Tytu\u0142 projektu: \u201eApplication of anammox for improved nitrogen removal at wastewater treatment plant\u201d, 1 wrze\u015bnia 2013 \u2013 31 sierpnia 2014 r. Environmental Science and Engineering of Royal Institute of [\u2026] Read More","og_url":"https:\/\/pans.krosno.pl\/pracownicy\/karol-trojanowicz\/karol-trojanowicz-doswiadczenie-pozauczelniane\/","og_site_name":"Pracownicy PANS w Kro\u015bnie","article_modified_time":"2025-05-20T12:07:36+00:00","twitter_card":"summary_large_image","twitter_misc":{"Szacowany czas czytania":"1 minuta"},"schema":{"@context":"https:\/\/schema.org","@graph":[{"@type":"WebPage","@id":"https:\/\/pans.krosno.pl\/pracownicy\/karol-trojanowicz\/karol-trojanowicz-doswiadczenie-pozauczelniane\/","url":"https:\/\/pans.krosno.pl\/pracownicy\/karol-trojanowicz\/karol-trojanowicz-doswiadczenie-pozauczelniane\/","name":"dr Karol Trojanowicz - Do\u015bwiadczenie pozauczelniane - Pracownicy PANS w Kro\u015bnie","isPartOf":{"@id":"https:\/\/pans.krosno.pl\/pracownicy\/#website"},"datePublished":"2020-04-02T12:33:04+00:00","dateModified":"2025-05-20T12:07:36+00:00","breadcrumb":{"@id":"https:\/\/pans.krosno.pl\/pracownicy\/karol-trojanowicz\/karol-trojanowicz-doswiadczenie-pozauczelniane\/#breadcrumb"},"inLanguage":"pl-PL","potentialAction":[{"@type":"ReadAction","target":["https:\/\/pans.krosno.pl\/pracownicy\/karol-trojanowicz\/karol-trojanowicz-doswiadczenie-pozauczelniane\/"]}]},{"@type":"BreadcrumbList","@id":"https:\/\/pans.krosno.pl\/pracownicy\/karol-trojanowicz\/karol-trojanowicz-doswiadczenie-pozauczelniane\/#breadcrumb","itemListElement":[{"@type":"ListItem","position":1,"name":"Strona g\u0142\u00f3wna","item":"https:\/\/pans.krosno.pl\/pracownicy\/"},{"@type":"ListItem","position":2,"name":"dr Karol Trojanowicz","item":"https:\/\/pans.krosno.pl\/pracownicy\/karol-trojanowicz\/"},{"@type":"ListItem","position":3,"name":"dr Karol Trojanowicz &#8211; Do\u015bwiadczenie pozauczelniane"}]},{"@type":"WebSite","@id":"https:\/\/pans.krosno.pl\/pracownicy\/#website","url":"https:\/\/pans.krosno.pl\/pracownicy\/","name":"Pracownicy PANS w Kro\u015bnie","description":"Pracownicy - Pa\u0144stwowa Akademia Nauk Stosowanych","publisher":{"@id":"https:\/\/pans.krosno.pl\/pracownicy\/#organization"},"potentialAction":[{"@type":"SearchAction","target":{"@type":"EntryPoint","urlTemplate":"https:\/\/pans.krosno.pl\/pracownicy\/?s={search_term_string}"},"query-input":{"@type":"PropertyValueSpecification","valueRequired":true,"valueName":"search_term_string"}}],"inLanguage":"pl-PL"},{"@type":"Organization","@id":"https:\/\/pans.krosno.pl\/pracownicy\/#organization","name":"Pracownicy PANS w Kro\u015bnie","url":"https:\/\/pans.krosno.pl\/pracownicy\/","logo":{"@type":"ImageObject","inLanguage":"pl-PL","@id":"https:\/\/pans.krosno.pl\/pracownicy\/#\/schema\/logo\/image\/","url":"https:\/\/pans.krosno.pl\/pracownicy\/wp-content\/uploads\/sites\/41\/2023\/01\/Logo-PANS-2022-pelne.png","contentUrl":"https:\/\/pans.krosno.pl\/pracownicy\/wp-content\/uploads\/sites\/41\/2023\/01\/Logo-PANS-2022-pelne.png","width":3096,"height":696,"caption":"Pracownicy PANS w Kro\u015bnie"},"image":{"@id":"https:\/\/pans.krosno.pl\/pracownicy\/#\/schema\/logo\/image\/"}}]}},"_links":{"self":[{"href":"https:\/\/pans.krosno.pl\/pracownicy\/wp-json\/wp\/v2\/pages\/1246","targetHints":{"allow":["GET"]}}],"collection":[{"href":"https:\/\/pans.krosno.pl\/pracownicy\/wp-json\/wp\/v2\/pages"}],"about":[{"href":"https:\/\/pans.krosno.pl\/pracownicy\/wp-json\/wp\/v2\/types\/page"}],"author":[{"embeddable":true,"href":"https:\/\/pans.krosno.pl\/pracownicy\/wp-json\/wp\/v2\/users\/36"}],"replies":[{"embeddable":true,"href":"https:\/\/pans.krosno.pl\/pracownicy\/wp-json\/wp\/v2\/comments?post=1246"}],"version-history":[{"count":5,"href":"https:\/\/pans.krosno.pl\/pracownicy\/wp-json\/wp\/v2\/pages\/1246\/revisions"}],"predecessor-version":[{"id":11098,"href":"https:\/\/pans.krosno.pl\/pracownicy\/wp-json\/wp\/v2\/pages\/1246\/revisions\/11098"}],"up":[{"embeddable":true,"href":"https:\/\/pans.krosno.pl\/pracownicy\/wp-json\/wp\/v2\/pages\/1241"}],"wp:attachment":[{"href":"https:\/\/pans.krosno.pl\/pracownicy\/wp-json\/wp\/v2\/media?parent=1246"}],"curies":[{"name":"wp","href":"https:\/\/api.w.org\/{rel}","templated":true}]}}