{"id":1215,"date":"2020-04-02T13:53:05","date_gmt":"2020-04-02T11:53:05","guid":{"rendered":"https:\/\/pans.krosno.pl\/pracownicy\/?page_id=1215"},"modified":"2025-05-20T13:23:39","modified_gmt":"2025-05-20T11:23:39","slug":"bernadeta-rajchel-najwazniejsze-publikacje","status":"publish","type":"page","link":"https:\/\/pans.krosno.pl\/pracownicy\/bernadeta-rajchel\/bernadeta-rajchel-najwazniejsze-publikacje\/","title":{"rendered":"dr in\u017c. Bernadeta Rajchel &#8211; Najwa\u017cniejsze publikacje"},"content":{"rendered":"<table width=\"634\">\n<tbody>\n<tr>\n<td>\n<hr>\n<hr>\n<ol>\n<li>Rajchel B., 2011 &#8211;&nbsp; Pr\u00f3ba wykorzystania georadaru do bada\u0144 p\u0142ytkich zmian antropogenicznych w pod\u0142o\u017cu. [W:] Biuletyn Pa\u0144stwowego Instytutu Geologicznego 446, s. 225-232.<\/li>\n<li>Rajchel B., 2012 &#8211; Zastosowanie wybranych metod geofizycznych w poszukiwaniu w\u00f3d podziemnych oraz lokalizacji \u017ar\u00f3de\u0142 ich zanieczyszczenia, [W:] Wybrane aspekty ochrony w\u00f3d i gospodarki wodnej po\u0142udniowo-wschodniej Polski, wschodniej S\u0142owacji i zachodniej Ukrainy, redakcja: Rak J. Wtd. Muzeum Regionalne, Brzoz\u00f3w, s. 47-64.<\/li>\n<li>Rajchel B., 2013 &#8211; Ocena przydatno\u015bci metody georadarowej do lokalizacji infrastruktury podziemnej, [W:] Wybrane aspekty ochrony i kszta\u0142towania \u015brodowiska w Polsce, we wschodniej S\u0142owacji i zachodniej Ukrainie, redakcja Rak J., Wtd. Muzeum Regionalne, Brzoz\u00f3w, s. 251-272.<\/li>\n<li>Rajchel B., 2014 &#8211; Badania geofizyczne i geochemiczne gruntu na terenie cmentarzy powojennych na przyk\u0142adzie cmentarza w G\u00f3rkach, [W:] Walory przyrodnicze, turystyczne i kulturowe p\u00f3\u0142nocnej cz\u0119\u015bci Euroregionu Karpackiego, redakcja Rak J., s. 139-155.<\/li>\n<li>Rajchel B., 2014 &#8211; Analiza przydatno\u015bci metody georadarowej do badania strop\u00f3w [W:] Przegl\u0105d Geologiczny, vol. 62, nr 10\/2, s. 1-5.<\/li>\n<li>Rajchel B., Dyl\u0105g M., 2015 \u2013 Kolektor s\u0142oneczny w domu jednorodzinnym \u2013 analiza techniczno-ekonomiczna [W:] Kreowanie przedsi\u0119biorczo\u015bci w turystyce na trenach wiejskich oraz ochrona \u015brodowiska i dziedzictwa kulturowego, redakcja Krupa J., s. 59-82.<\/li>\n<li>Rajchel B., Chmielowski K., 2015 &#8211; Pr\u00f3ba zastosowania georadaru do lokalizacji stref zdegradowanych, [W:] Journal of Civil Engineering, Environment And Architecture, t. XXXII, z. 62 (3\/I\/15), lipiec-wrzesie\u0144 2015, s. 345-355.<\/li>\n<li>Rajchel B., Pytlowany T., 2015 &#8211; Zastosowanie metody georadarowej w rozwi\u0105zywaniu problem\u00f3w in\u017cynierskich budownictwa komunikacyjnego. TTS Technika Transportu Szynowego, Instytut Naukowo-Wydawniczy &#8222;TTS&#8221;, 12\/ 2015, s. s. 1295-1299.<\/li>\n<li>Rajchel B., Chmielowski K., Karnas M., 2016 &#8211; Analiza skuteczno\u015bci dzia\u0142ania oczyszczalni \u015bciek\u00f3w \u201eKujawy\u201d. Journal of Civil Engineering, Environmental And Architecture, t. XXXIII, z. 63 (1\/16).<\/li>\n<li>Rajchel B., 2017 &#8211; Badania monitoringowe gaz\u00f3w wysypiskowych na by\u0142ym sk\u0142adowisku odpad\u00f3w w Kro\u015bnie. [W:] Zr\u00f3wnowa\u017cona gospodarka zasobami przyrodniczymi i kulturowymi na Pog\u00f3rzu Dynowskim determinant\u0105 rozwoju turystyki, red. Krupa J., Szpara K., s. 73-90.<\/li>\n<li>Rajchel B., 2017 &#8211; Ocena zastosowania georadaru do wykrywania podziemnych instalacji budowlanych w warunkach zimowych. Przegl\u0105d Geologiczny, vol. 65, nr 10\/2, s. 790-795.<\/li>\n<li>Pasterkiewicz W., Rajchel B., 2017 &#8211; Application of GPR Survey in the investigation of a Plane Crash from the Second World War. [W:] Analecta Archaeologica Ressoviensia, red.D\u0119biec M, Pasterkiewicz W., vol. 12, Rzesz\u00f3w, s. 271 &#8211; 284.<\/li>\n<li>Rajchel B., 2018 &#8211; Cmentarze powojenne &#8211; ocali\u0107 od zapomnienia. [W:] Ochorna dziedzictwa przyrodniczego i kulturowego istot\u0105 zr\u00f3wnowa\u017conego rozwoju spo\u0142eczno-gospodarczego na terenie Pog\u00f3rza Dynowskiego. ref. Krupa J., Szpara K., Wyd. ZGTPD, Dyn\u00f3w, s. 105 &#8211; 118.<\/li>\n<li>16. Rajchel B., Klimczak R., 2019 &#8211; Wykorzystanie pompy ciep\u0142a w domu jednorodzinnym jako systemu przyjaznego \u015brodowisku przyrodniczemu. [W:] Problemy ochrony \u015brodowiska przyrodniczego i kulturowego Pog\u00f3rza Dynowskiego w aspekcie zr\u00f3wnowa\u017conego rozwoju turystyki, red. Krupa J., Szpara K., Wyd. Politechnika Rzeszowska, s. 233 &#8211; 253.<\/li>\n<\/ol>\n<hr>\n<hr>\n<\/td>\n<\/tr>\n<\/tbody>\n<\/table>\n<p>&nbsp;<\/p>\n","protected":false},"excerpt":{"rendered":"<p>Rajchel B., 2011 &#8211;&nbsp; Pr\u00f3ba wykorzystania georadaru do bada\u0144 p\u0142ytkich zmian antropogenicznych w pod\u0142o\u017cu. [W:] Biuletyn Pa\u0144stwowego Instytutu Geologicznego 446, s. 225-232. Rajchel B., 2012 &#8211; Zastosowanie wybranych metod geofizycznych w poszukiwaniu w\u00f3d podziemnych oraz lokalizacji \u017ar\u00f3de\u0142 ich zanieczyszczenia, [W:] Wybrane aspekty ochrony w\u00f3d i gospodarki wodnej po\u0142udniowo-wschodniej Polski, wschodniej [\u2026] <\/p>\n<div class=\"clear\"><\/div>\n<p><a class=\"more_link clearfix\" href=\"https:\/\/pans.krosno.pl\/pracownicy\/bernadeta-rajchel\/bernadeta-rajchel-najwazniejsze-publikacje\/\" rel=\"nofollow\">Read More<\/a><\/p>\n","protected":false},"author":36,"featured_media":0,"parent":1206,"menu_order":0,"comment_status":"closed","ping_status":"closed","template":"","meta":{"ngg_post_thumbnail":0,"footnotes":""},"class_list":["post-1215","page","type-page","status-publish","hentry"],"yoast_head":"<!-- This site is optimized with the Yoast SEO Premium plugin v27.3 (Yoast SEO v27.3) - https:\/\/yoast.com\/product\/yoast-seo-premium-wordpress\/ -->\n<title>dr in\u017c. Bernadeta Rajchel - Najwa\u017cniejsze publikacje - Pracownicy PANS w Kro\u015bnie<\/title>\n<meta name=\"robots\" content=\"index, follow, max-snippet:-1, max-image-preview:large, max-video-preview:-1\" \/>\n<link rel=\"canonical\" href=\"https:\/\/pans.krosno.pl\/pracownicy\/bernadeta-rajchel\/bernadeta-rajchel-najwazniejsze-publikacje\/\" \/>\n<meta property=\"og:locale\" content=\"pl_PL\" \/>\n<meta property=\"og:type\" content=\"article\" \/>\n<meta property=\"og:title\" content=\"dr in\u017c. Bernadeta Rajchel - Najwa\u017cniejsze publikacje\" \/>\n<meta property=\"og:description\" content=\"Rajchel B., 2011 &#8211;&nbsp; Pr\u00f3ba wykorzystania georadaru do bada\u0144 p\u0142ytkich zmian antropogenicznych w pod\u0142o\u017cu. [W:] Biuletyn Pa\u0144stwowego Instytutu Geologicznego 446, s. 225-232. Rajchel B., 2012 &#8211; Zastosowanie wybranych metod geofizycznych w poszukiwaniu w\u00f3d podziemnych oraz lokalizacji \u017ar\u00f3de\u0142 ich zanieczyszczenia, [W:] Wybrane aspekty ochrony w\u00f3d i gospodarki wodnej po\u0142udniowo-wschodniej Polski, wschodniej [\u2026] Read More\" \/>\n<meta property=\"og:url\" content=\"https:\/\/pans.krosno.pl\/pracownicy\/bernadeta-rajchel\/bernadeta-rajchel-najwazniejsze-publikacje\/\" \/>\n<meta property=\"og:site_name\" content=\"Pracownicy PANS w Kro\u015bnie\" \/>\n<meta property=\"article:modified_time\" content=\"2025-05-20T11:23:39+00:00\" \/>\n<meta name=\"twitter:card\" content=\"summary_large_image\" \/>\n<meta name=\"twitter:label1\" content=\"Szacowany czas czytania\" \/>\n\t<meta name=\"twitter:data1\" content=\"3 minuty\" \/>\n<script type=\"application\/ld+json\" class=\"yoast-schema-graph\">{\"@context\":\"https:\\\/\\\/schema.org\",\"@graph\":[{\"@type\":\"WebPage\",\"@id\":\"https:\\\/\\\/pans.krosno.pl\\\/pracownicy\\\/bernadeta-rajchel\\\/bernadeta-rajchel-najwazniejsze-publikacje\\\/\",\"url\":\"https:\\\/\\\/pans.krosno.pl\\\/pracownicy\\\/bernadeta-rajchel\\\/bernadeta-rajchel-najwazniejsze-publikacje\\\/\",\"name\":\"dr in\u017c. Bernadeta Rajchel - Najwa\u017cniejsze publikacje - Pracownicy PANS w Kro\u015bnie\",\"isPartOf\":{\"@id\":\"https:\\\/\\\/pans.krosno.pl\\\/pracownicy\\\/#website\"},\"datePublished\":\"2020-04-02T11:53:05+00:00\",\"dateModified\":\"2025-05-20T11:23:39+00:00\",\"breadcrumb\":{\"@id\":\"https:\\\/\\\/pans.krosno.pl\\\/pracownicy\\\/bernadeta-rajchel\\\/bernadeta-rajchel-najwazniejsze-publikacje\\\/#breadcrumb\"},\"inLanguage\":\"pl-PL\",\"potentialAction\":[{\"@type\":\"ReadAction\",\"target\":[\"https:\\\/\\\/pans.krosno.pl\\\/pracownicy\\\/bernadeta-rajchel\\\/bernadeta-rajchel-najwazniejsze-publikacje\\\/\"]}]},{\"@type\":\"BreadcrumbList\",\"@id\":\"https:\\\/\\\/pans.krosno.pl\\\/pracownicy\\\/bernadeta-rajchel\\\/bernadeta-rajchel-najwazniejsze-publikacje\\\/#breadcrumb\",\"itemListElement\":[{\"@type\":\"ListItem\",\"position\":1,\"name\":\"Strona g\u0142\u00f3wna\",\"item\":\"https:\\\/\\\/pans.krosno.pl\\\/pracownicy\\\/\"},{\"@type\":\"ListItem\",\"position\":2,\"name\":\"dr in\u017c. Bernadeta Rajchel\",\"item\":\"https:\\\/\\\/pans.krosno.pl\\\/pracownicy\\\/bernadeta-rajchel\\\/\"},{\"@type\":\"ListItem\",\"position\":3,\"name\":\"dr in\u017c. Bernadeta Rajchel &#8211; Najwa\u017cniejsze publikacje\"}]},{\"@type\":\"WebSite\",\"@id\":\"https:\\\/\\\/pans.krosno.pl\\\/pracownicy\\\/#website\",\"url\":\"https:\\\/\\\/pans.krosno.pl\\\/pracownicy\\\/\",\"name\":\"Pracownicy PANS w Kro\u015bnie\",\"description\":\"Pracownicy - Pa\u0144stwowa Akademia Nauk Stosowanych\",\"publisher\":{\"@id\":\"https:\\\/\\\/pans.krosno.pl\\\/pracownicy\\\/#organization\"},\"potentialAction\":[{\"@type\":\"SearchAction\",\"target\":{\"@type\":\"EntryPoint\",\"urlTemplate\":\"https:\\\/\\\/pans.krosno.pl\\\/pracownicy\\\/?s={search_term_string}\"},\"query-input\":{\"@type\":\"PropertyValueSpecification\",\"valueRequired\":true,\"valueName\":\"search_term_string\"}}],\"inLanguage\":\"pl-PL\"},{\"@type\":\"Organization\",\"@id\":\"https:\\\/\\\/pans.krosno.pl\\\/pracownicy\\\/#organization\",\"name\":\"Pracownicy PANS w Kro\u015bnie\",\"url\":\"https:\\\/\\\/pans.krosno.pl\\\/pracownicy\\\/\",\"logo\":{\"@type\":\"ImageObject\",\"inLanguage\":\"pl-PL\",\"@id\":\"https:\\\/\\\/pans.krosno.pl\\\/pracownicy\\\/#\\\/schema\\\/logo\\\/image\\\/\",\"url\":\"https:\\\/\\\/pans.krosno.pl\\\/pracownicy\\\/wp-content\\\/uploads\\\/sites\\\/41\\\/2023\\\/01\\\/Logo-PANS-2022-pelne.png\",\"contentUrl\":\"https:\\\/\\\/pans.krosno.pl\\\/pracownicy\\\/wp-content\\\/uploads\\\/sites\\\/41\\\/2023\\\/01\\\/Logo-PANS-2022-pelne.png\",\"width\":3096,\"height\":696,\"caption\":\"Pracownicy PANS w Kro\u015bnie\"},\"image\":{\"@id\":\"https:\\\/\\\/pans.krosno.pl\\\/pracownicy\\\/#\\\/schema\\\/logo\\\/image\\\/\"}}]}<\/script>\n<!-- \/ Yoast SEO Premium plugin. -->","yoast_head_json":{"title":"dr in\u017c. Bernadeta Rajchel - Najwa\u017cniejsze publikacje - Pracownicy PANS w Kro\u015bnie","robots":{"index":"index","follow":"follow","max-snippet":"max-snippet:-1","max-image-preview":"max-image-preview:large","max-video-preview":"max-video-preview:-1"},"canonical":"https:\/\/pans.krosno.pl\/pracownicy\/bernadeta-rajchel\/bernadeta-rajchel-najwazniejsze-publikacje\/","og_locale":"pl_PL","og_type":"article","og_title":"dr in\u017c. Bernadeta Rajchel - Najwa\u017cniejsze publikacje","og_description":"Rajchel B., 2011 &#8211;&nbsp; Pr\u00f3ba wykorzystania georadaru do bada\u0144 p\u0142ytkich zmian antropogenicznych w pod\u0142o\u017cu. [W:] Biuletyn Pa\u0144stwowego Instytutu Geologicznego 446, s. 225-232. Rajchel B., 2012 &#8211; Zastosowanie wybranych metod geofizycznych w poszukiwaniu w\u00f3d podziemnych oraz lokalizacji \u017ar\u00f3de\u0142 ich zanieczyszczenia, [W:] Wybrane aspekty ochrony w\u00f3d i gospodarki wodnej po\u0142udniowo-wschodniej Polski, wschodniej [\u2026] Read More","og_url":"https:\/\/pans.krosno.pl\/pracownicy\/bernadeta-rajchel\/bernadeta-rajchel-najwazniejsze-publikacje\/","og_site_name":"Pracownicy PANS w Kro\u015bnie","article_modified_time":"2025-05-20T11:23:39+00:00","twitter_card":"summary_large_image","twitter_misc":{"Szacowany czas czytania":"3 minuty"},"schema":{"@context":"https:\/\/schema.org","@graph":[{"@type":"WebPage","@id":"https:\/\/pans.krosno.pl\/pracownicy\/bernadeta-rajchel\/bernadeta-rajchel-najwazniejsze-publikacje\/","url":"https:\/\/pans.krosno.pl\/pracownicy\/bernadeta-rajchel\/bernadeta-rajchel-najwazniejsze-publikacje\/","name":"dr in\u017c. Bernadeta Rajchel - Najwa\u017cniejsze publikacje - Pracownicy PANS w Kro\u015bnie","isPartOf":{"@id":"https:\/\/pans.krosno.pl\/pracownicy\/#website"},"datePublished":"2020-04-02T11:53:05+00:00","dateModified":"2025-05-20T11:23:39+00:00","breadcrumb":{"@id":"https:\/\/pans.krosno.pl\/pracownicy\/bernadeta-rajchel\/bernadeta-rajchel-najwazniejsze-publikacje\/#breadcrumb"},"inLanguage":"pl-PL","potentialAction":[{"@type":"ReadAction","target":["https:\/\/pans.krosno.pl\/pracownicy\/bernadeta-rajchel\/bernadeta-rajchel-najwazniejsze-publikacje\/"]}]},{"@type":"BreadcrumbList","@id":"https:\/\/pans.krosno.pl\/pracownicy\/bernadeta-rajchel\/bernadeta-rajchel-najwazniejsze-publikacje\/#breadcrumb","itemListElement":[{"@type":"ListItem","position":1,"name":"Strona g\u0142\u00f3wna","item":"https:\/\/pans.krosno.pl\/pracownicy\/"},{"@type":"ListItem","position":2,"name":"dr in\u017c. Bernadeta Rajchel","item":"https:\/\/pans.krosno.pl\/pracownicy\/bernadeta-rajchel\/"},{"@type":"ListItem","position":3,"name":"dr in\u017c. Bernadeta Rajchel &#8211; Najwa\u017cniejsze publikacje"}]},{"@type":"WebSite","@id":"https:\/\/pans.krosno.pl\/pracownicy\/#website","url":"https:\/\/pans.krosno.pl\/pracownicy\/","name":"Pracownicy PANS w Kro\u015bnie","description":"Pracownicy - Pa\u0144stwowa Akademia Nauk Stosowanych","publisher":{"@id":"https:\/\/pans.krosno.pl\/pracownicy\/#organization"},"potentialAction":[{"@type":"SearchAction","target":{"@type":"EntryPoint","urlTemplate":"https:\/\/pans.krosno.pl\/pracownicy\/?s={search_term_string}"},"query-input":{"@type":"PropertyValueSpecification","valueRequired":true,"valueName":"search_term_string"}}],"inLanguage":"pl-PL"},{"@type":"Organization","@id":"https:\/\/pans.krosno.pl\/pracownicy\/#organization","name":"Pracownicy PANS w Kro\u015bnie","url":"https:\/\/pans.krosno.pl\/pracownicy\/","logo":{"@type":"ImageObject","inLanguage":"pl-PL","@id":"https:\/\/pans.krosno.pl\/pracownicy\/#\/schema\/logo\/image\/","url":"https:\/\/pans.krosno.pl\/pracownicy\/wp-content\/uploads\/sites\/41\/2023\/01\/Logo-PANS-2022-pelne.png","contentUrl":"https:\/\/pans.krosno.pl\/pracownicy\/wp-content\/uploads\/sites\/41\/2023\/01\/Logo-PANS-2022-pelne.png","width":3096,"height":696,"caption":"Pracownicy PANS w Kro\u015bnie"},"image":{"@id":"https:\/\/pans.krosno.pl\/pracownicy\/#\/schema\/logo\/image\/"}}]}},"_links":{"self":[{"href":"https:\/\/pans.krosno.pl\/pracownicy\/wp-json\/wp\/v2\/pages\/1215","targetHints":{"allow":["GET"]}}],"collection":[{"href":"https:\/\/pans.krosno.pl\/pracownicy\/wp-json\/wp\/v2\/pages"}],"about":[{"href":"https:\/\/pans.krosno.pl\/pracownicy\/wp-json\/wp\/v2\/types\/page"}],"author":[{"embeddable":true,"href":"https:\/\/pans.krosno.pl\/pracownicy\/wp-json\/wp\/v2\/users\/36"}],"replies":[{"embeddable":true,"href":"https:\/\/pans.krosno.pl\/pracownicy\/wp-json\/wp\/v2\/comments?post=1215"}],"version-history":[{"count":6,"href":"https:\/\/pans.krosno.pl\/pracownicy\/wp-json\/wp\/v2\/pages\/1215\/revisions"}],"predecessor-version":[{"id":10917,"href":"https:\/\/pans.krosno.pl\/pracownicy\/wp-json\/wp\/v2\/pages\/1215\/revisions\/10917"}],"up":[{"embeddable":true,"href":"https:\/\/pans.krosno.pl\/pracownicy\/wp-json\/wp\/v2\/pages\/1206"}],"wp:attachment":[{"href":"https:\/\/pans.krosno.pl\/pracownicy\/wp-json\/wp\/v2\/media?parent=1215"}],"curies":[{"name":"wp","href":"https:\/\/api.w.org\/{rel}","templated":true}]}}