{"id":1185,"date":"2020-04-02T13:31:34","date_gmt":"2020-04-02T11:31:34","guid":{"rendered":"https:\/\/pans.krosno.pl\/pracownicy\/?page_id=1185"},"modified":"2025-05-16T14:28:01","modified_gmt":"2025-05-16T12:28:01","slug":"andrzej-studzinski","status":"publish","type":"page","link":"https:\/\/pans.krosno.pl\/pracownicy\/andrzej-studzinski\/","title":{"rendered":"dr in\u017c. Andrzej Studzi\u0144ski"},"content":{"rendered":"\n<h3 class=\"wp-block-heading\" id=\"h-zaklad-inzynierii-produkcji-i-srodowiska\">Zak\u0142ad In\u017cynierii Produkcji i \u015arodowiska<\/h3>\n\n\n\n<hr class=\"wp-block-separator has-css-opacity\" \/>\n\n\n<p style=\"text-align: left\">Prowadzona dydaktyka dotyczy zagadnie\u0144 zaopatrzenia w wod\u0119 i odprowadzania \u015bciek\u00f3w, projektowania, wykonawstwa i eksploatacji system\u00f3w wodoci\u0105gowych i kanalizacyjnych oraz zagadnie\u0144 pokrewnych (instalacje wewn\u0119trzne, niezawodno\u015b\u0107 i bezpiecze\u0144stwo, mechanika p\u0142yn\u00f3w, maszyny przep\u0142ywowe). Tre\u015bci kszta\u0142cenia s\u0105 na bie\u017c\u0105co uzupe\u0142niane o nowe do\u015bwiadczenia wynikaj\u0105ce z przesz\u0142o dwudziestoletniej wsp\u00f3\u0142pracy zawodowej z przedsi\u0119biorstwami komunalnymi z regionu. Kszta\u0142cenie dotyczy r\u00f3wnie\u017c student\u00f3w zagranicznych w ramach programu Erasmus.<\/p>\n\n\n<hr class=\"wp-block-separator has-css-opacity\" \/>\n\n\n\n<div class=\"wp-block-columns is-layout-flex wp-container-core-columns-is-layout-28f84493 wp-block-columns-is-layout-flex\">\n<div class=\"wp-block-column is-layout-flow wp-block-column-is-layout-flow\" style=\"flex-basis:22%\">\n<figure class=\"wp-block-image size-large\"><img loading=\"lazy\" decoding=\"async\" width=\"774\" height=\"1024\" src=\"https:\/\/pans.krosno.pl\/pracownicy\/wp-content\/uploads\/sites\/41\/2020\/04\/Andrzej-Studzi\u0144ski-zdj\u0119cie-774x1024.jpg\" alt=\"\" class=\"wp-image-1204\" srcset=\"https:\/\/pans.krosno.pl\/pracownicy\/wp-content\/uploads\/sites\/41\/2020\/04\/Andrzej-Studzi\u0144ski-zdj\u0119cie-774x1024.jpg 774w, https:\/\/pans.krosno.pl\/pracownicy\/wp-content\/uploads\/sites\/41\/2020\/04\/Andrzej-Studzi\u0144ski-zdj\u0119cie-227x300.jpg 227w, https:\/\/pans.krosno.pl\/pracownicy\/wp-content\/uploads\/sites\/41\/2020\/04\/Andrzej-Studzi\u0144ski-zdj\u0119cie-768x1016.jpg 768w, https:\/\/pans.krosno.pl\/pracownicy\/wp-content\/uploads\/sites\/41\/2020\/04\/Andrzej-Studzi\u0144ski-zdj\u0119cie-1161x1536.jpg 1161w, https:\/\/pans.krosno.pl\/pracownicy\/wp-content\/uploads\/sites\/41\/2020\/04\/Andrzej-Studzi\u0144ski-zdj\u0119cie-1547x2048.jpg 1547w, https:\/\/pans.krosno.pl\/pracownicy\/wp-content\/uploads\/sites\/41\/2020\/04\/Andrzej-Studzi\u0144ski-zdj\u0119cie-2000x2647.jpg 2000w, https:\/\/pans.krosno.pl\/pracownicy\/wp-content\/uploads\/sites\/41\/2020\/04\/Andrzej-Studzi\u0144ski-zdj\u0119cie-800x1059.jpg 800w, https:\/\/pans.krosno.pl\/pracownicy\/wp-content\/uploads\/sites\/41\/2020\/04\/Andrzej-Studzi\u0144ski-zdj\u0119cie-580x768.jpg 580w, https:\/\/pans.krosno.pl\/pracownicy\/wp-content\/uploads\/sites\/41\/2020\/04\/Andrzej-Studzi\u0144ski-zdj\u0119cie-scaled.jpg 1934w\" sizes=\"auto, (max-width: 774px) 100vw, 774px\" \/><\/figure>\n\n\n\n<p><\/p>\n<\/div>\n\n\n\n<div class=\"wp-block-column is-layout-flow wp-block-column-is-layout-flow\" style=\"flex-basis:78%\">\n<ul class=\"wp-block-list\">\n<li>\u017byciorys naukowy <\/li>\n\n\n\n<li><a href=\"https:\/\/pans.krosno.pl\/pracownicy\/andrzej-studzinski\/andrzej-studzinski-doswiadczenie-pozauczelniane\/\">Do\u015bwiadczenie pozauczelniane<\/a><\/li>\n\n\n\n<li><a href=\"https:\/\/pans.krosno.pl\/pracownicy\/andrzej-studzinski\/andrzej-studzinski-najwazniejsze-publikacje\/\">Najwa\u017cniejsze publikacje<\/a><\/li>\n\n\n\n<li><a href=\"https:\/\/pans.krosno.pl\/pracownicy\/andrzej-studzinski\/andrzej-studzinski-najwazniejsze-nagrody-i-wyroznienia\/\">Najwa\u017cniejsze nagrody i wyr\u00f3\u017cnienia<\/a><\/li>\n<\/ul>\n\n\n\n<hr class=\"wp-block-separator has-css-opacity\" \/>\n\n\n\n<figure class=\"wp-block-table aligncenter is-style-stripes\"><table><tbody><tr><td class=\"has-text-align-left\" data-align=\"left\">Telefon: 13 43 755 90<\/td><\/tr><tr><td class=\"has-text-align-left\" data-align=\"left\">E-mail: <a href=\"mailto:andrzej.studzinski@pans.krosno.pl\">andrzej.studzinski@pans.krosno.pl<\/a><\/td><\/tr><tr><td class=\"has-text-align-left\" data-align=\"left\">Konsultacje: <a href=\"https:\/\/pans.krosno.pl\/is\/dyzury-pracownikow\/\" target=\"_blank\" rel=\"noreferrer noopener\">Dy\u017cur pracownika<\/a><\/td><\/tr><\/tbody><\/table><\/figure>\n<\/div>\n<\/div>\n\n\n\n<hr class=\"wp-block-separator has-css-opacity\" \/>\n\n\n\n<p><\/p>\n","protected":false},"excerpt":{"rendered":"<p>Zak\u0142ad In\u017cynierii Produkcji i \u015arodowiska Prowadzona dydaktyka dotyczy zagadnie\u0144 zaopatrzenia w wod\u0119 i odprowadzania \u015bciek\u00f3w, projektowania, wykonawstwa i eksploatacji system\u00f3w wodoci\u0105gowych i kanalizacyjnych oraz zagadnie\u0144 pokrewnych (instalacje wewn\u0119trzne, niezawodno\u015b\u0107 i bezpiecze\u0144stwo, mechanika p\u0142yn\u00f3w, maszyny przep\u0142ywowe). Tre\u015bci kszta\u0142cenia s\u0105 na bie\u017c\u0105co uzupe\u0142niane o nowe do\u015bwiadczenia wynikaj\u0105ce z przesz\u0142o dwudziestoletniej wsp\u00f3\u0142pracy zawodowej [\u2026] <\/p>\n<div class=\"clear\"><\/div>\n<p><a class=\"more_link clearfix\" href=\"https:\/\/pans.krosno.pl\/pracownicy\/andrzej-studzinski\/\" rel=\"nofollow\">Read More<\/a><\/p>\n","protected":false},"author":36,"featured_media":0,"parent":0,"menu_order":0,"comment_status":"closed","ping_status":"closed","template":"","meta":{"ngg_post_thumbnail":0,"footnotes":""},"class_list":["post-1185","page","type-page","status-publish","hentry"],"yoast_head":"<!-- This site is optimized with the Yoast SEO Premium plugin v27.4 (Yoast SEO v27.4) - https:\/\/yoast.com\/product\/yoast-seo-premium-wordpress\/ -->\n<title>dr in\u017c. Andrzej Studzi\u0144ski - Pracownicy PANS w Kro\u015bnie<\/title>\n<meta name=\"robots\" content=\"index, follow, max-snippet:-1, max-image-preview:large, max-video-preview:-1\" \/>\n<link rel=\"canonical\" href=\"https:\/\/pans.krosno.pl\/pracownicy\/andrzej-studzinski\/\" \/>\n<meta property=\"og:locale\" content=\"pl_PL\" \/>\n<meta property=\"og:type\" content=\"article\" \/>\n<meta property=\"og:title\" content=\"dr in\u017c. Andrzej Studzi\u0144ski\" \/>\n<meta property=\"og:description\" content=\"Zak\u0142ad In\u017cynierii Produkcji i \u015arodowiska Prowadzona dydaktyka dotyczy zagadnie\u0144 zaopatrzenia w wod\u0119 i odprowadzania \u015bciek\u00f3w, projektowania, wykonawstwa i eksploatacji system\u00f3w wodoci\u0105gowych i kanalizacyjnych oraz zagadnie\u0144 pokrewnych (instalacje wewn\u0119trzne, niezawodno\u015b\u0107 i bezpiecze\u0144stwo, mechanika p\u0142yn\u00f3w, maszyny przep\u0142ywowe). Tre\u015bci kszta\u0142cenia s\u0105 na bie\u017c\u0105co uzupe\u0142niane o nowe do\u015bwiadczenia wynikaj\u0105ce z przesz\u0142o dwudziestoletniej wsp\u00f3\u0142pracy zawodowej [\u2026] Read More\" \/>\n<meta property=\"og:url\" content=\"https:\/\/pans.krosno.pl\/pracownicy\/andrzej-studzinski\/\" \/>\n<meta property=\"og:site_name\" content=\"Pracownicy PANS w Kro\u015bnie\" \/>\n<meta property=\"article:modified_time\" content=\"2025-05-16T12:28:01+00:00\" \/>\n<meta name=\"twitter:card\" content=\"summary_large_image\" \/>\n<meta name=\"twitter:label1\" content=\"Szacowany czas czytania\" \/>\n\t<meta name=\"twitter:data1\" content=\"1 minuta\" \/>\n<script type=\"application\/ld+json\" class=\"yoast-schema-graph\">{\"@context\":\"https:\\\/\\\/schema.org\",\"@graph\":[{\"@type\":\"WebPage\",\"@id\":\"https:\\\/\\\/pans.krosno.pl\\\/pracownicy\\\/andrzej-studzinski\\\/\",\"url\":\"https:\\\/\\\/pans.krosno.pl\\\/pracownicy\\\/andrzej-studzinski\\\/\",\"name\":\"dr in\u017c. Andrzej Studzi\u0144ski - Pracownicy PANS w Kro\u015bnie\",\"isPartOf\":{\"@id\":\"https:\\\/\\\/pans.krosno.pl\\\/pracownicy\\\/#website\"},\"datePublished\":\"2020-04-02T11:31:34+00:00\",\"dateModified\":\"2025-05-16T12:28:01+00:00\",\"breadcrumb\":{\"@id\":\"https:\\\/\\\/pans.krosno.pl\\\/pracownicy\\\/andrzej-studzinski\\\/#breadcrumb\"},\"inLanguage\":\"pl-PL\",\"potentialAction\":[{\"@type\":\"ReadAction\",\"target\":[\"https:\\\/\\\/pans.krosno.pl\\\/pracownicy\\\/andrzej-studzinski\\\/\"]}]},{\"@type\":\"BreadcrumbList\",\"@id\":\"https:\\\/\\\/pans.krosno.pl\\\/pracownicy\\\/andrzej-studzinski\\\/#breadcrumb\",\"itemListElement\":[{\"@type\":\"ListItem\",\"position\":1,\"name\":\"Strona g\u0142\u00f3wna\",\"item\":\"https:\\\/\\\/pans.krosno.pl\\\/pracownicy\\\/\"},{\"@type\":\"ListItem\",\"position\":2,\"name\":\"dr in\u017c. Andrzej Studzi\u0144ski\"}]},{\"@type\":\"WebSite\",\"@id\":\"https:\\\/\\\/pans.krosno.pl\\\/pracownicy\\\/#website\",\"url\":\"https:\\\/\\\/pans.krosno.pl\\\/pracownicy\\\/\",\"name\":\"Pracownicy PANS w Kro\u015bnie\",\"description\":\"Pracownicy - Pa\u0144stwowa Akademia Nauk Stosowanych\",\"publisher\":{\"@id\":\"https:\\\/\\\/pans.krosno.pl\\\/pracownicy\\\/#organization\"},\"potentialAction\":[{\"@type\":\"SearchAction\",\"target\":{\"@type\":\"EntryPoint\",\"urlTemplate\":\"https:\\\/\\\/pans.krosno.pl\\\/pracownicy\\\/?s={search_term_string}\"},\"query-input\":{\"@type\":\"PropertyValueSpecification\",\"valueRequired\":true,\"valueName\":\"search_term_string\"}}],\"inLanguage\":\"pl-PL\"},{\"@type\":\"Organization\",\"@id\":\"https:\\\/\\\/pans.krosno.pl\\\/pracownicy\\\/#organization\",\"name\":\"Pracownicy PANS w Kro\u015bnie\",\"url\":\"https:\\\/\\\/pans.krosno.pl\\\/pracownicy\\\/\",\"logo\":{\"@type\":\"ImageObject\",\"inLanguage\":\"pl-PL\",\"@id\":\"https:\\\/\\\/pans.krosno.pl\\\/pracownicy\\\/#\\\/schema\\\/logo\\\/image\\\/\",\"url\":\"https:\\\/\\\/pans.krosno.pl\\\/pracownicy\\\/wp-content\\\/uploads\\\/sites\\\/41\\\/2023\\\/01\\\/Logo-PANS-2022-pelne.png\",\"contentUrl\":\"https:\\\/\\\/pans.krosno.pl\\\/pracownicy\\\/wp-content\\\/uploads\\\/sites\\\/41\\\/2023\\\/01\\\/Logo-PANS-2022-pelne.png\",\"width\":3096,\"height\":696,\"caption\":\"Pracownicy PANS w Kro\u015bnie\"},\"image\":{\"@id\":\"https:\\\/\\\/pans.krosno.pl\\\/pracownicy\\\/#\\\/schema\\\/logo\\\/image\\\/\"}}]}<\/script>\n<!-- \/ Yoast SEO Premium plugin. -->","yoast_head_json":{"title":"dr in\u017c. Andrzej Studzi\u0144ski - Pracownicy PANS w Kro\u015bnie","robots":{"index":"index","follow":"follow","max-snippet":"max-snippet:-1","max-image-preview":"max-image-preview:large","max-video-preview":"max-video-preview:-1"},"canonical":"https:\/\/pans.krosno.pl\/pracownicy\/andrzej-studzinski\/","og_locale":"pl_PL","og_type":"article","og_title":"dr in\u017c. Andrzej Studzi\u0144ski","og_description":"Zak\u0142ad In\u017cynierii Produkcji i \u015arodowiska Prowadzona dydaktyka dotyczy zagadnie\u0144 zaopatrzenia w wod\u0119 i odprowadzania \u015bciek\u00f3w, projektowania, wykonawstwa i eksploatacji system\u00f3w wodoci\u0105gowych i kanalizacyjnych oraz zagadnie\u0144 pokrewnych (instalacje wewn\u0119trzne, niezawodno\u015b\u0107 i bezpiecze\u0144stwo, mechanika p\u0142yn\u00f3w, maszyny przep\u0142ywowe). Tre\u015bci kszta\u0142cenia s\u0105 na bie\u017c\u0105co uzupe\u0142niane o nowe do\u015bwiadczenia wynikaj\u0105ce z przesz\u0142o dwudziestoletniej wsp\u00f3\u0142pracy zawodowej [\u2026] Read More","og_url":"https:\/\/pans.krosno.pl\/pracownicy\/andrzej-studzinski\/","og_site_name":"Pracownicy PANS w Kro\u015bnie","article_modified_time":"2025-05-16T12:28:01+00:00","twitter_card":"summary_large_image","twitter_misc":{"Szacowany czas czytania":"1 minuta"},"schema":{"@context":"https:\/\/schema.org","@graph":[{"@type":"WebPage","@id":"https:\/\/pans.krosno.pl\/pracownicy\/andrzej-studzinski\/","url":"https:\/\/pans.krosno.pl\/pracownicy\/andrzej-studzinski\/","name":"dr in\u017c. Andrzej Studzi\u0144ski - Pracownicy PANS w Kro\u015bnie","isPartOf":{"@id":"https:\/\/pans.krosno.pl\/pracownicy\/#website"},"datePublished":"2020-04-02T11:31:34+00:00","dateModified":"2025-05-16T12:28:01+00:00","breadcrumb":{"@id":"https:\/\/pans.krosno.pl\/pracownicy\/andrzej-studzinski\/#breadcrumb"},"inLanguage":"pl-PL","potentialAction":[{"@type":"ReadAction","target":["https:\/\/pans.krosno.pl\/pracownicy\/andrzej-studzinski\/"]}]},{"@type":"BreadcrumbList","@id":"https:\/\/pans.krosno.pl\/pracownicy\/andrzej-studzinski\/#breadcrumb","itemListElement":[{"@type":"ListItem","position":1,"name":"Strona g\u0142\u00f3wna","item":"https:\/\/pans.krosno.pl\/pracownicy\/"},{"@type":"ListItem","position":2,"name":"dr in\u017c. Andrzej Studzi\u0144ski"}]},{"@type":"WebSite","@id":"https:\/\/pans.krosno.pl\/pracownicy\/#website","url":"https:\/\/pans.krosno.pl\/pracownicy\/","name":"Pracownicy PANS w Kro\u015bnie","description":"Pracownicy - Pa\u0144stwowa Akademia Nauk Stosowanych","publisher":{"@id":"https:\/\/pans.krosno.pl\/pracownicy\/#organization"},"potentialAction":[{"@type":"SearchAction","target":{"@type":"EntryPoint","urlTemplate":"https:\/\/pans.krosno.pl\/pracownicy\/?s={search_term_string}"},"query-input":{"@type":"PropertyValueSpecification","valueRequired":true,"valueName":"search_term_string"}}],"inLanguage":"pl-PL"},{"@type":"Organization","@id":"https:\/\/pans.krosno.pl\/pracownicy\/#organization","name":"Pracownicy PANS w Kro\u015bnie","url":"https:\/\/pans.krosno.pl\/pracownicy\/","logo":{"@type":"ImageObject","inLanguage":"pl-PL","@id":"https:\/\/pans.krosno.pl\/pracownicy\/#\/schema\/logo\/image\/","url":"https:\/\/pans.krosno.pl\/pracownicy\/wp-content\/uploads\/sites\/41\/2023\/01\/Logo-PANS-2022-pelne.png","contentUrl":"https:\/\/pans.krosno.pl\/pracownicy\/wp-content\/uploads\/sites\/41\/2023\/01\/Logo-PANS-2022-pelne.png","width":3096,"height":696,"caption":"Pracownicy PANS w Kro\u015bnie"},"image":{"@id":"https:\/\/pans.krosno.pl\/pracownicy\/#\/schema\/logo\/image\/"}}]}},"_links":{"self":[{"href":"https:\/\/pans.krosno.pl\/pracownicy\/wp-json\/wp\/v2\/pages\/1185","targetHints":{"allow":["GET"]}}],"collection":[{"href":"https:\/\/pans.krosno.pl\/pracownicy\/wp-json\/wp\/v2\/pages"}],"about":[{"href":"https:\/\/pans.krosno.pl\/pracownicy\/wp-json\/wp\/v2\/types\/page"}],"author":[{"embeddable":true,"href":"https:\/\/pans.krosno.pl\/pracownicy\/wp-json\/wp\/v2\/users\/36"}],"replies":[{"embeddable":true,"href":"https:\/\/pans.krosno.pl\/pracownicy\/wp-json\/wp\/v2\/comments?post=1185"}],"version-history":[{"count":14,"href":"https:\/\/pans.krosno.pl\/pracownicy\/wp-json\/wp\/v2\/pages\/1185\/revisions"}],"predecessor-version":[{"id":10712,"href":"https:\/\/pans.krosno.pl\/pracownicy\/wp-json\/wp\/v2\/pages\/1185\/revisions\/10712"}],"wp:attachment":[{"href":"https:\/\/pans.krosno.pl\/pracownicy\/wp-json\/wp\/v2\/media?parent=1185"}],"curies":[{"name":"wp","href":"https:\/\/api.w.org\/{rel}","templated":true}]}}