{"id":11682,"date":"2026-05-04T15:43:00","date_gmt":"2026-05-04T13:43:00","guid":{"rendered":"https:\/\/pans.krosno.pl\/pracownicy\/?page_id=11682"},"modified":"2026-05-04T15:43:01","modified_gmt":"2026-05-04T13:43:01","slug":"grzegorz-kandzierski","status":"publish","type":"page","link":"https:\/\/pans.krosno.pl\/pracownicy\/grzegorz-kandzierski\/","title":{"rendered":"prof. dr hab. med. Grzegorz Kandzierski"},"content":{"rendered":"\n<h2 class=\"wp-block-heading\" id=\"h-zaklad-ratownictwa-medycznego\">Zak\u0142ad Ratownictwa Medycznego<\/h2>\n\n\n\n<hr class=\"wp-block-separator has-css-opacity\"\/>\n\n\n\n<p class=\"has-text-align-left\">Profesor Grzegorz Kandzierski, ur. 17.11.1952r w Lublinie. W szkole \u015bredniej interesowa\u0142 si\u0119 sportem i naukami \u201e\u015bcis\u0142ymi\u201d; trenowa\u0142 koszyk\u00f3wk\u0119 przez wiele lat w KS \u201eStart\u201d w Lublinie. W II LO im. J. Zamoyskiego faktycznie studiowa\u0142 matematyk\u0119, fizyk\u0119 i chemi\u0119 bior\u0105c udzia\u0142 w og\u00f3lnopolskich olimpiadach z tych przedmiot\u00f3w. Sukcesy z chemii umo\u017cliwia\u0142y mu &nbsp;w\u00f3wczas wolny wst\u0119p na niekt\u00f3re uczelnie wy\u017csze. Zainteresowania naukowe kontynuowa\u0142 podczas studi\u00f3w na Akademii Medycznej w Lublinie (1971-1977r), b y\u0142 wsp\u00f3\u0142autorem prac naukowych studenckich.<\/p>\n\n\n\n<p>Przeszed\u0142 wszystkie szczeble kariery zawodowej ( I i II&nbsp; stopie\u0144 specjalizacji z ortopedii i&nbsp; traumatologii),&nbsp; adiunkt, docent, profesor, kierownik Kliniki Ortopedii i Rehabilitacji Dzieci\u0119cej, Kierownik Katedry Ortopedii Dzieci\u0119cej w Lublinie, naukowej od dr n med. (1982r), dr hab. med. ( 2001), prof. hab. med.( 2020r).<\/p>\n\n\n\n<p>Zainteresowania naukowe koncentrowa\u0142 na rozwoju ko\u015bci i staw\u00f3w, znaczeniu chrz\u0105stek wzrostowych w etiopatogenezie choroby Perthesa, m\u0142odzie\u0144czego z\u0142uszczenia g\u0142owy ko\u015bci udowej, rozwojowej dysplazji staw\u00f3w biodrowych.<\/p>\n\n\n\n<p>Najbardziej ceni nagrody przyznawane przez student\u00f3w za nauczanie, pami\u0119taj\u0105c \u201eucz tak, jak ty chcia\u0142by\u015b by\u0107 uczony\u201d.<\/p>\n\n\n\n<p>Zako\u0144czy\u0142 prac\u0119 w Alma Mater Lublinie w 2023r.<\/p>\n\n\n\n<p class=\"has-text-align-left\">Kontynuuje kszta\u0142cenie student\u00f3w w dziedzinach medycznych.<\/p>\n\n\n\n<hr class=\"wp-block-separator has-css-opacity\"\/>\n\n\n\n<div class=\"wp-block-columns is-layout-flex wp-container-core-columns-is-layout-28f84493 wp-block-columns-is-layout-flex\">\n<div class=\"wp-block-column is-layout-flow wp-block-column-is-layout-flow\" style=\"flex-basis:22%\">\n<figure class=\"wp-block-image size-large\"><img loading=\"lazy\" decoding=\"async\" width=\"714\" height=\"1024\" src=\"https:\/\/pans.krosno.pl\/pracownicy\/wp-content\/uploads\/sites\/41\/2026\/05\/GKandz-714x1024.jpg\" alt=\"\" class=\"wp-image-11683\" srcset=\"https:\/\/pans.krosno.pl\/pracownicy\/wp-content\/uploads\/sites\/41\/2026\/05\/GKandz-714x1024.jpg 714w, https:\/\/pans.krosno.pl\/pracownicy\/wp-content\/uploads\/sites\/41\/2026\/05\/GKandz-209x300.jpg 209w, https:\/\/pans.krosno.pl\/pracownicy\/wp-content\/uploads\/sites\/41\/2026\/05\/GKandz-768x1101.jpg 768w, https:\/\/pans.krosno.pl\/pracownicy\/wp-content\/uploads\/sites\/41\/2026\/05\/GKandz-800x1147.jpg 800w, https:\/\/pans.krosno.pl\/pracownicy\/wp-content\/uploads\/sites\/41\/2026\/05\/GKandz-580x832.jpg 580w, https:\/\/pans.krosno.pl\/pracownicy\/wp-content\/uploads\/sites\/41\/2026\/05\/GKandz.jpg 980w\" sizes=\"auto, (max-width: 714px) 100vw, 714px\" \/><\/figure>\n<\/div>\n\n\n\n<div class=\"wp-block-column is-layout-flow wp-block-column-is-layout-flow\" style=\"flex-basis:78%\">\n<ul class=\"wp-block-list\">\n<li>\u017byciorys naukowy <\/li>\n\n\n\n<li>Do\u015bwiadczenie pozauczelniane<\/li>\n\n\n\n<li>Najwa\u017cniejsze publikacje<\/li>\n\n\n\n<li>Najwa\u017cniejsze nagrody i wyr\u00f3\u017cnienia<\/li>\n<\/ul>\n\n\n\n<hr class=\"wp-block-separator has-css-opacity\"\/>\n\n\n\n<figure class=\"wp-block-table aligncenter is-style-stripes\"><table><tbody><tr><td class=\"has-text-align-left\" data-align=\"left\">Telefon: 13 43 755 60<\/td><\/tr><tr><td class=\"has-text-align-left\" data-align=\"left\">E-mail: grzegorz.kandzierski@pans.krosno.pl<\/td><\/tr><tr><td class=\"has-text-align-left\" data-align=\"left\">Konsultacje: Dy\u017cur pracownika<\/td><\/tr><\/tbody><\/table><\/figure>\n<\/div>\n<\/div>\n\n\n\n<hr class=\"wp-block-separator has-css-opacity\"\/>\n\n\n\n<p><\/p>\n","protected":false},"excerpt":{"rendered":"<p>Zak\u0142ad Ratownictwa Medycznego Profesor Grzegorz Kandzierski, ur. 17.11.1952r w Lublinie. W szkole \u015bredniej interesowa\u0142 si\u0119 sportem i naukami \u201e\u015bcis\u0142ymi\u201d; trenowa\u0142 koszyk\u00f3wk\u0119 przez wiele lat w KS \u201eStart\u201d w Lublinie. W II LO im. J. Zamoyskiego faktycznie studiowa\u0142 matematyk\u0119, fizyk\u0119 i chemi\u0119 bior\u0105c udzia\u0142 w og\u00f3lnopolskich olimpiadach z tych przedmiot\u00f3w. Sukcesy [\u2026] <\/p>\n<div class=\"clear\"><\/div>\n<p><a class=\"more_link clearfix\" href=\"https:\/\/pans.krosno.pl\/pracownicy\/grzegorz-kandzierski\/\" rel=\"nofollow\">Read More<\/a><\/p>\n","protected":false},"author":27,"featured_media":0,"parent":0,"menu_order":0,"comment_status":"closed","ping_status":"closed","template":"page-templates\/template-full-width.php","meta":{"ngg_post_thumbnail":0,"footnotes":""},"class_list":["post-11682","page","type-page","status-publish","hentry"],"yoast_head":"<!-- This site is optimized with the Yoast SEO Premium plugin v27.4 (Yoast SEO v27.4) - https:\/\/yoast.com\/product\/yoast-seo-premium-wordpress\/ -->\n<title>prof. dr hab. med. Grzegorz Kandzierski - Pracownicy PANS w Kro\u015bnie<\/title>\n<meta name=\"robots\" content=\"index, follow, max-snippet:-1, max-image-preview:large, max-video-preview:-1\" \/>\n<link rel=\"canonical\" href=\"https:\/\/pans.krosno.pl\/pracownicy\/grzegorz-kandzierski\/\" \/>\n<meta property=\"og:locale\" content=\"pl_PL\" \/>\n<meta property=\"og:type\" content=\"article\" \/>\n<meta property=\"og:title\" content=\"prof. dr hab. med. Grzegorz Kandzierski\" \/>\n<meta property=\"og:description\" content=\"Zak\u0142ad Ratownictwa Medycznego Profesor Grzegorz Kandzierski, ur. 17.11.1952r w Lublinie. W szkole \u015bredniej interesowa\u0142 si\u0119 sportem i naukami \u201e\u015bcis\u0142ymi\u201d; trenowa\u0142 koszyk\u00f3wk\u0119 przez wiele lat w KS \u201eStart\u201d w Lublinie. W II LO im. J. Zamoyskiego faktycznie studiowa\u0142 matematyk\u0119, fizyk\u0119 i chemi\u0119 bior\u0105c udzia\u0142 w og\u00f3lnopolskich olimpiadach z tych przedmiot\u00f3w. Sukcesy [\u2026] Read More\" \/>\n<meta property=\"og:url\" content=\"https:\/\/pans.krosno.pl\/pracownicy\/grzegorz-kandzierski\/\" \/>\n<meta property=\"og:site_name\" content=\"Pracownicy PANS w Kro\u015bnie\" \/>\n<meta property=\"article:modified_time\" content=\"2026-05-04T13:43:01+00:00\" \/>\n<meta property=\"og:image\" content=\"https:\/\/pans.krosno.pl\/pracownicy\/wp-content\/uploads\/sites\/41\/2026\/05\/GKandz.jpg\" \/>\n\t<meta property=\"og:image:width\" content=\"980\" \/>\n\t<meta property=\"og:image:height\" content=\"1405\" \/>\n\t<meta property=\"og:image:type\" content=\"image\/jpeg\" \/>\n<meta name=\"twitter:card\" content=\"summary_large_image\" \/>\n<meta name=\"twitter:label1\" content=\"Szacowany czas czytania\" \/>\n\t<meta name=\"twitter:data1\" content=\"2 minuty\" \/>\n<script type=\"application\/ld+json\" class=\"yoast-schema-graph\">{\"@context\":\"https:\\\/\\\/schema.org\",\"@graph\":[{\"@type\":\"WebPage\",\"@id\":\"https:\\\/\\\/pans.krosno.pl\\\/pracownicy\\\/grzegorz-kandzierski\\\/\",\"url\":\"https:\\\/\\\/pans.krosno.pl\\\/pracownicy\\\/grzegorz-kandzierski\\\/\",\"name\":\"prof. dr hab. med. Grzegorz Kandzierski - Pracownicy PANS w Kro\u015bnie\",\"isPartOf\":{\"@id\":\"https:\\\/\\\/pans.krosno.pl\\\/pracownicy\\\/#website\"},\"primaryImageOfPage\":{\"@id\":\"https:\\\/\\\/pans.krosno.pl\\\/pracownicy\\\/grzegorz-kandzierski\\\/#primaryimage\"},\"image\":{\"@id\":\"https:\\\/\\\/pans.krosno.pl\\\/pracownicy\\\/grzegorz-kandzierski\\\/#primaryimage\"},\"thumbnailUrl\":\"https:\\\/\\\/pans.krosno.pl\\\/pracownicy\\\/wp-content\\\/uploads\\\/sites\\\/41\\\/2026\\\/05\\\/GKandz-714x1024.jpg\",\"datePublished\":\"2026-05-04T13:43:00+00:00\",\"dateModified\":\"2026-05-04T13:43:01+00:00\",\"breadcrumb\":{\"@id\":\"https:\\\/\\\/pans.krosno.pl\\\/pracownicy\\\/grzegorz-kandzierski\\\/#breadcrumb\"},\"inLanguage\":\"pl-PL\",\"potentialAction\":[{\"@type\":\"ReadAction\",\"target\":[\"https:\\\/\\\/pans.krosno.pl\\\/pracownicy\\\/grzegorz-kandzierski\\\/\"]}]},{\"@type\":\"ImageObject\",\"inLanguage\":\"pl-PL\",\"@id\":\"https:\\\/\\\/pans.krosno.pl\\\/pracownicy\\\/grzegorz-kandzierski\\\/#primaryimage\",\"url\":\"https:\\\/\\\/pans.krosno.pl\\\/pracownicy\\\/wp-content\\\/uploads\\\/sites\\\/41\\\/2026\\\/05\\\/GKandz.jpg\",\"contentUrl\":\"https:\\\/\\\/pans.krosno.pl\\\/pracownicy\\\/wp-content\\\/uploads\\\/sites\\\/41\\\/2026\\\/05\\\/GKandz.jpg\",\"width\":980,\"height\":1405},{\"@type\":\"BreadcrumbList\",\"@id\":\"https:\\\/\\\/pans.krosno.pl\\\/pracownicy\\\/grzegorz-kandzierski\\\/#breadcrumb\",\"itemListElement\":[{\"@type\":\"ListItem\",\"position\":1,\"name\":\"Strona g\u0142\u00f3wna\",\"item\":\"https:\\\/\\\/pans.krosno.pl\\\/pracownicy\\\/\"},{\"@type\":\"ListItem\",\"position\":2,\"name\":\"prof. dr hab. med. Grzegorz Kandzierski\"}]},{\"@type\":\"WebSite\",\"@id\":\"https:\\\/\\\/pans.krosno.pl\\\/pracownicy\\\/#website\",\"url\":\"https:\\\/\\\/pans.krosno.pl\\\/pracownicy\\\/\",\"name\":\"Pracownicy PANS w Kro\u015bnie\",\"description\":\"Pracownicy - Pa\u0144stwowa Akademia Nauk Stosowanych\",\"publisher\":{\"@id\":\"https:\\\/\\\/pans.krosno.pl\\\/pracownicy\\\/#organization\"},\"potentialAction\":[{\"@type\":\"SearchAction\",\"target\":{\"@type\":\"EntryPoint\",\"urlTemplate\":\"https:\\\/\\\/pans.krosno.pl\\\/pracownicy\\\/?s={search_term_string}\"},\"query-input\":{\"@type\":\"PropertyValueSpecification\",\"valueRequired\":true,\"valueName\":\"search_term_string\"}}],\"inLanguage\":\"pl-PL\"},{\"@type\":\"Organization\",\"@id\":\"https:\\\/\\\/pans.krosno.pl\\\/pracownicy\\\/#organization\",\"name\":\"Pracownicy PANS w Kro\u015bnie\",\"url\":\"https:\\\/\\\/pans.krosno.pl\\\/pracownicy\\\/\",\"logo\":{\"@type\":\"ImageObject\",\"inLanguage\":\"pl-PL\",\"@id\":\"https:\\\/\\\/pans.krosno.pl\\\/pracownicy\\\/#\\\/schema\\\/logo\\\/image\\\/\",\"url\":\"https:\\\/\\\/pans.krosno.pl\\\/pracownicy\\\/wp-content\\\/uploads\\\/sites\\\/41\\\/2023\\\/01\\\/Logo-PANS-2022-pelne.png\",\"contentUrl\":\"https:\\\/\\\/pans.krosno.pl\\\/pracownicy\\\/wp-content\\\/uploads\\\/sites\\\/41\\\/2023\\\/01\\\/Logo-PANS-2022-pelne.png\",\"width\":3096,\"height\":696,\"caption\":\"Pracownicy PANS w Kro\u015bnie\"},\"image\":{\"@id\":\"https:\\\/\\\/pans.krosno.pl\\\/pracownicy\\\/#\\\/schema\\\/logo\\\/image\\\/\"}}]}<\/script>\n<!-- \/ Yoast SEO Premium plugin. -->","yoast_head_json":{"title":"prof. dr hab. med. Grzegorz Kandzierski - Pracownicy PANS w Kro\u015bnie","robots":{"index":"index","follow":"follow","max-snippet":"max-snippet:-1","max-image-preview":"max-image-preview:large","max-video-preview":"max-video-preview:-1"},"canonical":"https:\/\/pans.krosno.pl\/pracownicy\/grzegorz-kandzierski\/","og_locale":"pl_PL","og_type":"article","og_title":"prof. dr hab. med. Grzegorz Kandzierski","og_description":"Zak\u0142ad Ratownictwa Medycznego Profesor Grzegorz Kandzierski, ur. 17.11.1952r w Lublinie. W szkole \u015bredniej interesowa\u0142 si\u0119 sportem i naukami \u201e\u015bcis\u0142ymi\u201d; trenowa\u0142 koszyk\u00f3wk\u0119 przez wiele lat w KS \u201eStart\u201d w Lublinie. W II LO im. J. Zamoyskiego faktycznie studiowa\u0142 matematyk\u0119, fizyk\u0119 i chemi\u0119 bior\u0105c udzia\u0142 w og\u00f3lnopolskich olimpiadach z tych przedmiot\u00f3w. Sukcesy [\u2026] Read More","og_url":"https:\/\/pans.krosno.pl\/pracownicy\/grzegorz-kandzierski\/","og_site_name":"Pracownicy PANS w Kro\u015bnie","article_modified_time":"2026-05-04T13:43:01+00:00","og_image":[{"width":980,"height":1405,"url":"https:\/\/pans.krosno.pl\/pracownicy\/wp-content\/uploads\/sites\/41\/2026\/05\/GKandz.jpg","type":"image\/jpeg"}],"twitter_card":"summary_large_image","twitter_misc":{"Szacowany czas czytania":"2 minuty"},"schema":{"@context":"https:\/\/schema.org","@graph":[{"@type":"WebPage","@id":"https:\/\/pans.krosno.pl\/pracownicy\/grzegorz-kandzierski\/","url":"https:\/\/pans.krosno.pl\/pracownicy\/grzegorz-kandzierski\/","name":"prof. dr hab. med. Grzegorz Kandzierski - Pracownicy PANS w Kro\u015bnie","isPartOf":{"@id":"https:\/\/pans.krosno.pl\/pracownicy\/#website"},"primaryImageOfPage":{"@id":"https:\/\/pans.krosno.pl\/pracownicy\/grzegorz-kandzierski\/#primaryimage"},"image":{"@id":"https:\/\/pans.krosno.pl\/pracownicy\/grzegorz-kandzierski\/#primaryimage"},"thumbnailUrl":"https:\/\/pans.krosno.pl\/pracownicy\/wp-content\/uploads\/sites\/41\/2026\/05\/GKandz-714x1024.jpg","datePublished":"2026-05-04T13:43:00+00:00","dateModified":"2026-05-04T13:43:01+00:00","breadcrumb":{"@id":"https:\/\/pans.krosno.pl\/pracownicy\/grzegorz-kandzierski\/#breadcrumb"},"inLanguage":"pl-PL","potentialAction":[{"@type":"ReadAction","target":["https:\/\/pans.krosno.pl\/pracownicy\/grzegorz-kandzierski\/"]}]},{"@type":"ImageObject","inLanguage":"pl-PL","@id":"https:\/\/pans.krosno.pl\/pracownicy\/grzegorz-kandzierski\/#primaryimage","url":"https:\/\/pans.krosno.pl\/pracownicy\/wp-content\/uploads\/sites\/41\/2026\/05\/GKandz.jpg","contentUrl":"https:\/\/pans.krosno.pl\/pracownicy\/wp-content\/uploads\/sites\/41\/2026\/05\/GKandz.jpg","width":980,"height":1405},{"@type":"BreadcrumbList","@id":"https:\/\/pans.krosno.pl\/pracownicy\/grzegorz-kandzierski\/#breadcrumb","itemListElement":[{"@type":"ListItem","position":1,"name":"Strona g\u0142\u00f3wna","item":"https:\/\/pans.krosno.pl\/pracownicy\/"},{"@type":"ListItem","position":2,"name":"prof. dr hab. med. Grzegorz Kandzierski"}]},{"@type":"WebSite","@id":"https:\/\/pans.krosno.pl\/pracownicy\/#website","url":"https:\/\/pans.krosno.pl\/pracownicy\/","name":"Pracownicy PANS w Kro\u015bnie","description":"Pracownicy - Pa\u0144stwowa Akademia Nauk Stosowanych","publisher":{"@id":"https:\/\/pans.krosno.pl\/pracownicy\/#organization"},"potentialAction":[{"@type":"SearchAction","target":{"@type":"EntryPoint","urlTemplate":"https:\/\/pans.krosno.pl\/pracownicy\/?s={search_term_string}"},"query-input":{"@type":"PropertyValueSpecification","valueRequired":true,"valueName":"search_term_string"}}],"inLanguage":"pl-PL"},{"@type":"Organization","@id":"https:\/\/pans.krosno.pl\/pracownicy\/#organization","name":"Pracownicy PANS w Kro\u015bnie","url":"https:\/\/pans.krosno.pl\/pracownicy\/","logo":{"@type":"ImageObject","inLanguage":"pl-PL","@id":"https:\/\/pans.krosno.pl\/pracownicy\/#\/schema\/logo\/image\/","url":"https:\/\/pans.krosno.pl\/pracownicy\/wp-content\/uploads\/sites\/41\/2023\/01\/Logo-PANS-2022-pelne.png","contentUrl":"https:\/\/pans.krosno.pl\/pracownicy\/wp-content\/uploads\/sites\/41\/2023\/01\/Logo-PANS-2022-pelne.png","width":3096,"height":696,"caption":"Pracownicy PANS w Kro\u015bnie"},"image":{"@id":"https:\/\/pans.krosno.pl\/pracownicy\/#\/schema\/logo\/image\/"}}]}},"_links":{"self":[{"href":"https:\/\/pans.krosno.pl\/pracownicy\/wp-json\/wp\/v2\/pages\/11682","targetHints":{"allow":["GET"]}}],"collection":[{"href":"https:\/\/pans.krosno.pl\/pracownicy\/wp-json\/wp\/v2\/pages"}],"about":[{"href":"https:\/\/pans.krosno.pl\/pracownicy\/wp-json\/wp\/v2\/types\/page"}],"author":[{"embeddable":true,"href":"https:\/\/pans.krosno.pl\/pracownicy\/wp-json\/wp\/v2\/users\/27"}],"replies":[{"embeddable":true,"href":"https:\/\/pans.krosno.pl\/pracownicy\/wp-json\/wp\/v2\/comments?post=11682"}],"version-history":[{"count":1,"href":"https:\/\/pans.krosno.pl\/pracownicy\/wp-json\/wp\/v2\/pages\/11682\/revisions"}],"predecessor-version":[{"id":11685,"href":"https:\/\/pans.krosno.pl\/pracownicy\/wp-json\/wp\/v2\/pages\/11682\/revisions\/11685"}],"wp:attachment":[{"href":"https:\/\/pans.krosno.pl\/pracownicy\/wp-json\/wp\/v2\/media?parent=11682"}],"curies":[{"name":"wp","href":"https:\/\/api.w.org\/{rel}","templated":true}]}}