{"id":11664,"date":"2026-05-04T15:30:53","date_gmt":"2026-05-04T13:30:53","guid":{"rendered":"https:\/\/pans.krosno.pl\/pracownicy\/?page_id=11664"},"modified":"2026-05-04T15:30:54","modified_gmt":"2026-05-04T13:30:54","slug":"jadwiga-mazur","status":"publish","type":"page","link":"https:\/\/pans.krosno.pl\/pracownicy\/jadwiga-mazur\/","title":{"rendered":"dr hab. Jadwiga Mazur, prof. PANS\u00a0"},"content":{"rendered":"\n<h2 class=\"wp-block-heading\" id=\"h-zaklad-bezpieczenstwa-wewnetrznego\"><strong>Zak\u0142ad\u00a0<\/strong>Bezpiecze\u0144stwa Wewn\u0119trznego<\/h2>\n\n\n\n<hr class=\"wp-block-separator has-css-opacity\"\/>\n\n\n\n<p class=\"has-text-align-left\">Socjolog &#8211; zainteresowania naukowe i badawcze skupione wok\u00f3\u0142 socjologii i psychologii bezpiecze\u0144stwa, profilaktyki, dezorganizacji spo\u0142ecznej&nbsp; oraz&nbsp; organizacji i zarz\u0105dzania, szczeg\u00f3lnie w odniesieniu do lokalnej spo\u0142eczno\u015bci.&nbsp;<\/p>\n\n\n\n<p class=\"has-text-align-left\">Psycholog &#8211; zainteresowania naukowe skupione wok\u00f3\u0142 funkcjonowania w organizacji i strategii radzenia sobie jednostek i spo\u0142eczno\u015bci w sytuacjach trudnych; terapeuta TSR.<\/p>\n\n\n\n<hr class=\"wp-block-separator has-css-opacity\"\/>\n\n\n\n<div class=\"wp-block-columns is-layout-flex wp-container-core-columns-is-layout-28f84493 wp-block-columns-is-layout-flex\">\n<div class=\"wp-block-column is-layout-flow wp-block-column-is-layout-flow\" style=\"flex-basis:22%\">\n<figure class=\"wp-block-image size-full\"><img loading=\"lazy\" decoding=\"async\" width=\"683\" height=\"512\" src=\"https:\/\/pans.krosno.pl\/pracownicy\/wp-content\/uploads\/sites\/41\/2026\/05\/Jadwiga-Mazur-zdjecie-1-edited.jpg\" alt=\"\" class=\"wp-image-11669\" srcset=\"https:\/\/pans.krosno.pl\/pracownicy\/wp-content\/uploads\/sites\/41\/2026\/05\/Jadwiga-Mazur-zdjecie-1-edited.jpg 683w, https:\/\/pans.krosno.pl\/pracownicy\/wp-content\/uploads\/sites\/41\/2026\/05\/Jadwiga-Mazur-zdjecie-1-edited-300x225.jpg 300w, https:\/\/pans.krosno.pl\/pracownicy\/wp-content\/uploads\/sites\/41\/2026\/05\/Jadwiga-Mazur-zdjecie-1-edited-580x435.jpg 580w\" sizes=\"auto, (max-width: 683px) 100vw, 683px\" \/><\/figure>\n<\/div>\n\n\n\n<div class=\"wp-block-column is-layout-flow wp-block-column-is-layout-flow\" style=\"flex-basis:78%\">\n<ul class=\"wp-block-list\">\n<li>\u017byciorys naukowy <\/li>\n\n\n\n<li>Do\u015bwiadczenie pozauczelniane<\/li>\n\n\n\n<li>Najwa\u017cniejsze publikacje<\/li>\n\n\n\n<li>Najwa\u017cniejsze nagrody i wyr\u00f3\u017cnienia<\/li>\n<\/ul>\n\n\n\n<hr class=\"wp-block-separator has-css-opacity\"\/>\n\n\n\n<figure class=\"wp-block-table aligncenter is-style-stripes\"><table><tbody><tr><td class=\"has-text-align-left\" data-align=\"left\">Telefon: 13 43 755 60<\/td><\/tr><tr><td class=\"has-text-align-left\" data-align=\"left\">E-mail: jadwiga.mazur@pans.krosno.pl<\/td><\/tr><tr><td class=\"has-text-align-left\" data-align=\"left\">Konsultacje: Dy\u017cur pracownika<\/td><\/tr><\/tbody><\/table><\/figure>\n<\/div>\n<\/div>\n\n\n\n<hr class=\"wp-block-separator has-css-opacity\"\/>\n\n\n\n<p><\/p>\n","protected":false},"excerpt":{"rendered":"<p>Zak\u0142ad\u00a0Bezpiecze\u0144stwa Wewn\u0119trznego Socjolog &#8211; zainteresowania naukowe i badawcze skupione wok\u00f3\u0142 socjologii i psychologii bezpiecze\u0144stwa, profilaktyki, dezorganizacji spo\u0142ecznej&nbsp; oraz&nbsp; organizacji i zarz\u0105dzania, szczeg\u00f3lnie w odniesieniu do lokalnej spo\u0142eczno\u015bci.&nbsp; Psycholog &#8211; zainteresowania naukowe skupione wok\u00f3\u0142 funkcjonowania w organizacji i strategii radzenia sobie jednostek i spo\u0142eczno\u015bci w sytuacjach trudnych; terapeuta TSR. Telefon: 13 [\u2026] <\/p>\n<div class=\"clear\"><\/div>\n<p><a class=\"more_link clearfix\" href=\"https:\/\/pans.krosno.pl\/pracownicy\/jadwiga-mazur\/\" rel=\"nofollow\">Read More<\/a><\/p>\n","protected":false},"author":27,"featured_media":0,"parent":0,"menu_order":0,"comment_status":"closed","ping_status":"closed","template":"","meta":{"ngg_post_thumbnail":0,"footnotes":""},"class_list":["post-11664","page","type-page","status-publish","hentry"],"yoast_head":"<!-- This site is optimized with the Yoast SEO Premium plugin v27.4 (Yoast SEO v27.4) - https:\/\/yoast.com\/product\/yoast-seo-premium-wordpress\/ -->\n<title>dr hab. Jadwiga Mazur, prof. PANS\u00a0 - Pracownicy PANS w Kro\u015bnie<\/title>\n<meta name=\"robots\" content=\"index, follow, max-snippet:-1, max-image-preview:large, max-video-preview:-1\" \/>\n<link rel=\"canonical\" href=\"https:\/\/pans.krosno.pl\/pracownicy\/jadwiga-mazur\/\" \/>\n<meta property=\"og:locale\" content=\"pl_PL\" \/>\n<meta property=\"og:type\" content=\"article\" \/>\n<meta property=\"og:title\" content=\"dr hab. Jadwiga Mazur, prof. PANS\u00a0\" \/>\n<meta property=\"og:description\" content=\"Zak\u0142ad\u00a0Bezpiecze\u0144stwa Wewn\u0119trznego Socjolog &#8211; zainteresowania naukowe i badawcze skupione wok\u00f3\u0142 socjologii i psychologii bezpiecze\u0144stwa, profilaktyki, dezorganizacji spo\u0142ecznej&nbsp; oraz&nbsp; organizacji i zarz\u0105dzania, szczeg\u00f3lnie w odniesieniu do lokalnej spo\u0142eczno\u015bci.&nbsp; Psycholog &#8211; zainteresowania naukowe skupione wok\u00f3\u0142 funkcjonowania w organizacji i strategii radzenia sobie jednostek i spo\u0142eczno\u015bci w sytuacjach trudnych; terapeuta TSR. Telefon: 13 [\u2026] Read More\" \/>\n<meta property=\"og:url\" content=\"https:\/\/pans.krosno.pl\/pracownicy\/jadwiga-mazur\/\" \/>\n<meta property=\"og:site_name\" content=\"Pracownicy PANS w Kro\u015bnie\" \/>\n<meta property=\"article:modified_time\" content=\"2026-05-04T13:30:54+00:00\" \/>\n<meta property=\"og:image\" content=\"https:\/\/pans.krosno.pl\/pracownicy\/wp-content\/uploads\/sites\/41\/2026\/05\/Jadwiga-Mazur-zdjecie-1-edited.jpg\" \/>\n\t<meta property=\"og:image:width\" content=\"683\" \/>\n\t<meta property=\"og:image:height\" content=\"512\" \/>\n\t<meta property=\"og:image:type\" content=\"image\/jpeg\" \/>\n<meta name=\"twitter:card\" content=\"summary_large_image\" \/>\n<meta name=\"twitter:label1\" content=\"Szacowany czas czytania\" \/>\n\t<meta name=\"twitter:data1\" content=\"1 minuta\" \/>\n<script type=\"application\/ld+json\" class=\"yoast-schema-graph\">{\"@context\":\"https:\\\/\\\/schema.org\",\"@graph\":[{\"@type\":\"WebPage\",\"@id\":\"https:\\\/\\\/pans.krosno.pl\\\/pracownicy\\\/jadwiga-mazur\\\/\",\"url\":\"https:\\\/\\\/pans.krosno.pl\\\/pracownicy\\\/jadwiga-mazur\\\/\",\"name\":\"dr hab. Jadwiga Mazur, prof. PANS\u00a0 - Pracownicy PANS w Kro\u015bnie\",\"isPartOf\":{\"@id\":\"https:\\\/\\\/pans.krosno.pl\\\/pracownicy\\\/#website\"},\"primaryImageOfPage\":{\"@id\":\"https:\\\/\\\/pans.krosno.pl\\\/pracownicy\\\/jadwiga-mazur\\\/#primaryimage\"},\"image\":{\"@id\":\"https:\\\/\\\/pans.krosno.pl\\\/pracownicy\\\/jadwiga-mazur\\\/#primaryimage\"},\"thumbnailUrl\":\"https:\\\/\\\/pans.krosno.pl\\\/pracownicy\\\/wp-content\\\/uploads\\\/sites\\\/41\\\/2026\\\/05\\\/Jadwiga-Mazur-zdjecie-1-edited.jpg\",\"datePublished\":\"2026-05-04T13:30:53+00:00\",\"dateModified\":\"2026-05-04T13:30:54+00:00\",\"breadcrumb\":{\"@id\":\"https:\\\/\\\/pans.krosno.pl\\\/pracownicy\\\/jadwiga-mazur\\\/#breadcrumb\"},\"inLanguage\":\"pl-PL\",\"potentialAction\":[{\"@type\":\"ReadAction\",\"target\":[\"https:\\\/\\\/pans.krosno.pl\\\/pracownicy\\\/jadwiga-mazur\\\/\"]}]},{\"@type\":\"ImageObject\",\"inLanguage\":\"pl-PL\",\"@id\":\"https:\\\/\\\/pans.krosno.pl\\\/pracownicy\\\/jadwiga-mazur\\\/#primaryimage\",\"url\":\"https:\\\/\\\/pans.krosno.pl\\\/pracownicy\\\/wp-content\\\/uploads\\\/sites\\\/41\\\/2026\\\/05\\\/Jadwiga-Mazur-zdjecie-1-edited.jpg\",\"contentUrl\":\"https:\\\/\\\/pans.krosno.pl\\\/pracownicy\\\/wp-content\\\/uploads\\\/sites\\\/41\\\/2026\\\/05\\\/Jadwiga-Mazur-zdjecie-1-edited.jpg\",\"width\":683,\"height\":512},{\"@type\":\"BreadcrumbList\",\"@id\":\"https:\\\/\\\/pans.krosno.pl\\\/pracownicy\\\/jadwiga-mazur\\\/#breadcrumb\",\"itemListElement\":[{\"@type\":\"ListItem\",\"position\":1,\"name\":\"Strona g\u0142\u00f3wna\",\"item\":\"https:\\\/\\\/pans.krosno.pl\\\/pracownicy\\\/\"},{\"@type\":\"ListItem\",\"position\":2,\"name\":\"dr hab. Jadwiga Mazur, prof. PANS\u00a0\"}]},{\"@type\":\"WebSite\",\"@id\":\"https:\\\/\\\/pans.krosno.pl\\\/pracownicy\\\/#website\",\"url\":\"https:\\\/\\\/pans.krosno.pl\\\/pracownicy\\\/\",\"name\":\"Pracownicy PANS w Kro\u015bnie\",\"description\":\"Pracownicy - Pa\u0144stwowa Akademia Nauk Stosowanych\",\"publisher\":{\"@id\":\"https:\\\/\\\/pans.krosno.pl\\\/pracownicy\\\/#organization\"},\"potentialAction\":[{\"@type\":\"SearchAction\",\"target\":{\"@type\":\"EntryPoint\",\"urlTemplate\":\"https:\\\/\\\/pans.krosno.pl\\\/pracownicy\\\/?s={search_term_string}\"},\"query-input\":{\"@type\":\"PropertyValueSpecification\",\"valueRequired\":true,\"valueName\":\"search_term_string\"}}],\"inLanguage\":\"pl-PL\"},{\"@type\":\"Organization\",\"@id\":\"https:\\\/\\\/pans.krosno.pl\\\/pracownicy\\\/#organization\",\"name\":\"Pracownicy PANS w Kro\u015bnie\",\"url\":\"https:\\\/\\\/pans.krosno.pl\\\/pracownicy\\\/\",\"logo\":{\"@type\":\"ImageObject\",\"inLanguage\":\"pl-PL\",\"@id\":\"https:\\\/\\\/pans.krosno.pl\\\/pracownicy\\\/#\\\/schema\\\/logo\\\/image\\\/\",\"url\":\"https:\\\/\\\/pans.krosno.pl\\\/pracownicy\\\/wp-content\\\/uploads\\\/sites\\\/41\\\/2023\\\/01\\\/Logo-PANS-2022-pelne.png\",\"contentUrl\":\"https:\\\/\\\/pans.krosno.pl\\\/pracownicy\\\/wp-content\\\/uploads\\\/sites\\\/41\\\/2023\\\/01\\\/Logo-PANS-2022-pelne.png\",\"width\":3096,\"height\":696,\"caption\":\"Pracownicy PANS w Kro\u015bnie\"},\"image\":{\"@id\":\"https:\\\/\\\/pans.krosno.pl\\\/pracownicy\\\/#\\\/schema\\\/logo\\\/image\\\/\"}}]}<\/script>\n<!-- \/ Yoast SEO Premium plugin. -->","yoast_head_json":{"title":"dr hab. Jadwiga Mazur, prof. PANS\u00a0 - Pracownicy PANS w Kro\u015bnie","robots":{"index":"index","follow":"follow","max-snippet":"max-snippet:-1","max-image-preview":"max-image-preview:large","max-video-preview":"max-video-preview:-1"},"canonical":"https:\/\/pans.krosno.pl\/pracownicy\/jadwiga-mazur\/","og_locale":"pl_PL","og_type":"article","og_title":"dr hab. Jadwiga Mazur, prof. PANS\u00a0","og_description":"Zak\u0142ad\u00a0Bezpiecze\u0144stwa Wewn\u0119trznego Socjolog &#8211; zainteresowania naukowe i badawcze skupione wok\u00f3\u0142 socjologii i psychologii bezpiecze\u0144stwa, profilaktyki, dezorganizacji spo\u0142ecznej&nbsp; oraz&nbsp; organizacji i zarz\u0105dzania, szczeg\u00f3lnie w odniesieniu do lokalnej spo\u0142eczno\u015bci.&nbsp; Psycholog &#8211; zainteresowania naukowe skupione wok\u00f3\u0142 funkcjonowania w organizacji i strategii radzenia sobie jednostek i spo\u0142eczno\u015bci w sytuacjach trudnych; terapeuta TSR. Telefon: 13 [\u2026] Read More","og_url":"https:\/\/pans.krosno.pl\/pracownicy\/jadwiga-mazur\/","og_site_name":"Pracownicy PANS w Kro\u015bnie","article_modified_time":"2026-05-04T13:30:54+00:00","og_image":[{"width":683,"height":512,"url":"https:\/\/pans.krosno.pl\/pracownicy\/wp-content\/uploads\/sites\/41\/2026\/05\/Jadwiga-Mazur-zdjecie-1-edited.jpg","type":"image\/jpeg"}],"twitter_card":"summary_large_image","twitter_misc":{"Szacowany czas czytania":"1 minuta"},"schema":{"@context":"https:\/\/schema.org","@graph":[{"@type":"WebPage","@id":"https:\/\/pans.krosno.pl\/pracownicy\/jadwiga-mazur\/","url":"https:\/\/pans.krosno.pl\/pracownicy\/jadwiga-mazur\/","name":"dr hab. Jadwiga Mazur, prof. PANS\u00a0 - Pracownicy PANS w Kro\u015bnie","isPartOf":{"@id":"https:\/\/pans.krosno.pl\/pracownicy\/#website"},"primaryImageOfPage":{"@id":"https:\/\/pans.krosno.pl\/pracownicy\/jadwiga-mazur\/#primaryimage"},"image":{"@id":"https:\/\/pans.krosno.pl\/pracownicy\/jadwiga-mazur\/#primaryimage"},"thumbnailUrl":"https:\/\/pans.krosno.pl\/pracownicy\/wp-content\/uploads\/sites\/41\/2026\/05\/Jadwiga-Mazur-zdjecie-1-edited.jpg","datePublished":"2026-05-04T13:30:53+00:00","dateModified":"2026-05-04T13:30:54+00:00","breadcrumb":{"@id":"https:\/\/pans.krosno.pl\/pracownicy\/jadwiga-mazur\/#breadcrumb"},"inLanguage":"pl-PL","potentialAction":[{"@type":"ReadAction","target":["https:\/\/pans.krosno.pl\/pracownicy\/jadwiga-mazur\/"]}]},{"@type":"ImageObject","inLanguage":"pl-PL","@id":"https:\/\/pans.krosno.pl\/pracownicy\/jadwiga-mazur\/#primaryimage","url":"https:\/\/pans.krosno.pl\/pracownicy\/wp-content\/uploads\/sites\/41\/2026\/05\/Jadwiga-Mazur-zdjecie-1-edited.jpg","contentUrl":"https:\/\/pans.krosno.pl\/pracownicy\/wp-content\/uploads\/sites\/41\/2026\/05\/Jadwiga-Mazur-zdjecie-1-edited.jpg","width":683,"height":512},{"@type":"BreadcrumbList","@id":"https:\/\/pans.krosno.pl\/pracownicy\/jadwiga-mazur\/#breadcrumb","itemListElement":[{"@type":"ListItem","position":1,"name":"Strona g\u0142\u00f3wna","item":"https:\/\/pans.krosno.pl\/pracownicy\/"},{"@type":"ListItem","position":2,"name":"dr hab. Jadwiga Mazur, prof. PANS\u00a0"}]},{"@type":"WebSite","@id":"https:\/\/pans.krosno.pl\/pracownicy\/#website","url":"https:\/\/pans.krosno.pl\/pracownicy\/","name":"Pracownicy PANS w Kro\u015bnie","description":"Pracownicy - Pa\u0144stwowa Akademia Nauk Stosowanych","publisher":{"@id":"https:\/\/pans.krosno.pl\/pracownicy\/#organization"},"potentialAction":[{"@type":"SearchAction","target":{"@type":"EntryPoint","urlTemplate":"https:\/\/pans.krosno.pl\/pracownicy\/?s={search_term_string}"},"query-input":{"@type":"PropertyValueSpecification","valueRequired":true,"valueName":"search_term_string"}}],"inLanguage":"pl-PL"},{"@type":"Organization","@id":"https:\/\/pans.krosno.pl\/pracownicy\/#organization","name":"Pracownicy PANS w Kro\u015bnie","url":"https:\/\/pans.krosno.pl\/pracownicy\/","logo":{"@type":"ImageObject","inLanguage":"pl-PL","@id":"https:\/\/pans.krosno.pl\/pracownicy\/#\/schema\/logo\/image\/","url":"https:\/\/pans.krosno.pl\/pracownicy\/wp-content\/uploads\/sites\/41\/2023\/01\/Logo-PANS-2022-pelne.png","contentUrl":"https:\/\/pans.krosno.pl\/pracownicy\/wp-content\/uploads\/sites\/41\/2023\/01\/Logo-PANS-2022-pelne.png","width":3096,"height":696,"caption":"Pracownicy PANS w Kro\u015bnie"},"image":{"@id":"https:\/\/pans.krosno.pl\/pracownicy\/#\/schema\/logo\/image\/"}}]}},"_links":{"self":[{"href":"https:\/\/pans.krosno.pl\/pracownicy\/wp-json\/wp\/v2\/pages\/11664","targetHints":{"allow":["GET"]}}],"collection":[{"href":"https:\/\/pans.krosno.pl\/pracownicy\/wp-json\/wp\/v2\/pages"}],"about":[{"href":"https:\/\/pans.krosno.pl\/pracownicy\/wp-json\/wp\/v2\/types\/page"}],"author":[{"embeddable":true,"href":"https:\/\/pans.krosno.pl\/pracownicy\/wp-json\/wp\/v2\/users\/27"}],"replies":[{"embeddable":true,"href":"https:\/\/pans.krosno.pl\/pracownicy\/wp-json\/wp\/v2\/comments?post=11664"}],"version-history":[{"count":1,"href":"https:\/\/pans.krosno.pl\/pracownicy\/wp-json\/wp\/v2\/pages\/11664\/revisions"}],"predecessor-version":[{"id":11671,"href":"https:\/\/pans.krosno.pl\/pracownicy\/wp-json\/wp\/v2\/pages\/11664\/revisions\/11671"}],"wp:attachment":[{"href":"https:\/\/pans.krosno.pl\/pracownicy\/wp-json\/wp\/v2\/media?parent=11664"}],"curies":[{"name":"wp","href":"https:\/\/api.w.org\/{rel}","templated":true}]}}