{"id":11639,"date":"2026-02-26T16:08:56","date_gmt":"2026-02-26T15:08:56","guid":{"rendered":"https:\/\/pans.krosno.pl\/pracownicy\/?page_id=11639"},"modified":"2026-02-26T16:10:39","modified_gmt":"2026-02-26T15:10:39","slug":"jacek-kedra-doswiadczenie-pozauczelniane","status":"publish","type":"page","link":"https:\/\/pans.krosno.pl\/pracownicy\/jacek-kedra\/jacek-kedra-doswiadczenie-pozauczelniane\/","title":{"rendered":"m\u0142. bryg. w st. spocz. dr in\u017c. Jacek K\u0119dra &#8211; Do\u015bwiadczenie pozauczelniane"},"content":{"rendered":"\n<ul class=\"wp-block-list\">\n<li>Emerytowany funkcjonariusz Pa\u0144stwowej Stra\u017cy Po\u017carnej z prawie 25 letnim sta\u017cem na r\u00f3\u017cnych stanowiskach s\u0142u\u017cbowych, ostatnie kilkana\u015bcie lat to funkcje kierownicze, przede wszystkim jako Zast\u0119pca Dow\u00f3dcy Jednostki Ratowniczo Ga\u015bniczej, Naczelnik Wydzia\u0142u Operacyjnego oraz Dow\u00f3dca Jednostki Ratowniczo-Ga\u015bniczej w Brzozowie.<\/li>\n\n\n\n<li><strong>W okresie od 2014 r. do 2016 r.<\/strong> &#8211; Komendant Gminny Ochrony Przeciwpo\u017carowej w Brzozowie.<\/li>\n\n\n\n<li><strong>W okresie od 2020 r. do 2022 r.<\/strong> &#8211; Zast\u0119pca Dow\u00f3dcy Centralnego Odwodu Operacyjnego COO \u201eRzesz\u00f3w 1\u201d.<\/li>\n\n\n\n<li><strong>Wiele lat do 02.2022<\/strong> r.: Cz\u0142onek Powiatowej Rady Bezpiecze\u0144stwa Ruchu Drogowego.<\/li>\n\n\n\n<li><strong>Ostatnie lata \u2013 <\/strong>cyklicznie, jako wyk\u0142adowca w Uczelni Pa\u0144stwowej im. Jana Grodka w Sanoku, gdzie prowadzi\u0142 zaj\u0119cia z <em>Medycyny katastrof<\/em> (co obejmowa\u0142o wszelkie zagadnienia zwi\u0105zane z szeregiem wielu dziedzin ratowniczych), <em>Zagro\u017cenia antropogeniczne bezpiecze\u0144stwa wewn\u0119trznego pa\u0144stwa<\/em> oraz <em>Bezpiecze\u0144stwo energetyczne i ekologiczne pa\u0144stwa.<\/em><\/li>\n\n\n\n<li>Pracuj\u0105c w Pa\u0144stwowej Stra\u017cy Po\u017carnej, wsp\u00f3\u0142pracuj\u0105c z wieloma innymi s\u0142u\u017cbami, podmiotami i instytucjami posiad\u0142 zdolno\u015b\u0107 wykorzystywa\u0107 posiadan\u0105 wiedz\u0119 w praktyce. Uczestniczy\u0142, jako dowodz\u0105cy, w bardzo wielu dzia\u0142aniach ratowniczo-ga\u015bniczych, o r\u00f3\u017cnych skalach i charakterach.<\/li>\n\n\n\n<li>Ponadto jako funkcjonariusz Pa\u0144stwowej Stra\u017cy Po\u017carnej bra\u0142 osobi\u015bcie, czynny udzia\u0142, w bardzo wielu pogadankach i wyk\u0142adach poruszaj\u0105c si\u0119<br>w tematyce prewencji i og\u00f3lnie rozumianego bezpiecze\u0144stwa<br>w r\u00f3\u017cnorodnych \u015brodowiskach \u017cycia spo\u0142ecznego;\u00a0 instytucjach i zak\u0142adach, takich jak plac\u00f3wki kulturalno-o\u015bwiatowe, urz\u0119dy, zak\u0142ady produkcyjno-handlowe itp.<\/li>\n\n\n\n<li>Bogate do\u015bwiadczenie szkoleniowe, m. in: Wsp\u00f3\u0142dzia\u0142anie z Lotniczym Pogotowiem Ratunkowym (LPR), Szkolenie doskonal\u0105ce z zakresu kierowania dzia\u0142aniami ratowniczymi na poziomie taktycznym, Szkolenie<br>z zakresu organizacji doskonalenia zawodowego, organizowania dzia\u0142a\u0144 ratowniczych oraz dokumentowania zdarze\u0144, Budowa i ratownictwo dot. pojazd\u00f3w hybrydowych, Ochrona informacji niejawnych, Kurs Kwalifikowanej Pomocy Przedlekarskiej.<\/li>\n\n\n\n<li>Uczestnik kilkudziesi\u0119ciu \u0107wicze\u0144 o r\u00f3\u017cnych rangach i charakterach. By\u0142y to \u0107wiczenia na r\u00f3\u017cnego typu obiektach o r\u00f3\u017cnorodnej tematyce,\u00a0 zar\u00f3wno ratowniczej jak i ga\u015bniczej, przy wsp\u00f3\u0142udziale szeregu innych s\u0142u\u017cb, stowarzysze\u0144 i podmiot\u00f3w.<\/li>\n\n\n\n<li>Uczestnik wielu projekt\u00f3w z bran\u017cy ratowniczej.<\/li>\n<\/ul>\n","protected":false},"excerpt":{"rendered":"","protected":false},"author":27,"featured_media":0,"parent":11634,"menu_order":0,"comment_status":"closed","ping_status":"closed","template":"","meta":{"ngg_post_thumbnail":0,"footnotes":""},"class_list":["post-11639","page","type-page","status-publish","hentry"],"yoast_head":"<!-- This site is optimized with the Yoast SEO Premium plugin v27.3 (Yoast SEO v27.3) - https:\/\/yoast.com\/product\/yoast-seo-premium-wordpress\/ -->\n<title>m\u0142. bryg. w st. spocz. dr in\u017c. Jacek K\u0119dra - Do\u015bwiadczenie pozauczelniane - Pracownicy PANS w Kro\u015bnie<\/title>\n<meta name=\"robots\" content=\"index, follow, max-snippet:-1, max-image-preview:large, max-video-preview:-1\" \/>\n<link rel=\"canonical\" href=\"https:\/\/pans.krosno.pl\/pracownicy\/jacek-kedra\/jacek-kedra-doswiadczenie-pozauczelniane\/\" \/>\n<meta property=\"og:locale\" content=\"pl_PL\" \/>\n<meta property=\"og:type\" content=\"article\" \/>\n<meta property=\"og:title\" content=\"m\u0142. bryg. w st. spocz. dr in\u017c. Jacek K\u0119dra - Do\u015bwiadczenie pozauczelniane\" \/>\n<meta property=\"og:url\" content=\"https:\/\/pans.krosno.pl\/pracownicy\/jacek-kedra\/jacek-kedra-doswiadczenie-pozauczelniane\/\" \/>\n<meta property=\"og:site_name\" content=\"Pracownicy PANS w Kro\u015bnie\" \/>\n<meta property=\"article:modified_time\" content=\"2026-02-26T15:10:39+00:00\" \/>\n<meta name=\"twitter:card\" content=\"summary_large_image\" \/>\n<meta name=\"twitter:label1\" content=\"Szacowany czas czytania\" \/>\n\t<meta name=\"twitter:data1\" content=\"2 minuty\" \/>\n<script type=\"application\/ld+json\" class=\"yoast-schema-graph\">{\"@context\":\"https:\\\/\\\/schema.org\",\"@graph\":[{\"@type\":\"WebPage\",\"@id\":\"https:\\\/\\\/pans.krosno.pl\\\/pracownicy\\\/jacek-kedra\\\/jacek-kedra-doswiadczenie-pozauczelniane\\\/\",\"url\":\"https:\\\/\\\/pans.krosno.pl\\\/pracownicy\\\/jacek-kedra\\\/jacek-kedra-doswiadczenie-pozauczelniane\\\/\",\"name\":\"m\u0142. bryg. w st. spocz. dr in\u017c. Jacek K\u0119dra - Do\u015bwiadczenie pozauczelniane - Pracownicy PANS w Kro\u015bnie\",\"isPartOf\":{\"@id\":\"https:\\\/\\\/pans.krosno.pl\\\/pracownicy\\\/#website\"},\"datePublished\":\"2026-02-26T15:08:56+00:00\",\"dateModified\":\"2026-02-26T15:10:39+00:00\",\"breadcrumb\":{\"@id\":\"https:\\\/\\\/pans.krosno.pl\\\/pracownicy\\\/jacek-kedra\\\/jacek-kedra-doswiadczenie-pozauczelniane\\\/#breadcrumb\"},\"inLanguage\":\"pl-PL\",\"potentialAction\":[{\"@type\":\"ReadAction\",\"target\":[\"https:\\\/\\\/pans.krosno.pl\\\/pracownicy\\\/jacek-kedra\\\/jacek-kedra-doswiadczenie-pozauczelniane\\\/\"]}]},{\"@type\":\"BreadcrumbList\",\"@id\":\"https:\\\/\\\/pans.krosno.pl\\\/pracownicy\\\/jacek-kedra\\\/jacek-kedra-doswiadczenie-pozauczelniane\\\/#breadcrumb\",\"itemListElement\":[{\"@type\":\"ListItem\",\"position\":1,\"name\":\"Strona g\u0142\u00f3wna\",\"item\":\"https:\\\/\\\/pans.krosno.pl\\\/pracownicy\\\/\"},{\"@type\":\"ListItem\",\"position\":2,\"name\":\"m\u0142. bryg. w st. spocz. dr in\u017c. Jacek K\u0119dra\",\"item\":\"https:\\\/\\\/pans.krosno.pl\\\/pracownicy\\\/jacek-kedra\\\/\"},{\"@type\":\"ListItem\",\"position\":3,\"name\":\"m\u0142. bryg. w st. spocz. dr in\u017c. Jacek K\u0119dra &#8211; Do\u015bwiadczenie pozauczelniane\"}]},{\"@type\":\"WebSite\",\"@id\":\"https:\\\/\\\/pans.krosno.pl\\\/pracownicy\\\/#website\",\"url\":\"https:\\\/\\\/pans.krosno.pl\\\/pracownicy\\\/\",\"name\":\"Pracownicy PANS w Kro\u015bnie\",\"description\":\"Pracownicy - Pa\u0144stwowa Akademia Nauk Stosowanych\",\"publisher\":{\"@id\":\"https:\\\/\\\/pans.krosno.pl\\\/pracownicy\\\/#organization\"},\"potentialAction\":[{\"@type\":\"SearchAction\",\"target\":{\"@type\":\"EntryPoint\",\"urlTemplate\":\"https:\\\/\\\/pans.krosno.pl\\\/pracownicy\\\/?s={search_term_string}\"},\"query-input\":{\"@type\":\"PropertyValueSpecification\",\"valueRequired\":true,\"valueName\":\"search_term_string\"}}],\"inLanguage\":\"pl-PL\"},{\"@type\":\"Organization\",\"@id\":\"https:\\\/\\\/pans.krosno.pl\\\/pracownicy\\\/#organization\",\"name\":\"Pracownicy PANS w Kro\u015bnie\",\"url\":\"https:\\\/\\\/pans.krosno.pl\\\/pracownicy\\\/\",\"logo\":{\"@type\":\"ImageObject\",\"inLanguage\":\"pl-PL\",\"@id\":\"https:\\\/\\\/pans.krosno.pl\\\/pracownicy\\\/#\\\/schema\\\/logo\\\/image\\\/\",\"url\":\"https:\\\/\\\/pans.krosno.pl\\\/pracownicy\\\/wp-content\\\/uploads\\\/sites\\\/41\\\/2023\\\/01\\\/Logo-PANS-2022-pelne.png\",\"contentUrl\":\"https:\\\/\\\/pans.krosno.pl\\\/pracownicy\\\/wp-content\\\/uploads\\\/sites\\\/41\\\/2023\\\/01\\\/Logo-PANS-2022-pelne.png\",\"width\":3096,\"height\":696,\"caption\":\"Pracownicy PANS w Kro\u015bnie\"},\"image\":{\"@id\":\"https:\\\/\\\/pans.krosno.pl\\\/pracownicy\\\/#\\\/schema\\\/logo\\\/image\\\/\"}}]}<\/script>\n<!-- \/ Yoast SEO Premium plugin. -->","yoast_head_json":{"title":"m\u0142. bryg. w st. spocz. dr in\u017c. Jacek K\u0119dra - Do\u015bwiadczenie pozauczelniane - Pracownicy PANS w Kro\u015bnie","robots":{"index":"index","follow":"follow","max-snippet":"max-snippet:-1","max-image-preview":"max-image-preview:large","max-video-preview":"max-video-preview:-1"},"canonical":"https:\/\/pans.krosno.pl\/pracownicy\/jacek-kedra\/jacek-kedra-doswiadczenie-pozauczelniane\/","og_locale":"pl_PL","og_type":"article","og_title":"m\u0142. bryg. w st. spocz. dr in\u017c. Jacek K\u0119dra - Do\u015bwiadczenie pozauczelniane","og_url":"https:\/\/pans.krosno.pl\/pracownicy\/jacek-kedra\/jacek-kedra-doswiadczenie-pozauczelniane\/","og_site_name":"Pracownicy PANS w Kro\u015bnie","article_modified_time":"2026-02-26T15:10:39+00:00","twitter_card":"summary_large_image","twitter_misc":{"Szacowany czas czytania":"2 minuty"},"schema":{"@context":"https:\/\/schema.org","@graph":[{"@type":"WebPage","@id":"https:\/\/pans.krosno.pl\/pracownicy\/jacek-kedra\/jacek-kedra-doswiadczenie-pozauczelniane\/","url":"https:\/\/pans.krosno.pl\/pracownicy\/jacek-kedra\/jacek-kedra-doswiadczenie-pozauczelniane\/","name":"m\u0142. bryg. w st. spocz. dr in\u017c. Jacek K\u0119dra - Do\u015bwiadczenie pozauczelniane - Pracownicy PANS w Kro\u015bnie","isPartOf":{"@id":"https:\/\/pans.krosno.pl\/pracownicy\/#website"},"datePublished":"2026-02-26T15:08:56+00:00","dateModified":"2026-02-26T15:10:39+00:00","breadcrumb":{"@id":"https:\/\/pans.krosno.pl\/pracownicy\/jacek-kedra\/jacek-kedra-doswiadczenie-pozauczelniane\/#breadcrumb"},"inLanguage":"pl-PL","potentialAction":[{"@type":"ReadAction","target":["https:\/\/pans.krosno.pl\/pracownicy\/jacek-kedra\/jacek-kedra-doswiadczenie-pozauczelniane\/"]}]},{"@type":"BreadcrumbList","@id":"https:\/\/pans.krosno.pl\/pracownicy\/jacek-kedra\/jacek-kedra-doswiadczenie-pozauczelniane\/#breadcrumb","itemListElement":[{"@type":"ListItem","position":1,"name":"Strona g\u0142\u00f3wna","item":"https:\/\/pans.krosno.pl\/pracownicy\/"},{"@type":"ListItem","position":2,"name":"m\u0142. bryg. w st. spocz. dr in\u017c. Jacek K\u0119dra","item":"https:\/\/pans.krosno.pl\/pracownicy\/jacek-kedra\/"},{"@type":"ListItem","position":3,"name":"m\u0142. bryg. w st. spocz. dr in\u017c. Jacek K\u0119dra &#8211; Do\u015bwiadczenie pozauczelniane"}]},{"@type":"WebSite","@id":"https:\/\/pans.krosno.pl\/pracownicy\/#website","url":"https:\/\/pans.krosno.pl\/pracownicy\/","name":"Pracownicy PANS w Kro\u015bnie","description":"Pracownicy - Pa\u0144stwowa Akademia Nauk Stosowanych","publisher":{"@id":"https:\/\/pans.krosno.pl\/pracownicy\/#organization"},"potentialAction":[{"@type":"SearchAction","target":{"@type":"EntryPoint","urlTemplate":"https:\/\/pans.krosno.pl\/pracownicy\/?s={search_term_string}"},"query-input":{"@type":"PropertyValueSpecification","valueRequired":true,"valueName":"search_term_string"}}],"inLanguage":"pl-PL"},{"@type":"Organization","@id":"https:\/\/pans.krosno.pl\/pracownicy\/#organization","name":"Pracownicy PANS w Kro\u015bnie","url":"https:\/\/pans.krosno.pl\/pracownicy\/","logo":{"@type":"ImageObject","inLanguage":"pl-PL","@id":"https:\/\/pans.krosno.pl\/pracownicy\/#\/schema\/logo\/image\/","url":"https:\/\/pans.krosno.pl\/pracownicy\/wp-content\/uploads\/sites\/41\/2023\/01\/Logo-PANS-2022-pelne.png","contentUrl":"https:\/\/pans.krosno.pl\/pracownicy\/wp-content\/uploads\/sites\/41\/2023\/01\/Logo-PANS-2022-pelne.png","width":3096,"height":696,"caption":"Pracownicy PANS w Kro\u015bnie"},"image":{"@id":"https:\/\/pans.krosno.pl\/pracownicy\/#\/schema\/logo\/image\/"}}]}},"_links":{"self":[{"href":"https:\/\/pans.krosno.pl\/pracownicy\/wp-json\/wp\/v2\/pages\/11639","targetHints":{"allow":["GET"]}}],"collection":[{"href":"https:\/\/pans.krosno.pl\/pracownicy\/wp-json\/wp\/v2\/pages"}],"about":[{"href":"https:\/\/pans.krosno.pl\/pracownicy\/wp-json\/wp\/v2\/types\/page"}],"author":[{"embeddable":true,"href":"https:\/\/pans.krosno.pl\/pracownicy\/wp-json\/wp\/v2\/users\/27"}],"replies":[{"embeddable":true,"href":"https:\/\/pans.krosno.pl\/pracownicy\/wp-json\/wp\/v2\/comments?post=11639"}],"version-history":[{"count":1,"href":"https:\/\/pans.krosno.pl\/pracownicy\/wp-json\/wp\/v2\/pages\/11639\/revisions"}],"predecessor-version":[{"id":11640,"href":"https:\/\/pans.krosno.pl\/pracownicy\/wp-json\/wp\/v2\/pages\/11639\/revisions\/11640"}],"up":[{"embeddable":true,"href":"https:\/\/pans.krosno.pl\/pracownicy\/wp-json\/wp\/v2\/pages\/11634"}],"wp:attachment":[{"href":"https:\/\/pans.krosno.pl\/pracownicy\/wp-json\/wp\/v2\/media?parent=11639"}],"curies":[{"name":"wp","href":"https:\/\/api.w.org\/{rel}","templated":true}]}}