{"id":11635,"date":"2026-02-26T16:06:44","date_gmt":"2026-02-26T15:06:44","guid":{"rendered":"https:\/\/pans.krosno.pl\/pracownicy\/?page_id=11635"},"modified":"2026-02-26T16:10:40","modified_gmt":"2026-02-26T15:10:40","slug":"jacek-kedra-najwazniejsze-publikacje","status":"publish","type":"page","link":"https:\/\/pans.krosno.pl\/pracownicy\/jacek-kedra\/jacek-kedra-najwazniejsze-publikacje\/","title":{"rendered":"m\u0142. bryg. w st. spocz. dr in\u017c. Jacek K\u0119dra &#8211; Najwa\u017cniejsze publikacje"},"content":{"rendered":"\n<p>Dorobek naukowy obejmuje kilka publikacji obejmuj\u0105cych sw\u0105 tematyk\u0105 zagadnienia zwi\u0105zane z og\u00f3lnie rozumianym bezpiecze\u0144stwem.<\/p>\n\n\n\n<p>Dorobek naukowy wzbogaca uczestnictwo w wielu konferencjach, forach oraz sympozjach naukowych, jak r\u00f3wnie\u017c uczestnictwo w r\u00f3\u017cnego rodzaju programach i grupach eksperckich poruszaj\u0105cych si\u0119 w ramach bezpiecze\u0144stwa wewn\u0119trznego.<\/p>\n\n\n\n<p>Najwa\u017cniejsze z nich to:<\/p>\n\n\n\n<ul class=\"wp-block-list\">\n<li>\u201e<em>Zapewnienie bezpiecze\u0144stwa transportu drogowego wojskowych towar\u00f3w niebezpiecznych\u201d<\/em>, OBRONNO\u015a\u0106, Zeszyty Naukowe Wydzia\u0142u Zarz\u0105dzania<br>i Dowodzenia ASzWoj, nr 1(21) 2017.<\/li>\n\n\n\n<li><em>&#8222;Problematyka przewozu materia\u0142\u00f3w niebezpiecznych droga powietrzn\u0105&#8221;<\/em>, Zeszyty Naukowe SGSP nr 65\/1\/2018.<\/li>\n\n\n\n<li><em>\u201eOchrona ludno\u015bci i obrona cywilna \u2013 historia i tera\u017aniejszo\u015b\u0107\u201d,<\/em> artyku\u0142 zamieszczony na konferencji naukowej \u2013 Monografia \u201e<em>Ochrona ludno\u015bci<br>w Polsce \u2013 historia i wsp\u00f3\u0142czesno\u015b\u0107\u201d.<\/em><\/li>\n\n\n\n<li>\u201e<em>Krajowy System Ratowniczo-Ga\u015bniczy w zakresie ratownictwa technicznego\u201d,<\/em> Publikacja pod red. W. Krzeszowskiego \u201e<em>Problemy zarz\u0105dzania kryzysowego i ochrony ludno\u015bci<\/em>\u201d.\u00a0<\/li>\n\n\n\n<li>\u201e<em>Bezpiecze\u0144stwo w ruchu drogowym podczas zdarze\u0144 z udzia\u0142em pojazd\u00f3w<br>o nap\u0119dzie hybrydowym oraz elektrycznym\u201d, <\/em>Annales Uneversitatis Paedagogicae Cracoviensis \u201eStudia de Securitate\u201d 15 vol. 2, Czasopismo Uniwersytetu Komisji Edukacji Narodowej w Krakowie.<\/li>\n<\/ul>\n","protected":false},"excerpt":{"rendered":"<p>Dorobek naukowy obejmuje kilka publikacji obejmuj\u0105cych sw\u0105 tematyk\u0105 zagadnienia zwi\u0105zane z og\u00f3lnie rozumianym bezpiecze\u0144stwem. Dorobek naukowy wzbogaca uczestnictwo w wielu konferencjach, forach oraz sympozjach naukowych, jak r\u00f3wnie\u017c uczestnictwo w r\u00f3\u017cnego rodzaju programach i grupach eksperckich poruszaj\u0105cych si\u0119 w ramach bezpiecze\u0144stwa wewn\u0119trznego. Najwa\u017cniejsze z nich to:<\/p>\n","protected":false},"author":27,"featured_media":0,"parent":11634,"menu_order":0,"comment_status":"closed","ping_status":"closed","template":"","meta":{"ngg_post_thumbnail":0,"footnotes":""},"class_list":["post-11635","page","type-page","status-publish","hentry"],"yoast_head":"<!-- This site is optimized with the Yoast SEO Premium plugin v27.3 (Yoast SEO v27.3) - https:\/\/yoast.com\/product\/yoast-seo-premium-wordpress\/ -->\n<title>m\u0142. bryg. w st. spocz. dr in\u017c. Jacek K\u0119dra - Najwa\u017cniejsze publikacje - Pracownicy PANS w Kro\u015bnie<\/title>\n<meta name=\"robots\" content=\"index, follow, max-snippet:-1, max-image-preview:large, max-video-preview:-1\" \/>\n<link rel=\"canonical\" href=\"https:\/\/pans.krosno.pl\/pracownicy\/jacek-kedra\/jacek-kedra-najwazniejsze-publikacje\/\" \/>\n<meta property=\"og:locale\" content=\"pl_PL\" \/>\n<meta property=\"og:type\" content=\"article\" \/>\n<meta property=\"og:title\" content=\"m\u0142. bryg. w st. spocz. dr in\u017c. Jacek K\u0119dra - Najwa\u017cniejsze publikacje\" \/>\n<meta property=\"og:description\" content=\"Dorobek naukowy obejmuje kilka publikacji obejmuj\u0105cych sw\u0105 tematyk\u0105 zagadnienia zwi\u0105zane z og\u00f3lnie rozumianym bezpiecze\u0144stwem. Dorobek naukowy wzbogaca uczestnictwo w wielu konferencjach, forach oraz sympozjach naukowych, jak r\u00f3wnie\u017c uczestnictwo w r\u00f3\u017cnego rodzaju programach i grupach eksperckich poruszaj\u0105cych si\u0119 w ramach bezpiecze\u0144stwa wewn\u0119trznego. Najwa\u017cniejsze z nich to:\" \/>\n<meta property=\"og:url\" content=\"https:\/\/pans.krosno.pl\/pracownicy\/jacek-kedra\/jacek-kedra-najwazniejsze-publikacje\/\" \/>\n<meta property=\"og:site_name\" content=\"Pracownicy PANS w Kro\u015bnie\" \/>\n<meta property=\"article:modified_time\" content=\"2026-02-26T15:10:40+00:00\" \/>\n<meta name=\"twitter:card\" content=\"summary_large_image\" \/>\n<meta name=\"twitter:label1\" content=\"Szacowany czas czytania\" \/>\n\t<meta name=\"twitter:data1\" content=\"1 minuta\" \/>\n<script type=\"application\/ld+json\" class=\"yoast-schema-graph\">{\"@context\":\"https:\\\/\\\/schema.org\",\"@graph\":[{\"@type\":\"WebPage\",\"@id\":\"https:\\\/\\\/pans.krosno.pl\\\/pracownicy\\\/jacek-kedra\\\/jacek-kedra-najwazniejsze-publikacje\\\/\",\"url\":\"https:\\\/\\\/pans.krosno.pl\\\/pracownicy\\\/jacek-kedra\\\/jacek-kedra-najwazniejsze-publikacje\\\/\",\"name\":\"m\u0142. bryg. w st. spocz. dr in\u017c. Jacek K\u0119dra - Najwa\u017cniejsze publikacje - Pracownicy PANS w Kro\u015bnie\",\"isPartOf\":{\"@id\":\"https:\\\/\\\/pans.krosno.pl\\\/pracownicy\\\/#website\"},\"datePublished\":\"2026-02-26T15:06:44+00:00\",\"dateModified\":\"2026-02-26T15:10:40+00:00\",\"breadcrumb\":{\"@id\":\"https:\\\/\\\/pans.krosno.pl\\\/pracownicy\\\/jacek-kedra\\\/jacek-kedra-najwazniejsze-publikacje\\\/#breadcrumb\"},\"inLanguage\":\"pl-PL\",\"potentialAction\":[{\"@type\":\"ReadAction\",\"target\":[\"https:\\\/\\\/pans.krosno.pl\\\/pracownicy\\\/jacek-kedra\\\/jacek-kedra-najwazniejsze-publikacje\\\/\"]}]},{\"@type\":\"BreadcrumbList\",\"@id\":\"https:\\\/\\\/pans.krosno.pl\\\/pracownicy\\\/jacek-kedra\\\/jacek-kedra-najwazniejsze-publikacje\\\/#breadcrumb\",\"itemListElement\":[{\"@type\":\"ListItem\",\"position\":1,\"name\":\"Strona g\u0142\u00f3wna\",\"item\":\"https:\\\/\\\/pans.krosno.pl\\\/pracownicy\\\/\"},{\"@type\":\"ListItem\",\"position\":2,\"name\":\"m\u0142. bryg. w st. spocz. dr in\u017c. Jacek K\u0119dra\",\"item\":\"https:\\\/\\\/pans.krosno.pl\\\/pracownicy\\\/jacek-kedra\\\/\"},{\"@type\":\"ListItem\",\"position\":3,\"name\":\"m\u0142. bryg. w st. spocz. dr in\u017c. Jacek K\u0119dra &#8211; Najwa\u017cniejsze publikacje\"}]},{\"@type\":\"WebSite\",\"@id\":\"https:\\\/\\\/pans.krosno.pl\\\/pracownicy\\\/#website\",\"url\":\"https:\\\/\\\/pans.krosno.pl\\\/pracownicy\\\/\",\"name\":\"Pracownicy PANS w Kro\u015bnie\",\"description\":\"Pracownicy - Pa\u0144stwowa Akademia Nauk Stosowanych\",\"publisher\":{\"@id\":\"https:\\\/\\\/pans.krosno.pl\\\/pracownicy\\\/#organization\"},\"potentialAction\":[{\"@type\":\"SearchAction\",\"target\":{\"@type\":\"EntryPoint\",\"urlTemplate\":\"https:\\\/\\\/pans.krosno.pl\\\/pracownicy\\\/?s={search_term_string}\"},\"query-input\":{\"@type\":\"PropertyValueSpecification\",\"valueRequired\":true,\"valueName\":\"search_term_string\"}}],\"inLanguage\":\"pl-PL\"},{\"@type\":\"Organization\",\"@id\":\"https:\\\/\\\/pans.krosno.pl\\\/pracownicy\\\/#organization\",\"name\":\"Pracownicy PANS w Kro\u015bnie\",\"url\":\"https:\\\/\\\/pans.krosno.pl\\\/pracownicy\\\/\",\"logo\":{\"@type\":\"ImageObject\",\"inLanguage\":\"pl-PL\",\"@id\":\"https:\\\/\\\/pans.krosno.pl\\\/pracownicy\\\/#\\\/schema\\\/logo\\\/image\\\/\",\"url\":\"https:\\\/\\\/pans.krosno.pl\\\/pracownicy\\\/wp-content\\\/uploads\\\/sites\\\/41\\\/2023\\\/01\\\/Logo-PANS-2022-pelne.png\",\"contentUrl\":\"https:\\\/\\\/pans.krosno.pl\\\/pracownicy\\\/wp-content\\\/uploads\\\/sites\\\/41\\\/2023\\\/01\\\/Logo-PANS-2022-pelne.png\",\"width\":3096,\"height\":696,\"caption\":\"Pracownicy PANS w Kro\u015bnie\"},\"image\":{\"@id\":\"https:\\\/\\\/pans.krosno.pl\\\/pracownicy\\\/#\\\/schema\\\/logo\\\/image\\\/\"}}]}<\/script>\n<!-- \/ Yoast SEO Premium plugin. -->","yoast_head_json":{"title":"m\u0142. bryg. w st. spocz. dr in\u017c. Jacek K\u0119dra - Najwa\u017cniejsze publikacje - Pracownicy PANS w Kro\u015bnie","robots":{"index":"index","follow":"follow","max-snippet":"max-snippet:-1","max-image-preview":"max-image-preview:large","max-video-preview":"max-video-preview:-1"},"canonical":"https:\/\/pans.krosno.pl\/pracownicy\/jacek-kedra\/jacek-kedra-najwazniejsze-publikacje\/","og_locale":"pl_PL","og_type":"article","og_title":"m\u0142. bryg. w st. spocz. dr in\u017c. Jacek K\u0119dra - Najwa\u017cniejsze publikacje","og_description":"Dorobek naukowy obejmuje kilka publikacji obejmuj\u0105cych sw\u0105 tematyk\u0105 zagadnienia zwi\u0105zane z og\u00f3lnie rozumianym bezpiecze\u0144stwem. Dorobek naukowy wzbogaca uczestnictwo w wielu konferencjach, forach oraz sympozjach naukowych, jak r\u00f3wnie\u017c uczestnictwo w r\u00f3\u017cnego rodzaju programach i grupach eksperckich poruszaj\u0105cych si\u0119 w ramach bezpiecze\u0144stwa wewn\u0119trznego. Najwa\u017cniejsze z nich to:","og_url":"https:\/\/pans.krosno.pl\/pracownicy\/jacek-kedra\/jacek-kedra-najwazniejsze-publikacje\/","og_site_name":"Pracownicy PANS w Kro\u015bnie","article_modified_time":"2026-02-26T15:10:40+00:00","twitter_card":"summary_large_image","twitter_misc":{"Szacowany czas czytania":"1 minuta"},"schema":{"@context":"https:\/\/schema.org","@graph":[{"@type":"WebPage","@id":"https:\/\/pans.krosno.pl\/pracownicy\/jacek-kedra\/jacek-kedra-najwazniejsze-publikacje\/","url":"https:\/\/pans.krosno.pl\/pracownicy\/jacek-kedra\/jacek-kedra-najwazniejsze-publikacje\/","name":"m\u0142. bryg. w st. spocz. dr in\u017c. Jacek K\u0119dra - Najwa\u017cniejsze publikacje - Pracownicy PANS w Kro\u015bnie","isPartOf":{"@id":"https:\/\/pans.krosno.pl\/pracownicy\/#website"},"datePublished":"2026-02-26T15:06:44+00:00","dateModified":"2026-02-26T15:10:40+00:00","breadcrumb":{"@id":"https:\/\/pans.krosno.pl\/pracownicy\/jacek-kedra\/jacek-kedra-najwazniejsze-publikacje\/#breadcrumb"},"inLanguage":"pl-PL","potentialAction":[{"@type":"ReadAction","target":["https:\/\/pans.krosno.pl\/pracownicy\/jacek-kedra\/jacek-kedra-najwazniejsze-publikacje\/"]}]},{"@type":"BreadcrumbList","@id":"https:\/\/pans.krosno.pl\/pracownicy\/jacek-kedra\/jacek-kedra-najwazniejsze-publikacje\/#breadcrumb","itemListElement":[{"@type":"ListItem","position":1,"name":"Strona g\u0142\u00f3wna","item":"https:\/\/pans.krosno.pl\/pracownicy\/"},{"@type":"ListItem","position":2,"name":"m\u0142. bryg. w st. spocz. dr in\u017c. Jacek K\u0119dra","item":"https:\/\/pans.krosno.pl\/pracownicy\/jacek-kedra\/"},{"@type":"ListItem","position":3,"name":"m\u0142. bryg. w st. spocz. dr in\u017c. Jacek K\u0119dra &#8211; Najwa\u017cniejsze publikacje"}]},{"@type":"WebSite","@id":"https:\/\/pans.krosno.pl\/pracownicy\/#website","url":"https:\/\/pans.krosno.pl\/pracownicy\/","name":"Pracownicy PANS w Kro\u015bnie","description":"Pracownicy - Pa\u0144stwowa Akademia Nauk Stosowanych","publisher":{"@id":"https:\/\/pans.krosno.pl\/pracownicy\/#organization"},"potentialAction":[{"@type":"SearchAction","target":{"@type":"EntryPoint","urlTemplate":"https:\/\/pans.krosno.pl\/pracownicy\/?s={search_term_string}"},"query-input":{"@type":"PropertyValueSpecification","valueRequired":true,"valueName":"search_term_string"}}],"inLanguage":"pl-PL"},{"@type":"Organization","@id":"https:\/\/pans.krosno.pl\/pracownicy\/#organization","name":"Pracownicy PANS w Kro\u015bnie","url":"https:\/\/pans.krosno.pl\/pracownicy\/","logo":{"@type":"ImageObject","inLanguage":"pl-PL","@id":"https:\/\/pans.krosno.pl\/pracownicy\/#\/schema\/logo\/image\/","url":"https:\/\/pans.krosno.pl\/pracownicy\/wp-content\/uploads\/sites\/41\/2023\/01\/Logo-PANS-2022-pelne.png","contentUrl":"https:\/\/pans.krosno.pl\/pracownicy\/wp-content\/uploads\/sites\/41\/2023\/01\/Logo-PANS-2022-pelne.png","width":3096,"height":696,"caption":"Pracownicy PANS w Kro\u015bnie"},"image":{"@id":"https:\/\/pans.krosno.pl\/pracownicy\/#\/schema\/logo\/image\/"}}]}},"_links":{"self":[{"href":"https:\/\/pans.krosno.pl\/pracownicy\/wp-json\/wp\/v2\/pages\/11635","targetHints":{"allow":["GET"]}}],"collection":[{"href":"https:\/\/pans.krosno.pl\/pracownicy\/wp-json\/wp\/v2\/pages"}],"about":[{"href":"https:\/\/pans.krosno.pl\/pracownicy\/wp-json\/wp\/v2\/types\/page"}],"author":[{"embeddable":true,"href":"https:\/\/pans.krosno.pl\/pracownicy\/wp-json\/wp\/v2\/users\/27"}],"replies":[{"embeddable":true,"href":"https:\/\/pans.krosno.pl\/pracownicy\/wp-json\/wp\/v2\/comments?post=11635"}],"version-history":[{"count":1,"href":"https:\/\/pans.krosno.pl\/pracownicy\/wp-json\/wp\/v2\/pages\/11635\/revisions"}],"predecessor-version":[{"id":11636,"href":"https:\/\/pans.krosno.pl\/pracownicy\/wp-json\/wp\/v2\/pages\/11635\/revisions\/11636"}],"up":[{"embeddable":true,"href":"https:\/\/pans.krosno.pl\/pracownicy\/wp-json\/wp\/v2\/pages\/11634"}],"wp:attachment":[{"href":"https:\/\/pans.krosno.pl\/pracownicy\/wp-json\/wp\/v2\/media?parent=11635"}],"curies":[{"name":"wp","href":"https:\/\/api.w.org\/{rel}","templated":true}]}}