{"id":11627,"date":"2026-02-26T15:59:51","date_gmt":"2026-02-26T14:59:51","guid":{"rendered":"https:\/\/pans.krosno.pl\/pracownicy\/?page_id=11627"},"modified":"2026-02-26T16:03:13","modified_gmt":"2026-02-26T15:03:13","slug":"ewelina-duell-doswiadczenie-pozauczelniane","status":"publish","type":"page","link":"https:\/\/pans.krosno.pl\/pracownicy\/ewelina-duell\/ewelina-duell-doswiadczenie-pozauczelniane\/","title":{"rendered":"mgr Ewelina Duell &#8211; Do\u015bwiadczenie pozauczelniane"},"content":{"rendered":"\n<p>By\u0142y funkcjonariusz Policji z wieloletnim sta\u017cem pracy na stanowisku kierowniczym, w tym Naczelnika Wydzia\u0142u Kryminalnego.<\/p>\n\n\n\n<p><strong>Posiada liczne szkolenia i kursy specjalistyczne:<\/strong><\/p>\n\n\n\n<ul class=\"wp-block-list\">\n<li>Kurs Specjalistyczny \u2013 Nadz\u00f3r nad czynno\u015bciami procesowymi wykonywanymi przez Policj\u0119 (Szko\u0142a Policji w Pile)<\/li>\n\n\n\n<li>Kurs Specjalistyczny dla kadry kierowniczej \u2013 Zarz\u0105dzanie zasobami ludzkimi (Szko\u0142a Policji w Katowicach)<\/li>\n\n\n\n<li>Kurs Specjalistyczny \u2013 Prowadzenie nadzoru nad czynno\u015bciami zmierzaj\u0105cymi do zabezpieczenia maj\u0105tkowego (Wy\u017csza Szko\u0142a Policji w Szczytnie)<\/li>\n\n\n\n<li>Kurs Specjalistyczny \u2013 Policjanci s\u0142u\u017cby kryminalnej wykonuj\u0105cy czynno\u015bci dochodzeniowo-\u015bledcze (Szko\u0142a Policji w Pile)<\/li>\n\n\n\n<li>Szkolenie zawodowe dla absolwent\u00f3w szk\u00f3\u0142 wy\u017cszych (Wy\u017csza Szko\u0142a Policji w Szczytnie)<\/li>\n\n\n\n<li>Liczne kursy z zakresu bezpiecze\u0144stwa, higieny pracy, prawa karnego i informatyki \u015bledczej<\/li>\n<\/ul>\n\n\n\n<p>Dysponuje bogatym do\u015bwiadczeniem w zakresie:<\/p>\n\n\n\n<ul class=\"wp-block-list\">\n<li>Zarz\u0105dzania zasobami ludzkimi i organizacji pracy zespo\u0142\u00f3w<\/li>\n\n\n\n<li>Prowadzenia czynno\u015bci dochodzeniowo-\u015bledczych z zakresu przest\u0119pczo\u015bci gospodarczej jak r\u00f3wnie\u017c przeciwko \u017cyciu i mieniu.<\/li>\n\n\n\n<li>Nadzoru nad dokumentacj\u0105 i dowodami rzeczowymi<\/li>\n\n\n\n<li>Wsp\u00f3\u0142pracy z prokuratur\u0105, s\u0105dami i instytucjami pa\u0144stwowymi<\/li>\n\n\n\n<li>Szkolenia pracownik\u00f3w oraz udzielania instrukta\u017cu z zakresu prawa karnego<\/li>\n<\/ul>\n\n\n\n<p>Osoba komunikatywna, kreatywna i otwarta na wsp\u00f3\u0142prac\u0119 zespo\u0142ow\u0105, z zainteresowaniem bezpiecze\u0144stwem ekonomicznym oraz cybernetycznym organizacji.<\/p>\n","protected":false},"excerpt":{"rendered":"<p>By\u0142y funkcjonariusz Policji z wieloletnim sta\u017cem pracy na stanowisku kierowniczym, w tym Naczelnika Wydzia\u0142u Kryminalnego. Posiada liczne szkolenia i kursy specjalistyczne: Dysponuje bogatym do\u015bwiadczeniem w zakresie: Osoba komunikatywna, kreatywna i otwarta na wsp\u00f3\u0142prac\u0119 zespo\u0142ow\u0105, z zainteresowaniem bezpiecze\u0144stwem ekonomicznym oraz cybernetycznym organizacji.<\/p>\n","protected":false},"author":27,"featured_media":0,"parent":11624,"menu_order":0,"comment_status":"closed","ping_status":"closed","template":"","meta":{"ngg_post_thumbnail":0,"footnotes":""},"class_list":["post-11627","page","type-page","status-publish","hentry"],"yoast_head":"<!-- This site is optimized with the Yoast SEO Premium plugin v27.3 (Yoast SEO v27.3) - https:\/\/yoast.com\/product\/yoast-seo-premium-wordpress\/ -->\n<title>mgr Ewelina Duell - Do\u015bwiadczenie pozauczelniane - Pracownicy PANS w Kro\u015bnie<\/title>\n<meta name=\"robots\" content=\"index, follow, max-snippet:-1, max-image-preview:large, max-video-preview:-1\" \/>\n<link rel=\"canonical\" href=\"https:\/\/pans.krosno.pl\/pracownicy\/ewelina-duell\/ewelina-duell-doswiadczenie-pozauczelniane\/\" \/>\n<meta property=\"og:locale\" content=\"pl_PL\" \/>\n<meta property=\"og:type\" content=\"article\" \/>\n<meta property=\"og:title\" content=\"mgr Ewelina Duell - Do\u015bwiadczenie pozauczelniane\" \/>\n<meta property=\"og:description\" content=\"By\u0142y funkcjonariusz Policji z wieloletnim sta\u017cem pracy na stanowisku kierowniczym, w tym Naczelnika Wydzia\u0142u Kryminalnego. Posiada liczne szkolenia i kursy specjalistyczne: Dysponuje bogatym do\u015bwiadczeniem w zakresie: Osoba komunikatywna, kreatywna i otwarta na wsp\u00f3\u0142prac\u0119 zespo\u0142ow\u0105, z zainteresowaniem bezpiecze\u0144stwem ekonomicznym oraz cybernetycznym organizacji.\" \/>\n<meta property=\"og:url\" content=\"https:\/\/pans.krosno.pl\/pracownicy\/ewelina-duell\/ewelina-duell-doswiadczenie-pozauczelniane\/\" \/>\n<meta property=\"og:site_name\" content=\"Pracownicy PANS w Kro\u015bnie\" \/>\n<meta property=\"article:modified_time\" content=\"2026-02-26T15:03:13+00:00\" \/>\n<meta name=\"twitter:card\" content=\"summary_large_image\" \/>\n<meta name=\"twitter:label1\" content=\"Szacowany czas czytania\" \/>\n\t<meta name=\"twitter:data1\" content=\"1 minuta\" \/>\n<script type=\"application\/ld+json\" class=\"yoast-schema-graph\">{\"@context\":\"https:\\\/\\\/schema.org\",\"@graph\":[{\"@type\":\"WebPage\",\"@id\":\"https:\\\/\\\/pans.krosno.pl\\\/pracownicy\\\/ewelina-duell\\\/ewelina-duell-doswiadczenie-pozauczelniane\\\/\",\"url\":\"https:\\\/\\\/pans.krosno.pl\\\/pracownicy\\\/ewelina-duell\\\/ewelina-duell-doswiadczenie-pozauczelniane\\\/\",\"name\":\"mgr Ewelina Duell - Do\u015bwiadczenie pozauczelniane - Pracownicy PANS w Kro\u015bnie\",\"isPartOf\":{\"@id\":\"https:\\\/\\\/pans.krosno.pl\\\/pracownicy\\\/#website\"},\"datePublished\":\"2026-02-26T14:59:51+00:00\",\"dateModified\":\"2026-02-26T15:03:13+00:00\",\"breadcrumb\":{\"@id\":\"https:\\\/\\\/pans.krosno.pl\\\/pracownicy\\\/ewelina-duell\\\/ewelina-duell-doswiadczenie-pozauczelniane\\\/#breadcrumb\"},\"inLanguage\":\"pl-PL\",\"potentialAction\":[{\"@type\":\"ReadAction\",\"target\":[\"https:\\\/\\\/pans.krosno.pl\\\/pracownicy\\\/ewelina-duell\\\/ewelina-duell-doswiadczenie-pozauczelniane\\\/\"]}]},{\"@type\":\"BreadcrumbList\",\"@id\":\"https:\\\/\\\/pans.krosno.pl\\\/pracownicy\\\/ewelina-duell\\\/ewelina-duell-doswiadczenie-pozauczelniane\\\/#breadcrumb\",\"itemListElement\":[{\"@type\":\"ListItem\",\"position\":1,\"name\":\"Strona g\u0142\u00f3wna\",\"item\":\"https:\\\/\\\/pans.krosno.pl\\\/pracownicy\\\/\"},{\"@type\":\"ListItem\",\"position\":2,\"name\":\"mgr Ewelina Duell\",\"item\":\"https:\\\/\\\/pans.krosno.pl\\\/pracownicy\\\/ewelina-duell\\\/\"},{\"@type\":\"ListItem\",\"position\":3,\"name\":\"mgr Ewelina Duell &#8211; Do\u015bwiadczenie pozauczelniane\"}]},{\"@type\":\"WebSite\",\"@id\":\"https:\\\/\\\/pans.krosno.pl\\\/pracownicy\\\/#website\",\"url\":\"https:\\\/\\\/pans.krosno.pl\\\/pracownicy\\\/\",\"name\":\"Pracownicy PANS w Kro\u015bnie\",\"description\":\"Pracownicy - Pa\u0144stwowa Akademia Nauk Stosowanych\",\"publisher\":{\"@id\":\"https:\\\/\\\/pans.krosno.pl\\\/pracownicy\\\/#organization\"},\"potentialAction\":[{\"@type\":\"SearchAction\",\"target\":{\"@type\":\"EntryPoint\",\"urlTemplate\":\"https:\\\/\\\/pans.krosno.pl\\\/pracownicy\\\/?s={search_term_string}\"},\"query-input\":{\"@type\":\"PropertyValueSpecification\",\"valueRequired\":true,\"valueName\":\"search_term_string\"}}],\"inLanguage\":\"pl-PL\"},{\"@type\":\"Organization\",\"@id\":\"https:\\\/\\\/pans.krosno.pl\\\/pracownicy\\\/#organization\",\"name\":\"Pracownicy PANS w Kro\u015bnie\",\"url\":\"https:\\\/\\\/pans.krosno.pl\\\/pracownicy\\\/\",\"logo\":{\"@type\":\"ImageObject\",\"inLanguage\":\"pl-PL\",\"@id\":\"https:\\\/\\\/pans.krosno.pl\\\/pracownicy\\\/#\\\/schema\\\/logo\\\/image\\\/\",\"url\":\"https:\\\/\\\/pans.krosno.pl\\\/pracownicy\\\/wp-content\\\/uploads\\\/sites\\\/41\\\/2023\\\/01\\\/Logo-PANS-2022-pelne.png\",\"contentUrl\":\"https:\\\/\\\/pans.krosno.pl\\\/pracownicy\\\/wp-content\\\/uploads\\\/sites\\\/41\\\/2023\\\/01\\\/Logo-PANS-2022-pelne.png\",\"width\":3096,\"height\":696,\"caption\":\"Pracownicy PANS w Kro\u015bnie\"},\"image\":{\"@id\":\"https:\\\/\\\/pans.krosno.pl\\\/pracownicy\\\/#\\\/schema\\\/logo\\\/image\\\/\"}}]}<\/script>\n<!-- \/ Yoast SEO Premium plugin. -->","yoast_head_json":{"title":"mgr Ewelina Duell - Do\u015bwiadczenie pozauczelniane - Pracownicy PANS w Kro\u015bnie","robots":{"index":"index","follow":"follow","max-snippet":"max-snippet:-1","max-image-preview":"max-image-preview:large","max-video-preview":"max-video-preview:-1"},"canonical":"https:\/\/pans.krosno.pl\/pracownicy\/ewelina-duell\/ewelina-duell-doswiadczenie-pozauczelniane\/","og_locale":"pl_PL","og_type":"article","og_title":"mgr Ewelina Duell - Do\u015bwiadczenie pozauczelniane","og_description":"By\u0142y funkcjonariusz Policji z wieloletnim sta\u017cem pracy na stanowisku kierowniczym, w tym Naczelnika Wydzia\u0142u Kryminalnego. Posiada liczne szkolenia i kursy specjalistyczne: Dysponuje bogatym do\u015bwiadczeniem w zakresie: Osoba komunikatywna, kreatywna i otwarta na wsp\u00f3\u0142prac\u0119 zespo\u0142ow\u0105, z zainteresowaniem bezpiecze\u0144stwem ekonomicznym oraz cybernetycznym organizacji.","og_url":"https:\/\/pans.krosno.pl\/pracownicy\/ewelina-duell\/ewelina-duell-doswiadczenie-pozauczelniane\/","og_site_name":"Pracownicy PANS w Kro\u015bnie","article_modified_time":"2026-02-26T15:03:13+00:00","twitter_card":"summary_large_image","twitter_misc":{"Szacowany czas czytania":"1 minuta"},"schema":{"@context":"https:\/\/schema.org","@graph":[{"@type":"WebPage","@id":"https:\/\/pans.krosno.pl\/pracownicy\/ewelina-duell\/ewelina-duell-doswiadczenie-pozauczelniane\/","url":"https:\/\/pans.krosno.pl\/pracownicy\/ewelina-duell\/ewelina-duell-doswiadczenie-pozauczelniane\/","name":"mgr Ewelina Duell - Do\u015bwiadczenie pozauczelniane - Pracownicy PANS w Kro\u015bnie","isPartOf":{"@id":"https:\/\/pans.krosno.pl\/pracownicy\/#website"},"datePublished":"2026-02-26T14:59:51+00:00","dateModified":"2026-02-26T15:03:13+00:00","breadcrumb":{"@id":"https:\/\/pans.krosno.pl\/pracownicy\/ewelina-duell\/ewelina-duell-doswiadczenie-pozauczelniane\/#breadcrumb"},"inLanguage":"pl-PL","potentialAction":[{"@type":"ReadAction","target":["https:\/\/pans.krosno.pl\/pracownicy\/ewelina-duell\/ewelina-duell-doswiadczenie-pozauczelniane\/"]}]},{"@type":"BreadcrumbList","@id":"https:\/\/pans.krosno.pl\/pracownicy\/ewelina-duell\/ewelina-duell-doswiadczenie-pozauczelniane\/#breadcrumb","itemListElement":[{"@type":"ListItem","position":1,"name":"Strona g\u0142\u00f3wna","item":"https:\/\/pans.krosno.pl\/pracownicy\/"},{"@type":"ListItem","position":2,"name":"mgr Ewelina Duell","item":"https:\/\/pans.krosno.pl\/pracownicy\/ewelina-duell\/"},{"@type":"ListItem","position":3,"name":"mgr Ewelina Duell &#8211; Do\u015bwiadczenie pozauczelniane"}]},{"@type":"WebSite","@id":"https:\/\/pans.krosno.pl\/pracownicy\/#website","url":"https:\/\/pans.krosno.pl\/pracownicy\/","name":"Pracownicy PANS w Kro\u015bnie","description":"Pracownicy - Pa\u0144stwowa Akademia Nauk Stosowanych","publisher":{"@id":"https:\/\/pans.krosno.pl\/pracownicy\/#organization"},"potentialAction":[{"@type":"SearchAction","target":{"@type":"EntryPoint","urlTemplate":"https:\/\/pans.krosno.pl\/pracownicy\/?s={search_term_string}"},"query-input":{"@type":"PropertyValueSpecification","valueRequired":true,"valueName":"search_term_string"}}],"inLanguage":"pl-PL"},{"@type":"Organization","@id":"https:\/\/pans.krosno.pl\/pracownicy\/#organization","name":"Pracownicy PANS w Kro\u015bnie","url":"https:\/\/pans.krosno.pl\/pracownicy\/","logo":{"@type":"ImageObject","inLanguage":"pl-PL","@id":"https:\/\/pans.krosno.pl\/pracownicy\/#\/schema\/logo\/image\/","url":"https:\/\/pans.krosno.pl\/pracownicy\/wp-content\/uploads\/sites\/41\/2023\/01\/Logo-PANS-2022-pelne.png","contentUrl":"https:\/\/pans.krosno.pl\/pracownicy\/wp-content\/uploads\/sites\/41\/2023\/01\/Logo-PANS-2022-pelne.png","width":3096,"height":696,"caption":"Pracownicy PANS w Kro\u015bnie"},"image":{"@id":"https:\/\/pans.krosno.pl\/pracownicy\/#\/schema\/logo\/image\/"}}]}},"_links":{"self":[{"href":"https:\/\/pans.krosno.pl\/pracownicy\/wp-json\/wp\/v2\/pages\/11627","targetHints":{"allow":["GET"]}}],"collection":[{"href":"https:\/\/pans.krosno.pl\/pracownicy\/wp-json\/wp\/v2\/pages"}],"about":[{"href":"https:\/\/pans.krosno.pl\/pracownicy\/wp-json\/wp\/v2\/types\/page"}],"author":[{"embeddable":true,"href":"https:\/\/pans.krosno.pl\/pracownicy\/wp-json\/wp\/v2\/users\/27"}],"replies":[{"embeddable":true,"href":"https:\/\/pans.krosno.pl\/pracownicy\/wp-json\/wp\/v2\/comments?post=11627"}],"version-history":[{"count":1,"href":"https:\/\/pans.krosno.pl\/pracownicy\/wp-json\/wp\/v2\/pages\/11627\/revisions"}],"predecessor-version":[{"id":11628,"href":"https:\/\/pans.krosno.pl\/pracownicy\/wp-json\/wp\/v2\/pages\/11627\/revisions\/11628"}],"up":[{"embeddable":true,"href":"https:\/\/pans.krosno.pl\/pracownicy\/wp-json\/wp\/v2\/pages\/11624"}],"wp:attachment":[{"href":"https:\/\/pans.krosno.pl\/pracownicy\/wp-json\/wp\/v2\/media?parent=11627"}],"curies":[{"name":"wp","href":"https:\/\/api.w.org\/{rel}","templated":true}]}}