{"id":11614,"date":"2026-01-27T20:38:56","date_gmt":"2026-01-27T19:38:56","guid":{"rendered":"https:\/\/pans.krosno.pl\/pracownicy\/?page_id=11614"},"modified":"2026-01-27T20:42:57","modified_gmt":"2026-01-27T19:42:57","slug":"malgorzata-szeliga-najwazniejsze-publikacje","status":"publish","type":"page","link":"https:\/\/pans.krosno.pl\/pracownicy\/malgorzata-szeliga\/malgorzata-szeliga-najwazniejsze-publikacje\/","title":{"rendered":"dr in\u017c. Ma\u0142gorzata Szeliga \u2013 Najwa\u017cniejsze publikacje"},"content":{"rendered":"\n<p>Publikacje<\/p>\n\n\n\n<ol class=\"wp-block-list\">\n<li>Szeliga M., Rachunek koszt\u00f3w jako podstawowy instrument zarz\u0105dzania finansowego w podmiotach leczniczych, [w:] M. Lisi\u0144ski, M. Wr\u00f3bel (red.), Wsp\u00f3\u0142czesne problemy zarz\u0105dzania organizacjami, Wydawnictwo Naukowe Wy\u017csza Szko\u0142a Biznesu w D\u0105browie G\u00f3rniczej, D\u0105browa G\u00f3rnicza 2016.<\/li>\n\n\n\n<li>Szeliga M., Innowacyjno\u015b\u0107 we wsp\u00f3\u0142czesnej gospodarce Polski, a niewykorzystany potencja\u0142 wsp\u00f3\u0142pracy nauki z biznesem, Zeszyty Naukowe Wy\u017cszej Szko\u0142y Humanitas, Zarz\u0105dzanie, t. XVII, Nr 4, Sosnowiec 2016; ISSN 1899-8658, s. 243-256.<\/li>\n\n\n\n<li>Szeliga M., Obiektywizm zatrudniania i traktowania personelu, a wydajno\u015b\u0107 kapita\u0142u ludzkiego w przedsi\u0119biorstwie, [w:] M. Smolarek (red.), Wsp\u00f3\u0142czesne problemy zarz\u0105dzania kapita\u0142em ludzkim w organizacjach, Oficyna Wydawnicza Humanitas, Sosnowiec 2016, ISBN: 978-83-65682-30-7, s. 51\u201358.<\/li>\n\n\n\n<li>Szeliga M., Institutional trust and organisational commitment on the example of a healthcare entity, World Scientific News; EISSN 2392-2192. &#8211; 2016 vol. 57, s. 309-323.<\/li>\n\n\n\n<li>Lewicka D., Szeliga M., Zaufanie wertykalne a zaanga\u017cowanie organizacyjne na przyk\u0142adzie podmiotu leczniczego, Zeszyty Naukowe Wy\u017cszej Szko\u0142y Humanitas, Zarz\u0105dzanie t. XVII, Nr 1, Sosnowiec 2016; ISSN 1899-8658, s. 205-224.<\/li>\n\n\n\n<li>Szeliga M., Mobbing jako patologia wyst\u0119puj\u0105ca w zarz\u0105dzaniu zasobami ludzkimi \u2013 uj\u0119cie teoretyczne, [w:] H. Chwistecka-Dudek, J. Dzie\u0144dziora (red.), Psychospo\u0142eczne aspekty zachowa\u0144 ludzi w organizacjach, Wy\u017csza Szko\u0142a Biznesu w D\u0105browie G\u00f3rniczej, D\u0105browa G\u00f3rnicza 2015; ISBN: 978-83-64927-63-8., s. 127\u2013152.<\/li>\n\n\n\n<li>Ksi\u0105\u017cek D., Lewicka D., Szeliga M., Zaanga\u017cowanie organizacyjne a profesjonalne na przyk\u0142adzie pracownik\u00f3w szpitala, [w:] M. Czajkowskiej, <a href=\"red.\">et al.<\/a>, Zachowania organizacyjne. Relacje spo\u0142eczne w przestrzeni zmian, Wydawnictwo Uniwersytetu \u0141\u00f3dzkiego, \u0141\u00f3d\u017a 2015; ISBN: 978-83-7969-802-8, e-ISBN: 978-83-7969-803-5, s. 143\u2013153.<\/li>\n\n\n\n<li>Szeliga M., Kultura organizacyjna a zarz\u0105dzanie, [w:] P. Lenik [et al.], Zarz\u0105dzanie organizacjami, Wydawnictwo Pa\u0144stwowej Wy\u017cszej Szko\u0142y Zawodowej im. Stanis\u0142awa Pigonia w Kro\u015bnie, Krosno 2018.<\/li>\n\n\n\n<li>J. Kilar, M. Szeliga, M. Kilar, Work Safety on farm in Poland \u2013 legal, social and technological conditions, Politics &amp; Security, Vol. 12 No. 2 (2025), ISSN 2535-0358, s. 15-31.<\/li>\n\n\n\n<li>J. Kilar, M. Szeliga, M. Kilar, Analysis of safety and causes of accidents at work in agriculture in Poland, Politics &amp; Security, Vol. 12 No. 2 (2025), ISSN 2535-0358, s. 5-14.<\/li>\n<\/ol>\n","protected":false},"excerpt":{"rendered":"<p>Publikacje<\/p>\n","protected":false},"author":27,"featured_media":0,"parent":11608,"menu_order":0,"comment_status":"closed","ping_status":"closed","template":"","meta":{"ngg_post_thumbnail":0,"footnotes":""},"class_list":["post-11614","page","type-page","status-publish","hentry"],"yoast_head":"<!-- This site is optimized with the Yoast SEO Premium plugin v27.4 (Yoast SEO v27.4) - https:\/\/yoast.com\/product\/yoast-seo-premium-wordpress\/ -->\n<title>dr in\u017c. Ma\u0142gorzata Szeliga \u2013 Najwa\u017cniejsze publikacje - Pracownicy PANS w Kro\u015bnie<\/title>\n<meta name=\"robots\" content=\"index, follow, max-snippet:-1, max-image-preview:large, max-video-preview:-1\" \/>\n<link rel=\"canonical\" href=\"https:\/\/pans.krosno.pl\/pracownicy\/malgorzata-szeliga\/malgorzata-szeliga-najwazniejsze-publikacje\/\" \/>\n<meta property=\"og:locale\" content=\"pl_PL\" \/>\n<meta property=\"og:type\" content=\"article\" \/>\n<meta property=\"og:title\" content=\"dr in\u017c. Ma\u0142gorzata Szeliga \u2013 Najwa\u017cniejsze publikacje\" \/>\n<meta property=\"og:description\" content=\"Publikacje\" \/>\n<meta property=\"og:url\" content=\"https:\/\/pans.krosno.pl\/pracownicy\/malgorzata-szeliga\/malgorzata-szeliga-najwazniejsze-publikacje\/\" \/>\n<meta property=\"og:site_name\" content=\"Pracownicy PANS w Kro\u015bnie\" \/>\n<meta property=\"article:modified_time\" content=\"2026-01-27T19:42:57+00:00\" \/>\n<meta name=\"twitter:card\" content=\"summary_large_image\" \/>\n<meta name=\"twitter:label1\" content=\"Szacowany czas czytania\" \/>\n\t<meta name=\"twitter:data1\" content=\"2 minuty\" \/>\n<script type=\"application\/ld+json\" class=\"yoast-schema-graph\">{\"@context\":\"https:\\\/\\\/schema.org\",\"@graph\":[{\"@type\":\"WebPage\",\"@id\":\"https:\\\/\\\/pans.krosno.pl\\\/pracownicy\\\/malgorzata-szeliga\\\/malgorzata-szeliga-najwazniejsze-publikacje\\\/\",\"url\":\"https:\\\/\\\/pans.krosno.pl\\\/pracownicy\\\/malgorzata-szeliga\\\/malgorzata-szeliga-najwazniejsze-publikacje\\\/\",\"name\":\"dr in\u017c. Ma\u0142gorzata Szeliga \u2013 Najwa\u017cniejsze publikacje - Pracownicy PANS w Kro\u015bnie\",\"isPartOf\":{\"@id\":\"https:\\\/\\\/pans.krosno.pl\\\/pracownicy\\\/#website\"},\"datePublished\":\"2026-01-27T19:38:56+00:00\",\"dateModified\":\"2026-01-27T19:42:57+00:00\",\"breadcrumb\":{\"@id\":\"https:\\\/\\\/pans.krosno.pl\\\/pracownicy\\\/malgorzata-szeliga\\\/malgorzata-szeliga-najwazniejsze-publikacje\\\/#breadcrumb\"},\"inLanguage\":\"pl-PL\",\"potentialAction\":[{\"@type\":\"ReadAction\",\"target\":[\"https:\\\/\\\/pans.krosno.pl\\\/pracownicy\\\/malgorzata-szeliga\\\/malgorzata-szeliga-najwazniejsze-publikacje\\\/\"]}]},{\"@type\":\"BreadcrumbList\",\"@id\":\"https:\\\/\\\/pans.krosno.pl\\\/pracownicy\\\/malgorzata-szeliga\\\/malgorzata-szeliga-najwazniejsze-publikacje\\\/#breadcrumb\",\"itemListElement\":[{\"@type\":\"ListItem\",\"position\":1,\"name\":\"Strona g\u0142\u00f3wna\",\"item\":\"https:\\\/\\\/pans.krosno.pl\\\/pracownicy\\\/\"},{\"@type\":\"ListItem\",\"position\":2,\"name\":\"dr in\u017c. Ma\u0142gorzata Szeliga\",\"item\":\"https:\\\/\\\/pans.krosno.pl\\\/pracownicy\\\/malgorzata-szeliga\\\/\"},{\"@type\":\"ListItem\",\"position\":3,\"name\":\"dr in\u017c. Ma\u0142gorzata Szeliga \u2013 Najwa\u017cniejsze publikacje\"}]},{\"@type\":\"WebSite\",\"@id\":\"https:\\\/\\\/pans.krosno.pl\\\/pracownicy\\\/#website\",\"url\":\"https:\\\/\\\/pans.krosno.pl\\\/pracownicy\\\/\",\"name\":\"Pracownicy PANS w Kro\u015bnie\",\"description\":\"Pracownicy - Pa\u0144stwowa Akademia Nauk Stosowanych\",\"publisher\":{\"@id\":\"https:\\\/\\\/pans.krosno.pl\\\/pracownicy\\\/#organization\"},\"potentialAction\":[{\"@type\":\"SearchAction\",\"target\":{\"@type\":\"EntryPoint\",\"urlTemplate\":\"https:\\\/\\\/pans.krosno.pl\\\/pracownicy\\\/?s={search_term_string}\"},\"query-input\":{\"@type\":\"PropertyValueSpecification\",\"valueRequired\":true,\"valueName\":\"search_term_string\"}}],\"inLanguage\":\"pl-PL\"},{\"@type\":\"Organization\",\"@id\":\"https:\\\/\\\/pans.krosno.pl\\\/pracownicy\\\/#organization\",\"name\":\"Pracownicy PANS w Kro\u015bnie\",\"url\":\"https:\\\/\\\/pans.krosno.pl\\\/pracownicy\\\/\",\"logo\":{\"@type\":\"ImageObject\",\"inLanguage\":\"pl-PL\",\"@id\":\"https:\\\/\\\/pans.krosno.pl\\\/pracownicy\\\/#\\\/schema\\\/logo\\\/image\\\/\",\"url\":\"https:\\\/\\\/pans.krosno.pl\\\/pracownicy\\\/wp-content\\\/uploads\\\/sites\\\/41\\\/2023\\\/01\\\/Logo-PANS-2022-pelne.png\",\"contentUrl\":\"https:\\\/\\\/pans.krosno.pl\\\/pracownicy\\\/wp-content\\\/uploads\\\/sites\\\/41\\\/2023\\\/01\\\/Logo-PANS-2022-pelne.png\",\"width\":3096,\"height\":696,\"caption\":\"Pracownicy PANS w Kro\u015bnie\"},\"image\":{\"@id\":\"https:\\\/\\\/pans.krosno.pl\\\/pracownicy\\\/#\\\/schema\\\/logo\\\/image\\\/\"}}]}<\/script>\n<!-- \/ Yoast SEO Premium plugin. -->","yoast_head_json":{"title":"dr in\u017c. Ma\u0142gorzata Szeliga \u2013 Najwa\u017cniejsze publikacje - Pracownicy PANS w Kro\u015bnie","robots":{"index":"index","follow":"follow","max-snippet":"max-snippet:-1","max-image-preview":"max-image-preview:large","max-video-preview":"max-video-preview:-1"},"canonical":"https:\/\/pans.krosno.pl\/pracownicy\/malgorzata-szeliga\/malgorzata-szeliga-najwazniejsze-publikacje\/","og_locale":"pl_PL","og_type":"article","og_title":"dr in\u017c. Ma\u0142gorzata Szeliga \u2013 Najwa\u017cniejsze publikacje","og_description":"Publikacje","og_url":"https:\/\/pans.krosno.pl\/pracownicy\/malgorzata-szeliga\/malgorzata-szeliga-najwazniejsze-publikacje\/","og_site_name":"Pracownicy PANS w Kro\u015bnie","article_modified_time":"2026-01-27T19:42:57+00:00","twitter_card":"summary_large_image","twitter_misc":{"Szacowany czas czytania":"2 minuty"},"schema":{"@context":"https:\/\/schema.org","@graph":[{"@type":"WebPage","@id":"https:\/\/pans.krosno.pl\/pracownicy\/malgorzata-szeliga\/malgorzata-szeliga-najwazniejsze-publikacje\/","url":"https:\/\/pans.krosno.pl\/pracownicy\/malgorzata-szeliga\/malgorzata-szeliga-najwazniejsze-publikacje\/","name":"dr in\u017c. Ma\u0142gorzata Szeliga \u2013 Najwa\u017cniejsze publikacje - Pracownicy PANS w Kro\u015bnie","isPartOf":{"@id":"https:\/\/pans.krosno.pl\/pracownicy\/#website"},"datePublished":"2026-01-27T19:38:56+00:00","dateModified":"2026-01-27T19:42:57+00:00","breadcrumb":{"@id":"https:\/\/pans.krosno.pl\/pracownicy\/malgorzata-szeliga\/malgorzata-szeliga-najwazniejsze-publikacje\/#breadcrumb"},"inLanguage":"pl-PL","potentialAction":[{"@type":"ReadAction","target":["https:\/\/pans.krosno.pl\/pracownicy\/malgorzata-szeliga\/malgorzata-szeliga-najwazniejsze-publikacje\/"]}]},{"@type":"BreadcrumbList","@id":"https:\/\/pans.krosno.pl\/pracownicy\/malgorzata-szeliga\/malgorzata-szeliga-najwazniejsze-publikacje\/#breadcrumb","itemListElement":[{"@type":"ListItem","position":1,"name":"Strona g\u0142\u00f3wna","item":"https:\/\/pans.krosno.pl\/pracownicy\/"},{"@type":"ListItem","position":2,"name":"dr in\u017c. Ma\u0142gorzata Szeliga","item":"https:\/\/pans.krosno.pl\/pracownicy\/malgorzata-szeliga\/"},{"@type":"ListItem","position":3,"name":"dr in\u017c. Ma\u0142gorzata Szeliga \u2013 Najwa\u017cniejsze publikacje"}]},{"@type":"WebSite","@id":"https:\/\/pans.krosno.pl\/pracownicy\/#website","url":"https:\/\/pans.krosno.pl\/pracownicy\/","name":"Pracownicy PANS w Kro\u015bnie","description":"Pracownicy - Pa\u0144stwowa Akademia Nauk Stosowanych","publisher":{"@id":"https:\/\/pans.krosno.pl\/pracownicy\/#organization"},"potentialAction":[{"@type":"SearchAction","target":{"@type":"EntryPoint","urlTemplate":"https:\/\/pans.krosno.pl\/pracownicy\/?s={search_term_string}"},"query-input":{"@type":"PropertyValueSpecification","valueRequired":true,"valueName":"search_term_string"}}],"inLanguage":"pl-PL"},{"@type":"Organization","@id":"https:\/\/pans.krosno.pl\/pracownicy\/#organization","name":"Pracownicy PANS w Kro\u015bnie","url":"https:\/\/pans.krosno.pl\/pracownicy\/","logo":{"@type":"ImageObject","inLanguage":"pl-PL","@id":"https:\/\/pans.krosno.pl\/pracownicy\/#\/schema\/logo\/image\/","url":"https:\/\/pans.krosno.pl\/pracownicy\/wp-content\/uploads\/sites\/41\/2023\/01\/Logo-PANS-2022-pelne.png","contentUrl":"https:\/\/pans.krosno.pl\/pracownicy\/wp-content\/uploads\/sites\/41\/2023\/01\/Logo-PANS-2022-pelne.png","width":3096,"height":696,"caption":"Pracownicy PANS w Kro\u015bnie"},"image":{"@id":"https:\/\/pans.krosno.pl\/pracownicy\/#\/schema\/logo\/image\/"}}]}},"_links":{"self":[{"href":"https:\/\/pans.krosno.pl\/pracownicy\/wp-json\/wp\/v2\/pages\/11614","targetHints":{"allow":["GET"]}}],"collection":[{"href":"https:\/\/pans.krosno.pl\/pracownicy\/wp-json\/wp\/v2\/pages"}],"about":[{"href":"https:\/\/pans.krosno.pl\/pracownicy\/wp-json\/wp\/v2\/types\/page"}],"author":[{"embeddable":true,"href":"https:\/\/pans.krosno.pl\/pracownicy\/wp-json\/wp\/v2\/users\/27"}],"replies":[{"embeddable":true,"href":"https:\/\/pans.krosno.pl\/pracownicy\/wp-json\/wp\/v2\/comments?post=11614"}],"version-history":[{"count":1,"href":"https:\/\/pans.krosno.pl\/pracownicy\/wp-json\/wp\/v2\/pages\/11614\/revisions"}],"predecessor-version":[{"id":11618,"href":"https:\/\/pans.krosno.pl\/pracownicy\/wp-json\/wp\/v2\/pages\/11614\/revisions\/11618"}],"up":[{"embeddable":true,"href":"https:\/\/pans.krosno.pl\/pracownicy\/wp-json\/wp\/v2\/pages\/11608"}],"wp:attachment":[{"href":"https:\/\/pans.krosno.pl\/pracownicy\/wp-json\/wp\/v2\/media?parent=11614"}],"curies":[{"name":"wp","href":"https:\/\/api.w.org\/{rel}","templated":true}]}}