{"id":11612,"date":"2026-01-27T20:37:11","date_gmt":"2026-01-27T19:37:11","guid":{"rendered":"https:\/\/pans.krosno.pl\/pracownicy\/?page_id=11612"},"modified":"2026-01-27T20:42:58","modified_gmt":"2026-01-27T19:42:58","slug":"malgorzata-szeliga-zyciorys-naukowy","status":"publish","type":"page","link":"https:\/\/pans.krosno.pl\/pracownicy\/malgorzata-szeliga\/malgorzata-szeliga-zyciorys-naukowy\/","title":{"rendered":"dr in\u017c. Ma\u0142gorzata Szeliga \u2013 \u017byciorys naukowy"},"content":{"rendered":"\n<p><strong>Wykszta\u0142cenie<\/strong><\/p>\n\n\n\n<ul class=\"wp-block-list\">\n<li>Stopie\u0144 naukowy doktora w dziedzinie nauk spo\u0142ecznych w dyscyplinie nauki o zarz\u0105dzaniu i jako\u015bci, Wydzia\u0142 Zarz\u0105dzania, Informatyki i Nauk Spo\u0142ecznych, Akademia WSB,<\/li>\n\n\n\n<li>Podyplomowe Studia Administracji Publicznej, Wydzia\u0142 Prawa i Administracji, Uniwersytet Jagiello\u0144ski w Krakowie,<\/li>\n\n\n\n<li>Studia Podyplomowe Master of Business Administration,\u00a0 Katolicki Uniwersytet Lubelski,<\/li>\n\n\n\n<li>Studia Podyplomowe Zarz\u0105dzanie Podmiotami Leczniczymi, Szko\u0142a Wy\u017csza im. Bogdana Ja\u0144skiego w Warszawie,<\/li>\n\n\n\n<li>Tytu\u0142 magistra: Wy\u017csza Szko\u0142a Informatyki i Zarz\u0105dzania w Rzeszowie, Kierunek: Ekonomia,<\/li>\n\n\n\n<li>Tytu\u0142 in\u017cyniera: Uczelnia Pa\u0144stwowa im. Jana Grodka w Sanoku, Kierunek: Gospodarka w ekosystemach rolnych i le\u015bnych,<\/li>\n\n\n\n<li>Medyczne Studium Zawodowe,<\/li>\n\n\n\n<li>Liceum Og\u00f3lnokszta\u0142c\u0105ce w Brzozowie, profil matematyczno-fizyczny.<\/li>\n<\/ul>\n\n\n\n<p>Od roku akademickiego 2013\/2014 r. \u2013 wyk\u0142adowca w Pa\u0144stwowej Wy\u017cszej Szkole Zawodowej im. Stanis\u0142awa Pigonia w Kro\u015bnie, Karpackiej Pa\u0144stwowej Uczelni w Kro\u015bnie, a obecnie Pa\u0144stwowej Akademii Nauk Stosowanych w Kro\u015bnie. Prowadzi zaj\u0119cia dydaktyczne na kierunku Zarz\u0105dzania. W latach 2023 \u2013 2025 wyk\u0142adowca, a nast\u0119pnie adiunkt w Uczelni Pa\u0144stwowej im. Jana Grodka w Sanoku, gdzie prowadzi\u0142a zaj\u0119cia dydaktyczne na kierunkach:<\/p>\n\n\n\n<p>Ekonomia, Fizjoterapia, Mechanika i budowa maszyn.<\/p>\n\n\n\n<p><strong>Uko\u0144czone kursy, szkolenia<\/strong><s><\/s><\/p>\n\n\n\n<ul class=\"wp-block-list\">\n<li>Certyfikowany Corporate Governance Manager &#8211; Akademia Leona Ko\u017ami\u0144skiego w Warszawie,<\/li>\n\n\n\n<li>Auditor Wewn\u0119trzny Systemu Zarz\u0105dzania Jako\u015bci\u0105 zgodnego z ISO 9001:2015,<\/li>\n\n\n\n<li>Mened\u017cer w ochronie zdrowia, Studium Prawa Europejskiego w Warszawie,<\/li>\n\n\n\n<li>Podstawy kosztorysowania, Studium Prawa Europejskiego w Warszawie,<\/li>\n\n\n\n<li>Specjalista do spraw HR,<\/li>\n\n\n\n<li>Sp\u00f3\u0142ka z ograniczon\u0105 odpowiedzialno\u015bci\u0105,<\/li>\n\n\n\n<li>Zarz\u0105dzanie kryzysowe w M\u015aP,<\/li>\n\n\n\n<li>Specjalista do spraw kadr i p\u0142ac w plac\u00f3wce leczniczej,<\/li>\n\n\n\n<li>Aplikowanie o \u015brodki pieni\u0119\u017cne z\u00a0funduszy\u00a0Unii\u00a0Europejskiej, Centrum Studi\u00f3w Samorz\u0105dowych w Kielcach.<\/li>\n<\/ul>\n\n\n\n<p>Udzia\u0142 w licznych konferencjach, kursach i szkoleniach menad\u017cerskich w zakresie finans\u00f3w, organizacji i zarz\u0105dzania.<\/p>\n","protected":false},"excerpt":{"rendered":"<p>Wykszta\u0142cenie Od roku akademickiego 2013\/2014 r. \u2013 wyk\u0142adowca w Pa\u0144stwowej Wy\u017cszej Szkole Zawodowej im. Stanis\u0142awa Pigonia w Kro\u015bnie, Karpackiej Pa\u0144stwowej Uczelni w Kro\u015bnie, a obecnie Pa\u0144stwowej Akademii Nauk Stosowanych w Kro\u015bnie. Prowadzi zaj\u0119cia dydaktyczne na kierunku Zarz\u0105dzania. W latach 2023 \u2013 2025 wyk\u0142adowca, a nast\u0119pnie adiunkt w Uczelni Pa\u0144stwowej im. [\u2026] <\/p>\n<div class=\"clear\"><\/div>\n<p><a class=\"more_link clearfix\" href=\"https:\/\/pans.krosno.pl\/pracownicy\/malgorzata-szeliga\/malgorzata-szeliga-zyciorys-naukowy\/\" rel=\"nofollow\">Read More<\/a><\/p>\n","protected":false},"author":27,"featured_media":0,"parent":11608,"menu_order":0,"comment_status":"closed","ping_status":"closed","template":"","meta":{"ngg_post_thumbnail":0,"footnotes":""},"class_list":["post-11612","page","type-page","status-publish","hentry"],"yoast_head":"<!-- This site is optimized with the Yoast SEO Premium plugin v27.4 (Yoast SEO v27.4) - https:\/\/yoast.com\/product\/yoast-seo-premium-wordpress\/ -->\n<title>dr in\u017c. Ma\u0142gorzata Szeliga \u2013 \u017byciorys naukowy - Pracownicy PANS w Kro\u015bnie<\/title>\n<meta name=\"robots\" content=\"index, follow, max-snippet:-1, max-image-preview:large, max-video-preview:-1\" \/>\n<link rel=\"canonical\" href=\"https:\/\/pans.krosno.pl\/pracownicy\/malgorzata-szeliga\/malgorzata-szeliga-zyciorys-naukowy\/\" \/>\n<meta property=\"og:locale\" content=\"pl_PL\" \/>\n<meta property=\"og:type\" content=\"article\" \/>\n<meta property=\"og:title\" content=\"dr in\u017c. Ma\u0142gorzata Szeliga \u2013 \u017byciorys naukowy\" \/>\n<meta property=\"og:description\" content=\"Wykszta\u0142cenie Od roku akademickiego 2013\/2014 r. \u2013 wyk\u0142adowca w Pa\u0144stwowej Wy\u017cszej Szkole Zawodowej im. Stanis\u0142awa Pigonia w Kro\u015bnie, Karpackiej Pa\u0144stwowej Uczelni w Kro\u015bnie, a obecnie Pa\u0144stwowej Akademii Nauk Stosowanych w Kro\u015bnie. Prowadzi zaj\u0119cia dydaktyczne na kierunku Zarz\u0105dzania. W latach 2023 \u2013 2025 wyk\u0142adowca, a nast\u0119pnie adiunkt w Uczelni Pa\u0144stwowej im. [\u2026] Read More\" \/>\n<meta property=\"og:url\" content=\"https:\/\/pans.krosno.pl\/pracownicy\/malgorzata-szeliga\/malgorzata-szeliga-zyciorys-naukowy\/\" \/>\n<meta property=\"og:site_name\" content=\"Pracownicy PANS w Kro\u015bnie\" \/>\n<meta property=\"article:modified_time\" content=\"2026-01-27T19:42:58+00:00\" \/>\n<meta name=\"twitter:card\" content=\"summary_large_image\" \/>\n<meta name=\"twitter:label1\" content=\"Szacowany czas czytania\" \/>\n\t<meta name=\"twitter:data1\" content=\"2 minuty\" \/>\n<script type=\"application\/ld+json\" class=\"yoast-schema-graph\">{\"@context\":\"https:\\\/\\\/schema.org\",\"@graph\":[{\"@type\":\"WebPage\",\"@id\":\"https:\\\/\\\/pans.krosno.pl\\\/pracownicy\\\/malgorzata-szeliga\\\/malgorzata-szeliga-zyciorys-naukowy\\\/\",\"url\":\"https:\\\/\\\/pans.krosno.pl\\\/pracownicy\\\/malgorzata-szeliga\\\/malgorzata-szeliga-zyciorys-naukowy\\\/\",\"name\":\"dr in\u017c. Ma\u0142gorzata Szeliga \u2013 \u017byciorys naukowy - Pracownicy PANS w Kro\u015bnie\",\"isPartOf\":{\"@id\":\"https:\\\/\\\/pans.krosno.pl\\\/pracownicy\\\/#website\"},\"datePublished\":\"2026-01-27T19:37:11+00:00\",\"dateModified\":\"2026-01-27T19:42:58+00:00\",\"breadcrumb\":{\"@id\":\"https:\\\/\\\/pans.krosno.pl\\\/pracownicy\\\/malgorzata-szeliga\\\/malgorzata-szeliga-zyciorys-naukowy\\\/#breadcrumb\"},\"inLanguage\":\"pl-PL\",\"potentialAction\":[{\"@type\":\"ReadAction\",\"target\":[\"https:\\\/\\\/pans.krosno.pl\\\/pracownicy\\\/malgorzata-szeliga\\\/malgorzata-szeliga-zyciorys-naukowy\\\/\"]}]},{\"@type\":\"BreadcrumbList\",\"@id\":\"https:\\\/\\\/pans.krosno.pl\\\/pracownicy\\\/malgorzata-szeliga\\\/malgorzata-szeliga-zyciorys-naukowy\\\/#breadcrumb\",\"itemListElement\":[{\"@type\":\"ListItem\",\"position\":1,\"name\":\"Strona g\u0142\u00f3wna\",\"item\":\"https:\\\/\\\/pans.krosno.pl\\\/pracownicy\\\/\"},{\"@type\":\"ListItem\",\"position\":2,\"name\":\"dr in\u017c. Ma\u0142gorzata Szeliga\",\"item\":\"https:\\\/\\\/pans.krosno.pl\\\/pracownicy\\\/malgorzata-szeliga\\\/\"},{\"@type\":\"ListItem\",\"position\":3,\"name\":\"dr in\u017c. Ma\u0142gorzata Szeliga \u2013 \u017byciorys naukowy\"}]},{\"@type\":\"WebSite\",\"@id\":\"https:\\\/\\\/pans.krosno.pl\\\/pracownicy\\\/#website\",\"url\":\"https:\\\/\\\/pans.krosno.pl\\\/pracownicy\\\/\",\"name\":\"Pracownicy PANS w Kro\u015bnie\",\"description\":\"Pracownicy - Pa\u0144stwowa Akademia Nauk Stosowanych\",\"publisher\":{\"@id\":\"https:\\\/\\\/pans.krosno.pl\\\/pracownicy\\\/#organization\"},\"potentialAction\":[{\"@type\":\"SearchAction\",\"target\":{\"@type\":\"EntryPoint\",\"urlTemplate\":\"https:\\\/\\\/pans.krosno.pl\\\/pracownicy\\\/?s={search_term_string}\"},\"query-input\":{\"@type\":\"PropertyValueSpecification\",\"valueRequired\":true,\"valueName\":\"search_term_string\"}}],\"inLanguage\":\"pl-PL\"},{\"@type\":\"Organization\",\"@id\":\"https:\\\/\\\/pans.krosno.pl\\\/pracownicy\\\/#organization\",\"name\":\"Pracownicy PANS w Kro\u015bnie\",\"url\":\"https:\\\/\\\/pans.krosno.pl\\\/pracownicy\\\/\",\"logo\":{\"@type\":\"ImageObject\",\"inLanguage\":\"pl-PL\",\"@id\":\"https:\\\/\\\/pans.krosno.pl\\\/pracownicy\\\/#\\\/schema\\\/logo\\\/image\\\/\",\"url\":\"https:\\\/\\\/pans.krosno.pl\\\/pracownicy\\\/wp-content\\\/uploads\\\/sites\\\/41\\\/2023\\\/01\\\/Logo-PANS-2022-pelne.png\",\"contentUrl\":\"https:\\\/\\\/pans.krosno.pl\\\/pracownicy\\\/wp-content\\\/uploads\\\/sites\\\/41\\\/2023\\\/01\\\/Logo-PANS-2022-pelne.png\",\"width\":3096,\"height\":696,\"caption\":\"Pracownicy PANS w Kro\u015bnie\"},\"image\":{\"@id\":\"https:\\\/\\\/pans.krosno.pl\\\/pracownicy\\\/#\\\/schema\\\/logo\\\/image\\\/\"}}]}<\/script>\n<!-- \/ Yoast SEO Premium plugin. -->","yoast_head_json":{"title":"dr in\u017c. Ma\u0142gorzata Szeliga \u2013 \u017byciorys naukowy - Pracownicy PANS w Kro\u015bnie","robots":{"index":"index","follow":"follow","max-snippet":"max-snippet:-1","max-image-preview":"max-image-preview:large","max-video-preview":"max-video-preview:-1"},"canonical":"https:\/\/pans.krosno.pl\/pracownicy\/malgorzata-szeliga\/malgorzata-szeliga-zyciorys-naukowy\/","og_locale":"pl_PL","og_type":"article","og_title":"dr in\u017c. Ma\u0142gorzata Szeliga \u2013 \u017byciorys naukowy","og_description":"Wykszta\u0142cenie Od roku akademickiego 2013\/2014 r. \u2013 wyk\u0142adowca w Pa\u0144stwowej Wy\u017cszej Szkole Zawodowej im. Stanis\u0142awa Pigonia w Kro\u015bnie, Karpackiej Pa\u0144stwowej Uczelni w Kro\u015bnie, a obecnie Pa\u0144stwowej Akademii Nauk Stosowanych w Kro\u015bnie. Prowadzi zaj\u0119cia dydaktyczne na kierunku Zarz\u0105dzania. W latach 2023 \u2013 2025 wyk\u0142adowca, a nast\u0119pnie adiunkt w Uczelni Pa\u0144stwowej im. [\u2026] Read More","og_url":"https:\/\/pans.krosno.pl\/pracownicy\/malgorzata-szeliga\/malgorzata-szeliga-zyciorys-naukowy\/","og_site_name":"Pracownicy PANS w Kro\u015bnie","article_modified_time":"2026-01-27T19:42:58+00:00","twitter_card":"summary_large_image","twitter_misc":{"Szacowany czas czytania":"2 minuty"},"schema":{"@context":"https:\/\/schema.org","@graph":[{"@type":"WebPage","@id":"https:\/\/pans.krosno.pl\/pracownicy\/malgorzata-szeliga\/malgorzata-szeliga-zyciorys-naukowy\/","url":"https:\/\/pans.krosno.pl\/pracownicy\/malgorzata-szeliga\/malgorzata-szeliga-zyciorys-naukowy\/","name":"dr in\u017c. Ma\u0142gorzata Szeliga \u2013 \u017byciorys naukowy - Pracownicy PANS w Kro\u015bnie","isPartOf":{"@id":"https:\/\/pans.krosno.pl\/pracownicy\/#website"},"datePublished":"2026-01-27T19:37:11+00:00","dateModified":"2026-01-27T19:42:58+00:00","breadcrumb":{"@id":"https:\/\/pans.krosno.pl\/pracownicy\/malgorzata-szeliga\/malgorzata-szeliga-zyciorys-naukowy\/#breadcrumb"},"inLanguage":"pl-PL","potentialAction":[{"@type":"ReadAction","target":["https:\/\/pans.krosno.pl\/pracownicy\/malgorzata-szeliga\/malgorzata-szeliga-zyciorys-naukowy\/"]}]},{"@type":"BreadcrumbList","@id":"https:\/\/pans.krosno.pl\/pracownicy\/malgorzata-szeliga\/malgorzata-szeliga-zyciorys-naukowy\/#breadcrumb","itemListElement":[{"@type":"ListItem","position":1,"name":"Strona g\u0142\u00f3wna","item":"https:\/\/pans.krosno.pl\/pracownicy\/"},{"@type":"ListItem","position":2,"name":"dr in\u017c. Ma\u0142gorzata Szeliga","item":"https:\/\/pans.krosno.pl\/pracownicy\/malgorzata-szeliga\/"},{"@type":"ListItem","position":3,"name":"dr in\u017c. Ma\u0142gorzata Szeliga \u2013 \u017byciorys naukowy"}]},{"@type":"WebSite","@id":"https:\/\/pans.krosno.pl\/pracownicy\/#website","url":"https:\/\/pans.krosno.pl\/pracownicy\/","name":"Pracownicy PANS w Kro\u015bnie","description":"Pracownicy - Pa\u0144stwowa Akademia Nauk Stosowanych","publisher":{"@id":"https:\/\/pans.krosno.pl\/pracownicy\/#organization"},"potentialAction":[{"@type":"SearchAction","target":{"@type":"EntryPoint","urlTemplate":"https:\/\/pans.krosno.pl\/pracownicy\/?s={search_term_string}"},"query-input":{"@type":"PropertyValueSpecification","valueRequired":true,"valueName":"search_term_string"}}],"inLanguage":"pl-PL"},{"@type":"Organization","@id":"https:\/\/pans.krosno.pl\/pracownicy\/#organization","name":"Pracownicy PANS w Kro\u015bnie","url":"https:\/\/pans.krosno.pl\/pracownicy\/","logo":{"@type":"ImageObject","inLanguage":"pl-PL","@id":"https:\/\/pans.krosno.pl\/pracownicy\/#\/schema\/logo\/image\/","url":"https:\/\/pans.krosno.pl\/pracownicy\/wp-content\/uploads\/sites\/41\/2023\/01\/Logo-PANS-2022-pelne.png","contentUrl":"https:\/\/pans.krosno.pl\/pracownicy\/wp-content\/uploads\/sites\/41\/2023\/01\/Logo-PANS-2022-pelne.png","width":3096,"height":696,"caption":"Pracownicy PANS w Kro\u015bnie"},"image":{"@id":"https:\/\/pans.krosno.pl\/pracownicy\/#\/schema\/logo\/image\/"}}]}},"_links":{"self":[{"href":"https:\/\/pans.krosno.pl\/pracownicy\/wp-json\/wp\/v2\/pages\/11612","targetHints":{"allow":["GET"]}}],"collection":[{"href":"https:\/\/pans.krosno.pl\/pracownicy\/wp-json\/wp\/v2\/pages"}],"about":[{"href":"https:\/\/pans.krosno.pl\/pracownicy\/wp-json\/wp\/v2\/types\/page"}],"author":[{"embeddable":true,"href":"https:\/\/pans.krosno.pl\/pracownicy\/wp-json\/wp\/v2\/users\/27"}],"replies":[{"embeddable":true,"href":"https:\/\/pans.krosno.pl\/pracownicy\/wp-json\/wp\/v2\/comments?post=11612"}],"version-history":[{"count":1,"href":"https:\/\/pans.krosno.pl\/pracownicy\/wp-json\/wp\/v2\/pages\/11612\/revisions"}],"predecessor-version":[{"id":11615,"href":"https:\/\/pans.krosno.pl\/pracownicy\/wp-json\/wp\/v2\/pages\/11612\/revisions\/11615"}],"up":[{"embeddable":true,"href":"https:\/\/pans.krosno.pl\/pracownicy\/wp-json\/wp\/v2\/pages\/11608"}],"wp:attachment":[{"href":"https:\/\/pans.krosno.pl\/pracownicy\/wp-json\/wp\/v2\/media?parent=11612"}],"curies":[{"name":"wp","href":"https:\/\/api.w.org\/{rel}","templated":true}]}}