{"id":11608,"date":"2026-01-27T20:15:22","date_gmt":"2026-01-27T19:15:22","guid":{"rendered":"https:\/\/pans.krosno.pl\/pracownicy\/?page_id=11608"},"modified":"2026-01-27T22:45:34","modified_gmt":"2026-01-27T21:45:34","slug":"malgorzata-szeliga","status":"publish","type":"page","link":"https:\/\/pans.krosno.pl\/pracownicy\/malgorzata-szeliga\/","title":{"rendered":"dr in\u017c. Ma\u0142gorzata Szeliga"},"content":{"rendered":"\n<h3 class=\"wp-block-heading\" id=\"h-zaklad-nbsp-zarzadzania\"><a href=\"https:\/\/pans.krosno.pl\/zarzadzanie\/\"><strong>Zak\u0142ad&nbsp;<\/strong>Zarz\u0105dzania<\/a><\/h3>\n\n\n\n<hr class=\"wp-block-separator has-css-opacity\"\/>\n\n\n\n<p>Pracownik Zak\u0142adu Zarz\u0105dzania Pa\u0144stwowej Akademii Nauk Stosowanych w Kro\u015bnie. Stopie\u0144 naukowy doktora w dziedzinie nauk spo\u0142ecznych w dyscyplinie nauki o zarz\u0105dzaniu i jako\u015bci. Zainteresowania naukowe w obszarze ekonomii, finans\u00f3w i zarz\u0105dzania, a w szczeg\u00f3lno\u015bci zwi\u0105zane z zarz\u0105dzaniem kapita\u0142em ludzkim, przywi\u0105zaniem organizacyjnym, nowoczesnymi koncepcjami zarz\u0105dzania oraz z efektywno\u015bci\u0105 organizacyjn\u0105. Wieloletnie do\u015bwiadczenie mened\u017cerskie w obszarze organizacji i zarz\u0105dzania w sektorze przedsi\u0119biorstw oraz sektorze publicznym.<\/p>\n\n\n\n<hr class=\"wp-block-separator has-css-opacity\"\/>\n\n\n\n<div class=\"wp-block-columns is-layout-flex wp-container-core-columns-is-layout-28f84493 wp-block-columns-is-layout-flex\">\n<div class=\"wp-block-column is-layout-flow wp-block-column-is-layout-flow\" style=\"flex-basis:22%\">\n<figure class=\"wp-block-image size-full\"><img loading=\"lazy\" decoding=\"async\" width=\"294\" height=\"384\" src=\"https:\/\/pans.krosno.pl\/pracownicy\/wp-content\/uploads\/sites\/41\/2026\/01\/image.png\" alt=\"\" class=\"wp-image-11609\" srcset=\"https:\/\/pans.krosno.pl\/pracownicy\/wp-content\/uploads\/sites\/41\/2026\/01\/image.png 294w, https:\/\/pans.krosno.pl\/pracownicy\/wp-content\/uploads\/sites\/41\/2026\/01\/image-230x300.png 230w\" sizes=\"auto, (max-width: 294px) 100vw, 294px\" \/><\/figure>\n\n\n\n<p><\/p>\n<\/div>\n\n\n\n<div class=\"wp-block-column is-layout-flow wp-block-column-is-layout-flow\" style=\"flex-basis:78%\">\n<ul class=\"wp-block-list\">\n<li><a href=\"https:\/\/pans.krosno.pl\/pracownicy\/malgorzata-szeliga-zyciorys-naukowy\/\">\u017byciorys naukowy<\/a><\/li>\n\n\n\n<li><a href=\"https:\/\/pans.krosno.pl\/pracownicy\/malgorzata-szeliga-doswiadczenie-pozauczelniane\/\">Do\u015bwiadczenie pozauczelniane<\/a><\/li>\n\n\n\n<li><a href=\"https:\/\/pans.krosno.pl\/pracownicy\/malgorzata-szeliga-najwazniejsze-publikacje\/\">Najwa\u017cniejsze publikacje<\/a><\/li>\n\n\n\n<li><a href=\"https:\/\/pans.krosno.pl\/pracownicy\/malgorzata-szeliga-najwazniejsze-nagrody-i-wyroznienia\/\">Najwa\u017cniejsze nagrody i wyr\u00f3\u017cnienia<\/a><\/li>\n<\/ul>\n\n\n\n<hr class=\"wp-block-separator has-css-opacity\"\/>\n\n\n\n<figure class=\"wp-block-table aligncenter is-style-stripes\"><table><tbody><tr><td class=\"has-text-align-left\" data-align=\"left\">Telefon: 13 43 755 60<\/td><\/tr><tr><td class=\"has-text-align-left\" data-align=\"left\">E-mail: <a href=\"mailto:malgorzata.szeliga@pans.krosno.pl\">malgorzata.szeliga@pans.krosno.pl<\/a><\/td><\/tr><tr><td class=\"has-text-align-left\" data-align=\"left\">Konsultacje: <a href=\"https:\/\/pans.krosno.pl\/zarzadzanie\/dyzury-pracownikow\/\">Dy\u017cur pracownika<\/a><\/td><\/tr><\/tbody><\/table><\/figure>\n<\/div>\n<\/div>\n\n\n\n<hr class=\"wp-block-separator has-css-opacity\"\/>\n\n\n\n<p><\/p>\n","protected":false},"excerpt":{"rendered":"<p>Zak\u0142ad&nbsp;Zarz\u0105dzania Pracownik Zak\u0142adu Zarz\u0105dzania Pa\u0144stwowej Akademii Nauk Stosowanych w Kro\u015bnie. Stopie\u0144 naukowy doktora w dziedzinie nauk spo\u0142ecznych w dyscyplinie nauki o zarz\u0105dzaniu i jako\u015bci. Zainteresowania naukowe w obszarze ekonomii, finans\u00f3w i zarz\u0105dzania, a w szczeg\u00f3lno\u015bci zwi\u0105zane z zarz\u0105dzaniem kapita\u0142em ludzkim, przywi\u0105zaniem organizacyjnym, nowoczesnymi koncepcjami zarz\u0105dzania oraz z efektywno\u015bci\u0105 organizacyjn\u0105. Wieloletnie [\u2026] <\/p>\n<div class=\"clear\"><\/div>\n<p><a class=\"more_link clearfix\" href=\"https:\/\/pans.krosno.pl\/pracownicy\/malgorzata-szeliga\/\" rel=\"nofollow\">Read More<\/a><\/p>\n","protected":false},"author":27,"featured_media":0,"parent":0,"menu_order":0,"comment_status":"closed","ping_status":"closed","template":"","meta":{"ngg_post_thumbnail":0,"footnotes":""},"class_list":["post-11608","page","type-page","status-publish","hentry"],"yoast_head":"<!-- This site is optimized with the Yoast SEO Premium plugin v27.4 (Yoast SEO v27.4) - https:\/\/yoast.com\/product\/yoast-seo-premium-wordpress\/ -->\n<title>dr in\u017c. Ma\u0142gorzata Szeliga - Pracownicy PANS w Kro\u015bnie<\/title>\n<meta name=\"robots\" content=\"index, follow, max-snippet:-1, max-image-preview:large, max-video-preview:-1\" \/>\n<link rel=\"canonical\" href=\"https:\/\/pans.krosno.pl\/pracownicy\/malgorzata-szeliga\/\" \/>\n<meta property=\"og:locale\" content=\"pl_PL\" \/>\n<meta property=\"og:type\" content=\"article\" \/>\n<meta property=\"og:title\" content=\"dr in\u017c. Ma\u0142gorzata Szeliga\" \/>\n<meta property=\"og:description\" content=\"Zak\u0142ad&nbsp;Zarz\u0105dzania Pracownik Zak\u0142adu Zarz\u0105dzania Pa\u0144stwowej Akademii Nauk Stosowanych w Kro\u015bnie. Stopie\u0144 naukowy doktora w dziedzinie nauk spo\u0142ecznych w dyscyplinie nauki o zarz\u0105dzaniu i jako\u015bci. Zainteresowania naukowe w obszarze ekonomii, finans\u00f3w i zarz\u0105dzania, a w szczeg\u00f3lno\u015bci zwi\u0105zane z zarz\u0105dzaniem kapita\u0142em ludzkim, przywi\u0105zaniem organizacyjnym, nowoczesnymi koncepcjami zarz\u0105dzania oraz z efektywno\u015bci\u0105 organizacyjn\u0105. Wieloletnie [\u2026] Read More\" \/>\n<meta property=\"og:url\" content=\"https:\/\/pans.krosno.pl\/pracownicy\/malgorzata-szeliga\/\" \/>\n<meta property=\"og:site_name\" content=\"Pracownicy PANS w Kro\u015bnie\" \/>\n<meta property=\"article:modified_time\" content=\"2026-01-27T21:45:34+00:00\" \/>\n<meta property=\"og:image\" content=\"https:\/\/pans.krosno.pl\/pracownicy\/wp-content\/uploads\/sites\/41\/2026\/01\/image.png\" \/>\n\t<meta property=\"og:image:width\" content=\"294\" \/>\n\t<meta property=\"og:image:height\" content=\"384\" \/>\n\t<meta property=\"og:image:type\" content=\"image\/png\" \/>\n<meta name=\"twitter:card\" content=\"summary_large_image\" \/>\n<meta name=\"twitter:label1\" content=\"Szacowany czas czytania\" \/>\n\t<meta name=\"twitter:data1\" content=\"1 minuta\" \/>\n<script type=\"application\/ld+json\" class=\"yoast-schema-graph\">{\"@context\":\"https:\\\/\\\/schema.org\",\"@graph\":[{\"@type\":\"WebPage\",\"@id\":\"https:\\\/\\\/pans.krosno.pl\\\/pracownicy\\\/malgorzata-szeliga\\\/\",\"url\":\"https:\\\/\\\/pans.krosno.pl\\\/pracownicy\\\/malgorzata-szeliga\\\/\",\"name\":\"dr in\u017c. Ma\u0142gorzata Szeliga - Pracownicy PANS w Kro\u015bnie\",\"isPartOf\":{\"@id\":\"https:\\\/\\\/pans.krosno.pl\\\/pracownicy\\\/#website\"},\"primaryImageOfPage\":{\"@id\":\"https:\\\/\\\/pans.krosno.pl\\\/pracownicy\\\/malgorzata-szeliga\\\/#primaryimage\"},\"image\":{\"@id\":\"https:\\\/\\\/pans.krosno.pl\\\/pracownicy\\\/malgorzata-szeliga\\\/#primaryimage\"},\"thumbnailUrl\":\"https:\\\/\\\/pans.krosno.pl\\\/pracownicy\\\/wp-content\\\/uploads\\\/sites\\\/41\\\/2026\\\/01\\\/image.png\",\"datePublished\":\"2026-01-27T19:15:22+00:00\",\"dateModified\":\"2026-01-27T21:45:34+00:00\",\"breadcrumb\":{\"@id\":\"https:\\\/\\\/pans.krosno.pl\\\/pracownicy\\\/malgorzata-szeliga\\\/#breadcrumb\"},\"inLanguage\":\"pl-PL\",\"potentialAction\":[{\"@type\":\"ReadAction\",\"target\":[\"https:\\\/\\\/pans.krosno.pl\\\/pracownicy\\\/malgorzata-szeliga\\\/\"]}]},{\"@type\":\"ImageObject\",\"inLanguage\":\"pl-PL\",\"@id\":\"https:\\\/\\\/pans.krosno.pl\\\/pracownicy\\\/malgorzata-szeliga\\\/#primaryimage\",\"url\":\"https:\\\/\\\/pans.krosno.pl\\\/pracownicy\\\/wp-content\\\/uploads\\\/sites\\\/41\\\/2026\\\/01\\\/image.png\",\"contentUrl\":\"https:\\\/\\\/pans.krosno.pl\\\/pracownicy\\\/wp-content\\\/uploads\\\/sites\\\/41\\\/2026\\\/01\\\/image.png\",\"width\":294,\"height\":384},{\"@type\":\"BreadcrumbList\",\"@id\":\"https:\\\/\\\/pans.krosno.pl\\\/pracownicy\\\/malgorzata-szeliga\\\/#breadcrumb\",\"itemListElement\":[{\"@type\":\"ListItem\",\"position\":1,\"name\":\"Strona g\u0142\u00f3wna\",\"item\":\"https:\\\/\\\/pans.krosno.pl\\\/pracownicy\\\/\"},{\"@type\":\"ListItem\",\"position\":2,\"name\":\"dr in\u017c. Ma\u0142gorzata Szeliga\"}]},{\"@type\":\"WebSite\",\"@id\":\"https:\\\/\\\/pans.krosno.pl\\\/pracownicy\\\/#website\",\"url\":\"https:\\\/\\\/pans.krosno.pl\\\/pracownicy\\\/\",\"name\":\"Pracownicy PANS w Kro\u015bnie\",\"description\":\"Pracownicy - Pa\u0144stwowa Akademia Nauk Stosowanych\",\"publisher\":{\"@id\":\"https:\\\/\\\/pans.krosno.pl\\\/pracownicy\\\/#organization\"},\"potentialAction\":[{\"@type\":\"SearchAction\",\"target\":{\"@type\":\"EntryPoint\",\"urlTemplate\":\"https:\\\/\\\/pans.krosno.pl\\\/pracownicy\\\/?s={search_term_string}\"},\"query-input\":{\"@type\":\"PropertyValueSpecification\",\"valueRequired\":true,\"valueName\":\"search_term_string\"}}],\"inLanguage\":\"pl-PL\"},{\"@type\":\"Organization\",\"@id\":\"https:\\\/\\\/pans.krosno.pl\\\/pracownicy\\\/#organization\",\"name\":\"Pracownicy PANS w Kro\u015bnie\",\"url\":\"https:\\\/\\\/pans.krosno.pl\\\/pracownicy\\\/\",\"logo\":{\"@type\":\"ImageObject\",\"inLanguage\":\"pl-PL\",\"@id\":\"https:\\\/\\\/pans.krosno.pl\\\/pracownicy\\\/#\\\/schema\\\/logo\\\/image\\\/\",\"url\":\"https:\\\/\\\/pans.krosno.pl\\\/pracownicy\\\/wp-content\\\/uploads\\\/sites\\\/41\\\/2023\\\/01\\\/Logo-PANS-2022-pelne.png\",\"contentUrl\":\"https:\\\/\\\/pans.krosno.pl\\\/pracownicy\\\/wp-content\\\/uploads\\\/sites\\\/41\\\/2023\\\/01\\\/Logo-PANS-2022-pelne.png\",\"width\":3096,\"height\":696,\"caption\":\"Pracownicy PANS w Kro\u015bnie\"},\"image\":{\"@id\":\"https:\\\/\\\/pans.krosno.pl\\\/pracownicy\\\/#\\\/schema\\\/logo\\\/image\\\/\"}}]}<\/script>\n<!-- \/ Yoast SEO Premium plugin. -->","yoast_head_json":{"title":"dr in\u017c. Ma\u0142gorzata Szeliga - Pracownicy PANS w Kro\u015bnie","robots":{"index":"index","follow":"follow","max-snippet":"max-snippet:-1","max-image-preview":"max-image-preview:large","max-video-preview":"max-video-preview:-1"},"canonical":"https:\/\/pans.krosno.pl\/pracownicy\/malgorzata-szeliga\/","og_locale":"pl_PL","og_type":"article","og_title":"dr in\u017c. Ma\u0142gorzata Szeliga","og_description":"Zak\u0142ad&nbsp;Zarz\u0105dzania Pracownik Zak\u0142adu Zarz\u0105dzania Pa\u0144stwowej Akademii Nauk Stosowanych w Kro\u015bnie. Stopie\u0144 naukowy doktora w dziedzinie nauk spo\u0142ecznych w dyscyplinie nauki o zarz\u0105dzaniu i jako\u015bci. Zainteresowania naukowe w obszarze ekonomii, finans\u00f3w i zarz\u0105dzania, a w szczeg\u00f3lno\u015bci zwi\u0105zane z zarz\u0105dzaniem kapita\u0142em ludzkim, przywi\u0105zaniem organizacyjnym, nowoczesnymi koncepcjami zarz\u0105dzania oraz z efektywno\u015bci\u0105 organizacyjn\u0105. Wieloletnie [\u2026] Read More","og_url":"https:\/\/pans.krosno.pl\/pracownicy\/malgorzata-szeliga\/","og_site_name":"Pracownicy PANS w Kro\u015bnie","article_modified_time":"2026-01-27T21:45:34+00:00","og_image":[{"width":294,"height":384,"url":"https:\/\/pans.krosno.pl\/pracownicy\/wp-content\/uploads\/sites\/41\/2026\/01\/image.png","type":"image\/png"}],"twitter_card":"summary_large_image","twitter_misc":{"Szacowany czas czytania":"1 minuta"},"schema":{"@context":"https:\/\/schema.org","@graph":[{"@type":"WebPage","@id":"https:\/\/pans.krosno.pl\/pracownicy\/malgorzata-szeliga\/","url":"https:\/\/pans.krosno.pl\/pracownicy\/malgorzata-szeliga\/","name":"dr in\u017c. Ma\u0142gorzata Szeliga - Pracownicy PANS w Kro\u015bnie","isPartOf":{"@id":"https:\/\/pans.krosno.pl\/pracownicy\/#website"},"primaryImageOfPage":{"@id":"https:\/\/pans.krosno.pl\/pracownicy\/malgorzata-szeliga\/#primaryimage"},"image":{"@id":"https:\/\/pans.krosno.pl\/pracownicy\/malgorzata-szeliga\/#primaryimage"},"thumbnailUrl":"https:\/\/pans.krosno.pl\/pracownicy\/wp-content\/uploads\/sites\/41\/2026\/01\/image.png","datePublished":"2026-01-27T19:15:22+00:00","dateModified":"2026-01-27T21:45:34+00:00","breadcrumb":{"@id":"https:\/\/pans.krosno.pl\/pracownicy\/malgorzata-szeliga\/#breadcrumb"},"inLanguage":"pl-PL","potentialAction":[{"@type":"ReadAction","target":["https:\/\/pans.krosno.pl\/pracownicy\/malgorzata-szeliga\/"]}]},{"@type":"ImageObject","inLanguage":"pl-PL","@id":"https:\/\/pans.krosno.pl\/pracownicy\/malgorzata-szeliga\/#primaryimage","url":"https:\/\/pans.krosno.pl\/pracownicy\/wp-content\/uploads\/sites\/41\/2026\/01\/image.png","contentUrl":"https:\/\/pans.krosno.pl\/pracownicy\/wp-content\/uploads\/sites\/41\/2026\/01\/image.png","width":294,"height":384},{"@type":"BreadcrumbList","@id":"https:\/\/pans.krosno.pl\/pracownicy\/malgorzata-szeliga\/#breadcrumb","itemListElement":[{"@type":"ListItem","position":1,"name":"Strona g\u0142\u00f3wna","item":"https:\/\/pans.krosno.pl\/pracownicy\/"},{"@type":"ListItem","position":2,"name":"dr in\u017c. Ma\u0142gorzata Szeliga"}]},{"@type":"WebSite","@id":"https:\/\/pans.krosno.pl\/pracownicy\/#website","url":"https:\/\/pans.krosno.pl\/pracownicy\/","name":"Pracownicy PANS w Kro\u015bnie","description":"Pracownicy - Pa\u0144stwowa Akademia Nauk Stosowanych","publisher":{"@id":"https:\/\/pans.krosno.pl\/pracownicy\/#organization"},"potentialAction":[{"@type":"SearchAction","target":{"@type":"EntryPoint","urlTemplate":"https:\/\/pans.krosno.pl\/pracownicy\/?s={search_term_string}"},"query-input":{"@type":"PropertyValueSpecification","valueRequired":true,"valueName":"search_term_string"}}],"inLanguage":"pl-PL"},{"@type":"Organization","@id":"https:\/\/pans.krosno.pl\/pracownicy\/#organization","name":"Pracownicy PANS w Kro\u015bnie","url":"https:\/\/pans.krosno.pl\/pracownicy\/","logo":{"@type":"ImageObject","inLanguage":"pl-PL","@id":"https:\/\/pans.krosno.pl\/pracownicy\/#\/schema\/logo\/image\/","url":"https:\/\/pans.krosno.pl\/pracownicy\/wp-content\/uploads\/sites\/41\/2023\/01\/Logo-PANS-2022-pelne.png","contentUrl":"https:\/\/pans.krosno.pl\/pracownicy\/wp-content\/uploads\/sites\/41\/2023\/01\/Logo-PANS-2022-pelne.png","width":3096,"height":696,"caption":"Pracownicy PANS w Kro\u015bnie"},"image":{"@id":"https:\/\/pans.krosno.pl\/pracownicy\/#\/schema\/logo\/image\/"}}]}},"_links":{"self":[{"href":"https:\/\/pans.krosno.pl\/pracownicy\/wp-json\/wp\/v2\/pages\/11608","targetHints":{"allow":["GET"]}}],"collection":[{"href":"https:\/\/pans.krosno.pl\/pracownicy\/wp-json\/wp\/v2\/pages"}],"about":[{"href":"https:\/\/pans.krosno.pl\/pracownicy\/wp-json\/wp\/v2\/types\/page"}],"author":[{"embeddable":true,"href":"https:\/\/pans.krosno.pl\/pracownicy\/wp-json\/wp\/v2\/users\/27"}],"replies":[{"embeddable":true,"href":"https:\/\/pans.krosno.pl\/pracownicy\/wp-json\/wp\/v2\/comments?post=11608"}],"version-history":[{"count":3,"href":"https:\/\/pans.krosno.pl\/pracownicy\/wp-json\/wp\/v2\/pages\/11608\/revisions"}],"predecessor-version":[{"id":11622,"href":"https:\/\/pans.krosno.pl\/pracownicy\/wp-json\/wp\/v2\/pages\/11608\/revisions\/11622"}],"wp:attachment":[{"href":"https:\/\/pans.krosno.pl\/pracownicy\/wp-json\/wp\/v2\/media?parent=11608"}],"curies":[{"name":"wp","href":"https:\/\/api.w.org\/{rel}","templated":true}]}}