{"id":11601,"date":"2025-11-26T17:28:45","date_gmt":"2025-11-26T16:28:45","guid":{"rendered":"https:\/\/pans.krosno.pl\/pracownicy\/?page_id=11601"},"modified":"2025-11-26T17:28:45","modified_gmt":"2025-11-26T16:28:45","slug":"beata-zatwarnicka-madura","status":"publish","type":"page","link":"https:\/\/pans.krosno.pl\/pracownicy\/beata-zatwarnicka-madura\/","title":{"rendered":"dr\u00a0hab.\u00a0Beata\u00a0Zatwarnicka-Madura,\u00a0prof.\u00a0PRz,\u00a0prof.\u00a0PANS"},"content":{"rendered":"\n<h3 class=\"wp-block-heading\" id=\"h-zaklad-marketingu\"><strong>Zak\u0142ad <\/strong>Marketingu  <\/h3>\n\n\n\n<hr class=\"wp-block-separator has-css-opacity\"\/>\n\n\n\n<p>Doktor habilitowany w dyscyplinie nauk o zarz\u0105dzaniu i jako\u015bci. W badaniach naukowych koncentruje si\u0119 g\u0142\u00f3wnie wok\u00f3\u0142 szeroko poj\u0119tej komunikacji, w tym komunikacji marketingowej. Jest autork\u0105 ponad stu publikacji naukowych.<br>Dziekan Wydzia\u0142u Zarz\u0105dzania na Politechnice Rzeszowskiej, kierownik Katedry Marketingu na Wydziale Zarz\u0105dzania PRz, kierownik studi\u00f3w podyplomowych Master of Business Administration (MBA) i Executive Master of Business Administration (EMBA) na PRz.<br>Redaktor kwartalnika \u201eModern Management Review\u201d<\/p>\n\n\n\n<hr class=\"wp-block-separator has-css-opacity\"\/>\n\n\n\n<div class=\"wp-block-columns is-layout-flex wp-container-core-columns-is-layout-28f84493 wp-block-columns-is-layout-flex\">\n<div class=\"wp-block-column is-layout-flow wp-block-column-is-layout-flow\" style=\"flex-basis:22%\">\n<figure class=\"wp-block-image size-large\"><img loading=\"lazy\" decoding=\"async\" width=\"684\" height=\"1024\" src=\"https:\/\/pans.krosno.pl\/pracownicy\/wp-content\/uploads\/sites\/41\/2025\/11\/DSC_7799-2_pp-1-684x1024.jpg\" alt=\"\" class=\"wp-image-11604\" srcset=\"https:\/\/pans.krosno.pl\/pracownicy\/wp-content\/uploads\/sites\/41\/2025\/11\/DSC_7799-2_pp-1-684x1024.jpg 684w, https:\/\/pans.krosno.pl\/pracownicy\/wp-content\/uploads\/sites\/41\/2025\/11\/DSC_7799-2_pp-1-200x300.jpg 200w, https:\/\/pans.krosno.pl\/pracownicy\/wp-content\/uploads\/sites\/41\/2025\/11\/DSC_7799-2_pp-1-768x1150.jpg 768w, https:\/\/pans.krosno.pl\/pracownicy\/wp-content\/uploads\/sites\/41\/2025\/11\/DSC_7799-2_pp-1-1025x1536.jpg 1025w, https:\/\/pans.krosno.pl\/pracownicy\/wp-content\/uploads\/sites\/41\/2025\/11\/DSC_7799-2_pp-1-1367x2048.jpg 1367w, https:\/\/pans.krosno.pl\/pracownicy\/wp-content\/uploads\/sites\/41\/2025\/11\/DSC_7799-2_pp-1-2000x2996.jpg 2000w, https:\/\/pans.krosno.pl\/pracownicy\/wp-content\/uploads\/sites\/41\/2025\/11\/DSC_7799-2_pp-1-800x1198.jpg 800w, https:\/\/pans.krosno.pl\/pracownicy\/wp-content\/uploads\/sites\/41\/2025\/11\/DSC_7799-2_pp-1-580x869.jpg 580w, https:\/\/pans.krosno.pl\/pracownicy\/wp-content\/uploads\/sites\/41\/2025\/11\/DSC_7799-2_pp-1-scaled.jpg 1709w\" sizes=\"auto, (max-width: 684px) 100vw, 684px\" \/><\/figure>\n<\/div>\n\n\n\n<div class=\"wp-block-column is-layout-flow wp-block-column-is-layout-flow\" style=\"flex-basis:78%\">\n<ul class=\"wp-block-list\">\n<li>\u017byciorys naukowy<\/li>\n\n\n\n<li>Do\u015bwiadczenie pozauczelniane<\/li>\n\n\n\n<li>Najwa\u017cniejsze publikacje<\/li>\n\n\n\n<li>Najwa\u017cniejsze nagrody i wyr\u00f3\u017cnienia<\/li>\n<\/ul>\n\n\n\n<hr class=\"wp-block-separator has-css-opacity\"\/>\n\n\n\n<figure class=\"wp-block-table aligncenter is-style-stripes\"><table><tbody><tr><td class=\"has-text-align-left\" data-align=\"left\">Telefon: 13 43 755 40<\/td><\/tr><tr><td class=\"has-text-align-left\" data-align=\"left\">E-mail: <a href=\"mailto:beata.zatwarnicka-madura@pans.krosno.pl\">beata.zatwarnicka-madura@pans.krosno.pl<\/a><\/td><\/tr><tr><td class=\"has-text-align-left\" data-align=\"left\">Konsultacje: Dy\u017cur pracownika<\/td><\/tr><\/tbody><\/table><\/figure>\n<\/div>\n<\/div>\n\n\n\n<hr class=\"wp-block-separator has-css-opacity\"\/>\n\n\n\n<p><\/p>\n","protected":false},"excerpt":{"rendered":"<p>Zak\u0142ad Marketingu Doktor habilitowany w dyscyplinie nauk o zarz\u0105dzaniu i jako\u015bci. W badaniach naukowych koncentruje si\u0119 g\u0142\u00f3wnie wok\u00f3\u0142 szeroko poj\u0119tej komunikacji, w tym komunikacji marketingowej. Jest autork\u0105 ponad stu publikacji naukowych.Dziekan Wydzia\u0142u Zarz\u0105dzania na Politechnice Rzeszowskiej, kierownik Katedry Marketingu na Wydziale Zarz\u0105dzania PRz, kierownik studi\u00f3w podyplomowych Master of Business Administration [\u2026] <\/p>\n<div class=\"clear\"><\/div>\n<p><a class=\"more_link clearfix\" href=\"https:\/\/pans.krosno.pl\/pracownicy\/beata-zatwarnicka-madura\/\" rel=\"nofollow\">Read More<\/a><\/p>\n","protected":false},"author":27,"featured_media":0,"parent":0,"menu_order":0,"comment_status":"closed","ping_status":"closed","template":"","meta":{"ngg_post_thumbnail":0,"footnotes":""},"class_list":["post-11601","page","type-page","status-publish","hentry"],"yoast_head":"<!-- This site is optimized with the Yoast SEO Premium plugin v27.3 (Yoast SEO v27.3) - https:\/\/yoast.com\/product\/yoast-seo-premium-wordpress\/ -->\n<title>dr\u00a0hab.\u00a0Beata\u00a0Zatwarnicka-Madura,\u00a0prof.\u00a0PRz,\u00a0prof.\u00a0PANS - Pracownicy PANS w Kro\u015bnie<\/title>\n<meta name=\"robots\" content=\"index, follow, max-snippet:-1, max-image-preview:large, max-video-preview:-1\" \/>\n<link rel=\"canonical\" href=\"https:\/\/pans.krosno.pl\/pracownicy\/beata-zatwarnicka-madura\/\" \/>\n<meta property=\"og:locale\" content=\"pl_PL\" \/>\n<meta property=\"og:type\" content=\"article\" \/>\n<meta property=\"og:title\" content=\"dr\u00a0hab.\u00a0Beata\u00a0Zatwarnicka-Madura,\u00a0prof.\u00a0PRz,\u00a0prof.\u00a0PANS\" \/>\n<meta property=\"og:description\" content=\"Zak\u0142ad Marketingu Doktor habilitowany w dyscyplinie nauk o zarz\u0105dzaniu i jako\u015bci. W badaniach naukowych koncentruje si\u0119 g\u0142\u00f3wnie wok\u00f3\u0142 szeroko poj\u0119tej komunikacji, w tym komunikacji marketingowej. Jest autork\u0105 ponad stu publikacji naukowych.Dziekan Wydzia\u0142u Zarz\u0105dzania na Politechnice Rzeszowskiej, kierownik Katedry Marketingu na Wydziale Zarz\u0105dzania PRz, kierownik studi\u00f3w podyplomowych Master of Business Administration [\u2026] Read More\" \/>\n<meta property=\"og:url\" content=\"https:\/\/pans.krosno.pl\/pracownicy\/beata-zatwarnicka-madura\/\" \/>\n<meta property=\"og:site_name\" content=\"Pracownicy PANS w Kro\u015bnie\" \/>\n<meta property=\"og:image\" content=\"https:\/\/pans.krosno.pl\/pracownicy\/wp-content\/uploads\/sites\/41\/2025\/11\/DSC_7799-2_pp-1-scaled.jpg\" \/>\n\t<meta property=\"og:image:width\" content=\"1709\" \/>\n\t<meta property=\"og:image:height\" content=\"2560\" \/>\n\t<meta property=\"og:image:type\" content=\"image\/jpeg\" \/>\n<meta name=\"twitter:card\" content=\"summary_large_image\" \/>\n<meta name=\"twitter:label1\" content=\"Szacowany czas czytania\" \/>\n\t<meta name=\"twitter:data1\" content=\"1 minuta\" \/>\n<script type=\"application\/ld+json\" class=\"yoast-schema-graph\">{\"@context\":\"https:\\\/\\\/schema.org\",\"@graph\":[{\"@type\":\"WebPage\",\"@id\":\"https:\\\/\\\/pans.krosno.pl\\\/pracownicy\\\/beata-zatwarnicka-madura\\\/\",\"url\":\"https:\\\/\\\/pans.krosno.pl\\\/pracownicy\\\/beata-zatwarnicka-madura\\\/\",\"name\":\"dr\u00a0hab.\u00a0Beata\u00a0Zatwarnicka-Madura,\u00a0prof.\u00a0PRz,\u00a0prof.\u00a0PANS - Pracownicy PANS w Kro\u015bnie\",\"isPartOf\":{\"@id\":\"https:\\\/\\\/pans.krosno.pl\\\/pracownicy\\\/#website\"},\"primaryImageOfPage\":{\"@id\":\"https:\\\/\\\/pans.krosno.pl\\\/pracownicy\\\/beata-zatwarnicka-madura\\\/#primaryimage\"},\"image\":{\"@id\":\"https:\\\/\\\/pans.krosno.pl\\\/pracownicy\\\/beata-zatwarnicka-madura\\\/#primaryimage\"},\"thumbnailUrl\":\"https:\\\/\\\/pans.krosno.pl\\\/pracownicy\\\/wp-content\\\/uploads\\\/sites\\\/41\\\/2025\\\/11\\\/DSC_7799-2_pp-1-684x1024.jpg\",\"datePublished\":\"2025-11-26T16:28:45+00:00\",\"breadcrumb\":{\"@id\":\"https:\\\/\\\/pans.krosno.pl\\\/pracownicy\\\/beata-zatwarnicka-madura\\\/#breadcrumb\"},\"inLanguage\":\"pl-PL\",\"potentialAction\":[{\"@type\":\"ReadAction\",\"target\":[\"https:\\\/\\\/pans.krosno.pl\\\/pracownicy\\\/beata-zatwarnicka-madura\\\/\"]}]},{\"@type\":\"ImageObject\",\"inLanguage\":\"pl-PL\",\"@id\":\"https:\\\/\\\/pans.krosno.pl\\\/pracownicy\\\/beata-zatwarnicka-madura\\\/#primaryimage\",\"url\":\"https:\\\/\\\/pans.krosno.pl\\\/pracownicy\\\/wp-content\\\/uploads\\\/sites\\\/41\\\/2025\\\/11\\\/DSC_7799-2_pp-1-scaled.jpg\",\"contentUrl\":\"https:\\\/\\\/pans.krosno.pl\\\/pracownicy\\\/wp-content\\\/uploads\\\/sites\\\/41\\\/2025\\\/11\\\/DSC_7799-2_pp-1-scaled.jpg\",\"width\":1709,\"height\":2560},{\"@type\":\"BreadcrumbList\",\"@id\":\"https:\\\/\\\/pans.krosno.pl\\\/pracownicy\\\/beata-zatwarnicka-madura\\\/#breadcrumb\",\"itemListElement\":[{\"@type\":\"ListItem\",\"position\":1,\"name\":\"Strona g\u0142\u00f3wna\",\"item\":\"https:\\\/\\\/pans.krosno.pl\\\/pracownicy\\\/\"},{\"@type\":\"ListItem\",\"position\":2,\"name\":\"dr\u00a0hab.\u00a0Beata\u00a0Zatwarnicka-Madura,\u00a0prof.\u00a0PRz,\u00a0prof.\u00a0PANS\"}]},{\"@type\":\"WebSite\",\"@id\":\"https:\\\/\\\/pans.krosno.pl\\\/pracownicy\\\/#website\",\"url\":\"https:\\\/\\\/pans.krosno.pl\\\/pracownicy\\\/\",\"name\":\"Pracownicy PANS w Kro\u015bnie\",\"description\":\"Pracownicy - Pa\u0144stwowa Akademia Nauk Stosowanych\",\"publisher\":{\"@id\":\"https:\\\/\\\/pans.krosno.pl\\\/pracownicy\\\/#organization\"},\"potentialAction\":[{\"@type\":\"SearchAction\",\"target\":{\"@type\":\"EntryPoint\",\"urlTemplate\":\"https:\\\/\\\/pans.krosno.pl\\\/pracownicy\\\/?s={search_term_string}\"},\"query-input\":{\"@type\":\"PropertyValueSpecification\",\"valueRequired\":true,\"valueName\":\"search_term_string\"}}],\"inLanguage\":\"pl-PL\"},{\"@type\":\"Organization\",\"@id\":\"https:\\\/\\\/pans.krosno.pl\\\/pracownicy\\\/#organization\",\"name\":\"Pracownicy PANS w Kro\u015bnie\",\"url\":\"https:\\\/\\\/pans.krosno.pl\\\/pracownicy\\\/\",\"logo\":{\"@type\":\"ImageObject\",\"inLanguage\":\"pl-PL\",\"@id\":\"https:\\\/\\\/pans.krosno.pl\\\/pracownicy\\\/#\\\/schema\\\/logo\\\/image\\\/\",\"url\":\"https:\\\/\\\/pans.krosno.pl\\\/pracownicy\\\/wp-content\\\/uploads\\\/sites\\\/41\\\/2023\\\/01\\\/Logo-PANS-2022-pelne.png\",\"contentUrl\":\"https:\\\/\\\/pans.krosno.pl\\\/pracownicy\\\/wp-content\\\/uploads\\\/sites\\\/41\\\/2023\\\/01\\\/Logo-PANS-2022-pelne.png\",\"width\":3096,\"height\":696,\"caption\":\"Pracownicy PANS w Kro\u015bnie\"},\"image\":{\"@id\":\"https:\\\/\\\/pans.krosno.pl\\\/pracownicy\\\/#\\\/schema\\\/logo\\\/image\\\/\"}}]}<\/script>\n<!-- \/ Yoast SEO Premium plugin. -->","yoast_head_json":{"title":"dr\u00a0hab.\u00a0Beata\u00a0Zatwarnicka-Madura,\u00a0prof.\u00a0PRz,\u00a0prof.\u00a0PANS - Pracownicy PANS w Kro\u015bnie","robots":{"index":"index","follow":"follow","max-snippet":"max-snippet:-1","max-image-preview":"max-image-preview:large","max-video-preview":"max-video-preview:-1"},"canonical":"https:\/\/pans.krosno.pl\/pracownicy\/beata-zatwarnicka-madura\/","og_locale":"pl_PL","og_type":"article","og_title":"dr\u00a0hab.\u00a0Beata\u00a0Zatwarnicka-Madura,\u00a0prof.\u00a0PRz,\u00a0prof.\u00a0PANS","og_description":"Zak\u0142ad Marketingu Doktor habilitowany w dyscyplinie nauk o zarz\u0105dzaniu i jako\u015bci. W badaniach naukowych koncentruje si\u0119 g\u0142\u00f3wnie wok\u00f3\u0142 szeroko poj\u0119tej komunikacji, w tym komunikacji marketingowej. Jest autork\u0105 ponad stu publikacji naukowych.Dziekan Wydzia\u0142u Zarz\u0105dzania na Politechnice Rzeszowskiej, kierownik Katedry Marketingu na Wydziale Zarz\u0105dzania PRz, kierownik studi\u00f3w podyplomowych Master of Business Administration [\u2026] Read More","og_url":"https:\/\/pans.krosno.pl\/pracownicy\/beata-zatwarnicka-madura\/","og_site_name":"Pracownicy PANS w Kro\u015bnie","og_image":[{"width":1709,"height":2560,"url":"https:\/\/pans.krosno.pl\/pracownicy\/wp-content\/uploads\/sites\/41\/2025\/11\/DSC_7799-2_pp-1-scaled.jpg","type":"image\/jpeg"}],"twitter_card":"summary_large_image","twitter_misc":{"Szacowany czas czytania":"1 minuta"},"schema":{"@context":"https:\/\/schema.org","@graph":[{"@type":"WebPage","@id":"https:\/\/pans.krosno.pl\/pracownicy\/beata-zatwarnicka-madura\/","url":"https:\/\/pans.krosno.pl\/pracownicy\/beata-zatwarnicka-madura\/","name":"dr\u00a0hab.\u00a0Beata\u00a0Zatwarnicka-Madura,\u00a0prof.\u00a0PRz,\u00a0prof.\u00a0PANS - Pracownicy PANS w Kro\u015bnie","isPartOf":{"@id":"https:\/\/pans.krosno.pl\/pracownicy\/#website"},"primaryImageOfPage":{"@id":"https:\/\/pans.krosno.pl\/pracownicy\/beata-zatwarnicka-madura\/#primaryimage"},"image":{"@id":"https:\/\/pans.krosno.pl\/pracownicy\/beata-zatwarnicka-madura\/#primaryimage"},"thumbnailUrl":"https:\/\/pans.krosno.pl\/pracownicy\/wp-content\/uploads\/sites\/41\/2025\/11\/DSC_7799-2_pp-1-684x1024.jpg","datePublished":"2025-11-26T16:28:45+00:00","breadcrumb":{"@id":"https:\/\/pans.krosno.pl\/pracownicy\/beata-zatwarnicka-madura\/#breadcrumb"},"inLanguage":"pl-PL","potentialAction":[{"@type":"ReadAction","target":["https:\/\/pans.krosno.pl\/pracownicy\/beata-zatwarnicka-madura\/"]}]},{"@type":"ImageObject","inLanguage":"pl-PL","@id":"https:\/\/pans.krosno.pl\/pracownicy\/beata-zatwarnicka-madura\/#primaryimage","url":"https:\/\/pans.krosno.pl\/pracownicy\/wp-content\/uploads\/sites\/41\/2025\/11\/DSC_7799-2_pp-1-scaled.jpg","contentUrl":"https:\/\/pans.krosno.pl\/pracownicy\/wp-content\/uploads\/sites\/41\/2025\/11\/DSC_7799-2_pp-1-scaled.jpg","width":1709,"height":2560},{"@type":"BreadcrumbList","@id":"https:\/\/pans.krosno.pl\/pracownicy\/beata-zatwarnicka-madura\/#breadcrumb","itemListElement":[{"@type":"ListItem","position":1,"name":"Strona g\u0142\u00f3wna","item":"https:\/\/pans.krosno.pl\/pracownicy\/"},{"@type":"ListItem","position":2,"name":"dr\u00a0hab.\u00a0Beata\u00a0Zatwarnicka-Madura,\u00a0prof.\u00a0PRz,\u00a0prof.\u00a0PANS"}]},{"@type":"WebSite","@id":"https:\/\/pans.krosno.pl\/pracownicy\/#website","url":"https:\/\/pans.krosno.pl\/pracownicy\/","name":"Pracownicy PANS w Kro\u015bnie","description":"Pracownicy - Pa\u0144stwowa Akademia Nauk Stosowanych","publisher":{"@id":"https:\/\/pans.krosno.pl\/pracownicy\/#organization"},"potentialAction":[{"@type":"SearchAction","target":{"@type":"EntryPoint","urlTemplate":"https:\/\/pans.krosno.pl\/pracownicy\/?s={search_term_string}"},"query-input":{"@type":"PropertyValueSpecification","valueRequired":true,"valueName":"search_term_string"}}],"inLanguage":"pl-PL"},{"@type":"Organization","@id":"https:\/\/pans.krosno.pl\/pracownicy\/#organization","name":"Pracownicy PANS w Kro\u015bnie","url":"https:\/\/pans.krosno.pl\/pracownicy\/","logo":{"@type":"ImageObject","inLanguage":"pl-PL","@id":"https:\/\/pans.krosno.pl\/pracownicy\/#\/schema\/logo\/image\/","url":"https:\/\/pans.krosno.pl\/pracownicy\/wp-content\/uploads\/sites\/41\/2023\/01\/Logo-PANS-2022-pelne.png","contentUrl":"https:\/\/pans.krosno.pl\/pracownicy\/wp-content\/uploads\/sites\/41\/2023\/01\/Logo-PANS-2022-pelne.png","width":3096,"height":696,"caption":"Pracownicy PANS w Kro\u015bnie"},"image":{"@id":"https:\/\/pans.krosno.pl\/pracownicy\/#\/schema\/logo\/image\/"}}]}},"_links":{"self":[{"href":"https:\/\/pans.krosno.pl\/pracownicy\/wp-json\/wp\/v2\/pages\/11601","targetHints":{"allow":["GET"]}}],"collection":[{"href":"https:\/\/pans.krosno.pl\/pracownicy\/wp-json\/wp\/v2\/pages"}],"about":[{"href":"https:\/\/pans.krosno.pl\/pracownicy\/wp-json\/wp\/v2\/types\/page"}],"author":[{"embeddable":true,"href":"https:\/\/pans.krosno.pl\/pracownicy\/wp-json\/wp\/v2\/users\/27"}],"replies":[{"embeddable":true,"href":"https:\/\/pans.krosno.pl\/pracownicy\/wp-json\/wp\/v2\/comments?post=11601"}],"version-history":[{"count":1,"href":"https:\/\/pans.krosno.pl\/pracownicy\/wp-json\/wp\/v2\/pages\/11601\/revisions"}],"predecessor-version":[{"id":11606,"href":"https:\/\/pans.krosno.pl\/pracownicy\/wp-json\/wp\/v2\/pages\/11601\/revisions\/11606"}],"wp:attachment":[{"href":"https:\/\/pans.krosno.pl\/pracownicy\/wp-json\/wp\/v2\/media?parent=11601"}],"curies":[{"name":"wp","href":"https:\/\/api.w.org\/{rel}","templated":true}]}}