{"id":116,"date":"2020-03-25T10:04:14","date_gmt":"2020-03-25T09:04:14","guid":{"rendered":"https:\/\/pans.krosno.pl\/pracownicy\/?page_id=116"},"modified":"2025-05-14T13:50:34","modified_gmt":"2025-05-14T11:50:34","slug":"radoslaw-golab-najwazniejsze-publikacje","status":"publish","type":"page","link":"https:\/\/pans.krosno.pl\/pracownicy\/radoslaw-golab\/radoslaw-golab-najwazniejsze-publikacje\/","title":{"rendered":"mgr Rados\u0142aw Go\u0142\u0105b &#8211; Najwa\u017cniejsze publikacje"},"content":{"rendered":"<hr>\n<ol>\n<li>Rados\u0142aw Go\u0142\u0105b \u201dSzeregowanie proces\u00f3w w systemach czasu rzeczywistego\u201d, Problemy Ekologiczne Euroregionu Karpackiego,<\/li>\n<li>Wies\u0142aw Wajs, Marcin Skuba, Rados\u0142aw Go\u0142\u0105b, \u201cA distributed control and management system of the building\u2019s resources based on LON technology\u201d IFAC Workshop on Programmable Devices and Systems, PDS Krak\u00f3w,<\/li>\n<li>Rados\u0142aw Go\u0142\u0105b, Marcin Skuba, \u201cOptymalizacja trasy routingu przy u\u017cyciu algorytm\u00f3w mr\u00f3wkowych\u201d, SIECI KOMPUTEROWE &#8211; budowa, eksploatacja, kszta\u0142cenie, Radom,<\/li>\n<li>Wies\u0142aw Wajs, Marcin Skuba, Rados\u0142aw Go\u0142\u0105b, \u201eAnaliza mo\u017cliwo\u015bci diagnozowania w\u0119z\u0142\u00f3w w rozproszonym systemie sterowania\u201d Diagnostyka Proces\u00f3w Przemys\u0142owych, Rajgr\u00f3d,<\/li>\n<li>Wies\u0142aw Wajs, Rados\u0142aw Go\u0142\u0105b, \u201eSystem zarz\u0105dzania rozproszonego dla mikroprocesorowych struktur siecioych\u201d, International Congress on INTELLIGENT BUILDING SYSTEMS &#8211; InBuS 2006 Krakow.<\/li>\n<\/ol>\n<hr>\n<p>&nbsp;<\/p>\n","protected":false},"excerpt":{"rendered":"<p>Rados\u0142aw Go\u0142\u0105b \u201dSzeregowanie proces\u00f3w w systemach czasu rzeczywistego\u201d, Problemy Ekologiczne Euroregionu Karpackiego, Wies\u0142aw Wajs, Marcin Skuba, Rados\u0142aw Go\u0142\u0105b, \u201cA distributed control and management system of the building\u2019s resources based on LON technology\u201d IFAC Workshop on Programmable Devices and Systems, PDS Krak\u00f3w, Rados\u0142aw Go\u0142\u0105b, Marcin Skuba, \u201cOptymalizacja trasy routingu przy u\u017cyciu [\u2026] <\/p>\n<div class=\"clear\"><\/div>\n<p><a class=\"more_link clearfix\" href=\"https:\/\/pans.krosno.pl\/pracownicy\/radoslaw-golab\/radoslaw-golab-najwazniejsze-publikacje\/\" rel=\"nofollow\">Read More<\/a><\/p>\n","protected":false},"author":34,"featured_media":0,"parent":100,"menu_order":0,"comment_status":"closed","ping_status":"closed","template":"","meta":{"ngg_post_thumbnail":0,"footnotes":""},"class_list":["post-116","page","type-page","status-publish","hentry"],"yoast_head":"<!-- This site is optimized with the Yoast SEO Premium plugin v27.4 (Yoast SEO v27.4) - https:\/\/yoast.com\/product\/yoast-seo-premium-wordpress\/ -->\n<title>mgr Rados\u0142aw Go\u0142\u0105b - Najwa\u017cniejsze publikacje - Pracownicy PANS w Kro\u015bnie<\/title>\n<meta name=\"robots\" content=\"index, follow, max-snippet:-1, max-image-preview:large, max-video-preview:-1\" \/>\n<link rel=\"canonical\" href=\"https:\/\/pans.krosno.pl\/pracownicy\/radoslaw-golab\/radoslaw-golab-najwazniejsze-publikacje\/\" \/>\n<meta property=\"og:locale\" content=\"pl_PL\" \/>\n<meta property=\"og:type\" content=\"article\" \/>\n<meta property=\"og:title\" content=\"mgr Rados\u0142aw Go\u0142\u0105b - Najwa\u017cniejsze publikacje\" \/>\n<meta property=\"og:description\" content=\"Rados\u0142aw Go\u0142\u0105b \u201dSzeregowanie proces\u00f3w w systemach czasu rzeczywistego\u201d, Problemy Ekologiczne Euroregionu Karpackiego, Wies\u0142aw Wajs, Marcin Skuba, Rados\u0142aw Go\u0142\u0105b, \u201cA distributed control and management system of the building\u2019s resources based on LON technology\u201d IFAC Workshop on Programmable Devices and Systems, PDS Krak\u00f3w, Rados\u0142aw Go\u0142\u0105b, Marcin Skuba, \u201cOptymalizacja trasy routingu przy u\u017cyciu [\u2026] Read More\" \/>\n<meta property=\"og:url\" content=\"https:\/\/pans.krosno.pl\/pracownicy\/radoslaw-golab\/radoslaw-golab-najwazniejsze-publikacje\/\" \/>\n<meta property=\"og:site_name\" content=\"Pracownicy PANS w Kro\u015bnie\" \/>\n<meta property=\"article:modified_time\" content=\"2025-05-14T11:50:34+00:00\" \/>\n<meta name=\"twitter:card\" content=\"summary_large_image\" \/>\n<meta name=\"twitter:label1\" content=\"Szacowany czas czytania\" \/>\n\t<meta name=\"twitter:data1\" content=\"1 minuta\" \/>\n<script type=\"application\/ld+json\" class=\"yoast-schema-graph\">{\"@context\":\"https:\\\/\\\/schema.org\",\"@graph\":[{\"@type\":\"WebPage\",\"@id\":\"https:\\\/\\\/pans.krosno.pl\\\/pracownicy\\\/radoslaw-golab\\\/radoslaw-golab-najwazniejsze-publikacje\\\/\",\"url\":\"https:\\\/\\\/pans.krosno.pl\\\/pracownicy\\\/radoslaw-golab\\\/radoslaw-golab-najwazniejsze-publikacje\\\/\",\"name\":\"mgr Rados\u0142aw Go\u0142\u0105b - Najwa\u017cniejsze publikacje - Pracownicy PANS w Kro\u015bnie\",\"isPartOf\":{\"@id\":\"https:\\\/\\\/pans.krosno.pl\\\/pracownicy\\\/#website\"},\"datePublished\":\"2020-03-25T09:04:14+00:00\",\"dateModified\":\"2025-05-14T11:50:34+00:00\",\"breadcrumb\":{\"@id\":\"https:\\\/\\\/pans.krosno.pl\\\/pracownicy\\\/radoslaw-golab\\\/radoslaw-golab-najwazniejsze-publikacje\\\/#breadcrumb\"},\"inLanguage\":\"pl-PL\",\"potentialAction\":[{\"@type\":\"ReadAction\",\"target\":[\"https:\\\/\\\/pans.krosno.pl\\\/pracownicy\\\/radoslaw-golab\\\/radoslaw-golab-najwazniejsze-publikacje\\\/\"]}]},{\"@type\":\"BreadcrumbList\",\"@id\":\"https:\\\/\\\/pans.krosno.pl\\\/pracownicy\\\/radoslaw-golab\\\/radoslaw-golab-najwazniejsze-publikacje\\\/#breadcrumb\",\"itemListElement\":[{\"@type\":\"ListItem\",\"position\":1,\"name\":\"Strona g\u0142\u00f3wna\",\"item\":\"https:\\\/\\\/pans.krosno.pl\\\/pracownicy\\\/\"},{\"@type\":\"ListItem\",\"position\":2,\"name\":\"mgr Rados\u0142aw Go\u0142\u0105b\",\"item\":\"https:\\\/\\\/pans.krosno.pl\\\/pracownicy\\\/radoslaw-golab\\\/\"},{\"@type\":\"ListItem\",\"position\":3,\"name\":\"mgr Rados\u0142aw Go\u0142\u0105b &#8211; Najwa\u017cniejsze publikacje\"}]},{\"@type\":\"WebSite\",\"@id\":\"https:\\\/\\\/pans.krosno.pl\\\/pracownicy\\\/#website\",\"url\":\"https:\\\/\\\/pans.krosno.pl\\\/pracownicy\\\/\",\"name\":\"Pracownicy PANS w Kro\u015bnie\",\"description\":\"Pracownicy - Pa\u0144stwowa Akademia Nauk Stosowanych\",\"publisher\":{\"@id\":\"https:\\\/\\\/pans.krosno.pl\\\/pracownicy\\\/#organization\"},\"potentialAction\":[{\"@type\":\"SearchAction\",\"target\":{\"@type\":\"EntryPoint\",\"urlTemplate\":\"https:\\\/\\\/pans.krosno.pl\\\/pracownicy\\\/?s={search_term_string}\"},\"query-input\":{\"@type\":\"PropertyValueSpecification\",\"valueRequired\":true,\"valueName\":\"search_term_string\"}}],\"inLanguage\":\"pl-PL\"},{\"@type\":\"Organization\",\"@id\":\"https:\\\/\\\/pans.krosno.pl\\\/pracownicy\\\/#organization\",\"name\":\"Pracownicy PANS w Kro\u015bnie\",\"url\":\"https:\\\/\\\/pans.krosno.pl\\\/pracownicy\\\/\",\"logo\":{\"@type\":\"ImageObject\",\"inLanguage\":\"pl-PL\",\"@id\":\"https:\\\/\\\/pans.krosno.pl\\\/pracownicy\\\/#\\\/schema\\\/logo\\\/image\\\/\",\"url\":\"https:\\\/\\\/pans.krosno.pl\\\/pracownicy\\\/wp-content\\\/uploads\\\/sites\\\/41\\\/2023\\\/01\\\/Logo-PANS-2022-pelne.png\",\"contentUrl\":\"https:\\\/\\\/pans.krosno.pl\\\/pracownicy\\\/wp-content\\\/uploads\\\/sites\\\/41\\\/2023\\\/01\\\/Logo-PANS-2022-pelne.png\",\"width\":3096,\"height\":696,\"caption\":\"Pracownicy PANS w Kro\u015bnie\"},\"image\":{\"@id\":\"https:\\\/\\\/pans.krosno.pl\\\/pracownicy\\\/#\\\/schema\\\/logo\\\/image\\\/\"}}]}<\/script>\n<!-- \/ Yoast SEO Premium plugin. -->","yoast_head_json":{"title":"mgr Rados\u0142aw Go\u0142\u0105b - Najwa\u017cniejsze publikacje - Pracownicy PANS w Kro\u015bnie","robots":{"index":"index","follow":"follow","max-snippet":"max-snippet:-1","max-image-preview":"max-image-preview:large","max-video-preview":"max-video-preview:-1"},"canonical":"https:\/\/pans.krosno.pl\/pracownicy\/radoslaw-golab\/radoslaw-golab-najwazniejsze-publikacje\/","og_locale":"pl_PL","og_type":"article","og_title":"mgr Rados\u0142aw Go\u0142\u0105b - Najwa\u017cniejsze publikacje","og_description":"Rados\u0142aw Go\u0142\u0105b \u201dSzeregowanie proces\u00f3w w systemach czasu rzeczywistego\u201d, Problemy Ekologiczne Euroregionu Karpackiego, Wies\u0142aw Wajs, Marcin Skuba, Rados\u0142aw Go\u0142\u0105b, \u201cA distributed control and management system of the building\u2019s resources based on LON technology\u201d IFAC Workshop on Programmable Devices and Systems, PDS Krak\u00f3w, Rados\u0142aw Go\u0142\u0105b, Marcin Skuba, \u201cOptymalizacja trasy routingu przy u\u017cyciu [\u2026] Read More","og_url":"https:\/\/pans.krosno.pl\/pracownicy\/radoslaw-golab\/radoslaw-golab-najwazniejsze-publikacje\/","og_site_name":"Pracownicy PANS w Kro\u015bnie","article_modified_time":"2025-05-14T11:50:34+00:00","twitter_card":"summary_large_image","twitter_misc":{"Szacowany czas czytania":"1 minuta"},"schema":{"@context":"https:\/\/schema.org","@graph":[{"@type":"WebPage","@id":"https:\/\/pans.krosno.pl\/pracownicy\/radoslaw-golab\/radoslaw-golab-najwazniejsze-publikacje\/","url":"https:\/\/pans.krosno.pl\/pracownicy\/radoslaw-golab\/radoslaw-golab-najwazniejsze-publikacje\/","name":"mgr Rados\u0142aw Go\u0142\u0105b - Najwa\u017cniejsze publikacje - Pracownicy PANS w Kro\u015bnie","isPartOf":{"@id":"https:\/\/pans.krosno.pl\/pracownicy\/#website"},"datePublished":"2020-03-25T09:04:14+00:00","dateModified":"2025-05-14T11:50:34+00:00","breadcrumb":{"@id":"https:\/\/pans.krosno.pl\/pracownicy\/radoslaw-golab\/radoslaw-golab-najwazniejsze-publikacje\/#breadcrumb"},"inLanguage":"pl-PL","potentialAction":[{"@type":"ReadAction","target":["https:\/\/pans.krosno.pl\/pracownicy\/radoslaw-golab\/radoslaw-golab-najwazniejsze-publikacje\/"]}]},{"@type":"BreadcrumbList","@id":"https:\/\/pans.krosno.pl\/pracownicy\/radoslaw-golab\/radoslaw-golab-najwazniejsze-publikacje\/#breadcrumb","itemListElement":[{"@type":"ListItem","position":1,"name":"Strona g\u0142\u00f3wna","item":"https:\/\/pans.krosno.pl\/pracownicy\/"},{"@type":"ListItem","position":2,"name":"mgr Rados\u0142aw Go\u0142\u0105b","item":"https:\/\/pans.krosno.pl\/pracownicy\/radoslaw-golab\/"},{"@type":"ListItem","position":3,"name":"mgr Rados\u0142aw Go\u0142\u0105b &#8211; Najwa\u017cniejsze publikacje"}]},{"@type":"WebSite","@id":"https:\/\/pans.krosno.pl\/pracownicy\/#website","url":"https:\/\/pans.krosno.pl\/pracownicy\/","name":"Pracownicy PANS w Kro\u015bnie","description":"Pracownicy - Pa\u0144stwowa Akademia Nauk Stosowanych","publisher":{"@id":"https:\/\/pans.krosno.pl\/pracownicy\/#organization"},"potentialAction":[{"@type":"SearchAction","target":{"@type":"EntryPoint","urlTemplate":"https:\/\/pans.krosno.pl\/pracownicy\/?s={search_term_string}"},"query-input":{"@type":"PropertyValueSpecification","valueRequired":true,"valueName":"search_term_string"}}],"inLanguage":"pl-PL"},{"@type":"Organization","@id":"https:\/\/pans.krosno.pl\/pracownicy\/#organization","name":"Pracownicy PANS w Kro\u015bnie","url":"https:\/\/pans.krosno.pl\/pracownicy\/","logo":{"@type":"ImageObject","inLanguage":"pl-PL","@id":"https:\/\/pans.krosno.pl\/pracownicy\/#\/schema\/logo\/image\/","url":"https:\/\/pans.krosno.pl\/pracownicy\/wp-content\/uploads\/sites\/41\/2023\/01\/Logo-PANS-2022-pelne.png","contentUrl":"https:\/\/pans.krosno.pl\/pracownicy\/wp-content\/uploads\/sites\/41\/2023\/01\/Logo-PANS-2022-pelne.png","width":3096,"height":696,"caption":"Pracownicy PANS w Kro\u015bnie"},"image":{"@id":"https:\/\/pans.krosno.pl\/pracownicy\/#\/schema\/logo\/image\/"}}]}},"_links":{"self":[{"href":"https:\/\/pans.krosno.pl\/pracownicy\/wp-json\/wp\/v2\/pages\/116","targetHints":{"allow":["GET"]}}],"collection":[{"href":"https:\/\/pans.krosno.pl\/pracownicy\/wp-json\/wp\/v2\/pages"}],"about":[{"href":"https:\/\/pans.krosno.pl\/pracownicy\/wp-json\/wp\/v2\/types\/page"}],"author":[{"embeddable":true,"href":"https:\/\/pans.krosno.pl\/pracownicy\/wp-json\/wp\/v2\/users\/34"}],"replies":[{"embeddable":true,"href":"https:\/\/pans.krosno.pl\/pracownicy\/wp-json\/wp\/v2\/comments?post=116"}],"version-history":[{"count":4,"href":"https:\/\/pans.krosno.pl\/pracownicy\/wp-json\/wp\/v2\/pages\/116\/revisions"}],"predecessor-version":[{"id":6864,"href":"https:\/\/pans.krosno.pl\/pracownicy\/wp-json\/wp\/v2\/pages\/116\/revisions\/6864"}],"up":[{"embeddable":true,"href":"https:\/\/pans.krosno.pl\/pracownicy\/wp-json\/wp\/v2\/pages\/100"}],"wp:attachment":[{"href":"https:\/\/pans.krosno.pl\/pracownicy\/wp-json\/wp\/v2\/media?parent=116"}],"curies":[{"name":"wp","href":"https:\/\/api.w.org\/{rel}","templated":true}]}}