{"id":11596,"date":"2025-11-25T14:25:50","date_gmt":"2025-11-25T13:25:50","guid":{"rendered":"https:\/\/pans.krosno.pl\/pracownicy\/?page_id=11596"},"modified":"2025-11-25T14:25:51","modified_gmt":"2025-11-25T13:25:51","slug":"katarzyna-barczentewicz","status":"publish","type":"page","link":"https:\/\/pans.krosno.pl\/pracownicy\/katarzyna-barczentewicz\/","title":{"rendered":"mgr Katarzyna Barczentewicz"},"content":{"rendered":"\n<h3 class=\"wp-block-heading\" id=\"h-zaklad-ratownictwa-medycznego\"><strong>Zak\u0142ad <\/strong>Ratownictwa Medycznego<\/h3>\n\n\n\n<hr class=\"wp-block-separator has-css-opacity\"\/>\n\n\n\n<p>Absolwentka Ratownictwa Medycznego Collegium Medicum Uniwersytetu Jagiello\u0144skiego oraz studi\u00f3w magisterskich z zakresu bezpiecze\u0144stwa narodowego, regionalnego i globalnego w Wy\u017cszej Szkole Europejskiej w Krakowie. W 2024 roku uko\u0144czy\u0142a tak\u017ce studia licencjackie na kierunku piel\u0119gniarstwo w Pa\u0144stwowej Akademii Nauk Stosowanych w Kro\u015bnie.<\/p>\n\n\n\n<p>Posiada szerokie do\u015bwiadczenie kliniczne, obejmuj\u0105ce prac\u0119 w Oddziale Anestezjologii i Intensywnej Terapii Wojew\u00f3dzkiego Specjalistycznego Szpitala Dzieci\u0119cego im. \u015aw. Ludwika w Krakowie oraz w Oddziale Anestezjologii i Intensywnej Terapii Kardiochirurgicznej Uniwersyteckiego Szpitala Dzieci\u0119cego w Krakowie. Praktyk\u0119 zdobywa\u0142a r\u00f3wnie\u017c w Szpitalnym Oddziale Ratunkowym Szpitala Powiatowego w Bochni oraz w Dzieci\u0119cym Szpitalnym Oddziale Ratunkowym Uniwersyteckiego Szpitala Dzieci\u0119cego w Krakowie (Prokocim). Pracowa\u0142a w zespo\u0142ach ratownictwa medycznego, w tym w Krakowskim Pogotowiu Ratunkowym oraz Pogotowiu w Jaros\u0142awiu, a tak\u017ce w wyjazdowym zespole neonatologicznym.<\/p>\n\n\n\n<p>Zaanga\u017cowana w dzia\u0142alno\u015b\u0107 szkoleniow\u0105, wsp\u00f3\u0142pracowa\u0142a przy organizacji i realizacji szkole\u0144 z zakresu ratownictwa medycznego i pierwszej pomocy. Regularnie uczestniczy w kursach i konferencjach zwi\u0105zanych z medycyn\u0105 ratunkow\u0105 oraz opiek\u0105 nad pacjentem pediatrycznym, systematycznie rozwijaj\u0105c swoje kompetencje zawodowe.<\/p>\n\n\n\n<hr class=\"wp-block-separator has-css-opacity\"\/>\n\n\n\n<div class=\"wp-block-columns is-layout-flex wp-container-core-columns-is-layout-28f84493 wp-block-columns-is-layout-flex\">\n<div class=\"wp-block-column is-layout-flow wp-block-column-is-layout-flow\" style=\"flex-basis:22%\">\n<figure class=\"wp-block-image size-large\"><img loading=\"lazy\" decoding=\"async\" width=\"698\" height=\"1024\" src=\"https:\/\/pans.krosno.pl\/pracownicy\/wp-content\/uploads\/sites\/41\/2025\/11\/IMG_2076-698x1024.jpg\" alt=\"\" class=\"wp-image-11597\" srcset=\"https:\/\/pans.krosno.pl\/pracownicy\/wp-content\/uploads\/sites\/41\/2025\/11\/IMG_2076-698x1024.jpg 698w, https:\/\/pans.krosno.pl\/pracownicy\/wp-content\/uploads\/sites\/41\/2025\/11\/IMG_2076-204x300.jpg 204w, https:\/\/pans.krosno.pl\/pracownicy\/wp-content\/uploads\/sites\/41\/2025\/11\/IMG_2076-768x1127.jpg 768w, https:\/\/pans.krosno.pl\/pracownicy\/wp-content\/uploads\/sites\/41\/2025\/11\/IMG_2076-1046x1536.jpg 1046w, https:\/\/pans.krosno.pl\/pracownicy\/wp-content\/uploads\/sites\/41\/2025\/11\/IMG_2076-1395x2048.jpg 1395w, https:\/\/pans.krosno.pl\/pracownicy\/wp-content\/uploads\/sites\/41\/2025\/11\/IMG_2076-2000x2936.jpg 2000w, https:\/\/pans.krosno.pl\/pracownicy\/wp-content\/uploads\/sites\/41\/2025\/11\/IMG_2076-800x1174.jpg 800w, https:\/\/pans.krosno.pl\/pracownicy\/wp-content\/uploads\/sites\/41\/2025\/11\/IMG_2076-580x851.jpg 580w, https:\/\/pans.krosno.pl\/pracownicy\/wp-content\/uploads\/sites\/41\/2025\/11\/IMG_2076-scaled.jpg 1744w\" sizes=\"auto, (max-width: 698px) 100vw, 698px\" \/><\/figure>\n\n\n\n<p><\/p>\n<\/div>\n\n\n\n<div class=\"wp-block-column is-layout-flow wp-block-column-is-layout-flow\" style=\"flex-basis:78%\">\n<ul class=\"wp-block-list\">\n<li>\u017byciorys naukowy <\/li>\n\n\n\n<li>Do\u015bwiadczenie pozauczelniane<\/li>\n\n\n\n<li>Najwa\u017cniejsze publikacje<\/li>\n\n\n\n<li>Najwa\u017cniejsze nagrody i wyr\u00f3\u017cnienia<\/li>\n<\/ul>\n\n\n\n<hr class=\"wp-block-separator has-css-opacity\"\/>\n\n\n\n<figure class=\"wp-block-table aligncenter is-style-stripes\"><table><tbody><tr><td class=\"has-text-align-left\" data-align=\"left\">Telefon: 13 43 755 50<\/td><\/tr><tr><td class=\"has-text-align-left\" data-align=\"left\">E-mail: katarzyna.barczentewicz@pans.krosno.pl<\/td><\/tr><tr><td class=\"has-text-align-left\" data-align=\"left\">Konsultacje: <a href=\"https:\/\/pans.krosno.pl\/ratownictwo-medyczne\/dyzury-pracownikow\/\">Dy\u017cur Pracownika<\/a><\/td><\/tr><\/tbody><\/table><\/figure>\n<\/div>\n<\/div>\n\n\n\n<hr class=\"wp-block-separator has-css-opacity\"\/>\n\n\n\n<p><\/p>\n","protected":false},"excerpt":{"rendered":"<p>Zak\u0142ad Ratownictwa Medycznego Absolwentka Ratownictwa Medycznego Collegium Medicum Uniwersytetu Jagiello\u0144skiego oraz studi\u00f3w magisterskich z zakresu bezpiecze\u0144stwa narodowego, regionalnego i globalnego w Wy\u017cszej Szkole Europejskiej w Krakowie. W 2024 roku uko\u0144czy\u0142a tak\u017ce studia licencjackie na kierunku piel\u0119gniarstwo w Pa\u0144stwowej Akademii Nauk Stosowanych w Kro\u015bnie. Posiada szerokie do\u015bwiadczenie kliniczne, obejmuj\u0105ce prac\u0119 w [\u2026] <\/p>\n<div class=\"clear\"><\/div>\n<p><a class=\"more_link clearfix\" href=\"https:\/\/pans.krosno.pl\/pracownicy\/katarzyna-barczentewicz\/\" rel=\"nofollow\">Read More<\/a><\/p>\n","protected":false},"author":27,"featured_media":0,"parent":0,"menu_order":0,"comment_status":"closed","ping_status":"closed","template":"","meta":{"ngg_post_thumbnail":0,"footnotes":""},"class_list":["post-11596","page","type-page","status-publish","hentry"],"yoast_head":"<!-- This site is optimized with the Yoast SEO Premium plugin v27.4 (Yoast SEO v27.4) - https:\/\/yoast.com\/product\/yoast-seo-premium-wordpress\/ -->\n<title>mgr Katarzyna Barczentewicz - Pracownicy PANS w Kro\u015bnie<\/title>\n<meta name=\"robots\" content=\"index, follow, max-snippet:-1, max-image-preview:large, max-video-preview:-1\" \/>\n<link rel=\"canonical\" href=\"https:\/\/pans.krosno.pl\/pracownicy\/katarzyna-barczentewicz\/\" \/>\n<meta property=\"og:locale\" content=\"pl_PL\" \/>\n<meta property=\"og:type\" content=\"article\" \/>\n<meta property=\"og:title\" content=\"mgr Katarzyna Barczentewicz\" \/>\n<meta property=\"og:description\" content=\"Zak\u0142ad Ratownictwa Medycznego Absolwentka Ratownictwa Medycznego Collegium Medicum Uniwersytetu Jagiello\u0144skiego oraz studi\u00f3w magisterskich z zakresu bezpiecze\u0144stwa narodowego, regionalnego i globalnego w Wy\u017cszej Szkole Europejskiej w Krakowie. W 2024 roku uko\u0144czy\u0142a tak\u017ce studia licencjackie na kierunku piel\u0119gniarstwo w Pa\u0144stwowej Akademii Nauk Stosowanych w Kro\u015bnie. Posiada szerokie do\u015bwiadczenie kliniczne, obejmuj\u0105ce prac\u0119 w [\u2026] Read More\" \/>\n<meta property=\"og:url\" content=\"https:\/\/pans.krosno.pl\/pracownicy\/katarzyna-barczentewicz\/\" \/>\n<meta property=\"og:site_name\" content=\"Pracownicy PANS w Kro\u015bnie\" \/>\n<meta property=\"article:modified_time\" content=\"2025-11-25T13:25:51+00:00\" \/>\n<meta property=\"og:image\" content=\"https:\/\/pans.krosno.pl\/pracownicy\/wp-content\/uploads\/sites\/41\/2025\/11\/IMG_2076-scaled.jpg\" \/>\n\t<meta property=\"og:image:width\" content=\"1744\" \/>\n\t<meta property=\"og:image:height\" content=\"2560\" \/>\n\t<meta property=\"og:image:type\" content=\"image\/jpeg\" \/>\n<meta name=\"twitter:card\" content=\"summary_large_image\" \/>\n<meta name=\"twitter:label1\" content=\"Szacowany czas czytania\" \/>\n\t<meta name=\"twitter:data1\" content=\"2 minuty\" \/>\n<script type=\"application\/ld+json\" class=\"yoast-schema-graph\">{\"@context\":\"https:\\\/\\\/schema.org\",\"@graph\":[{\"@type\":\"WebPage\",\"@id\":\"https:\\\/\\\/pans.krosno.pl\\\/pracownicy\\\/katarzyna-barczentewicz\\\/\",\"url\":\"https:\\\/\\\/pans.krosno.pl\\\/pracownicy\\\/katarzyna-barczentewicz\\\/\",\"name\":\"mgr Katarzyna Barczentewicz - Pracownicy PANS w Kro\u015bnie\",\"isPartOf\":{\"@id\":\"https:\\\/\\\/pans.krosno.pl\\\/pracownicy\\\/#website\"},\"primaryImageOfPage\":{\"@id\":\"https:\\\/\\\/pans.krosno.pl\\\/pracownicy\\\/katarzyna-barczentewicz\\\/#primaryimage\"},\"image\":{\"@id\":\"https:\\\/\\\/pans.krosno.pl\\\/pracownicy\\\/katarzyna-barczentewicz\\\/#primaryimage\"},\"thumbnailUrl\":\"https:\\\/\\\/pans.krosno.pl\\\/pracownicy\\\/wp-content\\\/uploads\\\/sites\\\/41\\\/2025\\\/11\\\/IMG_2076-698x1024.jpg\",\"datePublished\":\"2025-11-25T13:25:50+00:00\",\"dateModified\":\"2025-11-25T13:25:51+00:00\",\"breadcrumb\":{\"@id\":\"https:\\\/\\\/pans.krosno.pl\\\/pracownicy\\\/katarzyna-barczentewicz\\\/#breadcrumb\"},\"inLanguage\":\"pl-PL\",\"potentialAction\":[{\"@type\":\"ReadAction\",\"target\":[\"https:\\\/\\\/pans.krosno.pl\\\/pracownicy\\\/katarzyna-barczentewicz\\\/\"]}]},{\"@type\":\"ImageObject\",\"inLanguage\":\"pl-PL\",\"@id\":\"https:\\\/\\\/pans.krosno.pl\\\/pracownicy\\\/katarzyna-barczentewicz\\\/#primaryimage\",\"url\":\"https:\\\/\\\/pans.krosno.pl\\\/pracownicy\\\/wp-content\\\/uploads\\\/sites\\\/41\\\/2025\\\/11\\\/IMG_2076-scaled.jpg\",\"contentUrl\":\"https:\\\/\\\/pans.krosno.pl\\\/pracownicy\\\/wp-content\\\/uploads\\\/sites\\\/41\\\/2025\\\/11\\\/IMG_2076-scaled.jpg\",\"width\":1744,\"height\":2560},{\"@type\":\"BreadcrumbList\",\"@id\":\"https:\\\/\\\/pans.krosno.pl\\\/pracownicy\\\/katarzyna-barczentewicz\\\/#breadcrumb\",\"itemListElement\":[{\"@type\":\"ListItem\",\"position\":1,\"name\":\"Strona g\u0142\u00f3wna\",\"item\":\"https:\\\/\\\/pans.krosno.pl\\\/pracownicy\\\/\"},{\"@type\":\"ListItem\",\"position\":2,\"name\":\"mgr Katarzyna Barczentewicz\"}]},{\"@type\":\"WebSite\",\"@id\":\"https:\\\/\\\/pans.krosno.pl\\\/pracownicy\\\/#website\",\"url\":\"https:\\\/\\\/pans.krosno.pl\\\/pracownicy\\\/\",\"name\":\"Pracownicy PANS w Kro\u015bnie\",\"description\":\"Pracownicy - Pa\u0144stwowa Akademia Nauk Stosowanych\",\"publisher\":{\"@id\":\"https:\\\/\\\/pans.krosno.pl\\\/pracownicy\\\/#organization\"},\"potentialAction\":[{\"@type\":\"SearchAction\",\"target\":{\"@type\":\"EntryPoint\",\"urlTemplate\":\"https:\\\/\\\/pans.krosno.pl\\\/pracownicy\\\/?s={search_term_string}\"},\"query-input\":{\"@type\":\"PropertyValueSpecification\",\"valueRequired\":true,\"valueName\":\"search_term_string\"}}],\"inLanguage\":\"pl-PL\"},{\"@type\":\"Organization\",\"@id\":\"https:\\\/\\\/pans.krosno.pl\\\/pracownicy\\\/#organization\",\"name\":\"Pracownicy PANS w Kro\u015bnie\",\"url\":\"https:\\\/\\\/pans.krosno.pl\\\/pracownicy\\\/\",\"logo\":{\"@type\":\"ImageObject\",\"inLanguage\":\"pl-PL\",\"@id\":\"https:\\\/\\\/pans.krosno.pl\\\/pracownicy\\\/#\\\/schema\\\/logo\\\/image\\\/\",\"url\":\"https:\\\/\\\/pans.krosno.pl\\\/pracownicy\\\/wp-content\\\/uploads\\\/sites\\\/41\\\/2023\\\/01\\\/Logo-PANS-2022-pelne.png\",\"contentUrl\":\"https:\\\/\\\/pans.krosno.pl\\\/pracownicy\\\/wp-content\\\/uploads\\\/sites\\\/41\\\/2023\\\/01\\\/Logo-PANS-2022-pelne.png\",\"width\":3096,\"height\":696,\"caption\":\"Pracownicy PANS w Kro\u015bnie\"},\"image\":{\"@id\":\"https:\\\/\\\/pans.krosno.pl\\\/pracownicy\\\/#\\\/schema\\\/logo\\\/image\\\/\"}}]}<\/script>\n<!-- \/ Yoast SEO Premium plugin. -->","yoast_head_json":{"title":"mgr Katarzyna Barczentewicz - Pracownicy PANS w Kro\u015bnie","robots":{"index":"index","follow":"follow","max-snippet":"max-snippet:-1","max-image-preview":"max-image-preview:large","max-video-preview":"max-video-preview:-1"},"canonical":"https:\/\/pans.krosno.pl\/pracownicy\/katarzyna-barczentewicz\/","og_locale":"pl_PL","og_type":"article","og_title":"mgr Katarzyna Barczentewicz","og_description":"Zak\u0142ad Ratownictwa Medycznego Absolwentka Ratownictwa Medycznego Collegium Medicum Uniwersytetu Jagiello\u0144skiego oraz studi\u00f3w magisterskich z zakresu bezpiecze\u0144stwa narodowego, regionalnego i globalnego w Wy\u017cszej Szkole Europejskiej w Krakowie. W 2024 roku uko\u0144czy\u0142a tak\u017ce studia licencjackie na kierunku piel\u0119gniarstwo w Pa\u0144stwowej Akademii Nauk Stosowanych w Kro\u015bnie. Posiada szerokie do\u015bwiadczenie kliniczne, obejmuj\u0105ce prac\u0119 w [\u2026] Read More","og_url":"https:\/\/pans.krosno.pl\/pracownicy\/katarzyna-barczentewicz\/","og_site_name":"Pracownicy PANS w Kro\u015bnie","article_modified_time":"2025-11-25T13:25:51+00:00","og_image":[{"width":1744,"height":2560,"url":"https:\/\/pans.krosno.pl\/pracownicy\/wp-content\/uploads\/sites\/41\/2025\/11\/IMG_2076-scaled.jpg","type":"image\/jpeg"}],"twitter_card":"summary_large_image","twitter_misc":{"Szacowany czas czytania":"2 minuty"},"schema":{"@context":"https:\/\/schema.org","@graph":[{"@type":"WebPage","@id":"https:\/\/pans.krosno.pl\/pracownicy\/katarzyna-barczentewicz\/","url":"https:\/\/pans.krosno.pl\/pracownicy\/katarzyna-barczentewicz\/","name":"mgr Katarzyna Barczentewicz - Pracownicy PANS w Kro\u015bnie","isPartOf":{"@id":"https:\/\/pans.krosno.pl\/pracownicy\/#website"},"primaryImageOfPage":{"@id":"https:\/\/pans.krosno.pl\/pracownicy\/katarzyna-barczentewicz\/#primaryimage"},"image":{"@id":"https:\/\/pans.krosno.pl\/pracownicy\/katarzyna-barczentewicz\/#primaryimage"},"thumbnailUrl":"https:\/\/pans.krosno.pl\/pracownicy\/wp-content\/uploads\/sites\/41\/2025\/11\/IMG_2076-698x1024.jpg","datePublished":"2025-11-25T13:25:50+00:00","dateModified":"2025-11-25T13:25:51+00:00","breadcrumb":{"@id":"https:\/\/pans.krosno.pl\/pracownicy\/katarzyna-barczentewicz\/#breadcrumb"},"inLanguage":"pl-PL","potentialAction":[{"@type":"ReadAction","target":["https:\/\/pans.krosno.pl\/pracownicy\/katarzyna-barczentewicz\/"]}]},{"@type":"ImageObject","inLanguage":"pl-PL","@id":"https:\/\/pans.krosno.pl\/pracownicy\/katarzyna-barczentewicz\/#primaryimage","url":"https:\/\/pans.krosno.pl\/pracownicy\/wp-content\/uploads\/sites\/41\/2025\/11\/IMG_2076-scaled.jpg","contentUrl":"https:\/\/pans.krosno.pl\/pracownicy\/wp-content\/uploads\/sites\/41\/2025\/11\/IMG_2076-scaled.jpg","width":1744,"height":2560},{"@type":"BreadcrumbList","@id":"https:\/\/pans.krosno.pl\/pracownicy\/katarzyna-barczentewicz\/#breadcrumb","itemListElement":[{"@type":"ListItem","position":1,"name":"Strona g\u0142\u00f3wna","item":"https:\/\/pans.krosno.pl\/pracownicy\/"},{"@type":"ListItem","position":2,"name":"mgr Katarzyna Barczentewicz"}]},{"@type":"WebSite","@id":"https:\/\/pans.krosno.pl\/pracownicy\/#website","url":"https:\/\/pans.krosno.pl\/pracownicy\/","name":"Pracownicy PANS w Kro\u015bnie","description":"Pracownicy - Pa\u0144stwowa Akademia Nauk Stosowanych","publisher":{"@id":"https:\/\/pans.krosno.pl\/pracownicy\/#organization"},"potentialAction":[{"@type":"SearchAction","target":{"@type":"EntryPoint","urlTemplate":"https:\/\/pans.krosno.pl\/pracownicy\/?s={search_term_string}"},"query-input":{"@type":"PropertyValueSpecification","valueRequired":true,"valueName":"search_term_string"}}],"inLanguage":"pl-PL"},{"@type":"Organization","@id":"https:\/\/pans.krosno.pl\/pracownicy\/#organization","name":"Pracownicy PANS w Kro\u015bnie","url":"https:\/\/pans.krosno.pl\/pracownicy\/","logo":{"@type":"ImageObject","inLanguage":"pl-PL","@id":"https:\/\/pans.krosno.pl\/pracownicy\/#\/schema\/logo\/image\/","url":"https:\/\/pans.krosno.pl\/pracownicy\/wp-content\/uploads\/sites\/41\/2023\/01\/Logo-PANS-2022-pelne.png","contentUrl":"https:\/\/pans.krosno.pl\/pracownicy\/wp-content\/uploads\/sites\/41\/2023\/01\/Logo-PANS-2022-pelne.png","width":3096,"height":696,"caption":"Pracownicy PANS w Kro\u015bnie"},"image":{"@id":"https:\/\/pans.krosno.pl\/pracownicy\/#\/schema\/logo\/image\/"}}]}},"_links":{"self":[{"href":"https:\/\/pans.krosno.pl\/pracownicy\/wp-json\/wp\/v2\/pages\/11596","targetHints":{"allow":["GET"]}}],"collection":[{"href":"https:\/\/pans.krosno.pl\/pracownicy\/wp-json\/wp\/v2\/pages"}],"about":[{"href":"https:\/\/pans.krosno.pl\/pracownicy\/wp-json\/wp\/v2\/types\/page"}],"author":[{"embeddable":true,"href":"https:\/\/pans.krosno.pl\/pracownicy\/wp-json\/wp\/v2\/users\/27"}],"replies":[{"embeddable":true,"href":"https:\/\/pans.krosno.pl\/pracownicy\/wp-json\/wp\/v2\/comments?post=11596"}],"version-history":[{"count":1,"href":"https:\/\/pans.krosno.pl\/pracownicy\/wp-json\/wp\/v2\/pages\/11596\/revisions"}],"predecessor-version":[{"id":11599,"href":"https:\/\/pans.krosno.pl\/pracownicy\/wp-json\/wp\/v2\/pages\/11596\/revisions\/11599"}],"wp:attachment":[{"href":"https:\/\/pans.krosno.pl\/pracownicy\/wp-json\/wp\/v2\/media?parent=11596"}],"curies":[{"name":"wp","href":"https:\/\/api.w.org\/{rel}","templated":true}]}}