{"id":11591,"date":"2025-11-18T15:09:31","date_gmt":"2025-11-18T14:09:31","guid":{"rendered":"https:\/\/pans.krosno.pl\/pracownicy\/?page_id=11591"},"modified":"2025-11-18T15:09:32","modified_gmt":"2025-11-18T14:09:32","slug":"patrycja-pudlo-najnowsze-publikacje-naukowe","status":"publish","type":"page","link":"https:\/\/pans.krosno.pl\/pracownicy\/patrycja-pudlo\/patrycja-pudlo-najnowsze-publikacje-naukowe\/","title":{"rendered":"dr Patrycja Pud\u0142o &#8211; Najnowsze publikacje naukowe"},"content":{"rendered":"\n<ol class=\"wp-block-list\">\n<li>PUD\u0141O P. PIEGDO\u0143 W. 2025 Zastosowanie influencer marketingu w wybranych elementach komunikacji wizerunku marki z perspektywy pokole\u0144 X, Y, Z. Monografia pod red.K. Szyma\u0144ska, R. Janczewski. Ekonomia i zarz\u0105dzanie w rzeczywisto\u015bci gospodarczej. Wybrane zagadnienia teoretyczne i praktyczne w uj\u0119ciu interdyscyplinarnym. Wydawnictwo Naukowe FNCE.<\/li>\n\n\n\n<li>PUD\u0141O P. G\u00d3RKA M. 2025. Charakterystyka wybranych strategii i narz\u0119dzi komunikacji marketingowej \u2013 Studium przypadku marki produktowej. Monografia pt. Wyzwania spo\u0142eczno-gospodarcze dla Polski w XXI wieku. PSW im. B\u0142. Ks. W\u0142adys\u0142awa Findysza w Ja\u015ble. Wydawnictwo Michalineum<\/li>\n\n\n\n<li>PUD\u0141O P. Efekt synergii wybranych narz\u0119dzi zarz\u0105dzania \u2013 studium przypadku. E-mentor, numer 1\/2025, SGGW. Warszawa<\/li>\n\n\n\n<li>PUD\u0141O P. 2024. Wybrane aspekty logistyki e-commerce na S\u0142owacji.\u201c Na pograniczach kultur i narod\u00f3w&#8221;. O konfliktach, ekonomii i spo\u0142ecze\u0144stwie. Wydawnictwo \u201eHistoria Iagellonica\u201d, UJ Krak\u00f3w.<\/li>\n\n\n\n<li>PUD\u0141O P. 2024. Kompetencje przysz\u0142o\u015bci, wybrane aspekty teoretyczne i praktyczne. Ekonomia i zarz\u0105dzanie XXI wieku. Wybrane zagadnienia teoretyczne i praktyczne. Grupa Wydawnicza FNCE, Pozna\u0144.<\/li>\n<\/ol>\n","protected":false},"excerpt":{"rendered":"","protected":false},"author":27,"featured_media":0,"parent":11584,"menu_order":0,"comment_status":"closed","ping_status":"closed","template":"","meta":{"ngg_post_thumbnail":0,"footnotes":""},"class_list":["post-11591","page","type-page","status-publish","hentry"],"yoast_head":"<!-- This site is optimized with the Yoast SEO Premium plugin v27.3 (Yoast SEO v27.3) - https:\/\/yoast.com\/product\/yoast-seo-premium-wordpress\/ -->\n<title>dr Patrycja Pud\u0142o - Najnowsze publikacje naukowe - Pracownicy PANS w Kro\u015bnie<\/title>\n<meta name=\"robots\" content=\"index, follow, max-snippet:-1, max-image-preview:large, max-video-preview:-1\" \/>\n<link rel=\"canonical\" href=\"https:\/\/pans.krosno.pl\/pracownicy\/patrycja-pudlo\/patrycja-pudlo-najnowsze-publikacje-naukowe\/\" \/>\n<meta property=\"og:locale\" content=\"pl_PL\" \/>\n<meta property=\"og:type\" content=\"article\" \/>\n<meta property=\"og:title\" content=\"dr Patrycja Pud\u0142o - Najnowsze publikacje naukowe\" \/>\n<meta property=\"og:url\" content=\"https:\/\/pans.krosno.pl\/pracownicy\/patrycja-pudlo\/patrycja-pudlo-najnowsze-publikacje-naukowe\/\" \/>\n<meta property=\"og:site_name\" content=\"Pracownicy PANS w Kro\u015bnie\" \/>\n<meta property=\"article:modified_time\" content=\"2025-11-18T14:09:32+00:00\" \/>\n<meta name=\"twitter:card\" content=\"summary_large_image\" \/>\n<meta name=\"twitter:label1\" content=\"Szacowany czas czytania\" \/>\n\t<meta name=\"twitter:data1\" content=\"1 minuta\" \/>\n<script type=\"application\/ld+json\" class=\"yoast-schema-graph\">{\"@context\":\"https:\\\/\\\/schema.org\",\"@graph\":[{\"@type\":\"WebPage\",\"@id\":\"https:\\\/\\\/pans.krosno.pl\\\/pracownicy\\\/patrycja-pudlo\\\/patrycja-pudlo-najnowsze-publikacje-naukowe\\\/\",\"url\":\"https:\\\/\\\/pans.krosno.pl\\\/pracownicy\\\/patrycja-pudlo\\\/patrycja-pudlo-najnowsze-publikacje-naukowe\\\/\",\"name\":\"dr Patrycja Pud\u0142o - Najnowsze publikacje naukowe - Pracownicy PANS w Kro\u015bnie\",\"isPartOf\":{\"@id\":\"https:\\\/\\\/pans.krosno.pl\\\/pracownicy\\\/#website\"},\"datePublished\":\"2025-11-18T14:09:31+00:00\",\"dateModified\":\"2025-11-18T14:09:32+00:00\",\"breadcrumb\":{\"@id\":\"https:\\\/\\\/pans.krosno.pl\\\/pracownicy\\\/patrycja-pudlo\\\/patrycja-pudlo-najnowsze-publikacje-naukowe\\\/#breadcrumb\"},\"inLanguage\":\"pl-PL\",\"potentialAction\":[{\"@type\":\"ReadAction\",\"target\":[\"https:\\\/\\\/pans.krosno.pl\\\/pracownicy\\\/patrycja-pudlo\\\/patrycja-pudlo-najnowsze-publikacje-naukowe\\\/\"]}]},{\"@type\":\"BreadcrumbList\",\"@id\":\"https:\\\/\\\/pans.krosno.pl\\\/pracownicy\\\/patrycja-pudlo\\\/patrycja-pudlo-najnowsze-publikacje-naukowe\\\/#breadcrumb\",\"itemListElement\":[{\"@type\":\"ListItem\",\"position\":1,\"name\":\"Strona g\u0142\u00f3wna\",\"item\":\"https:\\\/\\\/pans.krosno.pl\\\/pracownicy\\\/\"},{\"@type\":\"ListItem\",\"position\":2,\"name\":\"dr Patrycja Pud\u0142o\",\"item\":\"https:\\\/\\\/pans.krosno.pl\\\/pracownicy\\\/patrycja-pudlo\\\/\"},{\"@type\":\"ListItem\",\"position\":3,\"name\":\"dr Patrycja Pud\u0142o &#8211; Najnowsze publikacje naukowe\"}]},{\"@type\":\"WebSite\",\"@id\":\"https:\\\/\\\/pans.krosno.pl\\\/pracownicy\\\/#website\",\"url\":\"https:\\\/\\\/pans.krosno.pl\\\/pracownicy\\\/\",\"name\":\"Pracownicy PANS w Kro\u015bnie\",\"description\":\"Pracownicy - Pa\u0144stwowa Akademia Nauk Stosowanych\",\"publisher\":{\"@id\":\"https:\\\/\\\/pans.krosno.pl\\\/pracownicy\\\/#organization\"},\"potentialAction\":[{\"@type\":\"SearchAction\",\"target\":{\"@type\":\"EntryPoint\",\"urlTemplate\":\"https:\\\/\\\/pans.krosno.pl\\\/pracownicy\\\/?s={search_term_string}\"},\"query-input\":{\"@type\":\"PropertyValueSpecification\",\"valueRequired\":true,\"valueName\":\"search_term_string\"}}],\"inLanguage\":\"pl-PL\"},{\"@type\":\"Organization\",\"@id\":\"https:\\\/\\\/pans.krosno.pl\\\/pracownicy\\\/#organization\",\"name\":\"Pracownicy PANS w Kro\u015bnie\",\"url\":\"https:\\\/\\\/pans.krosno.pl\\\/pracownicy\\\/\",\"logo\":{\"@type\":\"ImageObject\",\"inLanguage\":\"pl-PL\",\"@id\":\"https:\\\/\\\/pans.krosno.pl\\\/pracownicy\\\/#\\\/schema\\\/logo\\\/image\\\/\",\"url\":\"https:\\\/\\\/pans.krosno.pl\\\/pracownicy\\\/wp-content\\\/uploads\\\/sites\\\/41\\\/2023\\\/01\\\/Logo-PANS-2022-pelne.png\",\"contentUrl\":\"https:\\\/\\\/pans.krosno.pl\\\/pracownicy\\\/wp-content\\\/uploads\\\/sites\\\/41\\\/2023\\\/01\\\/Logo-PANS-2022-pelne.png\",\"width\":3096,\"height\":696,\"caption\":\"Pracownicy PANS w Kro\u015bnie\"},\"image\":{\"@id\":\"https:\\\/\\\/pans.krosno.pl\\\/pracownicy\\\/#\\\/schema\\\/logo\\\/image\\\/\"}}]}<\/script>\n<!-- \/ Yoast SEO Premium plugin. -->","yoast_head_json":{"title":"dr Patrycja Pud\u0142o - Najnowsze publikacje naukowe - Pracownicy PANS w Kro\u015bnie","robots":{"index":"index","follow":"follow","max-snippet":"max-snippet:-1","max-image-preview":"max-image-preview:large","max-video-preview":"max-video-preview:-1"},"canonical":"https:\/\/pans.krosno.pl\/pracownicy\/patrycja-pudlo\/patrycja-pudlo-najnowsze-publikacje-naukowe\/","og_locale":"pl_PL","og_type":"article","og_title":"dr Patrycja Pud\u0142o - Najnowsze publikacje naukowe","og_url":"https:\/\/pans.krosno.pl\/pracownicy\/patrycja-pudlo\/patrycja-pudlo-najnowsze-publikacje-naukowe\/","og_site_name":"Pracownicy PANS w Kro\u015bnie","article_modified_time":"2025-11-18T14:09:32+00:00","twitter_card":"summary_large_image","twitter_misc":{"Szacowany czas czytania":"1 minuta"},"schema":{"@context":"https:\/\/schema.org","@graph":[{"@type":"WebPage","@id":"https:\/\/pans.krosno.pl\/pracownicy\/patrycja-pudlo\/patrycja-pudlo-najnowsze-publikacje-naukowe\/","url":"https:\/\/pans.krosno.pl\/pracownicy\/patrycja-pudlo\/patrycja-pudlo-najnowsze-publikacje-naukowe\/","name":"dr Patrycja Pud\u0142o - Najnowsze publikacje naukowe - Pracownicy PANS w Kro\u015bnie","isPartOf":{"@id":"https:\/\/pans.krosno.pl\/pracownicy\/#website"},"datePublished":"2025-11-18T14:09:31+00:00","dateModified":"2025-11-18T14:09:32+00:00","breadcrumb":{"@id":"https:\/\/pans.krosno.pl\/pracownicy\/patrycja-pudlo\/patrycja-pudlo-najnowsze-publikacje-naukowe\/#breadcrumb"},"inLanguage":"pl-PL","potentialAction":[{"@type":"ReadAction","target":["https:\/\/pans.krosno.pl\/pracownicy\/patrycja-pudlo\/patrycja-pudlo-najnowsze-publikacje-naukowe\/"]}]},{"@type":"BreadcrumbList","@id":"https:\/\/pans.krosno.pl\/pracownicy\/patrycja-pudlo\/patrycja-pudlo-najnowsze-publikacje-naukowe\/#breadcrumb","itemListElement":[{"@type":"ListItem","position":1,"name":"Strona g\u0142\u00f3wna","item":"https:\/\/pans.krosno.pl\/pracownicy\/"},{"@type":"ListItem","position":2,"name":"dr Patrycja Pud\u0142o","item":"https:\/\/pans.krosno.pl\/pracownicy\/patrycja-pudlo\/"},{"@type":"ListItem","position":3,"name":"dr Patrycja Pud\u0142o &#8211; Najnowsze publikacje naukowe"}]},{"@type":"WebSite","@id":"https:\/\/pans.krosno.pl\/pracownicy\/#website","url":"https:\/\/pans.krosno.pl\/pracownicy\/","name":"Pracownicy PANS w Kro\u015bnie","description":"Pracownicy - Pa\u0144stwowa Akademia Nauk Stosowanych","publisher":{"@id":"https:\/\/pans.krosno.pl\/pracownicy\/#organization"},"potentialAction":[{"@type":"SearchAction","target":{"@type":"EntryPoint","urlTemplate":"https:\/\/pans.krosno.pl\/pracownicy\/?s={search_term_string}"},"query-input":{"@type":"PropertyValueSpecification","valueRequired":true,"valueName":"search_term_string"}}],"inLanguage":"pl-PL"},{"@type":"Organization","@id":"https:\/\/pans.krosno.pl\/pracownicy\/#organization","name":"Pracownicy PANS w Kro\u015bnie","url":"https:\/\/pans.krosno.pl\/pracownicy\/","logo":{"@type":"ImageObject","inLanguage":"pl-PL","@id":"https:\/\/pans.krosno.pl\/pracownicy\/#\/schema\/logo\/image\/","url":"https:\/\/pans.krosno.pl\/pracownicy\/wp-content\/uploads\/sites\/41\/2023\/01\/Logo-PANS-2022-pelne.png","contentUrl":"https:\/\/pans.krosno.pl\/pracownicy\/wp-content\/uploads\/sites\/41\/2023\/01\/Logo-PANS-2022-pelne.png","width":3096,"height":696,"caption":"Pracownicy PANS w Kro\u015bnie"},"image":{"@id":"https:\/\/pans.krosno.pl\/pracownicy\/#\/schema\/logo\/image\/"}}]}},"_links":{"self":[{"href":"https:\/\/pans.krosno.pl\/pracownicy\/wp-json\/wp\/v2\/pages\/11591","targetHints":{"allow":["GET"]}}],"collection":[{"href":"https:\/\/pans.krosno.pl\/pracownicy\/wp-json\/wp\/v2\/pages"}],"about":[{"href":"https:\/\/pans.krosno.pl\/pracownicy\/wp-json\/wp\/v2\/types\/page"}],"author":[{"embeddable":true,"href":"https:\/\/pans.krosno.pl\/pracownicy\/wp-json\/wp\/v2\/users\/27"}],"replies":[{"embeddable":true,"href":"https:\/\/pans.krosno.pl\/pracownicy\/wp-json\/wp\/v2\/comments?post=11591"}],"version-history":[{"count":1,"href":"https:\/\/pans.krosno.pl\/pracownicy\/wp-json\/wp\/v2\/pages\/11591\/revisions"}],"predecessor-version":[{"id":11592,"href":"https:\/\/pans.krosno.pl\/pracownicy\/wp-json\/wp\/v2\/pages\/11591\/revisions\/11592"}],"up":[{"embeddable":true,"href":"https:\/\/pans.krosno.pl\/pracownicy\/wp-json\/wp\/v2\/pages\/11584"}],"wp:attachment":[{"href":"https:\/\/pans.krosno.pl\/pracownicy\/wp-json\/wp\/v2\/media?parent=11591"}],"curies":[{"name":"wp","href":"https:\/\/api.w.org\/{rel}","templated":true}]}}