{"id":11586,"date":"2025-11-18T15:06:57","date_gmt":"2025-11-18T14:06:57","guid":{"rendered":"https:\/\/pans.krosno.pl\/pracownicy\/?page_id=11586"},"modified":"2025-11-18T15:06:58","modified_gmt":"2025-11-18T14:06:58","slug":"patrycja-pudlo-zyciorys-naukowy","status":"publish","type":"page","link":"https:\/\/pans.krosno.pl\/pracownicy\/patrycja-pudlo\/patrycja-pudlo-zyciorys-naukowy\/","title":{"rendered":"dr Patrycja Pud\u0142o &#8211; \u017cyciorys naukowy"},"content":{"rendered":"\n<p>Dr Patrycja Pud\u0142o jest nauczycielem akademickim i pracownikiem Zak\u0142adu Marketingu w Pa\u0144stwowej Akademii Nauk Stosowanych w Kro\u015bnie (dawniej: Pa\u0144stwowa Wy\u017csza Szko\u0142a Zawodowa im. Stanis\u0142awa Pigonia w Kro\u015bnie, Karpacka Pa\u0144stwowa Uczelnia), z kt\u00f3r\u0105 zwi\u0105zana jest zawodowo od pa\u017adziernika 2015 roku.<\/p>\n\n\n\n<p>W 2009 roku uzyska\u0142a stopie\u0144 doktora nauk ekonomicznych na Uniwersytecie Ekonomicznym w Bratys\u0142awie. W okresie 2017-2018 uko\u0144czy\u0142a certyfikowane kursy Polskiego Towarzystwa Psychologicznego w Warszawie, uprawniaj\u0105ce do stosowania test\u00f3w psychologicznych z kategorii B1 i B2. W 2025 uko\u0144czy\u0142a r\u00f3wnie\u017c studia podyplomowe z doradztwa zawodowego i personalnego z elementami coachingu w Akademii WSB w D\u0105browie G\u00f3rniczej oraz Akademi\u0119 Moderatora Design Thinking, uzyskuj\u0105c uprawnienia praktyka i trenera w tym obszarze. Od 2025 roku jest r\u00f3wnie\u017c certyfikowanym konsultantem DISC D3 &#8211; Behavioral Attitude Index (Teams, DISC, Values).<\/p>\n\n\n\n<p>Dorobek naukowy obejmuje ponad 92 publikacji, w tym cztery monografie naukowe (jedna w j\u0119zyku s\u0142owackim, trzy w j\u0119zyku polskim).<br>Prace projektowe:<br>\u2022 2008 \u2013 zast\u0119pca kierownika, nast\u0119pnie kierownik projektu Mlad\u00e1 veda nr 2330257\/07 \u201eEuroPedago\u201d, PHF Uniwersytet Ekonomiczny w Bratys\u0142awie \u2013 projekt zako\u0144czony w 2008 roku.<br>\u2022 2008\u20132010 \u2013 cz\u0142onek zespo\u0142u badawczego projektu VEGA nr 1\/0780\/08 \u201e\u0160truktur\u00e1lna politika Slovenskej republiky ako n\u00e1stroj rie\u0161enia region\u00e1lnych disparit\u201d, PHF Uniwersytet Ekonomiczny w Bratys\u0142awie.<br>\u2022 2010 \u2013 cz\u0142onek projektu Mlad\u00e1 veda \u010d. 2330258 \u201eInova\u010dn\u00e9 aktivity v mal\u00fdch a stredn\u00fdch podnikoch s d\u00f4razom na prek\u00e1\u017eky br\u00e1niace inova\u010dn\u00fdm aktivit\u00e1m\u201d, PHF Uniwersytet Ekonomiczny w Bratys\u0142awie.<br>\u2022 2010 \u2013 recenzent projekt\u00f3w naukowych Ministerstwa Szkolnictwa, Nauki, Bada\u0144 i Sportu Republiki S\u0142owackiej \u2013 recenzja projektu VEGA nr 1\/0413\/11 \u201eKomplexn\u00e9 pos\u00fadenie efekt\u00edvnosti hospod\u00e1renia podnikov po zaveden\u00ed integrovan\u00fdch syst\u00e9mov riadenia\u201d.<br>\u2022 2010\u20132011 \u2013 cz\u0142onek zespo\u0142u badawczego projektu VEGA nr 1\/0425\/10 \u201eKauz\u00e1lne modely inov\u00e1ci\u00ed procesov MSP po\u010das hospod\u00e1rskej kr\u00edzy\u201d, PHF Uniwersytet Ekonomiczny w Bratys\u0142awie.<br>\u2022 2010\u20132012 \u2013 cz\u0142onek projektu badawczego MNiSW nr N N115 408840 \u201eKapita\u0142 intelektualny jako akcelerator spo\u0142ecze\u0144stwa informacyjnego\u201d, Uniwersytet Rzeszowski.<br>\u2022 2012 \u2013 kierownik projektu Mlad\u00e1 veda \u010d. 2330264 \u201eGlobal Manager \u2013 pr\u00edprava vysoko\u0161kolsk\u00fdch \u0161tudentov na podnikanie v glob\u00e1lnom prostred\u00ed\u201d, PHF Uniwersytet Ekonomiczny w Bratys\u0142awie \u2013 projekt zako\u0144czony w 2012 roku.<br>\u2022 2013\u20132015 \u2013 cz\u0142onek projektu badawczego VEGA nr 1\/0328\/13 \u201eModelovanie kauz\u00e1lnych vz\u0165ahov inov\u00e1ci\u00ed v mal\u00fdch a stredn\u00fdch podnikoch\u201d, PHF Uniwersytet Ekonomiczny w Bratys\u0142awie.<br>\u2022 2014\u20132020 \u2013 cz\u0142onek zespo\u0142u projektowego Interreg Polska\u2013S\u0142owacja 2014\u20132020, projekt nr INT\/EK\/PO\/3\/I\/B\/0097 \u2013 wsp\u00f3\u0142praca transgraniczna w obszarze innowacji i przedsi\u0119biorczo\u015bci.<br>W ramach dzia\u0142alno\u015bci dydaktycznej prowadzi zaj\u0119cia z zakresu strategii komunikacji, psychologii komunikacji, komunikacji spo\u0142ecznej, przedsi\u0119biorczo\u015bci, negocjacji. Zaj\u0119cia prowadzone s\u0105 z wykorzystaniem gier symulacyjnych stacjonarnych oraz on-line; symulacja REVAS.<\/p>\n","protected":false},"excerpt":{"rendered":"<p>Dr Patrycja Pud\u0142o jest nauczycielem akademickim i pracownikiem Zak\u0142adu Marketingu w Pa\u0144stwowej Akademii Nauk Stosowanych w Kro\u015bnie (dawniej: Pa\u0144stwowa Wy\u017csza Szko\u0142a Zawodowa im. Stanis\u0142awa Pigonia w Kro\u015bnie, Karpacka Pa\u0144stwowa Uczelnia), z kt\u00f3r\u0105 zwi\u0105zana jest zawodowo od pa\u017adziernika 2015 roku. W 2009 roku uzyska\u0142a stopie\u0144 doktora nauk ekonomicznych na Uniwersytecie Ekonomicznym [\u2026] <\/p>\n<div class=\"clear\"><\/div>\n<p><a class=\"more_link clearfix\" href=\"https:\/\/pans.krosno.pl\/pracownicy\/patrycja-pudlo\/patrycja-pudlo-zyciorys-naukowy\/\" rel=\"nofollow\">Read More<\/a><\/p>\n","protected":false},"author":27,"featured_media":0,"parent":11584,"menu_order":0,"comment_status":"closed","ping_status":"closed","template":"","meta":{"ngg_post_thumbnail":0,"footnotes":""},"class_list":["post-11586","page","type-page","status-publish","hentry"],"yoast_head":"<!-- This site is optimized with the Yoast SEO Premium plugin v27.3 (Yoast SEO v27.3) - https:\/\/yoast.com\/product\/yoast-seo-premium-wordpress\/ -->\n<title>dr Patrycja Pud\u0142o - \u017cyciorys naukowy - Pracownicy PANS w Kro\u015bnie<\/title>\n<meta name=\"robots\" content=\"index, follow, max-snippet:-1, max-image-preview:large, max-video-preview:-1\" \/>\n<link rel=\"canonical\" href=\"https:\/\/pans.krosno.pl\/pracownicy\/patrycja-pudlo\/patrycja-pudlo-zyciorys-naukowy\/\" \/>\n<meta property=\"og:locale\" content=\"pl_PL\" \/>\n<meta property=\"og:type\" content=\"article\" \/>\n<meta property=\"og:title\" content=\"dr Patrycja Pud\u0142o - \u017cyciorys naukowy\" \/>\n<meta property=\"og:description\" content=\"Dr Patrycja Pud\u0142o jest nauczycielem akademickim i pracownikiem Zak\u0142adu Marketingu w Pa\u0144stwowej Akademii Nauk Stosowanych w Kro\u015bnie (dawniej: Pa\u0144stwowa Wy\u017csza Szko\u0142a Zawodowa im. Stanis\u0142awa Pigonia w Kro\u015bnie, Karpacka Pa\u0144stwowa Uczelnia), z kt\u00f3r\u0105 zwi\u0105zana jest zawodowo od pa\u017adziernika 2015 roku. W 2009 roku uzyska\u0142a stopie\u0144 doktora nauk ekonomicznych na Uniwersytecie Ekonomicznym [\u2026] Read More\" \/>\n<meta property=\"og:url\" content=\"https:\/\/pans.krosno.pl\/pracownicy\/patrycja-pudlo\/patrycja-pudlo-zyciorys-naukowy\/\" \/>\n<meta property=\"og:site_name\" content=\"Pracownicy PANS w Kro\u015bnie\" \/>\n<meta property=\"article:modified_time\" content=\"2025-11-18T14:06:58+00:00\" \/>\n<meta name=\"twitter:card\" content=\"summary_large_image\" \/>\n<meta name=\"twitter:label1\" content=\"Szacowany czas czytania\" \/>\n\t<meta name=\"twitter:data1\" content=\"3 minuty\" \/>\n<script type=\"application\/ld+json\" class=\"yoast-schema-graph\">{\"@context\":\"https:\\\/\\\/schema.org\",\"@graph\":[{\"@type\":\"WebPage\",\"@id\":\"https:\\\/\\\/pans.krosno.pl\\\/pracownicy\\\/patrycja-pudlo\\\/patrycja-pudlo-zyciorys-naukowy\\\/\",\"url\":\"https:\\\/\\\/pans.krosno.pl\\\/pracownicy\\\/patrycja-pudlo\\\/patrycja-pudlo-zyciorys-naukowy\\\/\",\"name\":\"dr Patrycja Pud\u0142o - \u017cyciorys naukowy - Pracownicy PANS w Kro\u015bnie\",\"isPartOf\":{\"@id\":\"https:\\\/\\\/pans.krosno.pl\\\/pracownicy\\\/#website\"},\"datePublished\":\"2025-11-18T14:06:57+00:00\",\"dateModified\":\"2025-11-18T14:06:58+00:00\",\"breadcrumb\":{\"@id\":\"https:\\\/\\\/pans.krosno.pl\\\/pracownicy\\\/patrycja-pudlo\\\/patrycja-pudlo-zyciorys-naukowy\\\/#breadcrumb\"},\"inLanguage\":\"pl-PL\",\"potentialAction\":[{\"@type\":\"ReadAction\",\"target\":[\"https:\\\/\\\/pans.krosno.pl\\\/pracownicy\\\/patrycja-pudlo\\\/patrycja-pudlo-zyciorys-naukowy\\\/\"]}]},{\"@type\":\"BreadcrumbList\",\"@id\":\"https:\\\/\\\/pans.krosno.pl\\\/pracownicy\\\/patrycja-pudlo\\\/patrycja-pudlo-zyciorys-naukowy\\\/#breadcrumb\",\"itemListElement\":[{\"@type\":\"ListItem\",\"position\":1,\"name\":\"Strona g\u0142\u00f3wna\",\"item\":\"https:\\\/\\\/pans.krosno.pl\\\/pracownicy\\\/\"},{\"@type\":\"ListItem\",\"position\":2,\"name\":\"dr Patrycja Pud\u0142o\",\"item\":\"https:\\\/\\\/pans.krosno.pl\\\/pracownicy\\\/patrycja-pudlo\\\/\"},{\"@type\":\"ListItem\",\"position\":3,\"name\":\"dr Patrycja Pud\u0142o &#8211; \u017cyciorys naukowy\"}]},{\"@type\":\"WebSite\",\"@id\":\"https:\\\/\\\/pans.krosno.pl\\\/pracownicy\\\/#website\",\"url\":\"https:\\\/\\\/pans.krosno.pl\\\/pracownicy\\\/\",\"name\":\"Pracownicy PANS w Kro\u015bnie\",\"description\":\"Pracownicy - Pa\u0144stwowa Akademia Nauk Stosowanych\",\"publisher\":{\"@id\":\"https:\\\/\\\/pans.krosno.pl\\\/pracownicy\\\/#organization\"},\"potentialAction\":[{\"@type\":\"SearchAction\",\"target\":{\"@type\":\"EntryPoint\",\"urlTemplate\":\"https:\\\/\\\/pans.krosno.pl\\\/pracownicy\\\/?s={search_term_string}\"},\"query-input\":{\"@type\":\"PropertyValueSpecification\",\"valueRequired\":true,\"valueName\":\"search_term_string\"}}],\"inLanguage\":\"pl-PL\"},{\"@type\":\"Organization\",\"@id\":\"https:\\\/\\\/pans.krosno.pl\\\/pracownicy\\\/#organization\",\"name\":\"Pracownicy PANS w Kro\u015bnie\",\"url\":\"https:\\\/\\\/pans.krosno.pl\\\/pracownicy\\\/\",\"logo\":{\"@type\":\"ImageObject\",\"inLanguage\":\"pl-PL\",\"@id\":\"https:\\\/\\\/pans.krosno.pl\\\/pracownicy\\\/#\\\/schema\\\/logo\\\/image\\\/\",\"url\":\"https:\\\/\\\/pans.krosno.pl\\\/pracownicy\\\/wp-content\\\/uploads\\\/sites\\\/41\\\/2023\\\/01\\\/Logo-PANS-2022-pelne.png\",\"contentUrl\":\"https:\\\/\\\/pans.krosno.pl\\\/pracownicy\\\/wp-content\\\/uploads\\\/sites\\\/41\\\/2023\\\/01\\\/Logo-PANS-2022-pelne.png\",\"width\":3096,\"height\":696,\"caption\":\"Pracownicy PANS w Kro\u015bnie\"},\"image\":{\"@id\":\"https:\\\/\\\/pans.krosno.pl\\\/pracownicy\\\/#\\\/schema\\\/logo\\\/image\\\/\"}}]}<\/script>\n<!-- \/ Yoast SEO Premium plugin. -->","yoast_head_json":{"title":"dr Patrycja Pud\u0142o - \u017cyciorys naukowy - Pracownicy PANS w Kro\u015bnie","robots":{"index":"index","follow":"follow","max-snippet":"max-snippet:-1","max-image-preview":"max-image-preview:large","max-video-preview":"max-video-preview:-1"},"canonical":"https:\/\/pans.krosno.pl\/pracownicy\/patrycja-pudlo\/patrycja-pudlo-zyciorys-naukowy\/","og_locale":"pl_PL","og_type":"article","og_title":"dr Patrycja Pud\u0142o - \u017cyciorys naukowy","og_description":"Dr Patrycja Pud\u0142o jest nauczycielem akademickim i pracownikiem Zak\u0142adu Marketingu w Pa\u0144stwowej Akademii Nauk Stosowanych w Kro\u015bnie (dawniej: Pa\u0144stwowa Wy\u017csza Szko\u0142a Zawodowa im. Stanis\u0142awa Pigonia w Kro\u015bnie, Karpacka Pa\u0144stwowa Uczelnia), z kt\u00f3r\u0105 zwi\u0105zana jest zawodowo od pa\u017adziernika 2015 roku. W 2009 roku uzyska\u0142a stopie\u0144 doktora nauk ekonomicznych na Uniwersytecie Ekonomicznym [\u2026] Read More","og_url":"https:\/\/pans.krosno.pl\/pracownicy\/patrycja-pudlo\/patrycja-pudlo-zyciorys-naukowy\/","og_site_name":"Pracownicy PANS w Kro\u015bnie","article_modified_time":"2025-11-18T14:06:58+00:00","twitter_card":"summary_large_image","twitter_misc":{"Szacowany czas czytania":"3 minuty"},"schema":{"@context":"https:\/\/schema.org","@graph":[{"@type":"WebPage","@id":"https:\/\/pans.krosno.pl\/pracownicy\/patrycja-pudlo\/patrycja-pudlo-zyciorys-naukowy\/","url":"https:\/\/pans.krosno.pl\/pracownicy\/patrycja-pudlo\/patrycja-pudlo-zyciorys-naukowy\/","name":"dr Patrycja Pud\u0142o - \u017cyciorys naukowy - Pracownicy PANS w Kro\u015bnie","isPartOf":{"@id":"https:\/\/pans.krosno.pl\/pracownicy\/#website"},"datePublished":"2025-11-18T14:06:57+00:00","dateModified":"2025-11-18T14:06:58+00:00","breadcrumb":{"@id":"https:\/\/pans.krosno.pl\/pracownicy\/patrycja-pudlo\/patrycja-pudlo-zyciorys-naukowy\/#breadcrumb"},"inLanguage":"pl-PL","potentialAction":[{"@type":"ReadAction","target":["https:\/\/pans.krosno.pl\/pracownicy\/patrycja-pudlo\/patrycja-pudlo-zyciorys-naukowy\/"]}]},{"@type":"BreadcrumbList","@id":"https:\/\/pans.krosno.pl\/pracownicy\/patrycja-pudlo\/patrycja-pudlo-zyciorys-naukowy\/#breadcrumb","itemListElement":[{"@type":"ListItem","position":1,"name":"Strona g\u0142\u00f3wna","item":"https:\/\/pans.krosno.pl\/pracownicy\/"},{"@type":"ListItem","position":2,"name":"dr Patrycja Pud\u0142o","item":"https:\/\/pans.krosno.pl\/pracownicy\/patrycja-pudlo\/"},{"@type":"ListItem","position":3,"name":"dr Patrycja Pud\u0142o &#8211; \u017cyciorys naukowy"}]},{"@type":"WebSite","@id":"https:\/\/pans.krosno.pl\/pracownicy\/#website","url":"https:\/\/pans.krosno.pl\/pracownicy\/","name":"Pracownicy PANS w Kro\u015bnie","description":"Pracownicy - Pa\u0144stwowa Akademia Nauk Stosowanych","publisher":{"@id":"https:\/\/pans.krosno.pl\/pracownicy\/#organization"},"potentialAction":[{"@type":"SearchAction","target":{"@type":"EntryPoint","urlTemplate":"https:\/\/pans.krosno.pl\/pracownicy\/?s={search_term_string}"},"query-input":{"@type":"PropertyValueSpecification","valueRequired":true,"valueName":"search_term_string"}}],"inLanguage":"pl-PL"},{"@type":"Organization","@id":"https:\/\/pans.krosno.pl\/pracownicy\/#organization","name":"Pracownicy PANS w Kro\u015bnie","url":"https:\/\/pans.krosno.pl\/pracownicy\/","logo":{"@type":"ImageObject","inLanguage":"pl-PL","@id":"https:\/\/pans.krosno.pl\/pracownicy\/#\/schema\/logo\/image\/","url":"https:\/\/pans.krosno.pl\/pracownicy\/wp-content\/uploads\/sites\/41\/2023\/01\/Logo-PANS-2022-pelne.png","contentUrl":"https:\/\/pans.krosno.pl\/pracownicy\/wp-content\/uploads\/sites\/41\/2023\/01\/Logo-PANS-2022-pelne.png","width":3096,"height":696,"caption":"Pracownicy PANS w Kro\u015bnie"},"image":{"@id":"https:\/\/pans.krosno.pl\/pracownicy\/#\/schema\/logo\/image\/"}}]}},"_links":{"self":[{"href":"https:\/\/pans.krosno.pl\/pracownicy\/wp-json\/wp\/v2\/pages\/11586","targetHints":{"allow":["GET"]}}],"collection":[{"href":"https:\/\/pans.krosno.pl\/pracownicy\/wp-json\/wp\/v2\/pages"}],"about":[{"href":"https:\/\/pans.krosno.pl\/pracownicy\/wp-json\/wp\/v2\/types\/page"}],"author":[{"embeddable":true,"href":"https:\/\/pans.krosno.pl\/pracownicy\/wp-json\/wp\/v2\/users\/27"}],"replies":[{"embeddable":true,"href":"https:\/\/pans.krosno.pl\/pracownicy\/wp-json\/wp\/v2\/comments?post=11586"}],"version-history":[{"count":1,"href":"https:\/\/pans.krosno.pl\/pracownicy\/wp-json\/wp\/v2\/pages\/11586\/revisions"}],"predecessor-version":[{"id":11587,"href":"https:\/\/pans.krosno.pl\/pracownicy\/wp-json\/wp\/v2\/pages\/11586\/revisions\/11587"}],"up":[{"embeddable":true,"href":"https:\/\/pans.krosno.pl\/pracownicy\/wp-json\/wp\/v2\/pages\/11584"}],"wp:attachment":[{"href":"https:\/\/pans.krosno.pl\/pracownicy\/wp-json\/wp\/v2\/media?parent=11586"}],"curies":[{"name":"wp","href":"https:\/\/api.w.org\/{rel}","templated":true}]}}