{"id":1158,"date":"2020-04-02T12:15:19","date_gmt":"2020-04-02T10:15:19","guid":{"rendered":"https:\/\/pans.krosno.pl\/pracownicy\/?page_id=1158"},"modified":"2025-05-20T14:03:40","modified_gmt":"2025-05-20T12:03:40","slug":"katarzyna-zalewska-zyciorys-naukowy","status":"publish","type":"page","link":"https:\/\/pans.krosno.pl\/pracownicy\/katarzyna-zalewska\/katarzyna-zalewska-zyciorys-naukowy\/","title":{"rendered":"Dr Katarzyna Zalewska &#8211; \u017byciorys naukowy"},"content":{"rendered":"<hr>\n<p>Absolwentka Uniwersytetu Medycznego w Lublinie, magister piel\u0119gniarstwa. Otwarty przew\u00f3d doktorski na Wydziale Nauk o Zdrowiu Uniwersytetu Medycznego w Lublinie pod kierunek dr hab. Danuty Zarzyckiej na temat \u201eEfektywno\u015b\u0107 symulacji medycznej w kszta\u0142ceniu student\u00f3w piel\u0119gniarstwa\u201d.<\/p>\n<hr>\n<p style=\"text-align: center\"><strong>Uko\u0144czone kszta\u0142cenie podyplomowe<\/strong><\/p>\n<p><strong> Specjalizacja pn.:<\/strong><\/p>\n<ul>\n<li>&#8222;Specjalista w dziedzinie piel\u0119gniarstwa internistycznego&#8221;<\/li>\n<\/ul>\n<p><strong> Kurs pn.: <\/strong><\/p>\n<ul>\n<li>Wprowadzenie do etyki bada\u0144 (organizowany przez Naczeln\u0105 Izb\u0119 Lekarsk\u0105)<\/li>\n<\/ul>\n<p><strong>Kurs specjalistyczny pn.:<\/strong><\/p>\n<ul>\n<li>&#8222;Ordynowanie lek\u00f3w i wypisywanie recept&#8221;,<\/li>\n<li>&#8222;Wywiad i badanie fizykalne dla piel\u0119gniarek i po\u0142o\u017cnych&#8221;,<\/li>\n<li>&#8222;Wykonywanie i interpretacja zapisu EKG dla piel\u0119gniarek&#8221;.<\/li>\n<li>&#8222;Resuscytacja kr\u0105\u017ceniowo-oddechowa&#8221;<\/li>\n<\/ul>\n<p><strong>Kurs kwalifikacyjny pn.:<\/strong><\/p>\n<ul>\n<li>&#8222;Piel\u0119gniarstwo operacyjne dla piel\u0119gniarek i po\u0142o\u017cnych&#8221;.<\/li>\n<li>&#8222;Piel\u0119gniarstwo onkologiczne&#8221;<\/li>\n<\/ul>\n<p><strong>Szkolenie praktyczne pn.:<\/strong><\/p>\n<ul>\n<li>&#8222;Instruktor symulacji przedmiot\u00f3w specjalistycznych \u2013 po\u015brednia wierno\u015b\u0107&#8221;,<\/li>\n<li>&#8222;Instruktor symulacji niskiej wierno\u015bci w piel\u0119gniarstwie&#8221;,<\/li>\n<li>&#8222;Instruktor symulacji wysokiej wierno\u015bci&#8221;,<\/li>\n<li>&#8222;Kadra uczelni piel\u0119gniarskiej&#8221;,<\/li>\n<\/ul>\n<p><strong>Szkolenie pn.:<\/strong><\/p>\n<ul>\n<li>&#8222;National League of Nursing &#8211; Implementing Simulation as a Teaching and Learning Strategy\u201d,<\/li>\n<li>&#8222;Egzaminator OSCE w piel\u0119gniarstwie&#8221;,<\/li>\n<li>&#8222;Komunikacja interpersonalna&#8221;,<\/li>\n<li>&#8222;Zarz\u0105dzanie zespo\u0142em&#8221;,<\/li>\n<li>Kurs on-line certyfikowany przez The George University of Washington \u201eEssentials in Clinical Simulation across the Health Proffessions\u201d.<\/li>\n<\/ul>\n<hr>\n<p>&nbsp;<\/p>\n\n\n<p><\/p>\n","protected":false},"excerpt":{"rendered":"<p>Absolwentka Uniwersytetu Medycznego w Lublinie, magister piel\u0119gniarstwa. Otwarty przew\u00f3d doktorski na Wydziale Nauk o Zdrowiu Uniwersytetu Medycznego w Lublinie pod kierunek dr hab. Danuty Zarzyckiej na temat \u201eEfektywno\u015b\u0107 symulacji medycznej w kszta\u0142ceniu student\u00f3w piel\u0119gniarstwa\u201d. Uko\u0144czone kszta\u0142cenie podyplomowe Specjalizacja pn.: &#8222;Specjalista w dziedzinie piel\u0119gniarstwa internistycznego&#8221; Kurs pn.: Wprowadzenie do etyki bada\u0144 [\u2026] <\/p>\n<div class=\"clear\"><\/div>\n<p><a class=\"more_link clearfix\" href=\"https:\/\/pans.krosno.pl\/pracownicy\/katarzyna-zalewska\/katarzyna-zalewska-zyciorys-naukowy\/\" rel=\"nofollow\">Read More<\/a><\/p>\n","protected":false},"author":34,"featured_media":0,"parent":1146,"menu_order":0,"comment_status":"closed","ping_status":"closed","template":"","meta":{"ngg_post_thumbnail":0,"footnotes":""},"class_list":["post-1158","page","type-page","status-publish","hentry"],"yoast_head":"<!-- This site is optimized with the Yoast SEO Premium plugin v27.3 (Yoast SEO v27.3) - https:\/\/yoast.com\/product\/yoast-seo-premium-wordpress\/ -->\n<title>Dr Katarzyna Zalewska - \u017byciorys naukowy - Pracownicy PANS w Kro\u015bnie<\/title>\n<meta name=\"robots\" content=\"index, follow, max-snippet:-1, max-image-preview:large, max-video-preview:-1\" \/>\n<link rel=\"canonical\" href=\"https:\/\/pans.krosno.pl\/pracownicy\/katarzyna-zalewska\/katarzyna-zalewska-zyciorys-naukowy\/\" \/>\n<meta property=\"og:locale\" content=\"pl_PL\" \/>\n<meta property=\"og:type\" content=\"article\" \/>\n<meta property=\"og:title\" content=\"Dr Katarzyna Zalewska - \u017byciorys naukowy\" \/>\n<meta property=\"og:description\" content=\"Absolwentka Uniwersytetu Medycznego w Lublinie, magister piel\u0119gniarstwa. Otwarty przew\u00f3d doktorski na Wydziale Nauk o Zdrowiu Uniwersytetu Medycznego w Lublinie pod kierunek dr hab. Danuty Zarzyckiej na temat \u201eEfektywno\u015b\u0107 symulacji medycznej w kszta\u0142ceniu student\u00f3w piel\u0119gniarstwa\u201d. Uko\u0144czone kszta\u0142cenie podyplomowe Specjalizacja pn.: &#8222;Specjalista w dziedzinie piel\u0119gniarstwa internistycznego&#8221; Kurs pn.: Wprowadzenie do etyki bada\u0144 [\u2026] Read More\" \/>\n<meta property=\"og:url\" content=\"https:\/\/pans.krosno.pl\/pracownicy\/katarzyna-zalewska\/katarzyna-zalewska-zyciorys-naukowy\/\" \/>\n<meta property=\"og:site_name\" content=\"Pracownicy PANS w Kro\u015bnie\" \/>\n<meta property=\"article:modified_time\" content=\"2025-05-20T12:03:40+00:00\" \/>\n<meta name=\"twitter:card\" content=\"summary_large_image\" \/>\n<meta name=\"twitter:label1\" content=\"Szacowany czas czytania\" \/>\n\t<meta name=\"twitter:data1\" content=\"1 minuta\" \/>\n<script type=\"application\/ld+json\" class=\"yoast-schema-graph\">{\"@context\":\"https:\\\/\\\/schema.org\",\"@graph\":[{\"@type\":\"WebPage\",\"@id\":\"https:\\\/\\\/pans.krosno.pl\\\/pracownicy\\\/katarzyna-zalewska\\\/katarzyna-zalewska-zyciorys-naukowy\\\/\",\"url\":\"https:\\\/\\\/pans.krosno.pl\\\/pracownicy\\\/katarzyna-zalewska\\\/katarzyna-zalewska-zyciorys-naukowy\\\/\",\"name\":\"Dr Katarzyna Zalewska - \u017byciorys naukowy - Pracownicy PANS w Kro\u015bnie\",\"isPartOf\":{\"@id\":\"https:\\\/\\\/pans.krosno.pl\\\/pracownicy\\\/#website\"},\"datePublished\":\"2020-04-02T10:15:19+00:00\",\"dateModified\":\"2025-05-20T12:03:40+00:00\",\"breadcrumb\":{\"@id\":\"https:\\\/\\\/pans.krosno.pl\\\/pracownicy\\\/katarzyna-zalewska\\\/katarzyna-zalewska-zyciorys-naukowy\\\/#breadcrumb\"},\"inLanguage\":\"pl-PL\",\"potentialAction\":[{\"@type\":\"ReadAction\",\"target\":[\"https:\\\/\\\/pans.krosno.pl\\\/pracownicy\\\/katarzyna-zalewska\\\/katarzyna-zalewska-zyciorys-naukowy\\\/\"]}]},{\"@type\":\"BreadcrumbList\",\"@id\":\"https:\\\/\\\/pans.krosno.pl\\\/pracownicy\\\/katarzyna-zalewska\\\/katarzyna-zalewska-zyciorys-naukowy\\\/#breadcrumb\",\"itemListElement\":[{\"@type\":\"ListItem\",\"position\":1,\"name\":\"Strona g\u0142\u00f3wna\",\"item\":\"https:\\\/\\\/pans.krosno.pl\\\/pracownicy\\\/\"},{\"@type\":\"ListItem\",\"position\":2,\"name\":\"Dr Katarzyna Zalewska\",\"item\":\"https:\\\/\\\/pans.krosno.pl\\\/pracownicy\\\/katarzyna-zalewska\\\/\"},{\"@type\":\"ListItem\",\"position\":3,\"name\":\"Dr Katarzyna Zalewska &#8211; \u017byciorys naukowy\"}]},{\"@type\":\"WebSite\",\"@id\":\"https:\\\/\\\/pans.krosno.pl\\\/pracownicy\\\/#website\",\"url\":\"https:\\\/\\\/pans.krosno.pl\\\/pracownicy\\\/\",\"name\":\"Pracownicy PANS w Kro\u015bnie\",\"description\":\"Pracownicy - Pa\u0144stwowa Akademia Nauk Stosowanych\",\"publisher\":{\"@id\":\"https:\\\/\\\/pans.krosno.pl\\\/pracownicy\\\/#organization\"},\"potentialAction\":[{\"@type\":\"SearchAction\",\"target\":{\"@type\":\"EntryPoint\",\"urlTemplate\":\"https:\\\/\\\/pans.krosno.pl\\\/pracownicy\\\/?s={search_term_string}\"},\"query-input\":{\"@type\":\"PropertyValueSpecification\",\"valueRequired\":true,\"valueName\":\"search_term_string\"}}],\"inLanguage\":\"pl-PL\"},{\"@type\":\"Organization\",\"@id\":\"https:\\\/\\\/pans.krosno.pl\\\/pracownicy\\\/#organization\",\"name\":\"Pracownicy PANS w Kro\u015bnie\",\"url\":\"https:\\\/\\\/pans.krosno.pl\\\/pracownicy\\\/\",\"logo\":{\"@type\":\"ImageObject\",\"inLanguage\":\"pl-PL\",\"@id\":\"https:\\\/\\\/pans.krosno.pl\\\/pracownicy\\\/#\\\/schema\\\/logo\\\/image\\\/\",\"url\":\"https:\\\/\\\/pans.krosno.pl\\\/pracownicy\\\/wp-content\\\/uploads\\\/sites\\\/41\\\/2023\\\/01\\\/Logo-PANS-2022-pelne.png\",\"contentUrl\":\"https:\\\/\\\/pans.krosno.pl\\\/pracownicy\\\/wp-content\\\/uploads\\\/sites\\\/41\\\/2023\\\/01\\\/Logo-PANS-2022-pelne.png\",\"width\":3096,\"height\":696,\"caption\":\"Pracownicy PANS w Kro\u015bnie\"},\"image\":{\"@id\":\"https:\\\/\\\/pans.krosno.pl\\\/pracownicy\\\/#\\\/schema\\\/logo\\\/image\\\/\"}}]}<\/script>\n<!-- \/ Yoast SEO Premium plugin. -->","yoast_head_json":{"title":"Dr Katarzyna Zalewska - \u017byciorys naukowy - Pracownicy PANS w Kro\u015bnie","robots":{"index":"index","follow":"follow","max-snippet":"max-snippet:-1","max-image-preview":"max-image-preview:large","max-video-preview":"max-video-preview:-1"},"canonical":"https:\/\/pans.krosno.pl\/pracownicy\/katarzyna-zalewska\/katarzyna-zalewska-zyciorys-naukowy\/","og_locale":"pl_PL","og_type":"article","og_title":"Dr Katarzyna Zalewska - \u017byciorys naukowy","og_description":"Absolwentka Uniwersytetu Medycznego w Lublinie, magister piel\u0119gniarstwa. Otwarty przew\u00f3d doktorski na Wydziale Nauk o Zdrowiu Uniwersytetu Medycznego w Lublinie pod kierunek dr hab. Danuty Zarzyckiej na temat \u201eEfektywno\u015b\u0107 symulacji medycznej w kszta\u0142ceniu student\u00f3w piel\u0119gniarstwa\u201d. Uko\u0144czone kszta\u0142cenie podyplomowe Specjalizacja pn.: &#8222;Specjalista w dziedzinie piel\u0119gniarstwa internistycznego&#8221; Kurs pn.: Wprowadzenie do etyki bada\u0144 [\u2026] Read More","og_url":"https:\/\/pans.krosno.pl\/pracownicy\/katarzyna-zalewska\/katarzyna-zalewska-zyciorys-naukowy\/","og_site_name":"Pracownicy PANS w Kro\u015bnie","article_modified_time":"2025-05-20T12:03:40+00:00","twitter_card":"summary_large_image","twitter_misc":{"Szacowany czas czytania":"1 minuta"},"schema":{"@context":"https:\/\/schema.org","@graph":[{"@type":"WebPage","@id":"https:\/\/pans.krosno.pl\/pracownicy\/katarzyna-zalewska\/katarzyna-zalewska-zyciorys-naukowy\/","url":"https:\/\/pans.krosno.pl\/pracownicy\/katarzyna-zalewska\/katarzyna-zalewska-zyciorys-naukowy\/","name":"Dr Katarzyna Zalewska - \u017byciorys naukowy - Pracownicy PANS w Kro\u015bnie","isPartOf":{"@id":"https:\/\/pans.krosno.pl\/pracownicy\/#website"},"datePublished":"2020-04-02T10:15:19+00:00","dateModified":"2025-05-20T12:03:40+00:00","breadcrumb":{"@id":"https:\/\/pans.krosno.pl\/pracownicy\/katarzyna-zalewska\/katarzyna-zalewska-zyciorys-naukowy\/#breadcrumb"},"inLanguage":"pl-PL","potentialAction":[{"@type":"ReadAction","target":["https:\/\/pans.krosno.pl\/pracownicy\/katarzyna-zalewska\/katarzyna-zalewska-zyciorys-naukowy\/"]}]},{"@type":"BreadcrumbList","@id":"https:\/\/pans.krosno.pl\/pracownicy\/katarzyna-zalewska\/katarzyna-zalewska-zyciorys-naukowy\/#breadcrumb","itemListElement":[{"@type":"ListItem","position":1,"name":"Strona g\u0142\u00f3wna","item":"https:\/\/pans.krosno.pl\/pracownicy\/"},{"@type":"ListItem","position":2,"name":"Dr Katarzyna Zalewska","item":"https:\/\/pans.krosno.pl\/pracownicy\/katarzyna-zalewska\/"},{"@type":"ListItem","position":3,"name":"Dr Katarzyna Zalewska &#8211; \u017byciorys naukowy"}]},{"@type":"WebSite","@id":"https:\/\/pans.krosno.pl\/pracownicy\/#website","url":"https:\/\/pans.krosno.pl\/pracownicy\/","name":"Pracownicy PANS w Kro\u015bnie","description":"Pracownicy - Pa\u0144stwowa Akademia Nauk Stosowanych","publisher":{"@id":"https:\/\/pans.krosno.pl\/pracownicy\/#organization"},"potentialAction":[{"@type":"SearchAction","target":{"@type":"EntryPoint","urlTemplate":"https:\/\/pans.krosno.pl\/pracownicy\/?s={search_term_string}"},"query-input":{"@type":"PropertyValueSpecification","valueRequired":true,"valueName":"search_term_string"}}],"inLanguage":"pl-PL"},{"@type":"Organization","@id":"https:\/\/pans.krosno.pl\/pracownicy\/#organization","name":"Pracownicy PANS w Kro\u015bnie","url":"https:\/\/pans.krosno.pl\/pracownicy\/","logo":{"@type":"ImageObject","inLanguage":"pl-PL","@id":"https:\/\/pans.krosno.pl\/pracownicy\/#\/schema\/logo\/image\/","url":"https:\/\/pans.krosno.pl\/pracownicy\/wp-content\/uploads\/sites\/41\/2023\/01\/Logo-PANS-2022-pelne.png","contentUrl":"https:\/\/pans.krosno.pl\/pracownicy\/wp-content\/uploads\/sites\/41\/2023\/01\/Logo-PANS-2022-pelne.png","width":3096,"height":696,"caption":"Pracownicy PANS w Kro\u015bnie"},"image":{"@id":"https:\/\/pans.krosno.pl\/pracownicy\/#\/schema\/logo\/image\/"}}]}},"_links":{"self":[{"href":"https:\/\/pans.krosno.pl\/pracownicy\/wp-json\/wp\/v2\/pages\/1158","targetHints":{"allow":["GET"]}}],"collection":[{"href":"https:\/\/pans.krosno.pl\/pracownicy\/wp-json\/wp\/v2\/pages"}],"about":[{"href":"https:\/\/pans.krosno.pl\/pracownicy\/wp-json\/wp\/v2\/types\/page"}],"author":[{"embeddable":true,"href":"https:\/\/pans.krosno.pl\/pracownicy\/wp-json\/wp\/v2\/users\/34"}],"replies":[{"embeddable":true,"href":"https:\/\/pans.krosno.pl\/pracownicy\/wp-json\/wp\/v2\/comments?post=1158"}],"version-history":[{"count":11,"href":"https:\/\/pans.krosno.pl\/pracownicy\/wp-json\/wp\/v2\/pages\/1158\/revisions"}],"predecessor-version":[{"id":11077,"href":"https:\/\/pans.krosno.pl\/pracownicy\/wp-json\/wp\/v2\/pages\/1158\/revisions\/11077"}],"up":[{"embeddable":true,"href":"https:\/\/pans.krosno.pl\/pracownicy\/wp-json\/wp\/v2\/pages\/1146"}],"wp:attachment":[{"href":"https:\/\/pans.krosno.pl\/pracownicy\/wp-json\/wp\/v2\/media?parent=1158"}],"curies":[{"name":"wp","href":"https:\/\/api.w.org\/{rel}","templated":true}]}}