{"id":11314,"date":"2025-05-27T11:54:03","date_gmt":"2025-05-27T09:54:03","guid":{"rendered":"https:\/\/pans.krosno.pl\/pracownicy\/?page_id=11314"},"modified":"2025-05-27T11:54:04","modified_gmt":"2025-05-27T09:54:04","slug":"pawel-siudem-najwazniejsze-publikacje","status":"publish","type":"page","link":"https:\/\/pans.krosno.pl\/pracownicy\/pawel-siudem\/pawel-siudem-najwazniejsze-publikacje\/","title":{"rendered":"dr Pawe\u0142 Siudem &#8211; Najwa\u017cniejsze\u00a0publikacje"},"content":{"rendered":"\n<hr class=\"wp-block-separator has-alpha-channel-opacity\" \/>\n\n\n\n<ol class=\"wp-block-list\">\n<li>Siudem, P., Wasiak, A., Zieli\u0144ska, A., Kowalska, V., Paradowska, K. (2025). Using Lignans from Magnolia officinalis Bark in the Assessment of the Quality of Dietary Supplements\u2014The Application of 1H NMR and HPLC-DAD. International Journal of Molecular Sciences, 26(4).<\/li>\n\n\n\n<li>Siudem, P., Szeleszczuk, \u0141., Paradowska, K. (2024). Solid state NMR study of the bioenhancer piperine, supported by GIPAW DFT calculations. Journal of Pharmaceutical and Biomedical Analysis, 243.<\/li>\n\n\n\n<li>Siudem, P., Szeleszczuk, \u0141., Paradowska, K. (2023). Searching for natural Aurora a kinase inhibitors from peppers using molecular docking and molecular dynamics. Pharmaceuticals, 16(11).<\/li>\n\n\n\n<li>Siudem, P., Szeleszczuk, \u0141., Zieli\u0144ska, A., Paradowska, K. (2023). 13C CPMAS NMR as an Alternative Method to Verify the Quality of Dietary Supplements Containing Curcumin. Molecules, 28(8).<\/li>\n\n\n\n<li>Siudem, P., Zieli\u0144ska, A., Kowalska, V., Paradowska, K. (2022). 1H NMR and chemometric methods in verification of hemp-seed oil quality. Journal of Pharmaceutical and Biomedical Analysis, 212.<\/li>\n\n\n\n<li>Siudem, P., Zieli\u0144ska, A., Paradowska, K. (2022). Application of 1H NMR in the study of fatty acids composition of vegetable oils. Journal of Pharmaceutical and Biomedical Analysis, 212.<\/li>\n\n\n\n<li>Siudem, P., Wawer, I., Paradowska, K. (2019). Rapid evaluation of edible hemp oil quality using NMR and FT-IR spectroscopy. Journal of Molecular Structure, 1177, 204-208.<\/li>\n\n\n\n<li>Siudem, P., Paradowska, K. (2020). Budowa, funkcja oraz mechanizm dzia\u0142ania receptora waniloidowego TRPV1. Post\u0119py Higieny i Medycyny Do\u015bwiadczalnej, 74, 481-488.<\/li>\n\n\n\n<li>Siudem, P., Bukowicki, J., Wawer, I., Paradowska, K. (2020). Structural studies of two capsaicinoids: Dihydrocapsaicin and nonivamide. 13 C and 15 N MAS NMR supported by genetic algorithm and GIAO DFT calculations. RSC advances, 10(31), 18082-18092.<\/li>\n\n\n\n<li>Siudem, P., Paradowska, K., Bukowicki, J. (2017). Conformational analysis of capsaicin using 13C, 15N MAS NMR, GIAO DFT and GA calculations. Journal of Molecular Structure, 1146, 773-781.<\/li>\n<\/ol>\n","protected":false},"excerpt":{"rendered":"","protected":false},"author":113,"featured_media":0,"parent":11302,"menu_order":0,"comment_status":"closed","ping_status":"closed","template":"","meta":{"ngg_post_thumbnail":0,"footnotes":""},"class_list":["post-11314","page","type-page","status-publish","hentry"],"yoast_head":"<!-- This site is optimized with the Yoast SEO Premium plugin v27.4 (Yoast SEO v27.4) - https:\/\/yoast.com\/product\/yoast-seo-premium-wordpress\/ -->\n<title>dr Pawe\u0142 Siudem - Najwa\u017cniejsze\u00a0publikacje - Pracownicy PANS w Kro\u015bnie<\/title>\n<meta name=\"robots\" content=\"index, follow, max-snippet:-1, max-image-preview:large, max-video-preview:-1\" \/>\n<link rel=\"canonical\" href=\"https:\/\/pans.krosno.pl\/pracownicy\/pawel-siudem\/pawel-siudem-najwazniejsze-publikacje\/\" \/>\n<meta property=\"og:locale\" content=\"pl_PL\" \/>\n<meta property=\"og:type\" content=\"article\" \/>\n<meta property=\"og:title\" content=\"dr Pawe\u0142 Siudem - Najwa\u017cniejsze\u00a0publikacje\" \/>\n<meta property=\"og:url\" content=\"https:\/\/pans.krosno.pl\/pracownicy\/pawel-siudem\/pawel-siudem-najwazniejsze-publikacje\/\" \/>\n<meta property=\"og:site_name\" content=\"Pracownicy PANS w Kro\u015bnie\" \/>\n<meta property=\"article:modified_time\" content=\"2025-05-27T09:54:04+00:00\" \/>\n<meta name=\"twitter:card\" content=\"summary_large_image\" \/>\n<meta name=\"twitter:label1\" content=\"Szacowany czas czytania\" \/>\n\t<meta name=\"twitter:data1\" content=\"2 minuty\" \/>\n<script type=\"application\/ld+json\" class=\"yoast-schema-graph\">{\"@context\":\"https:\\\/\\\/schema.org\",\"@graph\":[{\"@type\":\"WebPage\",\"@id\":\"https:\\\/\\\/pans.krosno.pl\\\/pracownicy\\\/pawel-siudem\\\/pawel-siudem-najwazniejsze-publikacje\\\/\",\"url\":\"https:\\\/\\\/pans.krosno.pl\\\/pracownicy\\\/pawel-siudem\\\/pawel-siudem-najwazniejsze-publikacje\\\/\",\"name\":\"dr Pawe\u0142 Siudem - Najwa\u017cniejsze\u00a0publikacje - Pracownicy PANS w Kro\u015bnie\",\"isPartOf\":{\"@id\":\"https:\\\/\\\/pans.krosno.pl\\\/pracownicy\\\/#website\"},\"datePublished\":\"2025-05-27T09:54:03+00:00\",\"dateModified\":\"2025-05-27T09:54:04+00:00\",\"breadcrumb\":{\"@id\":\"https:\\\/\\\/pans.krosno.pl\\\/pracownicy\\\/pawel-siudem\\\/pawel-siudem-najwazniejsze-publikacje\\\/#breadcrumb\"},\"inLanguage\":\"pl-PL\",\"potentialAction\":[{\"@type\":\"ReadAction\",\"target\":[\"https:\\\/\\\/pans.krosno.pl\\\/pracownicy\\\/pawel-siudem\\\/pawel-siudem-najwazniejsze-publikacje\\\/\"]}]},{\"@type\":\"BreadcrumbList\",\"@id\":\"https:\\\/\\\/pans.krosno.pl\\\/pracownicy\\\/pawel-siudem\\\/pawel-siudem-najwazniejsze-publikacje\\\/#breadcrumb\",\"itemListElement\":[{\"@type\":\"ListItem\",\"position\":1,\"name\":\"Strona g\u0142\u00f3wna\",\"item\":\"https:\\\/\\\/pans.krosno.pl\\\/pracownicy\\\/\"},{\"@type\":\"ListItem\",\"position\":2,\"name\":\"dr Pawe\u0142 Siudem\",\"item\":\"https:\\\/\\\/pans.krosno.pl\\\/pracownicy\\\/pawel-siudem\\\/\"},{\"@type\":\"ListItem\",\"position\":3,\"name\":\"dr Pawe\u0142 Siudem &#8211; Najwa\u017cniejsze\u00a0publikacje\"}]},{\"@type\":\"WebSite\",\"@id\":\"https:\\\/\\\/pans.krosno.pl\\\/pracownicy\\\/#website\",\"url\":\"https:\\\/\\\/pans.krosno.pl\\\/pracownicy\\\/\",\"name\":\"Pracownicy PANS w Kro\u015bnie\",\"description\":\"Pracownicy - Pa\u0144stwowa Akademia Nauk Stosowanych\",\"publisher\":{\"@id\":\"https:\\\/\\\/pans.krosno.pl\\\/pracownicy\\\/#organization\"},\"potentialAction\":[{\"@type\":\"SearchAction\",\"target\":{\"@type\":\"EntryPoint\",\"urlTemplate\":\"https:\\\/\\\/pans.krosno.pl\\\/pracownicy\\\/?s={search_term_string}\"},\"query-input\":{\"@type\":\"PropertyValueSpecification\",\"valueRequired\":true,\"valueName\":\"search_term_string\"}}],\"inLanguage\":\"pl-PL\"},{\"@type\":\"Organization\",\"@id\":\"https:\\\/\\\/pans.krosno.pl\\\/pracownicy\\\/#organization\",\"name\":\"Pracownicy PANS w Kro\u015bnie\",\"url\":\"https:\\\/\\\/pans.krosno.pl\\\/pracownicy\\\/\",\"logo\":{\"@type\":\"ImageObject\",\"inLanguage\":\"pl-PL\",\"@id\":\"https:\\\/\\\/pans.krosno.pl\\\/pracownicy\\\/#\\\/schema\\\/logo\\\/image\\\/\",\"url\":\"https:\\\/\\\/pans.krosno.pl\\\/pracownicy\\\/wp-content\\\/uploads\\\/sites\\\/41\\\/2023\\\/01\\\/Logo-PANS-2022-pelne.png\",\"contentUrl\":\"https:\\\/\\\/pans.krosno.pl\\\/pracownicy\\\/wp-content\\\/uploads\\\/sites\\\/41\\\/2023\\\/01\\\/Logo-PANS-2022-pelne.png\",\"width\":3096,\"height\":696,\"caption\":\"Pracownicy PANS w Kro\u015bnie\"},\"image\":{\"@id\":\"https:\\\/\\\/pans.krosno.pl\\\/pracownicy\\\/#\\\/schema\\\/logo\\\/image\\\/\"}}]}<\/script>\n<!-- \/ Yoast SEO Premium plugin. -->","yoast_head_json":{"title":"dr Pawe\u0142 Siudem - Najwa\u017cniejsze\u00a0publikacje - Pracownicy PANS w Kro\u015bnie","robots":{"index":"index","follow":"follow","max-snippet":"max-snippet:-1","max-image-preview":"max-image-preview:large","max-video-preview":"max-video-preview:-1"},"canonical":"https:\/\/pans.krosno.pl\/pracownicy\/pawel-siudem\/pawel-siudem-najwazniejsze-publikacje\/","og_locale":"pl_PL","og_type":"article","og_title":"dr Pawe\u0142 Siudem - Najwa\u017cniejsze\u00a0publikacje","og_url":"https:\/\/pans.krosno.pl\/pracownicy\/pawel-siudem\/pawel-siudem-najwazniejsze-publikacje\/","og_site_name":"Pracownicy PANS w Kro\u015bnie","article_modified_time":"2025-05-27T09:54:04+00:00","twitter_card":"summary_large_image","twitter_misc":{"Szacowany czas czytania":"2 minuty"},"schema":{"@context":"https:\/\/schema.org","@graph":[{"@type":"WebPage","@id":"https:\/\/pans.krosno.pl\/pracownicy\/pawel-siudem\/pawel-siudem-najwazniejsze-publikacje\/","url":"https:\/\/pans.krosno.pl\/pracownicy\/pawel-siudem\/pawel-siudem-najwazniejsze-publikacje\/","name":"dr Pawe\u0142 Siudem - Najwa\u017cniejsze\u00a0publikacje - Pracownicy PANS w Kro\u015bnie","isPartOf":{"@id":"https:\/\/pans.krosno.pl\/pracownicy\/#website"},"datePublished":"2025-05-27T09:54:03+00:00","dateModified":"2025-05-27T09:54:04+00:00","breadcrumb":{"@id":"https:\/\/pans.krosno.pl\/pracownicy\/pawel-siudem\/pawel-siudem-najwazniejsze-publikacje\/#breadcrumb"},"inLanguage":"pl-PL","potentialAction":[{"@type":"ReadAction","target":["https:\/\/pans.krosno.pl\/pracownicy\/pawel-siudem\/pawel-siudem-najwazniejsze-publikacje\/"]}]},{"@type":"BreadcrumbList","@id":"https:\/\/pans.krosno.pl\/pracownicy\/pawel-siudem\/pawel-siudem-najwazniejsze-publikacje\/#breadcrumb","itemListElement":[{"@type":"ListItem","position":1,"name":"Strona g\u0142\u00f3wna","item":"https:\/\/pans.krosno.pl\/pracownicy\/"},{"@type":"ListItem","position":2,"name":"dr Pawe\u0142 Siudem","item":"https:\/\/pans.krosno.pl\/pracownicy\/pawel-siudem\/"},{"@type":"ListItem","position":3,"name":"dr Pawe\u0142 Siudem &#8211; Najwa\u017cniejsze\u00a0publikacje"}]},{"@type":"WebSite","@id":"https:\/\/pans.krosno.pl\/pracownicy\/#website","url":"https:\/\/pans.krosno.pl\/pracownicy\/","name":"Pracownicy PANS w Kro\u015bnie","description":"Pracownicy - Pa\u0144stwowa Akademia Nauk Stosowanych","publisher":{"@id":"https:\/\/pans.krosno.pl\/pracownicy\/#organization"},"potentialAction":[{"@type":"SearchAction","target":{"@type":"EntryPoint","urlTemplate":"https:\/\/pans.krosno.pl\/pracownicy\/?s={search_term_string}"},"query-input":{"@type":"PropertyValueSpecification","valueRequired":true,"valueName":"search_term_string"}}],"inLanguage":"pl-PL"},{"@type":"Organization","@id":"https:\/\/pans.krosno.pl\/pracownicy\/#organization","name":"Pracownicy PANS w Kro\u015bnie","url":"https:\/\/pans.krosno.pl\/pracownicy\/","logo":{"@type":"ImageObject","inLanguage":"pl-PL","@id":"https:\/\/pans.krosno.pl\/pracownicy\/#\/schema\/logo\/image\/","url":"https:\/\/pans.krosno.pl\/pracownicy\/wp-content\/uploads\/sites\/41\/2023\/01\/Logo-PANS-2022-pelne.png","contentUrl":"https:\/\/pans.krosno.pl\/pracownicy\/wp-content\/uploads\/sites\/41\/2023\/01\/Logo-PANS-2022-pelne.png","width":3096,"height":696,"caption":"Pracownicy PANS w Kro\u015bnie"},"image":{"@id":"https:\/\/pans.krosno.pl\/pracownicy\/#\/schema\/logo\/image\/"}}]}},"_links":{"self":[{"href":"https:\/\/pans.krosno.pl\/pracownicy\/wp-json\/wp\/v2\/pages\/11314","targetHints":{"allow":["GET"]}}],"collection":[{"href":"https:\/\/pans.krosno.pl\/pracownicy\/wp-json\/wp\/v2\/pages"}],"about":[{"href":"https:\/\/pans.krosno.pl\/pracownicy\/wp-json\/wp\/v2\/types\/page"}],"author":[{"embeddable":true,"href":"https:\/\/pans.krosno.pl\/pracownicy\/wp-json\/wp\/v2\/users\/113"}],"replies":[{"embeddable":true,"href":"https:\/\/pans.krosno.pl\/pracownicy\/wp-json\/wp\/v2\/comments?post=11314"}],"version-history":[{"count":1,"href":"https:\/\/pans.krosno.pl\/pracownicy\/wp-json\/wp\/v2\/pages\/11314\/revisions"}],"predecessor-version":[{"id":11315,"href":"https:\/\/pans.krosno.pl\/pracownicy\/wp-json\/wp\/v2\/pages\/11314\/revisions\/11315"}],"up":[{"embeddable":true,"href":"https:\/\/pans.krosno.pl\/pracownicy\/wp-json\/wp\/v2\/pages\/11302"}],"wp:attachment":[{"href":"https:\/\/pans.krosno.pl\/pracownicy\/wp-json\/wp\/v2\/media?parent=11314"}],"curies":[{"name":"wp","href":"https:\/\/api.w.org\/{rel}","templated":true}]}}