{"id":11296,"date":"2025-05-27T11:29:55","date_gmt":"2025-05-27T09:29:55","guid":{"rendered":"https:\/\/pans.krosno.pl\/pracownicy\/?page_id=11296"},"modified":"2025-05-27T11:29:56","modified_gmt":"2025-05-27T09:29:56","slug":"robert-baranski-najwazniejsze-publikacje","status":"publish","type":"page","link":"https:\/\/pans.krosno.pl\/pracownicy\/robert-baranski\/robert-baranski-najwazniejsze-publikacje\/","title":{"rendered":"dr hab. in\u017c. Robert Bara\u0144ski &#8211; Najwa\u017cniejsze publikacje"},"content":{"rendered":"\n<hr class=\"wp-block-separator has-alpha-channel-opacity\" \/>\n\n\n\n<p><strong>Publikacje (wybrane):<\/strong><\/p>\n\n\n\n<ul class=\"wp-block-list\">\n<li>Towards hand grip force assessment by using EMG estimators \/ Robert BARA\u0143SKI, Wiktoria Wojnicz, Bart\u0142omiej Zagrodny, Micha\u0142 Ludwicki, Agnieszka Sobierajska-Rek \/\/ Measurement ; ISSN 0263-2241. \u2014 2024 \u2014 vol. 226 art. no. 114137, s. 1-12.<\/li>\n\n\n\n<li>Evaluating transmitters for quantifying respiratory airflow in the breathing mechanism \/ Robert BARA\u0143SKI, Szymon Nitkiewicz, Andrzej Zaj\u0105c, Andrzej Kukwa, \u0141ukasz Stano, Sebastian Szwarc \/\/ Diagnostyka ; ISSN 2449-5220. \u2014 2024 \u2014 vol. 25 no. 1 s. 9-10<\/li>\n\n\n\n<li>Enhancing rheological muscle models with stochastic processes \/ Bart\u0142omiej Zagrodny, Wiktoria Wojnicz, Micha\u0142 Ludwicki, Robert BARA\u0143SKI \/\/ Acta of Bioengineering and Biomechanics ; ISSN 1509-409X. \u2014 2023 \u2014 vol. 25 no. 3, s. 129\u2013138.<\/li>\n\n\n\n<li>Simultaneous measurement of maximum respiratory pressures and respiratory muscle electromyography in a stroke patient \u2013 changes after implemented physiotherapy \u2013 preliminary case report \/ Agnieszka \u015aliwka, Wioleta Rosa, Natalia Madej, Robert BARA\u0143SKI, Rafa\u0142 Pili\u0144ski, Dominika Kurda, Mateusz Stec, Roman Nowobilski \/ Medical Rehabilitation ; ISSN 1427-9622. \u2014 2022 vol. 26 iss. 2, s. 45\u201352<\/li>\n\n\n\n<li>sEMG and vibration system monitoring for differential diagnosis in temporomandibular joint disorders \/ Ma\u0142gorzata Kulesa-Mrowiecka, Robert BARA\u0143SKI, Maciej K\u0141ACZY\u0143SKI \/ Sensors \/ ISSN 1424-8220. \u2014 2022 vol. 22 iss. 10 art. no. 3811, s. 1\u201323.<\/li>\n\n\n\n<li>Module for monitoring the probe-skin contact force in the study of vibration perception on the wrist \/ Dorota Czopek, Robert Bara\u0144ski, Jerzy Wiciak \/ Sensors ISSN 1424-8220. \u2014 2021 vol. 21 iss. 6 art. no. 2128, s. 1-15<\/li>\n\n\n\n<li>Stability of the EMG signal level within a six-day measuring cycle, R. Bara\u0144ski, Adv. Intell. Syst. Comput., vol. 831, Springer, Cham, p. 125\u201337. doi:10.1007\/978-3-319-97286-2_12, 2019<\/li>\n\n\n\n<li>Respiratory disorders \u2013 measuring method and equipment, S. Nitkiewicz, R. Bara\u0144ski, A. Kukwa, A. Zaj\u0105c, Metrology and Measurement Systems \/ quarterly of Polish Academy of Sciences, vol. 25 no. 1, s. 187\u2013202, 2018<\/li>\n<\/ul>\n\n\n\n<p><strong>Ksi\u0105\u017cki:<\/strong><\/p>\n\n\n\n<ul class=\"wp-block-list\">\n<li>Estymacja si\u0142y zacisku w uk\u0142adzie r\u0119ka \u2013 narz\u0119dzie, (Grip force estimation in hand \u2013 tool system), R. Bara\u0144ski, Rozprawy Monografie \/ Akademia G\u00f3rniczo \u2013 hutnicza im. Stanis\u0142awa Staszica w Krakowie; ISSN; 0867-6631), ISBN: 978-83-66016-65-1, Wydawnictwa AGH, 2017, 178s.<\/li>\n\n\n\n<li>Osobisty wska\u017anik zagro\u017cenia ha\u0142asem : koncepcja i badania laboratoryjne \u2014 [The personal indicator of noise hazard : conception and laboratory tests] \/ Tomasz KORBIEL, Wojciech BATKO, Pawe\u0142 PAWLIK, Robert BARA\u0143SKI, Bart\u0142omiej ST\u0118PIE\u0143, J\u0119drzej BLAUT ; pod red. Tomasza KORBIELA. \u2014 Krak\u00f3w : Wydawnictwa AGH, 2017. \u2014 94, [1] s. \u2014 (Wydawnictwa Naukowe \/ Akademia G\u00f3rniczo-Hutnicza im. Stanis\u0142awa Staszica w Krakowie). \u2014 Bibliogr. s. 93\u201395. \u2014 ISBN: 978-83-7464-999-5<\/li>\n<\/ul>\n\n\n\n<p><strong>Patenty:<\/strong><\/p>\n\n\n\n<ul class=\"wp-block-list\">\n<li>Spos\u00f3b estymacji si\u0142y zacisku d\u0142oni \u2014 [Indirect method of grip force estimation] \/ Akademia G\u00f3rniczo-Hutnicza im. Stanis\u0142awa Staszica w Krakowie ; wynalazca: Robert BARA\u0143SKI. \u2014 Int.Cl.: A61B 5\/0488(2006.01). \u2014 Polska. \u2014 Opis patentowy ; PL239105B1 ; Udziel. 2021-08-12 ; Opubl. 2021-11-08. \u2014 Zg\u0142osz. nr P.427778 z dn. 2018-11-15<\/li>\n\n\n\n<li>Zestaw do monitorowania dro\u017cno\u015bci dr\u00f3g oddechowych \u2014 [Control equipment for monitoring patency of respiratory tract] \/ Uniwersytet Warmi\u0144sko-Mazurski w Olsztynie ; wynalazca: Andrzej Kukwa, Andrzej Zaj\u0105c, Szymon Nitkiewicz, Robert BARA\u0143SKI. \u2014 Int.Cl.: A61B 5\/087(2006.01). \u2014 Polska. \u2014 Opis patentowy ; PL236745B1 ; Udziel. 2020-07-14 ; Opubl. 2021-02-08. \u2014 Zg\u0142osz. nr P.419511 z dn. 2016-11-18<\/li>\n\n\n\n<li>Spos\u00f3b oceny poziomu ekspozycji na ha\u0142as i wska\u017anik poziomu ekspozycji na ha\u0142as \u2014 [A method of assessment noise exposure level and indicator of noise exposure level] \/ Akademia G\u00f3rniczo-Hutnicza im. Stanis\u0142awa Staszica w Krakowie ; wynalazca: Tomasz KORBIEL, Wojciech BATKO, Pawe\u0142 PAWLIK, Bart\u0142omiej ST\u0118PIE\u0143, J\u0119drzej BLAUT, Robert BARA\u0143SKI. \u2014 Int.Cl.: G01H 17\/00(2006.01). \u2014 Polska. \u2014 Opis patentowy ; PL233900B1 ; Udziel. 2019-08-20 ; Opubl. 2019-12-31. \u2014 Zg\u0142osz. nr P.417257 z dn. 2016-05-19<\/li>\n\n\n\n<li>System wykrywania po\u0142o\u017cenia palc\u00f3w w celu dekodowania alfabetu migowego \u2014 [System and the method for detecting position of fingers to decipher the sign language] \/ Akademia G\u00f3rniczo-Hutnicza im. Stanis\u0142awa Staszica w Krakowie ; wynalazca: Robert BARA\u0143SKI, Bart\u0142omiej W\u00f3jcik, Szymon Wro\u0144ski. \u2014 Int.Cl.: G09B 21\/00(2006.01). \u2014 Polska. \u2014 Opis patentowy ; PL232080B1 ; Udziel. 2019-01-10 ; Opubl. 2019-05-31. \u2014 Zg\u0142osz. nr P.419405 z dn. 2016-11-09<\/li>\n\n\n\n<li>Spos\u00f3b eliminacji przes\u0142uch\u00f3w \u2014 [Crosstalk elimination method] \/ Akademia G\u00f3rniczo-Hutnicza im. Stanis\u0142awa Staszica w Krakowie ; wynalazca: BARA\u0143SKI Robert. \u2014 Int.Cl.: G10K 11\/00(2006.01). \u2014 Polska. \u2014 Opis patentowy ; PL223653B1 ; Udziel. 2016-02-19 ; Opubl. 2016-10-31. \u2014 Zg\u0142osz. nr P.402147 z dn. 2012-12-20<\/li>\n\n\n\n<li>Wzbudnik drga\u0144 mechanicznych \u2014 [Mechanical vibration exciter] \/ Akademia G\u00f3rniczo-Hutnicza im. Stanis\u0142awa Staszica w Krakowie ; wynalazca: BARA\u0143SKI Robert. \u2014 Int.Cl.: B04R 9\/06(2006.01). \u2014 Polska. \u2014 Opis zg\u0142oszeniowy wzoru u\u017cytkowego ; PL121596U1 ; Opubl. 2012-12-17. \u2014 Zg\u0142osz. nr W.121596 z dn. 2013-02-18 \/\/ Biuletyn Urz\u0119du Patentowego. \u2014 2014 \u2014 nr 13, s. 76<\/li>\n<\/ul>\n","protected":false},"excerpt":{"rendered":"<p>Publikacje (wybrane): Ksi\u0105\u017cki: Patenty:<\/p>\n","protected":false},"author":113,"featured_media":0,"parent":11285,"menu_order":0,"comment_status":"closed","ping_status":"closed","template":"","meta":{"ngg_post_thumbnail":0,"footnotes":""},"class_list":["post-11296","page","type-page","status-publish","hentry"],"yoast_head":"<!-- This site is optimized with the Yoast SEO Premium plugin v27.3 (Yoast SEO v27.3) - https:\/\/yoast.com\/product\/yoast-seo-premium-wordpress\/ -->\n<title>dr hab. in\u017c. Robert Bara\u0144ski - Najwa\u017cniejsze publikacje - Pracownicy PANS w Kro\u015bnie<\/title>\n<meta name=\"robots\" content=\"index, follow, max-snippet:-1, max-image-preview:large, max-video-preview:-1\" \/>\n<link rel=\"canonical\" href=\"https:\/\/pans.krosno.pl\/pracownicy\/robert-baranski\/robert-baranski-najwazniejsze-publikacje\/\" \/>\n<meta property=\"og:locale\" content=\"pl_PL\" \/>\n<meta property=\"og:type\" content=\"article\" \/>\n<meta property=\"og:title\" content=\"dr hab. in\u017c. Robert Bara\u0144ski - Najwa\u017cniejsze publikacje\" \/>\n<meta property=\"og:description\" content=\"Publikacje (wybrane): Ksi\u0105\u017cki: Patenty:\" \/>\n<meta property=\"og:url\" content=\"https:\/\/pans.krosno.pl\/pracownicy\/robert-baranski\/robert-baranski-najwazniejsze-publikacje\/\" \/>\n<meta property=\"og:site_name\" content=\"Pracownicy PANS w Kro\u015bnie\" \/>\n<meta property=\"article:modified_time\" content=\"2025-05-27T09:29:56+00:00\" \/>\n<meta name=\"twitter:card\" content=\"summary_large_image\" \/>\n<meta name=\"twitter:label1\" content=\"Szacowany czas czytania\" \/>\n\t<meta name=\"twitter:data1\" content=\"4 minuty\" \/>\n<script type=\"application\/ld+json\" class=\"yoast-schema-graph\">{\"@context\":\"https:\\\/\\\/schema.org\",\"@graph\":[{\"@type\":\"WebPage\",\"@id\":\"https:\\\/\\\/pans.krosno.pl\\\/pracownicy\\\/robert-baranski\\\/robert-baranski-najwazniejsze-publikacje\\\/\",\"url\":\"https:\\\/\\\/pans.krosno.pl\\\/pracownicy\\\/robert-baranski\\\/robert-baranski-najwazniejsze-publikacje\\\/\",\"name\":\"dr hab. in\u017c. Robert Bara\u0144ski - Najwa\u017cniejsze publikacje - Pracownicy PANS w Kro\u015bnie\",\"isPartOf\":{\"@id\":\"https:\\\/\\\/pans.krosno.pl\\\/pracownicy\\\/#website\"},\"datePublished\":\"2025-05-27T09:29:55+00:00\",\"dateModified\":\"2025-05-27T09:29:56+00:00\",\"breadcrumb\":{\"@id\":\"https:\\\/\\\/pans.krosno.pl\\\/pracownicy\\\/robert-baranski\\\/robert-baranski-najwazniejsze-publikacje\\\/#breadcrumb\"},\"inLanguage\":\"pl-PL\",\"potentialAction\":[{\"@type\":\"ReadAction\",\"target\":[\"https:\\\/\\\/pans.krosno.pl\\\/pracownicy\\\/robert-baranski\\\/robert-baranski-najwazniejsze-publikacje\\\/\"]}]},{\"@type\":\"BreadcrumbList\",\"@id\":\"https:\\\/\\\/pans.krosno.pl\\\/pracownicy\\\/robert-baranski\\\/robert-baranski-najwazniejsze-publikacje\\\/#breadcrumb\",\"itemListElement\":[{\"@type\":\"ListItem\",\"position\":1,\"name\":\"Strona g\u0142\u00f3wna\",\"item\":\"https:\\\/\\\/pans.krosno.pl\\\/pracownicy\\\/\"},{\"@type\":\"ListItem\",\"position\":2,\"name\":\"dr hab. in\u017c. Robert Bara\u0144ski\",\"item\":\"https:\\\/\\\/pans.krosno.pl\\\/pracownicy\\\/robert-baranski\\\/\"},{\"@type\":\"ListItem\",\"position\":3,\"name\":\"dr hab. in\u017c. Robert Bara\u0144ski &#8211; Najwa\u017cniejsze publikacje\"}]},{\"@type\":\"WebSite\",\"@id\":\"https:\\\/\\\/pans.krosno.pl\\\/pracownicy\\\/#website\",\"url\":\"https:\\\/\\\/pans.krosno.pl\\\/pracownicy\\\/\",\"name\":\"Pracownicy PANS w Kro\u015bnie\",\"description\":\"Pracownicy - Pa\u0144stwowa Akademia Nauk Stosowanych\",\"publisher\":{\"@id\":\"https:\\\/\\\/pans.krosno.pl\\\/pracownicy\\\/#organization\"},\"potentialAction\":[{\"@type\":\"SearchAction\",\"target\":{\"@type\":\"EntryPoint\",\"urlTemplate\":\"https:\\\/\\\/pans.krosno.pl\\\/pracownicy\\\/?s={search_term_string}\"},\"query-input\":{\"@type\":\"PropertyValueSpecification\",\"valueRequired\":true,\"valueName\":\"search_term_string\"}}],\"inLanguage\":\"pl-PL\"},{\"@type\":\"Organization\",\"@id\":\"https:\\\/\\\/pans.krosno.pl\\\/pracownicy\\\/#organization\",\"name\":\"Pracownicy PANS w Kro\u015bnie\",\"url\":\"https:\\\/\\\/pans.krosno.pl\\\/pracownicy\\\/\",\"logo\":{\"@type\":\"ImageObject\",\"inLanguage\":\"pl-PL\",\"@id\":\"https:\\\/\\\/pans.krosno.pl\\\/pracownicy\\\/#\\\/schema\\\/logo\\\/image\\\/\",\"url\":\"https:\\\/\\\/pans.krosno.pl\\\/pracownicy\\\/wp-content\\\/uploads\\\/sites\\\/41\\\/2023\\\/01\\\/Logo-PANS-2022-pelne.png\",\"contentUrl\":\"https:\\\/\\\/pans.krosno.pl\\\/pracownicy\\\/wp-content\\\/uploads\\\/sites\\\/41\\\/2023\\\/01\\\/Logo-PANS-2022-pelne.png\",\"width\":3096,\"height\":696,\"caption\":\"Pracownicy PANS w Kro\u015bnie\"},\"image\":{\"@id\":\"https:\\\/\\\/pans.krosno.pl\\\/pracownicy\\\/#\\\/schema\\\/logo\\\/image\\\/\"}}]}<\/script>\n<!-- \/ Yoast SEO Premium plugin. -->","yoast_head_json":{"title":"dr hab. in\u017c. Robert Bara\u0144ski - Najwa\u017cniejsze publikacje - Pracownicy PANS w Kro\u015bnie","robots":{"index":"index","follow":"follow","max-snippet":"max-snippet:-1","max-image-preview":"max-image-preview:large","max-video-preview":"max-video-preview:-1"},"canonical":"https:\/\/pans.krosno.pl\/pracownicy\/robert-baranski\/robert-baranski-najwazniejsze-publikacje\/","og_locale":"pl_PL","og_type":"article","og_title":"dr hab. in\u017c. Robert Bara\u0144ski - Najwa\u017cniejsze publikacje","og_description":"Publikacje (wybrane): Ksi\u0105\u017cki: Patenty:","og_url":"https:\/\/pans.krosno.pl\/pracownicy\/robert-baranski\/robert-baranski-najwazniejsze-publikacje\/","og_site_name":"Pracownicy PANS w Kro\u015bnie","article_modified_time":"2025-05-27T09:29:56+00:00","twitter_card":"summary_large_image","twitter_misc":{"Szacowany czas czytania":"4 minuty"},"schema":{"@context":"https:\/\/schema.org","@graph":[{"@type":"WebPage","@id":"https:\/\/pans.krosno.pl\/pracownicy\/robert-baranski\/robert-baranski-najwazniejsze-publikacje\/","url":"https:\/\/pans.krosno.pl\/pracownicy\/robert-baranski\/robert-baranski-najwazniejsze-publikacje\/","name":"dr hab. in\u017c. Robert Bara\u0144ski - Najwa\u017cniejsze publikacje - Pracownicy PANS w Kro\u015bnie","isPartOf":{"@id":"https:\/\/pans.krosno.pl\/pracownicy\/#website"},"datePublished":"2025-05-27T09:29:55+00:00","dateModified":"2025-05-27T09:29:56+00:00","breadcrumb":{"@id":"https:\/\/pans.krosno.pl\/pracownicy\/robert-baranski\/robert-baranski-najwazniejsze-publikacje\/#breadcrumb"},"inLanguage":"pl-PL","potentialAction":[{"@type":"ReadAction","target":["https:\/\/pans.krosno.pl\/pracownicy\/robert-baranski\/robert-baranski-najwazniejsze-publikacje\/"]}]},{"@type":"BreadcrumbList","@id":"https:\/\/pans.krosno.pl\/pracownicy\/robert-baranski\/robert-baranski-najwazniejsze-publikacje\/#breadcrumb","itemListElement":[{"@type":"ListItem","position":1,"name":"Strona g\u0142\u00f3wna","item":"https:\/\/pans.krosno.pl\/pracownicy\/"},{"@type":"ListItem","position":2,"name":"dr hab. in\u017c. Robert Bara\u0144ski","item":"https:\/\/pans.krosno.pl\/pracownicy\/robert-baranski\/"},{"@type":"ListItem","position":3,"name":"dr hab. in\u017c. Robert Bara\u0144ski &#8211; Najwa\u017cniejsze publikacje"}]},{"@type":"WebSite","@id":"https:\/\/pans.krosno.pl\/pracownicy\/#website","url":"https:\/\/pans.krosno.pl\/pracownicy\/","name":"Pracownicy PANS w Kro\u015bnie","description":"Pracownicy - Pa\u0144stwowa Akademia Nauk Stosowanych","publisher":{"@id":"https:\/\/pans.krosno.pl\/pracownicy\/#organization"},"potentialAction":[{"@type":"SearchAction","target":{"@type":"EntryPoint","urlTemplate":"https:\/\/pans.krosno.pl\/pracownicy\/?s={search_term_string}"},"query-input":{"@type":"PropertyValueSpecification","valueRequired":true,"valueName":"search_term_string"}}],"inLanguage":"pl-PL"},{"@type":"Organization","@id":"https:\/\/pans.krosno.pl\/pracownicy\/#organization","name":"Pracownicy PANS w Kro\u015bnie","url":"https:\/\/pans.krosno.pl\/pracownicy\/","logo":{"@type":"ImageObject","inLanguage":"pl-PL","@id":"https:\/\/pans.krosno.pl\/pracownicy\/#\/schema\/logo\/image\/","url":"https:\/\/pans.krosno.pl\/pracownicy\/wp-content\/uploads\/sites\/41\/2023\/01\/Logo-PANS-2022-pelne.png","contentUrl":"https:\/\/pans.krosno.pl\/pracownicy\/wp-content\/uploads\/sites\/41\/2023\/01\/Logo-PANS-2022-pelne.png","width":3096,"height":696,"caption":"Pracownicy PANS w Kro\u015bnie"},"image":{"@id":"https:\/\/pans.krosno.pl\/pracownicy\/#\/schema\/logo\/image\/"}}]}},"_links":{"self":[{"href":"https:\/\/pans.krosno.pl\/pracownicy\/wp-json\/wp\/v2\/pages\/11296","targetHints":{"allow":["GET"]}}],"collection":[{"href":"https:\/\/pans.krosno.pl\/pracownicy\/wp-json\/wp\/v2\/pages"}],"about":[{"href":"https:\/\/pans.krosno.pl\/pracownicy\/wp-json\/wp\/v2\/types\/page"}],"author":[{"embeddable":true,"href":"https:\/\/pans.krosno.pl\/pracownicy\/wp-json\/wp\/v2\/users\/113"}],"replies":[{"embeddable":true,"href":"https:\/\/pans.krosno.pl\/pracownicy\/wp-json\/wp\/v2\/comments?post=11296"}],"version-history":[{"count":1,"href":"https:\/\/pans.krosno.pl\/pracownicy\/wp-json\/wp\/v2\/pages\/11296\/revisions"}],"predecessor-version":[{"id":11297,"href":"https:\/\/pans.krosno.pl\/pracownicy\/wp-json\/wp\/v2\/pages\/11296\/revisions\/11297"}],"up":[{"embeddable":true,"href":"https:\/\/pans.krosno.pl\/pracownicy\/wp-json\/wp\/v2\/pages\/11285"}],"wp:attachment":[{"href":"https:\/\/pans.krosno.pl\/pracownicy\/wp-json\/wp\/v2\/media?parent=11296"}],"curies":[{"name":"wp","href":"https:\/\/api.w.org\/{rel}","templated":true}]}}