{"id":11279,"date":"2025-05-27T10:46:49","date_gmt":"2025-05-27T08:46:49","guid":{"rendered":"https:\/\/pans.krosno.pl\/pracownicy\/?page_id=11279"},"modified":"2025-05-27T10:46:49","modified_gmt":"2025-05-27T08:46:49","slug":"malgorzata-marc-najwazniejsze-publikacje","status":"publish","type":"page","link":"https:\/\/pans.krosno.pl\/pracownicy\/malgorzata-marc-mgr-pielegniarstwa-pielegniarka-psychoterapeuta\/malgorzata-marc-najwazniejsze-publikacje\/","title":{"rendered":"Dr n.med. Ma\u0142gorzata Mar\u0107 &#8211; Najwa\u017cniejsze\u00a0publikacje"},"content":{"rendered":"\n<hr class=\"wp-block-separator has-alpha-channel-opacity\" \/>\n\n\n\n<p><em>Monografie (wybrane)<\/em><\/p>\n\n\n\n<ol class=\"wp-block-list\">\n<li>Mar\u0107 M., Nag\u00f3rska M.(red.): Piel\u0119gniarstwo a edukacja zdrowotna.T.2. Wydawnictwo Uniwersytetu Rzeszowskiego, Rzesz\u00f3w 2010.<\/li>\n\n\n\n<li>Binkowska-Bury M., Mar\u0107 M.(red.): Badania w piel\u0119gniarstwie XXI wieku. Wydawnictwo Uniwersytetu Rzeszowskiego, Rzesz\u00f3w 2012.<\/li>\n\n\n\n<li>Mar\u0107 M., Ry\u017cko J., R\u0119kas M.(red.):\u00a0 Piel\u0119gniarka \u2013 praktyk, edukator, organizator, badacz. Wydawnictwo Uniwersytetu Rzeszowskiego, Rzesz\u00f3w 2015.<\/li>\n\n\n\n<li>Mar\u0107 M., Kruk W.(red.): Zagro\u017cenia zdrowia spo\u0142ecze\u0144stwa a wyzwania edukacji zdrowotnej. Wydawnictwo Uniwersytetu Rzeszowskiego, Rzesz\u00f3w 2016.<\/li>\n\n\n\n<li>Mar\u0107 M., Binkowska-Bury M.,\u00a0 Januszewicz P.(red.): \u015arodowiskowe zagro\u017cenia zdrowia w spo\u0142ecze\u0144stwie. Wydawnictwo Uniwersytetu Rzeszowskiego, Rzesz\u00f3w 2016.<\/li>\n\n\n\n<li>Mar\u0107 M., Shygonska N.(red.): The research challenges in nursing practice. Wydawnictwo Uniwersytetu Rzeszowskiego, Rzesz\u00f3w 2017.<\/li>\n\n\n\n<li>Mar\u0107 M., Kruk W.(red.): Monitorowanie \u015brodowiskowych uwarunkowa\u0144 zdrowia cz\u0142owieka. Wydawnictwo Uniwersytetu Rzeszowskiego, Rzesz\u00f3w 2020.<\/li>\n\n\n\n<li>Mar\u0107 M., Kruk W.(red.): Epidemiologia a zagro\u017cenia zdrowia publicznego cz\u0142owieka. Wydawnictwo Uniwersytetu Rzeszowskiego, Rzesz\u00f3w 2020.<\/li>\n\n\n\n<li>Kruk W., Mar\u0107 M.(red.): Aktualne wyzwania zdrowia publicznego. Wydawnictwo Uniwersytetu Rzeszowskiego, Rzesz\u00f3w 2020.<\/li>\n<\/ol>\n\n\n\n<p><em>Rozdzia\u0142y w monografiach (wybrane)<\/em><\/p>\n\n\n\n<ol class=\"wp-block-list\">\n<li>Mar\u0107 M.: Nawyki \u017cywieniowe m\u0142odzie\u017cy w wieku szkolnym. \/w:\/ \u017bywienie w zdrowiu publicznym (red.): Januszewicz P., Socha P., Mazur A. Wydawnictwo Uniwersytetu Rzeszowskiego, 2009, 158-169.<\/li>\n\n\n\n<li>Rusin J.,, Mar\u0107 M.: Zwyczaje \u017cywieniowe dzieci w okresie wczesnego dzieci\u0144stwa \/w:\/ \u017bywienie w zdrowiu publicznym (red.): Januszewicz P., Socha P., Mazur A. Wydawnictwo Uniwersytetu Rzeszowskiego, 2009, 158-169.<\/li>\n\n\n\n<li>Mar\u0107 M.: Zwyczaje \u017cywieniowe kobiet ci\u0119\u017carnych \/w:\/ \u017bywienie w zdrowiu publicznym (red.): Januszewicz P., Socha P., Mazur A. Wydawnictwo Uniwersytetu Rzeszowskiego, 2009, 158-169.<\/li>\n\n\n\n<li>Biuletyn Akademii Gerber marzec 2012: Stosowanie zalece\u0144 od\u017cywiania ma\u0142ych dzieci w praktyce na podstawie badania populacji regionu Podkarpacia.<\/li>\n\n\n\n<li>Tobiasz-Ka\u0142kun N., Szewczyk A.(red.): Standardy i procedury piel\u0119gniarskiej praktyki klinicznej na stanowisku edukatora do spraw diabetologii. Wydawnictwo Lekarskie PZWL, Warszawa 2018.<\/li>\n\n\n\n<li>Mar\u0107 M., Brzuszek M., Kochman M., R\u0119kas\u00a0 M.: Wybrane procedury w piel\u0119gniarstwie pediatrycznym. Zindywidualizowana medyczna terapia \u017cywieniowa u dziecka z cukrzyc\u0105 typu 1. \/w:\/\u00a0 P.Wi\u0119ch, D.Bazali\u0144ski:\u00a0 Piel\u0119gniarstwo oparte na faktach. Wybrane zagadnienia i procedury. Wydawnictwo Uniwersytetu Rzeszowskiego, Rzesz\u00f3w 2023.<\/li>\n\n\n\n<li>Rybka A.,\u00a0 Mar\u0107 M., Barna\u015b E.: Ryzyko zawodowe piel\u0119gniarki w kontek\u015bcie strategii zapobiegania wirusowemu zapaleniu w\u0105troby \/w:\/ W. Chwa\u0142a (red.): Cz\u0142owiek w zdrowiu i chorobie. Profilaktyka i post\u0119powanie w chorobach cywilizacyjnych. Wydawnictwo Akademii Tarnowskiej, Tarn\u00f3w 2024.<\/li>\n<\/ol>\n\n\n\n<p><em>Artyku\u0142y (wybrane)<\/em>\\<\/p>\n\n\n\n<ol class=\"wp-block-list\">\n<li>Binkowska-Bury M., Osuchowski F., Mar\u0107 M., Januszewicz. P.: Czynniki socjodemograficzne a rozpowszechnienie palenia tytoniu w miejscu pracy. Przegl\u0105d Lekarski, 2009, 10, 741-744.<\/li>\n\n\n\n<li>Januszewicz P., Zarzycka D., Binkowska-Bury M., Mar\u0107 M., Zalewska K.: Piel\u0119gniarki i lekarze &#8211; \u017cycie codzienne i prognozy na przysz\u0142o\u015b\u0107. Przegl\u0105d Lekarski 2009, 7, 469-470.<\/li>\n\n\n\n<li>Binkowska-Bury M., Kruk W., Szyma\u0144ska J., <strong>Mar\u0107 M.,<\/strong> Penar-Zadarko B., Wdowiak L.: Psychosocial factors and health-related behaviour among students from South-East Poland.\u00a0 Annals of Agricultural and Enviromental Medicine 2010, 17, 99-105.<\/li>\n\n\n\n<li>Mar\u0107 M., Binkowska-Bury M.: Powo\u0142anie do s\u0142u\u017cby cz\u0142owiekowi choremu w nauczaniu Jana Paw\u0142a II. Spo\u0142ecze\u0144stwo i Rodzina, 2011, 27, 83-27.<\/li>\n\n\n\n<li>Gawe\u0142ko J., Mar\u0107 M., Hejda G., Kr\u00f3l P., Kazalski D., Prejsnar A., Rybska-Szczupak A.: Wybrane parametry zachorowalno\u015bci na nowotwory \u017ce\u0144skich narz\u0105d\u00f3w p\u0142ciowych w regionie Polski po\u0142udniowo-wschodniej w latach 1963-2003. Nowotwory Journal of Oncology. 2011, Vol. 61, Nr 2, 114-125.<\/li>\n\n\n\n<li>Normy \u017cywienia zdrowych dzieci w 1-3. roku \u017cycia \u2013 stanowisko Polskiej Grupy Ekspert\u00f3w. Cz. I \u2013 Zapotrzebowanie na energi\u0119 i sk\u0142adniki od\u017cywcze.\u00a0 Standardy Medyczne\/Pediatria, 2012,T.9,100-103.<\/li>\n\n\n\n<li>Normy \u017cywienia zdrowych dzieci w 1-3. roku \u017cycia \u2013 stanowisko Polskiej Grupy Ekspert\u00f3w. Cz. II \u2013 Om\u00f3wienie poszczeg\u00f3lnych sk\u0142adnik\u00f3w od\u017cywczych.\u00a0 Standardy Medyczne\/Pediatria, 2012,T.9,200-205.<\/li>\n\n\n\n<li>Binkowska-Bury M., Mar\u0107 M., Nag\u00f3rska M., Januszewicz P. , Ry\u017cko J.: The opinion of Polish\u00a0 and Patients on Nursing Protest. Coll.Antropol. 2013, 37,3:691-699.<\/li>\n\n\n\n<li>Mar\u0107 M., S\u0142omka D.: Diversity of knowledge in the scope\u00a0 of complementary feeding amongst mothers of infants inhabiting the town and country. Master of Nursing. Ukrainian Scientific and Practical Journal, 2014, 1(11), s.113-121.<\/li>\n\n\n\n<li>Mar\u0107 M., \u00a0Fudali K., Gajdek M., R\u0119kas M., \u00a0F\u0105fara A.: Knowledge and attitudes of students of the Rzeszow University about the transplantation of organs. Transplantation Proceedings 2018 Vol. 50, iss.7, s.1993-1938.<\/li>\n\n\n\n<li>Mar\u0107 M., \u00a0Bartosiewicz A., \u00a0Burzy\u0144ska J., \u00a0\u00a0Binkowska-Bury M., \u00a0Januszewicz P.: The quality of life\u00a0 and readiness of\u00a0 Polish nurse to take\u00a0 new competences of\u00a0 drug prescribing. Medicine 2018, Vol. 97, iss.36, e 12129.<\/li>\n\n\n\n<li>F\u0105fara A., Mar\u0107 M., Aebisher D., Fudali K., Krakowiak-Burdzy A., Lesiak A., Zi\u0119ba K.: The use of direct coercion during the management of a patient with paranoid schizophrenia &#8211; case report. Medical Studies-Studia Medyczne, 2022 : T. 38, nr 3, s. 249-257.<\/li>\n<\/ol>\n","protected":false},"excerpt":{"rendered":"<p>Monografie (wybrane) Rozdzia\u0142y w monografiach (wybrane) Artyku\u0142y (wybrane)\\<\/p>\n","protected":false},"author":113,"featured_media":0,"parent":11265,"menu_order":0,"comment_status":"closed","ping_status":"closed","template":"","meta":{"ngg_post_thumbnail":0,"footnotes":""},"class_list":["post-11279","page","type-page","status-publish","hentry"],"yoast_head":"<!-- This site is optimized with the Yoast SEO Premium plugin v27.3 (Yoast SEO v27.3) - https:\/\/yoast.com\/product\/yoast-seo-premium-wordpress\/ -->\n<title>Dr n.med. Ma\u0142gorzata Mar\u0107 - Najwa\u017cniejsze\u00a0publikacje - Pracownicy PANS w Kro\u015bnie<\/title>\n<meta name=\"robots\" content=\"index, follow, max-snippet:-1, max-image-preview:large, max-video-preview:-1\" \/>\n<link rel=\"canonical\" href=\"https:\/\/pans.krosno.pl\/pracownicy\/malgorzata-marc-mgr-pielegniarstwa-pielegniarka-psychoterapeuta\/malgorzata-marc-najwazniejsze-publikacje\/\" \/>\n<meta property=\"og:locale\" content=\"pl_PL\" \/>\n<meta property=\"og:type\" content=\"article\" \/>\n<meta property=\"og:title\" content=\"Dr n.med. Ma\u0142gorzata Mar\u0107 - Najwa\u017cniejsze\u00a0publikacje\" \/>\n<meta property=\"og:description\" content=\"Monografie (wybrane) Rozdzia\u0142y w monografiach (wybrane) Artyku\u0142y (wybrane)\" \/>\n<meta property=\"og:url\" content=\"https:\/\/pans.krosno.pl\/pracownicy\/malgorzata-marc-mgr-pielegniarstwa-pielegniarka-psychoterapeuta\/malgorzata-marc-najwazniejsze-publikacje\/\" \/>\n<meta property=\"og:site_name\" content=\"Pracownicy PANS w Kro\u015bnie\" \/>\n<meta name=\"twitter:card\" content=\"summary_large_image\" \/>\n<meta name=\"twitter:label1\" content=\"Szacowany czas czytania\" \/>\n\t<meta name=\"twitter:data1\" content=\"5 minut\" \/>\n<script type=\"application\/ld+json\" class=\"yoast-schema-graph\">{\"@context\":\"https:\\\/\\\/schema.org\",\"@graph\":[{\"@type\":\"WebPage\",\"@id\":\"https:\\\/\\\/pans.krosno.pl\\\/pracownicy\\\/malgorzata-marc-mgr-pielegniarstwa-pielegniarka-psychoterapeuta\\\/malgorzata-marc-najwazniejsze-publikacje\\\/\",\"url\":\"https:\\\/\\\/pans.krosno.pl\\\/pracownicy\\\/malgorzata-marc-mgr-pielegniarstwa-pielegniarka-psychoterapeuta\\\/malgorzata-marc-najwazniejsze-publikacje\\\/\",\"name\":\"Dr n.med. Ma\u0142gorzata Mar\u0107 - Najwa\u017cniejsze\u00a0publikacje - Pracownicy PANS w Kro\u015bnie\",\"isPartOf\":{\"@id\":\"https:\\\/\\\/pans.krosno.pl\\\/pracownicy\\\/#website\"},\"datePublished\":\"2025-05-27T08:46:49+00:00\",\"breadcrumb\":{\"@id\":\"https:\\\/\\\/pans.krosno.pl\\\/pracownicy\\\/malgorzata-marc-mgr-pielegniarstwa-pielegniarka-psychoterapeuta\\\/malgorzata-marc-najwazniejsze-publikacje\\\/#breadcrumb\"},\"inLanguage\":\"pl-PL\",\"potentialAction\":[{\"@type\":\"ReadAction\",\"target\":[\"https:\\\/\\\/pans.krosno.pl\\\/pracownicy\\\/malgorzata-marc-mgr-pielegniarstwa-pielegniarka-psychoterapeuta\\\/malgorzata-marc-najwazniejsze-publikacje\\\/\"]}]},{\"@type\":\"BreadcrumbList\",\"@id\":\"https:\\\/\\\/pans.krosno.pl\\\/pracownicy\\\/malgorzata-marc-mgr-pielegniarstwa-pielegniarka-psychoterapeuta\\\/malgorzata-marc-najwazniejsze-publikacje\\\/#breadcrumb\",\"itemListElement\":[{\"@type\":\"ListItem\",\"position\":1,\"name\":\"Strona g\u0142\u00f3wna\",\"item\":\"https:\\\/\\\/pans.krosno.pl\\\/pracownicy\\\/\"},{\"@type\":\"ListItem\",\"position\":2,\"name\":\"Dr n.med. Ma\u0142gorzata Mar\u0107, mgr piel\u0119gniarstwa, piel\u0119gniarka, psychoterapeuta\",\"item\":\"https:\\\/\\\/pans.krosno.pl\\\/pracownicy\\\/malgorzata-marc-mgr-pielegniarstwa-pielegniarka-psychoterapeuta\\\/\"},{\"@type\":\"ListItem\",\"position\":3,\"name\":\"Dr n.med. Ma\u0142gorzata Mar\u0107 &#8211; Najwa\u017cniejsze\u00a0publikacje\"}]},{\"@type\":\"WebSite\",\"@id\":\"https:\\\/\\\/pans.krosno.pl\\\/pracownicy\\\/#website\",\"url\":\"https:\\\/\\\/pans.krosno.pl\\\/pracownicy\\\/\",\"name\":\"Pracownicy PANS w Kro\u015bnie\",\"description\":\"Pracownicy - Pa\u0144stwowa Akademia Nauk Stosowanych\",\"publisher\":{\"@id\":\"https:\\\/\\\/pans.krosno.pl\\\/pracownicy\\\/#organization\"},\"potentialAction\":[{\"@type\":\"SearchAction\",\"target\":{\"@type\":\"EntryPoint\",\"urlTemplate\":\"https:\\\/\\\/pans.krosno.pl\\\/pracownicy\\\/?s={search_term_string}\"},\"query-input\":{\"@type\":\"PropertyValueSpecification\",\"valueRequired\":true,\"valueName\":\"search_term_string\"}}],\"inLanguage\":\"pl-PL\"},{\"@type\":\"Organization\",\"@id\":\"https:\\\/\\\/pans.krosno.pl\\\/pracownicy\\\/#organization\",\"name\":\"Pracownicy PANS w Kro\u015bnie\",\"url\":\"https:\\\/\\\/pans.krosno.pl\\\/pracownicy\\\/\",\"logo\":{\"@type\":\"ImageObject\",\"inLanguage\":\"pl-PL\",\"@id\":\"https:\\\/\\\/pans.krosno.pl\\\/pracownicy\\\/#\\\/schema\\\/logo\\\/image\\\/\",\"url\":\"https:\\\/\\\/pans.krosno.pl\\\/pracownicy\\\/wp-content\\\/uploads\\\/sites\\\/41\\\/2023\\\/01\\\/Logo-PANS-2022-pelne.png\",\"contentUrl\":\"https:\\\/\\\/pans.krosno.pl\\\/pracownicy\\\/wp-content\\\/uploads\\\/sites\\\/41\\\/2023\\\/01\\\/Logo-PANS-2022-pelne.png\",\"width\":3096,\"height\":696,\"caption\":\"Pracownicy PANS w Kro\u015bnie\"},\"image\":{\"@id\":\"https:\\\/\\\/pans.krosno.pl\\\/pracownicy\\\/#\\\/schema\\\/logo\\\/image\\\/\"}}]}<\/script>\n<!-- \/ Yoast SEO Premium plugin. -->","yoast_head_json":{"title":"Dr n.med. Ma\u0142gorzata Mar\u0107 - Najwa\u017cniejsze\u00a0publikacje - Pracownicy PANS w Kro\u015bnie","robots":{"index":"index","follow":"follow","max-snippet":"max-snippet:-1","max-image-preview":"max-image-preview:large","max-video-preview":"max-video-preview:-1"},"canonical":"https:\/\/pans.krosno.pl\/pracownicy\/malgorzata-marc-mgr-pielegniarstwa-pielegniarka-psychoterapeuta\/malgorzata-marc-najwazniejsze-publikacje\/","og_locale":"pl_PL","og_type":"article","og_title":"Dr n.med. Ma\u0142gorzata Mar\u0107 - Najwa\u017cniejsze\u00a0publikacje","og_description":"Monografie (wybrane) Rozdzia\u0142y w monografiach (wybrane) Artyku\u0142y (wybrane)","og_url":"https:\/\/pans.krosno.pl\/pracownicy\/malgorzata-marc-mgr-pielegniarstwa-pielegniarka-psychoterapeuta\/malgorzata-marc-najwazniejsze-publikacje\/","og_site_name":"Pracownicy PANS w Kro\u015bnie","twitter_card":"summary_large_image","twitter_misc":{"Szacowany czas czytania":"5 minut"},"schema":{"@context":"https:\/\/schema.org","@graph":[{"@type":"WebPage","@id":"https:\/\/pans.krosno.pl\/pracownicy\/malgorzata-marc-mgr-pielegniarstwa-pielegniarka-psychoterapeuta\/malgorzata-marc-najwazniejsze-publikacje\/","url":"https:\/\/pans.krosno.pl\/pracownicy\/malgorzata-marc-mgr-pielegniarstwa-pielegniarka-psychoterapeuta\/malgorzata-marc-najwazniejsze-publikacje\/","name":"Dr n.med. Ma\u0142gorzata Mar\u0107 - Najwa\u017cniejsze\u00a0publikacje - Pracownicy PANS w Kro\u015bnie","isPartOf":{"@id":"https:\/\/pans.krosno.pl\/pracownicy\/#website"},"datePublished":"2025-05-27T08:46:49+00:00","breadcrumb":{"@id":"https:\/\/pans.krosno.pl\/pracownicy\/malgorzata-marc-mgr-pielegniarstwa-pielegniarka-psychoterapeuta\/malgorzata-marc-najwazniejsze-publikacje\/#breadcrumb"},"inLanguage":"pl-PL","potentialAction":[{"@type":"ReadAction","target":["https:\/\/pans.krosno.pl\/pracownicy\/malgorzata-marc-mgr-pielegniarstwa-pielegniarka-psychoterapeuta\/malgorzata-marc-najwazniejsze-publikacje\/"]}]},{"@type":"BreadcrumbList","@id":"https:\/\/pans.krosno.pl\/pracownicy\/malgorzata-marc-mgr-pielegniarstwa-pielegniarka-psychoterapeuta\/malgorzata-marc-najwazniejsze-publikacje\/#breadcrumb","itemListElement":[{"@type":"ListItem","position":1,"name":"Strona g\u0142\u00f3wna","item":"https:\/\/pans.krosno.pl\/pracownicy\/"},{"@type":"ListItem","position":2,"name":"Dr n.med. Ma\u0142gorzata Mar\u0107, mgr piel\u0119gniarstwa, piel\u0119gniarka, psychoterapeuta","item":"https:\/\/pans.krosno.pl\/pracownicy\/malgorzata-marc-mgr-pielegniarstwa-pielegniarka-psychoterapeuta\/"},{"@type":"ListItem","position":3,"name":"Dr n.med. Ma\u0142gorzata Mar\u0107 &#8211; Najwa\u017cniejsze\u00a0publikacje"}]},{"@type":"WebSite","@id":"https:\/\/pans.krosno.pl\/pracownicy\/#website","url":"https:\/\/pans.krosno.pl\/pracownicy\/","name":"Pracownicy PANS w Kro\u015bnie","description":"Pracownicy - Pa\u0144stwowa Akademia Nauk Stosowanych","publisher":{"@id":"https:\/\/pans.krosno.pl\/pracownicy\/#organization"},"potentialAction":[{"@type":"SearchAction","target":{"@type":"EntryPoint","urlTemplate":"https:\/\/pans.krosno.pl\/pracownicy\/?s={search_term_string}"},"query-input":{"@type":"PropertyValueSpecification","valueRequired":true,"valueName":"search_term_string"}}],"inLanguage":"pl-PL"},{"@type":"Organization","@id":"https:\/\/pans.krosno.pl\/pracownicy\/#organization","name":"Pracownicy PANS w Kro\u015bnie","url":"https:\/\/pans.krosno.pl\/pracownicy\/","logo":{"@type":"ImageObject","inLanguage":"pl-PL","@id":"https:\/\/pans.krosno.pl\/pracownicy\/#\/schema\/logo\/image\/","url":"https:\/\/pans.krosno.pl\/pracownicy\/wp-content\/uploads\/sites\/41\/2023\/01\/Logo-PANS-2022-pelne.png","contentUrl":"https:\/\/pans.krosno.pl\/pracownicy\/wp-content\/uploads\/sites\/41\/2023\/01\/Logo-PANS-2022-pelne.png","width":3096,"height":696,"caption":"Pracownicy PANS w Kro\u015bnie"},"image":{"@id":"https:\/\/pans.krosno.pl\/pracownicy\/#\/schema\/logo\/image\/"}}]}},"_links":{"self":[{"href":"https:\/\/pans.krosno.pl\/pracownicy\/wp-json\/wp\/v2\/pages\/11279","targetHints":{"allow":["GET"]}}],"collection":[{"href":"https:\/\/pans.krosno.pl\/pracownicy\/wp-json\/wp\/v2\/pages"}],"about":[{"href":"https:\/\/pans.krosno.pl\/pracownicy\/wp-json\/wp\/v2\/types\/page"}],"author":[{"embeddable":true,"href":"https:\/\/pans.krosno.pl\/pracownicy\/wp-json\/wp\/v2\/users\/113"}],"replies":[{"embeddable":true,"href":"https:\/\/pans.krosno.pl\/pracownicy\/wp-json\/wp\/v2\/comments?post=11279"}],"version-history":[{"count":1,"href":"https:\/\/pans.krosno.pl\/pracownicy\/wp-json\/wp\/v2\/pages\/11279\/revisions"}],"predecessor-version":[{"id":11280,"href":"https:\/\/pans.krosno.pl\/pracownicy\/wp-json\/wp\/v2\/pages\/11279\/revisions\/11280"}],"up":[{"embeddable":true,"href":"https:\/\/pans.krosno.pl\/pracownicy\/wp-json\/wp\/v2\/pages\/11265"}],"wp:attachment":[{"href":"https:\/\/pans.krosno.pl\/pracownicy\/wp-json\/wp\/v2\/media?parent=11279"}],"curies":[{"name":"wp","href":"https:\/\/api.w.org\/{rel}","templated":true}]}}