{"id":11265,"date":"2025-05-27T10:31:50","date_gmt":"2025-05-27T08:31:50","guid":{"rendered":"https:\/\/pans.krosno.pl\/pracownicy\/?page_id=11265"},"modified":"2025-06-02T09:00:47","modified_gmt":"2025-06-02T07:00:47","slug":"malgorzata-marc-mgr-pielegniarstwa-pielegniarka-psychoterapeuta","status":"publish","type":"page","link":"https:\/\/pans.krosno.pl\/pracownicy\/malgorzata-marc-mgr-pielegniarstwa-pielegniarka-psychoterapeuta\/","title":{"rendered":"Dr n.med. Ma\u0142gorzata Mar\u0107, mgr piel\u0119gniarstwa, piel\u0119gniarka, psychoterapeuta"},"content":{"rendered":"\n<h3 class=\"wp-block-heading\" id=\"h-zaklad-pielegniarstwa\"><strong><strong><strong>Zak\u0142ad Piel\u0119gniarstwa<\/strong><\/strong><\/strong><\/h3>\n\n\n\n<hr class=\"wp-block-separator has-alpha-channel-opacity\" \/>\n\n\n\n<p><strong>Obszary badawcze:<\/strong><\/p>\n\n\n\n<ul class=\"wp-block-list\">\n<li>Piel\u0119gniarstwo w teorii i praktyce (m.in. teorie piel\u0119gniarstwa, Mi\u0119dzynarodowa Klasyfikacja Praktyki Piel\u0119gniarskiej (ICNP), nowe kompetencje piel\u0119gniarek w opiece nad pacjentem \u2013 wypisywanie recept, dokumentacja elektroniczna, przestrzeganie zalece\u0144 terapeutycznych prze przewlekle chorych, dydaktyka medyczna).<\/li>\n\n\n\n<li>Piel\u0119gniarstwo pediatryczne (m.in. profilaktyka i promocja zdrowia dziecka, uwarunkowania i monitorowanie prawid\u0142owego rozwoju dziecka, suplementacja witamin\u0105 D3 populacji dzieci i m\u0142odzie\u017cy, normy \u017cywienia dzieci i m\u0142odzie\u017cy).<\/li>\n\n\n\n<li>Zdrowie publiczne (monitorowanie, profilaktyka powik\u0142a\u0144 chor\u00f3b nowotworowych cywilizacyjnych, monitorowanie zapotrzebowania na opiek\u0119 piel\u0119gniarsk\u0105 w r\u00f3\u017cnych grupach chorych przewlekle, edukacja zdrowotna).<\/li>\n\n\n\n<li>Zdrowie psychiczne pacjent\u00f3w i student\u00f3w.<\/li>\n<\/ul>\n\n\n\n<hr class=\"wp-block-separator has-alpha-channel-opacity\" \/>\n\n\n\n<div class=\"wp-block-columns is-layout-flex wp-container-core-columns-is-layout-28f84493 wp-block-columns-is-layout-flex\">\n<div class=\"wp-block-column is-layout-flow wp-block-column-is-layout-flow\" style=\"flex-basis:22%\">\n<figure class=\"wp-block-image size-full\"><img loading=\"lazy\" decoding=\"async\" width=\"597\" height=\"807\" src=\"https:\/\/pans.krosno.pl\/pracownicy\/wp-content\/uploads\/sites\/41\/2025\/05\/Malgorzata-Marc.jpg\" alt=\"\" class=\"wp-image-11267\" srcset=\"https:\/\/pans.krosno.pl\/pracownicy\/wp-content\/uploads\/sites\/41\/2025\/05\/Malgorzata-Marc.jpg 597w, https:\/\/pans.krosno.pl\/pracownicy\/wp-content\/uploads\/sites\/41\/2025\/05\/Malgorzata-Marc-222x300.jpg 222w, https:\/\/pans.krosno.pl\/pracownicy\/wp-content\/uploads\/sites\/41\/2025\/05\/Malgorzata-Marc-580x784.jpg 580w\" sizes=\"auto, (max-width: 597px) 100vw, 597px\" \/><\/figure>\n\n\n\n<p><\/p>\n<\/div>\n\n\n\n<div class=\"wp-block-column is-layout-flow wp-block-column-is-layout-flow\" style=\"flex-basis:78%\">\n<ul class=\"wp-block-list\">\n<li><a href=\"https:\/\/pans.krosno.pl\/pracownicy\/malgorzata-marc-mgr-pielegniarstwa-pielegniarka-psychoterapeuta\/malgorzata-marc-zyciorys-naukowy\/\">\u017byciorys naukowy<\/a><\/li>\n\n\n\n<li><a href=\"https:\/\/pans.krosno.pl\/pracownicy\/malgorzata-marc-mgr-pielegniarstwa-pielegniarka-psychoterapeuta\/malgorzata-marc-doswiadczenie-pozauczelniane\/\">Do\u015bwiadczenie pozauczelniane<\/a><\/li>\n\n\n\n<li><a href=\"https:\/\/pans.krosno.pl\/pracownicy\/malgorzata-marc-mgr-pielegniarstwa-pielegniarka-psychoterapeuta\/malgorzata-marc-najwazniejsze-publikacje\/\">Najwa\u017cniejsze publikacje<\/a><\/li>\n\n\n\n<li><a href=\"https:\/\/pans.krosno.pl\/pracownicy\/malgorzata-marc-mgr-pielegniarstwa-pielegniarka-psychoterapeuta\/malgorzata-marc-najwazniejsze-nagrody-i-wyroznienia\/\">Najwa\u017cniejsze nagrody i wyr\u00f3\u017cnienia<\/a><\/li>\n<\/ul>\n\n\n\n<hr class=\"wp-block-separator has-css-opacity\" \/>\n\n\n\n<figure class=\"wp-block-table aligncenter is-style-stripes\"><table><tbody><tr><td class=\"has-text-align-left\" data-align=\"left\">Telefon: 13 4375550<\/td><\/tr><tr><td class=\"has-text-align-left\" data-align=\"left\">E-mail: <a href=\"mailto:andrzej.duell@pans.krosno.pl\">&nbsp;<\/a><a href=\"mailto:malgorzata.marc@pans.krosno.pl\">malgorzata.marc@pans.krosno.pl<\/a><\/td><\/tr><tr><td class=\"has-text-align-left\" data-align=\"left\">Dy\u017cur: <a href=\"https:\/\/pans.krosno.pl\/poloznictwo\/dyzury-pracownikow\/\">Dy\u017cur pracownika<\/a><\/td><\/tr><\/tbody><\/table><\/figure>\n<\/div>\n<\/div>\n\n\n\n<hr class=\"wp-block-separator has-css-opacity\" \/>\n\n\n\n<p><\/p>\n","protected":false},"excerpt":{"rendered":"<p>Zak\u0142ad Piel\u0119gniarstwa Obszary badawcze: Telefon: 13 4375550 E-mail: &nbsp;malgorzata.marc@pans.krosno.pl Dy\u017cur: Dy\u017cur pracownika<\/p>\n","protected":false},"author":113,"featured_media":0,"parent":0,"menu_order":0,"comment_status":"closed","ping_status":"closed","template":"","meta":{"ngg_post_thumbnail":0,"footnotes":""},"class_list":["post-11265","page","type-page","status-publish","hentry"],"yoast_head":"<!-- This site is optimized with the Yoast SEO Premium plugin v27.3 (Yoast SEO v27.3) - https:\/\/yoast.com\/product\/yoast-seo-premium-wordpress\/ -->\n<title>Dr n.med. Ma\u0142gorzata Mar\u0107, mgr piel\u0119gniarstwa, piel\u0119gniarka, psychoterapeuta - Pracownicy PANS w Kro\u015bnie<\/title>\n<meta name=\"robots\" content=\"index, follow, max-snippet:-1, max-image-preview:large, max-video-preview:-1\" \/>\n<link rel=\"canonical\" href=\"https:\/\/pans.krosno.pl\/pracownicy\/malgorzata-marc-mgr-pielegniarstwa-pielegniarka-psychoterapeuta\/\" \/>\n<meta property=\"og:locale\" content=\"pl_PL\" \/>\n<meta property=\"og:type\" content=\"article\" \/>\n<meta property=\"og:title\" content=\"Dr n.med. Ma\u0142gorzata Mar\u0107, mgr piel\u0119gniarstwa, piel\u0119gniarka, psychoterapeuta\" \/>\n<meta property=\"og:description\" content=\"Zak\u0142ad Piel\u0119gniarstwa Obszary badawcze: Telefon: 13 4375550 E-mail: &nbsp;malgorzata.marc@pans.krosno.pl Dy\u017cur: Dy\u017cur pracownika\" \/>\n<meta property=\"og:url\" content=\"https:\/\/pans.krosno.pl\/pracownicy\/malgorzata-marc-mgr-pielegniarstwa-pielegniarka-psychoterapeuta\/\" \/>\n<meta property=\"og:site_name\" content=\"Pracownicy PANS w Kro\u015bnie\" \/>\n<meta property=\"article:modified_time\" content=\"2025-06-02T07:00:47+00:00\" \/>\n<meta property=\"og:image\" content=\"https:\/\/pans.krosno.pl\/pracownicy\/wp-content\/uploads\/sites\/41\/2025\/05\/Malgorzata-Marc.jpg\" \/>\n\t<meta property=\"og:image:width\" content=\"597\" \/>\n\t<meta property=\"og:image:height\" content=\"807\" \/>\n\t<meta property=\"og:image:type\" content=\"image\/jpeg\" \/>\n<meta name=\"twitter:card\" content=\"summary_large_image\" \/>\n<meta name=\"twitter:label1\" content=\"Szacowany czas czytania\" \/>\n\t<meta name=\"twitter:data1\" content=\"1 minuta\" \/>\n<script type=\"application\/ld+json\" class=\"yoast-schema-graph\">{\"@context\":\"https:\\\/\\\/schema.org\",\"@graph\":[{\"@type\":\"WebPage\",\"@id\":\"https:\\\/\\\/pans.krosno.pl\\\/pracownicy\\\/malgorzata-marc-mgr-pielegniarstwa-pielegniarka-psychoterapeuta\\\/\",\"url\":\"https:\\\/\\\/pans.krosno.pl\\\/pracownicy\\\/malgorzata-marc-mgr-pielegniarstwa-pielegniarka-psychoterapeuta\\\/\",\"name\":\"Dr n.med. Ma\u0142gorzata Mar\u0107, mgr piel\u0119gniarstwa, piel\u0119gniarka, psychoterapeuta - Pracownicy PANS w Kro\u015bnie\",\"isPartOf\":{\"@id\":\"https:\\\/\\\/pans.krosno.pl\\\/pracownicy\\\/#website\"},\"primaryImageOfPage\":{\"@id\":\"https:\\\/\\\/pans.krosno.pl\\\/pracownicy\\\/malgorzata-marc-mgr-pielegniarstwa-pielegniarka-psychoterapeuta\\\/#primaryimage\"},\"image\":{\"@id\":\"https:\\\/\\\/pans.krosno.pl\\\/pracownicy\\\/malgorzata-marc-mgr-pielegniarstwa-pielegniarka-psychoterapeuta\\\/#primaryimage\"},\"thumbnailUrl\":\"https:\\\/\\\/pans.krosno.pl\\\/pracownicy\\\/wp-content\\\/uploads\\\/sites\\\/41\\\/2025\\\/05\\\/Malgorzata-Marc.jpg\",\"datePublished\":\"2025-05-27T08:31:50+00:00\",\"dateModified\":\"2025-06-02T07:00:47+00:00\",\"breadcrumb\":{\"@id\":\"https:\\\/\\\/pans.krosno.pl\\\/pracownicy\\\/malgorzata-marc-mgr-pielegniarstwa-pielegniarka-psychoterapeuta\\\/#breadcrumb\"},\"inLanguage\":\"pl-PL\",\"potentialAction\":[{\"@type\":\"ReadAction\",\"target\":[\"https:\\\/\\\/pans.krosno.pl\\\/pracownicy\\\/malgorzata-marc-mgr-pielegniarstwa-pielegniarka-psychoterapeuta\\\/\"]}]},{\"@type\":\"ImageObject\",\"inLanguage\":\"pl-PL\",\"@id\":\"https:\\\/\\\/pans.krosno.pl\\\/pracownicy\\\/malgorzata-marc-mgr-pielegniarstwa-pielegniarka-psychoterapeuta\\\/#primaryimage\",\"url\":\"https:\\\/\\\/pans.krosno.pl\\\/pracownicy\\\/wp-content\\\/uploads\\\/sites\\\/41\\\/2025\\\/05\\\/Malgorzata-Marc.jpg\",\"contentUrl\":\"https:\\\/\\\/pans.krosno.pl\\\/pracownicy\\\/wp-content\\\/uploads\\\/sites\\\/41\\\/2025\\\/05\\\/Malgorzata-Marc.jpg\",\"width\":597,\"height\":807},{\"@type\":\"BreadcrumbList\",\"@id\":\"https:\\\/\\\/pans.krosno.pl\\\/pracownicy\\\/malgorzata-marc-mgr-pielegniarstwa-pielegniarka-psychoterapeuta\\\/#breadcrumb\",\"itemListElement\":[{\"@type\":\"ListItem\",\"position\":1,\"name\":\"Strona g\u0142\u00f3wna\",\"item\":\"https:\\\/\\\/pans.krosno.pl\\\/pracownicy\\\/\"},{\"@type\":\"ListItem\",\"position\":2,\"name\":\"Dr n.med. Ma\u0142gorzata Mar\u0107, mgr piel\u0119gniarstwa, piel\u0119gniarka, psychoterapeuta\"}]},{\"@type\":\"WebSite\",\"@id\":\"https:\\\/\\\/pans.krosno.pl\\\/pracownicy\\\/#website\",\"url\":\"https:\\\/\\\/pans.krosno.pl\\\/pracownicy\\\/\",\"name\":\"Pracownicy PANS w Kro\u015bnie\",\"description\":\"Pracownicy - Pa\u0144stwowa Akademia Nauk Stosowanych\",\"publisher\":{\"@id\":\"https:\\\/\\\/pans.krosno.pl\\\/pracownicy\\\/#organization\"},\"potentialAction\":[{\"@type\":\"SearchAction\",\"target\":{\"@type\":\"EntryPoint\",\"urlTemplate\":\"https:\\\/\\\/pans.krosno.pl\\\/pracownicy\\\/?s={search_term_string}\"},\"query-input\":{\"@type\":\"PropertyValueSpecification\",\"valueRequired\":true,\"valueName\":\"search_term_string\"}}],\"inLanguage\":\"pl-PL\"},{\"@type\":\"Organization\",\"@id\":\"https:\\\/\\\/pans.krosno.pl\\\/pracownicy\\\/#organization\",\"name\":\"Pracownicy PANS w Kro\u015bnie\",\"url\":\"https:\\\/\\\/pans.krosno.pl\\\/pracownicy\\\/\",\"logo\":{\"@type\":\"ImageObject\",\"inLanguage\":\"pl-PL\",\"@id\":\"https:\\\/\\\/pans.krosno.pl\\\/pracownicy\\\/#\\\/schema\\\/logo\\\/image\\\/\",\"url\":\"https:\\\/\\\/pans.krosno.pl\\\/pracownicy\\\/wp-content\\\/uploads\\\/sites\\\/41\\\/2023\\\/01\\\/Logo-PANS-2022-pelne.png\",\"contentUrl\":\"https:\\\/\\\/pans.krosno.pl\\\/pracownicy\\\/wp-content\\\/uploads\\\/sites\\\/41\\\/2023\\\/01\\\/Logo-PANS-2022-pelne.png\",\"width\":3096,\"height\":696,\"caption\":\"Pracownicy PANS w Kro\u015bnie\"},\"image\":{\"@id\":\"https:\\\/\\\/pans.krosno.pl\\\/pracownicy\\\/#\\\/schema\\\/logo\\\/image\\\/\"}}]}<\/script>\n<!-- \/ Yoast SEO Premium plugin. -->","yoast_head_json":{"title":"Dr n.med. Ma\u0142gorzata Mar\u0107, mgr piel\u0119gniarstwa, piel\u0119gniarka, psychoterapeuta - Pracownicy PANS w Kro\u015bnie","robots":{"index":"index","follow":"follow","max-snippet":"max-snippet:-1","max-image-preview":"max-image-preview:large","max-video-preview":"max-video-preview:-1"},"canonical":"https:\/\/pans.krosno.pl\/pracownicy\/malgorzata-marc-mgr-pielegniarstwa-pielegniarka-psychoterapeuta\/","og_locale":"pl_PL","og_type":"article","og_title":"Dr n.med. Ma\u0142gorzata Mar\u0107, mgr piel\u0119gniarstwa, piel\u0119gniarka, psychoterapeuta","og_description":"Zak\u0142ad Piel\u0119gniarstwa Obszary badawcze: Telefon: 13 4375550 E-mail: &nbsp;malgorzata.marc@pans.krosno.pl Dy\u017cur: Dy\u017cur pracownika","og_url":"https:\/\/pans.krosno.pl\/pracownicy\/malgorzata-marc-mgr-pielegniarstwa-pielegniarka-psychoterapeuta\/","og_site_name":"Pracownicy PANS w Kro\u015bnie","article_modified_time":"2025-06-02T07:00:47+00:00","og_image":[{"width":597,"height":807,"url":"https:\/\/pans.krosno.pl\/pracownicy\/wp-content\/uploads\/sites\/41\/2025\/05\/Malgorzata-Marc.jpg","type":"image\/jpeg"}],"twitter_card":"summary_large_image","twitter_misc":{"Szacowany czas czytania":"1 minuta"},"schema":{"@context":"https:\/\/schema.org","@graph":[{"@type":"WebPage","@id":"https:\/\/pans.krosno.pl\/pracownicy\/malgorzata-marc-mgr-pielegniarstwa-pielegniarka-psychoterapeuta\/","url":"https:\/\/pans.krosno.pl\/pracownicy\/malgorzata-marc-mgr-pielegniarstwa-pielegniarka-psychoterapeuta\/","name":"Dr n.med. Ma\u0142gorzata Mar\u0107, mgr piel\u0119gniarstwa, piel\u0119gniarka, psychoterapeuta - Pracownicy PANS w Kro\u015bnie","isPartOf":{"@id":"https:\/\/pans.krosno.pl\/pracownicy\/#website"},"primaryImageOfPage":{"@id":"https:\/\/pans.krosno.pl\/pracownicy\/malgorzata-marc-mgr-pielegniarstwa-pielegniarka-psychoterapeuta\/#primaryimage"},"image":{"@id":"https:\/\/pans.krosno.pl\/pracownicy\/malgorzata-marc-mgr-pielegniarstwa-pielegniarka-psychoterapeuta\/#primaryimage"},"thumbnailUrl":"https:\/\/pans.krosno.pl\/pracownicy\/wp-content\/uploads\/sites\/41\/2025\/05\/Malgorzata-Marc.jpg","datePublished":"2025-05-27T08:31:50+00:00","dateModified":"2025-06-02T07:00:47+00:00","breadcrumb":{"@id":"https:\/\/pans.krosno.pl\/pracownicy\/malgorzata-marc-mgr-pielegniarstwa-pielegniarka-psychoterapeuta\/#breadcrumb"},"inLanguage":"pl-PL","potentialAction":[{"@type":"ReadAction","target":["https:\/\/pans.krosno.pl\/pracownicy\/malgorzata-marc-mgr-pielegniarstwa-pielegniarka-psychoterapeuta\/"]}]},{"@type":"ImageObject","inLanguage":"pl-PL","@id":"https:\/\/pans.krosno.pl\/pracownicy\/malgorzata-marc-mgr-pielegniarstwa-pielegniarka-psychoterapeuta\/#primaryimage","url":"https:\/\/pans.krosno.pl\/pracownicy\/wp-content\/uploads\/sites\/41\/2025\/05\/Malgorzata-Marc.jpg","contentUrl":"https:\/\/pans.krosno.pl\/pracownicy\/wp-content\/uploads\/sites\/41\/2025\/05\/Malgorzata-Marc.jpg","width":597,"height":807},{"@type":"BreadcrumbList","@id":"https:\/\/pans.krosno.pl\/pracownicy\/malgorzata-marc-mgr-pielegniarstwa-pielegniarka-psychoterapeuta\/#breadcrumb","itemListElement":[{"@type":"ListItem","position":1,"name":"Strona g\u0142\u00f3wna","item":"https:\/\/pans.krosno.pl\/pracownicy\/"},{"@type":"ListItem","position":2,"name":"Dr n.med. Ma\u0142gorzata Mar\u0107, mgr piel\u0119gniarstwa, piel\u0119gniarka, psychoterapeuta"}]},{"@type":"WebSite","@id":"https:\/\/pans.krosno.pl\/pracownicy\/#website","url":"https:\/\/pans.krosno.pl\/pracownicy\/","name":"Pracownicy PANS w Kro\u015bnie","description":"Pracownicy - Pa\u0144stwowa Akademia Nauk Stosowanych","publisher":{"@id":"https:\/\/pans.krosno.pl\/pracownicy\/#organization"},"potentialAction":[{"@type":"SearchAction","target":{"@type":"EntryPoint","urlTemplate":"https:\/\/pans.krosno.pl\/pracownicy\/?s={search_term_string}"},"query-input":{"@type":"PropertyValueSpecification","valueRequired":true,"valueName":"search_term_string"}}],"inLanguage":"pl-PL"},{"@type":"Organization","@id":"https:\/\/pans.krosno.pl\/pracownicy\/#organization","name":"Pracownicy PANS w Kro\u015bnie","url":"https:\/\/pans.krosno.pl\/pracownicy\/","logo":{"@type":"ImageObject","inLanguage":"pl-PL","@id":"https:\/\/pans.krosno.pl\/pracownicy\/#\/schema\/logo\/image\/","url":"https:\/\/pans.krosno.pl\/pracownicy\/wp-content\/uploads\/sites\/41\/2023\/01\/Logo-PANS-2022-pelne.png","contentUrl":"https:\/\/pans.krosno.pl\/pracownicy\/wp-content\/uploads\/sites\/41\/2023\/01\/Logo-PANS-2022-pelne.png","width":3096,"height":696,"caption":"Pracownicy PANS w Kro\u015bnie"},"image":{"@id":"https:\/\/pans.krosno.pl\/pracownicy\/#\/schema\/logo\/image\/"}}]}},"_links":{"self":[{"href":"https:\/\/pans.krosno.pl\/pracownicy\/wp-json\/wp\/v2\/pages\/11265","targetHints":{"allow":["GET"]}}],"collection":[{"href":"https:\/\/pans.krosno.pl\/pracownicy\/wp-json\/wp\/v2\/pages"}],"about":[{"href":"https:\/\/pans.krosno.pl\/pracownicy\/wp-json\/wp\/v2\/types\/page"}],"author":[{"embeddable":true,"href":"https:\/\/pans.krosno.pl\/pracownicy\/wp-json\/wp\/v2\/users\/113"}],"replies":[{"embeddable":true,"href":"https:\/\/pans.krosno.pl\/pracownicy\/wp-json\/wp\/v2\/comments?post=11265"}],"version-history":[{"count":5,"href":"https:\/\/pans.krosno.pl\/pracownicy\/wp-json\/wp\/v2\/pages\/11265\/revisions"}],"predecessor-version":[{"id":11350,"href":"https:\/\/pans.krosno.pl\/pracownicy\/wp-json\/wp\/v2\/pages\/11265\/revisions\/11350"}],"wp:attachment":[{"href":"https:\/\/pans.krosno.pl\/pracownicy\/wp-json\/wp\/v2\/media?parent=11265"}],"curies":[{"name":"wp","href":"https:\/\/api.w.org\/{rel}","templated":true}]}}