{"id":11249,"date":"2025-05-27T10:00:52","date_gmt":"2025-05-27T08:00:52","guid":{"rendered":"https:\/\/pans.krosno.pl\/pracownicy\/?page_id=11249"},"modified":"2025-09-29T13:29:32","modified_gmt":"2025-09-29T11:29:32","slug":"agnieszka-bien-prof-pans-zyciorys-naukowy","status":"publish","type":"page","link":"https:\/\/pans.krosno.pl\/pracownicy\/agnieszka-bien-prof-pans\/agnieszka-bien-prof-pans-zyciorys-naukowy\/","title":{"rendered":"Dr hab. Agnieszka Bie\u0144, prof. PANS &#8211; \u017byciorys naukowy"},"content":{"rendered":"\n<hr class=\"wp-block-separator has-alpha-channel-opacity\" \/>\n\n\n\n<ul class=\"wp-block-list\">\n<li>Od 2021 r. Stanowisko profesora uczelni w Pa\u0144stwowej Akademii Nauk Stosowanych w Kro\u015bnie<\/li>\n\n\n\n<li>2017 r. Stopie\u0144 doktora habilitowanego nauk o zdrowiu, Wydzia\u0142 Nauk o Zdrowiu, Uniwersytet Medyczny w Lublinie<\/li>\n\n\n\n<li>2006 r. Stopie\u0144 doktora nauk medycznych w zakresie medycyny, Wydzia\u0142 Piel\u0119gniarstwa i Nauk o Zdrowiu, Akademia Medyczna im. Prof. F. Skubiszewskiego w Lublinie<\/li>\n\n\n\n<li>2000 r. Tytu\u0142 magistra piel\u0119gniarstwa w zakresie po\u0142o\u017cnictwa, Wydzia\u0142 Piel\u0119gniarski, Akademia Medyczna w Lublinie<\/li>\n<\/ul>\n\n\n\n<p><strong>Kszta\u0142cenie podyplomowe<\/strong><\/p>\n\n\n\n<ul class=\"wp-block-list\">\n<li>Specjalizacja w dziedzinie piel\u0119gniarstwa po\u0142o\u017cniczego<\/li>\n\n\n\n<li>Specjalizacja w dziedzinie piel\u0119gniarstwa rodzinnego dla po\u0142o\u017cnych<\/li>\n\n\n\n<li>Kurs specjalistyczny w zakresie \u201eSzczepie\u0144 noworodk\u00f3w\u201d \u2013 program dla po\u0142o\u017cnych<\/li>\n\n\n\n<li>Kurs specjalistyczny Ordynowanie lek\u00f3w i wypisywanie recept<\/li>\n\n\n\n<li>Kurs specjalistyczny \u2013 Resuscytacja oddechowo-kr\u0105\u017ceniowa noworodka \u2013 program dla piel\u0119gniarek i po\u0142o\u017cnych<\/li>\n\n\n\n<li>Kurs dokszta\u0142caj\u0105cy dla po\u0142o\u017cnych i po\u0142o\u017cnych rodzinnych w zakresie poobierania rozmaz\u00f3w cytologicznych w skryningu raka szyjki macicy.<\/li>\n\n\n\n<li>Kurs Leadership in Healthecare, Utrecht, Holandia<\/li>\n\n\n\n<li>Kurs Symulacja medyczna i metodyka nauczania<\/li>\n\n\n\n<li>Kurs Zarz\u0105dzanie zasobami ludzkimi<\/li>\n\n\n\n<li>Kurs Nauczanie narracji w medycynie<\/li>\n\n\n\n<li>Szkolenie Zarz\u0105dzanie wielokulturowo\u015bci\u0105<\/li>\n<\/ul>\n\n\n\n<p><strong>Projekty, granty<\/strong><\/p>\n\n\n\n<ul class=\"wp-block-list\">\n<li>Kierownik projektu realizowanego w ramach Europejskiego Funduszu Spo\u0142ecznego, programu Fundusze Europejskie dla Lubelskiego 2021-2027. Tytu\u0142 projektu: ,,Postaw na zdrowie\u2019\u2019 \u2013 programy profilaktyczne z zakresu chor\u00f3b nowotworowych, chor\u00f3b uk\u0142adu kr\u0105\u017cenia, chor\u00f3b metabolicznych, chor\u00f3b uk\u0142adu nerwowego dla mieszka\u0144c\u00f3w wojew\u00f3dztwa lubelskiego na warunkach okre\u015blonych w umowie: 15\/ FELU.08.06-IZ.00-0001\/24-00.<\/li>\n\n\n\n<li>Koordynator projektu pn. \u201eUpowszechnianie rozwi\u0105za\u0144 systemowych w zakresie zdrowia prokreacyjnego, w tym w opiece prekoncepcyjnej i oko\u0142oporodowej\u201d w ramach Zadania 2 Celu Operacyjnego 5 \u201eWyzwania demograficzne\u201d Narodowego Programu Zdrowia na lata 2021-2025. Projekt finansowany z bud\u017cetu Pa\u0144stwa \u2013 Ministra Zdrowia. Lata realizacji 2023-2025r.<\/li>\n\n\n\n<li>Kierownik zespo\u0142u eksperckiego Grantu Norweskiego \u201eOgraniczanie spo\u0142ecznych nier\u00f3wno\u015bci w zdrowiu poprzez stosowanie rozwi\u0105za\u0144 telemedycyny i e-zdrowia\u201d, dofinansowanego ze \u015brodk\u00f3w Norweskiego Mechanizmu Finansowego 2014-2021 oraz bud\u017cetu pa\u0144stwa. Celem projektu: opracowanie Modelu telemedycznego w dziedzinie po\u0142o\u017cnictwo, prezentuj\u0105cego koncepcj\u0119 sprawowania opieki nad kobiet\u0105 ci\u0119\u017carn\u0105 oraz monitoringu stanu pacjentki przy u\u017cyciu rozwi\u0105za\u0144 telemedycznych. Rok realizacji: 2021r.<\/li>\n<\/ul>\n","protected":false},"excerpt":{"rendered":"<p>Kszta\u0142cenie podyplomowe Projekty, granty<\/p>\n","protected":false},"author":113,"featured_media":0,"parent":11247,"menu_order":0,"comment_status":"closed","ping_status":"closed","template":"","meta":{"ngg_post_thumbnail":0,"footnotes":""},"class_list":["post-11249","page","type-page","status-publish","hentry"],"yoast_head":"<!-- This site is optimized with the Yoast SEO Premium plugin v27.3 (Yoast SEO v27.3) - https:\/\/yoast.com\/product\/yoast-seo-premium-wordpress\/ -->\n<title>Dr hab. Agnieszka Bie\u0144, prof. PANS - \u017byciorys naukowy - Pracownicy PANS w Kro\u015bnie<\/title>\n<meta name=\"robots\" content=\"index, follow, max-snippet:-1, max-image-preview:large, max-video-preview:-1\" \/>\n<link rel=\"canonical\" href=\"https:\/\/pans.krosno.pl\/pracownicy\/agnieszka-bien-prof-pans\/agnieszka-bien-prof-pans-zyciorys-naukowy\/\" \/>\n<meta property=\"og:locale\" content=\"pl_PL\" \/>\n<meta property=\"og:type\" content=\"article\" \/>\n<meta property=\"og:title\" content=\"Dr hab. Agnieszka Bie\u0144, prof. PANS - \u017byciorys naukowy\" \/>\n<meta property=\"og:description\" content=\"Kszta\u0142cenie podyplomowe Projekty, granty\" \/>\n<meta property=\"og:url\" content=\"https:\/\/pans.krosno.pl\/pracownicy\/agnieszka-bien-prof-pans\/agnieszka-bien-prof-pans-zyciorys-naukowy\/\" \/>\n<meta property=\"og:site_name\" content=\"Pracownicy PANS w Kro\u015bnie\" \/>\n<meta property=\"article:modified_time\" content=\"2025-09-29T11:29:32+00:00\" \/>\n<meta name=\"twitter:card\" content=\"summary_large_image\" \/>\n<meta name=\"twitter:label1\" content=\"Szacowany czas czytania\" \/>\n\t<meta name=\"twitter:data1\" content=\"2 minuty\" \/>\n<script type=\"application\/ld+json\" class=\"yoast-schema-graph\">{\"@context\":\"https:\\\/\\\/schema.org\",\"@graph\":[{\"@type\":\"WebPage\",\"@id\":\"https:\\\/\\\/pans.krosno.pl\\\/pracownicy\\\/agnieszka-bien-prof-pans\\\/agnieszka-bien-prof-pans-zyciorys-naukowy\\\/\",\"url\":\"https:\\\/\\\/pans.krosno.pl\\\/pracownicy\\\/agnieszka-bien-prof-pans\\\/agnieszka-bien-prof-pans-zyciorys-naukowy\\\/\",\"name\":\"Dr hab. Agnieszka Bie\u0144, prof. PANS - \u017byciorys naukowy - Pracownicy PANS w Kro\u015bnie\",\"isPartOf\":{\"@id\":\"https:\\\/\\\/pans.krosno.pl\\\/pracownicy\\\/#website\"},\"datePublished\":\"2025-05-27T08:00:52+00:00\",\"dateModified\":\"2025-09-29T11:29:32+00:00\",\"breadcrumb\":{\"@id\":\"https:\\\/\\\/pans.krosno.pl\\\/pracownicy\\\/agnieszka-bien-prof-pans\\\/agnieszka-bien-prof-pans-zyciorys-naukowy\\\/#breadcrumb\"},\"inLanguage\":\"pl-PL\",\"potentialAction\":[{\"@type\":\"ReadAction\",\"target\":[\"https:\\\/\\\/pans.krosno.pl\\\/pracownicy\\\/agnieszka-bien-prof-pans\\\/agnieszka-bien-prof-pans-zyciorys-naukowy\\\/\"]}]},{\"@type\":\"BreadcrumbList\",\"@id\":\"https:\\\/\\\/pans.krosno.pl\\\/pracownicy\\\/agnieszka-bien-prof-pans\\\/agnieszka-bien-prof-pans-zyciorys-naukowy\\\/#breadcrumb\",\"itemListElement\":[{\"@type\":\"ListItem\",\"position\":1,\"name\":\"Strona g\u0142\u00f3wna\",\"item\":\"https:\\\/\\\/pans.krosno.pl\\\/pracownicy\\\/\"},{\"@type\":\"ListItem\",\"position\":2,\"name\":\"Dr hab. Agnieszka Bie\u0144, prof. PANS\",\"item\":\"https:\\\/\\\/pans.krosno.pl\\\/pracownicy\\\/agnieszka-bien-prof-pans\\\/\"},{\"@type\":\"ListItem\",\"position\":3,\"name\":\"Dr hab. Agnieszka Bie\u0144, prof. PANS &#8211; \u017byciorys naukowy\"}]},{\"@type\":\"WebSite\",\"@id\":\"https:\\\/\\\/pans.krosno.pl\\\/pracownicy\\\/#website\",\"url\":\"https:\\\/\\\/pans.krosno.pl\\\/pracownicy\\\/\",\"name\":\"Pracownicy PANS w Kro\u015bnie\",\"description\":\"Pracownicy - Pa\u0144stwowa Akademia Nauk Stosowanych\",\"publisher\":{\"@id\":\"https:\\\/\\\/pans.krosno.pl\\\/pracownicy\\\/#organization\"},\"potentialAction\":[{\"@type\":\"SearchAction\",\"target\":{\"@type\":\"EntryPoint\",\"urlTemplate\":\"https:\\\/\\\/pans.krosno.pl\\\/pracownicy\\\/?s={search_term_string}\"},\"query-input\":{\"@type\":\"PropertyValueSpecification\",\"valueRequired\":true,\"valueName\":\"search_term_string\"}}],\"inLanguage\":\"pl-PL\"},{\"@type\":\"Organization\",\"@id\":\"https:\\\/\\\/pans.krosno.pl\\\/pracownicy\\\/#organization\",\"name\":\"Pracownicy PANS w Kro\u015bnie\",\"url\":\"https:\\\/\\\/pans.krosno.pl\\\/pracownicy\\\/\",\"logo\":{\"@type\":\"ImageObject\",\"inLanguage\":\"pl-PL\",\"@id\":\"https:\\\/\\\/pans.krosno.pl\\\/pracownicy\\\/#\\\/schema\\\/logo\\\/image\\\/\",\"url\":\"https:\\\/\\\/pans.krosno.pl\\\/pracownicy\\\/wp-content\\\/uploads\\\/sites\\\/41\\\/2023\\\/01\\\/Logo-PANS-2022-pelne.png\",\"contentUrl\":\"https:\\\/\\\/pans.krosno.pl\\\/pracownicy\\\/wp-content\\\/uploads\\\/sites\\\/41\\\/2023\\\/01\\\/Logo-PANS-2022-pelne.png\",\"width\":3096,\"height\":696,\"caption\":\"Pracownicy PANS w Kro\u015bnie\"},\"image\":{\"@id\":\"https:\\\/\\\/pans.krosno.pl\\\/pracownicy\\\/#\\\/schema\\\/logo\\\/image\\\/\"}}]}<\/script>\n<!-- \/ Yoast SEO Premium plugin. -->","yoast_head_json":{"title":"Dr hab. Agnieszka Bie\u0144, prof. PANS - \u017byciorys naukowy - Pracownicy PANS w Kro\u015bnie","robots":{"index":"index","follow":"follow","max-snippet":"max-snippet:-1","max-image-preview":"max-image-preview:large","max-video-preview":"max-video-preview:-1"},"canonical":"https:\/\/pans.krosno.pl\/pracownicy\/agnieszka-bien-prof-pans\/agnieszka-bien-prof-pans-zyciorys-naukowy\/","og_locale":"pl_PL","og_type":"article","og_title":"Dr hab. Agnieszka Bie\u0144, prof. PANS - \u017byciorys naukowy","og_description":"Kszta\u0142cenie podyplomowe Projekty, granty","og_url":"https:\/\/pans.krosno.pl\/pracownicy\/agnieszka-bien-prof-pans\/agnieszka-bien-prof-pans-zyciorys-naukowy\/","og_site_name":"Pracownicy PANS w Kro\u015bnie","article_modified_time":"2025-09-29T11:29:32+00:00","twitter_card":"summary_large_image","twitter_misc":{"Szacowany czas czytania":"2 minuty"},"schema":{"@context":"https:\/\/schema.org","@graph":[{"@type":"WebPage","@id":"https:\/\/pans.krosno.pl\/pracownicy\/agnieszka-bien-prof-pans\/agnieszka-bien-prof-pans-zyciorys-naukowy\/","url":"https:\/\/pans.krosno.pl\/pracownicy\/agnieszka-bien-prof-pans\/agnieszka-bien-prof-pans-zyciorys-naukowy\/","name":"Dr hab. Agnieszka Bie\u0144, prof. PANS - \u017byciorys naukowy - Pracownicy PANS w Kro\u015bnie","isPartOf":{"@id":"https:\/\/pans.krosno.pl\/pracownicy\/#website"},"datePublished":"2025-05-27T08:00:52+00:00","dateModified":"2025-09-29T11:29:32+00:00","breadcrumb":{"@id":"https:\/\/pans.krosno.pl\/pracownicy\/agnieszka-bien-prof-pans\/agnieszka-bien-prof-pans-zyciorys-naukowy\/#breadcrumb"},"inLanguage":"pl-PL","potentialAction":[{"@type":"ReadAction","target":["https:\/\/pans.krosno.pl\/pracownicy\/agnieszka-bien-prof-pans\/agnieszka-bien-prof-pans-zyciorys-naukowy\/"]}]},{"@type":"BreadcrumbList","@id":"https:\/\/pans.krosno.pl\/pracownicy\/agnieszka-bien-prof-pans\/agnieszka-bien-prof-pans-zyciorys-naukowy\/#breadcrumb","itemListElement":[{"@type":"ListItem","position":1,"name":"Strona g\u0142\u00f3wna","item":"https:\/\/pans.krosno.pl\/pracownicy\/"},{"@type":"ListItem","position":2,"name":"Dr hab. Agnieszka Bie\u0144, prof. PANS","item":"https:\/\/pans.krosno.pl\/pracownicy\/agnieszka-bien-prof-pans\/"},{"@type":"ListItem","position":3,"name":"Dr hab. Agnieszka Bie\u0144, prof. PANS &#8211; \u017byciorys naukowy"}]},{"@type":"WebSite","@id":"https:\/\/pans.krosno.pl\/pracownicy\/#website","url":"https:\/\/pans.krosno.pl\/pracownicy\/","name":"Pracownicy PANS w Kro\u015bnie","description":"Pracownicy - Pa\u0144stwowa Akademia Nauk Stosowanych","publisher":{"@id":"https:\/\/pans.krosno.pl\/pracownicy\/#organization"},"potentialAction":[{"@type":"SearchAction","target":{"@type":"EntryPoint","urlTemplate":"https:\/\/pans.krosno.pl\/pracownicy\/?s={search_term_string}"},"query-input":{"@type":"PropertyValueSpecification","valueRequired":true,"valueName":"search_term_string"}}],"inLanguage":"pl-PL"},{"@type":"Organization","@id":"https:\/\/pans.krosno.pl\/pracownicy\/#organization","name":"Pracownicy PANS w Kro\u015bnie","url":"https:\/\/pans.krosno.pl\/pracownicy\/","logo":{"@type":"ImageObject","inLanguage":"pl-PL","@id":"https:\/\/pans.krosno.pl\/pracownicy\/#\/schema\/logo\/image\/","url":"https:\/\/pans.krosno.pl\/pracownicy\/wp-content\/uploads\/sites\/41\/2023\/01\/Logo-PANS-2022-pelne.png","contentUrl":"https:\/\/pans.krosno.pl\/pracownicy\/wp-content\/uploads\/sites\/41\/2023\/01\/Logo-PANS-2022-pelne.png","width":3096,"height":696,"caption":"Pracownicy PANS w Kro\u015bnie"},"image":{"@id":"https:\/\/pans.krosno.pl\/pracownicy\/#\/schema\/logo\/image\/"}}]}},"_links":{"self":[{"href":"https:\/\/pans.krosno.pl\/pracownicy\/wp-json\/wp\/v2\/pages\/11249","targetHints":{"allow":["GET"]}}],"collection":[{"href":"https:\/\/pans.krosno.pl\/pracownicy\/wp-json\/wp\/v2\/pages"}],"about":[{"href":"https:\/\/pans.krosno.pl\/pracownicy\/wp-json\/wp\/v2\/types\/page"}],"author":[{"embeddable":true,"href":"https:\/\/pans.krosno.pl\/pracownicy\/wp-json\/wp\/v2\/users\/113"}],"replies":[{"embeddable":true,"href":"https:\/\/pans.krosno.pl\/pracownicy\/wp-json\/wp\/v2\/comments?post=11249"}],"version-history":[{"count":1,"href":"https:\/\/pans.krosno.pl\/pracownicy\/wp-json\/wp\/v2\/pages\/11249\/revisions"}],"predecessor-version":[{"id":11250,"href":"https:\/\/pans.krosno.pl\/pracownicy\/wp-json\/wp\/v2\/pages\/11249\/revisions\/11250"}],"up":[{"embeddable":true,"href":"https:\/\/pans.krosno.pl\/pracownicy\/wp-json\/wp\/v2\/pages\/11247"}],"wp:attachment":[{"href":"https:\/\/pans.krosno.pl\/pracownicy\/wp-json\/wp\/v2\/media?parent=11249"}],"curies":[{"name":"wp","href":"https:\/\/api.w.org\/{rel}","templated":true}]}}