{"id":11238,"date":"2025-05-27T09:47:09","date_gmt":"2025-05-27T07:47:09","guid":{"rendered":"https:\/\/pans.krosno.pl\/pracownicy\/?page_id=11238"},"modified":"2025-05-27T09:50:03","modified_gmt":"2025-05-27T07:50:03","slug":"iwona-lisowska-doswiadczenie-pozauczelniane","status":"publish","type":"page","link":"https:\/\/pans.krosno.pl\/pracownicy\/iwona-lisowska\/iwona-lisowska-doswiadczenie-pozauczelniane\/","title":{"rendered":"mgr Iwona Lisowska &#8211; Do\u015bwiadczenie\u00a0pozauczelniane"},"content":{"rendered":"\n<hr class=\"wp-block-separator has-alpha-channel-opacity\" \/>\n\n\n\n<p>Po\u0142o\u017cna<br>Mazowiecki Szpital Wojew\u00f3dzki im. \u015bw. Jana Paw\u0142a II w Siedlcach Sp. z o.o.,<br>Oddzia\u0142\u00a0neonatologiczny,\u00a0oddzia\u0142\u00a0po\u0142o\u017cniczo-ginekologiczny\u00a0w\u00a0odcinkach<br>patologii\u00a0ci\u0105\u017cy,\u00a0po\u0142o\u017cnictwo,\u00a0izba\u00a0przyj\u0119\u0107\u00a0po\u0142o\u017cnicza.<br>2019-07-2023-11<\/p>\n\n\n\n<p>Po\u0142o\u017cna<br>Samodzielny&nbsp;Publiczny&nbsp;Szpital&nbsp;Kliniczny&nbsp;nr&nbsp;1&nbsp;w&nbsp;Lublinie,<br>Oddzia\u0142&nbsp;neonatologiczny&nbsp;z&nbsp;pododdzia\u0142em&nbsp;intensywnej&nbsp;terapii&nbsp;noworodka<br>2017-08-2019-06<\/p>\n\n\n\n<p><\/p>\n","protected":false},"excerpt":{"rendered":"<p>Po\u0142o\u017cnaMazowiecki Szpital Wojew\u00f3dzki im. \u015bw. Jana Paw\u0142a II w Siedlcach Sp. z o.o.,Oddzia\u0142\u00a0neonatologiczny,\u00a0oddzia\u0142\u00a0po\u0142o\u017cniczo-ginekologiczny\u00a0w\u00a0odcinkachpatologii\u00a0ci\u0105\u017cy,\u00a0po\u0142o\u017cnictwo,\u00a0izba\u00a0przyj\u0119\u0107\u00a0po\u0142o\u017cnicza.2019-07-2023-11 Po\u0142o\u017cnaSamodzielny&nbsp;Publiczny&nbsp;Szpital&nbsp;Kliniczny&nbsp;nr&nbsp;1&nbsp;w&nbsp;Lublinie,Oddzia\u0142&nbsp;neonatologiczny&nbsp;z&nbsp;pododdzia\u0142em&nbsp;intensywnej&nbsp;terapii&nbsp;noworodka2017-08-2019-06<\/p>\n","protected":false},"author":113,"featured_media":0,"parent":11232,"menu_order":0,"comment_status":"closed","ping_status":"closed","template":"","meta":{"ngg_post_thumbnail":0,"footnotes":""},"class_list":["post-11238","page","type-page","status-publish","hentry"],"yoast_head":"<!-- This site is optimized with the Yoast SEO Premium plugin v27.4 (Yoast SEO v27.4) - https:\/\/yoast.com\/product\/yoast-seo-premium-wordpress\/ -->\n<title>mgr Iwona Lisowska - Do\u015bwiadczenie\u00a0pozauczelniane - Pracownicy PANS w Kro\u015bnie<\/title>\n<meta name=\"robots\" content=\"index, follow, max-snippet:-1, max-image-preview:large, max-video-preview:-1\" \/>\n<link rel=\"canonical\" href=\"https:\/\/pans.krosno.pl\/pracownicy\/iwona-lisowska\/iwona-lisowska-doswiadczenie-pozauczelniane\/\" \/>\n<meta property=\"og:locale\" content=\"pl_PL\" \/>\n<meta property=\"og:type\" content=\"article\" \/>\n<meta property=\"og:title\" content=\"mgr Iwona Lisowska - Do\u015bwiadczenie\u00a0pozauczelniane\" \/>\n<meta property=\"og:description\" content=\"Po\u0142o\u017cnaMazowiecki Szpital Wojew\u00f3dzki im. \u015bw. Jana Paw\u0142a II w Siedlcach Sp. z o.o.,Oddzia\u0142\u00a0neonatologiczny,\u00a0oddzia\u0142\u00a0po\u0142o\u017cniczo-ginekologiczny\u00a0w\u00a0odcinkachpatologii\u00a0ci\u0105\u017cy,\u00a0po\u0142o\u017cnictwo,\u00a0izba\u00a0przyj\u0119\u0107\u00a0po\u0142o\u017cnicza.2019-07-2023-11 Po\u0142o\u017cnaSamodzielny&nbsp;Publiczny&nbsp;Szpital&nbsp;Kliniczny&nbsp;nr&nbsp;1&nbsp;w&nbsp;Lublinie,Oddzia\u0142&nbsp;neonatologiczny&nbsp;z&nbsp;pododdzia\u0142em&nbsp;intensywnej&nbsp;terapii&nbsp;noworodka2017-08-2019-06\" \/>\n<meta property=\"og:url\" content=\"https:\/\/pans.krosno.pl\/pracownicy\/iwona-lisowska\/iwona-lisowska-doswiadczenie-pozauczelniane\/\" \/>\n<meta property=\"og:site_name\" content=\"Pracownicy PANS w Kro\u015bnie\" \/>\n<meta property=\"article:modified_time\" content=\"2025-05-27T07:50:03+00:00\" \/>\n<meta name=\"twitter:card\" content=\"summary_large_image\" \/>\n<meta name=\"twitter:label1\" content=\"Szacowany czas czytania\" \/>\n\t<meta name=\"twitter:data1\" content=\"1 minuta\" \/>\n<script type=\"application\/ld+json\" class=\"yoast-schema-graph\">{\"@context\":\"https:\\\/\\\/schema.org\",\"@graph\":[{\"@type\":\"WebPage\",\"@id\":\"https:\\\/\\\/pans.krosno.pl\\\/pracownicy\\\/iwona-lisowska\\\/iwona-lisowska-doswiadczenie-pozauczelniane\\\/\",\"url\":\"https:\\\/\\\/pans.krosno.pl\\\/pracownicy\\\/iwona-lisowska\\\/iwona-lisowska-doswiadczenie-pozauczelniane\\\/\",\"name\":\"mgr Iwona Lisowska - Do\u015bwiadczenie\u00a0pozauczelniane - Pracownicy PANS w Kro\u015bnie\",\"isPartOf\":{\"@id\":\"https:\\\/\\\/pans.krosno.pl\\\/pracownicy\\\/#website\"},\"datePublished\":\"2025-05-27T07:47:09+00:00\",\"dateModified\":\"2025-05-27T07:50:03+00:00\",\"breadcrumb\":{\"@id\":\"https:\\\/\\\/pans.krosno.pl\\\/pracownicy\\\/iwona-lisowska\\\/iwona-lisowska-doswiadczenie-pozauczelniane\\\/#breadcrumb\"},\"inLanguage\":\"pl-PL\",\"potentialAction\":[{\"@type\":\"ReadAction\",\"target\":[\"https:\\\/\\\/pans.krosno.pl\\\/pracownicy\\\/iwona-lisowska\\\/iwona-lisowska-doswiadczenie-pozauczelniane\\\/\"]}]},{\"@type\":\"BreadcrumbList\",\"@id\":\"https:\\\/\\\/pans.krosno.pl\\\/pracownicy\\\/iwona-lisowska\\\/iwona-lisowska-doswiadczenie-pozauczelniane\\\/#breadcrumb\",\"itemListElement\":[{\"@type\":\"ListItem\",\"position\":1,\"name\":\"Strona g\u0142\u00f3wna\",\"item\":\"https:\\\/\\\/pans.krosno.pl\\\/pracownicy\\\/\"},{\"@type\":\"ListItem\",\"position\":2,\"name\":\"mgr Iwona Lisowska\",\"item\":\"https:\\\/\\\/pans.krosno.pl\\\/pracownicy\\\/iwona-lisowska\\\/\"},{\"@type\":\"ListItem\",\"position\":3,\"name\":\"mgr Iwona Lisowska &#8211; Do\u015bwiadczenie\u00a0pozauczelniane\"}]},{\"@type\":\"WebSite\",\"@id\":\"https:\\\/\\\/pans.krosno.pl\\\/pracownicy\\\/#website\",\"url\":\"https:\\\/\\\/pans.krosno.pl\\\/pracownicy\\\/\",\"name\":\"Pracownicy PANS w Kro\u015bnie\",\"description\":\"Pracownicy - Pa\u0144stwowa Akademia Nauk Stosowanych\",\"publisher\":{\"@id\":\"https:\\\/\\\/pans.krosno.pl\\\/pracownicy\\\/#organization\"},\"potentialAction\":[{\"@type\":\"SearchAction\",\"target\":{\"@type\":\"EntryPoint\",\"urlTemplate\":\"https:\\\/\\\/pans.krosno.pl\\\/pracownicy\\\/?s={search_term_string}\"},\"query-input\":{\"@type\":\"PropertyValueSpecification\",\"valueRequired\":true,\"valueName\":\"search_term_string\"}}],\"inLanguage\":\"pl-PL\"},{\"@type\":\"Organization\",\"@id\":\"https:\\\/\\\/pans.krosno.pl\\\/pracownicy\\\/#organization\",\"name\":\"Pracownicy PANS w Kro\u015bnie\",\"url\":\"https:\\\/\\\/pans.krosno.pl\\\/pracownicy\\\/\",\"logo\":{\"@type\":\"ImageObject\",\"inLanguage\":\"pl-PL\",\"@id\":\"https:\\\/\\\/pans.krosno.pl\\\/pracownicy\\\/#\\\/schema\\\/logo\\\/image\\\/\",\"url\":\"https:\\\/\\\/pans.krosno.pl\\\/pracownicy\\\/wp-content\\\/uploads\\\/sites\\\/41\\\/2023\\\/01\\\/Logo-PANS-2022-pelne.png\",\"contentUrl\":\"https:\\\/\\\/pans.krosno.pl\\\/pracownicy\\\/wp-content\\\/uploads\\\/sites\\\/41\\\/2023\\\/01\\\/Logo-PANS-2022-pelne.png\",\"width\":3096,\"height\":696,\"caption\":\"Pracownicy PANS w Kro\u015bnie\"},\"image\":{\"@id\":\"https:\\\/\\\/pans.krosno.pl\\\/pracownicy\\\/#\\\/schema\\\/logo\\\/image\\\/\"}}]}<\/script>\n<!-- \/ Yoast SEO Premium plugin. -->","yoast_head_json":{"title":"mgr Iwona Lisowska - Do\u015bwiadczenie\u00a0pozauczelniane - Pracownicy PANS w Kro\u015bnie","robots":{"index":"index","follow":"follow","max-snippet":"max-snippet:-1","max-image-preview":"max-image-preview:large","max-video-preview":"max-video-preview:-1"},"canonical":"https:\/\/pans.krosno.pl\/pracownicy\/iwona-lisowska\/iwona-lisowska-doswiadczenie-pozauczelniane\/","og_locale":"pl_PL","og_type":"article","og_title":"mgr Iwona Lisowska - Do\u015bwiadczenie\u00a0pozauczelniane","og_description":"Po\u0142o\u017cnaMazowiecki Szpital Wojew\u00f3dzki im. \u015bw. Jana Paw\u0142a II w Siedlcach Sp. z o.o.,Oddzia\u0142\u00a0neonatologiczny,\u00a0oddzia\u0142\u00a0po\u0142o\u017cniczo-ginekologiczny\u00a0w\u00a0odcinkachpatologii\u00a0ci\u0105\u017cy,\u00a0po\u0142o\u017cnictwo,\u00a0izba\u00a0przyj\u0119\u0107\u00a0po\u0142o\u017cnicza.2019-07-2023-11 Po\u0142o\u017cnaSamodzielny&nbsp;Publiczny&nbsp;Szpital&nbsp;Kliniczny&nbsp;nr&nbsp;1&nbsp;w&nbsp;Lublinie,Oddzia\u0142&nbsp;neonatologiczny&nbsp;z&nbsp;pododdzia\u0142em&nbsp;intensywnej&nbsp;terapii&nbsp;noworodka2017-08-2019-06","og_url":"https:\/\/pans.krosno.pl\/pracownicy\/iwona-lisowska\/iwona-lisowska-doswiadczenie-pozauczelniane\/","og_site_name":"Pracownicy PANS w Kro\u015bnie","article_modified_time":"2025-05-27T07:50:03+00:00","twitter_card":"summary_large_image","twitter_misc":{"Szacowany czas czytania":"1 minuta"},"schema":{"@context":"https:\/\/schema.org","@graph":[{"@type":"WebPage","@id":"https:\/\/pans.krosno.pl\/pracownicy\/iwona-lisowska\/iwona-lisowska-doswiadczenie-pozauczelniane\/","url":"https:\/\/pans.krosno.pl\/pracownicy\/iwona-lisowska\/iwona-lisowska-doswiadczenie-pozauczelniane\/","name":"mgr Iwona Lisowska - Do\u015bwiadczenie\u00a0pozauczelniane - Pracownicy PANS w Kro\u015bnie","isPartOf":{"@id":"https:\/\/pans.krosno.pl\/pracownicy\/#website"},"datePublished":"2025-05-27T07:47:09+00:00","dateModified":"2025-05-27T07:50:03+00:00","breadcrumb":{"@id":"https:\/\/pans.krosno.pl\/pracownicy\/iwona-lisowska\/iwona-lisowska-doswiadczenie-pozauczelniane\/#breadcrumb"},"inLanguage":"pl-PL","potentialAction":[{"@type":"ReadAction","target":["https:\/\/pans.krosno.pl\/pracownicy\/iwona-lisowska\/iwona-lisowska-doswiadczenie-pozauczelniane\/"]}]},{"@type":"BreadcrumbList","@id":"https:\/\/pans.krosno.pl\/pracownicy\/iwona-lisowska\/iwona-lisowska-doswiadczenie-pozauczelniane\/#breadcrumb","itemListElement":[{"@type":"ListItem","position":1,"name":"Strona g\u0142\u00f3wna","item":"https:\/\/pans.krosno.pl\/pracownicy\/"},{"@type":"ListItem","position":2,"name":"mgr Iwona Lisowska","item":"https:\/\/pans.krosno.pl\/pracownicy\/iwona-lisowska\/"},{"@type":"ListItem","position":3,"name":"mgr Iwona Lisowska &#8211; Do\u015bwiadczenie\u00a0pozauczelniane"}]},{"@type":"WebSite","@id":"https:\/\/pans.krosno.pl\/pracownicy\/#website","url":"https:\/\/pans.krosno.pl\/pracownicy\/","name":"Pracownicy PANS w Kro\u015bnie","description":"Pracownicy - Pa\u0144stwowa Akademia Nauk Stosowanych","publisher":{"@id":"https:\/\/pans.krosno.pl\/pracownicy\/#organization"},"potentialAction":[{"@type":"SearchAction","target":{"@type":"EntryPoint","urlTemplate":"https:\/\/pans.krosno.pl\/pracownicy\/?s={search_term_string}"},"query-input":{"@type":"PropertyValueSpecification","valueRequired":true,"valueName":"search_term_string"}}],"inLanguage":"pl-PL"},{"@type":"Organization","@id":"https:\/\/pans.krosno.pl\/pracownicy\/#organization","name":"Pracownicy PANS w Kro\u015bnie","url":"https:\/\/pans.krosno.pl\/pracownicy\/","logo":{"@type":"ImageObject","inLanguage":"pl-PL","@id":"https:\/\/pans.krosno.pl\/pracownicy\/#\/schema\/logo\/image\/","url":"https:\/\/pans.krosno.pl\/pracownicy\/wp-content\/uploads\/sites\/41\/2023\/01\/Logo-PANS-2022-pelne.png","contentUrl":"https:\/\/pans.krosno.pl\/pracownicy\/wp-content\/uploads\/sites\/41\/2023\/01\/Logo-PANS-2022-pelne.png","width":3096,"height":696,"caption":"Pracownicy PANS w Kro\u015bnie"},"image":{"@id":"https:\/\/pans.krosno.pl\/pracownicy\/#\/schema\/logo\/image\/"}}]}},"_links":{"self":[{"href":"https:\/\/pans.krosno.pl\/pracownicy\/wp-json\/wp\/v2\/pages\/11238","targetHints":{"allow":["GET"]}}],"collection":[{"href":"https:\/\/pans.krosno.pl\/pracownicy\/wp-json\/wp\/v2\/pages"}],"about":[{"href":"https:\/\/pans.krosno.pl\/pracownicy\/wp-json\/wp\/v2\/types\/page"}],"author":[{"embeddable":true,"href":"https:\/\/pans.krosno.pl\/pracownicy\/wp-json\/wp\/v2\/users\/113"}],"replies":[{"embeddable":true,"href":"https:\/\/pans.krosno.pl\/pracownicy\/wp-json\/wp\/v2\/comments?post=11238"}],"version-history":[{"count":3,"href":"https:\/\/pans.krosno.pl\/pracownicy\/wp-json\/wp\/v2\/pages\/11238\/revisions"}],"predecessor-version":[{"id":11244,"href":"https:\/\/pans.krosno.pl\/pracownicy\/wp-json\/wp\/v2\/pages\/11238\/revisions\/11244"}],"up":[{"embeddable":true,"href":"https:\/\/pans.krosno.pl\/pracownicy\/wp-json\/wp\/v2\/pages\/11232"}],"wp:attachment":[{"href":"https:\/\/pans.krosno.pl\/pracownicy\/wp-json\/wp\/v2\/media?parent=11238"}],"curies":[{"name":"wp","href":"https:\/\/api.w.org\/{rel}","templated":true}]}}