{"id":11228,"date":"2025-05-27T09:31:04","date_gmt":"2025-05-27T07:31:04","guid":{"rendered":"https:\/\/pans.krosno.pl\/pracownicy\/?page_id=11228"},"modified":"2025-05-27T09:31:04","modified_gmt":"2025-05-27T07:31:04","slug":"alicja-kawalec-przetacznik-najwazniejsze-publikacje","status":"publish","type":"page","link":"https:\/\/pans.krosno.pl\/pracownicy\/alicja-kawalec-przetacznik\/alicja-kawalec-przetacznik-najwazniejsze-publikacje\/","title":{"rendered":"dr Alicja Kawalec- Przetacznik &#8211; Najwa\u017cniejsze publikacje"},"content":{"rendered":"\n<hr class=\"wp-block-separator has-alpha-channel-opacity\" \/>\n\n\n\n<ol start=\"1\" class=\"wp-block-list\">\n<li><em>Turystyka religijno &#8211; pielgrzymkowa w powiecie jasielskim<\/em> [w:]\u00a0 Turystyka religijno- pielgrzymkowa, Zeszyt pokonferencyjny, Gda\u0144sk 2005.<\/li>\n\n\n\n<li><em>Sytuacja spo\u0142eczna ludzi niepe\u0142nosprawnych <\/em>[w:] Wiadomo\u015bci Brzosteckie, Nr 4 (96) ROK XVI, kwiecie\u0144 2005.<\/li>\n\n\n\n<li><em>Socjologiczne aspekty turystyki religijno-pielgrzymkowej w powiecie jasielskim\u00a0\u00a0<br>\u00a0<\/em>[w:] Zeszyt Naukowy nr 4 Wy\u017cszej Szko\u0142y Hotelarstwa i Turystyki w Ja\u015ble, Jas\u0142o 2006.<\/li>\n\n\n\n<li><em>Turystyka jako forma rehabilitacji i integracji os\u00f3b niepe\u0142nosprawnych <\/em>[w:] Zeszyt Naukowy nr 4 Wy\u017cszej Szko\u0142y Hotelarstwa i Turystyki w Ja\u015ble, Jas\u0142o 2006.<\/li>\n\n\n\n<li><em>Turystyka os\u00f3b niepe\u0142nosprawnych &#8211; wyzwaniem dla XXI wieku <\/em>[w:] Zeszyt pokonferencyjny Wy\u017cszej Szko\u0142y Gospodarczej w Bydgoszczy, Bydgoszcz 2006.<\/li>\n\n\n\n<li><em>Idea, formy oraz wyzwania dla turystyki XXI wieku <\/em>[w:] Zeszyt pokonferencyjny Wy\u017cszej Szko\u0142y Gospodarki w Bydgoszczy, Bydgoszcz 2006.<\/li>\n\n\n\n<li><em>Wp\u0142yw sanktuarium b\u0142. ks. W. Findysza na rozw\u00f3j turystyki pielgrzymkowej w Nowym \u017bmigrodzie w Beskidzie Niskim;<\/em> Pola\u0144ski S., Szajowska K., Kawalec- Przetacznik A.<br>[w:] Turystyka religijna na obszarach g\u00f3rskich, zeszyt pokonferencyjny, Nowy Targ 2009.<\/li>\n\n\n\n<li><em>Transport w s\u0142u\u017cbie turystyki na Korsyce;<\/em> Kawalec- Przetacznik A., Przetacznik P.,<br>[w:] Zeszyt Naukowy Podkarpackiej Szko\u0142y Wy\u017cszej w Ja\u015ble, wydanie specjalne, Jas\u0142o 2009.<\/li>\n<\/ol>\n","protected":false},"excerpt":{"rendered":"","protected":false},"author":113,"featured_media":0,"parent":11166,"menu_order":0,"comment_status":"closed","ping_status":"closed","template":"","meta":{"ngg_post_thumbnail":0,"footnotes":""},"class_list":["post-11228","page","type-page","status-publish","hentry"],"yoast_head":"<!-- This site is optimized with the Yoast SEO Premium plugin v27.3 (Yoast SEO v27.3) - https:\/\/yoast.com\/product\/yoast-seo-premium-wordpress\/ -->\n<title>dr Alicja Kawalec- Przetacznik - Najwa\u017cniejsze publikacje - Pracownicy PANS w Kro\u015bnie<\/title>\n<meta name=\"robots\" content=\"index, follow, max-snippet:-1, max-image-preview:large, max-video-preview:-1\" \/>\n<link rel=\"canonical\" href=\"https:\/\/pans.krosno.pl\/pracownicy\/alicja-kawalec-przetacznik\/alicja-kawalec-przetacznik-najwazniejsze-publikacje\/\" \/>\n<meta property=\"og:locale\" content=\"pl_PL\" \/>\n<meta property=\"og:type\" content=\"article\" \/>\n<meta property=\"og:title\" content=\"dr Alicja Kawalec- Przetacznik - Najwa\u017cniejsze publikacje\" \/>\n<meta property=\"og:url\" content=\"https:\/\/pans.krosno.pl\/pracownicy\/alicja-kawalec-przetacznik\/alicja-kawalec-przetacznik-najwazniejsze-publikacje\/\" \/>\n<meta property=\"og:site_name\" content=\"Pracownicy PANS w Kro\u015bnie\" \/>\n<meta name=\"twitter:card\" content=\"summary_large_image\" \/>\n<meta name=\"twitter:label1\" content=\"Szacowany czas czytania\" \/>\n\t<meta name=\"twitter:data1\" content=\"1 minuta\" \/>\n<script type=\"application\/ld+json\" class=\"yoast-schema-graph\">{\"@context\":\"https:\\\/\\\/schema.org\",\"@graph\":[{\"@type\":\"WebPage\",\"@id\":\"https:\\\/\\\/pans.krosno.pl\\\/pracownicy\\\/alicja-kawalec-przetacznik\\\/alicja-kawalec-przetacznik-najwazniejsze-publikacje\\\/\",\"url\":\"https:\\\/\\\/pans.krosno.pl\\\/pracownicy\\\/alicja-kawalec-przetacznik\\\/alicja-kawalec-przetacznik-najwazniejsze-publikacje\\\/\",\"name\":\"dr Alicja Kawalec- Przetacznik - Najwa\u017cniejsze publikacje - Pracownicy PANS w Kro\u015bnie\",\"isPartOf\":{\"@id\":\"https:\\\/\\\/pans.krosno.pl\\\/pracownicy\\\/#website\"},\"datePublished\":\"2025-05-27T07:31:04+00:00\",\"breadcrumb\":{\"@id\":\"https:\\\/\\\/pans.krosno.pl\\\/pracownicy\\\/alicja-kawalec-przetacznik\\\/alicja-kawalec-przetacznik-najwazniejsze-publikacje\\\/#breadcrumb\"},\"inLanguage\":\"pl-PL\",\"potentialAction\":[{\"@type\":\"ReadAction\",\"target\":[\"https:\\\/\\\/pans.krosno.pl\\\/pracownicy\\\/alicja-kawalec-przetacznik\\\/alicja-kawalec-przetacznik-najwazniejsze-publikacje\\\/\"]}]},{\"@type\":\"BreadcrumbList\",\"@id\":\"https:\\\/\\\/pans.krosno.pl\\\/pracownicy\\\/alicja-kawalec-przetacznik\\\/alicja-kawalec-przetacznik-najwazniejsze-publikacje\\\/#breadcrumb\",\"itemListElement\":[{\"@type\":\"ListItem\",\"position\":1,\"name\":\"Strona g\u0142\u00f3wna\",\"item\":\"https:\\\/\\\/pans.krosno.pl\\\/pracownicy\\\/\"},{\"@type\":\"ListItem\",\"position\":2,\"name\":\"dr Alicja Kawalec- Przetacznik\",\"item\":\"https:\\\/\\\/pans.krosno.pl\\\/pracownicy\\\/alicja-kawalec-przetacznik\\\/\"},{\"@type\":\"ListItem\",\"position\":3,\"name\":\"dr Alicja Kawalec- Przetacznik &#8211; Najwa\u017cniejsze publikacje\"}]},{\"@type\":\"WebSite\",\"@id\":\"https:\\\/\\\/pans.krosno.pl\\\/pracownicy\\\/#website\",\"url\":\"https:\\\/\\\/pans.krosno.pl\\\/pracownicy\\\/\",\"name\":\"Pracownicy PANS w Kro\u015bnie\",\"description\":\"Pracownicy - Pa\u0144stwowa Akademia Nauk Stosowanych\",\"publisher\":{\"@id\":\"https:\\\/\\\/pans.krosno.pl\\\/pracownicy\\\/#organization\"},\"potentialAction\":[{\"@type\":\"SearchAction\",\"target\":{\"@type\":\"EntryPoint\",\"urlTemplate\":\"https:\\\/\\\/pans.krosno.pl\\\/pracownicy\\\/?s={search_term_string}\"},\"query-input\":{\"@type\":\"PropertyValueSpecification\",\"valueRequired\":true,\"valueName\":\"search_term_string\"}}],\"inLanguage\":\"pl-PL\"},{\"@type\":\"Organization\",\"@id\":\"https:\\\/\\\/pans.krosno.pl\\\/pracownicy\\\/#organization\",\"name\":\"Pracownicy PANS w Kro\u015bnie\",\"url\":\"https:\\\/\\\/pans.krosno.pl\\\/pracownicy\\\/\",\"logo\":{\"@type\":\"ImageObject\",\"inLanguage\":\"pl-PL\",\"@id\":\"https:\\\/\\\/pans.krosno.pl\\\/pracownicy\\\/#\\\/schema\\\/logo\\\/image\\\/\",\"url\":\"https:\\\/\\\/pans.krosno.pl\\\/pracownicy\\\/wp-content\\\/uploads\\\/sites\\\/41\\\/2023\\\/01\\\/Logo-PANS-2022-pelne.png\",\"contentUrl\":\"https:\\\/\\\/pans.krosno.pl\\\/pracownicy\\\/wp-content\\\/uploads\\\/sites\\\/41\\\/2023\\\/01\\\/Logo-PANS-2022-pelne.png\",\"width\":3096,\"height\":696,\"caption\":\"Pracownicy PANS w Kro\u015bnie\"},\"image\":{\"@id\":\"https:\\\/\\\/pans.krosno.pl\\\/pracownicy\\\/#\\\/schema\\\/logo\\\/image\\\/\"}}]}<\/script>\n<!-- \/ Yoast SEO Premium plugin. -->","yoast_head_json":{"title":"dr Alicja Kawalec- Przetacznik - Najwa\u017cniejsze publikacje - Pracownicy PANS w Kro\u015bnie","robots":{"index":"index","follow":"follow","max-snippet":"max-snippet:-1","max-image-preview":"max-image-preview:large","max-video-preview":"max-video-preview:-1"},"canonical":"https:\/\/pans.krosno.pl\/pracownicy\/alicja-kawalec-przetacznik\/alicja-kawalec-przetacznik-najwazniejsze-publikacje\/","og_locale":"pl_PL","og_type":"article","og_title":"dr Alicja Kawalec- Przetacznik - Najwa\u017cniejsze publikacje","og_url":"https:\/\/pans.krosno.pl\/pracownicy\/alicja-kawalec-przetacznik\/alicja-kawalec-przetacznik-najwazniejsze-publikacje\/","og_site_name":"Pracownicy PANS w Kro\u015bnie","twitter_card":"summary_large_image","twitter_misc":{"Szacowany czas czytania":"1 minuta"},"schema":{"@context":"https:\/\/schema.org","@graph":[{"@type":"WebPage","@id":"https:\/\/pans.krosno.pl\/pracownicy\/alicja-kawalec-przetacznik\/alicja-kawalec-przetacznik-najwazniejsze-publikacje\/","url":"https:\/\/pans.krosno.pl\/pracownicy\/alicja-kawalec-przetacznik\/alicja-kawalec-przetacznik-najwazniejsze-publikacje\/","name":"dr Alicja Kawalec- Przetacznik - Najwa\u017cniejsze publikacje - Pracownicy PANS w Kro\u015bnie","isPartOf":{"@id":"https:\/\/pans.krosno.pl\/pracownicy\/#website"},"datePublished":"2025-05-27T07:31:04+00:00","breadcrumb":{"@id":"https:\/\/pans.krosno.pl\/pracownicy\/alicja-kawalec-przetacznik\/alicja-kawalec-przetacznik-najwazniejsze-publikacje\/#breadcrumb"},"inLanguage":"pl-PL","potentialAction":[{"@type":"ReadAction","target":["https:\/\/pans.krosno.pl\/pracownicy\/alicja-kawalec-przetacznik\/alicja-kawalec-przetacznik-najwazniejsze-publikacje\/"]}]},{"@type":"BreadcrumbList","@id":"https:\/\/pans.krosno.pl\/pracownicy\/alicja-kawalec-przetacznik\/alicja-kawalec-przetacznik-najwazniejsze-publikacje\/#breadcrumb","itemListElement":[{"@type":"ListItem","position":1,"name":"Strona g\u0142\u00f3wna","item":"https:\/\/pans.krosno.pl\/pracownicy\/"},{"@type":"ListItem","position":2,"name":"dr Alicja Kawalec- Przetacznik","item":"https:\/\/pans.krosno.pl\/pracownicy\/alicja-kawalec-przetacznik\/"},{"@type":"ListItem","position":3,"name":"dr Alicja Kawalec- Przetacznik &#8211; Najwa\u017cniejsze publikacje"}]},{"@type":"WebSite","@id":"https:\/\/pans.krosno.pl\/pracownicy\/#website","url":"https:\/\/pans.krosno.pl\/pracownicy\/","name":"Pracownicy PANS w Kro\u015bnie","description":"Pracownicy - Pa\u0144stwowa Akademia Nauk Stosowanych","publisher":{"@id":"https:\/\/pans.krosno.pl\/pracownicy\/#organization"},"potentialAction":[{"@type":"SearchAction","target":{"@type":"EntryPoint","urlTemplate":"https:\/\/pans.krosno.pl\/pracownicy\/?s={search_term_string}"},"query-input":{"@type":"PropertyValueSpecification","valueRequired":true,"valueName":"search_term_string"}}],"inLanguage":"pl-PL"},{"@type":"Organization","@id":"https:\/\/pans.krosno.pl\/pracownicy\/#organization","name":"Pracownicy PANS w Kro\u015bnie","url":"https:\/\/pans.krosno.pl\/pracownicy\/","logo":{"@type":"ImageObject","inLanguage":"pl-PL","@id":"https:\/\/pans.krosno.pl\/pracownicy\/#\/schema\/logo\/image\/","url":"https:\/\/pans.krosno.pl\/pracownicy\/wp-content\/uploads\/sites\/41\/2023\/01\/Logo-PANS-2022-pelne.png","contentUrl":"https:\/\/pans.krosno.pl\/pracownicy\/wp-content\/uploads\/sites\/41\/2023\/01\/Logo-PANS-2022-pelne.png","width":3096,"height":696,"caption":"Pracownicy PANS w Kro\u015bnie"},"image":{"@id":"https:\/\/pans.krosno.pl\/pracownicy\/#\/schema\/logo\/image\/"}}]}},"_links":{"self":[{"href":"https:\/\/pans.krosno.pl\/pracownicy\/wp-json\/wp\/v2\/pages\/11228","targetHints":{"allow":["GET"]}}],"collection":[{"href":"https:\/\/pans.krosno.pl\/pracownicy\/wp-json\/wp\/v2\/pages"}],"about":[{"href":"https:\/\/pans.krosno.pl\/pracownicy\/wp-json\/wp\/v2\/types\/page"}],"author":[{"embeddable":true,"href":"https:\/\/pans.krosno.pl\/pracownicy\/wp-json\/wp\/v2\/users\/113"}],"replies":[{"embeddable":true,"href":"https:\/\/pans.krosno.pl\/pracownicy\/wp-json\/wp\/v2\/comments?post=11228"}],"version-history":[{"count":1,"href":"https:\/\/pans.krosno.pl\/pracownicy\/wp-json\/wp\/v2\/pages\/11228\/revisions"}],"predecessor-version":[{"id":11230,"href":"https:\/\/pans.krosno.pl\/pracownicy\/wp-json\/wp\/v2\/pages\/11228\/revisions\/11230"}],"up":[{"embeddable":true,"href":"https:\/\/pans.krosno.pl\/pracownicy\/wp-json\/wp\/v2\/pages\/11166"}],"wp:attachment":[{"href":"https:\/\/pans.krosno.pl\/pracownicy\/wp-json\/wp\/v2\/media?parent=11228"}],"curies":[{"name":"wp","href":"https:\/\/api.w.org\/{rel}","templated":true}]}}