{"id":11223,"date":"2025-05-27T09:29:33","date_gmt":"2025-05-27T07:29:33","guid":{"rendered":"https:\/\/pans.krosno.pl\/pracownicy\/?page_id=11223"},"modified":"2025-05-27T09:29:34","modified_gmt":"2025-05-27T07:29:34","slug":"alicja-kawalec-przetacznik-doswiadczenie-pozauczelniane","status":"publish","type":"page","link":"https:\/\/pans.krosno.pl\/pracownicy\/alicja-kawalec-przetacznik\/alicja-kawalec-przetacznik-doswiadczenie-pozauczelniane\/","title":{"rendered":"dr Alicja Kawalec- Przetacznik &#8211; Do\u015bwiadczenie pozauczelniane"},"content":{"rendered":"\n<hr class=\"wp-block-separator has-alpha-channel-opacity\" \/>\n\n\n\n<ul class=\"wp-block-list\">\n<li>2011 r. \u2013 do nadal, zarz\u0105dzanie potencja\u0142em ludzkim, zespo\u0142em prowadz\u0105cym rehabilitacj\u0119 i terapi\u0119 os\u00f3b niepe\u0142nosprawnych,<\/li>\n\n\n\n<li>2008 r. \u2013 do nadal: wyk\u0142adowca,<\/li>\n\n\n\n<li>praktyk w obszarze polityki spo\u0142ecznej,<\/li>\n\n\n\n<li>Za\u0142o\u017cyciel i Prezes Stowarzyszenia By\u0107 dobrym jak chleb;<\/li>\n\n\n\n<li>Cz\u0142onek Powiatowej Spo\u0142ecznej Rady ds. Os\u00f3b Niepe\u0142nosprawnych w Powiecie D\u0119bickim;<\/li>\n\n\n\n<li>Za\u0142o\u017cyciel i Sekretarz w Stowarzyszeniu na rzecz Os\u00f3b Potrzebuj\u0105cych Pomocy Nie\u015b\u0107 Nadziej\u0119,<\/li>\n\n\n\n<li>pisanie i korzystanie z projekt\u00f3w, m. in. unijnych,<\/li>\n\n\n\n<li>prowadzenie bada\u0144 i analiz socjologicznych,<\/li>\n\n\n\n<li>prowadzenie szkole\u0144, warsztat\u00f3w z zakresu problem\u00f3w spo\u0142ecznych, promocji zdrowia,<\/li>\n\n\n\n<li>wsp\u00f3\u0142praca z instytucjami, organizacjami, urz\u0119dami r\u00f3\u017cnego szczebla,<\/li>\n\n\n\n<li>organizowanie i prowadzenie Stowarzyszenia, Prezes Stowarzyszenia By\u0107 dobrym jak chleb.<\/li>\n<\/ul>\n\n\n\n<p><strong>Do\u015bwiadczenie pracy w wielu Uczelniach, m. in. jako:<\/strong><\/p>\n\n\n\n<ul class=\"wp-block-list\">\n<li>Pe\u0142nomocnik Rektora do spraw zarz\u0105dzania jako\u015bci\u0105 kszta\u0142cenia,<\/li>\n\n\n\n<li>cz\u0142onek Rady Programowej Konferencji,<\/li>\n\n\n\n<li>Kierownik Zak\u0142adu Nauk Spo\u0142ecznych,<\/li>\n\n\n\n<li>opiekun roku i Samorz\u0105du Studenckiego,<\/li>\n\n\n\n<li>udzia\u0142 w tematycznych konferencjach, sympozjach, warsztatach, szkoleniach.<\/li>\n<\/ul>\n","protected":false},"excerpt":{"rendered":"<p>Do\u015bwiadczenie pracy w wielu Uczelniach, m. in. jako:<\/p>\n","protected":false},"author":113,"featured_media":0,"parent":11166,"menu_order":0,"comment_status":"closed","ping_status":"closed","template":"","meta":{"ngg_post_thumbnail":0,"footnotes":""},"class_list":["post-11223","page","type-page","status-publish","hentry"],"yoast_head":"<!-- This site is optimized with the Yoast SEO Premium plugin v27.3 (Yoast SEO v27.3) - https:\/\/yoast.com\/product\/yoast-seo-premium-wordpress\/ -->\n<title>dr Alicja Kawalec- Przetacznik - Do\u015bwiadczenie pozauczelniane - Pracownicy PANS w Kro\u015bnie<\/title>\n<meta name=\"robots\" content=\"index, follow, max-snippet:-1, max-image-preview:large, max-video-preview:-1\" \/>\n<link rel=\"canonical\" href=\"https:\/\/pans.krosno.pl\/pracownicy\/alicja-kawalec-przetacznik\/alicja-kawalec-przetacznik-doswiadczenie-pozauczelniane\/\" \/>\n<meta property=\"og:locale\" content=\"pl_PL\" \/>\n<meta property=\"og:type\" content=\"article\" \/>\n<meta property=\"og:title\" content=\"dr Alicja Kawalec- Przetacznik - Do\u015bwiadczenie pozauczelniane\" \/>\n<meta property=\"og:description\" content=\"Do\u015bwiadczenie pracy w wielu Uczelniach, m. in. jako:\" \/>\n<meta property=\"og:url\" content=\"https:\/\/pans.krosno.pl\/pracownicy\/alicja-kawalec-przetacznik\/alicja-kawalec-przetacznik-doswiadczenie-pozauczelniane\/\" \/>\n<meta property=\"og:site_name\" content=\"Pracownicy PANS w Kro\u015bnie\" \/>\n<meta property=\"article:modified_time\" content=\"2025-05-27T07:29:34+00:00\" \/>\n<meta name=\"twitter:card\" content=\"summary_large_image\" \/>\n<meta name=\"twitter:label1\" content=\"Szacowany czas czytania\" \/>\n\t<meta name=\"twitter:data1\" content=\"1 minuta\" \/>\n<script type=\"application\/ld+json\" class=\"yoast-schema-graph\">{\"@context\":\"https:\\\/\\\/schema.org\",\"@graph\":[{\"@type\":\"WebPage\",\"@id\":\"https:\\\/\\\/pans.krosno.pl\\\/pracownicy\\\/alicja-kawalec-przetacznik\\\/alicja-kawalec-przetacznik-doswiadczenie-pozauczelniane\\\/\",\"url\":\"https:\\\/\\\/pans.krosno.pl\\\/pracownicy\\\/alicja-kawalec-przetacznik\\\/alicja-kawalec-przetacznik-doswiadczenie-pozauczelniane\\\/\",\"name\":\"dr Alicja Kawalec- Przetacznik - Do\u015bwiadczenie pozauczelniane - Pracownicy PANS w Kro\u015bnie\",\"isPartOf\":{\"@id\":\"https:\\\/\\\/pans.krosno.pl\\\/pracownicy\\\/#website\"},\"datePublished\":\"2025-05-27T07:29:33+00:00\",\"dateModified\":\"2025-05-27T07:29:34+00:00\",\"breadcrumb\":{\"@id\":\"https:\\\/\\\/pans.krosno.pl\\\/pracownicy\\\/alicja-kawalec-przetacznik\\\/alicja-kawalec-przetacznik-doswiadczenie-pozauczelniane\\\/#breadcrumb\"},\"inLanguage\":\"pl-PL\",\"potentialAction\":[{\"@type\":\"ReadAction\",\"target\":[\"https:\\\/\\\/pans.krosno.pl\\\/pracownicy\\\/alicja-kawalec-przetacznik\\\/alicja-kawalec-przetacznik-doswiadczenie-pozauczelniane\\\/\"]}]},{\"@type\":\"BreadcrumbList\",\"@id\":\"https:\\\/\\\/pans.krosno.pl\\\/pracownicy\\\/alicja-kawalec-przetacznik\\\/alicja-kawalec-przetacznik-doswiadczenie-pozauczelniane\\\/#breadcrumb\",\"itemListElement\":[{\"@type\":\"ListItem\",\"position\":1,\"name\":\"Strona g\u0142\u00f3wna\",\"item\":\"https:\\\/\\\/pans.krosno.pl\\\/pracownicy\\\/\"},{\"@type\":\"ListItem\",\"position\":2,\"name\":\"dr Alicja Kawalec- Przetacznik\",\"item\":\"https:\\\/\\\/pans.krosno.pl\\\/pracownicy\\\/alicja-kawalec-przetacznik\\\/\"},{\"@type\":\"ListItem\",\"position\":3,\"name\":\"dr Alicja Kawalec- Przetacznik &#8211; Do\u015bwiadczenie pozauczelniane\"}]},{\"@type\":\"WebSite\",\"@id\":\"https:\\\/\\\/pans.krosno.pl\\\/pracownicy\\\/#website\",\"url\":\"https:\\\/\\\/pans.krosno.pl\\\/pracownicy\\\/\",\"name\":\"Pracownicy PANS w Kro\u015bnie\",\"description\":\"Pracownicy - Pa\u0144stwowa Akademia Nauk Stosowanych\",\"publisher\":{\"@id\":\"https:\\\/\\\/pans.krosno.pl\\\/pracownicy\\\/#organization\"},\"potentialAction\":[{\"@type\":\"SearchAction\",\"target\":{\"@type\":\"EntryPoint\",\"urlTemplate\":\"https:\\\/\\\/pans.krosno.pl\\\/pracownicy\\\/?s={search_term_string}\"},\"query-input\":{\"@type\":\"PropertyValueSpecification\",\"valueRequired\":true,\"valueName\":\"search_term_string\"}}],\"inLanguage\":\"pl-PL\"},{\"@type\":\"Organization\",\"@id\":\"https:\\\/\\\/pans.krosno.pl\\\/pracownicy\\\/#organization\",\"name\":\"Pracownicy PANS w Kro\u015bnie\",\"url\":\"https:\\\/\\\/pans.krosno.pl\\\/pracownicy\\\/\",\"logo\":{\"@type\":\"ImageObject\",\"inLanguage\":\"pl-PL\",\"@id\":\"https:\\\/\\\/pans.krosno.pl\\\/pracownicy\\\/#\\\/schema\\\/logo\\\/image\\\/\",\"url\":\"https:\\\/\\\/pans.krosno.pl\\\/pracownicy\\\/wp-content\\\/uploads\\\/sites\\\/41\\\/2023\\\/01\\\/Logo-PANS-2022-pelne.png\",\"contentUrl\":\"https:\\\/\\\/pans.krosno.pl\\\/pracownicy\\\/wp-content\\\/uploads\\\/sites\\\/41\\\/2023\\\/01\\\/Logo-PANS-2022-pelne.png\",\"width\":3096,\"height\":696,\"caption\":\"Pracownicy PANS w Kro\u015bnie\"},\"image\":{\"@id\":\"https:\\\/\\\/pans.krosno.pl\\\/pracownicy\\\/#\\\/schema\\\/logo\\\/image\\\/\"}}]}<\/script>\n<!-- \/ Yoast SEO Premium plugin. -->","yoast_head_json":{"title":"dr Alicja Kawalec- Przetacznik - Do\u015bwiadczenie pozauczelniane - Pracownicy PANS w Kro\u015bnie","robots":{"index":"index","follow":"follow","max-snippet":"max-snippet:-1","max-image-preview":"max-image-preview:large","max-video-preview":"max-video-preview:-1"},"canonical":"https:\/\/pans.krosno.pl\/pracownicy\/alicja-kawalec-przetacznik\/alicja-kawalec-przetacznik-doswiadczenie-pozauczelniane\/","og_locale":"pl_PL","og_type":"article","og_title":"dr Alicja Kawalec- Przetacznik - Do\u015bwiadczenie pozauczelniane","og_description":"Do\u015bwiadczenie pracy w wielu Uczelniach, m. in. jako:","og_url":"https:\/\/pans.krosno.pl\/pracownicy\/alicja-kawalec-przetacznik\/alicja-kawalec-przetacznik-doswiadczenie-pozauczelniane\/","og_site_name":"Pracownicy PANS w Kro\u015bnie","article_modified_time":"2025-05-27T07:29:34+00:00","twitter_card":"summary_large_image","twitter_misc":{"Szacowany czas czytania":"1 minuta"},"schema":{"@context":"https:\/\/schema.org","@graph":[{"@type":"WebPage","@id":"https:\/\/pans.krosno.pl\/pracownicy\/alicja-kawalec-przetacznik\/alicja-kawalec-przetacznik-doswiadczenie-pozauczelniane\/","url":"https:\/\/pans.krosno.pl\/pracownicy\/alicja-kawalec-przetacznik\/alicja-kawalec-przetacznik-doswiadczenie-pozauczelniane\/","name":"dr Alicja Kawalec- Przetacznik - Do\u015bwiadczenie pozauczelniane - Pracownicy PANS w Kro\u015bnie","isPartOf":{"@id":"https:\/\/pans.krosno.pl\/pracownicy\/#website"},"datePublished":"2025-05-27T07:29:33+00:00","dateModified":"2025-05-27T07:29:34+00:00","breadcrumb":{"@id":"https:\/\/pans.krosno.pl\/pracownicy\/alicja-kawalec-przetacznik\/alicja-kawalec-przetacznik-doswiadczenie-pozauczelniane\/#breadcrumb"},"inLanguage":"pl-PL","potentialAction":[{"@type":"ReadAction","target":["https:\/\/pans.krosno.pl\/pracownicy\/alicja-kawalec-przetacznik\/alicja-kawalec-przetacznik-doswiadczenie-pozauczelniane\/"]}]},{"@type":"BreadcrumbList","@id":"https:\/\/pans.krosno.pl\/pracownicy\/alicja-kawalec-przetacznik\/alicja-kawalec-przetacznik-doswiadczenie-pozauczelniane\/#breadcrumb","itemListElement":[{"@type":"ListItem","position":1,"name":"Strona g\u0142\u00f3wna","item":"https:\/\/pans.krosno.pl\/pracownicy\/"},{"@type":"ListItem","position":2,"name":"dr Alicja Kawalec- Przetacznik","item":"https:\/\/pans.krosno.pl\/pracownicy\/alicja-kawalec-przetacznik\/"},{"@type":"ListItem","position":3,"name":"dr Alicja Kawalec- Przetacznik &#8211; Do\u015bwiadczenie pozauczelniane"}]},{"@type":"WebSite","@id":"https:\/\/pans.krosno.pl\/pracownicy\/#website","url":"https:\/\/pans.krosno.pl\/pracownicy\/","name":"Pracownicy PANS w Kro\u015bnie","description":"Pracownicy - Pa\u0144stwowa Akademia Nauk Stosowanych","publisher":{"@id":"https:\/\/pans.krosno.pl\/pracownicy\/#organization"},"potentialAction":[{"@type":"SearchAction","target":{"@type":"EntryPoint","urlTemplate":"https:\/\/pans.krosno.pl\/pracownicy\/?s={search_term_string}"},"query-input":{"@type":"PropertyValueSpecification","valueRequired":true,"valueName":"search_term_string"}}],"inLanguage":"pl-PL"},{"@type":"Organization","@id":"https:\/\/pans.krosno.pl\/pracownicy\/#organization","name":"Pracownicy PANS w Kro\u015bnie","url":"https:\/\/pans.krosno.pl\/pracownicy\/","logo":{"@type":"ImageObject","inLanguage":"pl-PL","@id":"https:\/\/pans.krosno.pl\/pracownicy\/#\/schema\/logo\/image\/","url":"https:\/\/pans.krosno.pl\/pracownicy\/wp-content\/uploads\/sites\/41\/2023\/01\/Logo-PANS-2022-pelne.png","contentUrl":"https:\/\/pans.krosno.pl\/pracownicy\/wp-content\/uploads\/sites\/41\/2023\/01\/Logo-PANS-2022-pelne.png","width":3096,"height":696,"caption":"Pracownicy PANS w Kro\u015bnie"},"image":{"@id":"https:\/\/pans.krosno.pl\/pracownicy\/#\/schema\/logo\/image\/"}}]}},"_links":{"self":[{"href":"https:\/\/pans.krosno.pl\/pracownicy\/wp-json\/wp\/v2\/pages\/11223","targetHints":{"allow":["GET"]}}],"collection":[{"href":"https:\/\/pans.krosno.pl\/pracownicy\/wp-json\/wp\/v2\/pages"}],"about":[{"href":"https:\/\/pans.krosno.pl\/pracownicy\/wp-json\/wp\/v2\/types\/page"}],"author":[{"embeddable":true,"href":"https:\/\/pans.krosno.pl\/pracownicy\/wp-json\/wp\/v2\/users\/113"}],"replies":[{"embeddable":true,"href":"https:\/\/pans.krosno.pl\/pracownicy\/wp-json\/wp\/v2\/comments?post=11223"}],"version-history":[{"count":1,"href":"https:\/\/pans.krosno.pl\/pracownicy\/wp-json\/wp\/v2\/pages\/11223\/revisions"}],"predecessor-version":[{"id":11227,"href":"https:\/\/pans.krosno.pl\/pracownicy\/wp-json\/wp\/v2\/pages\/11223\/revisions\/11227"}],"up":[{"embeddable":true,"href":"https:\/\/pans.krosno.pl\/pracownicy\/wp-json\/wp\/v2\/pages\/11166"}],"wp:attachment":[{"href":"https:\/\/pans.krosno.pl\/pracownicy\/wp-json\/wp\/v2\/media?parent=11223"}],"curies":[{"name":"wp","href":"https:\/\/api.w.org\/{rel}","templated":true}]}}