{"id":11166,"date":"2025-05-23T14:15:07","date_gmt":"2025-05-23T12:15:07","guid":{"rendered":"https:\/\/pans.krosno.pl\/pracownicy\/?page_id=11166"},"modified":"2025-05-27T09:31:15","modified_gmt":"2025-05-27T07:31:15","slug":"alicja-kawalec-przetacznik","status":"publish","type":"page","link":"https:\/\/pans.krosno.pl\/pracownicy\/alicja-kawalec-przetacznik\/","title":{"rendered":"dr Alicja Kawalec- Przetacznik"},"content":{"rendered":"\n<h3 class=\"wp-block-heading\" id=\"h-doktor-nauk-humanistycznych-w-zakresie-socjologii\"><strong><strong><strong>Doktor nauk humanistycznych w zakresie socjologii<\/strong><\/strong><\/strong><\/h3>\n\n\n\n<hr class=\"wp-block-separator has-alpha-channel-opacity\" \/>\n\n\n\n<p>Zainteresowania: problemy spo\u0142eczne, styl \u017cycia i promocja zdrowia, turystyka, pog\u0142\u0119bianie zagadnie\u0144 z zakresu socjologii, kultury, komunikacji spo\u0142ecznej i interpersonalnej, aktualne wydarzenia spo\u0142eczno \u2013 polityczne i gospodarcze.<\/p>\n\n\n\n<hr class=\"wp-block-separator has-alpha-channel-opacity\" \/>\n\n\n\n<div class=\"wp-block-columns is-layout-flex wp-container-core-columns-is-layout-28f84493 wp-block-columns-is-layout-flex\">\n<div class=\"wp-block-column is-layout-flow wp-block-column-is-layout-flow\" style=\"flex-basis:22%\">\n<figure class=\"wp-block-image size-full\"><img loading=\"lazy\" decoding=\"async\" width=\"381\" height=\"556\" src=\"https:\/\/pans.krosno.pl\/pracownicy\/wp-content\/uploads\/sites\/41\/2025\/05\/dr-Alicja-Kawalec-Przetacznik.png\" alt=\"\" class=\"wp-image-11184\" srcset=\"https:\/\/pans.krosno.pl\/pracownicy\/wp-content\/uploads\/sites\/41\/2025\/05\/dr-Alicja-Kawalec-Przetacznik.png 381w, https:\/\/pans.krosno.pl\/pracownicy\/wp-content\/uploads\/sites\/41\/2025\/05\/dr-Alicja-Kawalec-Przetacznik-206x300.png 206w\" sizes=\"auto, (max-width: 381px) 100vw, 381px\" \/><\/figure>\n\n\n\n<p><\/p>\n<\/div>\n\n\n\n<div class=\"wp-block-column is-layout-flow wp-block-column-is-layout-flow\" style=\"flex-basis:78%\">\n<ul class=\"wp-block-list\">\n<li><a href=\"https:\/\/pans.krosno.pl\/pracownicy\/alicja-kawalec-przetacznik\/alicja-kawalec-przetacznik\/\">\u017byciorys naukowy <\/a><\/li>\n\n\n\n<li><a href=\"https:\/\/pans.krosno.pl\/pracownicy\/alicja-kawalec-przetacznik\/alicja-kawalec-przetacznik-doswiadczenie-pozauczelniane\/\">Do\u015bwiadczenie pozauczelniane<\/a><\/li>\n\n\n\n<li><a href=\"https:\/\/pans.krosno.pl\/pracownicy\/alicja-kawalec-przetacznik\/alicja-kawalec-przetacznik-najwazniejsze-publikacje\/\">Najwa\u017cniejsze publikacje<\/a><\/li>\n\n\n\n<li>Najwa\u017cniejsze nagrody i wyr\u00f3\u017cnienia<\/li>\n<\/ul>\n\n\n\n<hr class=\"wp-block-separator has-css-opacity\" \/>\n\n\n\n<figure class=\"wp-block-table aligncenter is-style-stripes\"><table><tbody><tr><td class=\"has-text-align-left\" data-align=\"left\">Telefon: <\/td><\/tr><tr><td class=\"has-text-align-left\" data-align=\"left\">E-mail: <a href=\"mailto:alicja.kawalec-przetacznik@pans.krosno.pl\">alicja.kawalec-przetacznik@pans.krosno.pl<\/a><\/td><\/tr><tr><td class=\"has-text-align-left\" data-align=\"left\">Konsultacje: <\/td><\/tr><\/tbody><\/table><\/figure>\n<\/div>\n<\/div>\n\n\n\n<hr class=\"wp-block-separator has-css-opacity\" \/>\n\n\n\n<p><\/p>\n","protected":false},"excerpt":{"rendered":"<p>Doktor nauk humanistycznych w zakresie socjologii Zainteresowania: problemy spo\u0142eczne, styl \u017cycia i promocja zdrowia, turystyka, pog\u0142\u0119bianie zagadnie\u0144 z zakresu socjologii, kultury, komunikacji spo\u0142ecznej i interpersonalnej, aktualne wydarzenia spo\u0142eczno \u2013 polityczne i gospodarcze. Telefon: E-mail: alicja.kawalec-przetacznik@pans.krosno.pl Konsultacje:<\/p>\n","protected":false},"author":113,"featured_media":0,"parent":0,"menu_order":0,"comment_status":"closed","ping_status":"closed","template":"","meta":{"ngg_post_thumbnail":0,"footnotes":""},"class_list":["post-11166","page","type-page","status-publish","hentry"],"yoast_head":"<!-- This site is optimized with the Yoast SEO Premium plugin v27.3 (Yoast SEO v27.3) - https:\/\/yoast.com\/product\/yoast-seo-premium-wordpress\/ -->\n<title>dr Alicja Kawalec- Przetacznik - Pracownicy PANS w Kro\u015bnie<\/title>\n<meta name=\"robots\" content=\"index, follow, max-snippet:-1, max-image-preview:large, max-video-preview:-1\" \/>\n<link rel=\"canonical\" href=\"https:\/\/pans.krosno.pl\/pracownicy\/alicja-kawalec-przetacznik\/\" \/>\n<meta property=\"og:locale\" content=\"pl_PL\" \/>\n<meta property=\"og:type\" content=\"article\" \/>\n<meta property=\"og:title\" content=\"dr Alicja Kawalec- Przetacznik\" \/>\n<meta property=\"og:description\" content=\"Doktor nauk humanistycznych w zakresie socjologii Zainteresowania: problemy spo\u0142eczne, styl \u017cycia i promocja zdrowia, turystyka, pog\u0142\u0119bianie zagadnie\u0144 z zakresu socjologii, kultury, komunikacji spo\u0142ecznej i interpersonalnej, aktualne wydarzenia spo\u0142eczno \u2013 polityczne i gospodarcze. Telefon: E-mail: alicja.kawalec-przetacznik@pans.krosno.pl Konsultacje:\" \/>\n<meta property=\"og:url\" content=\"https:\/\/pans.krosno.pl\/pracownicy\/alicja-kawalec-przetacznik\/\" \/>\n<meta property=\"og:site_name\" content=\"Pracownicy PANS w Kro\u015bnie\" \/>\n<meta property=\"article:modified_time\" content=\"2025-05-27T07:31:15+00:00\" \/>\n<meta property=\"og:image\" content=\"https:\/\/pans.krosno.pl\/pracownicy\/wp-content\/uploads\/sites\/41\/2025\/05\/dr-Alicja-Kawalec-Przetacznik.png\" \/>\n\t<meta property=\"og:image:width\" content=\"381\" \/>\n\t<meta property=\"og:image:height\" content=\"556\" \/>\n\t<meta property=\"og:image:type\" content=\"image\/png\" \/>\n<meta name=\"twitter:card\" content=\"summary_large_image\" \/>\n<meta name=\"twitter:label1\" content=\"Szacowany czas czytania\" \/>\n\t<meta name=\"twitter:data1\" content=\"1 minuta\" \/>\n<script type=\"application\/ld+json\" class=\"yoast-schema-graph\">{\"@context\":\"https:\\\/\\\/schema.org\",\"@graph\":[{\"@type\":\"WebPage\",\"@id\":\"https:\\\/\\\/pans.krosno.pl\\\/pracownicy\\\/alicja-kawalec-przetacznik\\\/\",\"url\":\"https:\\\/\\\/pans.krosno.pl\\\/pracownicy\\\/alicja-kawalec-przetacznik\\\/\",\"name\":\"dr Alicja Kawalec- Przetacznik - Pracownicy PANS w Kro\u015bnie\",\"isPartOf\":{\"@id\":\"https:\\\/\\\/pans.krosno.pl\\\/pracownicy\\\/#website\"},\"primaryImageOfPage\":{\"@id\":\"https:\\\/\\\/pans.krosno.pl\\\/pracownicy\\\/alicja-kawalec-przetacznik\\\/#primaryimage\"},\"image\":{\"@id\":\"https:\\\/\\\/pans.krosno.pl\\\/pracownicy\\\/alicja-kawalec-przetacznik\\\/#primaryimage\"},\"thumbnailUrl\":\"https:\\\/\\\/pans.krosno.pl\\\/pracownicy\\\/wp-content\\\/uploads\\\/sites\\\/41\\\/2025\\\/05\\\/dr-Alicja-Kawalec-Przetacznik.png\",\"datePublished\":\"2025-05-23T12:15:07+00:00\",\"dateModified\":\"2025-05-27T07:31:15+00:00\",\"breadcrumb\":{\"@id\":\"https:\\\/\\\/pans.krosno.pl\\\/pracownicy\\\/alicja-kawalec-przetacznik\\\/#breadcrumb\"},\"inLanguage\":\"pl-PL\",\"potentialAction\":[{\"@type\":\"ReadAction\",\"target\":[\"https:\\\/\\\/pans.krosno.pl\\\/pracownicy\\\/alicja-kawalec-przetacznik\\\/\"]}]},{\"@type\":\"ImageObject\",\"inLanguage\":\"pl-PL\",\"@id\":\"https:\\\/\\\/pans.krosno.pl\\\/pracownicy\\\/alicja-kawalec-przetacznik\\\/#primaryimage\",\"url\":\"https:\\\/\\\/pans.krosno.pl\\\/pracownicy\\\/wp-content\\\/uploads\\\/sites\\\/41\\\/2025\\\/05\\\/dr-Alicja-Kawalec-Przetacznik.png\",\"contentUrl\":\"https:\\\/\\\/pans.krosno.pl\\\/pracownicy\\\/wp-content\\\/uploads\\\/sites\\\/41\\\/2025\\\/05\\\/dr-Alicja-Kawalec-Przetacznik.png\",\"width\":381,\"height\":556},{\"@type\":\"BreadcrumbList\",\"@id\":\"https:\\\/\\\/pans.krosno.pl\\\/pracownicy\\\/alicja-kawalec-przetacznik\\\/#breadcrumb\",\"itemListElement\":[{\"@type\":\"ListItem\",\"position\":1,\"name\":\"Strona g\u0142\u00f3wna\",\"item\":\"https:\\\/\\\/pans.krosno.pl\\\/pracownicy\\\/\"},{\"@type\":\"ListItem\",\"position\":2,\"name\":\"dr Alicja Kawalec- Przetacznik\"}]},{\"@type\":\"WebSite\",\"@id\":\"https:\\\/\\\/pans.krosno.pl\\\/pracownicy\\\/#website\",\"url\":\"https:\\\/\\\/pans.krosno.pl\\\/pracownicy\\\/\",\"name\":\"Pracownicy PANS w Kro\u015bnie\",\"description\":\"Pracownicy - Pa\u0144stwowa Akademia Nauk Stosowanych\",\"publisher\":{\"@id\":\"https:\\\/\\\/pans.krosno.pl\\\/pracownicy\\\/#organization\"},\"potentialAction\":[{\"@type\":\"SearchAction\",\"target\":{\"@type\":\"EntryPoint\",\"urlTemplate\":\"https:\\\/\\\/pans.krosno.pl\\\/pracownicy\\\/?s={search_term_string}\"},\"query-input\":{\"@type\":\"PropertyValueSpecification\",\"valueRequired\":true,\"valueName\":\"search_term_string\"}}],\"inLanguage\":\"pl-PL\"},{\"@type\":\"Organization\",\"@id\":\"https:\\\/\\\/pans.krosno.pl\\\/pracownicy\\\/#organization\",\"name\":\"Pracownicy PANS w Kro\u015bnie\",\"url\":\"https:\\\/\\\/pans.krosno.pl\\\/pracownicy\\\/\",\"logo\":{\"@type\":\"ImageObject\",\"inLanguage\":\"pl-PL\",\"@id\":\"https:\\\/\\\/pans.krosno.pl\\\/pracownicy\\\/#\\\/schema\\\/logo\\\/image\\\/\",\"url\":\"https:\\\/\\\/pans.krosno.pl\\\/pracownicy\\\/wp-content\\\/uploads\\\/sites\\\/41\\\/2023\\\/01\\\/Logo-PANS-2022-pelne.png\",\"contentUrl\":\"https:\\\/\\\/pans.krosno.pl\\\/pracownicy\\\/wp-content\\\/uploads\\\/sites\\\/41\\\/2023\\\/01\\\/Logo-PANS-2022-pelne.png\",\"width\":3096,\"height\":696,\"caption\":\"Pracownicy PANS w Kro\u015bnie\"},\"image\":{\"@id\":\"https:\\\/\\\/pans.krosno.pl\\\/pracownicy\\\/#\\\/schema\\\/logo\\\/image\\\/\"}}]}<\/script>\n<!-- \/ Yoast SEO Premium plugin. -->","yoast_head_json":{"title":"dr Alicja Kawalec- Przetacznik - Pracownicy PANS w Kro\u015bnie","robots":{"index":"index","follow":"follow","max-snippet":"max-snippet:-1","max-image-preview":"max-image-preview:large","max-video-preview":"max-video-preview:-1"},"canonical":"https:\/\/pans.krosno.pl\/pracownicy\/alicja-kawalec-przetacznik\/","og_locale":"pl_PL","og_type":"article","og_title":"dr Alicja Kawalec- Przetacznik","og_description":"Doktor nauk humanistycznych w zakresie socjologii Zainteresowania: problemy spo\u0142eczne, styl \u017cycia i promocja zdrowia, turystyka, pog\u0142\u0119bianie zagadnie\u0144 z zakresu socjologii, kultury, komunikacji spo\u0142ecznej i interpersonalnej, aktualne wydarzenia spo\u0142eczno \u2013 polityczne i gospodarcze. Telefon: E-mail: alicja.kawalec-przetacznik@pans.krosno.pl Konsultacje:","og_url":"https:\/\/pans.krosno.pl\/pracownicy\/alicja-kawalec-przetacznik\/","og_site_name":"Pracownicy PANS w Kro\u015bnie","article_modified_time":"2025-05-27T07:31:15+00:00","og_image":[{"width":381,"height":556,"url":"https:\/\/pans.krosno.pl\/pracownicy\/wp-content\/uploads\/sites\/41\/2025\/05\/dr-Alicja-Kawalec-Przetacznik.png","type":"image\/png"}],"twitter_card":"summary_large_image","twitter_misc":{"Szacowany czas czytania":"1 minuta"},"schema":{"@context":"https:\/\/schema.org","@graph":[{"@type":"WebPage","@id":"https:\/\/pans.krosno.pl\/pracownicy\/alicja-kawalec-przetacznik\/","url":"https:\/\/pans.krosno.pl\/pracownicy\/alicja-kawalec-przetacznik\/","name":"dr Alicja Kawalec- Przetacznik - Pracownicy PANS w Kro\u015bnie","isPartOf":{"@id":"https:\/\/pans.krosno.pl\/pracownicy\/#website"},"primaryImageOfPage":{"@id":"https:\/\/pans.krosno.pl\/pracownicy\/alicja-kawalec-przetacznik\/#primaryimage"},"image":{"@id":"https:\/\/pans.krosno.pl\/pracownicy\/alicja-kawalec-przetacznik\/#primaryimage"},"thumbnailUrl":"https:\/\/pans.krosno.pl\/pracownicy\/wp-content\/uploads\/sites\/41\/2025\/05\/dr-Alicja-Kawalec-Przetacznik.png","datePublished":"2025-05-23T12:15:07+00:00","dateModified":"2025-05-27T07:31:15+00:00","breadcrumb":{"@id":"https:\/\/pans.krosno.pl\/pracownicy\/alicja-kawalec-przetacznik\/#breadcrumb"},"inLanguage":"pl-PL","potentialAction":[{"@type":"ReadAction","target":["https:\/\/pans.krosno.pl\/pracownicy\/alicja-kawalec-przetacznik\/"]}]},{"@type":"ImageObject","inLanguage":"pl-PL","@id":"https:\/\/pans.krosno.pl\/pracownicy\/alicja-kawalec-przetacznik\/#primaryimage","url":"https:\/\/pans.krosno.pl\/pracownicy\/wp-content\/uploads\/sites\/41\/2025\/05\/dr-Alicja-Kawalec-Przetacznik.png","contentUrl":"https:\/\/pans.krosno.pl\/pracownicy\/wp-content\/uploads\/sites\/41\/2025\/05\/dr-Alicja-Kawalec-Przetacznik.png","width":381,"height":556},{"@type":"BreadcrumbList","@id":"https:\/\/pans.krosno.pl\/pracownicy\/alicja-kawalec-przetacznik\/#breadcrumb","itemListElement":[{"@type":"ListItem","position":1,"name":"Strona g\u0142\u00f3wna","item":"https:\/\/pans.krosno.pl\/pracownicy\/"},{"@type":"ListItem","position":2,"name":"dr Alicja Kawalec- Przetacznik"}]},{"@type":"WebSite","@id":"https:\/\/pans.krosno.pl\/pracownicy\/#website","url":"https:\/\/pans.krosno.pl\/pracownicy\/","name":"Pracownicy PANS w Kro\u015bnie","description":"Pracownicy - Pa\u0144stwowa Akademia Nauk Stosowanych","publisher":{"@id":"https:\/\/pans.krosno.pl\/pracownicy\/#organization"},"potentialAction":[{"@type":"SearchAction","target":{"@type":"EntryPoint","urlTemplate":"https:\/\/pans.krosno.pl\/pracownicy\/?s={search_term_string}"},"query-input":{"@type":"PropertyValueSpecification","valueRequired":true,"valueName":"search_term_string"}}],"inLanguage":"pl-PL"},{"@type":"Organization","@id":"https:\/\/pans.krosno.pl\/pracownicy\/#organization","name":"Pracownicy PANS w Kro\u015bnie","url":"https:\/\/pans.krosno.pl\/pracownicy\/","logo":{"@type":"ImageObject","inLanguage":"pl-PL","@id":"https:\/\/pans.krosno.pl\/pracownicy\/#\/schema\/logo\/image\/","url":"https:\/\/pans.krosno.pl\/pracownicy\/wp-content\/uploads\/sites\/41\/2023\/01\/Logo-PANS-2022-pelne.png","contentUrl":"https:\/\/pans.krosno.pl\/pracownicy\/wp-content\/uploads\/sites\/41\/2023\/01\/Logo-PANS-2022-pelne.png","width":3096,"height":696,"caption":"Pracownicy PANS w Kro\u015bnie"},"image":{"@id":"https:\/\/pans.krosno.pl\/pracownicy\/#\/schema\/logo\/image\/"}}]}},"_links":{"self":[{"href":"https:\/\/pans.krosno.pl\/pracownicy\/wp-json\/wp\/v2\/pages\/11166","targetHints":{"allow":["GET"]}}],"collection":[{"href":"https:\/\/pans.krosno.pl\/pracownicy\/wp-json\/wp\/v2\/pages"}],"about":[{"href":"https:\/\/pans.krosno.pl\/pracownicy\/wp-json\/wp\/v2\/types\/page"}],"author":[{"embeddable":true,"href":"https:\/\/pans.krosno.pl\/pracownicy\/wp-json\/wp\/v2\/users\/113"}],"replies":[{"embeddable":true,"href":"https:\/\/pans.krosno.pl\/pracownicy\/wp-json\/wp\/v2\/comments?post=11166"}],"version-history":[{"count":8,"href":"https:\/\/pans.krosno.pl\/pracownicy\/wp-json\/wp\/v2\/pages\/11166\/revisions"}],"predecessor-version":[{"id":11231,"href":"https:\/\/pans.krosno.pl\/pracownicy\/wp-json\/wp\/v2\/pages\/11166\/revisions\/11231"}],"wp:attachment":[{"href":"https:\/\/pans.krosno.pl\/pracownicy\/wp-json\/wp\/v2\/media?parent=11166"}],"curies":[{"name":"wp","href":"https:\/\/api.w.org\/{rel}","templated":true}]}}