{"id":11128,"date":"2025-05-23T13:31:29","date_gmt":"2025-05-23T11:31:29","guid":{"rendered":"https:\/\/pans.krosno.pl\/pracownicy\/?page_id=11128"},"modified":"2025-05-23T13:31:30","modified_gmt":"2025-05-23T11:31:30","slug":"dr-inz-mariusz-skwarczynski-najwazniejsze-publikacje","status":"publish","type":"page","link":"https:\/\/pans.krosno.pl\/pracownicy\/mariusz-skwarczynski\/dr-inz-mariusz-skwarczynski-najwazniejsze-publikacje\/","title":{"rendered":"Dr in\u017c. Mariusz Skwarczy\u0144ski \u2013 Najwa\u017cniejsze publikacje"},"content":{"rendered":"\n<hr class=\"wp-block-separator has-alpha-channel-opacity\" \/>\n\n\n\n<p><a href=\"https:\/\/www.scopus.com\/authid\/detail.uri?authorId=55817552269\">https:\/\/www.scopus.com\/authid\/detail.uri?authorId=55817552269<\/a><\/p>\n\n\n\n<p><a href=\"https:\/\/orcid.org\/0000-0002-8221-3805\">https:\/\/orcid.org\/0000-0002-8221-3805<\/a><\/p>\n\n\n\n<p><strong>Ksi\u0105\u017cki<\/strong><\/p>\n\n\n\n<ol class=\"wp-block-list\">\n<li>Thermal conditions and perceived air quality in an air-conditioned auditorium\u00a0\/\u00a0Bernard Po\u0142ednik,\u00a0\u0141ukasz Guz,\u00a0Mariusz Skwarczy\u0144ski,\u00a0Marzenna Dudzi\u0144ska. [W]:\u00a0Thermophysics 2016 : 21st International Meeting [WOS].- 2016, s. &#8211; [MNiSW: 15]<\/li>\n\n\n\n<li>Empirical CDFs of radon and its progeny concentrations indoors in differenr ventilation conditions \/ Bernard Po\u0142ednik, Izabela Bilska, Dominik Grz\u0105dziel, Marzenna Dudzi\u0144ska, Jadwiga Mazur, Krzysztof Kozak, Mariusz Mroczek , Mariusz Skwarczy\u0144ski. [W]: 2nd International Conference &#8222;Radon in the Environment&#8221;, 25-29 May 2015, Krakow, Poland : book of abstracts.- 2015, s.<\/li>\n\n\n\n<li>Impact of ventilation and air conditioning systems on indoor air quality in a classroom \/ Mariusz Skwarczy\u0144ski, Alicja Siuta-Olcha, S\u0142awomira Duma\u0142a, Urszula G\u0105ska-J\u0119druch, Marzenna Dudzi\u0144ska, Magdalena Szyszkowska. [W]: 13th International Conference on Indoor Air Quality and Climate 2014. Vol. 4.- 2015, s. 811-813<\/li>\n\n\n\n<li>Gender differences in odor perceptron of n-butanol neutralized by ozone \/ M.R. Dudzi\u0144ska, B. Po\u0142ednik, M. Skwarczy\u0144ski. [W]: Environmental engineering III.- 2010, s. 135-139<\/li>\n\n\n\n<li>Analiza metod pomiarowych przep\u0142ywu powietrza w instalacjach wentylayjnych \/ Mariusz A. Skwarczy\u0144ski, Andrzej Raczkowski, Piotr Skarba. [W]: Polska in\u017cynieria \u015brodowiska pi\u0119\u0107 lat po wst\u0105pieniu do Unii Europejskiej. T. 3.- 2009, s. 222-232<\/li>\n\n\n\n<li>Ocena komfortu cieplnego w pomieszczeniu dydaktycznym wentylowanym naturalnie \/ Andrzej Raczkowski, Mariusz Skwarczy\u0144ski, Bernard Po\u0142ednik. [W]: Polska in\u017cynieria \u015brodowiska pi\u0119\u0107 lat po wst\u0105pieniu do Unii Europejskiej. T. 3.- 2009, s. 199-206<\/li>\n<\/ol>\n\n\n\n<p><strong>Wybrane artyku\u0142y<\/strong><\/p>\n\n\n\n<ol class=\"wp-block-list\">\n<li>Critical discussion on the challenges of integrating heat pumps in hydronic systems in existing buildings \/ Tomasz Cholewa, Andrei-Stelian Bejan, Marek Miara, Christian Schauer, Risto Kosonen, Anatolijs Borodi\u0146ecs, Raimonds Bogdanovi\u010ds, \u0141ukasz Amanowicz, Christian Vering, Alicja Siuta-Olcha, Mariusz A. Skwarczy\u0144ski, Michael Kropp, Jarek Kurnitski, Catalin Lungu, Cristiana Croitoru, Alireza Afshari, Francesca Romana d&#8217;Ambrosio Alfano, Dirk M\u00fcller, Ilinca Nastase, Marija Todorovic, Robert Sekret \/\/ Energy, Volume 326, 1 July 2025, 136158 [MNiSW: 200]<\/li>\n\n\n\n<li>Use of the IAQmeter in Indoor Air Quality Monitoring Studies\u00a0\/\u00a0S\u0142awomira Duma\u0142a,\u00a0\u0141ukasz Guz,\u00a0Anna Badora,\u00a0Mariusz Skwarczy\u0144ski,\u00a0Dariusz Gawe\u0142\u00a0\/\/\u00a0Journal of Ecological Engineering.- 2024, vol. 25, nr 12, s. 287-297 [MNiSW: 70]<\/li>\n\n\n\n<li>Analysis of the velocity distribution in the UVC module\u00a0\/\u00a0S\u0142awomira Duma\u0142a,\u00a0Mariusz Skwarczy\u0144ski\u00a0and\u00a0Amelia Staszowska\u00a0\/\/\u00a0MATEC Web of Conferences.- 2019, vol. 252, s. 1-4 [MNiSW: 5]<\/li>\n\n\n\n<li>On the heat transfer coefficients between heated\/cooled radiant ceiling and room\u00a0\/\u00a0Tomasz Cholewa,\u00a0Rafa\u0142 Anasiewicz,\u00a0Alicja Siuta-Olcha,\u00a0Mariusz Skwarczy\u0144ski\u00a0\/\/\u00a0Applied Thermal Engineering.- 2017, vol. 117, s. 76-84 [MNiSW: 40]<\/li>\n\n\n\n<li>Analiza efektywno\u015bci mikrobiologicznej filtr\u00f3w powietrza z warstw\u0105 nanosrebra\u00a0\/\u00a0Mariusz Skwarczy\u0144ski,\u00a0Ewelina Skwarczy\u0144ska-Kalamon\u00a0\/\/\u00a0Rocznik Ochrona \u015arodowiska.- 2016, vol. 18, nr 2, s. 930-939 [MNiSW: 15]<\/li>\n\n\n\n<li>Wp\u0142yw zastosowania filtracji powietrza na moc ch\u0142odnicz\u0105 belki aktywnej\u00a0\/\u00a0Mariusz Skwarczy\u0144ski,\u00a0Ewelina Skwarczy\u0144ska-Kalamon\u00a0\/\/\u00a0Ciep\u0142ownictwo, Ogrzewnictwo, Wentylacja.- 2015, nr 9, s. 362-366 [MNiSW: 10]<\/li>\n\n\n\n<li>Use of personalized ventilation for improving health, comfort, and performance at high room temperature and humidity\u00a0\/\u00a0Arsen K. Melikov,\u00a0Mariusz Skwarczy\u0144ski,\u00a0Jan Kaczmarczyk,\u00a0J. Zabecky\u00a0\/\/\u00a0Indoor Air.- 2013, vol. 23, nr 3, s. 250-263 [MNiSW: 45]<\/li>\n\n\n\n<li>Experimental evaluation of three heating systems commonly used in the residential sector \/ Tomasz Cholewa, Alicja Siuta-Olcha, Mariusz Skwarczy\u0144ski \/\/ Energy and Buildings.- 2011, vol. 43, nr 9, s. 2140-2144<\/li>\n\n\n\n<li>Impact of individually controlled facially applied air movement on perceived air quality at high humidity\u00a0\/ M. A. Skwarczynski, A. K.Melikov, J. Kaczmarczyk, V. Lyubenova \/\/\u00a0Building and Environment.- 2010, vol. 45, nr 10, s. 2170-2176<\/li>\n\n\n\n<li>The influence of air-conditioning system and presence of students on the aerosol concentration in the auditorium\u00a0\/\u00a0Bernard Po\u0142ednik,\u00a0Marzenna Dudzi\u0144ska,\u00a0Mariusz Skwarczy\u0144ski, . \/\/\u00a0Archives of Environmental Protection.- 2009, vol. 35, nr 4, s. 45-53<\/li>\n<\/ol>\n","protected":false},"excerpt":{"rendered":"<p>https:\/\/www.scopus.com\/authid\/detail.uri?authorId=55817552269 https:\/\/orcid.org\/0000-0002-8221-3805 Ksi\u0105\u017cki Wybrane artyku\u0142y<\/p>\n","protected":false},"author":113,"featured_media":0,"parent":11120,"menu_order":0,"comment_status":"closed","ping_status":"closed","template":"","meta":{"ngg_post_thumbnail":0,"footnotes":""},"class_list":["post-11128","page","type-page","status-publish","hentry"],"yoast_head":"<!-- This site is optimized with the Yoast SEO Premium plugin v27.3 (Yoast SEO v27.3) - https:\/\/yoast.com\/product\/yoast-seo-premium-wordpress\/ -->\n<title>Dr in\u017c. Mariusz Skwarczy\u0144ski \u2013 Najwa\u017cniejsze publikacje - Pracownicy PANS w Kro\u015bnie<\/title>\n<meta name=\"robots\" content=\"index, follow, max-snippet:-1, max-image-preview:large, max-video-preview:-1\" \/>\n<link rel=\"canonical\" href=\"https:\/\/pans.krosno.pl\/pracownicy\/mariusz-skwarczynski\/dr-inz-mariusz-skwarczynski-najwazniejsze-publikacje\/\" \/>\n<meta property=\"og:locale\" content=\"pl_PL\" \/>\n<meta property=\"og:type\" content=\"article\" \/>\n<meta property=\"og:title\" content=\"Dr in\u017c. Mariusz Skwarczy\u0144ski \u2013 Najwa\u017cniejsze publikacje\" \/>\n<meta property=\"og:description\" content=\"https:\/\/www.scopus.com\/authid\/detail.uri?authorId=55817552269 https:\/\/orcid.org\/0000-0002-8221-3805 Ksi\u0105\u017cki Wybrane artyku\u0142y\" \/>\n<meta property=\"og:url\" content=\"https:\/\/pans.krosno.pl\/pracownicy\/mariusz-skwarczynski\/dr-inz-mariusz-skwarczynski-najwazniejsze-publikacje\/\" \/>\n<meta property=\"og:site_name\" content=\"Pracownicy PANS w Kro\u015bnie\" \/>\n<meta property=\"article:modified_time\" content=\"2025-05-23T11:31:30+00:00\" \/>\n<meta name=\"twitter:card\" content=\"summary_large_image\" \/>\n<meta name=\"twitter:label1\" content=\"Szacowany czas czytania\" \/>\n\t<meta name=\"twitter:data1\" content=\"4 minuty\" \/>\n<script type=\"application\/ld+json\" class=\"yoast-schema-graph\">{\"@context\":\"https:\\\/\\\/schema.org\",\"@graph\":[{\"@type\":\"WebPage\",\"@id\":\"https:\\\/\\\/pans.krosno.pl\\\/pracownicy\\\/mariusz-skwarczynski\\\/dr-inz-mariusz-skwarczynski-najwazniejsze-publikacje\\\/\",\"url\":\"https:\\\/\\\/pans.krosno.pl\\\/pracownicy\\\/mariusz-skwarczynski\\\/dr-inz-mariusz-skwarczynski-najwazniejsze-publikacje\\\/\",\"name\":\"Dr in\u017c. Mariusz Skwarczy\u0144ski \u2013 Najwa\u017cniejsze publikacje - Pracownicy PANS w Kro\u015bnie\",\"isPartOf\":{\"@id\":\"https:\\\/\\\/pans.krosno.pl\\\/pracownicy\\\/#website\"},\"datePublished\":\"2025-05-23T11:31:29+00:00\",\"dateModified\":\"2025-05-23T11:31:30+00:00\",\"breadcrumb\":{\"@id\":\"https:\\\/\\\/pans.krosno.pl\\\/pracownicy\\\/mariusz-skwarczynski\\\/dr-inz-mariusz-skwarczynski-najwazniejsze-publikacje\\\/#breadcrumb\"},\"inLanguage\":\"pl-PL\",\"potentialAction\":[{\"@type\":\"ReadAction\",\"target\":[\"https:\\\/\\\/pans.krosno.pl\\\/pracownicy\\\/mariusz-skwarczynski\\\/dr-inz-mariusz-skwarczynski-najwazniejsze-publikacje\\\/\"]}]},{\"@type\":\"BreadcrumbList\",\"@id\":\"https:\\\/\\\/pans.krosno.pl\\\/pracownicy\\\/mariusz-skwarczynski\\\/dr-inz-mariusz-skwarczynski-najwazniejsze-publikacje\\\/#breadcrumb\",\"itemListElement\":[{\"@type\":\"ListItem\",\"position\":1,\"name\":\"Strona g\u0142\u00f3wna\",\"item\":\"https:\\\/\\\/pans.krosno.pl\\\/pracownicy\\\/\"},{\"@type\":\"ListItem\",\"position\":2,\"name\":\"dr in\u017c. Mariusz Skwarczy\u0144ski\",\"item\":\"https:\\\/\\\/pans.krosno.pl\\\/pracownicy\\\/mariusz-skwarczynski\\\/\"},{\"@type\":\"ListItem\",\"position\":3,\"name\":\"Dr in\u017c. Mariusz Skwarczy\u0144ski \u2013 Najwa\u017cniejsze publikacje\"}]},{\"@type\":\"WebSite\",\"@id\":\"https:\\\/\\\/pans.krosno.pl\\\/pracownicy\\\/#website\",\"url\":\"https:\\\/\\\/pans.krosno.pl\\\/pracownicy\\\/\",\"name\":\"Pracownicy PANS w Kro\u015bnie\",\"description\":\"Pracownicy - Pa\u0144stwowa Akademia Nauk Stosowanych\",\"publisher\":{\"@id\":\"https:\\\/\\\/pans.krosno.pl\\\/pracownicy\\\/#organization\"},\"potentialAction\":[{\"@type\":\"SearchAction\",\"target\":{\"@type\":\"EntryPoint\",\"urlTemplate\":\"https:\\\/\\\/pans.krosno.pl\\\/pracownicy\\\/?s={search_term_string}\"},\"query-input\":{\"@type\":\"PropertyValueSpecification\",\"valueRequired\":true,\"valueName\":\"search_term_string\"}}],\"inLanguage\":\"pl-PL\"},{\"@type\":\"Organization\",\"@id\":\"https:\\\/\\\/pans.krosno.pl\\\/pracownicy\\\/#organization\",\"name\":\"Pracownicy PANS w Kro\u015bnie\",\"url\":\"https:\\\/\\\/pans.krosno.pl\\\/pracownicy\\\/\",\"logo\":{\"@type\":\"ImageObject\",\"inLanguage\":\"pl-PL\",\"@id\":\"https:\\\/\\\/pans.krosno.pl\\\/pracownicy\\\/#\\\/schema\\\/logo\\\/image\\\/\",\"url\":\"https:\\\/\\\/pans.krosno.pl\\\/pracownicy\\\/wp-content\\\/uploads\\\/sites\\\/41\\\/2023\\\/01\\\/Logo-PANS-2022-pelne.png\",\"contentUrl\":\"https:\\\/\\\/pans.krosno.pl\\\/pracownicy\\\/wp-content\\\/uploads\\\/sites\\\/41\\\/2023\\\/01\\\/Logo-PANS-2022-pelne.png\",\"width\":3096,\"height\":696,\"caption\":\"Pracownicy PANS w Kro\u015bnie\"},\"image\":{\"@id\":\"https:\\\/\\\/pans.krosno.pl\\\/pracownicy\\\/#\\\/schema\\\/logo\\\/image\\\/\"}}]}<\/script>\n<!-- \/ Yoast SEO Premium plugin. -->","yoast_head_json":{"title":"Dr in\u017c. Mariusz Skwarczy\u0144ski \u2013 Najwa\u017cniejsze publikacje - Pracownicy PANS w Kro\u015bnie","robots":{"index":"index","follow":"follow","max-snippet":"max-snippet:-1","max-image-preview":"max-image-preview:large","max-video-preview":"max-video-preview:-1"},"canonical":"https:\/\/pans.krosno.pl\/pracownicy\/mariusz-skwarczynski\/dr-inz-mariusz-skwarczynski-najwazniejsze-publikacje\/","og_locale":"pl_PL","og_type":"article","og_title":"Dr in\u017c. Mariusz Skwarczy\u0144ski \u2013 Najwa\u017cniejsze publikacje","og_description":"https:\/\/www.scopus.com\/authid\/detail.uri?authorId=55817552269 https:\/\/orcid.org\/0000-0002-8221-3805 Ksi\u0105\u017cki Wybrane artyku\u0142y","og_url":"https:\/\/pans.krosno.pl\/pracownicy\/mariusz-skwarczynski\/dr-inz-mariusz-skwarczynski-najwazniejsze-publikacje\/","og_site_name":"Pracownicy PANS w Kro\u015bnie","article_modified_time":"2025-05-23T11:31:30+00:00","twitter_card":"summary_large_image","twitter_misc":{"Szacowany czas czytania":"4 minuty"},"schema":{"@context":"https:\/\/schema.org","@graph":[{"@type":"WebPage","@id":"https:\/\/pans.krosno.pl\/pracownicy\/mariusz-skwarczynski\/dr-inz-mariusz-skwarczynski-najwazniejsze-publikacje\/","url":"https:\/\/pans.krosno.pl\/pracownicy\/mariusz-skwarczynski\/dr-inz-mariusz-skwarczynski-najwazniejsze-publikacje\/","name":"Dr in\u017c. Mariusz Skwarczy\u0144ski \u2013 Najwa\u017cniejsze publikacje - Pracownicy PANS w Kro\u015bnie","isPartOf":{"@id":"https:\/\/pans.krosno.pl\/pracownicy\/#website"},"datePublished":"2025-05-23T11:31:29+00:00","dateModified":"2025-05-23T11:31:30+00:00","breadcrumb":{"@id":"https:\/\/pans.krosno.pl\/pracownicy\/mariusz-skwarczynski\/dr-inz-mariusz-skwarczynski-najwazniejsze-publikacje\/#breadcrumb"},"inLanguage":"pl-PL","potentialAction":[{"@type":"ReadAction","target":["https:\/\/pans.krosno.pl\/pracownicy\/mariusz-skwarczynski\/dr-inz-mariusz-skwarczynski-najwazniejsze-publikacje\/"]}]},{"@type":"BreadcrumbList","@id":"https:\/\/pans.krosno.pl\/pracownicy\/mariusz-skwarczynski\/dr-inz-mariusz-skwarczynski-najwazniejsze-publikacje\/#breadcrumb","itemListElement":[{"@type":"ListItem","position":1,"name":"Strona g\u0142\u00f3wna","item":"https:\/\/pans.krosno.pl\/pracownicy\/"},{"@type":"ListItem","position":2,"name":"dr in\u017c. Mariusz Skwarczy\u0144ski","item":"https:\/\/pans.krosno.pl\/pracownicy\/mariusz-skwarczynski\/"},{"@type":"ListItem","position":3,"name":"Dr in\u017c. Mariusz Skwarczy\u0144ski \u2013 Najwa\u017cniejsze publikacje"}]},{"@type":"WebSite","@id":"https:\/\/pans.krosno.pl\/pracownicy\/#website","url":"https:\/\/pans.krosno.pl\/pracownicy\/","name":"Pracownicy PANS w Kro\u015bnie","description":"Pracownicy - Pa\u0144stwowa Akademia Nauk Stosowanych","publisher":{"@id":"https:\/\/pans.krosno.pl\/pracownicy\/#organization"},"potentialAction":[{"@type":"SearchAction","target":{"@type":"EntryPoint","urlTemplate":"https:\/\/pans.krosno.pl\/pracownicy\/?s={search_term_string}"},"query-input":{"@type":"PropertyValueSpecification","valueRequired":true,"valueName":"search_term_string"}}],"inLanguage":"pl-PL"},{"@type":"Organization","@id":"https:\/\/pans.krosno.pl\/pracownicy\/#organization","name":"Pracownicy PANS w Kro\u015bnie","url":"https:\/\/pans.krosno.pl\/pracownicy\/","logo":{"@type":"ImageObject","inLanguage":"pl-PL","@id":"https:\/\/pans.krosno.pl\/pracownicy\/#\/schema\/logo\/image\/","url":"https:\/\/pans.krosno.pl\/pracownicy\/wp-content\/uploads\/sites\/41\/2023\/01\/Logo-PANS-2022-pelne.png","contentUrl":"https:\/\/pans.krosno.pl\/pracownicy\/wp-content\/uploads\/sites\/41\/2023\/01\/Logo-PANS-2022-pelne.png","width":3096,"height":696,"caption":"Pracownicy PANS w Kro\u015bnie"},"image":{"@id":"https:\/\/pans.krosno.pl\/pracownicy\/#\/schema\/logo\/image\/"}}]}},"_links":{"self":[{"href":"https:\/\/pans.krosno.pl\/pracownicy\/wp-json\/wp\/v2\/pages\/11128","targetHints":{"allow":["GET"]}}],"collection":[{"href":"https:\/\/pans.krosno.pl\/pracownicy\/wp-json\/wp\/v2\/pages"}],"about":[{"href":"https:\/\/pans.krosno.pl\/pracownicy\/wp-json\/wp\/v2\/types\/page"}],"author":[{"embeddable":true,"href":"https:\/\/pans.krosno.pl\/pracownicy\/wp-json\/wp\/v2\/users\/113"}],"replies":[{"embeddable":true,"href":"https:\/\/pans.krosno.pl\/pracownicy\/wp-json\/wp\/v2\/comments?post=11128"}],"version-history":[{"count":1,"href":"https:\/\/pans.krosno.pl\/pracownicy\/wp-json\/wp\/v2\/pages\/11128\/revisions"}],"predecessor-version":[{"id":11129,"href":"https:\/\/pans.krosno.pl\/pracownicy\/wp-json\/wp\/v2\/pages\/11128\/revisions\/11129"}],"up":[{"embeddable":true,"href":"https:\/\/pans.krosno.pl\/pracownicy\/wp-json\/wp\/v2\/pages\/11120"}],"wp:attachment":[{"href":"https:\/\/pans.krosno.pl\/pracownicy\/wp-json\/wp\/v2\/media?parent=11128"}],"curies":[{"name":"wp","href":"https:\/\/api.w.org\/{rel}","templated":true}]}}