{"id":1101,"date":"2020-04-02T11:29:11","date_gmt":"2020-04-02T09:29:11","guid":{"rendered":"https:\/\/pans.krosno.pl\/pracownicy\/?page_id=1101"},"modified":"2025-05-20T13:28:15","modified_gmt":"2025-05-20T11:28:15","slug":"jozef-ryzko-najwazniejsze-publikacje","status":"publish","type":"page","link":"https:\/\/pans.krosno.pl\/pracownicy\/jozef-ryzko\/jozef-ryzko-najwazniejsze-publikacje\/","title":{"rendered":"prof. dr hab. J\u00f3zef Ry\u017cko &#8211; Najwa\u017cniejsze publikacje"},"content":{"rendered":"<hr>\n<p><strong>Wybrane monografie<\/strong><\/p>\n<ol>\n<li>Ry\u017cko J.(red); \u201eChoroby przewodu pokarmowego\u201d w Pediatria\u201d red. W. Kawalec, R. Grenda, H. Zi\u00f3\u0142kowska. Wydawnictwo Lekarskie PZWL, Warszawa 2013 9str. 476- 568.<\/li>\n<li>Ry\u017cko J. Zaparcia i nietrzymanie stolca w &#8222;Gastroenterologia dzieci\u0119ca- podr\u0119cznik do specjalizacji&#8221;. red. P. Socha, D. Lebensztejn, D. Kami\u0144ska. Media Press sp. zoo. Warszawa 2016. str. 62-66.<\/li>\n<li>Ry\u017cko J.: Wymioty cykliczne i migrena brzuszna w &#8222;Gastroenterologia dzieci\u0119ca- podr\u0119cznik do specjalizacji&#8221;. red. P. Socha, D. Lebensztejn, D. Kami\u0144ska. Media Press sp. zoo. Warszawa 2016. str. 57-59.<\/li>\n<li>Ry\u017cko J., Oracz G.: Wady i choroby wrodzone trzustki&#8221; w &#8222;Wielka Interna. Gastroenterologia&#8221; red. A. D\u0105browski. Medical Tribune, Warszawa 2019, Wyd. II, cz. II str.731-739.<\/li>\n<\/ol>\n<p><strong>Wybrane artyku\u0142y w czasopismach mi\u0119dzynarodowych<\/strong><\/p>\n<ol>\n<li>Jankowska I., CzubkowskiP., Kalici\u0144ski P., Ismail H., Kowalski A., Ry\u017cko J., Paw\u0142owska J.: Ileal exclusion in children with progressive familial intrahepatic cholestasis. J. Ped. Gastr. Nutr., 2014, 58, 92-95.<\/li>\n<li>Oracz G., Pertkiewicz J., Kierku\u015b J., D\u0105dalski M., Socha J., Ry\u017cko J.: Efficiency of pancreatic duct stenting therapy in children with chronic pancreatitis. Clin. Endosc., 2014, 80,1022- 1029.<\/li>\n<li>Pac M., Bernatowska E., Kierku\u015b J., Ry\u017cko J., Cielecka- Kuszyk J., Jackowska T., Miko\u0142u\u0107 B.: Gastrointestinal disorders next to respiratory infections as leading symptoms of X-linked agammaglobulinemia in children &#8211; 34 year experience of single center. Arch.Med. Sci., 2017, 13, 2, 412- 417.<\/li>\n<\/ol>\n<p><strong>Wybrane artyku\u0142y w czasopismach polskich<\/strong><\/p>\n<ol>\n<li>Dobrza\u0144ska A., Charzewska J., Weker H., Socha P., Mojska H., Ksi\u0105\u017cyk J., Gajewska D., Szajewska H., Stolarczyk A., Mar\u0107 M., Czerwionka- Szaflarska M., Ry\u017cko J., W\u0105sowska -Kr\u00f3likowska K., Chwojnowska Z., Chybicka A., Horvath A., Socha J.: Normy \u017cywienia zdrowych dzieci w 1.-3. roku \u017cycia- stanowisko Plskiej Grupy Ekspert\u00f3w. Cz\u0119\u015b\u0107 II Om\u00f3wienie poszczeg\u00f3lnych sk\u0142adnik\u00f3w od\u017cywczych, Stand. Med., 2012,9, 319- 324.<\/li>\n<li>Iwa\u0144czak B., Ry\u017cko J., Kierku\u015b J., Jankowski P., i inni.: Leczenie biologiczne nieswoistych zapale\u0144 jelit u dzieci w latach 2004- 2013. Pol. Merk. Lek, 2014, 36, 311-315.<\/li>\n<li>Kierku\u015b J., Szczepa\u0144ski M., Gliwicz D., D\u0105dalski M., Kotlarz D., Klein Ch., Ry\u017cko J., Socha P.: Interleukin 10 receptor deficiency in a Polish pediatric patient with early onset inflammatory bowel disease. Przeg. Gastroenterol., 2013, 8 (3), 202- 205.<\/li>\n<li>Binkowska-Bury M., Marc M., Nagorska M., Januszewicz P., Ry\u017cko J.: The opinions of Polish nurses and patients on nursing protests. Coll. Antropol., 2013, 37, 3, 691-699.<\/li>\n<li>Jankowska I., CzubkowskiP., Kalici\u0144ski P., Ismail H., Kowalski A., Ry\u017cko J., Paw\u0142owska J.: Ileal exclusion in children with progressive familial intrahepatic cholestasis. J. Ped. Gastr. Nutr., 2014, 58, 92-95.<\/li>\n<li>Jarz\u0119bicka D., Sieczkowska J., Ry\u017cko J., Oracz G.: Terapia biofeedback w leczeniu czynno\u015bciowego zaparcia stolca. Stand. Med., 2014, 11, 3, 396- 401.<\/li>\n<li>Ry\u017cko J., Ry\u017cko J.: Profilaktyka zaparcia stolca u dzieci. Stand. Med. Profil. Zdrow., 2016, 1, 63-68.<\/li>\n<li>Ry\u017cko J., Ry\u017cko J.: Manifestacje pozajelitowe nieswoistych zapalnych chor\u00f3b jelit. Stand. Med. Pediatria, 2018, 15, 224-236.<\/li>\n<\/ol>\n<hr>\n<p>&nbsp;<\/p>\n","protected":false},"excerpt":{"rendered":"<p>Wybrane monografie Ry\u017cko J.(red); \u201eChoroby przewodu pokarmowego\u201d w Pediatria\u201d red. W. Kawalec, R. Grenda, H. Zi\u00f3\u0142kowska. Wydawnictwo Lekarskie PZWL, Warszawa 2013 9str. 476- 568. Ry\u017cko J. Zaparcia i nietrzymanie stolca w &#8222;Gastroenterologia dzieci\u0119ca- podr\u0119cznik do specjalizacji&#8221;. red. P. Socha, D. Lebensztejn, D. Kami\u0144ska. Media Press sp. zoo. Warszawa 2016. str. [\u2026] <\/p>\n<div class=\"clear\"><\/div>\n<p><a class=\"more_link clearfix\" href=\"https:\/\/pans.krosno.pl\/pracownicy\/jozef-ryzko\/jozef-ryzko-najwazniejsze-publikacje\/\" rel=\"nofollow\">Read More<\/a><\/p>\n","protected":false},"author":34,"featured_media":0,"parent":1088,"menu_order":0,"comment_status":"closed","ping_status":"closed","template":"","meta":{"ngg_post_thumbnail":0,"footnotes":""},"class_list":["post-1101","page","type-page","status-publish","hentry"],"yoast_head":"<!-- This site is optimized with the Yoast SEO Premium plugin v27.3 (Yoast SEO v27.3) - https:\/\/yoast.com\/product\/yoast-seo-premium-wordpress\/ -->\n<title>prof. dr hab. J\u00f3zef Ry\u017cko - Najwa\u017cniejsze publikacje - Pracownicy PANS w Kro\u015bnie<\/title>\n<meta name=\"robots\" content=\"index, follow, max-snippet:-1, max-image-preview:large, max-video-preview:-1\" \/>\n<link rel=\"canonical\" href=\"https:\/\/pans.krosno.pl\/pracownicy\/jozef-ryzko\/jozef-ryzko-najwazniejsze-publikacje\/\" \/>\n<meta property=\"og:locale\" content=\"pl_PL\" \/>\n<meta property=\"og:type\" content=\"article\" \/>\n<meta property=\"og:title\" content=\"prof. dr hab. J\u00f3zef Ry\u017cko - Najwa\u017cniejsze publikacje\" \/>\n<meta property=\"og:description\" content=\"Wybrane monografie Ry\u017cko J.(red); \u201eChoroby przewodu pokarmowego\u201d w Pediatria\u201d red. W. Kawalec, R. Grenda, H. Zi\u00f3\u0142kowska. Wydawnictwo Lekarskie PZWL, Warszawa 2013 9str. 476- 568. Ry\u017cko J. Zaparcia i nietrzymanie stolca w &#8222;Gastroenterologia dzieci\u0119ca- podr\u0119cznik do specjalizacji&#8221;. red. P. Socha, D. Lebensztejn, D. Kami\u0144ska. Media Press sp. zoo. Warszawa 2016. str. [\u2026] Read More\" \/>\n<meta property=\"og:url\" content=\"https:\/\/pans.krosno.pl\/pracownicy\/jozef-ryzko\/jozef-ryzko-najwazniejsze-publikacje\/\" \/>\n<meta property=\"og:site_name\" content=\"Pracownicy PANS w Kro\u015bnie\" \/>\n<meta property=\"article:modified_time\" content=\"2025-05-20T11:28:15+00:00\" \/>\n<meta name=\"twitter:card\" content=\"summary_large_image\" \/>\n<meta name=\"twitter:label1\" content=\"Szacowany czas czytania\" \/>\n\t<meta name=\"twitter:data1\" content=\"3 minuty\" \/>\n<script type=\"application\/ld+json\" class=\"yoast-schema-graph\">{\"@context\":\"https:\\\/\\\/schema.org\",\"@graph\":[{\"@type\":\"WebPage\",\"@id\":\"https:\\\/\\\/pans.krosno.pl\\\/pracownicy\\\/jozef-ryzko\\\/jozef-ryzko-najwazniejsze-publikacje\\\/\",\"url\":\"https:\\\/\\\/pans.krosno.pl\\\/pracownicy\\\/jozef-ryzko\\\/jozef-ryzko-najwazniejsze-publikacje\\\/\",\"name\":\"prof. dr hab. J\u00f3zef Ry\u017cko - Najwa\u017cniejsze publikacje - Pracownicy PANS w Kro\u015bnie\",\"isPartOf\":{\"@id\":\"https:\\\/\\\/pans.krosno.pl\\\/pracownicy\\\/#website\"},\"datePublished\":\"2020-04-02T09:29:11+00:00\",\"dateModified\":\"2025-05-20T11:28:15+00:00\",\"breadcrumb\":{\"@id\":\"https:\\\/\\\/pans.krosno.pl\\\/pracownicy\\\/jozef-ryzko\\\/jozef-ryzko-najwazniejsze-publikacje\\\/#breadcrumb\"},\"inLanguage\":\"pl-PL\",\"potentialAction\":[{\"@type\":\"ReadAction\",\"target\":[\"https:\\\/\\\/pans.krosno.pl\\\/pracownicy\\\/jozef-ryzko\\\/jozef-ryzko-najwazniejsze-publikacje\\\/\"]}]},{\"@type\":\"BreadcrumbList\",\"@id\":\"https:\\\/\\\/pans.krosno.pl\\\/pracownicy\\\/jozef-ryzko\\\/jozef-ryzko-najwazniejsze-publikacje\\\/#breadcrumb\",\"itemListElement\":[{\"@type\":\"ListItem\",\"position\":1,\"name\":\"Strona g\u0142\u00f3wna\",\"item\":\"https:\\\/\\\/pans.krosno.pl\\\/pracownicy\\\/\"},{\"@type\":\"ListItem\",\"position\":2,\"name\":\"prof. dr hab. J\u00f3zef Ry\u017cko\",\"item\":\"https:\\\/\\\/pans.krosno.pl\\\/pracownicy\\\/jozef-ryzko\\\/\"},{\"@type\":\"ListItem\",\"position\":3,\"name\":\"prof. dr hab. J\u00f3zef Ry\u017cko &#8211; Najwa\u017cniejsze publikacje\"}]},{\"@type\":\"WebSite\",\"@id\":\"https:\\\/\\\/pans.krosno.pl\\\/pracownicy\\\/#website\",\"url\":\"https:\\\/\\\/pans.krosno.pl\\\/pracownicy\\\/\",\"name\":\"Pracownicy PANS w Kro\u015bnie\",\"description\":\"Pracownicy - Pa\u0144stwowa Akademia Nauk Stosowanych\",\"publisher\":{\"@id\":\"https:\\\/\\\/pans.krosno.pl\\\/pracownicy\\\/#organization\"},\"potentialAction\":[{\"@type\":\"SearchAction\",\"target\":{\"@type\":\"EntryPoint\",\"urlTemplate\":\"https:\\\/\\\/pans.krosno.pl\\\/pracownicy\\\/?s={search_term_string}\"},\"query-input\":{\"@type\":\"PropertyValueSpecification\",\"valueRequired\":true,\"valueName\":\"search_term_string\"}}],\"inLanguage\":\"pl-PL\"},{\"@type\":\"Organization\",\"@id\":\"https:\\\/\\\/pans.krosno.pl\\\/pracownicy\\\/#organization\",\"name\":\"Pracownicy PANS w Kro\u015bnie\",\"url\":\"https:\\\/\\\/pans.krosno.pl\\\/pracownicy\\\/\",\"logo\":{\"@type\":\"ImageObject\",\"inLanguage\":\"pl-PL\",\"@id\":\"https:\\\/\\\/pans.krosno.pl\\\/pracownicy\\\/#\\\/schema\\\/logo\\\/image\\\/\",\"url\":\"https:\\\/\\\/pans.krosno.pl\\\/pracownicy\\\/wp-content\\\/uploads\\\/sites\\\/41\\\/2023\\\/01\\\/Logo-PANS-2022-pelne.png\",\"contentUrl\":\"https:\\\/\\\/pans.krosno.pl\\\/pracownicy\\\/wp-content\\\/uploads\\\/sites\\\/41\\\/2023\\\/01\\\/Logo-PANS-2022-pelne.png\",\"width\":3096,\"height\":696,\"caption\":\"Pracownicy PANS w Kro\u015bnie\"},\"image\":{\"@id\":\"https:\\\/\\\/pans.krosno.pl\\\/pracownicy\\\/#\\\/schema\\\/logo\\\/image\\\/\"}}]}<\/script>\n<!-- \/ Yoast SEO Premium plugin. -->","yoast_head_json":{"title":"prof. dr hab. J\u00f3zef Ry\u017cko - Najwa\u017cniejsze publikacje - Pracownicy PANS w Kro\u015bnie","robots":{"index":"index","follow":"follow","max-snippet":"max-snippet:-1","max-image-preview":"max-image-preview:large","max-video-preview":"max-video-preview:-1"},"canonical":"https:\/\/pans.krosno.pl\/pracownicy\/jozef-ryzko\/jozef-ryzko-najwazniejsze-publikacje\/","og_locale":"pl_PL","og_type":"article","og_title":"prof. dr hab. J\u00f3zef Ry\u017cko - Najwa\u017cniejsze publikacje","og_description":"Wybrane monografie Ry\u017cko J.(red); \u201eChoroby przewodu pokarmowego\u201d w Pediatria\u201d red. W. Kawalec, R. Grenda, H. Zi\u00f3\u0142kowska. Wydawnictwo Lekarskie PZWL, Warszawa 2013 9str. 476- 568. Ry\u017cko J. Zaparcia i nietrzymanie stolca w &#8222;Gastroenterologia dzieci\u0119ca- podr\u0119cznik do specjalizacji&#8221;. red. P. Socha, D. Lebensztejn, D. Kami\u0144ska. Media Press sp. zoo. Warszawa 2016. str. [\u2026] Read More","og_url":"https:\/\/pans.krosno.pl\/pracownicy\/jozef-ryzko\/jozef-ryzko-najwazniejsze-publikacje\/","og_site_name":"Pracownicy PANS w Kro\u015bnie","article_modified_time":"2025-05-20T11:28:15+00:00","twitter_card":"summary_large_image","twitter_misc":{"Szacowany czas czytania":"3 minuty"},"schema":{"@context":"https:\/\/schema.org","@graph":[{"@type":"WebPage","@id":"https:\/\/pans.krosno.pl\/pracownicy\/jozef-ryzko\/jozef-ryzko-najwazniejsze-publikacje\/","url":"https:\/\/pans.krosno.pl\/pracownicy\/jozef-ryzko\/jozef-ryzko-najwazniejsze-publikacje\/","name":"prof. dr hab. J\u00f3zef Ry\u017cko - Najwa\u017cniejsze publikacje - Pracownicy PANS w Kro\u015bnie","isPartOf":{"@id":"https:\/\/pans.krosno.pl\/pracownicy\/#website"},"datePublished":"2020-04-02T09:29:11+00:00","dateModified":"2025-05-20T11:28:15+00:00","breadcrumb":{"@id":"https:\/\/pans.krosno.pl\/pracownicy\/jozef-ryzko\/jozef-ryzko-najwazniejsze-publikacje\/#breadcrumb"},"inLanguage":"pl-PL","potentialAction":[{"@type":"ReadAction","target":["https:\/\/pans.krosno.pl\/pracownicy\/jozef-ryzko\/jozef-ryzko-najwazniejsze-publikacje\/"]}]},{"@type":"BreadcrumbList","@id":"https:\/\/pans.krosno.pl\/pracownicy\/jozef-ryzko\/jozef-ryzko-najwazniejsze-publikacje\/#breadcrumb","itemListElement":[{"@type":"ListItem","position":1,"name":"Strona g\u0142\u00f3wna","item":"https:\/\/pans.krosno.pl\/pracownicy\/"},{"@type":"ListItem","position":2,"name":"prof. dr hab. J\u00f3zef Ry\u017cko","item":"https:\/\/pans.krosno.pl\/pracownicy\/jozef-ryzko\/"},{"@type":"ListItem","position":3,"name":"prof. dr hab. J\u00f3zef Ry\u017cko &#8211; Najwa\u017cniejsze publikacje"}]},{"@type":"WebSite","@id":"https:\/\/pans.krosno.pl\/pracownicy\/#website","url":"https:\/\/pans.krosno.pl\/pracownicy\/","name":"Pracownicy PANS w Kro\u015bnie","description":"Pracownicy - Pa\u0144stwowa Akademia Nauk Stosowanych","publisher":{"@id":"https:\/\/pans.krosno.pl\/pracownicy\/#organization"},"potentialAction":[{"@type":"SearchAction","target":{"@type":"EntryPoint","urlTemplate":"https:\/\/pans.krosno.pl\/pracownicy\/?s={search_term_string}"},"query-input":{"@type":"PropertyValueSpecification","valueRequired":true,"valueName":"search_term_string"}}],"inLanguage":"pl-PL"},{"@type":"Organization","@id":"https:\/\/pans.krosno.pl\/pracownicy\/#organization","name":"Pracownicy PANS w Kro\u015bnie","url":"https:\/\/pans.krosno.pl\/pracownicy\/","logo":{"@type":"ImageObject","inLanguage":"pl-PL","@id":"https:\/\/pans.krosno.pl\/pracownicy\/#\/schema\/logo\/image\/","url":"https:\/\/pans.krosno.pl\/pracownicy\/wp-content\/uploads\/sites\/41\/2023\/01\/Logo-PANS-2022-pelne.png","contentUrl":"https:\/\/pans.krosno.pl\/pracownicy\/wp-content\/uploads\/sites\/41\/2023\/01\/Logo-PANS-2022-pelne.png","width":3096,"height":696,"caption":"Pracownicy PANS w Kro\u015bnie"},"image":{"@id":"https:\/\/pans.krosno.pl\/pracownicy\/#\/schema\/logo\/image\/"}}]}},"_links":{"self":[{"href":"https:\/\/pans.krosno.pl\/pracownicy\/wp-json\/wp\/v2\/pages\/1101","targetHints":{"allow":["GET"]}}],"collection":[{"href":"https:\/\/pans.krosno.pl\/pracownicy\/wp-json\/wp\/v2\/pages"}],"about":[{"href":"https:\/\/pans.krosno.pl\/pracownicy\/wp-json\/wp\/v2\/types\/page"}],"author":[{"embeddable":true,"href":"https:\/\/pans.krosno.pl\/pracownicy\/wp-json\/wp\/v2\/users\/34"}],"replies":[{"embeddable":true,"href":"https:\/\/pans.krosno.pl\/pracownicy\/wp-json\/wp\/v2\/comments?post=1101"}],"version-history":[{"count":7,"href":"https:\/\/pans.krosno.pl\/pracownicy\/wp-json\/wp\/v2\/pages\/1101\/revisions"}],"predecessor-version":[{"id":10935,"href":"https:\/\/pans.krosno.pl\/pracownicy\/wp-json\/wp\/v2\/pages\/1101\/revisions\/10935"}],"up":[{"embeddable":true,"href":"https:\/\/pans.krosno.pl\/pracownicy\/wp-json\/wp\/v2\/pages\/1088"}],"wp:attachment":[{"href":"https:\/\/pans.krosno.pl\/pracownicy\/wp-json\/wp\/v2\/media?parent=1101"}],"curies":[{"name":"wp","href":"https:\/\/api.w.org\/{rel}","templated":true}]}}