{"id":1097,"date":"2020-04-02T11:27:52","date_gmt":"2020-04-02T09:27:52","guid":{"rendered":"https:\/\/pans.krosno.pl\/pracownicy\/?page_id=1097"},"modified":"2025-05-20T13:28:11","modified_gmt":"2025-05-20T11:28:11","slug":"jozef-ryzko-doswiadczenie-pozauczelniane","status":"publish","type":"page","link":"https:\/\/pans.krosno.pl\/pracownicy\/jozef-ryzko\/jozef-ryzko-doswiadczenie-pozauczelniane\/","title":{"rendered":"prof. dr hab. J\u00f3zef Ry\u017cko &#8211; Do\u015bwiadczenie pozauczelniane"},"content":{"rendered":"<hr>\n<ul>\n<li>Zatrudnienie w Oddziale Dzieci\u0119cym Szpitala Wojew\u00f3dzkiego w Zielonej G\u00f3rze na stanowisku kolejno asystenta i starszego asystenta,<\/li>\n<li>w okresie od 1980 r. do 2016 r. (przej\u015bcie na emerytur\u0119) &#8211; Zatrudnienie w Klinice Gastroenterologii, Hepatologii, Zaburze\u0144 Od\u017cywiania i Pediatrii Instytutu Pomnika Centrum Zdrowia Dziecka w Warszawie na etatach kolejno starszego asystenta, adiunkta, docenta i profesora,<\/li>\n<li>w okresie od 1990 r. do 2009 r.&nbsp; &#8211; Stanowisko zast\u0119pcy kierownika w\/w Kliniki,<\/li>\n<li>w okresie od 2009 r. do 2016 r. &#8211; Stanowisko kierownika w\/w Kliniki,<\/li>\n<li>W okresie od 2004 r. do 2018 r. zatrudnienie w Instytucie Piel\u0119gniarstwa i Nauk o Zdrowiu Uniwersytetu Rzeszowskiego na stanowisku profesora zwyczajnego,<\/li>\n<li>od 2005 r. &#8211; zatrudnienie w Zak\u0142adzie Piel\u0119gniarstwa Pa\u0144stwowej Wy\u017cszej Szko\u0142y Zawodowej w Kro\u015bnie, Karpackiej Pa\u0144stwowej Uczelni w Kro\u015bnie, obecnie Pa\u0144stwowej Akademii Nauk Stosowanych w Kro\u015bnie na etacie profesora &#8211; zatrudnienie jest kontynuowane,<\/li>\n<li>Lipiec 2019 r. &#8211; Kliniczny Oddzia\u0142 Pediatrii Szpitala Uniwersyteckiego w Zielonej G\u00f3rze.<\/li>\n<\/ul>\n<hr>\n<p>&nbsp;<\/p>\n","protected":false},"excerpt":{"rendered":"<p>Zatrudnienie w Oddziale Dzieci\u0119cym Szpitala Wojew\u00f3dzkiego w Zielonej G\u00f3rze na stanowisku kolejno asystenta i starszego asystenta, w okresie od 1980 r. do 2016 r. (przej\u015bcie na emerytur\u0119) &#8211; Zatrudnienie w Klinice Gastroenterologii, Hepatologii, Zaburze\u0144 Od\u017cywiania i Pediatrii Instytutu Pomnika Centrum Zdrowia Dziecka w Warszawie na etatach kolejno starszego asystenta, adiunkta, [\u2026] <\/p>\n<div class=\"clear\"><\/div>\n<p><a class=\"more_link clearfix\" href=\"https:\/\/pans.krosno.pl\/pracownicy\/jozef-ryzko\/jozef-ryzko-doswiadczenie-pozauczelniane\/\" rel=\"nofollow\">Read More<\/a><\/p>\n","protected":false},"author":34,"featured_media":0,"parent":1088,"menu_order":0,"comment_status":"closed","ping_status":"closed","template":"","meta":{"ngg_post_thumbnail":0,"footnotes":""},"class_list":["post-1097","page","type-page","status-publish","hentry"],"yoast_head":"<!-- This site is optimized with the Yoast SEO Premium plugin v27.3 (Yoast SEO v27.3) - https:\/\/yoast.com\/product\/yoast-seo-premium-wordpress\/ -->\n<title>prof. dr hab. J\u00f3zef Ry\u017cko - Do\u015bwiadczenie pozauczelniane - Pracownicy PANS w Kro\u015bnie<\/title>\n<meta name=\"robots\" content=\"index, follow, max-snippet:-1, max-image-preview:large, max-video-preview:-1\" \/>\n<link rel=\"canonical\" href=\"https:\/\/pans.krosno.pl\/pracownicy\/jozef-ryzko\/jozef-ryzko-doswiadczenie-pozauczelniane\/\" \/>\n<meta property=\"og:locale\" content=\"pl_PL\" \/>\n<meta property=\"og:type\" content=\"article\" \/>\n<meta property=\"og:title\" content=\"prof. dr hab. J\u00f3zef Ry\u017cko - Do\u015bwiadczenie pozauczelniane\" \/>\n<meta property=\"og:description\" content=\"Zatrudnienie w Oddziale Dzieci\u0119cym Szpitala Wojew\u00f3dzkiego w Zielonej G\u00f3rze na stanowisku kolejno asystenta i starszego asystenta, w okresie od 1980 r. do 2016 r. (przej\u015bcie na emerytur\u0119) &#8211; Zatrudnienie w Klinice Gastroenterologii, Hepatologii, Zaburze\u0144 Od\u017cywiania i Pediatrii Instytutu Pomnika Centrum Zdrowia Dziecka w Warszawie na etatach kolejno starszego asystenta, adiunkta, [\u2026] Read More\" \/>\n<meta property=\"og:url\" content=\"https:\/\/pans.krosno.pl\/pracownicy\/jozef-ryzko\/jozef-ryzko-doswiadczenie-pozauczelniane\/\" \/>\n<meta property=\"og:site_name\" content=\"Pracownicy PANS w Kro\u015bnie\" \/>\n<meta property=\"article:modified_time\" content=\"2025-05-20T11:28:11+00:00\" \/>\n<meta name=\"twitter:card\" content=\"summary_large_image\" \/>\n<meta name=\"twitter:label1\" content=\"Szacowany czas czytania\" \/>\n\t<meta name=\"twitter:data1\" content=\"1 minuta\" \/>\n<script type=\"application\/ld+json\" class=\"yoast-schema-graph\">{\"@context\":\"https:\\\/\\\/schema.org\",\"@graph\":[{\"@type\":\"WebPage\",\"@id\":\"https:\\\/\\\/pans.krosno.pl\\\/pracownicy\\\/jozef-ryzko\\\/jozef-ryzko-doswiadczenie-pozauczelniane\\\/\",\"url\":\"https:\\\/\\\/pans.krosno.pl\\\/pracownicy\\\/jozef-ryzko\\\/jozef-ryzko-doswiadczenie-pozauczelniane\\\/\",\"name\":\"prof. dr hab. J\u00f3zef Ry\u017cko - Do\u015bwiadczenie pozauczelniane - Pracownicy PANS w Kro\u015bnie\",\"isPartOf\":{\"@id\":\"https:\\\/\\\/pans.krosno.pl\\\/pracownicy\\\/#website\"},\"datePublished\":\"2020-04-02T09:27:52+00:00\",\"dateModified\":\"2025-05-20T11:28:11+00:00\",\"breadcrumb\":{\"@id\":\"https:\\\/\\\/pans.krosno.pl\\\/pracownicy\\\/jozef-ryzko\\\/jozef-ryzko-doswiadczenie-pozauczelniane\\\/#breadcrumb\"},\"inLanguage\":\"pl-PL\",\"potentialAction\":[{\"@type\":\"ReadAction\",\"target\":[\"https:\\\/\\\/pans.krosno.pl\\\/pracownicy\\\/jozef-ryzko\\\/jozef-ryzko-doswiadczenie-pozauczelniane\\\/\"]}]},{\"@type\":\"BreadcrumbList\",\"@id\":\"https:\\\/\\\/pans.krosno.pl\\\/pracownicy\\\/jozef-ryzko\\\/jozef-ryzko-doswiadczenie-pozauczelniane\\\/#breadcrumb\",\"itemListElement\":[{\"@type\":\"ListItem\",\"position\":1,\"name\":\"Strona g\u0142\u00f3wna\",\"item\":\"https:\\\/\\\/pans.krosno.pl\\\/pracownicy\\\/\"},{\"@type\":\"ListItem\",\"position\":2,\"name\":\"prof. dr hab. J\u00f3zef Ry\u017cko\",\"item\":\"https:\\\/\\\/pans.krosno.pl\\\/pracownicy\\\/jozef-ryzko\\\/\"},{\"@type\":\"ListItem\",\"position\":3,\"name\":\"prof. dr hab. J\u00f3zef Ry\u017cko &#8211; Do\u015bwiadczenie pozauczelniane\"}]},{\"@type\":\"WebSite\",\"@id\":\"https:\\\/\\\/pans.krosno.pl\\\/pracownicy\\\/#website\",\"url\":\"https:\\\/\\\/pans.krosno.pl\\\/pracownicy\\\/\",\"name\":\"Pracownicy PANS w Kro\u015bnie\",\"description\":\"Pracownicy - Pa\u0144stwowa Akademia Nauk Stosowanych\",\"publisher\":{\"@id\":\"https:\\\/\\\/pans.krosno.pl\\\/pracownicy\\\/#organization\"},\"potentialAction\":[{\"@type\":\"SearchAction\",\"target\":{\"@type\":\"EntryPoint\",\"urlTemplate\":\"https:\\\/\\\/pans.krosno.pl\\\/pracownicy\\\/?s={search_term_string}\"},\"query-input\":{\"@type\":\"PropertyValueSpecification\",\"valueRequired\":true,\"valueName\":\"search_term_string\"}}],\"inLanguage\":\"pl-PL\"},{\"@type\":\"Organization\",\"@id\":\"https:\\\/\\\/pans.krosno.pl\\\/pracownicy\\\/#organization\",\"name\":\"Pracownicy PANS w Kro\u015bnie\",\"url\":\"https:\\\/\\\/pans.krosno.pl\\\/pracownicy\\\/\",\"logo\":{\"@type\":\"ImageObject\",\"inLanguage\":\"pl-PL\",\"@id\":\"https:\\\/\\\/pans.krosno.pl\\\/pracownicy\\\/#\\\/schema\\\/logo\\\/image\\\/\",\"url\":\"https:\\\/\\\/pans.krosno.pl\\\/pracownicy\\\/wp-content\\\/uploads\\\/sites\\\/41\\\/2023\\\/01\\\/Logo-PANS-2022-pelne.png\",\"contentUrl\":\"https:\\\/\\\/pans.krosno.pl\\\/pracownicy\\\/wp-content\\\/uploads\\\/sites\\\/41\\\/2023\\\/01\\\/Logo-PANS-2022-pelne.png\",\"width\":3096,\"height\":696,\"caption\":\"Pracownicy PANS w Kro\u015bnie\"},\"image\":{\"@id\":\"https:\\\/\\\/pans.krosno.pl\\\/pracownicy\\\/#\\\/schema\\\/logo\\\/image\\\/\"}}]}<\/script>\n<!-- \/ Yoast SEO Premium plugin. -->","yoast_head_json":{"title":"prof. dr hab. J\u00f3zef Ry\u017cko - Do\u015bwiadczenie pozauczelniane - Pracownicy PANS w Kro\u015bnie","robots":{"index":"index","follow":"follow","max-snippet":"max-snippet:-1","max-image-preview":"max-image-preview:large","max-video-preview":"max-video-preview:-1"},"canonical":"https:\/\/pans.krosno.pl\/pracownicy\/jozef-ryzko\/jozef-ryzko-doswiadczenie-pozauczelniane\/","og_locale":"pl_PL","og_type":"article","og_title":"prof. dr hab. J\u00f3zef Ry\u017cko - Do\u015bwiadczenie pozauczelniane","og_description":"Zatrudnienie w Oddziale Dzieci\u0119cym Szpitala Wojew\u00f3dzkiego w Zielonej G\u00f3rze na stanowisku kolejno asystenta i starszego asystenta, w okresie od 1980 r. do 2016 r. (przej\u015bcie na emerytur\u0119) &#8211; Zatrudnienie w Klinice Gastroenterologii, Hepatologii, Zaburze\u0144 Od\u017cywiania i Pediatrii Instytutu Pomnika Centrum Zdrowia Dziecka w Warszawie na etatach kolejno starszego asystenta, adiunkta, [\u2026] Read More","og_url":"https:\/\/pans.krosno.pl\/pracownicy\/jozef-ryzko\/jozef-ryzko-doswiadczenie-pozauczelniane\/","og_site_name":"Pracownicy PANS w Kro\u015bnie","article_modified_time":"2025-05-20T11:28:11+00:00","twitter_card":"summary_large_image","twitter_misc":{"Szacowany czas czytania":"1 minuta"},"schema":{"@context":"https:\/\/schema.org","@graph":[{"@type":"WebPage","@id":"https:\/\/pans.krosno.pl\/pracownicy\/jozef-ryzko\/jozef-ryzko-doswiadczenie-pozauczelniane\/","url":"https:\/\/pans.krosno.pl\/pracownicy\/jozef-ryzko\/jozef-ryzko-doswiadczenie-pozauczelniane\/","name":"prof. dr hab. J\u00f3zef Ry\u017cko - Do\u015bwiadczenie pozauczelniane - Pracownicy PANS w Kro\u015bnie","isPartOf":{"@id":"https:\/\/pans.krosno.pl\/pracownicy\/#website"},"datePublished":"2020-04-02T09:27:52+00:00","dateModified":"2025-05-20T11:28:11+00:00","breadcrumb":{"@id":"https:\/\/pans.krosno.pl\/pracownicy\/jozef-ryzko\/jozef-ryzko-doswiadczenie-pozauczelniane\/#breadcrumb"},"inLanguage":"pl-PL","potentialAction":[{"@type":"ReadAction","target":["https:\/\/pans.krosno.pl\/pracownicy\/jozef-ryzko\/jozef-ryzko-doswiadczenie-pozauczelniane\/"]}]},{"@type":"BreadcrumbList","@id":"https:\/\/pans.krosno.pl\/pracownicy\/jozef-ryzko\/jozef-ryzko-doswiadczenie-pozauczelniane\/#breadcrumb","itemListElement":[{"@type":"ListItem","position":1,"name":"Strona g\u0142\u00f3wna","item":"https:\/\/pans.krosno.pl\/pracownicy\/"},{"@type":"ListItem","position":2,"name":"prof. dr hab. J\u00f3zef Ry\u017cko","item":"https:\/\/pans.krosno.pl\/pracownicy\/jozef-ryzko\/"},{"@type":"ListItem","position":3,"name":"prof. dr hab. J\u00f3zef Ry\u017cko &#8211; Do\u015bwiadczenie pozauczelniane"}]},{"@type":"WebSite","@id":"https:\/\/pans.krosno.pl\/pracownicy\/#website","url":"https:\/\/pans.krosno.pl\/pracownicy\/","name":"Pracownicy PANS w Kro\u015bnie","description":"Pracownicy - Pa\u0144stwowa Akademia Nauk Stosowanych","publisher":{"@id":"https:\/\/pans.krosno.pl\/pracownicy\/#organization"},"potentialAction":[{"@type":"SearchAction","target":{"@type":"EntryPoint","urlTemplate":"https:\/\/pans.krosno.pl\/pracownicy\/?s={search_term_string}"},"query-input":{"@type":"PropertyValueSpecification","valueRequired":true,"valueName":"search_term_string"}}],"inLanguage":"pl-PL"},{"@type":"Organization","@id":"https:\/\/pans.krosno.pl\/pracownicy\/#organization","name":"Pracownicy PANS w Kro\u015bnie","url":"https:\/\/pans.krosno.pl\/pracownicy\/","logo":{"@type":"ImageObject","inLanguage":"pl-PL","@id":"https:\/\/pans.krosno.pl\/pracownicy\/#\/schema\/logo\/image\/","url":"https:\/\/pans.krosno.pl\/pracownicy\/wp-content\/uploads\/sites\/41\/2023\/01\/Logo-PANS-2022-pelne.png","contentUrl":"https:\/\/pans.krosno.pl\/pracownicy\/wp-content\/uploads\/sites\/41\/2023\/01\/Logo-PANS-2022-pelne.png","width":3096,"height":696,"caption":"Pracownicy PANS w Kro\u015bnie"},"image":{"@id":"https:\/\/pans.krosno.pl\/pracownicy\/#\/schema\/logo\/image\/"}}]}},"_links":{"self":[{"href":"https:\/\/pans.krosno.pl\/pracownicy\/wp-json\/wp\/v2\/pages\/1097","targetHints":{"allow":["GET"]}}],"collection":[{"href":"https:\/\/pans.krosno.pl\/pracownicy\/wp-json\/wp\/v2\/pages"}],"about":[{"href":"https:\/\/pans.krosno.pl\/pracownicy\/wp-json\/wp\/v2\/types\/page"}],"author":[{"embeddable":true,"href":"https:\/\/pans.krosno.pl\/pracownicy\/wp-json\/wp\/v2\/users\/34"}],"replies":[{"embeddable":true,"href":"https:\/\/pans.krosno.pl\/pracownicy\/wp-json\/wp\/v2\/comments?post=1097"}],"version-history":[{"count":10,"href":"https:\/\/pans.krosno.pl\/pracownicy\/wp-json\/wp\/v2\/pages\/1097\/revisions"}],"predecessor-version":[{"id":10934,"href":"https:\/\/pans.krosno.pl\/pracownicy\/wp-json\/wp\/v2\/pages\/1097\/revisions\/10934"}],"up":[{"embeddable":true,"href":"https:\/\/pans.krosno.pl\/pracownicy\/wp-json\/wp\/v2\/pages\/1088"}],"wp:attachment":[{"href":"https:\/\/pans.krosno.pl\/pracownicy\/wp-json\/wp\/v2\/media?parent=1097"}],"curies":[{"name":"wp","href":"https:\/\/api.w.org\/{rel}","templated":true}]}}