{"id":1092,"date":"2020-04-02T11:26:45","date_gmt":"2020-04-02T09:26:45","guid":{"rendered":"https:\/\/pans.krosno.pl\/pracownicy\/?page_id=1092"},"modified":"2025-05-20T13:28:08","modified_gmt":"2025-05-20T11:28:08","slug":"jozef-ryzko-zyciorys-naukowy","status":"publish","type":"page","link":"https:\/\/pans.krosno.pl\/pracownicy\/jozef-ryzko\/jozef-ryzko-zyciorys-naukowy\/","title":{"rendered":"prof. dr hab. J\u00f3zef Ry\u017cko &#8211; \u017byciorys naukowy"},"content":{"rendered":"<hr>\n<ul>\n<li>W okresie od 1965 r. do 1971 r. &#8211; Studia na Wydziale Lekarskim Akademii Medycznej w Poznaniu.<\/li>\n<\/ul>\n<hr>\n<p><strong>Uzyskane specjalizacje<\/strong><\/p>\n<ul>\n<li>W 1975 r. specjalizacja I stopnia z pediatrii,<\/li>\n<li>W 1979 r. &#8211; specjalizacja II stopnia z pediatrii,<\/li>\n<li>W 1998 r. &#8211; specjalizacja z gastroenterologii,<\/li>\n<li>W 2014 r. &#8211; specjalizacja z gastroenterologii dzieci\u0119cej.<\/li>\n<\/ul>\n<p><strong>Stopnie naukowe<\/strong><\/p>\n<ul>\n<li>W 1982 r. &#8211; Doktorat pod kierunkiem prof. dr hab. Marii Goncerzewicz tytu\u0142 pracy &#8222;Ocena gospodarki wapniowo-fosforanowej w zespo\u0142ach z\u0142ego wch\u0142aniania u dzieci&#8221;.<\/li>\n<li>W 1991 r. &#8211; Habilitacja, praca pt. &#8222;Metabolizm witaminy D w chorobach w\u0105troby u dzieci&#8221;,<\/li>\n<li>W 1998 r. &#8211; Tytu\u0142 profesora nauk medycznych.<\/li>\n<\/ul>\n<p><strong>Dzia\u0142alno\u015b\u0107 w towarzystwach naukowych<\/strong><\/p>\n<ul>\n<li>Polskie Towarzystwo Gastroenterologii, Hepatologii i \u017bywienia Dzieci, &#8211; w okresie od 1998 r. do 2016 r. cz\u0142onek Zarz\u0105du, a w latach od 2004 r. do 2008 r. przewodnicz\u0105cy Zarz\u0105du G\u0142\u00f3wnego,<\/li>\n<li>Cz\u0142onek Oddzia\u0142u Warszawskiego Polskiego Towarzystwa Gastroenterologicznego oraz Polskiego Towarzystwa Pediatrycznego,<\/li>\n<li>W okresie od 1991 r. do 2010 r. &#8211; Udzia\u0142 w pracach Komisji \u017bywienia Dzieci i M\u0142odzie\u017cy przy Komitecie \u017bywienia Cz\u0142owieka Polskiej Akademii Nauk.<\/li>\n<\/ul>\n<hr>\n<p>&nbsp;<\/p>\n","protected":false},"excerpt":{"rendered":"<p>W okresie od 1965 r. do 1971 r. &#8211; Studia na Wydziale Lekarskim Akademii Medycznej w Poznaniu. Uzyskane specjalizacje W 1975 r. specjalizacja I stopnia z pediatrii, W 1979 r. &#8211; specjalizacja II stopnia z pediatrii, W 1998 r. &#8211; specjalizacja z gastroenterologii, W 2014 r. &#8211; specjalizacja z gastroenterologii [\u2026] <\/p>\n<div class=\"clear\"><\/div>\n<p><a class=\"more_link clearfix\" href=\"https:\/\/pans.krosno.pl\/pracownicy\/jozef-ryzko\/jozef-ryzko-zyciorys-naukowy\/\" rel=\"nofollow\">Read More<\/a><\/p>\n","protected":false},"author":34,"featured_media":0,"parent":1088,"menu_order":0,"comment_status":"closed","ping_status":"closed","template":"","meta":{"ngg_post_thumbnail":0,"footnotes":""},"class_list":["post-1092","page","type-page","status-publish","hentry"],"yoast_head":"<!-- This site is optimized with the Yoast SEO Premium plugin v27.3 (Yoast SEO v27.3) - https:\/\/yoast.com\/product\/yoast-seo-premium-wordpress\/ -->\n<title>prof. dr hab. J\u00f3zef Ry\u017cko - \u017byciorys naukowy - Pracownicy PANS w Kro\u015bnie<\/title>\n<meta name=\"robots\" content=\"index, follow, max-snippet:-1, max-image-preview:large, max-video-preview:-1\" \/>\n<link rel=\"canonical\" href=\"https:\/\/pans.krosno.pl\/pracownicy\/jozef-ryzko\/jozef-ryzko-zyciorys-naukowy\/\" \/>\n<meta property=\"og:locale\" content=\"pl_PL\" \/>\n<meta property=\"og:type\" content=\"article\" \/>\n<meta property=\"og:title\" content=\"prof. dr hab. J\u00f3zef Ry\u017cko - \u017byciorys naukowy\" \/>\n<meta property=\"og:description\" content=\"W okresie od 1965 r. do 1971 r. &#8211; Studia na Wydziale Lekarskim Akademii Medycznej w Poznaniu. Uzyskane specjalizacje W 1975 r. specjalizacja I stopnia z pediatrii, W 1979 r. &#8211; specjalizacja II stopnia z pediatrii, W 1998 r. &#8211; specjalizacja z gastroenterologii, W 2014 r. &#8211; specjalizacja z gastroenterologii [\u2026] Read More\" \/>\n<meta property=\"og:url\" content=\"https:\/\/pans.krosno.pl\/pracownicy\/jozef-ryzko\/jozef-ryzko-zyciorys-naukowy\/\" \/>\n<meta property=\"og:site_name\" content=\"Pracownicy PANS w Kro\u015bnie\" \/>\n<meta property=\"article:modified_time\" content=\"2025-05-20T11:28:08+00:00\" \/>\n<meta name=\"twitter:card\" content=\"summary_large_image\" \/>\n<meta name=\"twitter:label1\" content=\"Szacowany czas czytania\" \/>\n\t<meta name=\"twitter:data1\" content=\"1 minuta\" \/>\n<script type=\"application\/ld+json\" class=\"yoast-schema-graph\">{\"@context\":\"https:\\\/\\\/schema.org\",\"@graph\":[{\"@type\":\"WebPage\",\"@id\":\"https:\\\/\\\/pans.krosno.pl\\\/pracownicy\\\/jozef-ryzko\\\/jozef-ryzko-zyciorys-naukowy\\\/\",\"url\":\"https:\\\/\\\/pans.krosno.pl\\\/pracownicy\\\/jozef-ryzko\\\/jozef-ryzko-zyciorys-naukowy\\\/\",\"name\":\"prof. dr hab. J\u00f3zef Ry\u017cko - \u017byciorys naukowy - Pracownicy PANS w Kro\u015bnie\",\"isPartOf\":{\"@id\":\"https:\\\/\\\/pans.krosno.pl\\\/pracownicy\\\/#website\"},\"datePublished\":\"2020-04-02T09:26:45+00:00\",\"dateModified\":\"2025-05-20T11:28:08+00:00\",\"breadcrumb\":{\"@id\":\"https:\\\/\\\/pans.krosno.pl\\\/pracownicy\\\/jozef-ryzko\\\/jozef-ryzko-zyciorys-naukowy\\\/#breadcrumb\"},\"inLanguage\":\"pl-PL\",\"potentialAction\":[{\"@type\":\"ReadAction\",\"target\":[\"https:\\\/\\\/pans.krosno.pl\\\/pracownicy\\\/jozef-ryzko\\\/jozef-ryzko-zyciorys-naukowy\\\/\"]}]},{\"@type\":\"BreadcrumbList\",\"@id\":\"https:\\\/\\\/pans.krosno.pl\\\/pracownicy\\\/jozef-ryzko\\\/jozef-ryzko-zyciorys-naukowy\\\/#breadcrumb\",\"itemListElement\":[{\"@type\":\"ListItem\",\"position\":1,\"name\":\"Strona g\u0142\u00f3wna\",\"item\":\"https:\\\/\\\/pans.krosno.pl\\\/pracownicy\\\/\"},{\"@type\":\"ListItem\",\"position\":2,\"name\":\"prof. dr hab. J\u00f3zef Ry\u017cko\",\"item\":\"https:\\\/\\\/pans.krosno.pl\\\/pracownicy\\\/jozef-ryzko\\\/\"},{\"@type\":\"ListItem\",\"position\":3,\"name\":\"prof. dr hab. J\u00f3zef Ry\u017cko &#8211; \u017byciorys naukowy\"}]},{\"@type\":\"WebSite\",\"@id\":\"https:\\\/\\\/pans.krosno.pl\\\/pracownicy\\\/#website\",\"url\":\"https:\\\/\\\/pans.krosno.pl\\\/pracownicy\\\/\",\"name\":\"Pracownicy PANS w Kro\u015bnie\",\"description\":\"Pracownicy - Pa\u0144stwowa Akademia Nauk Stosowanych\",\"publisher\":{\"@id\":\"https:\\\/\\\/pans.krosno.pl\\\/pracownicy\\\/#organization\"},\"potentialAction\":[{\"@type\":\"SearchAction\",\"target\":{\"@type\":\"EntryPoint\",\"urlTemplate\":\"https:\\\/\\\/pans.krosno.pl\\\/pracownicy\\\/?s={search_term_string}\"},\"query-input\":{\"@type\":\"PropertyValueSpecification\",\"valueRequired\":true,\"valueName\":\"search_term_string\"}}],\"inLanguage\":\"pl-PL\"},{\"@type\":\"Organization\",\"@id\":\"https:\\\/\\\/pans.krosno.pl\\\/pracownicy\\\/#organization\",\"name\":\"Pracownicy PANS w Kro\u015bnie\",\"url\":\"https:\\\/\\\/pans.krosno.pl\\\/pracownicy\\\/\",\"logo\":{\"@type\":\"ImageObject\",\"inLanguage\":\"pl-PL\",\"@id\":\"https:\\\/\\\/pans.krosno.pl\\\/pracownicy\\\/#\\\/schema\\\/logo\\\/image\\\/\",\"url\":\"https:\\\/\\\/pans.krosno.pl\\\/pracownicy\\\/wp-content\\\/uploads\\\/sites\\\/41\\\/2023\\\/01\\\/Logo-PANS-2022-pelne.png\",\"contentUrl\":\"https:\\\/\\\/pans.krosno.pl\\\/pracownicy\\\/wp-content\\\/uploads\\\/sites\\\/41\\\/2023\\\/01\\\/Logo-PANS-2022-pelne.png\",\"width\":3096,\"height\":696,\"caption\":\"Pracownicy PANS w Kro\u015bnie\"},\"image\":{\"@id\":\"https:\\\/\\\/pans.krosno.pl\\\/pracownicy\\\/#\\\/schema\\\/logo\\\/image\\\/\"}}]}<\/script>\n<!-- \/ Yoast SEO Premium plugin. -->","yoast_head_json":{"title":"prof. dr hab. J\u00f3zef Ry\u017cko - \u017byciorys naukowy - Pracownicy PANS w Kro\u015bnie","robots":{"index":"index","follow":"follow","max-snippet":"max-snippet:-1","max-image-preview":"max-image-preview:large","max-video-preview":"max-video-preview:-1"},"canonical":"https:\/\/pans.krosno.pl\/pracownicy\/jozef-ryzko\/jozef-ryzko-zyciorys-naukowy\/","og_locale":"pl_PL","og_type":"article","og_title":"prof. dr hab. J\u00f3zef Ry\u017cko - \u017byciorys naukowy","og_description":"W okresie od 1965 r. do 1971 r. &#8211; Studia na Wydziale Lekarskim Akademii Medycznej w Poznaniu. Uzyskane specjalizacje W 1975 r. specjalizacja I stopnia z pediatrii, W 1979 r. &#8211; specjalizacja II stopnia z pediatrii, W 1998 r. &#8211; specjalizacja z gastroenterologii, W 2014 r. &#8211; specjalizacja z gastroenterologii [\u2026] Read More","og_url":"https:\/\/pans.krosno.pl\/pracownicy\/jozef-ryzko\/jozef-ryzko-zyciorys-naukowy\/","og_site_name":"Pracownicy PANS w Kro\u015bnie","article_modified_time":"2025-05-20T11:28:08+00:00","twitter_card":"summary_large_image","twitter_misc":{"Szacowany czas czytania":"1 minuta"},"schema":{"@context":"https:\/\/schema.org","@graph":[{"@type":"WebPage","@id":"https:\/\/pans.krosno.pl\/pracownicy\/jozef-ryzko\/jozef-ryzko-zyciorys-naukowy\/","url":"https:\/\/pans.krosno.pl\/pracownicy\/jozef-ryzko\/jozef-ryzko-zyciorys-naukowy\/","name":"prof. dr hab. J\u00f3zef Ry\u017cko - \u017byciorys naukowy - Pracownicy PANS w Kro\u015bnie","isPartOf":{"@id":"https:\/\/pans.krosno.pl\/pracownicy\/#website"},"datePublished":"2020-04-02T09:26:45+00:00","dateModified":"2025-05-20T11:28:08+00:00","breadcrumb":{"@id":"https:\/\/pans.krosno.pl\/pracownicy\/jozef-ryzko\/jozef-ryzko-zyciorys-naukowy\/#breadcrumb"},"inLanguage":"pl-PL","potentialAction":[{"@type":"ReadAction","target":["https:\/\/pans.krosno.pl\/pracownicy\/jozef-ryzko\/jozef-ryzko-zyciorys-naukowy\/"]}]},{"@type":"BreadcrumbList","@id":"https:\/\/pans.krosno.pl\/pracownicy\/jozef-ryzko\/jozef-ryzko-zyciorys-naukowy\/#breadcrumb","itemListElement":[{"@type":"ListItem","position":1,"name":"Strona g\u0142\u00f3wna","item":"https:\/\/pans.krosno.pl\/pracownicy\/"},{"@type":"ListItem","position":2,"name":"prof. dr hab. J\u00f3zef Ry\u017cko","item":"https:\/\/pans.krosno.pl\/pracownicy\/jozef-ryzko\/"},{"@type":"ListItem","position":3,"name":"prof. dr hab. J\u00f3zef Ry\u017cko &#8211; \u017byciorys naukowy"}]},{"@type":"WebSite","@id":"https:\/\/pans.krosno.pl\/pracownicy\/#website","url":"https:\/\/pans.krosno.pl\/pracownicy\/","name":"Pracownicy PANS w Kro\u015bnie","description":"Pracownicy - Pa\u0144stwowa Akademia Nauk Stosowanych","publisher":{"@id":"https:\/\/pans.krosno.pl\/pracownicy\/#organization"},"potentialAction":[{"@type":"SearchAction","target":{"@type":"EntryPoint","urlTemplate":"https:\/\/pans.krosno.pl\/pracownicy\/?s={search_term_string}"},"query-input":{"@type":"PropertyValueSpecification","valueRequired":true,"valueName":"search_term_string"}}],"inLanguage":"pl-PL"},{"@type":"Organization","@id":"https:\/\/pans.krosno.pl\/pracownicy\/#organization","name":"Pracownicy PANS w Kro\u015bnie","url":"https:\/\/pans.krosno.pl\/pracownicy\/","logo":{"@type":"ImageObject","inLanguage":"pl-PL","@id":"https:\/\/pans.krosno.pl\/pracownicy\/#\/schema\/logo\/image\/","url":"https:\/\/pans.krosno.pl\/pracownicy\/wp-content\/uploads\/sites\/41\/2023\/01\/Logo-PANS-2022-pelne.png","contentUrl":"https:\/\/pans.krosno.pl\/pracownicy\/wp-content\/uploads\/sites\/41\/2023\/01\/Logo-PANS-2022-pelne.png","width":3096,"height":696,"caption":"Pracownicy PANS w Kro\u015bnie"},"image":{"@id":"https:\/\/pans.krosno.pl\/pracownicy\/#\/schema\/logo\/image\/"}}]}},"_links":{"self":[{"href":"https:\/\/pans.krosno.pl\/pracownicy\/wp-json\/wp\/v2\/pages\/1092","targetHints":{"allow":["GET"]}}],"collection":[{"href":"https:\/\/pans.krosno.pl\/pracownicy\/wp-json\/wp\/v2\/pages"}],"about":[{"href":"https:\/\/pans.krosno.pl\/pracownicy\/wp-json\/wp\/v2\/types\/page"}],"author":[{"embeddable":true,"href":"https:\/\/pans.krosno.pl\/pracownicy\/wp-json\/wp\/v2\/users\/34"}],"replies":[{"embeddable":true,"href":"https:\/\/pans.krosno.pl\/pracownicy\/wp-json\/wp\/v2\/comments?post=1092"}],"version-history":[{"count":16,"href":"https:\/\/pans.krosno.pl\/pracownicy\/wp-json\/wp\/v2\/pages\/1092\/revisions"}],"predecessor-version":[{"id":10933,"href":"https:\/\/pans.krosno.pl\/pracownicy\/wp-json\/wp\/v2\/pages\/1092\/revisions\/10933"}],"up":[{"embeddable":true,"href":"https:\/\/pans.krosno.pl\/pracownicy\/wp-json\/wp\/v2\/pages\/1088"}],"wp:attachment":[{"href":"https:\/\/pans.krosno.pl\/pracownicy\/wp-json\/wp\/v2\/media?parent=1092"}],"curies":[{"name":"wp","href":"https:\/\/api.w.org\/{rel}","templated":true}]}}