{"id":1053,"date":"2020-04-01T15:30:37","date_gmt":"2020-04-01T13:30:37","guid":{"rendered":"https:\/\/pans.krosno.pl\/pracownicy\/?page_id=1053"},"modified":"2025-05-19T09:32:46","modified_gmt":"2025-05-19T07:32:46","slug":"bogumil-wrana-najwazniejsze-publikacje","status":"publish","type":"page","link":"https:\/\/pans.krosno.pl\/pracownicy\/bogumil-wrana\/bogumil-wrana-najwazniejsze-publikacje\/","title":{"rendered":"prof. dr hab. Bogumi\u0142 Wrana &#8211; Najwa\u017cniejsze publikacje"},"content":{"rendered":"<hr>\n<p><strong>Ksi\u0105\u017cki<\/strong><\/p>\n<ol>\n<li>W 1993 r. &#8211; Ustroje pr\u0119towe. Metoda element\u00f3w sko\u0144czonych. Statyka liniowa, Wyd. Polit.Krakowska.<\/li>\n<li><span style=\"font-size: inherit;font-family: inherit;font-weight: inherit\">W 2000 r. &#8211; Metoda kr\u0119pych element\u00f3w spektralnych i jej zastosowanie do analizy fundament\u00f3w pod turbozespo\u0142y, Nomografia 253, Politechnika Krakowska.<\/span><\/li>\n<li>W 2005 r. &#8211; Mosty zintegrowane, Wyd. Komunikacji i \u0141\u0105czno\u015bci.<\/li>\n<li>W 2012 r. &#8211; Dynamika gruntu. Modele obliczeniowe, Wyd. Politechnika Krakowska.<\/li>\n<li>W 2014 r. &#8211; Lectures on Soil Mechanics, Wyd. Politechnika Krakowska.<\/li>\n<li>W 2015 r. &#8211; Laboratory of Soil Mechanics, Wyd. Politechnika Krakowska.<\/li>\n<li>W 2016 r. &#8211; Lectures on Foundation Design, Wyd. Politechnika Krakowska.<\/li>\n<li>W 2016 r. &#8211; Soil Dynamics. Computations Models. Wyd. Politechnika Krakowska.<\/li>\n<\/ol>\n<p><strong>Wybrane artyku\u0142y<\/strong><\/p>\n<ol>\n<li>R. Ciesielski, B. Wrana, Two methods for soil-structure interaction with seismic excitation, Progress in Earthquake Research and Engineering, Friedr. Vieweg and Sohn, 1992, A.A. Balkema, 1994.<\/li>\n<li>R. Ciesielski, B. Wrana, Dynamic Properties of a Large Space Structure, Archives of Civil Engineering, XL (3-5), 1994, 309-317.<\/li>\n<li>J. Orkisz, B. Wrana, Metoda obliczania warto\u015bci i wektor\u00f3w w\u0142asnych problemu Au=LBu w dowolnym pa\u015bmie widma, Mechanika i Komputer, Tom 5, Warszawa 1983, 97-106.<\/li>\n<li>J. Orkisz, B. Wrana, O pewnej szybkozbie\u017cnej metodzie obliczania ekstremalnych warto\u015bci i wektor\u00f3w w\u0142asnych problemu Au=L Bu, Mechanika i Komputer, Tom 5, Warszawa 1983, 107-115.<\/li>\n<li>B. Wrana, Macierz dynamiczna elementu tr\u00f3jwymiarowego stanu napr\u0119\u017cenia o o\u015bmiu w\u0119z\u0142ach, &#8222;Mechanika i Komputer&#8221;, Tom 9, 257-271, Warszawa 1989, IPPT PAN.<\/li>\n<li>B. Wrana, Analiza wra\u017cliwo\u015bci ram p\u0142askich na problem w\u0142asny, Polska Akademia Nauk &#8211; Oddzia\u0142 w Krakowie, Komisja Budownictwa &#8211; Problemy In\u017cynierii L\u0105dowej, 1992, 49-58.<\/li>\n<li>B. Wrana, \u201cBOMES\u201d &#8211; Pakiet program\u00f3w do oblicze\u0144 statycznych i dynamicznych konstrukcji pr\u0119towych, In\u017cynieria i Budownictwo, 1\u201993, 9-11.<\/li>\n<li>B. Wrana, A. Zi\u0119ba, Odpowied\u017a gazoci\u0105gu podziemnego na wybrane typy obci\u0105\u017ce\u0144 udarowych, In\u017cynieria i Budownictwo, 9, 1995, 460-463.<\/li>\n<li>B. Wrana, Non-linear Elastic-Plastic Model of Soil-Structure Interaction in Time Domain, Proc. 6th International Conference \u201cSoil Dynamic &amp; Earthquake Engineering\u201d SDEE 93, 14-16\/06 1993, Bath U.K.<\/li>\n<li>B. Wrana, Soil-Structure Interaction in Time Domain for Viscoplastic Material Using Damping Q-model. GAMM Cracow, April 1-5 1991, 1.2a.<\/li>\n<li>B. Wrana, Spectral element and finite element of Thimoshenko beam, Tech. Univ. Budapest, Research News, 2000\/4, 20-29.<\/li>\n<li>R. Ciesielski, B. Wrana, Specificity of dynamic analysis of reinforced concrete foundations under turbogenerators, Journal of Theoretical and Applied Mechanics, 2, 38, 2000, 247-258.<\/li>\n<li>B. Wrana: A Discontinuous Galerkin Finite Element Method for Dynamic of Fully saturated soil, Archives of Civil Engineering, LVII, 1, 2011, 119-134.<\/li>\n<li>B. Czado, B. Wrana: Bearing Capacity of Pile Foundation Based on CPT Results in Accordance to Polish Standards and Eurocode 7, AGH Journal of Mining and Geoeng. Vol. 36, No 2, 2012, 111-120.<\/li>\n<li>M. Skrzycki, B. Wrana, Influence of Clay Mineral Content on Landfill Cap Cover with Special Attention to Swelling, AGH Journal of Mining and Geoengineering, Vol. 36, No 2, 2012, 269-277.<\/li>\n<li>B. Wrana, N. Pietrzak, Influence of interia forces on soil settlement under harmonic load, Studia geotechnica et mechanica, No. 1(2013), 245-258.<\/li>\n<li>B. Wrana, Dynamics coefficient for two-phase soil model, Studia geotechnica et mechanica, Vol. 36 (2014), No.2, 57-65.<\/li>\n<li>B. Wrana, N. Pietrzak, Slope stability estimation of the Kosciuszko Mound in Cracow, Studia Geotechnica et Mechanica, Vol 37, No 2, 2015, 93-101.<\/li>\n<li>B. Wrana, Pile load capacity \u2013 calculation methods, Studia Geotechnica et Mechanica, Vol 37, No 4, 2015, 83-93.<\/li>\n<\/ol>\n<ul>\n<li>Recenzent 3 post\u0119powa\u0144 habilitacyjnych, 3 prac doktorskich, 9 ksi\u0105\u017cek, 2 nominacji profesorskich.<\/li>\n<\/ul>\n<hr>\n<p>&nbsp;<\/p>\n","protected":false},"excerpt":{"rendered":"<p>Ksi\u0105\u017cki W 1993 r. &#8211; Ustroje pr\u0119towe. Metoda element\u00f3w sko\u0144czonych. Statyka liniowa, Wyd. Polit.Krakowska. W 2000 r. &#8211; Metoda kr\u0119pych element\u00f3w spektralnych i jej zastosowanie do analizy fundament\u00f3w pod turbozespo\u0142y, Nomografia 253, Politechnika Krakowska. W 2005 r. &#8211; Mosty zintegrowane, Wyd. Komunikacji i \u0141\u0105czno\u015bci. W 2012 r. &#8211; Dynamika gruntu. [\u2026] <\/p>\n<div class=\"clear\"><\/div>\n<p><a class=\"more_link clearfix\" href=\"https:\/\/pans.krosno.pl\/pracownicy\/bogumil-wrana\/bogumil-wrana-najwazniejsze-publikacje\/\" rel=\"nofollow\">Read More<\/a><\/p>\n","protected":false},"author":36,"featured_media":0,"parent":1043,"menu_order":0,"comment_status":"closed","ping_status":"closed","template":"","meta":{"ngg_post_thumbnail":0,"footnotes":""},"class_list":["post-1053","page","type-page","status-publish","hentry"],"yoast_head":"<!-- This site is optimized with the Yoast SEO Premium plugin v27.4 (Yoast SEO v27.4) - https:\/\/yoast.com\/product\/yoast-seo-premium-wordpress\/ -->\n<title>prof. dr hab. Bogumi\u0142 Wrana - Najwa\u017cniejsze publikacje - Pracownicy PANS w Kro\u015bnie<\/title>\n<meta name=\"robots\" content=\"index, follow, max-snippet:-1, max-image-preview:large, max-video-preview:-1\" \/>\n<link rel=\"canonical\" href=\"https:\/\/pans.krosno.pl\/pracownicy\/bogumil-wrana\/bogumil-wrana-najwazniejsze-publikacje\/\" \/>\n<meta property=\"og:locale\" content=\"pl_PL\" \/>\n<meta property=\"og:type\" content=\"article\" \/>\n<meta property=\"og:title\" content=\"prof. dr hab. Bogumi\u0142 Wrana - Najwa\u017cniejsze publikacje\" \/>\n<meta property=\"og:description\" content=\"Ksi\u0105\u017cki W 1993 r. &#8211; Ustroje pr\u0119towe. Metoda element\u00f3w sko\u0144czonych. Statyka liniowa, Wyd. Polit.Krakowska. W 2000 r. &#8211; Metoda kr\u0119pych element\u00f3w spektralnych i jej zastosowanie do analizy fundament\u00f3w pod turbozespo\u0142y, Nomografia 253, Politechnika Krakowska. W 2005 r. &#8211; Mosty zintegrowane, Wyd. Komunikacji i \u0141\u0105czno\u015bci. W 2012 r. &#8211; Dynamika gruntu. [\u2026] Read More\" \/>\n<meta property=\"og:url\" content=\"https:\/\/pans.krosno.pl\/pracownicy\/bogumil-wrana\/bogumil-wrana-najwazniejsze-publikacje\/\" \/>\n<meta property=\"og:site_name\" content=\"Pracownicy PANS w Kro\u015bnie\" \/>\n<meta property=\"article:modified_time\" content=\"2025-05-19T07:32:46+00:00\" \/>\n<meta name=\"twitter:card\" content=\"summary_large_image\" \/>\n<meta name=\"twitter:label1\" content=\"Szacowany czas czytania\" \/>\n\t<meta name=\"twitter:data1\" content=\"4 minuty\" \/>\n<script type=\"application\/ld+json\" class=\"yoast-schema-graph\">{\"@context\":\"https:\\\/\\\/schema.org\",\"@graph\":[{\"@type\":\"WebPage\",\"@id\":\"https:\\\/\\\/pans.krosno.pl\\\/pracownicy\\\/bogumil-wrana\\\/bogumil-wrana-najwazniejsze-publikacje\\\/\",\"url\":\"https:\\\/\\\/pans.krosno.pl\\\/pracownicy\\\/bogumil-wrana\\\/bogumil-wrana-najwazniejsze-publikacje\\\/\",\"name\":\"prof. dr hab. Bogumi\u0142 Wrana - Najwa\u017cniejsze publikacje - Pracownicy PANS w Kro\u015bnie\",\"isPartOf\":{\"@id\":\"https:\\\/\\\/pans.krosno.pl\\\/pracownicy\\\/#website\"},\"datePublished\":\"2020-04-01T13:30:37+00:00\",\"dateModified\":\"2025-05-19T07:32:46+00:00\",\"breadcrumb\":{\"@id\":\"https:\\\/\\\/pans.krosno.pl\\\/pracownicy\\\/bogumil-wrana\\\/bogumil-wrana-najwazniejsze-publikacje\\\/#breadcrumb\"},\"inLanguage\":\"pl-PL\",\"potentialAction\":[{\"@type\":\"ReadAction\",\"target\":[\"https:\\\/\\\/pans.krosno.pl\\\/pracownicy\\\/bogumil-wrana\\\/bogumil-wrana-najwazniejsze-publikacje\\\/\"]}]},{\"@type\":\"BreadcrumbList\",\"@id\":\"https:\\\/\\\/pans.krosno.pl\\\/pracownicy\\\/bogumil-wrana\\\/bogumil-wrana-najwazniejsze-publikacje\\\/#breadcrumb\",\"itemListElement\":[{\"@type\":\"ListItem\",\"position\":1,\"name\":\"Strona g\u0142\u00f3wna\",\"item\":\"https:\\\/\\\/pans.krosno.pl\\\/pracownicy\\\/\"},{\"@type\":\"ListItem\",\"position\":2,\"name\":\"prof. dr hab. in\u017c. Bogumi\u0142 Wrana\",\"item\":\"https:\\\/\\\/pans.krosno.pl\\\/pracownicy\\\/bogumil-wrana\\\/\"},{\"@type\":\"ListItem\",\"position\":3,\"name\":\"prof. dr hab. Bogumi\u0142 Wrana &#8211; Najwa\u017cniejsze publikacje\"}]},{\"@type\":\"WebSite\",\"@id\":\"https:\\\/\\\/pans.krosno.pl\\\/pracownicy\\\/#website\",\"url\":\"https:\\\/\\\/pans.krosno.pl\\\/pracownicy\\\/\",\"name\":\"Pracownicy PANS w Kro\u015bnie\",\"description\":\"Pracownicy - Pa\u0144stwowa Akademia Nauk Stosowanych\",\"publisher\":{\"@id\":\"https:\\\/\\\/pans.krosno.pl\\\/pracownicy\\\/#organization\"},\"potentialAction\":[{\"@type\":\"SearchAction\",\"target\":{\"@type\":\"EntryPoint\",\"urlTemplate\":\"https:\\\/\\\/pans.krosno.pl\\\/pracownicy\\\/?s={search_term_string}\"},\"query-input\":{\"@type\":\"PropertyValueSpecification\",\"valueRequired\":true,\"valueName\":\"search_term_string\"}}],\"inLanguage\":\"pl-PL\"},{\"@type\":\"Organization\",\"@id\":\"https:\\\/\\\/pans.krosno.pl\\\/pracownicy\\\/#organization\",\"name\":\"Pracownicy PANS w Kro\u015bnie\",\"url\":\"https:\\\/\\\/pans.krosno.pl\\\/pracownicy\\\/\",\"logo\":{\"@type\":\"ImageObject\",\"inLanguage\":\"pl-PL\",\"@id\":\"https:\\\/\\\/pans.krosno.pl\\\/pracownicy\\\/#\\\/schema\\\/logo\\\/image\\\/\",\"url\":\"https:\\\/\\\/pans.krosno.pl\\\/pracownicy\\\/wp-content\\\/uploads\\\/sites\\\/41\\\/2023\\\/01\\\/Logo-PANS-2022-pelne.png\",\"contentUrl\":\"https:\\\/\\\/pans.krosno.pl\\\/pracownicy\\\/wp-content\\\/uploads\\\/sites\\\/41\\\/2023\\\/01\\\/Logo-PANS-2022-pelne.png\",\"width\":3096,\"height\":696,\"caption\":\"Pracownicy PANS w Kro\u015bnie\"},\"image\":{\"@id\":\"https:\\\/\\\/pans.krosno.pl\\\/pracownicy\\\/#\\\/schema\\\/logo\\\/image\\\/\"}}]}<\/script>\n<!-- \/ Yoast SEO Premium plugin. -->","yoast_head_json":{"title":"prof. dr hab. Bogumi\u0142 Wrana - Najwa\u017cniejsze publikacje - Pracownicy PANS w Kro\u015bnie","robots":{"index":"index","follow":"follow","max-snippet":"max-snippet:-1","max-image-preview":"max-image-preview:large","max-video-preview":"max-video-preview:-1"},"canonical":"https:\/\/pans.krosno.pl\/pracownicy\/bogumil-wrana\/bogumil-wrana-najwazniejsze-publikacje\/","og_locale":"pl_PL","og_type":"article","og_title":"prof. dr hab. Bogumi\u0142 Wrana - Najwa\u017cniejsze publikacje","og_description":"Ksi\u0105\u017cki W 1993 r. &#8211; Ustroje pr\u0119towe. Metoda element\u00f3w sko\u0144czonych. Statyka liniowa, Wyd. Polit.Krakowska. W 2000 r. &#8211; Metoda kr\u0119pych element\u00f3w spektralnych i jej zastosowanie do analizy fundament\u00f3w pod turbozespo\u0142y, Nomografia 253, Politechnika Krakowska. W 2005 r. &#8211; Mosty zintegrowane, Wyd. Komunikacji i \u0141\u0105czno\u015bci. W 2012 r. &#8211; Dynamika gruntu. [\u2026] Read More","og_url":"https:\/\/pans.krosno.pl\/pracownicy\/bogumil-wrana\/bogumil-wrana-najwazniejsze-publikacje\/","og_site_name":"Pracownicy PANS w Kro\u015bnie","article_modified_time":"2025-05-19T07:32:46+00:00","twitter_card":"summary_large_image","twitter_misc":{"Szacowany czas czytania":"4 minuty"},"schema":{"@context":"https:\/\/schema.org","@graph":[{"@type":"WebPage","@id":"https:\/\/pans.krosno.pl\/pracownicy\/bogumil-wrana\/bogumil-wrana-najwazniejsze-publikacje\/","url":"https:\/\/pans.krosno.pl\/pracownicy\/bogumil-wrana\/bogumil-wrana-najwazniejsze-publikacje\/","name":"prof. dr hab. Bogumi\u0142 Wrana - Najwa\u017cniejsze publikacje - Pracownicy PANS w Kro\u015bnie","isPartOf":{"@id":"https:\/\/pans.krosno.pl\/pracownicy\/#website"},"datePublished":"2020-04-01T13:30:37+00:00","dateModified":"2025-05-19T07:32:46+00:00","breadcrumb":{"@id":"https:\/\/pans.krosno.pl\/pracownicy\/bogumil-wrana\/bogumil-wrana-najwazniejsze-publikacje\/#breadcrumb"},"inLanguage":"pl-PL","potentialAction":[{"@type":"ReadAction","target":["https:\/\/pans.krosno.pl\/pracownicy\/bogumil-wrana\/bogumil-wrana-najwazniejsze-publikacje\/"]}]},{"@type":"BreadcrumbList","@id":"https:\/\/pans.krosno.pl\/pracownicy\/bogumil-wrana\/bogumil-wrana-najwazniejsze-publikacje\/#breadcrumb","itemListElement":[{"@type":"ListItem","position":1,"name":"Strona g\u0142\u00f3wna","item":"https:\/\/pans.krosno.pl\/pracownicy\/"},{"@type":"ListItem","position":2,"name":"prof. dr hab. in\u017c. Bogumi\u0142 Wrana","item":"https:\/\/pans.krosno.pl\/pracownicy\/bogumil-wrana\/"},{"@type":"ListItem","position":3,"name":"prof. dr hab. Bogumi\u0142 Wrana &#8211; Najwa\u017cniejsze publikacje"}]},{"@type":"WebSite","@id":"https:\/\/pans.krosno.pl\/pracownicy\/#website","url":"https:\/\/pans.krosno.pl\/pracownicy\/","name":"Pracownicy PANS w Kro\u015bnie","description":"Pracownicy - Pa\u0144stwowa Akademia Nauk Stosowanych","publisher":{"@id":"https:\/\/pans.krosno.pl\/pracownicy\/#organization"},"potentialAction":[{"@type":"SearchAction","target":{"@type":"EntryPoint","urlTemplate":"https:\/\/pans.krosno.pl\/pracownicy\/?s={search_term_string}"},"query-input":{"@type":"PropertyValueSpecification","valueRequired":true,"valueName":"search_term_string"}}],"inLanguage":"pl-PL"},{"@type":"Organization","@id":"https:\/\/pans.krosno.pl\/pracownicy\/#organization","name":"Pracownicy PANS w Kro\u015bnie","url":"https:\/\/pans.krosno.pl\/pracownicy\/","logo":{"@type":"ImageObject","inLanguage":"pl-PL","@id":"https:\/\/pans.krosno.pl\/pracownicy\/#\/schema\/logo\/image\/","url":"https:\/\/pans.krosno.pl\/pracownicy\/wp-content\/uploads\/sites\/41\/2023\/01\/Logo-PANS-2022-pelne.png","contentUrl":"https:\/\/pans.krosno.pl\/pracownicy\/wp-content\/uploads\/sites\/41\/2023\/01\/Logo-PANS-2022-pelne.png","width":3096,"height":696,"caption":"Pracownicy PANS w Kro\u015bnie"},"image":{"@id":"https:\/\/pans.krosno.pl\/pracownicy\/#\/schema\/logo\/image\/"}}]}},"_links":{"self":[{"href":"https:\/\/pans.krosno.pl\/pracownicy\/wp-json\/wp\/v2\/pages\/1053","targetHints":{"allow":["GET"]}}],"collection":[{"href":"https:\/\/pans.krosno.pl\/pracownicy\/wp-json\/wp\/v2\/pages"}],"about":[{"href":"https:\/\/pans.krosno.pl\/pracownicy\/wp-json\/wp\/v2\/types\/page"}],"author":[{"embeddable":true,"href":"https:\/\/pans.krosno.pl\/pracownicy\/wp-json\/wp\/v2\/users\/36"}],"replies":[{"embeddable":true,"href":"https:\/\/pans.krosno.pl\/pracownicy\/wp-json\/wp\/v2\/comments?post=1053"}],"version-history":[{"count":3,"href":"https:\/\/pans.krosno.pl\/pracownicy\/wp-json\/wp\/v2\/pages\/1053\/revisions"}],"predecessor-version":[{"id":8278,"href":"https:\/\/pans.krosno.pl\/pracownicy\/wp-json\/wp\/v2\/pages\/1053\/revisions\/8278"}],"up":[{"embeddable":true,"href":"https:\/\/pans.krosno.pl\/pracownicy\/wp-json\/wp\/v2\/pages\/1043"}],"wp:attachment":[{"href":"https:\/\/pans.krosno.pl\/pracownicy\/wp-json\/wp\/v2\/media?parent=1053"}],"curies":[{"name":"wp","href":"https:\/\/api.w.org\/{rel}","templated":true}]}}