{"id":10202,"date":"2025-02-12T13:36:03","date_gmt":"2025-02-12T12:36:03","guid":{"rendered":"https:\/\/pans.krosno.pl\/pracownicy\/?page_id=10202"},"modified":"2025-05-27T12:10:15","modified_gmt":"2025-05-27T10:10:15","slug":"ewa-smolen-doswiadczenie-pozauczelniane","status":"publish","type":"page","link":"https:\/\/pans.krosno.pl\/pracownicy\/ewa-smolen\/ewa-smolen-doswiadczenie-pozauczelniane\/","title":{"rendered":"Dr Ewa Smole\u0144 &#8211; Do\u015bwiadczenie pozauczelniane"},"content":{"rendered":"\n<hr class=\"wp-block-separator has-alpha-channel-opacity\" \/>\n\n\n\n<p>Od roku 2021 pracuje czynnie jako piel\u0119gniarka. Od 2021 roku do 2022 w Zak\u0142adzie Piel\u0119gnacyjno-Opieku\u0144czym w Kro\u015bnie a od 2022 roku na Oddziale Dzieci\u0119cym Wojew\u00f3dzkiego Szpitala Podkarpackiego im. Jana Paw\u0142\u0105 II w Kro\u015bnie.<\/p>\n\n\n\n<p>W latach 2018-2021 przebywa\u0142a za granic\u0105 w Kanadzie, gdzie jako wolontariusz poznawa\u0142a prac\u0119 piel\u0119gniarek w Kanadzie.<\/p>\n\n\n\n<p>Pe\u0142ni funkcj\u0119 recenzenta w czasopismach: Piel\u0119gniarstwo XXI wieku, Problemy Piel\u0119gniarstwa<\/p>\n\n\n\n<p>Cz\u0142onek Polskiego Stowarzyszenia Piel\u0119gniarek Pediatrycznych<\/p>\n","protected":false},"excerpt":{"rendered":"<p>Od roku 2021 pracuje czynnie jako piel\u0119gniarka. Od 2021 roku do 2022 w Zak\u0142adzie Piel\u0119gnacyjno-Opieku\u0144czym w Kro\u015bnie a od 2022 roku na Oddziale Dzieci\u0119cym Wojew\u00f3dzkiego Szpitala Podkarpackiego im. Jana Paw\u0142\u0105 II w Kro\u015bnie. W latach 2018-2021 przebywa\u0142a za granic\u0105 w Kanadzie, gdzie jako wolontariusz poznawa\u0142a prac\u0119 piel\u0119gniarek w Kanadzie. Pe\u0142ni [\u2026] <\/p>\n<div class=\"clear\"><\/div>\n<p><a class=\"more_link clearfix\" href=\"https:\/\/pans.krosno.pl\/pracownicy\/ewa-smolen\/ewa-smolen-doswiadczenie-pozauczelniane\/\" rel=\"nofollow\">Read More<\/a><\/p>\n","protected":false},"author":27,"featured_media":0,"parent":10198,"menu_order":0,"comment_status":"closed","ping_status":"closed","template":"","meta":{"ngg_post_thumbnail":0,"footnotes":""},"class_list":["post-10202","page","type-page","status-publish","hentry"],"yoast_head":"<!-- This site is optimized with the Yoast SEO Premium plugin v27.3 (Yoast SEO v27.3) - https:\/\/yoast.com\/product\/yoast-seo-premium-wordpress\/ -->\n<title>Dr Ewa Smole\u0144 - Do\u015bwiadczenie pozauczelniane - Pracownicy PANS w Kro\u015bnie<\/title>\n<meta name=\"robots\" content=\"index, follow, max-snippet:-1, max-image-preview:large, max-video-preview:-1\" \/>\n<link rel=\"canonical\" href=\"https:\/\/pans.krosno.pl\/pracownicy\/ewa-smolen\/ewa-smolen-doswiadczenie-pozauczelniane\/\" \/>\n<meta property=\"og:locale\" content=\"pl_PL\" \/>\n<meta property=\"og:type\" content=\"article\" \/>\n<meta property=\"og:title\" content=\"Dr Ewa Smole\u0144 - Do\u015bwiadczenie pozauczelniane\" \/>\n<meta property=\"og:description\" content=\"Od roku 2021 pracuje czynnie jako piel\u0119gniarka. Od 2021 roku do 2022 w Zak\u0142adzie Piel\u0119gnacyjno-Opieku\u0144czym w Kro\u015bnie a od 2022 roku na Oddziale Dzieci\u0119cym Wojew\u00f3dzkiego Szpitala Podkarpackiego im. Jana Paw\u0142\u0105 II w Kro\u015bnie. W latach 2018-2021 przebywa\u0142a za granic\u0105 w Kanadzie, gdzie jako wolontariusz poznawa\u0142a prac\u0119 piel\u0119gniarek w Kanadzie. Pe\u0142ni [\u2026] Read More\" \/>\n<meta property=\"og:url\" content=\"https:\/\/pans.krosno.pl\/pracownicy\/ewa-smolen\/ewa-smolen-doswiadczenie-pozauczelniane\/\" \/>\n<meta property=\"og:site_name\" content=\"Pracownicy PANS w Kro\u015bnie\" \/>\n<meta property=\"article:modified_time\" content=\"2025-05-27T10:10:15+00:00\" \/>\n<meta name=\"twitter:card\" content=\"summary_large_image\" \/>\n<script type=\"application\/ld+json\" class=\"yoast-schema-graph\">{\"@context\":\"https:\\\/\\\/schema.org\",\"@graph\":[{\"@type\":\"WebPage\",\"@id\":\"https:\\\/\\\/pans.krosno.pl\\\/pracownicy\\\/ewa-smolen\\\/ewa-smolen-doswiadczenie-pozauczelniane\\\/\",\"url\":\"https:\\\/\\\/pans.krosno.pl\\\/pracownicy\\\/ewa-smolen\\\/ewa-smolen-doswiadczenie-pozauczelniane\\\/\",\"name\":\"Dr Ewa Smole\u0144 - Do\u015bwiadczenie pozauczelniane - Pracownicy PANS w Kro\u015bnie\",\"isPartOf\":{\"@id\":\"https:\\\/\\\/pans.krosno.pl\\\/pracownicy\\\/#website\"},\"datePublished\":\"2025-02-12T12:36:03+00:00\",\"dateModified\":\"2025-05-27T10:10:15+00:00\",\"breadcrumb\":{\"@id\":\"https:\\\/\\\/pans.krosno.pl\\\/pracownicy\\\/ewa-smolen\\\/ewa-smolen-doswiadczenie-pozauczelniane\\\/#breadcrumb\"},\"inLanguage\":\"pl-PL\",\"potentialAction\":[{\"@type\":\"ReadAction\",\"target\":[\"https:\\\/\\\/pans.krosno.pl\\\/pracownicy\\\/ewa-smolen\\\/ewa-smolen-doswiadczenie-pozauczelniane\\\/\"]}]},{\"@type\":\"BreadcrumbList\",\"@id\":\"https:\\\/\\\/pans.krosno.pl\\\/pracownicy\\\/ewa-smolen\\\/ewa-smolen-doswiadczenie-pozauczelniane\\\/#breadcrumb\",\"itemListElement\":[{\"@type\":\"ListItem\",\"position\":1,\"name\":\"Strona g\u0142\u00f3wna\",\"item\":\"https:\\\/\\\/pans.krosno.pl\\\/pracownicy\\\/\"},{\"@type\":\"ListItem\",\"position\":2,\"name\":\"dr n. o zdr. Ewa Smole\u0144\",\"item\":\"https:\\\/\\\/pans.krosno.pl\\\/pracownicy\\\/ewa-smolen\\\/\"},{\"@type\":\"ListItem\",\"position\":3,\"name\":\"Dr Ewa Smole\u0144 &#8211; Do\u015bwiadczenie pozauczelniane\"}]},{\"@type\":\"WebSite\",\"@id\":\"https:\\\/\\\/pans.krosno.pl\\\/pracownicy\\\/#website\",\"url\":\"https:\\\/\\\/pans.krosno.pl\\\/pracownicy\\\/\",\"name\":\"Pracownicy PANS w Kro\u015bnie\",\"description\":\"Pracownicy - Pa\u0144stwowa Akademia Nauk Stosowanych\",\"publisher\":{\"@id\":\"https:\\\/\\\/pans.krosno.pl\\\/pracownicy\\\/#organization\"},\"potentialAction\":[{\"@type\":\"SearchAction\",\"target\":{\"@type\":\"EntryPoint\",\"urlTemplate\":\"https:\\\/\\\/pans.krosno.pl\\\/pracownicy\\\/?s={search_term_string}\"},\"query-input\":{\"@type\":\"PropertyValueSpecification\",\"valueRequired\":true,\"valueName\":\"search_term_string\"}}],\"inLanguage\":\"pl-PL\"},{\"@type\":\"Organization\",\"@id\":\"https:\\\/\\\/pans.krosno.pl\\\/pracownicy\\\/#organization\",\"name\":\"Pracownicy PANS w Kro\u015bnie\",\"url\":\"https:\\\/\\\/pans.krosno.pl\\\/pracownicy\\\/\",\"logo\":{\"@type\":\"ImageObject\",\"inLanguage\":\"pl-PL\",\"@id\":\"https:\\\/\\\/pans.krosno.pl\\\/pracownicy\\\/#\\\/schema\\\/logo\\\/image\\\/\",\"url\":\"https:\\\/\\\/pans.krosno.pl\\\/pracownicy\\\/wp-content\\\/uploads\\\/sites\\\/41\\\/2023\\\/01\\\/Logo-PANS-2022-pelne.png\",\"contentUrl\":\"https:\\\/\\\/pans.krosno.pl\\\/pracownicy\\\/wp-content\\\/uploads\\\/sites\\\/41\\\/2023\\\/01\\\/Logo-PANS-2022-pelne.png\",\"width\":3096,\"height\":696,\"caption\":\"Pracownicy PANS w Kro\u015bnie\"},\"image\":{\"@id\":\"https:\\\/\\\/pans.krosno.pl\\\/pracownicy\\\/#\\\/schema\\\/logo\\\/image\\\/\"}}]}<\/script>\n<!-- \/ Yoast SEO Premium plugin. -->","yoast_head_json":{"title":"Dr Ewa Smole\u0144 - Do\u015bwiadczenie pozauczelniane - Pracownicy PANS w Kro\u015bnie","robots":{"index":"index","follow":"follow","max-snippet":"max-snippet:-1","max-image-preview":"max-image-preview:large","max-video-preview":"max-video-preview:-1"},"canonical":"https:\/\/pans.krosno.pl\/pracownicy\/ewa-smolen\/ewa-smolen-doswiadczenie-pozauczelniane\/","og_locale":"pl_PL","og_type":"article","og_title":"Dr Ewa Smole\u0144 - Do\u015bwiadczenie pozauczelniane","og_description":"Od roku 2021 pracuje czynnie jako piel\u0119gniarka. Od 2021 roku do 2022 w Zak\u0142adzie Piel\u0119gnacyjno-Opieku\u0144czym w Kro\u015bnie a od 2022 roku na Oddziale Dzieci\u0119cym Wojew\u00f3dzkiego Szpitala Podkarpackiego im. Jana Paw\u0142\u0105 II w Kro\u015bnie. W latach 2018-2021 przebywa\u0142a za granic\u0105 w Kanadzie, gdzie jako wolontariusz poznawa\u0142a prac\u0119 piel\u0119gniarek w Kanadzie. Pe\u0142ni [\u2026] Read More","og_url":"https:\/\/pans.krosno.pl\/pracownicy\/ewa-smolen\/ewa-smolen-doswiadczenie-pozauczelniane\/","og_site_name":"Pracownicy PANS w Kro\u015bnie","article_modified_time":"2025-05-27T10:10:15+00:00","twitter_card":"summary_large_image","schema":{"@context":"https:\/\/schema.org","@graph":[{"@type":"WebPage","@id":"https:\/\/pans.krosno.pl\/pracownicy\/ewa-smolen\/ewa-smolen-doswiadczenie-pozauczelniane\/","url":"https:\/\/pans.krosno.pl\/pracownicy\/ewa-smolen\/ewa-smolen-doswiadczenie-pozauczelniane\/","name":"Dr Ewa Smole\u0144 - Do\u015bwiadczenie pozauczelniane - Pracownicy PANS w Kro\u015bnie","isPartOf":{"@id":"https:\/\/pans.krosno.pl\/pracownicy\/#website"},"datePublished":"2025-02-12T12:36:03+00:00","dateModified":"2025-05-27T10:10:15+00:00","breadcrumb":{"@id":"https:\/\/pans.krosno.pl\/pracownicy\/ewa-smolen\/ewa-smolen-doswiadczenie-pozauczelniane\/#breadcrumb"},"inLanguage":"pl-PL","potentialAction":[{"@type":"ReadAction","target":["https:\/\/pans.krosno.pl\/pracownicy\/ewa-smolen\/ewa-smolen-doswiadczenie-pozauczelniane\/"]}]},{"@type":"BreadcrumbList","@id":"https:\/\/pans.krosno.pl\/pracownicy\/ewa-smolen\/ewa-smolen-doswiadczenie-pozauczelniane\/#breadcrumb","itemListElement":[{"@type":"ListItem","position":1,"name":"Strona g\u0142\u00f3wna","item":"https:\/\/pans.krosno.pl\/pracownicy\/"},{"@type":"ListItem","position":2,"name":"dr n. o zdr. Ewa Smole\u0144","item":"https:\/\/pans.krosno.pl\/pracownicy\/ewa-smolen\/"},{"@type":"ListItem","position":3,"name":"Dr Ewa Smole\u0144 &#8211; Do\u015bwiadczenie pozauczelniane"}]},{"@type":"WebSite","@id":"https:\/\/pans.krosno.pl\/pracownicy\/#website","url":"https:\/\/pans.krosno.pl\/pracownicy\/","name":"Pracownicy PANS w Kro\u015bnie","description":"Pracownicy - Pa\u0144stwowa Akademia Nauk Stosowanych","publisher":{"@id":"https:\/\/pans.krosno.pl\/pracownicy\/#organization"},"potentialAction":[{"@type":"SearchAction","target":{"@type":"EntryPoint","urlTemplate":"https:\/\/pans.krosno.pl\/pracownicy\/?s={search_term_string}"},"query-input":{"@type":"PropertyValueSpecification","valueRequired":true,"valueName":"search_term_string"}}],"inLanguage":"pl-PL"},{"@type":"Organization","@id":"https:\/\/pans.krosno.pl\/pracownicy\/#organization","name":"Pracownicy PANS w Kro\u015bnie","url":"https:\/\/pans.krosno.pl\/pracownicy\/","logo":{"@type":"ImageObject","inLanguage":"pl-PL","@id":"https:\/\/pans.krosno.pl\/pracownicy\/#\/schema\/logo\/image\/","url":"https:\/\/pans.krosno.pl\/pracownicy\/wp-content\/uploads\/sites\/41\/2023\/01\/Logo-PANS-2022-pelne.png","contentUrl":"https:\/\/pans.krosno.pl\/pracownicy\/wp-content\/uploads\/sites\/41\/2023\/01\/Logo-PANS-2022-pelne.png","width":3096,"height":696,"caption":"Pracownicy PANS w Kro\u015bnie"},"image":{"@id":"https:\/\/pans.krosno.pl\/pracownicy\/#\/schema\/logo\/image\/"}}]}},"_links":{"self":[{"href":"https:\/\/pans.krosno.pl\/pracownicy\/wp-json\/wp\/v2\/pages\/10202","targetHints":{"allow":["GET"]}}],"collection":[{"href":"https:\/\/pans.krosno.pl\/pracownicy\/wp-json\/wp\/v2\/pages"}],"about":[{"href":"https:\/\/pans.krosno.pl\/pracownicy\/wp-json\/wp\/v2\/types\/page"}],"author":[{"embeddable":true,"href":"https:\/\/pans.krosno.pl\/pracownicy\/wp-json\/wp\/v2\/users\/27"}],"replies":[{"embeddable":true,"href":"https:\/\/pans.krosno.pl\/pracownicy\/wp-json\/wp\/v2\/comments?post=10202"}],"version-history":[{"count":2,"href":"https:\/\/pans.krosno.pl\/pracownicy\/wp-json\/wp\/v2\/pages\/10202\/revisions"}],"predecessor-version":[{"id":11327,"href":"https:\/\/pans.krosno.pl\/pracownicy\/wp-json\/wp\/v2\/pages\/10202\/revisions\/11327"}],"up":[{"embeddable":true,"href":"https:\/\/pans.krosno.pl\/pracownicy\/wp-json\/wp\/v2\/pages\/10198"}],"wp:attachment":[{"href":"https:\/\/pans.krosno.pl\/pracownicy\/wp-json\/wp\/v2\/media?parent=10202"}],"curies":[{"name":"wp","href":"https:\/\/api.w.org\/{rel}","templated":true}]}}