{"id":10168,"date":"2024-12-02T12:11:13","date_gmt":"2024-12-02T11:11:13","guid":{"rendered":"https:\/\/pans.krosno.pl\/pracownicy\/?page_id=10168"},"modified":"2025-05-14T12:27:28","modified_gmt":"2025-05-14T10:27:28","slug":"katarzyna-albrycht-blahut","status":"publish","type":"page","link":"https:\/\/pans.krosno.pl\/pracownicy\/katarzyna-albrycht-blahut\/","title":{"rendered":"mgr Katarzyna Albrycht-B\u0142ahut"},"content":{"rendered":"\n<h3 class=\"wp-block-heading\" id=\"h-studium-jezykow-obcych\">Studium J\u0119zyk\u00f3w Obcych<\/h3>\n\n\n\n<hr class=\"wp-block-separator has-css-opacity\" \/>\n\n\n<p>Lektor j\u0119zyka angielskiego w Studium J\u0119zyk\u00f3w Obcych, gdzie prowadzi zaj\u0119cia dla grup o zr\u00f3\u017cnicowanym poziomie zaawansowania, w tym tak\u017ce kursy j\u0119zyka specjalistycznego z zakresu turystyki. Wzbogaca swoje do\u015bwiadczenie pracuj\u0105c tak\u017ce&nbsp; z r\u00f3\u017cnymi grupami wiekowymi w j\u0119zykowej Academii. Przygotowuje uczni\u00f3w do egzamin\u00f3w i wspiera rozwijanie ich umiej\u0119tno\u015bci j\u0119zykowych.<\/p>\n<p>Zdobywczyni certyfikatu DELE C1, dzi\u0119ki kt\u00f3remu mo\u017ce r\u00f3wnie\u017c realizowa\u0107 si\u0119 jako nauczyciel j\u0119zyka hiszpa\u0144skiego. Jako pasjonatka j\u0119zyk\u00f3w obcych \u2013 aktualnie zg\u0142\u0119bia tajniki j\u0119zyka japo\u0144skiego. W wolnym czasie rozwija si\u0119 artystycznie maluj\u0105c kwiaty i zachody s\u0142o\u0144ca.<\/p>\n<p>Z zami\u0142owaniem do nauczania stara si\u0119 tworzy\u0107 inspiruj\u0105ce \u015brodowisko do nauki dla swoich student\u00f3w, nieustannie d\u0105\u017c\u0105c do ich motywowania i aktywizowania.<\/p>\n\n\n<hr class=\"wp-block-separator has-css-opacity\" \/>\n\n\n\n<div class=\"wp-block-columns is-layout-flex wp-container-core-columns-is-layout-28f84493 wp-block-columns-is-layout-flex\">\n<div class=\"wp-block-column is-layout-flow wp-block-column-is-layout-flow\" style=\"flex-basis:22%\">\n<figure class=\"wp-block-image size-full\"><img loading=\"lazy\" decoding=\"async\" width=\"583\" height=\"721\" src=\"https:\/\/pans.krosno.pl\/pracownicy\/wp-content\/uploads\/sites\/41\/2024\/12\/image.png\" alt=\"\" class=\"wp-image-10169\" srcset=\"https:\/\/pans.krosno.pl\/pracownicy\/wp-content\/uploads\/sites\/41\/2024\/12\/image.png 583w, https:\/\/pans.krosno.pl\/pracownicy\/wp-content\/uploads\/sites\/41\/2024\/12\/image-243x300.png 243w, https:\/\/pans.krosno.pl\/pracownicy\/wp-content\/uploads\/sites\/41\/2024\/12\/image-580x717.png 580w\" sizes=\"auto, (max-width: 583px) 100vw, 583px\" \/><\/figure>\n\n\n\n<p><\/p>\n<\/div>\n\n\n\n<div class=\"wp-block-column is-layout-flow wp-block-column-is-layout-flow\" style=\"flex-basis:78%\">\n<ul class=\"wp-block-list\">\n<li>\u017byciorys naukowy <\/li>\n\n\n\n<li>Do\u015bwiadczenie pozauczelniane<\/li>\n\n\n\n<li>Najwa\u017cniejsze publikacje<\/li>\n\n\n\n<li>Najwa\u017cniejsze nagrody i wyr\u00f3\u017cnienia<\/li>\n<\/ul>\n\n\n\n<hr class=\"wp-block-separator has-css-opacity\" \/>\n\n\n\n<figure class=\"wp-block-table aligncenter is-style-stripes\"><table><tbody><tr><td class=\"has-text-align-left\" data-align=\"left\">Telefon: 13 43 650 67<\/td><\/tr><tr><td class=\"has-text-align-left\" data-align=\"left\">E-mail: <a href=\"mailto:katarzyna.albrycht-blahut@pans.krosno.pl\">katarzyna.albrycht-blahut@pans.krosno.pl<\/a><\/td><\/tr><tr><td class=\"has-text-align-left\" data-align=\"left\">Konsultacje: <a href=\"https:\/\/pans.krosno.pl\/sjo\/dyzury\/\" target=\"_blank\" rel=\"noreferrer noopener\">Dy\u017cur pracownika<\/a><\/td><\/tr><\/tbody><\/table><\/figure>\n<\/div>\n<\/div>\n\n\n\n<hr class=\"wp-block-separator has-css-opacity\" \/>\n\n\n\n<p><\/p>\n","protected":false},"excerpt":{"rendered":"<p>Studium J\u0119zyk\u00f3w Obcych Lektor j\u0119zyka angielskiego w Studium J\u0119zyk\u00f3w Obcych, gdzie prowadzi zaj\u0119cia dla grup o zr\u00f3\u017cnicowanym poziomie zaawansowania, w tym tak\u017ce kursy j\u0119zyka specjalistycznego z zakresu turystyki. Wzbogaca swoje do\u015bwiadczenie pracuj\u0105c tak\u017ce&nbsp; z r\u00f3\u017cnymi grupami wiekowymi w j\u0119zykowej Academii. Przygotowuje uczni\u00f3w do egzamin\u00f3w i wspiera rozwijanie ich umiej\u0119tno\u015bci j\u0119zykowych. [\u2026] <\/p>\n<div class=\"clear\"><\/div>\n<p><a class=\"more_link clearfix\" href=\"https:\/\/pans.krosno.pl\/pracownicy\/katarzyna-albrycht-blahut\/\" rel=\"nofollow\">Read More<\/a><\/p>\n","protected":false},"author":27,"featured_media":0,"parent":0,"menu_order":0,"comment_status":"closed","ping_status":"closed","template":"","meta":{"ngg_post_thumbnail":0,"footnotes":""},"class_list":["post-10168","page","type-page","status-publish","hentry"],"yoast_head":"<!-- This site is optimized with the Yoast SEO Premium plugin v27.4 (Yoast SEO v27.4) - https:\/\/yoast.com\/product\/yoast-seo-premium-wordpress\/ -->\n<title>mgr Katarzyna Albrycht-B\u0142ahut - Pracownicy PANS w Kro\u015bnie<\/title>\n<meta name=\"robots\" content=\"index, follow, max-snippet:-1, max-image-preview:large, max-video-preview:-1\" \/>\n<link rel=\"canonical\" href=\"https:\/\/pans.krosno.pl\/pracownicy\/katarzyna-albrycht-blahut\/\" \/>\n<meta property=\"og:locale\" content=\"pl_PL\" \/>\n<meta property=\"og:type\" content=\"article\" \/>\n<meta property=\"og:title\" content=\"mgr Katarzyna Albrycht-B\u0142ahut\" \/>\n<meta property=\"og:description\" content=\"Studium J\u0119zyk\u00f3w Obcych Lektor j\u0119zyka angielskiego w Studium J\u0119zyk\u00f3w Obcych, gdzie prowadzi zaj\u0119cia dla grup o zr\u00f3\u017cnicowanym poziomie zaawansowania, w tym tak\u017ce kursy j\u0119zyka specjalistycznego z zakresu turystyki. Wzbogaca swoje do\u015bwiadczenie pracuj\u0105c tak\u017ce&nbsp; z r\u00f3\u017cnymi grupami wiekowymi w j\u0119zykowej Academii. Przygotowuje uczni\u00f3w do egzamin\u00f3w i wspiera rozwijanie ich umiej\u0119tno\u015bci j\u0119zykowych. [\u2026] Read More\" \/>\n<meta property=\"og:url\" content=\"https:\/\/pans.krosno.pl\/pracownicy\/katarzyna-albrycht-blahut\/\" \/>\n<meta property=\"og:site_name\" content=\"Pracownicy PANS w Kro\u015bnie\" \/>\n<meta property=\"article:modified_time\" content=\"2025-05-14T10:27:28+00:00\" \/>\n<meta property=\"og:image\" content=\"https:\/\/pans.krosno.pl\/pracownicy\/wp-content\/uploads\/sites\/41\/2024\/12\/image.png\" \/>\n\t<meta property=\"og:image:width\" content=\"583\" \/>\n\t<meta property=\"og:image:height\" content=\"721\" \/>\n\t<meta property=\"og:image:type\" content=\"image\/png\" \/>\n<meta name=\"twitter:card\" content=\"summary_large_image\" \/>\n<meta name=\"twitter:label1\" content=\"Szacowany czas czytania\" \/>\n\t<meta name=\"twitter:data1\" content=\"1 minuta\" \/>\n<script type=\"application\/ld+json\" class=\"yoast-schema-graph\">{\"@context\":\"https:\\\/\\\/schema.org\",\"@graph\":[{\"@type\":\"WebPage\",\"@id\":\"https:\\\/\\\/pans.krosno.pl\\\/pracownicy\\\/katarzyna-albrycht-blahut\\\/\",\"url\":\"https:\\\/\\\/pans.krosno.pl\\\/pracownicy\\\/katarzyna-albrycht-blahut\\\/\",\"name\":\"mgr Katarzyna Albrycht-B\u0142ahut - Pracownicy PANS w Kro\u015bnie\",\"isPartOf\":{\"@id\":\"https:\\\/\\\/pans.krosno.pl\\\/pracownicy\\\/#website\"},\"primaryImageOfPage\":{\"@id\":\"https:\\\/\\\/pans.krosno.pl\\\/pracownicy\\\/katarzyna-albrycht-blahut\\\/#primaryimage\"},\"image\":{\"@id\":\"https:\\\/\\\/pans.krosno.pl\\\/pracownicy\\\/katarzyna-albrycht-blahut\\\/#primaryimage\"},\"thumbnailUrl\":\"https:\\\/\\\/pans.krosno.pl\\\/pracownicy\\\/wp-content\\\/uploads\\\/sites\\\/41\\\/2024\\\/12\\\/image.png\",\"datePublished\":\"2024-12-02T11:11:13+00:00\",\"dateModified\":\"2025-05-14T10:27:28+00:00\",\"breadcrumb\":{\"@id\":\"https:\\\/\\\/pans.krosno.pl\\\/pracownicy\\\/katarzyna-albrycht-blahut\\\/#breadcrumb\"},\"inLanguage\":\"pl-PL\",\"potentialAction\":[{\"@type\":\"ReadAction\",\"target\":[\"https:\\\/\\\/pans.krosno.pl\\\/pracownicy\\\/katarzyna-albrycht-blahut\\\/\"]}]},{\"@type\":\"ImageObject\",\"inLanguage\":\"pl-PL\",\"@id\":\"https:\\\/\\\/pans.krosno.pl\\\/pracownicy\\\/katarzyna-albrycht-blahut\\\/#primaryimage\",\"url\":\"https:\\\/\\\/pans.krosno.pl\\\/pracownicy\\\/wp-content\\\/uploads\\\/sites\\\/41\\\/2024\\\/12\\\/image.png\",\"contentUrl\":\"https:\\\/\\\/pans.krosno.pl\\\/pracownicy\\\/wp-content\\\/uploads\\\/sites\\\/41\\\/2024\\\/12\\\/image.png\",\"width\":583,\"height\":721},{\"@type\":\"BreadcrumbList\",\"@id\":\"https:\\\/\\\/pans.krosno.pl\\\/pracownicy\\\/katarzyna-albrycht-blahut\\\/#breadcrumb\",\"itemListElement\":[{\"@type\":\"ListItem\",\"position\":1,\"name\":\"Strona g\u0142\u00f3wna\",\"item\":\"https:\\\/\\\/pans.krosno.pl\\\/pracownicy\\\/\"},{\"@type\":\"ListItem\",\"position\":2,\"name\":\"mgr Katarzyna Albrycht-B\u0142ahut\"}]},{\"@type\":\"WebSite\",\"@id\":\"https:\\\/\\\/pans.krosno.pl\\\/pracownicy\\\/#website\",\"url\":\"https:\\\/\\\/pans.krosno.pl\\\/pracownicy\\\/\",\"name\":\"Pracownicy PANS w Kro\u015bnie\",\"description\":\"Pracownicy - Pa\u0144stwowa Akademia Nauk Stosowanych\",\"publisher\":{\"@id\":\"https:\\\/\\\/pans.krosno.pl\\\/pracownicy\\\/#organization\"},\"potentialAction\":[{\"@type\":\"SearchAction\",\"target\":{\"@type\":\"EntryPoint\",\"urlTemplate\":\"https:\\\/\\\/pans.krosno.pl\\\/pracownicy\\\/?s={search_term_string}\"},\"query-input\":{\"@type\":\"PropertyValueSpecification\",\"valueRequired\":true,\"valueName\":\"search_term_string\"}}],\"inLanguage\":\"pl-PL\"},{\"@type\":\"Organization\",\"@id\":\"https:\\\/\\\/pans.krosno.pl\\\/pracownicy\\\/#organization\",\"name\":\"Pracownicy PANS w Kro\u015bnie\",\"url\":\"https:\\\/\\\/pans.krosno.pl\\\/pracownicy\\\/\",\"logo\":{\"@type\":\"ImageObject\",\"inLanguage\":\"pl-PL\",\"@id\":\"https:\\\/\\\/pans.krosno.pl\\\/pracownicy\\\/#\\\/schema\\\/logo\\\/image\\\/\",\"url\":\"https:\\\/\\\/pans.krosno.pl\\\/pracownicy\\\/wp-content\\\/uploads\\\/sites\\\/41\\\/2023\\\/01\\\/Logo-PANS-2022-pelne.png\",\"contentUrl\":\"https:\\\/\\\/pans.krosno.pl\\\/pracownicy\\\/wp-content\\\/uploads\\\/sites\\\/41\\\/2023\\\/01\\\/Logo-PANS-2022-pelne.png\",\"width\":3096,\"height\":696,\"caption\":\"Pracownicy PANS w Kro\u015bnie\"},\"image\":{\"@id\":\"https:\\\/\\\/pans.krosno.pl\\\/pracownicy\\\/#\\\/schema\\\/logo\\\/image\\\/\"}}]}<\/script>\n<!-- \/ Yoast SEO Premium plugin. -->","yoast_head_json":{"title":"mgr Katarzyna Albrycht-B\u0142ahut - Pracownicy PANS w Kro\u015bnie","robots":{"index":"index","follow":"follow","max-snippet":"max-snippet:-1","max-image-preview":"max-image-preview:large","max-video-preview":"max-video-preview:-1"},"canonical":"https:\/\/pans.krosno.pl\/pracownicy\/katarzyna-albrycht-blahut\/","og_locale":"pl_PL","og_type":"article","og_title":"mgr Katarzyna Albrycht-B\u0142ahut","og_description":"Studium J\u0119zyk\u00f3w Obcych Lektor j\u0119zyka angielskiego w Studium J\u0119zyk\u00f3w Obcych, gdzie prowadzi zaj\u0119cia dla grup o zr\u00f3\u017cnicowanym poziomie zaawansowania, w tym tak\u017ce kursy j\u0119zyka specjalistycznego z zakresu turystyki. Wzbogaca swoje do\u015bwiadczenie pracuj\u0105c tak\u017ce&nbsp; z r\u00f3\u017cnymi grupami wiekowymi w j\u0119zykowej Academii. Przygotowuje uczni\u00f3w do egzamin\u00f3w i wspiera rozwijanie ich umiej\u0119tno\u015bci j\u0119zykowych. [\u2026] Read More","og_url":"https:\/\/pans.krosno.pl\/pracownicy\/katarzyna-albrycht-blahut\/","og_site_name":"Pracownicy PANS w Kro\u015bnie","article_modified_time":"2025-05-14T10:27:28+00:00","og_image":[{"width":583,"height":721,"url":"https:\/\/pans.krosno.pl\/pracownicy\/wp-content\/uploads\/sites\/41\/2024\/12\/image.png","type":"image\/png"}],"twitter_card":"summary_large_image","twitter_misc":{"Szacowany czas czytania":"1 minuta"},"schema":{"@context":"https:\/\/schema.org","@graph":[{"@type":"WebPage","@id":"https:\/\/pans.krosno.pl\/pracownicy\/katarzyna-albrycht-blahut\/","url":"https:\/\/pans.krosno.pl\/pracownicy\/katarzyna-albrycht-blahut\/","name":"mgr Katarzyna Albrycht-B\u0142ahut - Pracownicy PANS w Kro\u015bnie","isPartOf":{"@id":"https:\/\/pans.krosno.pl\/pracownicy\/#website"},"primaryImageOfPage":{"@id":"https:\/\/pans.krosno.pl\/pracownicy\/katarzyna-albrycht-blahut\/#primaryimage"},"image":{"@id":"https:\/\/pans.krosno.pl\/pracownicy\/katarzyna-albrycht-blahut\/#primaryimage"},"thumbnailUrl":"https:\/\/pans.krosno.pl\/pracownicy\/wp-content\/uploads\/sites\/41\/2024\/12\/image.png","datePublished":"2024-12-02T11:11:13+00:00","dateModified":"2025-05-14T10:27:28+00:00","breadcrumb":{"@id":"https:\/\/pans.krosno.pl\/pracownicy\/katarzyna-albrycht-blahut\/#breadcrumb"},"inLanguage":"pl-PL","potentialAction":[{"@type":"ReadAction","target":["https:\/\/pans.krosno.pl\/pracownicy\/katarzyna-albrycht-blahut\/"]}]},{"@type":"ImageObject","inLanguage":"pl-PL","@id":"https:\/\/pans.krosno.pl\/pracownicy\/katarzyna-albrycht-blahut\/#primaryimage","url":"https:\/\/pans.krosno.pl\/pracownicy\/wp-content\/uploads\/sites\/41\/2024\/12\/image.png","contentUrl":"https:\/\/pans.krosno.pl\/pracownicy\/wp-content\/uploads\/sites\/41\/2024\/12\/image.png","width":583,"height":721},{"@type":"BreadcrumbList","@id":"https:\/\/pans.krosno.pl\/pracownicy\/katarzyna-albrycht-blahut\/#breadcrumb","itemListElement":[{"@type":"ListItem","position":1,"name":"Strona g\u0142\u00f3wna","item":"https:\/\/pans.krosno.pl\/pracownicy\/"},{"@type":"ListItem","position":2,"name":"mgr Katarzyna Albrycht-B\u0142ahut"}]},{"@type":"WebSite","@id":"https:\/\/pans.krosno.pl\/pracownicy\/#website","url":"https:\/\/pans.krosno.pl\/pracownicy\/","name":"Pracownicy PANS w Kro\u015bnie","description":"Pracownicy - Pa\u0144stwowa Akademia Nauk Stosowanych","publisher":{"@id":"https:\/\/pans.krosno.pl\/pracownicy\/#organization"},"potentialAction":[{"@type":"SearchAction","target":{"@type":"EntryPoint","urlTemplate":"https:\/\/pans.krosno.pl\/pracownicy\/?s={search_term_string}"},"query-input":{"@type":"PropertyValueSpecification","valueRequired":true,"valueName":"search_term_string"}}],"inLanguage":"pl-PL"},{"@type":"Organization","@id":"https:\/\/pans.krosno.pl\/pracownicy\/#organization","name":"Pracownicy PANS w Kro\u015bnie","url":"https:\/\/pans.krosno.pl\/pracownicy\/","logo":{"@type":"ImageObject","inLanguage":"pl-PL","@id":"https:\/\/pans.krosno.pl\/pracownicy\/#\/schema\/logo\/image\/","url":"https:\/\/pans.krosno.pl\/pracownicy\/wp-content\/uploads\/sites\/41\/2023\/01\/Logo-PANS-2022-pelne.png","contentUrl":"https:\/\/pans.krosno.pl\/pracownicy\/wp-content\/uploads\/sites\/41\/2023\/01\/Logo-PANS-2022-pelne.png","width":3096,"height":696,"caption":"Pracownicy PANS w Kro\u015bnie"},"image":{"@id":"https:\/\/pans.krosno.pl\/pracownicy\/#\/schema\/logo\/image\/"}}]}},"_links":{"self":[{"href":"https:\/\/pans.krosno.pl\/pracownicy\/wp-json\/wp\/v2\/pages\/10168","targetHints":{"allow":["GET"]}}],"collection":[{"href":"https:\/\/pans.krosno.pl\/pracownicy\/wp-json\/wp\/v2\/pages"}],"about":[{"href":"https:\/\/pans.krosno.pl\/pracownicy\/wp-json\/wp\/v2\/types\/page"}],"author":[{"embeddable":true,"href":"https:\/\/pans.krosno.pl\/pracownicy\/wp-json\/wp\/v2\/users\/27"}],"replies":[{"embeddable":true,"href":"https:\/\/pans.krosno.pl\/pracownicy\/wp-json\/wp\/v2\/comments?post=10168"}],"version-history":[{"count":4,"href":"https:\/\/pans.krosno.pl\/pracownicy\/wp-json\/wp\/v2\/pages\/10168\/revisions"}],"predecessor-version":[{"id":10297,"href":"https:\/\/pans.krosno.pl\/pracownicy\/wp-json\/wp\/v2\/pages\/10168\/revisions\/10297"}],"wp:attachment":[{"href":"https:\/\/pans.krosno.pl\/pracownicy\/wp-json\/wp\/v2\/media?parent=10168"}],"curies":[{"name":"wp","href":"https:\/\/api.w.org\/{rel}","templated":true}]}}