{"id":10160,"date":"2024-11-14T14:53:06","date_gmt":"2024-11-14T13:53:06","guid":{"rendered":"https:\/\/pans.krosno.pl\/pracownicy\/?page_id=10160"},"modified":"2024-11-14T14:55:36","modified_gmt":"2024-11-14T13:55:36","slug":"jadwiga-klukow-najwazniejsze-publikacje","status":"publish","type":"page","link":"https:\/\/pans.krosno.pl\/pracownicy\/jadwiga-klukow\/jadwiga-klukow-najwazniejsze-publikacje\/","title":{"rendered":"Dr n. med. Jadwiga Klukow \u2013\u00a0Najwa\u017cniejsze publikacje"},"content":{"rendered":"\n<p>Successful adoption of mobile technology in practice-based learning : Report 3 [online]. (Pomy\u015blne zastosowanie technologii mobilnej w nauczaniu opartym na praktyce : Raport 3.). Angela Fessl, Sebastian Dennerlein, Tamsin Treasure-Jones, Raymond Elferink, Carles Garcia, Carlos Mart\u00ednez-Gaitero and the 4D Project Consortium, [m. in.] [AUT.] BEATA DOBROWOLSKA, JUSTYNA KRYSA, MICHA\u0141 MACHUL, MONIKA GESEK, AGNIESZKA CHRZAN-RODAK, MAGDALENA DZIURKA, PATRYCJA OZDOBA, MARTA SZARA, <strong>JADWIGA KLUKOW<\/strong>. ss. 74, bibliogr. poz. 61,. https:\/\/4d.tecnocampus.cat\/wp-content\/uploads\/sites\/27\/2023\/12\/4D-Project_Report-3.-Successful-adoption.v4_ENG_final_compressed.pdf.<\/p>\n\n\n\n<p>Recommendations to ensure the introduction of mobile technology in practice placements settings : Digitalization in learning practice placement : Report 2 [online]. [AUT.] BEATA DOBROWOLSKA, ARIADNA HUERTAS, AGNIESZKA CHRZAN-RODAK, MAGDALENA DZIURKA, PATRYCJA OZDOBA, MARTA SZARA, <strong>JADWIGA KLUKOW<\/strong>, JUSTYNA KRYSA, MICHA\u0141 MACHUL, MONIKA GESEK, CRISTINA CASANOVAS, DANIEL MORENO, ESTHER CABRERA, CARLOS MART\u00cdNEZ-GAITERO, the 4D Project Consortium. ss. 27, bibliogr, https:\/\/4d.tecnocampus.cat\/wp-content\/uploads\/sites\/27\/2023\/05\/4D-Project-WP2-2nd-Report-ENG-original_final.pdf.<\/p>\n\n\n\n<p>Key factors for successful digitalization of practice-based learning in healthcare higher education : Digitalization in learning practice placement : Report 1 [online]. [AUT.] ARIADNA HUERTAS, BEATA DOBROWOLSKA, CRISTINA CASANOVAS, DANIEL MORENO, AGNIESZKA CHRZAN-RODAK, MAGDALENA DZIURKA, PATRYCJA OZDOBA, MARTA SZARA, <strong>JADWIGA KLUKOW<\/strong>, JUSTYNA KRYSA, MICHA\u0141 MACHUL, MONIKA GESEK, ESTHER CABRERA, CARLOS MART\u00cdNEZ-GAITERO, the 4D Project Consortium. ss. 59, bibliogr,: https:\/\/4d.tecnocampus.cat\/wp-content\/uploads\/sites\/27\/2023\/06\/WP2-Report1-ENG-final.pdf.<\/p>\n\n\n\n<p>New technologies used in the education of nurses and midwives. (Nowe technologie wykorzystywane w kszta\u0142ceniu piel\u0119gniarek i po\u0142o\u017cnych.). [AUT. KORESP.] MARTA SZARA, [AUT.]<strong> JADWIGA W. KLUKOW<\/strong>. <em>Piel\u0119gniarstwo XXI w.<\/em> [online] 2023 vol. 22 nr 3 s. 181-194, bibliogr. poz. 24, DOI: 10.2478\/pielxxiw-2023-0026.<\/p>\n\n\n\n<p>Przyw\u00f3dztwo jako element kultury organizacyjnej zespo\u0142\u00f3w piel\u0119gniarskich. [AUT.] MARTA SZARA, <strong>JADWIGA KLUKOW<\/strong>. W: Inwestowanie w piel\u0119gniarstwo i poszanowanie praw piel\u0119gniarek &#8211; kontrowersje i wyzwania : praca zbiorowa. Pod red. Edyty K\u0119dry, El\u017cbiety Garwackiej-Czachor, Doroty Mileckiej, Piotra J. Gurowca G\u0142og\u00f3w 2022, Wydawnictwo Pa\u0144stwowej Wy\u017cszej Szko\u0142y Zawodowej w G\u0142ogowie, s. 85-104, bibliogr. poz. 32, 978-83-63349-24-0.<\/p>\n\n\n\n<p>Klimat organizacyjny w \u015brodowisku pracy piel\u0119gniarek i piel\u0119gniarzy w czasie pandemii COVID-19. (The organizational climate of the work environment of nurses during the COVID-19 pandemic.). [AUT. KORESP.] <strong>JADWIGA KLUKOW<\/strong>, [AUT.] MARTYNA PIESZCZEK, ZOFIA FORY\u015a, GRA\u017bYNA D\u0118BSKA. <em>Pa\u0144stwo i Spo\u0142ecze\u0144stwo<\/em> 2022 vol. 22 nr 1 s. 127-140, bibliogr. sum. DOI: 10.48269\/2451-0858-pis-2022-1-01.<\/p>\n\n\n\n<p>Review of research on organizational culture in health care system. (Przegl\u0105d bada\u0144 nad kultur\u0105 organizacyjn\u0105 w systemie opieki zdrowotnej.). [AUT. KORESP.] MARTA SZARA, [AUT.] ANNA KSYKIEWICZ-DOROTA, <strong>JADWIGA KLUKOW<\/strong>, MARZENA LAMONT. <em>Piel\u0119gniarstwo XXI w.<\/em> 2018 vol. 17 nr 2 s. 32-44, bibliogr. poz. 24, [Tekst r\u00f3wnoleg\u0142y w j\u0119z. pol.]. DOI: 10.2478\/pielxxiw-2018-0013.<\/p>\n\n\n\n<p>Przegl\u0105d narz\u0119dzi badawczych do oceny kultury organizacyjnej w systemie opieki zdrowotnej. (Review of research instruments for assessment of organizational culture in health care system.). [AUT.] MARTA SZARA, ANNA KSYKIEWICZ-DOROTA, <strong>JADWIGA KLUKOW<\/strong>, MARZENA LAMONT. <em>Zesz. Nauk. Polit. \u015al. Org. Zarz.<\/em> 2018 z. 117 s. 587-608, bibliogr. poz. 37, sum.<\/p>\n\n\n\n<p>Klimat organizacyjny w jednostkach systemu ratownictwa medycznego. (Organizational climate in emergency units.). [AUT.] <strong>JADWIGA KLUKOW<\/strong>, ANNA KSYKIEWICZ-DOROTA, MARTA SZARA, MARZENA LAMONT. W: Interdyscyplinarno\u015b\u0107 wsp\u00f3\u0142czesnej medycyny. (Interdisciplinary nature of modern medicine.) Red. Krzysztof Rejman, S\u0142awomir Rudzki, Jaros\u0142aw Nowor\u00f3l, Marta Cebulak, Barbara Stawarz Jaros\u0142aw 2017, Wydawnictwo Pa\u0144stwowej Wy\u017cszej Szko\u0142y Techniczno-Ekonomicznej im. ks. Bronis\u0142awa Markiewicza, s. 187-196, bibliogr. poz. 23, sum, 978-83-65823-12-0.<\/p>\n\n\n\n<p>System segregacji medycznej jako element organizacji opieki w szpitalnych oddzia\u0142ach ratunkowych. (Triage as an element of care organization in emergency departments.). [AUT.] <strong>JADWIGA KLUKOW<\/strong>, ANNA KSYKIEWICZ-DOROTA, MARTA SZARA. W: Interdyscyplinarno\u015b\u0107 wsp\u00f3\u0142czesnej medycyny. (Interdisciplinary nature of modern medicine.) Red. Krzysztof Rejman, S\u0142awomir Rudzki, Jaros\u0142aw Nowor\u00f3l, Marta Cebulak, Barbara Stawarz Jaros\u0142aw 2017, Wydawnictwo Pa\u0144stwowej Wy\u017cszej Szko\u0142y Techniczno-Ekonomicznej im. ks. Bronis\u0142awa Markiewicza, s. 177-186, bibliogr. poz. 25, sum, 978-83-65823-12-0.<\/p>\n\n\n\n<p>Przegl\u0105d bada\u0144 nad wydajno\u015bci\u0105 pracy piel\u0119gniarek. (Review of studies concerning job performance of nursing staff.). [AUT.] MARTA SZARA, ANNA KSYKIEWICZ-DOROTA, <strong>JADWIGA KLUKOW<\/strong>, MARZENA LAMONT. <em>Piel\u0119gniarstwo XXI w.<\/em> 2017 vol. 16 nr 3 s. 51-56, bibliogr. poz. 34, sum. DOI: 10.1515\/pielxxiw-2017-0023.<\/p>\n\n\n\n<p><strong>Podr\u0119cznik:<\/strong> Organizacja i zarz\u0105dzanie opiek\u0105 d\u0142ugoterminow\u0105 : podr\u0119cznik dla student\u00f3w piel\u0119gniarstwa. JADWIGA KLUKOW. Lublin ; W\u0142oc\u0142awek 2014, Agencja Reklamowa TOP, ss. 91, bibliogr, 978-83-63179-16-8.<\/p>\n","protected":false},"excerpt":{"rendered":"<p>Successful adoption of mobile technology in practice-based learning : Report 3 [online]. (Pomy\u015blne zastosowanie technologii mobilnej w nauczaniu opartym na praktyce : Raport 3.). Angela Fessl, Sebastian Dennerlein, Tamsin Treasure-Jones, Raymond Elferink, Carles Garcia, Carlos Mart\u00ednez-Gaitero and the 4D Project Consortium, [m. in.] [AUT.] BEATA DOBROWOLSKA, JUSTYNA KRYSA, MICHA\u0141 MACHUL, [\u2026] <\/p>\n<div class=\"clear\"><\/div>\n<p><a class=\"more_link clearfix\" href=\"https:\/\/pans.krosno.pl\/pracownicy\/jadwiga-klukow\/jadwiga-klukow-najwazniejsze-publikacje\/\" rel=\"nofollow\">Read More<\/a><\/p>\n","protected":false},"author":27,"featured_media":0,"parent":10155,"menu_order":0,"comment_status":"closed","ping_status":"closed","template":"","meta":{"ngg_post_thumbnail":0,"footnotes":""},"class_list":["post-10160","page","type-page","status-publish","hentry"],"yoast_head":"<!-- This site is optimized with the Yoast SEO Premium plugin v27.3 (Yoast SEO v27.3) - https:\/\/yoast.com\/product\/yoast-seo-premium-wordpress\/ -->\n<title>Dr n. med. Jadwiga Klukow \u2013\u00a0Najwa\u017cniejsze publikacje - Pracownicy PANS w Kro\u015bnie<\/title>\n<meta name=\"robots\" content=\"index, follow, max-snippet:-1, max-image-preview:large, max-video-preview:-1\" \/>\n<link rel=\"canonical\" href=\"https:\/\/pans.krosno.pl\/pracownicy\/jadwiga-klukow\/jadwiga-klukow-najwazniejsze-publikacje\/\" \/>\n<meta property=\"og:locale\" content=\"pl_PL\" \/>\n<meta property=\"og:type\" content=\"article\" \/>\n<meta property=\"og:title\" content=\"Dr n. med. Jadwiga Klukow \u2013\u00a0Najwa\u017cniejsze publikacje\" \/>\n<meta property=\"og:description\" content=\"Successful adoption of mobile technology in practice-based learning : Report 3 [online]. (Pomy\u015blne zastosowanie technologii mobilnej w nauczaniu opartym na praktyce : Raport 3.). Angela Fessl, Sebastian Dennerlein, Tamsin Treasure-Jones, Raymond Elferink, Carles Garcia, Carlos Mart\u00ednez-Gaitero and the 4D Project Consortium, [m. in.] [AUT.] BEATA DOBROWOLSKA, JUSTYNA KRYSA, MICHA\u0141 MACHUL, [\u2026] Read More\" \/>\n<meta property=\"og:url\" content=\"https:\/\/pans.krosno.pl\/pracownicy\/jadwiga-klukow\/jadwiga-klukow-najwazniejsze-publikacje\/\" \/>\n<meta property=\"og:site_name\" content=\"Pracownicy PANS w Kro\u015bnie\" \/>\n<meta property=\"article:modified_time\" content=\"2024-11-14T13:55:36+00:00\" \/>\n<meta name=\"twitter:card\" content=\"summary_large_image\" \/>\n<meta name=\"twitter:label1\" content=\"Szacowany czas czytania\" \/>\n\t<meta name=\"twitter:data1\" content=\"4 minuty\" \/>\n<script type=\"application\/ld+json\" class=\"yoast-schema-graph\">{\"@context\":\"https:\\\/\\\/schema.org\",\"@graph\":[{\"@type\":\"WebPage\",\"@id\":\"https:\\\/\\\/pans.krosno.pl\\\/pracownicy\\\/jadwiga-klukow\\\/jadwiga-klukow-najwazniejsze-publikacje\\\/\",\"url\":\"https:\\\/\\\/pans.krosno.pl\\\/pracownicy\\\/jadwiga-klukow\\\/jadwiga-klukow-najwazniejsze-publikacje\\\/\",\"name\":\"Dr n. med. Jadwiga Klukow \u2013\u00a0Najwa\u017cniejsze publikacje - Pracownicy PANS w Kro\u015bnie\",\"isPartOf\":{\"@id\":\"https:\\\/\\\/pans.krosno.pl\\\/pracownicy\\\/#website\"},\"datePublished\":\"2024-11-14T13:53:06+00:00\",\"dateModified\":\"2024-11-14T13:55:36+00:00\",\"breadcrumb\":{\"@id\":\"https:\\\/\\\/pans.krosno.pl\\\/pracownicy\\\/jadwiga-klukow\\\/jadwiga-klukow-najwazniejsze-publikacje\\\/#breadcrumb\"},\"inLanguage\":\"pl-PL\",\"potentialAction\":[{\"@type\":\"ReadAction\",\"target\":[\"https:\\\/\\\/pans.krosno.pl\\\/pracownicy\\\/jadwiga-klukow\\\/jadwiga-klukow-najwazniejsze-publikacje\\\/\"]}]},{\"@type\":\"BreadcrumbList\",\"@id\":\"https:\\\/\\\/pans.krosno.pl\\\/pracownicy\\\/jadwiga-klukow\\\/jadwiga-klukow-najwazniejsze-publikacje\\\/#breadcrumb\",\"itemListElement\":[{\"@type\":\"ListItem\",\"position\":1,\"name\":\"Strona g\u0142\u00f3wna\",\"item\":\"https:\\\/\\\/pans.krosno.pl\\\/pracownicy\\\/\"},{\"@type\":\"ListItem\",\"position\":2,\"name\":\"Dr n. med. Jadwiga Klukow\",\"item\":\"https:\\\/\\\/pans.krosno.pl\\\/pracownicy\\\/jadwiga-klukow\\\/\"},{\"@type\":\"ListItem\",\"position\":3,\"name\":\"Dr n. med. Jadwiga Klukow \u2013\u00a0Najwa\u017cniejsze publikacje\"}]},{\"@type\":\"WebSite\",\"@id\":\"https:\\\/\\\/pans.krosno.pl\\\/pracownicy\\\/#website\",\"url\":\"https:\\\/\\\/pans.krosno.pl\\\/pracownicy\\\/\",\"name\":\"Pracownicy PANS w Kro\u015bnie\",\"description\":\"Pracownicy - Pa\u0144stwowa Akademia Nauk Stosowanych\",\"publisher\":{\"@id\":\"https:\\\/\\\/pans.krosno.pl\\\/pracownicy\\\/#organization\"},\"potentialAction\":[{\"@type\":\"SearchAction\",\"target\":{\"@type\":\"EntryPoint\",\"urlTemplate\":\"https:\\\/\\\/pans.krosno.pl\\\/pracownicy\\\/?s={search_term_string}\"},\"query-input\":{\"@type\":\"PropertyValueSpecification\",\"valueRequired\":true,\"valueName\":\"search_term_string\"}}],\"inLanguage\":\"pl-PL\"},{\"@type\":\"Organization\",\"@id\":\"https:\\\/\\\/pans.krosno.pl\\\/pracownicy\\\/#organization\",\"name\":\"Pracownicy PANS w Kro\u015bnie\",\"url\":\"https:\\\/\\\/pans.krosno.pl\\\/pracownicy\\\/\",\"logo\":{\"@type\":\"ImageObject\",\"inLanguage\":\"pl-PL\",\"@id\":\"https:\\\/\\\/pans.krosno.pl\\\/pracownicy\\\/#\\\/schema\\\/logo\\\/image\\\/\",\"url\":\"https:\\\/\\\/pans.krosno.pl\\\/pracownicy\\\/wp-content\\\/uploads\\\/sites\\\/41\\\/2023\\\/01\\\/Logo-PANS-2022-pelne.png\",\"contentUrl\":\"https:\\\/\\\/pans.krosno.pl\\\/pracownicy\\\/wp-content\\\/uploads\\\/sites\\\/41\\\/2023\\\/01\\\/Logo-PANS-2022-pelne.png\",\"width\":3096,\"height\":696,\"caption\":\"Pracownicy PANS w Kro\u015bnie\"},\"image\":{\"@id\":\"https:\\\/\\\/pans.krosno.pl\\\/pracownicy\\\/#\\\/schema\\\/logo\\\/image\\\/\"}}]}<\/script>\n<!-- \/ Yoast SEO Premium plugin. -->","yoast_head_json":{"title":"Dr n. med. Jadwiga Klukow \u2013\u00a0Najwa\u017cniejsze publikacje - Pracownicy PANS w Kro\u015bnie","robots":{"index":"index","follow":"follow","max-snippet":"max-snippet:-1","max-image-preview":"max-image-preview:large","max-video-preview":"max-video-preview:-1"},"canonical":"https:\/\/pans.krosno.pl\/pracownicy\/jadwiga-klukow\/jadwiga-klukow-najwazniejsze-publikacje\/","og_locale":"pl_PL","og_type":"article","og_title":"Dr n. med. Jadwiga Klukow \u2013\u00a0Najwa\u017cniejsze publikacje","og_description":"Successful adoption of mobile technology in practice-based learning : Report 3 [online]. (Pomy\u015blne zastosowanie technologii mobilnej w nauczaniu opartym na praktyce : Raport 3.). Angela Fessl, Sebastian Dennerlein, Tamsin Treasure-Jones, Raymond Elferink, Carles Garcia, Carlos Mart\u00ednez-Gaitero and the 4D Project Consortium, [m. in.] [AUT.] BEATA DOBROWOLSKA, JUSTYNA KRYSA, MICHA\u0141 MACHUL, [\u2026] Read More","og_url":"https:\/\/pans.krosno.pl\/pracownicy\/jadwiga-klukow\/jadwiga-klukow-najwazniejsze-publikacje\/","og_site_name":"Pracownicy PANS w Kro\u015bnie","article_modified_time":"2024-11-14T13:55:36+00:00","twitter_card":"summary_large_image","twitter_misc":{"Szacowany czas czytania":"4 minuty"},"schema":{"@context":"https:\/\/schema.org","@graph":[{"@type":"WebPage","@id":"https:\/\/pans.krosno.pl\/pracownicy\/jadwiga-klukow\/jadwiga-klukow-najwazniejsze-publikacje\/","url":"https:\/\/pans.krosno.pl\/pracownicy\/jadwiga-klukow\/jadwiga-klukow-najwazniejsze-publikacje\/","name":"Dr n. med. Jadwiga Klukow \u2013\u00a0Najwa\u017cniejsze publikacje - Pracownicy PANS w Kro\u015bnie","isPartOf":{"@id":"https:\/\/pans.krosno.pl\/pracownicy\/#website"},"datePublished":"2024-11-14T13:53:06+00:00","dateModified":"2024-11-14T13:55:36+00:00","breadcrumb":{"@id":"https:\/\/pans.krosno.pl\/pracownicy\/jadwiga-klukow\/jadwiga-klukow-najwazniejsze-publikacje\/#breadcrumb"},"inLanguage":"pl-PL","potentialAction":[{"@type":"ReadAction","target":["https:\/\/pans.krosno.pl\/pracownicy\/jadwiga-klukow\/jadwiga-klukow-najwazniejsze-publikacje\/"]}]},{"@type":"BreadcrumbList","@id":"https:\/\/pans.krosno.pl\/pracownicy\/jadwiga-klukow\/jadwiga-klukow-najwazniejsze-publikacje\/#breadcrumb","itemListElement":[{"@type":"ListItem","position":1,"name":"Strona g\u0142\u00f3wna","item":"https:\/\/pans.krosno.pl\/pracownicy\/"},{"@type":"ListItem","position":2,"name":"Dr n. med. Jadwiga Klukow","item":"https:\/\/pans.krosno.pl\/pracownicy\/jadwiga-klukow\/"},{"@type":"ListItem","position":3,"name":"Dr n. med. Jadwiga Klukow \u2013\u00a0Najwa\u017cniejsze publikacje"}]},{"@type":"WebSite","@id":"https:\/\/pans.krosno.pl\/pracownicy\/#website","url":"https:\/\/pans.krosno.pl\/pracownicy\/","name":"Pracownicy PANS w Kro\u015bnie","description":"Pracownicy - Pa\u0144stwowa Akademia Nauk Stosowanych","publisher":{"@id":"https:\/\/pans.krosno.pl\/pracownicy\/#organization"},"potentialAction":[{"@type":"SearchAction","target":{"@type":"EntryPoint","urlTemplate":"https:\/\/pans.krosno.pl\/pracownicy\/?s={search_term_string}"},"query-input":{"@type":"PropertyValueSpecification","valueRequired":true,"valueName":"search_term_string"}}],"inLanguage":"pl-PL"},{"@type":"Organization","@id":"https:\/\/pans.krosno.pl\/pracownicy\/#organization","name":"Pracownicy PANS w Kro\u015bnie","url":"https:\/\/pans.krosno.pl\/pracownicy\/","logo":{"@type":"ImageObject","inLanguage":"pl-PL","@id":"https:\/\/pans.krosno.pl\/pracownicy\/#\/schema\/logo\/image\/","url":"https:\/\/pans.krosno.pl\/pracownicy\/wp-content\/uploads\/sites\/41\/2023\/01\/Logo-PANS-2022-pelne.png","contentUrl":"https:\/\/pans.krosno.pl\/pracownicy\/wp-content\/uploads\/sites\/41\/2023\/01\/Logo-PANS-2022-pelne.png","width":3096,"height":696,"caption":"Pracownicy PANS w Kro\u015bnie"},"image":{"@id":"https:\/\/pans.krosno.pl\/pracownicy\/#\/schema\/logo\/image\/"}}]}},"_links":{"self":[{"href":"https:\/\/pans.krosno.pl\/pracownicy\/wp-json\/wp\/v2\/pages\/10160","targetHints":{"allow":["GET"]}}],"collection":[{"href":"https:\/\/pans.krosno.pl\/pracownicy\/wp-json\/wp\/v2\/pages"}],"about":[{"href":"https:\/\/pans.krosno.pl\/pracownicy\/wp-json\/wp\/v2\/types\/page"}],"author":[{"embeddable":true,"href":"https:\/\/pans.krosno.pl\/pracownicy\/wp-json\/wp\/v2\/users\/27"}],"replies":[{"embeddable":true,"href":"https:\/\/pans.krosno.pl\/pracownicy\/wp-json\/wp\/v2\/comments?post=10160"}],"version-history":[{"count":1,"href":"https:\/\/pans.krosno.pl\/pracownicy\/wp-json\/wp\/v2\/pages\/10160\/revisions"}],"predecessor-version":[{"id":10161,"href":"https:\/\/pans.krosno.pl\/pracownicy\/wp-json\/wp\/v2\/pages\/10160\/revisions\/10161"}],"up":[{"embeddable":true,"href":"https:\/\/pans.krosno.pl\/pracownicy\/wp-json\/wp\/v2\/pages\/10155"}],"wp:attachment":[{"href":"https:\/\/pans.krosno.pl\/pracownicy\/wp-json\/wp\/v2\/media?parent=10160"}],"curies":[{"name":"wp","href":"https:\/\/api.w.org\/{rel}","templated":true}]}}