{"id":10149,"date":"2024-11-14T14:24:24","date_gmt":"2024-11-14T13:24:24","guid":{"rendered":"https:\/\/pans.krosno.pl\/pracownicy\/?page_id=10149"},"modified":"2024-11-14T14:27:10","modified_gmt":"2024-11-14T13:27:10","slug":"hanna-kachaniuk-najwazniejsze-publikacje","status":"publish","type":"page","link":"https:\/\/pans.krosno.pl\/pracownicy\/hanna-kachaniuk\/hanna-kachaniuk-najwazniejsze-publikacje\/","title":{"rendered":"dr Hanna Kachaniuk &#8211; Najwa\u017cniejsze publikacje"},"content":{"rendered":"\n<p>Wsp\u00f3\u0142autorstwo&nbsp; podr\u0119cznik\u00f3w\/materia\u0142\u00f3w dydaktycznych &#8211; Wybrane pozycje&nbsp;<\/p>\n\n\n\n<ol class=\"wp-block-list\" start=\"1\">\n<li><a href=\"https:\/\/bpp.umlub.pl\/bpp\/rekord\/29,90428\/\">Proces piel\u0119gnowania w opiece nad rodzin\u0105. [AUT.] BARBARA \u015aLUSARSKA, HANNA KACHANIUK. W: Piel\u0119gniarstwo rodzinne i opieka \u015brodowiskowa. Red. nauk. Barbara \u015alusarska, Ludmi\u0142a Marcinowicz, Katarzyna Kocka Warszawa 2019, Wydawnictwo Lekarskie PZWL, s. 52-67, bibliogr. poz. 28, 978-83-200-5738-6.<\/a><\/li>\n<\/ol>\n\n\n\n<ol class=\"wp-block-list\" start=\"2\">\n<li>Badanie fizykalne w praktyce piel\u0119gniarki poz. [AUT.] JAN KACHANIUK, HANNA KACHANIUK W: Piel\u0119gniarstwo w podstawowej opiece zdrowotnej. Red. Mariola Pietrzak, Barbara Knoff, Tomasz Kryczka,\u00a0 PZWL Wydawnictwo Lekarskie, Warszawa 2021, s.158-187<\/li>\n\n\n\n<li>PORADA PIEL\u0118GNIARKI PODSTAWOWEJ OPIEKI ZDROWOTNEJ W MIEJSCU ZAMIESZKANIA PACJENTA [Aut]\u2013 Mariola Pietrzak, Beata Ostrzycka, Zofia Sienkiewicz, Hanna Kachaniuk, ss.329- 336 W: \u201ePorada piel\u0119gniarki w podstawowej opiece zdrowotnej \u201e (eBook) Redakcja naukowa: Beata Ostrzycka, Mariola Pietrzak, Zofia Sienkiewicz,\u00a0 wyd. 1, PZWL Warszawa, 2022<\/li>\n\n\n\n<li>\u00a0<\/li>\n\n\n\n<li>&#8211; SKALE WYKORZYSTYWANE W PRACY PIEL\u0118GNIARKI PODSTAWOWEJ OPIEKI ZDROWOTNEJ [Aut]\u2013 Jan Kachaniuk, Hanna Kachaniuk, ss. 345\u00a0386 W: \u201ePorada piel\u0119gniarki w podstawowej opiece zdrowotnej \u201e (eBook) Redakcja naukowa: Beata Ostrzycka, Mariola Pietrzak, Zofia Sienkiewicz,\u00a0 wyd. 1, PZWL Warszawa, 2022<\/li>\n<\/ol>\n\n\n\n<ol class=\"wp-block-list\" start=\"6\">\n<li>\u00a0Narz\u0119dzia klinimetryczne w badaniu fizykalnym\u00a0 [Aut] Jan Kachaniuk, Hanna Kachaniuk, ss. 98-149\u00a0 W: (e-book)\u00a0\u00a0 \u201eKlinimetria w doskonaleniu jako\u015bci \u015bwiadcze\u0144 zdrowotnych i kszta\u0142cenia na kierunkach medycznych\u201d (red.) MARIOLA G\u0141OWACKA, MACIEJ S\u0141ODKI Wydawnictwo Naukowe Akademii Mazowieckiej w P\u0142ocku P\u0142ock 2023<\/li>\n\n\n\n<li>Wprowadzenie w zagadnienie badania podmiotowego i przedmiotowego pacjenta. [AUT.] HANNA KACHANIUK, GRA\u017bYNA W\u00d3JCIK. W: Wywiad i badanie fizykalne dla piel\u0119gniarek i po\u0142o\u017cnych. Red. nauk. Zbigniew Gaciong, Zofia Sienkiewicz Warszawa 2017, Warszawski Uniwersytet Medyczny. Wydzia\u0142 Nauki o Zdrowiu, s. 7-11, bibliogr, 978-83-63179-46-5.<\/li>\n\n\n\n<li>Badanie podmiotowe i przedmiotowe osoby doros\u0142ej w zakresie fizjologicznych funkcji narz\u0105d\u00f3w i uk\u0142ad\u00f3w. [AUT.] HANNA KACHANIUK, ZOFIA SIENKIEWICZ. W: Wywiad i badanie fizykalne dla piel\u0119gniarek i po\u0142o\u017cnych. Red. nauk. Zbigniew Gaciong, Zofia Sienkiewicz Warszawa 2017, Warszawski Uniwersytet Medyczny. Wydzia\u0142 Nauki o Zdrowiu, s. 13-41, bibliogr, 978-83-63179-46-5.<\/li>\n\n\n\n<li>Badanie podmiotowe i przedmiotowe poszczeg\u00f3lnych uk\u0142ad\u00f3w i narz\u0105d\u00f3w organizmu cz\u0142owieka zdrowego. [AUT.] HANNA KACHANIUK, ZOFIA SIENKIEWICZ. W: Wywiad i badanie fizykalne dla piel\u0119gniarek i po\u0142o\u017cnych. Red. nauk. Zbigniew Gaciong, Zofia Sienkiewicz Warszawa 2017, Warszawski Uniwersytet Medyczny. Wydzia\u0142 Nauki o Zdrowiu, s. 43-146, bibliogr, 978-83-63179-46-5.<\/li>\n\n\n\n<li>Opieka nad zdrowiem os\u00f3b starszych. [AUT.] HANNA KACHANIUK. W: Zdrowie publiczne. Podr\u0119cznik dla student\u00f3w i absolwent\u00f3w Wydzia\u0142\u00f3w Piel\u0119gniarstwa i Nauk o Zdrowiu Akademii Medycznych. Pod red. Teresy B. Kulik i Macieja Latalskiego Lublin 2002, Czelej, s. 293-311, bibliogr.<\/li>\n<\/ol>\n\n\n\n<p>Publikacja w czasopi\u015bmie naukowym &#8211; Wybrane pozycje&nbsp;<\/p>\n\n\n\n<ol class=\"wp-block-list\">\n<li>Quality of life and burden of informal caregivers providing care for patients with low function agility in the home environment. [AUT.] AGNIESZKA BARTOSZEK*, EDYTA GA\u0141\u0118ZIOWSKA, BARBARA \u015aLUSARSKA, HANNA KACHANIUK, KATARZYNA PIASECKA, ALINA DELUGA, RENATA DOM\u017bA\u0141-DRZEWICKA, KATARZYNA KOCKA, GRZEGORZ NOWICKI. Fam. Med. Prim. Care Rev. 2019 vol. 21 nr 1 s. 12-16, bibliogr. poz. 30. DOI: 10.5114\/fmpcr.2019.8297<\/li>\n\n\n\n<li>Wybrane uwarunkowania obci\u0105\u017cenia opiekun\u00f3w nieformalnych wed\u0142ug COPE-Indeks w opiece domowej nad pacjentami z deficytem sprawno\u015bci funkcjonalnej.(Selected factors conditioning a negative impact on informal of home care patients with functional mobility deficits according to the cope-index.). [AUT.] AGNIESZKA BARTOSZEK*, BARBARA \u015aLUSARSKA, ALINA DELUGA, GRZEGORZ NOWICKI, KATARZYNA PIASECKA, KATARZYNA KOCKA, HANNA KACHANIUK. Pol. Prz. Nauk Zdr. 2019 nr 2 s. 164-171, bibliogr. poz. 30, sum. DOI: 10.<\/li>\n\n\n\n<li>Poziom satysfakcji z \u017cycia senior\u00f3w przebywaj\u0105cych na leczeniu uzdrowiskowym.(The level of satisfaction with the life of seniors staying in a spa treatment.). [AUT.] AGNIESZKA KIJOWSKA, MARIUSZ WYSOKI\u0143SKI, WIES\u0141AW FIDECKI, HANNA KACHANIUK, ANETA J\u0118DRZEJEWSKA, MA\u0141GORZATA DZIURA, KATARZYNA STUDNICKA. W: Mi\u0119dzynarodowa Konferencja Naukowa : Osi\u0105gni\u0119cia naukowe piel\u0119gniarstwa polskiego w kontek\u015bcie wyzwa\u0144 procesu globalizacji jutra. Lublin, 12-14 wrze\u015bnia 2019. [Streszcz.] s. 154-155, [Tekst r\u00f3wnol. w j\u0119z. ang.]. Lublin 2019, Wydawnictwo Archidiecezji Lubelskiej GAUDIUM, 978-83-7548-366-6.<\/li>\n\n\n\n<li>Jako\u015b\u0107 \u017cycia starszych opiekun\u00f3w nieformalnych os\u00f3b przewlekle chorych w opiece domowej. (Quality of life of the elderly informal caregivers of chronically ill in home care.). [AUT. KORESP.] HANNA KACHANIUK, [AUT.] AGNIESZKA BARTOSZEK, BARBARA \u015aLUSARSKA, GRZEGORZ NOWICKI, KATARZYNA KOCKA, ALINA DELUGA, KATARZYNA PIASECKA. Geriatria 2018 t. 12 nr 2 s. 74-83, bibliogr. poz. 25, sum.<\/li>\n\n\n\n<li>Specyfika opieki piel\u0119gniarskiej nad osobami starszymi. [AUT.] PAWE\u0141 JERZAK, HANNA KACHANIUK. W: Opieka nad pacjentem w podesz\u0142ym wieku. Pod red. Wies\u0142awa Fideckiego, Zofii Sienkiewicz, Mariusza Wysoki\u0144skiego Warszawa 2017, Warszawski Uniwersytet Medyczny, s. 7-14, bibliogr. poz. 22, 978-83-7637-450-5.<\/li>\n\n\n\n<li>The Camberwell Assessment of Need for the Elderly questionnaire as a tool for the assessment of needs in elderly individuals living in long-term care institutions. [AUT. KORESP.] KATARZYNA WIECZOROWSKA-TOBIS, [AUT.] DOROTA TALARSKA, SYLWIA KROPI\u0143SKA, KRYSTYNA JARACZ, S\u0141AWOMIR TOBIS, ALEKSANDRA SUWALSKA, HANNA KACHANIUK, JUSTYNA MAZUREK, AGNIESZKA DYMEK-SKOCZY\u0143SKA, JOANNA RYMASZEWSKA. Arch. Geront. Geriatr. 2016 vol. 62 s. 163-168, bibliogr. poz. 27. DOI: 10.1016\/j.archger.2015.10.005<\/li>\n\n\n\n<li>The state of nutrition and the self-assessment of symptoms of depression in the group of seniors living in the countryside of Lublin province &#8211; preliminary report. [AUT.] AGNIESZKA BARTOSZEK, [AUT. KORESP.] RENATA DOM\u017bA\u0141-DRZEWICKA, [AUT.] HANNA KACHANIUK, KATARZYNA KOCKA, KATARZYNA MUZYCZKA. Prz. Gastroenterol. 2015 vol. 10 nr 4 s. 208-214, bibliogr. poz. 45. DOI: 10.5114\/pg.2015.49476<\/li>\n\n\n\n<li>Geriatric Nutritional Risk Index in patients prepared for surgical treatment &#8211; preliminary study. (Geriatryczny wska\u017anik ryzyka niedo\u017cywienia u pacjent\u00f3w przygotowywanych do zabiegu operacyjnego &#8211; badania wst\u0119pne.). [AUT.] HANNA KACHANIUK, PAWE\u0141 JERZAK, ANDRZEJ STANIS\u0141AWEK. Gerontol. Pol. 2015 t. 23 nr 3 s. 120-125, bibliogr. poz. 36, streszcz.<\/li>\n<\/ol>\n","protected":false},"excerpt":{"rendered":"<p>Wsp\u00f3\u0142autorstwo&nbsp; podr\u0119cznik\u00f3w\/materia\u0142\u00f3w dydaktycznych &#8211; Wybrane pozycje&nbsp; Publikacja w czasopi\u015bmie naukowym &#8211; Wybrane pozycje&nbsp;<\/p>\n","protected":false},"author":27,"featured_media":0,"parent":10144,"menu_order":0,"comment_status":"closed","ping_status":"closed","template":"","meta":{"ngg_post_thumbnail":0,"footnotes":""},"class_list":["post-10149","page","type-page","status-publish","hentry"],"yoast_head":"<!-- This site is optimized with the Yoast SEO Premium plugin v27.3 (Yoast SEO v27.3) - https:\/\/yoast.com\/product\/yoast-seo-premium-wordpress\/ -->\n<title>dr Hanna Kachaniuk - Najwa\u017cniejsze publikacje - Pracownicy PANS w Kro\u015bnie<\/title>\n<meta name=\"robots\" content=\"index, follow, max-snippet:-1, max-image-preview:large, max-video-preview:-1\" \/>\n<link rel=\"canonical\" href=\"https:\/\/pans.krosno.pl\/pracownicy\/hanna-kachaniuk\/hanna-kachaniuk-najwazniejsze-publikacje\/\" \/>\n<meta property=\"og:locale\" content=\"pl_PL\" \/>\n<meta property=\"og:type\" content=\"article\" \/>\n<meta property=\"og:title\" content=\"dr Hanna Kachaniuk - Najwa\u017cniejsze publikacje\" \/>\n<meta property=\"og:description\" content=\"Wsp\u00f3\u0142autorstwo&nbsp; podr\u0119cznik\u00f3w\/materia\u0142\u00f3w dydaktycznych &#8211; Wybrane pozycje&nbsp; Publikacja w czasopi\u015bmie naukowym &#8211; Wybrane pozycje&nbsp;\" \/>\n<meta property=\"og:url\" content=\"https:\/\/pans.krosno.pl\/pracownicy\/hanna-kachaniuk\/hanna-kachaniuk-najwazniejsze-publikacje\/\" \/>\n<meta property=\"og:site_name\" content=\"Pracownicy PANS w Kro\u015bnie\" \/>\n<meta property=\"article:modified_time\" content=\"2024-11-14T13:27:10+00:00\" \/>\n<meta name=\"twitter:card\" content=\"summary_large_image\" \/>\n<meta name=\"twitter:label1\" content=\"Szacowany czas czytania\" \/>\n\t<meta name=\"twitter:data1\" content=\"5 minut\" \/>\n<script type=\"application\/ld+json\" class=\"yoast-schema-graph\">{\"@context\":\"https:\\\/\\\/schema.org\",\"@graph\":[{\"@type\":\"WebPage\",\"@id\":\"https:\\\/\\\/pans.krosno.pl\\\/pracownicy\\\/hanna-kachaniuk\\\/hanna-kachaniuk-najwazniejsze-publikacje\\\/\",\"url\":\"https:\\\/\\\/pans.krosno.pl\\\/pracownicy\\\/hanna-kachaniuk\\\/hanna-kachaniuk-najwazniejsze-publikacje\\\/\",\"name\":\"dr Hanna Kachaniuk - Najwa\u017cniejsze publikacje - Pracownicy PANS w Kro\u015bnie\",\"isPartOf\":{\"@id\":\"https:\\\/\\\/pans.krosno.pl\\\/pracownicy\\\/#website\"},\"datePublished\":\"2024-11-14T13:24:24+00:00\",\"dateModified\":\"2024-11-14T13:27:10+00:00\",\"breadcrumb\":{\"@id\":\"https:\\\/\\\/pans.krosno.pl\\\/pracownicy\\\/hanna-kachaniuk\\\/hanna-kachaniuk-najwazniejsze-publikacje\\\/#breadcrumb\"},\"inLanguage\":\"pl-PL\",\"potentialAction\":[{\"@type\":\"ReadAction\",\"target\":[\"https:\\\/\\\/pans.krosno.pl\\\/pracownicy\\\/hanna-kachaniuk\\\/hanna-kachaniuk-najwazniejsze-publikacje\\\/\"]}]},{\"@type\":\"BreadcrumbList\",\"@id\":\"https:\\\/\\\/pans.krosno.pl\\\/pracownicy\\\/hanna-kachaniuk\\\/hanna-kachaniuk-najwazniejsze-publikacje\\\/#breadcrumb\",\"itemListElement\":[{\"@type\":\"ListItem\",\"position\":1,\"name\":\"Strona g\u0142\u00f3wna\",\"item\":\"https:\\\/\\\/pans.krosno.pl\\\/pracownicy\\\/\"},{\"@type\":\"ListItem\",\"position\":2,\"name\":\"dr Hanna Kachaniuk\",\"item\":\"https:\\\/\\\/pans.krosno.pl\\\/pracownicy\\\/hanna-kachaniuk\\\/\"},{\"@type\":\"ListItem\",\"position\":3,\"name\":\"dr Hanna Kachaniuk &#8211; Najwa\u017cniejsze publikacje\"}]},{\"@type\":\"WebSite\",\"@id\":\"https:\\\/\\\/pans.krosno.pl\\\/pracownicy\\\/#website\",\"url\":\"https:\\\/\\\/pans.krosno.pl\\\/pracownicy\\\/\",\"name\":\"Pracownicy PANS w Kro\u015bnie\",\"description\":\"Pracownicy - Pa\u0144stwowa Akademia Nauk Stosowanych\",\"publisher\":{\"@id\":\"https:\\\/\\\/pans.krosno.pl\\\/pracownicy\\\/#organization\"},\"potentialAction\":[{\"@type\":\"SearchAction\",\"target\":{\"@type\":\"EntryPoint\",\"urlTemplate\":\"https:\\\/\\\/pans.krosno.pl\\\/pracownicy\\\/?s={search_term_string}\"},\"query-input\":{\"@type\":\"PropertyValueSpecification\",\"valueRequired\":true,\"valueName\":\"search_term_string\"}}],\"inLanguage\":\"pl-PL\"},{\"@type\":\"Organization\",\"@id\":\"https:\\\/\\\/pans.krosno.pl\\\/pracownicy\\\/#organization\",\"name\":\"Pracownicy PANS w Kro\u015bnie\",\"url\":\"https:\\\/\\\/pans.krosno.pl\\\/pracownicy\\\/\",\"logo\":{\"@type\":\"ImageObject\",\"inLanguage\":\"pl-PL\",\"@id\":\"https:\\\/\\\/pans.krosno.pl\\\/pracownicy\\\/#\\\/schema\\\/logo\\\/image\\\/\",\"url\":\"https:\\\/\\\/pans.krosno.pl\\\/pracownicy\\\/wp-content\\\/uploads\\\/sites\\\/41\\\/2023\\\/01\\\/Logo-PANS-2022-pelne.png\",\"contentUrl\":\"https:\\\/\\\/pans.krosno.pl\\\/pracownicy\\\/wp-content\\\/uploads\\\/sites\\\/41\\\/2023\\\/01\\\/Logo-PANS-2022-pelne.png\",\"width\":3096,\"height\":696,\"caption\":\"Pracownicy PANS w Kro\u015bnie\"},\"image\":{\"@id\":\"https:\\\/\\\/pans.krosno.pl\\\/pracownicy\\\/#\\\/schema\\\/logo\\\/image\\\/\"}}]}<\/script>\n<!-- \/ Yoast SEO Premium plugin. -->","yoast_head_json":{"title":"dr Hanna Kachaniuk - Najwa\u017cniejsze publikacje - Pracownicy PANS w Kro\u015bnie","robots":{"index":"index","follow":"follow","max-snippet":"max-snippet:-1","max-image-preview":"max-image-preview:large","max-video-preview":"max-video-preview:-1"},"canonical":"https:\/\/pans.krosno.pl\/pracownicy\/hanna-kachaniuk\/hanna-kachaniuk-najwazniejsze-publikacje\/","og_locale":"pl_PL","og_type":"article","og_title":"dr Hanna Kachaniuk - Najwa\u017cniejsze publikacje","og_description":"Wsp\u00f3\u0142autorstwo&nbsp; podr\u0119cznik\u00f3w\/materia\u0142\u00f3w dydaktycznych &#8211; Wybrane pozycje&nbsp; Publikacja w czasopi\u015bmie naukowym &#8211; Wybrane pozycje&nbsp;","og_url":"https:\/\/pans.krosno.pl\/pracownicy\/hanna-kachaniuk\/hanna-kachaniuk-najwazniejsze-publikacje\/","og_site_name":"Pracownicy PANS w Kro\u015bnie","article_modified_time":"2024-11-14T13:27:10+00:00","twitter_card":"summary_large_image","twitter_misc":{"Szacowany czas czytania":"5 minut"},"schema":{"@context":"https:\/\/schema.org","@graph":[{"@type":"WebPage","@id":"https:\/\/pans.krosno.pl\/pracownicy\/hanna-kachaniuk\/hanna-kachaniuk-najwazniejsze-publikacje\/","url":"https:\/\/pans.krosno.pl\/pracownicy\/hanna-kachaniuk\/hanna-kachaniuk-najwazniejsze-publikacje\/","name":"dr Hanna Kachaniuk - Najwa\u017cniejsze publikacje - Pracownicy PANS w Kro\u015bnie","isPartOf":{"@id":"https:\/\/pans.krosno.pl\/pracownicy\/#website"},"datePublished":"2024-11-14T13:24:24+00:00","dateModified":"2024-11-14T13:27:10+00:00","breadcrumb":{"@id":"https:\/\/pans.krosno.pl\/pracownicy\/hanna-kachaniuk\/hanna-kachaniuk-najwazniejsze-publikacje\/#breadcrumb"},"inLanguage":"pl-PL","potentialAction":[{"@type":"ReadAction","target":["https:\/\/pans.krosno.pl\/pracownicy\/hanna-kachaniuk\/hanna-kachaniuk-najwazniejsze-publikacje\/"]}]},{"@type":"BreadcrumbList","@id":"https:\/\/pans.krosno.pl\/pracownicy\/hanna-kachaniuk\/hanna-kachaniuk-najwazniejsze-publikacje\/#breadcrumb","itemListElement":[{"@type":"ListItem","position":1,"name":"Strona g\u0142\u00f3wna","item":"https:\/\/pans.krosno.pl\/pracownicy\/"},{"@type":"ListItem","position":2,"name":"dr Hanna Kachaniuk","item":"https:\/\/pans.krosno.pl\/pracownicy\/hanna-kachaniuk\/"},{"@type":"ListItem","position":3,"name":"dr Hanna Kachaniuk &#8211; Najwa\u017cniejsze publikacje"}]},{"@type":"WebSite","@id":"https:\/\/pans.krosno.pl\/pracownicy\/#website","url":"https:\/\/pans.krosno.pl\/pracownicy\/","name":"Pracownicy PANS w Kro\u015bnie","description":"Pracownicy - Pa\u0144stwowa Akademia Nauk Stosowanych","publisher":{"@id":"https:\/\/pans.krosno.pl\/pracownicy\/#organization"},"potentialAction":[{"@type":"SearchAction","target":{"@type":"EntryPoint","urlTemplate":"https:\/\/pans.krosno.pl\/pracownicy\/?s={search_term_string}"},"query-input":{"@type":"PropertyValueSpecification","valueRequired":true,"valueName":"search_term_string"}}],"inLanguage":"pl-PL"},{"@type":"Organization","@id":"https:\/\/pans.krosno.pl\/pracownicy\/#organization","name":"Pracownicy PANS w Kro\u015bnie","url":"https:\/\/pans.krosno.pl\/pracownicy\/","logo":{"@type":"ImageObject","inLanguage":"pl-PL","@id":"https:\/\/pans.krosno.pl\/pracownicy\/#\/schema\/logo\/image\/","url":"https:\/\/pans.krosno.pl\/pracownicy\/wp-content\/uploads\/sites\/41\/2023\/01\/Logo-PANS-2022-pelne.png","contentUrl":"https:\/\/pans.krosno.pl\/pracownicy\/wp-content\/uploads\/sites\/41\/2023\/01\/Logo-PANS-2022-pelne.png","width":3096,"height":696,"caption":"Pracownicy PANS w Kro\u015bnie"},"image":{"@id":"https:\/\/pans.krosno.pl\/pracownicy\/#\/schema\/logo\/image\/"}}]}},"_links":{"self":[{"href":"https:\/\/pans.krosno.pl\/pracownicy\/wp-json\/wp\/v2\/pages\/10149","targetHints":{"allow":["GET"]}}],"collection":[{"href":"https:\/\/pans.krosno.pl\/pracownicy\/wp-json\/wp\/v2\/pages"}],"about":[{"href":"https:\/\/pans.krosno.pl\/pracownicy\/wp-json\/wp\/v2\/types\/page"}],"author":[{"embeddable":true,"href":"https:\/\/pans.krosno.pl\/pracownicy\/wp-json\/wp\/v2\/users\/27"}],"replies":[{"embeddable":true,"href":"https:\/\/pans.krosno.pl\/pracownicy\/wp-json\/wp\/v2\/comments?post=10149"}],"version-history":[{"count":1,"href":"https:\/\/pans.krosno.pl\/pracownicy\/wp-json\/wp\/v2\/pages\/10149\/revisions"}],"predecessor-version":[{"id":10150,"href":"https:\/\/pans.krosno.pl\/pracownicy\/wp-json\/wp\/v2\/pages\/10149\/revisions\/10150"}],"up":[{"embeddable":true,"href":"https:\/\/pans.krosno.pl\/pracownicy\/wp-json\/wp\/v2\/pages\/10144"}],"wp:attachment":[{"href":"https:\/\/pans.krosno.pl\/pracownicy\/wp-json\/wp\/v2\/media?parent=10149"}],"curies":[{"name":"wp","href":"https:\/\/api.w.org\/{rel}","templated":true}]}}