{"id":10147,"date":"2024-11-14T14:23:24","date_gmt":"2024-11-14T13:23:24","guid":{"rendered":"https:\/\/pans.krosno.pl\/pracownicy\/?page_id=10147"},"modified":"2024-11-14T14:27:11","modified_gmt":"2024-11-14T13:27:11","slug":"hanna-kachaniuk-doswiadczenie-pozauczelniane","status":"publish","type":"page","link":"https:\/\/pans.krosno.pl\/pracownicy\/hanna-kachaniuk\/hanna-kachaniuk-doswiadczenie-pozauczelniane\/","title":{"rendered":"dr Hanna Kachaniuk &#8211; Do\u015bwiadczenie pozauczelniane"},"content":{"rendered":"\n<ul class=\"wp-block-list\">\n<li>Okr\u0119gowy Szpital Kolejowy w Lublinie, Oddzia\u0142 Geriatryczny, piel\u0119gniarka odcinkowa (1981-1990)<\/li>\n\n\n\n<li>Akademia Medyczna w Lublinie, po zmianie nazwy Uniwersytet Medyczny w Lublinie, kolejno asystent, adiunkt, p.o. kierownika w Zak\u0142adzie Piel\u0119gniarstwa \u015arodowiskowego, nast\u0119pnie kierownik Pracowni Piel\u0119gniarstwa \u015arodowiskowego Katedry \u015arodowiskowej Opieki Zdrowotnej;<\/li>\n\n\n\n<li>Urz\u0105d Wojew\u00f3dzki w Lublinie, Konsultant wojew\u00f3dzki (wojew\u00f3dztwo lubelskie)w dziedzinie piel\u0119gniarstwa rodzinnego (2004 roku do 5.06.2014), Konsultant wojew\u00f3dzki (wojew\u00f3dztwo lubelskie)w dziedzinie piel\u0119gniarstwa geriatrycznego ( Od 2020 roku nadal)<\/li>\n\n\n\n<li>Zak\u0142ad Pracy Socjalnej , Wydzia\u0142 Pedagogiki, Uniwersytet Marii Curie-Sk\u0142odowskiej w Lublinie, wyk\u0142adowca godziny zlecone; prowadzenie zaj\u0119\u0107 (wyk\u0142ady, \u0107wiczenia) ze studentami: Kierunek: Praca socjalna z przedmiot\u00f3w: Geriatria i opieka paliatywna, Elementy medycyny \u015brodowiskowej (od 2016 nadal)<\/li>\n\n\n\n<li>KUL Jana Paw\u0142a II w Lublinie, wyk\u0142adowca przedmiotu Podstawowa opieka zdrowotna ,(od 2021 nadal)<\/li>\n\n\n\n<li>Radomska Szko\u0142a Wy\u017csza wyk\u0142adowca (2008)<\/li>\n\n\n\n<li>O\u015brodki Kszta\u0142cenia Podyplomowego Piel\u0119gniarek i Po\u0142o\u017cnych , Lublin, Radom, Warszawa<br>Zamo\u015b\u0107, Konin , Bia\u0142a Podlaska ( 0d 1992 roku nadal)<\/li>\n\n\n\n<li>Centrum Kszta\u0142cenia Podyplomowego Piel\u0119gniarek i Po\u0142o\u017cnych w Warszawie, ekspert w tworzeniu banku pyta\u0144 do pa\u0144stwowego egzaminu do specjalizacji w dziedzinie piel\u0119gniarstwa geriatrycznego (2001 \u2013 2009).<br>Cz\u0142onek zespo\u0142u powo\u0142anego przez Ministra Zdrowia (lipiec 2020) przygotowuj\u0105cego Raport Podzespo\u0142u 12. ds. opracowania zmian w kszta\u0142ceniu podyplomowym piel\u0119gniarek i po\u0142o\u017cnych \u2013 W DZIEDZINIE PIEL\u0118GNIARSTWA GERIATRYCZNEGO, Wsp\u00f3\u0142uczestnictwo w stworzeniu koncepcji i opracowaniu standard\u00f3w kwalifikacji zawodowych piel\u0119gniarki specjalisty w dziedzinie piel\u0119gniarstwa geriatrycznego.<br>[ Cz\u0142onek Zespo\u0142u Ekspert\u00f3w ds. Polityki Senioralnej przy Wojewodzie Lubelskim w kadencji 2024-2026<br>Sta\u017ce zagraniczne:<\/li>\n\n\n\n<li>Our Lady\u2019s for Sick Children Hospital, Crumlin, Dublin, 2002<\/li>\n\n\n\n<li>VISOKA ZDRAVSTVENA SOLA V CELJU, CELJE, S\u0141OWENIA, 2012<\/li>\n<\/ul>\n","protected":false},"excerpt":{"rendered":"","protected":false},"author":27,"featured_media":0,"parent":10144,"menu_order":0,"comment_status":"closed","ping_status":"closed","template":"","meta":{"ngg_post_thumbnail":0,"footnotes":""},"class_list":["post-10147","page","type-page","status-publish","hentry"],"yoast_head":"<!-- This site is optimized with the Yoast SEO Premium plugin v27.3 (Yoast SEO v27.3) - https:\/\/yoast.com\/product\/yoast-seo-premium-wordpress\/ -->\n<title>dr Hanna Kachaniuk - Do\u015bwiadczenie pozauczelniane - Pracownicy PANS w Kro\u015bnie<\/title>\n<meta name=\"robots\" content=\"index, follow, max-snippet:-1, max-image-preview:large, max-video-preview:-1\" \/>\n<link rel=\"canonical\" href=\"https:\/\/pans.krosno.pl\/pracownicy\/hanna-kachaniuk\/hanna-kachaniuk-doswiadczenie-pozauczelniane\/\" \/>\n<meta property=\"og:locale\" content=\"pl_PL\" \/>\n<meta property=\"og:type\" content=\"article\" \/>\n<meta property=\"og:title\" content=\"dr Hanna Kachaniuk - Do\u015bwiadczenie pozauczelniane\" \/>\n<meta property=\"og:url\" content=\"https:\/\/pans.krosno.pl\/pracownicy\/hanna-kachaniuk\/hanna-kachaniuk-doswiadczenie-pozauczelniane\/\" \/>\n<meta property=\"og:site_name\" content=\"Pracownicy PANS w Kro\u015bnie\" \/>\n<meta property=\"article:modified_time\" content=\"2024-11-14T13:27:11+00:00\" \/>\n<meta name=\"twitter:card\" content=\"summary_large_image\" \/>\n<meta name=\"twitter:label1\" content=\"Szacowany czas czytania\" \/>\n\t<meta name=\"twitter:data1\" content=\"2 minuty\" \/>\n<script type=\"application\/ld+json\" class=\"yoast-schema-graph\">{\"@context\":\"https:\\\/\\\/schema.org\",\"@graph\":[{\"@type\":\"WebPage\",\"@id\":\"https:\\\/\\\/pans.krosno.pl\\\/pracownicy\\\/hanna-kachaniuk\\\/hanna-kachaniuk-doswiadczenie-pozauczelniane\\\/\",\"url\":\"https:\\\/\\\/pans.krosno.pl\\\/pracownicy\\\/hanna-kachaniuk\\\/hanna-kachaniuk-doswiadczenie-pozauczelniane\\\/\",\"name\":\"dr Hanna Kachaniuk - Do\u015bwiadczenie pozauczelniane - Pracownicy PANS w Kro\u015bnie\",\"isPartOf\":{\"@id\":\"https:\\\/\\\/pans.krosno.pl\\\/pracownicy\\\/#website\"},\"datePublished\":\"2024-11-14T13:23:24+00:00\",\"dateModified\":\"2024-11-14T13:27:11+00:00\",\"breadcrumb\":{\"@id\":\"https:\\\/\\\/pans.krosno.pl\\\/pracownicy\\\/hanna-kachaniuk\\\/hanna-kachaniuk-doswiadczenie-pozauczelniane\\\/#breadcrumb\"},\"inLanguage\":\"pl-PL\",\"potentialAction\":[{\"@type\":\"ReadAction\",\"target\":[\"https:\\\/\\\/pans.krosno.pl\\\/pracownicy\\\/hanna-kachaniuk\\\/hanna-kachaniuk-doswiadczenie-pozauczelniane\\\/\"]}]},{\"@type\":\"BreadcrumbList\",\"@id\":\"https:\\\/\\\/pans.krosno.pl\\\/pracownicy\\\/hanna-kachaniuk\\\/hanna-kachaniuk-doswiadczenie-pozauczelniane\\\/#breadcrumb\",\"itemListElement\":[{\"@type\":\"ListItem\",\"position\":1,\"name\":\"Strona g\u0142\u00f3wna\",\"item\":\"https:\\\/\\\/pans.krosno.pl\\\/pracownicy\\\/\"},{\"@type\":\"ListItem\",\"position\":2,\"name\":\"dr Hanna Kachaniuk\",\"item\":\"https:\\\/\\\/pans.krosno.pl\\\/pracownicy\\\/hanna-kachaniuk\\\/\"},{\"@type\":\"ListItem\",\"position\":3,\"name\":\"dr Hanna Kachaniuk &#8211; Do\u015bwiadczenie pozauczelniane\"}]},{\"@type\":\"WebSite\",\"@id\":\"https:\\\/\\\/pans.krosno.pl\\\/pracownicy\\\/#website\",\"url\":\"https:\\\/\\\/pans.krosno.pl\\\/pracownicy\\\/\",\"name\":\"Pracownicy PANS w Kro\u015bnie\",\"description\":\"Pracownicy - Pa\u0144stwowa Akademia Nauk Stosowanych\",\"publisher\":{\"@id\":\"https:\\\/\\\/pans.krosno.pl\\\/pracownicy\\\/#organization\"},\"potentialAction\":[{\"@type\":\"SearchAction\",\"target\":{\"@type\":\"EntryPoint\",\"urlTemplate\":\"https:\\\/\\\/pans.krosno.pl\\\/pracownicy\\\/?s={search_term_string}\"},\"query-input\":{\"@type\":\"PropertyValueSpecification\",\"valueRequired\":true,\"valueName\":\"search_term_string\"}}],\"inLanguage\":\"pl-PL\"},{\"@type\":\"Organization\",\"@id\":\"https:\\\/\\\/pans.krosno.pl\\\/pracownicy\\\/#organization\",\"name\":\"Pracownicy PANS w Kro\u015bnie\",\"url\":\"https:\\\/\\\/pans.krosno.pl\\\/pracownicy\\\/\",\"logo\":{\"@type\":\"ImageObject\",\"inLanguage\":\"pl-PL\",\"@id\":\"https:\\\/\\\/pans.krosno.pl\\\/pracownicy\\\/#\\\/schema\\\/logo\\\/image\\\/\",\"url\":\"https:\\\/\\\/pans.krosno.pl\\\/pracownicy\\\/wp-content\\\/uploads\\\/sites\\\/41\\\/2023\\\/01\\\/Logo-PANS-2022-pelne.png\",\"contentUrl\":\"https:\\\/\\\/pans.krosno.pl\\\/pracownicy\\\/wp-content\\\/uploads\\\/sites\\\/41\\\/2023\\\/01\\\/Logo-PANS-2022-pelne.png\",\"width\":3096,\"height\":696,\"caption\":\"Pracownicy PANS w Kro\u015bnie\"},\"image\":{\"@id\":\"https:\\\/\\\/pans.krosno.pl\\\/pracownicy\\\/#\\\/schema\\\/logo\\\/image\\\/\"}}]}<\/script>\n<!-- \/ Yoast SEO Premium plugin. -->","yoast_head_json":{"title":"dr Hanna Kachaniuk - Do\u015bwiadczenie pozauczelniane - Pracownicy PANS w Kro\u015bnie","robots":{"index":"index","follow":"follow","max-snippet":"max-snippet:-1","max-image-preview":"max-image-preview:large","max-video-preview":"max-video-preview:-1"},"canonical":"https:\/\/pans.krosno.pl\/pracownicy\/hanna-kachaniuk\/hanna-kachaniuk-doswiadczenie-pozauczelniane\/","og_locale":"pl_PL","og_type":"article","og_title":"dr Hanna Kachaniuk - Do\u015bwiadczenie pozauczelniane","og_url":"https:\/\/pans.krosno.pl\/pracownicy\/hanna-kachaniuk\/hanna-kachaniuk-doswiadczenie-pozauczelniane\/","og_site_name":"Pracownicy PANS w Kro\u015bnie","article_modified_time":"2024-11-14T13:27:11+00:00","twitter_card":"summary_large_image","twitter_misc":{"Szacowany czas czytania":"2 minuty"},"schema":{"@context":"https:\/\/schema.org","@graph":[{"@type":"WebPage","@id":"https:\/\/pans.krosno.pl\/pracownicy\/hanna-kachaniuk\/hanna-kachaniuk-doswiadczenie-pozauczelniane\/","url":"https:\/\/pans.krosno.pl\/pracownicy\/hanna-kachaniuk\/hanna-kachaniuk-doswiadczenie-pozauczelniane\/","name":"dr Hanna Kachaniuk - Do\u015bwiadczenie pozauczelniane - Pracownicy PANS w Kro\u015bnie","isPartOf":{"@id":"https:\/\/pans.krosno.pl\/pracownicy\/#website"},"datePublished":"2024-11-14T13:23:24+00:00","dateModified":"2024-11-14T13:27:11+00:00","breadcrumb":{"@id":"https:\/\/pans.krosno.pl\/pracownicy\/hanna-kachaniuk\/hanna-kachaniuk-doswiadczenie-pozauczelniane\/#breadcrumb"},"inLanguage":"pl-PL","potentialAction":[{"@type":"ReadAction","target":["https:\/\/pans.krosno.pl\/pracownicy\/hanna-kachaniuk\/hanna-kachaniuk-doswiadczenie-pozauczelniane\/"]}]},{"@type":"BreadcrumbList","@id":"https:\/\/pans.krosno.pl\/pracownicy\/hanna-kachaniuk\/hanna-kachaniuk-doswiadczenie-pozauczelniane\/#breadcrumb","itemListElement":[{"@type":"ListItem","position":1,"name":"Strona g\u0142\u00f3wna","item":"https:\/\/pans.krosno.pl\/pracownicy\/"},{"@type":"ListItem","position":2,"name":"dr Hanna Kachaniuk","item":"https:\/\/pans.krosno.pl\/pracownicy\/hanna-kachaniuk\/"},{"@type":"ListItem","position":3,"name":"dr Hanna Kachaniuk &#8211; Do\u015bwiadczenie pozauczelniane"}]},{"@type":"WebSite","@id":"https:\/\/pans.krosno.pl\/pracownicy\/#website","url":"https:\/\/pans.krosno.pl\/pracownicy\/","name":"Pracownicy PANS w Kro\u015bnie","description":"Pracownicy - Pa\u0144stwowa Akademia Nauk Stosowanych","publisher":{"@id":"https:\/\/pans.krosno.pl\/pracownicy\/#organization"},"potentialAction":[{"@type":"SearchAction","target":{"@type":"EntryPoint","urlTemplate":"https:\/\/pans.krosno.pl\/pracownicy\/?s={search_term_string}"},"query-input":{"@type":"PropertyValueSpecification","valueRequired":true,"valueName":"search_term_string"}}],"inLanguage":"pl-PL"},{"@type":"Organization","@id":"https:\/\/pans.krosno.pl\/pracownicy\/#organization","name":"Pracownicy PANS w Kro\u015bnie","url":"https:\/\/pans.krosno.pl\/pracownicy\/","logo":{"@type":"ImageObject","inLanguage":"pl-PL","@id":"https:\/\/pans.krosno.pl\/pracownicy\/#\/schema\/logo\/image\/","url":"https:\/\/pans.krosno.pl\/pracownicy\/wp-content\/uploads\/sites\/41\/2023\/01\/Logo-PANS-2022-pelne.png","contentUrl":"https:\/\/pans.krosno.pl\/pracownicy\/wp-content\/uploads\/sites\/41\/2023\/01\/Logo-PANS-2022-pelne.png","width":3096,"height":696,"caption":"Pracownicy PANS w Kro\u015bnie"},"image":{"@id":"https:\/\/pans.krosno.pl\/pracownicy\/#\/schema\/logo\/image\/"}}]}},"_links":{"self":[{"href":"https:\/\/pans.krosno.pl\/pracownicy\/wp-json\/wp\/v2\/pages\/10147","targetHints":{"allow":["GET"]}}],"collection":[{"href":"https:\/\/pans.krosno.pl\/pracownicy\/wp-json\/wp\/v2\/pages"}],"about":[{"href":"https:\/\/pans.krosno.pl\/pracownicy\/wp-json\/wp\/v2\/types\/page"}],"author":[{"embeddable":true,"href":"https:\/\/pans.krosno.pl\/pracownicy\/wp-json\/wp\/v2\/users\/27"}],"replies":[{"embeddable":true,"href":"https:\/\/pans.krosno.pl\/pracownicy\/wp-json\/wp\/v2\/comments?post=10147"}],"version-history":[{"count":1,"href":"https:\/\/pans.krosno.pl\/pracownicy\/wp-json\/wp\/v2\/pages\/10147\/revisions"}],"predecessor-version":[{"id":10148,"href":"https:\/\/pans.krosno.pl\/pracownicy\/wp-json\/wp\/v2\/pages\/10147\/revisions\/10148"}],"up":[{"embeddable":true,"href":"https:\/\/pans.krosno.pl\/pracownicy\/wp-json\/wp\/v2\/pages\/10144"}],"wp:attachment":[{"href":"https:\/\/pans.krosno.pl\/pracownicy\/wp-json\/wp\/v2\/media?parent=10147"}],"curies":[{"name":"wp","href":"https:\/\/api.w.org\/{rel}","templated":true}]}}