{"id":10145,"date":"2024-11-14T14:22:13","date_gmt":"2024-11-14T13:22:13","guid":{"rendered":"https:\/\/pans.krosno.pl\/pracownicy\/?page_id=10145"},"modified":"2024-11-14T14:27:12","modified_gmt":"2024-11-14T13:27:12","slug":"hanna-kachaniuk-zyciorys-naukowy","status":"publish","type":"page","link":"https:\/\/pans.krosno.pl\/pracownicy\/hanna-kachaniuk\/hanna-kachaniuk-zyciorys-naukowy\/","title":{"rendered":"dr Hanna Kachaniuk &#8211; \u017cyciorys naukowy"},"content":{"rendered":"\n<p>Absolwentka Wydzia\u0142u Piel\u0119gniarskiego Akademii Medycznej w Lublinie, magister piel\u0119gniarstwa (1986-1990)<strong>,<\/strong><\/p>\n\n\n\n<p><strong>&nbsp;<\/strong>Rozprawa na stopie\u0144 doktora \u201eOpieka piel\u0119gniarska nad osob\u0105 starsz\u0105\u201d, Akademia Medyczna w Lublinie, Wydzia\u0142 Lekarski, Dr n medycznych (1998)<\/p>\n\n\n\n<p>Posiadane specjalizacje<\/p>\n\n\n\n<ul class=\"wp-block-list\">\n<li>specjalizacja w dziedzinie piel\u0119gniarstwa geriatrycznego, 2013<\/li>\n\n\n\n<li>specjalizacja II<sup>0<\/sup> w zakresie organizacji ochrony zdrowia, 2002<\/li>\n\n\n\n<li>specjalizacja I<sup>0<\/sup> w zakresie medycyny spo\u0142ecznej, 1993<\/li>\n<\/ul>\n\n\n\n<p>Kursy<\/p>\n\n\n\n<ul class=\"wp-block-list\">\n<li>Kurs specjalistyczny \u201eOrdynowanie lek\u00f3w i wypisywanie recept\u201d (2018)<\/li>\n<\/ul>\n\n\n\n<p>Studia podyplomowe<\/p>\n\n\n\n<p>Menad\u017cer Bada\u0144 Naukowych i Prac Rozwojowych, 2013<\/p>\n","protected":false},"excerpt":{"rendered":"<p>Absolwentka Wydzia\u0142u Piel\u0119gniarskiego Akademii Medycznej w Lublinie, magister piel\u0119gniarstwa (1986-1990), &nbsp;Rozprawa na stopie\u0144 doktora \u201eOpieka piel\u0119gniarska nad osob\u0105 starsz\u0105\u201d, Akademia Medyczna w Lublinie, Wydzia\u0142 Lekarski, Dr n medycznych (1998) Posiadane specjalizacje Kursy Studia podyplomowe Menad\u017cer Bada\u0144 Naukowych i Prac Rozwojowych, 2013<\/p>\n","protected":false},"author":27,"featured_media":0,"parent":10144,"menu_order":0,"comment_status":"closed","ping_status":"closed","template":"","meta":{"ngg_post_thumbnail":0,"footnotes":""},"class_list":["post-10145","page","type-page","status-publish","hentry"],"yoast_head":"<!-- This site is optimized with the Yoast SEO Premium plugin v27.4 (Yoast SEO v27.4) - https:\/\/yoast.com\/product\/yoast-seo-premium-wordpress\/ -->\n<title>dr Hanna Kachaniuk - \u017cyciorys naukowy - Pracownicy PANS w Kro\u015bnie<\/title>\n<meta name=\"robots\" content=\"index, follow, max-snippet:-1, max-image-preview:large, max-video-preview:-1\" \/>\n<link rel=\"canonical\" href=\"https:\/\/pans.krosno.pl\/pracownicy\/hanna-kachaniuk\/hanna-kachaniuk-zyciorys-naukowy\/\" \/>\n<meta property=\"og:locale\" content=\"pl_PL\" \/>\n<meta property=\"og:type\" content=\"article\" \/>\n<meta property=\"og:title\" content=\"dr Hanna Kachaniuk - \u017cyciorys naukowy\" \/>\n<meta property=\"og:description\" content=\"Absolwentka Wydzia\u0142u Piel\u0119gniarskiego Akademii Medycznej w Lublinie, magister piel\u0119gniarstwa (1986-1990), &nbsp;Rozprawa na stopie\u0144 doktora \u201eOpieka piel\u0119gniarska nad osob\u0105 starsz\u0105\u201d, Akademia Medyczna w Lublinie, Wydzia\u0142 Lekarski, Dr n medycznych (1998) Posiadane specjalizacje Kursy Studia podyplomowe Menad\u017cer Bada\u0144 Naukowych i Prac Rozwojowych, 2013\" \/>\n<meta property=\"og:url\" content=\"https:\/\/pans.krosno.pl\/pracownicy\/hanna-kachaniuk\/hanna-kachaniuk-zyciorys-naukowy\/\" \/>\n<meta property=\"og:site_name\" content=\"Pracownicy PANS w Kro\u015bnie\" \/>\n<meta property=\"article:modified_time\" content=\"2024-11-14T13:27:12+00:00\" \/>\n<meta name=\"twitter:card\" content=\"summary_large_image\" \/>\n<meta name=\"twitter:label1\" content=\"Szacowany czas czytania\" \/>\n\t<meta name=\"twitter:data1\" content=\"1 minuta\" \/>\n<script type=\"application\/ld+json\" class=\"yoast-schema-graph\">{\"@context\":\"https:\\\/\\\/schema.org\",\"@graph\":[{\"@type\":\"WebPage\",\"@id\":\"https:\\\/\\\/pans.krosno.pl\\\/pracownicy\\\/hanna-kachaniuk\\\/hanna-kachaniuk-zyciorys-naukowy\\\/\",\"url\":\"https:\\\/\\\/pans.krosno.pl\\\/pracownicy\\\/hanna-kachaniuk\\\/hanna-kachaniuk-zyciorys-naukowy\\\/\",\"name\":\"dr Hanna Kachaniuk - \u017cyciorys naukowy - Pracownicy PANS w Kro\u015bnie\",\"isPartOf\":{\"@id\":\"https:\\\/\\\/pans.krosno.pl\\\/pracownicy\\\/#website\"},\"datePublished\":\"2024-11-14T13:22:13+00:00\",\"dateModified\":\"2024-11-14T13:27:12+00:00\",\"breadcrumb\":{\"@id\":\"https:\\\/\\\/pans.krosno.pl\\\/pracownicy\\\/hanna-kachaniuk\\\/hanna-kachaniuk-zyciorys-naukowy\\\/#breadcrumb\"},\"inLanguage\":\"pl-PL\",\"potentialAction\":[{\"@type\":\"ReadAction\",\"target\":[\"https:\\\/\\\/pans.krosno.pl\\\/pracownicy\\\/hanna-kachaniuk\\\/hanna-kachaniuk-zyciorys-naukowy\\\/\"]}]},{\"@type\":\"BreadcrumbList\",\"@id\":\"https:\\\/\\\/pans.krosno.pl\\\/pracownicy\\\/hanna-kachaniuk\\\/hanna-kachaniuk-zyciorys-naukowy\\\/#breadcrumb\",\"itemListElement\":[{\"@type\":\"ListItem\",\"position\":1,\"name\":\"Strona g\u0142\u00f3wna\",\"item\":\"https:\\\/\\\/pans.krosno.pl\\\/pracownicy\\\/\"},{\"@type\":\"ListItem\",\"position\":2,\"name\":\"dr Hanna Kachaniuk\",\"item\":\"https:\\\/\\\/pans.krosno.pl\\\/pracownicy\\\/hanna-kachaniuk\\\/\"},{\"@type\":\"ListItem\",\"position\":3,\"name\":\"dr Hanna Kachaniuk &#8211; \u017cyciorys naukowy\"}]},{\"@type\":\"WebSite\",\"@id\":\"https:\\\/\\\/pans.krosno.pl\\\/pracownicy\\\/#website\",\"url\":\"https:\\\/\\\/pans.krosno.pl\\\/pracownicy\\\/\",\"name\":\"Pracownicy PANS w Kro\u015bnie\",\"description\":\"Pracownicy - Pa\u0144stwowa Akademia Nauk Stosowanych\",\"publisher\":{\"@id\":\"https:\\\/\\\/pans.krosno.pl\\\/pracownicy\\\/#organization\"},\"potentialAction\":[{\"@type\":\"SearchAction\",\"target\":{\"@type\":\"EntryPoint\",\"urlTemplate\":\"https:\\\/\\\/pans.krosno.pl\\\/pracownicy\\\/?s={search_term_string}\"},\"query-input\":{\"@type\":\"PropertyValueSpecification\",\"valueRequired\":true,\"valueName\":\"search_term_string\"}}],\"inLanguage\":\"pl-PL\"},{\"@type\":\"Organization\",\"@id\":\"https:\\\/\\\/pans.krosno.pl\\\/pracownicy\\\/#organization\",\"name\":\"Pracownicy PANS w Kro\u015bnie\",\"url\":\"https:\\\/\\\/pans.krosno.pl\\\/pracownicy\\\/\",\"logo\":{\"@type\":\"ImageObject\",\"inLanguage\":\"pl-PL\",\"@id\":\"https:\\\/\\\/pans.krosno.pl\\\/pracownicy\\\/#\\\/schema\\\/logo\\\/image\\\/\",\"url\":\"https:\\\/\\\/pans.krosno.pl\\\/pracownicy\\\/wp-content\\\/uploads\\\/sites\\\/41\\\/2023\\\/01\\\/Logo-PANS-2022-pelne.png\",\"contentUrl\":\"https:\\\/\\\/pans.krosno.pl\\\/pracownicy\\\/wp-content\\\/uploads\\\/sites\\\/41\\\/2023\\\/01\\\/Logo-PANS-2022-pelne.png\",\"width\":3096,\"height\":696,\"caption\":\"Pracownicy PANS w Kro\u015bnie\"},\"image\":{\"@id\":\"https:\\\/\\\/pans.krosno.pl\\\/pracownicy\\\/#\\\/schema\\\/logo\\\/image\\\/\"}}]}<\/script>\n<!-- \/ Yoast SEO Premium plugin. -->","yoast_head_json":{"title":"dr Hanna Kachaniuk - \u017cyciorys naukowy - Pracownicy PANS w Kro\u015bnie","robots":{"index":"index","follow":"follow","max-snippet":"max-snippet:-1","max-image-preview":"max-image-preview:large","max-video-preview":"max-video-preview:-1"},"canonical":"https:\/\/pans.krosno.pl\/pracownicy\/hanna-kachaniuk\/hanna-kachaniuk-zyciorys-naukowy\/","og_locale":"pl_PL","og_type":"article","og_title":"dr Hanna Kachaniuk - \u017cyciorys naukowy","og_description":"Absolwentka Wydzia\u0142u Piel\u0119gniarskiego Akademii Medycznej w Lublinie, magister piel\u0119gniarstwa (1986-1990), &nbsp;Rozprawa na stopie\u0144 doktora \u201eOpieka piel\u0119gniarska nad osob\u0105 starsz\u0105\u201d, Akademia Medyczna w Lublinie, Wydzia\u0142 Lekarski, Dr n medycznych (1998) Posiadane specjalizacje Kursy Studia podyplomowe Menad\u017cer Bada\u0144 Naukowych i Prac Rozwojowych, 2013","og_url":"https:\/\/pans.krosno.pl\/pracownicy\/hanna-kachaniuk\/hanna-kachaniuk-zyciorys-naukowy\/","og_site_name":"Pracownicy PANS w Kro\u015bnie","article_modified_time":"2024-11-14T13:27:12+00:00","twitter_card":"summary_large_image","twitter_misc":{"Szacowany czas czytania":"1 minuta"},"schema":{"@context":"https:\/\/schema.org","@graph":[{"@type":"WebPage","@id":"https:\/\/pans.krosno.pl\/pracownicy\/hanna-kachaniuk\/hanna-kachaniuk-zyciorys-naukowy\/","url":"https:\/\/pans.krosno.pl\/pracownicy\/hanna-kachaniuk\/hanna-kachaniuk-zyciorys-naukowy\/","name":"dr Hanna Kachaniuk - \u017cyciorys naukowy - Pracownicy PANS w Kro\u015bnie","isPartOf":{"@id":"https:\/\/pans.krosno.pl\/pracownicy\/#website"},"datePublished":"2024-11-14T13:22:13+00:00","dateModified":"2024-11-14T13:27:12+00:00","breadcrumb":{"@id":"https:\/\/pans.krosno.pl\/pracownicy\/hanna-kachaniuk\/hanna-kachaniuk-zyciorys-naukowy\/#breadcrumb"},"inLanguage":"pl-PL","potentialAction":[{"@type":"ReadAction","target":["https:\/\/pans.krosno.pl\/pracownicy\/hanna-kachaniuk\/hanna-kachaniuk-zyciorys-naukowy\/"]}]},{"@type":"BreadcrumbList","@id":"https:\/\/pans.krosno.pl\/pracownicy\/hanna-kachaniuk\/hanna-kachaniuk-zyciorys-naukowy\/#breadcrumb","itemListElement":[{"@type":"ListItem","position":1,"name":"Strona g\u0142\u00f3wna","item":"https:\/\/pans.krosno.pl\/pracownicy\/"},{"@type":"ListItem","position":2,"name":"dr Hanna Kachaniuk","item":"https:\/\/pans.krosno.pl\/pracownicy\/hanna-kachaniuk\/"},{"@type":"ListItem","position":3,"name":"dr Hanna Kachaniuk &#8211; \u017cyciorys naukowy"}]},{"@type":"WebSite","@id":"https:\/\/pans.krosno.pl\/pracownicy\/#website","url":"https:\/\/pans.krosno.pl\/pracownicy\/","name":"Pracownicy PANS w Kro\u015bnie","description":"Pracownicy - Pa\u0144stwowa Akademia Nauk Stosowanych","publisher":{"@id":"https:\/\/pans.krosno.pl\/pracownicy\/#organization"},"potentialAction":[{"@type":"SearchAction","target":{"@type":"EntryPoint","urlTemplate":"https:\/\/pans.krosno.pl\/pracownicy\/?s={search_term_string}"},"query-input":{"@type":"PropertyValueSpecification","valueRequired":true,"valueName":"search_term_string"}}],"inLanguage":"pl-PL"},{"@type":"Organization","@id":"https:\/\/pans.krosno.pl\/pracownicy\/#organization","name":"Pracownicy PANS w Kro\u015bnie","url":"https:\/\/pans.krosno.pl\/pracownicy\/","logo":{"@type":"ImageObject","inLanguage":"pl-PL","@id":"https:\/\/pans.krosno.pl\/pracownicy\/#\/schema\/logo\/image\/","url":"https:\/\/pans.krosno.pl\/pracownicy\/wp-content\/uploads\/sites\/41\/2023\/01\/Logo-PANS-2022-pelne.png","contentUrl":"https:\/\/pans.krosno.pl\/pracownicy\/wp-content\/uploads\/sites\/41\/2023\/01\/Logo-PANS-2022-pelne.png","width":3096,"height":696,"caption":"Pracownicy PANS w Kro\u015bnie"},"image":{"@id":"https:\/\/pans.krosno.pl\/pracownicy\/#\/schema\/logo\/image\/"}}]}},"_links":{"self":[{"href":"https:\/\/pans.krosno.pl\/pracownicy\/wp-json\/wp\/v2\/pages\/10145","targetHints":{"allow":["GET"]}}],"collection":[{"href":"https:\/\/pans.krosno.pl\/pracownicy\/wp-json\/wp\/v2\/pages"}],"about":[{"href":"https:\/\/pans.krosno.pl\/pracownicy\/wp-json\/wp\/v2\/types\/page"}],"author":[{"embeddable":true,"href":"https:\/\/pans.krosno.pl\/pracownicy\/wp-json\/wp\/v2\/users\/27"}],"replies":[{"embeddable":true,"href":"https:\/\/pans.krosno.pl\/pracownicy\/wp-json\/wp\/v2\/comments?post=10145"}],"version-history":[{"count":1,"href":"https:\/\/pans.krosno.pl\/pracownicy\/wp-json\/wp\/v2\/pages\/10145\/revisions"}],"predecessor-version":[{"id":10146,"href":"https:\/\/pans.krosno.pl\/pracownicy\/wp-json\/wp\/v2\/pages\/10145\/revisions\/10146"}],"up":[{"embeddable":true,"href":"https:\/\/pans.krosno.pl\/pracownicy\/wp-json\/wp\/v2\/pages\/10144"}],"wp:attachment":[{"href":"https:\/\/pans.krosno.pl\/pracownicy\/wp-json\/wp\/v2\/media?parent=10145"}],"curies":[{"name":"wp","href":"https:\/\/api.w.org\/{rel}","templated":true}]}}