{"id":1012,"date":"2020-04-01T14:14:45","date_gmt":"2020-04-01T12:14:45","guid":{"rendered":"https:\/\/pans.krosno.pl\/pracownicy\/?page_id=1012"},"modified":"2025-05-20T13:29:39","modified_gmt":"2025-05-20T11:29:39","slug":"izabela-skrzypczak-doswiadczenie-pozauczelniane","status":"publish","type":"page","link":"https:\/\/pans.krosno.pl\/pracownicy\/izabela-skrzypczak\/izabela-skrzypczak-doswiadczenie-pozauczelniane\/","title":{"rendered":"dr hab. in\u017c. Izabela Skrzypczak, prof. PANS &#8211; Do\u015bwiadczenie pozauczelniane"},"content":{"rendered":"<hr>\n<ul>\n<li>Uprawnienia budowlane do projektowania i do kierowania robotami budowlanymi w specjalno\u015bci konstrukcyjno\u2013budowlanej bez ogranicze\u0144,<\/li>\n<li>Opracowanie koncepcji innowacyjnych metod kotwienia w niejednorodnych warunkach gruntowych przepompowni wykonanych z polimerobetonu.<\/li>\n<\/ul>\n<hr>\n<p><strong> Wybrane projekty budowlane i wykonawcze<\/strong><\/p>\n<ul>\n<li>w 2013 r. &#8211; Projekt Budowlany i Wykonawczy zabezpieczenia osuwiska usytuowanego na skarpie miejskiej poni\u017cej budynku Rynek 15 w Sanoku \u2013 ATTILA Rzesz\u00f3w,&nbsp;<\/li>\n<li>w 2012 r. &#8211; Projekt budowlany i wykonawczy stabilizacji osuwiska wraz z odbudow\u0105 drogi gminnej nr 366208 T w Po\u0142a\u0144cu \u2013 ATTILA, MOSTEK Rzesz\u00f3w,<\/li>\n<li>w 2011 r. &#8211; Projekt Budowlany i Wykonawczy likwidacji osuwiska w m. Lubzina \u2013 Przymiarki przy drodze powiatowej nr 1345 R Lubzina \u2013 Okonin, w km 1+550 \u2013 ATTILA Rzesz\u00f3w.<\/li>\n<\/ul>\n<p><strong>Odbyte kursy i szkolenia<\/strong><\/p>\n<ul>\n<li>w listopadzie 2015 r. &#8211; Uczestnik XV Jesiennych warsztat\u00f3w betonowych pt. Projektowanie betonu w praktyce,&nbsp;<\/li>\n<li>w dniach od 15 do 18 wrze\u015bnia 2011 r. &#8211; Krajowe warsztaty in\u017cynierskie z zakresu projektowania budynk\u00f3w wed\u0142ug Eurokod\u00f3w &#8211; szkolenie zorganizowane w ramach 57 Konferencji Naukowej Komitetu In\u017cynierii L\u0105dowej i Wodnej Polskiej Akademii Nauk oraz Komitetu Naukowego Polskiego Zwi\u0105zku In\u017cynier\u00f3w i Technik\u00f3w Budownictwa,&nbsp;<\/li>\n<li>Rzesz\u00f3w 2010 r. &#8211; Szkolenia z obs\u0142ugi programu do kosztorysowania Norma. Szkolenie zorganizowane przez Centrum Szkoleniowe Danmar Computers,&nbsp;<\/li>\n<li>Rzesz\u00f3w 2007 r. &#8211; Szkolenie pn. &#8222;Umiej\u0119tno\u015b\u0107 analizy statystycznej szans\u0105 na podniesienie kwalifikacji zawodowych pracownik\u00f3w i szybszy rozw\u00f3j regionu \u2013 Kurs statystyki z wykorzystaniem program\u00f3w komputerowych&#8221;.<\/li>\n<\/ul>\n<hr>\n<p>&nbsp;<\/p>\n","protected":false},"excerpt":{"rendered":"<p>Uprawnienia budowlane do projektowania i do kierowania robotami budowlanymi w specjalno\u015bci konstrukcyjno\u2013budowlanej bez ogranicze\u0144, Opracowanie koncepcji innowacyjnych metod kotwienia w niejednorodnych warunkach gruntowych przepompowni wykonanych z polimerobetonu. Wybrane projekty budowlane i wykonawcze w 2013 r. &#8211; Projekt Budowlany i Wykonawczy zabezpieczenia osuwiska usytuowanego na skarpie miejskiej poni\u017cej budynku Rynek 15 [\u2026] <\/p>\n<div class=\"clear\"><\/div>\n<p><a class=\"more_link clearfix\" href=\"https:\/\/pans.krosno.pl\/pracownicy\/izabela-skrzypczak\/izabela-skrzypczak-doswiadczenie-pozauczelniane\/\" rel=\"nofollow\">Read More<\/a><\/p>\n","protected":false},"author":36,"featured_media":0,"parent":998,"menu_order":0,"comment_status":"closed","ping_status":"closed","template":"","meta":{"ngg_post_thumbnail":0,"footnotes":""},"class_list":["post-1012","page","type-page","status-publish","hentry"],"yoast_head":"<!-- This site is optimized with the Yoast SEO Premium plugin v27.4 (Yoast SEO v27.4) - https:\/\/yoast.com\/product\/yoast-seo-premium-wordpress\/ -->\n<title>dr hab. in\u017c. Izabela Skrzypczak, prof. PANS - Do\u015bwiadczenie pozauczelniane - Pracownicy PANS w Kro\u015bnie<\/title>\n<meta name=\"robots\" content=\"index, follow, max-snippet:-1, max-image-preview:large, max-video-preview:-1\" \/>\n<link rel=\"canonical\" href=\"https:\/\/pans.krosno.pl\/pracownicy\/izabela-skrzypczak\/izabela-skrzypczak-doswiadczenie-pozauczelniane\/\" \/>\n<meta property=\"og:locale\" content=\"pl_PL\" \/>\n<meta property=\"og:type\" content=\"article\" \/>\n<meta property=\"og:title\" content=\"dr hab. in\u017c. Izabela Skrzypczak, prof. PANS - Do\u015bwiadczenie pozauczelniane\" \/>\n<meta property=\"og:description\" content=\"Uprawnienia budowlane do projektowania i do kierowania robotami budowlanymi w specjalno\u015bci konstrukcyjno\u2013budowlanej bez ogranicze\u0144, Opracowanie koncepcji innowacyjnych metod kotwienia w niejednorodnych warunkach gruntowych przepompowni wykonanych z polimerobetonu. Wybrane projekty budowlane i wykonawcze w 2013 r. &#8211; Projekt Budowlany i Wykonawczy zabezpieczenia osuwiska usytuowanego na skarpie miejskiej poni\u017cej budynku Rynek 15 [\u2026] Read More\" \/>\n<meta property=\"og:url\" content=\"https:\/\/pans.krosno.pl\/pracownicy\/izabela-skrzypczak\/izabela-skrzypczak-doswiadczenie-pozauczelniane\/\" \/>\n<meta property=\"og:site_name\" content=\"Pracownicy PANS w Kro\u015bnie\" \/>\n<meta property=\"article:modified_time\" content=\"2025-05-20T11:29:39+00:00\" \/>\n<meta name=\"twitter:card\" content=\"summary_large_image\" \/>\n<script type=\"application\/ld+json\" class=\"yoast-schema-graph\">{\"@context\":\"https:\\\/\\\/schema.org\",\"@graph\":[{\"@type\":\"WebPage\",\"@id\":\"https:\\\/\\\/pans.krosno.pl\\\/pracownicy\\\/izabela-skrzypczak\\\/izabela-skrzypczak-doswiadczenie-pozauczelniane\\\/\",\"url\":\"https:\\\/\\\/pans.krosno.pl\\\/pracownicy\\\/izabela-skrzypczak\\\/izabela-skrzypczak-doswiadczenie-pozauczelniane\\\/\",\"name\":\"dr hab. in\u017c. Izabela Skrzypczak, prof. PANS - Do\u015bwiadczenie pozauczelniane - Pracownicy PANS w Kro\u015bnie\",\"isPartOf\":{\"@id\":\"https:\\\/\\\/pans.krosno.pl\\\/pracownicy\\\/#website\"},\"datePublished\":\"2020-04-01T12:14:45+00:00\",\"dateModified\":\"2025-05-20T11:29:39+00:00\",\"breadcrumb\":{\"@id\":\"https:\\\/\\\/pans.krosno.pl\\\/pracownicy\\\/izabela-skrzypczak\\\/izabela-skrzypczak-doswiadczenie-pozauczelniane\\\/#breadcrumb\"},\"inLanguage\":\"pl-PL\",\"potentialAction\":[{\"@type\":\"ReadAction\",\"target\":[\"https:\\\/\\\/pans.krosno.pl\\\/pracownicy\\\/izabela-skrzypczak\\\/izabela-skrzypczak-doswiadczenie-pozauczelniane\\\/\"]}]},{\"@type\":\"BreadcrumbList\",\"@id\":\"https:\\\/\\\/pans.krosno.pl\\\/pracownicy\\\/izabela-skrzypczak\\\/izabela-skrzypczak-doswiadczenie-pozauczelniane\\\/#breadcrumb\",\"itemListElement\":[{\"@type\":\"ListItem\",\"position\":1,\"name\":\"Strona g\u0142\u00f3wna\",\"item\":\"https:\\\/\\\/pans.krosno.pl\\\/pracownicy\\\/\"},{\"@type\":\"ListItem\",\"position\":2,\"name\":\"dr hab. in\u017c. Izabela Skrzypczak, prof. PANS\",\"item\":\"https:\\\/\\\/pans.krosno.pl\\\/pracownicy\\\/izabela-skrzypczak\\\/\"},{\"@type\":\"ListItem\",\"position\":3,\"name\":\"dr hab. in\u017c. Izabela Skrzypczak, prof. PANS &#8211; Do\u015bwiadczenie pozauczelniane\"}]},{\"@type\":\"WebSite\",\"@id\":\"https:\\\/\\\/pans.krosno.pl\\\/pracownicy\\\/#website\",\"url\":\"https:\\\/\\\/pans.krosno.pl\\\/pracownicy\\\/\",\"name\":\"Pracownicy PANS w Kro\u015bnie\",\"description\":\"Pracownicy - Pa\u0144stwowa Akademia Nauk Stosowanych\",\"publisher\":{\"@id\":\"https:\\\/\\\/pans.krosno.pl\\\/pracownicy\\\/#organization\"},\"potentialAction\":[{\"@type\":\"SearchAction\",\"target\":{\"@type\":\"EntryPoint\",\"urlTemplate\":\"https:\\\/\\\/pans.krosno.pl\\\/pracownicy\\\/?s={search_term_string}\"},\"query-input\":{\"@type\":\"PropertyValueSpecification\",\"valueRequired\":true,\"valueName\":\"search_term_string\"}}],\"inLanguage\":\"pl-PL\"},{\"@type\":\"Organization\",\"@id\":\"https:\\\/\\\/pans.krosno.pl\\\/pracownicy\\\/#organization\",\"name\":\"Pracownicy PANS w Kro\u015bnie\",\"url\":\"https:\\\/\\\/pans.krosno.pl\\\/pracownicy\\\/\",\"logo\":{\"@type\":\"ImageObject\",\"inLanguage\":\"pl-PL\",\"@id\":\"https:\\\/\\\/pans.krosno.pl\\\/pracownicy\\\/#\\\/schema\\\/logo\\\/image\\\/\",\"url\":\"https:\\\/\\\/pans.krosno.pl\\\/pracownicy\\\/wp-content\\\/uploads\\\/sites\\\/41\\\/2023\\\/01\\\/Logo-PANS-2022-pelne.png\",\"contentUrl\":\"https:\\\/\\\/pans.krosno.pl\\\/pracownicy\\\/wp-content\\\/uploads\\\/sites\\\/41\\\/2023\\\/01\\\/Logo-PANS-2022-pelne.png\",\"width\":3096,\"height\":696,\"caption\":\"Pracownicy PANS w Kro\u015bnie\"},\"image\":{\"@id\":\"https:\\\/\\\/pans.krosno.pl\\\/pracownicy\\\/#\\\/schema\\\/logo\\\/image\\\/\"}}]}<\/script>\n<!-- \/ Yoast SEO Premium plugin. -->","yoast_head_json":{"title":"dr hab. in\u017c. Izabela Skrzypczak, prof. PANS - Do\u015bwiadczenie pozauczelniane - Pracownicy PANS w Kro\u015bnie","robots":{"index":"index","follow":"follow","max-snippet":"max-snippet:-1","max-image-preview":"max-image-preview:large","max-video-preview":"max-video-preview:-1"},"canonical":"https:\/\/pans.krosno.pl\/pracownicy\/izabela-skrzypczak\/izabela-skrzypczak-doswiadczenie-pozauczelniane\/","og_locale":"pl_PL","og_type":"article","og_title":"dr hab. in\u017c. Izabela Skrzypczak, prof. PANS - Do\u015bwiadczenie pozauczelniane","og_description":"Uprawnienia budowlane do projektowania i do kierowania robotami budowlanymi w specjalno\u015bci konstrukcyjno\u2013budowlanej bez ogranicze\u0144, Opracowanie koncepcji innowacyjnych metod kotwienia w niejednorodnych warunkach gruntowych przepompowni wykonanych z polimerobetonu. Wybrane projekty budowlane i wykonawcze w 2013 r. &#8211; Projekt Budowlany i Wykonawczy zabezpieczenia osuwiska usytuowanego na skarpie miejskiej poni\u017cej budynku Rynek 15 [\u2026] Read More","og_url":"https:\/\/pans.krosno.pl\/pracownicy\/izabela-skrzypczak\/izabela-skrzypczak-doswiadczenie-pozauczelniane\/","og_site_name":"Pracownicy PANS w Kro\u015bnie","article_modified_time":"2025-05-20T11:29:39+00:00","twitter_card":"summary_large_image","schema":{"@context":"https:\/\/schema.org","@graph":[{"@type":"WebPage","@id":"https:\/\/pans.krosno.pl\/pracownicy\/izabela-skrzypczak\/izabela-skrzypczak-doswiadczenie-pozauczelniane\/","url":"https:\/\/pans.krosno.pl\/pracownicy\/izabela-skrzypczak\/izabela-skrzypczak-doswiadczenie-pozauczelniane\/","name":"dr hab. in\u017c. Izabela Skrzypczak, prof. PANS - Do\u015bwiadczenie pozauczelniane - Pracownicy PANS w Kro\u015bnie","isPartOf":{"@id":"https:\/\/pans.krosno.pl\/pracownicy\/#website"},"datePublished":"2020-04-01T12:14:45+00:00","dateModified":"2025-05-20T11:29:39+00:00","breadcrumb":{"@id":"https:\/\/pans.krosno.pl\/pracownicy\/izabela-skrzypczak\/izabela-skrzypczak-doswiadczenie-pozauczelniane\/#breadcrumb"},"inLanguage":"pl-PL","potentialAction":[{"@type":"ReadAction","target":["https:\/\/pans.krosno.pl\/pracownicy\/izabela-skrzypczak\/izabela-skrzypczak-doswiadczenie-pozauczelniane\/"]}]},{"@type":"BreadcrumbList","@id":"https:\/\/pans.krosno.pl\/pracownicy\/izabela-skrzypczak\/izabela-skrzypczak-doswiadczenie-pozauczelniane\/#breadcrumb","itemListElement":[{"@type":"ListItem","position":1,"name":"Strona g\u0142\u00f3wna","item":"https:\/\/pans.krosno.pl\/pracownicy\/"},{"@type":"ListItem","position":2,"name":"dr hab. in\u017c. Izabela Skrzypczak, prof. PANS","item":"https:\/\/pans.krosno.pl\/pracownicy\/izabela-skrzypczak\/"},{"@type":"ListItem","position":3,"name":"dr hab. in\u017c. Izabela Skrzypczak, prof. PANS &#8211; Do\u015bwiadczenie pozauczelniane"}]},{"@type":"WebSite","@id":"https:\/\/pans.krosno.pl\/pracownicy\/#website","url":"https:\/\/pans.krosno.pl\/pracownicy\/","name":"Pracownicy PANS w Kro\u015bnie","description":"Pracownicy - Pa\u0144stwowa Akademia Nauk Stosowanych","publisher":{"@id":"https:\/\/pans.krosno.pl\/pracownicy\/#organization"},"potentialAction":[{"@type":"SearchAction","target":{"@type":"EntryPoint","urlTemplate":"https:\/\/pans.krosno.pl\/pracownicy\/?s={search_term_string}"},"query-input":{"@type":"PropertyValueSpecification","valueRequired":true,"valueName":"search_term_string"}}],"inLanguage":"pl-PL"},{"@type":"Organization","@id":"https:\/\/pans.krosno.pl\/pracownicy\/#organization","name":"Pracownicy PANS w Kro\u015bnie","url":"https:\/\/pans.krosno.pl\/pracownicy\/","logo":{"@type":"ImageObject","inLanguage":"pl-PL","@id":"https:\/\/pans.krosno.pl\/pracownicy\/#\/schema\/logo\/image\/","url":"https:\/\/pans.krosno.pl\/pracownicy\/wp-content\/uploads\/sites\/41\/2023\/01\/Logo-PANS-2022-pelne.png","contentUrl":"https:\/\/pans.krosno.pl\/pracownicy\/wp-content\/uploads\/sites\/41\/2023\/01\/Logo-PANS-2022-pelne.png","width":3096,"height":696,"caption":"Pracownicy PANS w Kro\u015bnie"},"image":{"@id":"https:\/\/pans.krosno.pl\/pracownicy\/#\/schema\/logo\/image\/"}}]}},"_links":{"self":[{"href":"https:\/\/pans.krosno.pl\/pracownicy\/wp-json\/wp\/v2\/pages\/1012","targetHints":{"allow":["GET"]}}],"collection":[{"href":"https:\/\/pans.krosno.pl\/pracownicy\/wp-json\/wp\/v2\/pages"}],"about":[{"href":"https:\/\/pans.krosno.pl\/pracownicy\/wp-json\/wp\/v2\/types\/page"}],"author":[{"embeddable":true,"href":"https:\/\/pans.krosno.pl\/pracownicy\/wp-json\/wp\/v2\/users\/36"}],"replies":[{"embeddable":true,"href":"https:\/\/pans.krosno.pl\/pracownicy\/wp-json\/wp\/v2\/comments?post=1012"}],"version-history":[{"count":18,"href":"https:\/\/pans.krosno.pl\/pracownicy\/wp-json\/wp\/v2\/pages\/1012\/revisions"}],"predecessor-version":[{"id":10942,"href":"https:\/\/pans.krosno.pl\/pracownicy\/wp-json\/wp\/v2\/pages\/1012\/revisions\/10942"}],"up":[{"embeddable":true,"href":"https:\/\/pans.krosno.pl\/pracownicy\/wp-json\/wp\/v2\/pages\/998"}],"wp:attachment":[{"href":"https:\/\/pans.krosno.pl\/pracownicy\/wp-json\/wp\/v2\/media?parent=1012"}],"curies":[{"name":"wp","href":"https:\/\/api.w.org\/{rel}","templated":true}]}}