{"id":10107,"date":"2024-09-23T07:51:56","date_gmt":"2024-09-23T05:51:56","guid":{"rendered":"https:\/\/pans.krosno.pl\/pracownicy\/?page_id=10107"},"modified":"2024-09-23T08:00:14","modified_gmt":"2024-09-23T06:00:14","slug":"mateusz-suchodolski-zyciorys-naukowy","status":"publish","type":"page","link":"https:\/\/pans.krosno.pl\/pracownicy\/mateusz-suchodolski\/mateusz-suchodolski-zyciorys-naukowy\/","title":{"rendered":"dr Mateusz Suchodolski -\u017byciorys naukowy"},"content":{"rendered":"\n<ul class=\"wp-block-list\">\n<li>2010 r. \u2013 Absolwent studi\u00f3w licencjackich na Uniwersytecie Jagiello\u0144skim; kierunek \u2013 \u00a0geografia (specjalno\u015b\u0107: geografia fizyczna),<\/li>\n\n\n\n<li>2012 r. \u2013 Magister geografii (specjalno\u015b\u0107: geografia spo\u0142eczno &#8211; ekonomiczna), Uniwersytet Jagiello\u0144ski w Krakowie &#8211; na podstawie pracy magisterskiej: Zr\u00f3\u017cnicowanie spo\u0142eczno-kulturowe Krosna i powiatu kro\u015bnie\u0144skiego, promotor dr hab. Maria Soja,<\/li>\n\n\n\n<li>2013 r. \u2013 Absolwent studi\u00f3w podyplomowych na Uniwersytecie Pedagogicznym w Krakowie; kierunek &#8211; przedsi\u0119biorczo\u015b\u0107,<\/li>\n\n\n\n<li>2015 r. \u2013 Absolwent studi\u00f3w podyplomowych na Akademii G\u00f3rniczo &#8211; Hutniczej im. S. Staszica w Krakowie; kierunek &#8211; informatyka,<\/li>\n\n\n\n<li>2023 r. \u2013 Doktor nauk spo\u0142ecznych w dyscyplinie ekonomia i finanse, Uniwersytet Rzeszowski, Instytut Ekonomii i Finans\u00f3w, Zak\u0142ad Polityki Gospodarczej &#8211; na podstawie dysertacji doktorskiej: Przedsi\u0119biorczo\u015b\u0107 na obszarach wiejskich Polski Wschodniej a migracje ludno\u015bci &#8211; wzajemne relacje i skutki ekonomiczne.<\/li>\n\n\n\n<li>Od 2014 r. \u2013 Wyk\u0142adowca przedmiot\u00f3w ekonomicznych w Podkarpackiej\u00a0<em>Szkole<\/em>\u00a0Wy\u017cszej\u00a0<em>im<\/em>.\u00a0<em>b\u0142<\/em>.\u00a0<em>ks<\/em>.\u00a0<em>W\u0142adys\u0142awa Findysza w Ja\u015ble,<\/em><\/li>\n\n\n\n<li>od 2023 r. \u2013 Wyk\u0142adowca w Zak\u0142adzie Turystyki i Rekreacji Pa\u0144stwowej Akademii Nauk Stosowanych w Kro\u015bnie.<\/li>\n<\/ul>\n","protected":false},"excerpt":{"rendered":"","protected":false},"author":27,"featured_media":0,"parent":10103,"menu_order":0,"comment_status":"closed","ping_status":"closed","template":"","meta":{"ngg_post_thumbnail":0,"footnotes":""},"class_list":["post-10107","page","type-page","status-publish","hentry"],"yoast_head":"<!-- This site is optimized with the Yoast SEO Premium plugin v27.3 (Yoast SEO v27.3) - https:\/\/yoast.com\/product\/yoast-seo-premium-wordpress\/ -->\n<title>dr Mateusz Suchodolski -\u017byciorys naukowy - Pracownicy PANS w Kro\u015bnie<\/title>\n<meta name=\"robots\" content=\"index, follow, max-snippet:-1, max-image-preview:large, max-video-preview:-1\" \/>\n<link rel=\"canonical\" href=\"https:\/\/pans.krosno.pl\/pracownicy\/mateusz-suchodolski\/mateusz-suchodolski-zyciorys-naukowy\/\" \/>\n<meta property=\"og:locale\" content=\"pl_PL\" \/>\n<meta property=\"og:type\" content=\"article\" \/>\n<meta property=\"og:title\" content=\"dr Mateusz Suchodolski -\u017byciorys naukowy\" \/>\n<meta property=\"og:url\" content=\"https:\/\/pans.krosno.pl\/pracownicy\/mateusz-suchodolski\/mateusz-suchodolski-zyciorys-naukowy\/\" \/>\n<meta property=\"og:site_name\" content=\"Pracownicy PANS w Kro\u015bnie\" \/>\n<meta property=\"article:modified_time\" content=\"2024-09-23T06:00:14+00:00\" \/>\n<meta name=\"twitter:card\" content=\"summary_large_image\" \/>\n<meta name=\"twitter:label1\" content=\"Szacowany czas czytania\" \/>\n\t<meta name=\"twitter:data1\" content=\"1 minuta\" \/>\n<script type=\"application\/ld+json\" class=\"yoast-schema-graph\">{\"@context\":\"https:\\\/\\\/schema.org\",\"@graph\":[{\"@type\":\"WebPage\",\"@id\":\"https:\\\/\\\/pans.krosno.pl\\\/pracownicy\\\/mateusz-suchodolski\\\/mateusz-suchodolski-zyciorys-naukowy\\\/\",\"url\":\"https:\\\/\\\/pans.krosno.pl\\\/pracownicy\\\/mateusz-suchodolski\\\/mateusz-suchodolski-zyciorys-naukowy\\\/\",\"name\":\"dr Mateusz Suchodolski -\u017byciorys naukowy - Pracownicy PANS w Kro\u015bnie\",\"isPartOf\":{\"@id\":\"https:\\\/\\\/pans.krosno.pl\\\/pracownicy\\\/#website\"},\"datePublished\":\"2024-09-23T05:51:56+00:00\",\"dateModified\":\"2024-09-23T06:00:14+00:00\",\"breadcrumb\":{\"@id\":\"https:\\\/\\\/pans.krosno.pl\\\/pracownicy\\\/mateusz-suchodolski\\\/mateusz-suchodolski-zyciorys-naukowy\\\/#breadcrumb\"},\"inLanguage\":\"pl-PL\",\"potentialAction\":[{\"@type\":\"ReadAction\",\"target\":[\"https:\\\/\\\/pans.krosno.pl\\\/pracownicy\\\/mateusz-suchodolski\\\/mateusz-suchodolski-zyciorys-naukowy\\\/\"]}]},{\"@type\":\"BreadcrumbList\",\"@id\":\"https:\\\/\\\/pans.krosno.pl\\\/pracownicy\\\/mateusz-suchodolski\\\/mateusz-suchodolski-zyciorys-naukowy\\\/#breadcrumb\",\"itemListElement\":[{\"@type\":\"ListItem\",\"position\":1,\"name\":\"Strona g\u0142\u00f3wna\",\"item\":\"https:\\\/\\\/pans.krosno.pl\\\/pracownicy\\\/\"},{\"@type\":\"ListItem\",\"position\":2,\"name\":\"dr Mateusz Suchodolski\",\"item\":\"https:\\\/\\\/pans.krosno.pl\\\/pracownicy\\\/mateusz-suchodolski\\\/\"},{\"@type\":\"ListItem\",\"position\":3,\"name\":\"dr Mateusz Suchodolski -\u017byciorys naukowy\"}]},{\"@type\":\"WebSite\",\"@id\":\"https:\\\/\\\/pans.krosno.pl\\\/pracownicy\\\/#website\",\"url\":\"https:\\\/\\\/pans.krosno.pl\\\/pracownicy\\\/\",\"name\":\"Pracownicy PANS w Kro\u015bnie\",\"description\":\"Pracownicy - Pa\u0144stwowa Akademia Nauk Stosowanych\",\"publisher\":{\"@id\":\"https:\\\/\\\/pans.krosno.pl\\\/pracownicy\\\/#organization\"},\"potentialAction\":[{\"@type\":\"SearchAction\",\"target\":{\"@type\":\"EntryPoint\",\"urlTemplate\":\"https:\\\/\\\/pans.krosno.pl\\\/pracownicy\\\/?s={search_term_string}\"},\"query-input\":{\"@type\":\"PropertyValueSpecification\",\"valueRequired\":true,\"valueName\":\"search_term_string\"}}],\"inLanguage\":\"pl-PL\"},{\"@type\":\"Organization\",\"@id\":\"https:\\\/\\\/pans.krosno.pl\\\/pracownicy\\\/#organization\",\"name\":\"Pracownicy PANS w Kro\u015bnie\",\"url\":\"https:\\\/\\\/pans.krosno.pl\\\/pracownicy\\\/\",\"logo\":{\"@type\":\"ImageObject\",\"inLanguage\":\"pl-PL\",\"@id\":\"https:\\\/\\\/pans.krosno.pl\\\/pracownicy\\\/#\\\/schema\\\/logo\\\/image\\\/\",\"url\":\"https:\\\/\\\/pans.krosno.pl\\\/pracownicy\\\/wp-content\\\/uploads\\\/sites\\\/41\\\/2023\\\/01\\\/Logo-PANS-2022-pelne.png\",\"contentUrl\":\"https:\\\/\\\/pans.krosno.pl\\\/pracownicy\\\/wp-content\\\/uploads\\\/sites\\\/41\\\/2023\\\/01\\\/Logo-PANS-2022-pelne.png\",\"width\":3096,\"height\":696,\"caption\":\"Pracownicy PANS w Kro\u015bnie\"},\"image\":{\"@id\":\"https:\\\/\\\/pans.krosno.pl\\\/pracownicy\\\/#\\\/schema\\\/logo\\\/image\\\/\"}}]}<\/script>\n<!-- \/ Yoast SEO Premium plugin. -->","yoast_head_json":{"title":"dr Mateusz Suchodolski -\u017byciorys naukowy - Pracownicy PANS w Kro\u015bnie","robots":{"index":"index","follow":"follow","max-snippet":"max-snippet:-1","max-image-preview":"max-image-preview:large","max-video-preview":"max-video-preview:-1"},"canonical":"https:\/\/pans.krosno.pl\/pracownicy\/mateusz-suchodolski\/mateusz-suchodolski-zyciorys-naukowy\/","og_locale":"pl_PL","og_type":"article","og_title":"dr Mateusz Suchodolski -\u017byciorys naukowy","og_url":"https:\/\/pans.krosno.pl\/pracownicy\/mateusz-suchodolski\/mateusz-suchodolski-zyciorys-naukowy\/","og_site_name":"Pracownicy PANS w Kro\u015bnie","article_modified_time":"2024-09-23T06:00:14+00:00","twitter_card":"summary_large_image","twitter_misc":{"Szacowany czas czytania":"1 minuta"},"schema":{"@context":"https:\/\/schema.org","@graph":[{"@type":"WebPage","@id":"https:\/\/pans.krosno.pl\/pracownicy\/mateusz-suchodolski\/mateusz-suchodolski-zyciorys-naukowy\/","url":"https:\/\/pans.krosno.pl\/pracownicy\/mateusz-suchodolski\/mateusz-suchodolski-zyciorys-naukowy\/","name":"dr Mateusz Suchodolski -\u017byciorys naukowy - Pracownicy PANS w Kro\u015bnie","isPartOf":{"@id":"https:\/\/pans.krosno.pl\/pracownicy\/#website"},"datePublished":"2024-09-23T05:51:56+00:00","dateModified":"2024-09-23T06:00:14+00:00","breadcrumb":{"@id":"https:\/\/pans.krosno.pl\/pracownicy\/mateusz-suchodolski\/mateusz-suchodolski-zyciorys-naukowy\/#breadcrumb"},"inLanguage":"pl-PL","potentialAction":[{"@type":"ReadAction","target":["https:\/\/pans.krosno.pl\/pracownicy\/mateusz-suchodolski\/mateusz-suchodolski-zyciorys-naukowy\/"]}]},{"@type":"BreadcrumbList","@id":"https:\/\/pans.krosno.pl\/pracownicy\/mateusz-suchodolski\/mateusz-suchodolski-zyciorys-naukowy\/#breadcrumb","itemListElement":[{"@type":"ListItem","position":1,"name":"Strona g\u0142\u00f3wna","item":"https:\/\/pans.krosno.pl\/pracownicy\/"},{"@type":"ListItem","position":2,"name":"dr Mateusz Suchodolski","item":"https:\/\/pans.krosno.pl\/pracownicy\/mateusz-suchodolski\/"},{"@type":"ListItem","position":3,"name":"dr Mateusz Suchodolski -\u017byciorys naukowy"}]},{"@type":"WebSite","@id":"https:\/\/pans.krosno.pl\/pracownicy\/#website","url":"https:\/\/pans.krosno.pl\/pracownicy\/","name":"Pracownicy PANS w Kro\u015bnie","description":"Pracownicy - Pa\u0144stwowa Akademia Nauk Stosowanych","publisher":{"@id":"https:\/\/pans.krosno.pl\/pracownicy\/#organization"},"potentialAction":[{"@type":"SearchAction","target":{"@type":"EntryPoint","urlTemplate":"https:\/\/pans.krosno.pl\/pracownicy\/?s={search_term_string}"},"query-input":{"@type":"PropertyValueSpecification","valueRequired":true,"valueName":"search_term_string"}}],"inLanguage":"pl-PL"},{"@type":"Organization","@id":"https:\/\/pans.krosno.pl\/pracownicy\/#organization","name":"Pracownicy PANS w Kro\u015bnie","url":"https:\/\/pans.krosno.pl\/pracownicy\/","logo":{"@type":"ImageObject","inLanguage":"pl-PL","@id":"https:\/\/pans.krosno.pl\/pracownicy\/#\/schema\/logo\/image\/","url":"https:\/\/pans.krosno.pl\/pracownicy\/wp-content\/uploads\/sites\/41\/2023\/01\/Logo-PANS-2022-pelne.png","contentUrl":"https:\/\/pans.krosno.pl\/pracownicy\/wp-content\/uploads\/sites\/41\/2023\/01\/Logo-PANS-2022-pelne.png","width":3096,"height":696,"caption":"Pracownicy PANS w Kro\u015bnie"},"image":{"@id":"https:\/\/pans.krosno.pl\/pracownicy\/#\/schema\/logo\/image\/"}}]}},"_links":{"self":[{"href":"https:\/\/pans.krosno.pl\/pracownicy\/wp-json\/wp\/v2\/pages\/10107","targetHints":{"allow":["GET"]}}],"collection":[{"href":"https:\/\/pans.krosno.pl\/pracownicy\/wp-json\/wp\/v2\/pages"}],"about":[{"href":"https:\/\/pans.krosno.pl\/pracownicy\/wp-json\/wp\/v2\/types\/page"}],"author":[{"embeddable":true,"href":"https:\/\/pans.krosno.pl\/pracownicy\/wp-json\/wp\/v2\/users\/27"}],"replies":[{"embeddable":true,"href":"https:\/\/pans.krosno.pl\/pracownicy\/wp-json\/wp\/v2\/comments?post=10107"}],"version-history":[{"count":1,"href":"https:\/\/pans.krosno.pl\/pracownicy\/wp-json\/wp\/v2\/pages\/10107\/revisions"}],"predecessor-version":[{"id":10111,"href":"https:\/\/pans.krosno.pl\/pracownicy\/wp-json\/wp\/v2\/pages\/10107\/revisions\/10111"}],"up":[{"embeddable":true,"href":"https:\/\/pans.krosno.pl\/pracownicy\/wp-json\/wp\/v2\/pages\/10103"}],"wp:attachment":[{"href":"https:\/\/pans.krosno.pl\/pracownicy\/wp-json\/wp\/v2\/media?parent=10107"}],"curies":[{"name":"wp","href":"https:\/\/api.w.org\/{rel}","templated":true}]}}