{"id":10006,"date":"2023-11-13T09:10:40","date_gmt":"2023-11-13T08:10:40","guid":{"rendered":"https:\/\/pans.krosno.pl\/pracownicy\/?page_id=10006"},"modified":"2025-11-15T14:28:50","modified_gmt":"2025-11-15T13:28:50","slug":"joanna-krochmal-najwazniejsze-publikacje","status":"publish","type":"page","link":"https:\/\/pans.krosno.pl\/pracownicy\/joanna-krochmal\/joanna-krochmal-najwazniejsze-publikacje\/","title":{"rendered":"mgr Joanna Krochmal &#8211; Najwa\u017cniejsze publikacje"},"content":{"rendered":"\n<hr class=\"wp-block-separator has-alpha-channel-opacity\"\/>\n\n\n\n<ul class=\"wp-block-list\">\n<li><strong><u>SKRYPTY<\/u><\/strong>\n<ul class=\"wp-block-list\">\n<li>Krochmal J., Pawlik E. 2021. <em>Business English Essentials<\/em>. Zeszyty naukowo-dydaktyczne Karpackiej Pa\u0144stwowej Uczelni w Kro\u015bnie (nr 80)<\/li>\n\n\n\n<li>Krochmal J., Pawlik E. 2022. <em>Test Your Business English. <\/em>Zeszyty naukowo-dydaktyczne Karpackiej Pa\u0144stwowej Uczelni w Kro\u015bnie (nr 81)<\/li>\n\n\n\n<li>Bro\u0144ska-Putzig S., Krochmal J. 2024. <em>English B2+ in a Nutshell. <\/em>Zeszyty naukowo-dydaktyczne Karpackiej Pa\u0144stwowej Uczelni w Kro\u015bnie (nr 83)<\/li>\n<\/ul>\n<\/li>\n<\/ul>\n\n\n\n<p><\/p>\n\n\n\n<ul class=\"wp-block-list\">\n<li><strong><u>POSTERY KONFERENCYJNE<\/u><\/strong>\n<ul class=\"wp-block-list\">\n<li><em>English \u2013 the language without frontiers. <\/em>2009. 9<sup>th<\/sup> International Conference Transport Systems Telematics. TST Katowice<\/li>\n\n\n\n<li><em>The role of motivation in learning English. <\/em>2024. Konferencja English Today: challenges and innovations. Pa\u0144stwowa Akademia Nauk Stosowanych w Kro\u015bnie<\/li>\n<\/ul>\n<\/li>\n<\/ul>\n\n\n\n<p><\/p>\n\n\n\n<ul class=\"wp-block-list\">\n<li><strong><u>ARTYKU\u0141Y<\/u><\/strong>\n<ul class=\"wp-block-list\">\n<li><em>Co robisz w weekend: grill, party czy disco? A mo\u017ce pla\u017cing? O anglicyzmach we wsp\u00f3\u0142czesnej polszczy\u017anie. <\/em>2020. Magazyn j\u0119zykowy Academia Stars (nr 2)<\/li>\n\n\n\n<li><em>E-kursy \u2013 realna wizja nauki j\u0119zyk\u00f3w obcych? <\/em>2020. Biuletyn Academia J\u0119zyk\u00f3w Obcych<\/li>\n\n\n\n<li><em>Egzaminy j\u0119zykowe \u2013 nie taki diabe\u0142 straszny<\/em>. 2021. Biuletyn Academia J\u0119zyk\u00f3w Obcych<\/li>\n\n\n\n<li><em>Chcie\u0107 znaczy m\u00f3c, czyli o motywacji w nauce j\u0119zyk\u00f3w obcych. <\/em>2021. Magazyn j\u0119zykowy Academia Stars (nr 3)<\/li>\n\n\n\n<li><em>Stop szkolnej agresji! <\/em>2021. Magazyn j\u0119zykowy Academia Stars (nr 3)<\/li>\n\n\n\n<li><em>Ucz si\u0119 j\u0119zyk\u00f3w do rymu i taktu. <\/em>2022. Magazyn j\u0119zykowy Academia Stars (nr 4)<\/li>\n\n\n\n<li><em>Cambridge English Assessment gwarancj\u0105 \u015bwiatowego standardu edukacji w Kro\u015bnie. <\/em>2023. Magazyn j\u0119zykowy Academia Stars (nr 5)<\/li>\n\n\n\n<li><em>Praktyka czyni mistrza. Czy zadanie domowe ma sens? <\/em>2024.\u00a0 Magazyn j\u0119zykowy Academia Stars (nr 6)<\/li>\n\n\n\n<li><em>Nowe oblicze SJO PANS w Kro\u015bnie. <\/em>Tereszkiewicz F., Krochmal J. 2025. Biuletyn PDK OIIB (nr 3\/ 2025)<\/li>\n<\/ul>\n<\/li>\n<\/ul>\n","protected":false},"excerpt":{"rendered":"","protected":false},"author":27,"featured_media":0,"parent":2420,"menu_order":0,"comment_status":"closed","ping_status":"closed","template":"","meta":{"ngg_post_thumbnail":0,"footnotes":""},"class_list":["post-10006","page","type-page","status-publish","hentry"],"yoast_head":"<!-- This site is optimized with the Yoast SEO Premium plugin v27.3 (Yoast SEO v27.3) - https:\/\/yoast.com\/product\/yoast-seo-premium-wordpress\/ -->\n<title>mgr Joanna Krochmal - Najwa\u017cniejsze publikacje - Pracownicy PANS w Kro\u015bnie<\/title>\n<meta name=\"robots\" content=\"index, follow, max-snippet:-1, max-image-preview:large, max-video-preview:-1\" \/>\n<link rel=\"canonical\" href=\"https:\/\/pans.krosno.pl\/pracownicy\/joanna-krochmal\/joanna-krochmal-najwazniejsze-publikacje\/\" \/>\n<meta property=\"og:locale\" content=\"pl_PL\" \/>\n<meta property=\"og:type\" content=\"article\" \/>\n<meta property=\"og:title\" content=\"mgr Joanna Krochmal - Najwa\u017cniejsze publikacje\" \/>\n<meta property=\"og:url\" content=\"https:\/\/pans.krosno.pl\/pracownicy\/joanna-krochmal\/joanna-krochmal-najwazniejsze-publikacje\/\" \/>\n<meta property=\"og:site_name\" content=\"Pracownicy PANS w Kro\u015bnie\" \/>\n<meta property=\"article:modified_time\" content=\"2025-11-15T13:28:50+00:00\" \/>\n<meta name=\"twitter:card\" content=\"summary_large_image\" \/>\n<meta name=\"twitter:label1\" content=\"Szacowany czas czytania\" \/>\n\t<meta name=\"twitter:data1\" content=\"2 minuty\" \/>\n<script type=\"application\/ld+json\" class=\"yoast-schema-graph\">{\"@context\":\"https:\\\/\\\/schema.org\",\"@graph\":[{\"@type\":\"WebPage\",\"@id\":\"https:\\\/\\\/pans.krosno.pl\\\/pracownicy\\\/joanna-krochmal\\\/joanna-krochmal-najwazniejsze-publikacje\\\/\",\"url\":\"https:\\\/\\\/pans.krosno.pl\\\/pracownicy\\\/joanna-krochmal\\\/joanna-krochmal-najwazniejsze-publikacje\\\/\",\"name\":\"mgr Joanna Krochmal - Najwa\u017cniejsze publikacje - Pracownicy PANS w Kro\u015bnie\",\"isPartOf\":{\"@id\":\"https:\\\/\\\/pans.krosno.pl\\\/pracownicy\\\/#website\"},\"datePublished\":\"2023-11-13T08:10:40+00:00\",\"dateModified\":\"2025-11-15T13:28:50+00:00\",\"breadcrumb\":{\"@id\":\"https:\\\/\\\/pans.krosno.pl\\\/pracownicy\\\/joanna-krochmal\\\/joanna-krochmal-najwazniejsze-publikacje\\\/#breadcrumb\"},\"inLanguage\":\"pl-PL\",\"potentialAction\":[{\"@type\":\"ReadAction\",\"target\":[\"https:\\\/\\\/pans.krosno.pl\\\/pracownicy\\\/joanna-krochmal\\\/joanna-krochmal-najwazniejsze-publikacje\\\/\"]}]},{\"@type\":\"BreadcrumbList\",\"@id\":\"https:\\\/\\\/pans.krosno.pl\\\/pracownicy\\\/joanna-krochmal\\\/joanna-krochmal-najwazniejsze-publikacje\\\/#breadcrumb\",\"itemListElement\":[{\"@type\":\"ListItem\",\"position\":1,\"name\":\"Strona g\u0142\u00f3wna\",\"item\":\"https:\\\/\\\/pans.krosno.pl\\\/pracownicy\\\/\"},{\"@type\":\"ListItem\",\"position\":2,\"name\":\"mgr Joanna Krochmal\",\"item\":\"https:\\\/\\\/pans.krosno.pl\\\/pracownicy\\\/joanna-krochmal\\\/\"},{\"@type\":\"ListItem\",\"position\":3,\"name\":\"mgr Joanna Krochmal &#8211; Najwa\u017cniejsze publikacje\"}]},{\"@type\":\"WebSite\",\"@id\":\"https:\\\/\\\/pans.krosno.pl\\\/pracownicy\\\/#website\",\"url\":\"https:\\\/\\\/pans.krosno.pl\\\/pracownicy\\\/\",\"name\":\"Pracownicy PANS w Kro\u015bnie\",\"description\":\"Pracownicy - Pa\u0144stwowa Akademia Nauk Stosowanych\",\"publisher\":{\"@id\":\"https:\\\/\\\/pans.krosno.pl\\\/pracownicy\\\/#organization\"},\"potentialAction\":[{\"@type\":\"SearchAction\",\"target\":{\"@type\":\"EntryPoint\",\"urlTemplate\":\"https:\\\/\\\/pans.krosno.pl\\\/pracownicy\\\/?s={search_term_string}\"},\"query-input\":{\"@type\":\"PropertyValueSpecification\",\"valueRequired\":true,\"valueName\":\"search_term_string\"}}],\"inLanguage\":\"pl-PL\"},{\"@type\":\"Organization\",\"@id\":\"https:\\\/\\\/pans.krosno.pl\\\/pracownicy\\\/#organization\",\"name\":\"Pracownicy PANS w Kro\u015bnie\",\"url\":\"https:\\\/\\\/pans.krosno.pl\\\/pracownicy\\\/\",\"logo\":{\"@type\":\"ImageObject\",\"inLanguage\":\"pl-PL\",\"@id\":\"https:\\\/\\\/pans.krosno.pl\\\/pracownicy\\\/#\\\/schema\\\/logo\\\/image\\\/\",\"url\":\"https:\\\/\\\/pans.krosno.pl\\\/pracownicy\\\/wp-content\\\/uploads\\\/sites\\\/41\\\/2023\\\/01\\\/Logo-PANS-2022-pelne.png\",\"contentUrl\":\"https:\\\/\\\/pans.krosno.pl\\\/pracownicy\\\/wp-content\\\/uploads\\\/sites\\\/41\\\/2023\\\/01\\\/Logo-PANS-2022-pelne.png\",\"width\":3096,\"height\":696,\"caption\":\"Pracownicy PANS w Kro\u015bnie\"},\"image\":{\"@id\":\"https:\\\/\\\/pans.krosno.pl\\\/pracownicy\\\/#\\\/schema\\\/logo\\\/image\\\/\"}}]}<\/script>\n<!-- \/ Yoast SEO Premium plugin. -->","yoast_head_json":{"title":"mgr Joanna Krochmal - Najwa\u017cniejsze publikacje - Pracownicy PANS w Kro\u015bnie","robots":{"index":"index","follow":"follow","max-snippet":"max-snippet:-1","max-image-preview":"max-image-preview:large","max-video-preview":"max-video-preview:-1"},"canonical":"https:\/\/pans.krosno.pl\/pracownicy\/joanna-krochmal\/joanna-krochmal-najwazniejsze-publikacje\/","og_locale":"pl_PL","og_type":"article","og_title":"mgr Joanna Krochmal - Najwa\u017cniejsze publikacje","og_url":"https:\/\/pans.krosno.pl\/pracownicy\/joanna-krochmal\/joanna-krochmal-najwazniejsze-publikacje\/","og_site_name":"Pracownicy PANS w Kro\u015bnie","article_modified_time":"2025-11-15T13:28:50+00:00","twitter_card":"summary_large_image","twitter_misc":{"Szacowany czas czytania":"2 minuty"},"schema":{"@context":"https:\/\/schema.org","@graph":[{"@type":"WebPage","@id":"https:\/\/pans.krosno.pl\/pracownicy\/joanna-krochmal\/joanna-krochmal-najwazniejsze-publikacje\/","url":"https:\/\/pans.krosno.pl\/pracownicy\/joanna-krochmal\/joanna-krochmal-najwazniejsze-publikacje\/","name":"mgr Joanna Krochmal - Najwa\u017cniejsze publikacje - Pracownicy PANS w Kro\u015bnie","isPartOf":{"@id":"https:\/\/pans.krosno.pl\/pracownicy\/#website"},"datePublished":"2023-11-13T08:10:40+00:00","dateModified":"2025-11-15T13:28:50+00:00","breadcrumb":{"@id":"https:\/\/pans.krosno.pl\/pracownicy\/joanna-krochmal\/joanna-krochmal-najwazniejsze-publikacje\/#breadcrumb"},"inLanguage":"pl-PL","potentialAction":[{"@type":"ReadAction","target":["https:\/\/pans.krosno.pl\/pracownicy\/joanna-krochmal\/joanna-krochmal-najwazniejsze-publikacje\/"]}]},{"@type":"BreadcrumbList","@id":"https:\/\/pans.krosno.pl\/pracownicy\/joanna-krochmal\/joanna-krochmal-najwazniejsze-publikacje\/#breadcrumb","itemListElement":[{"@type":"ListItem","position":1,"name":"Strona g\u0142\u00f3wna","item":"https:\/\/pans.krosno.pl\/pracownicy\/"},{"@type":"ListItem","position":2,"name":"mgr Joanna Krochmal","item":"https:\/\/pans.krosno.pl\/pracownicy\/joanna-krochmal\/"},{"@type":"ListItem","position":3,"name":"mgr Joanna Krochmal &#8211; Najwa\u017cniejsze publikacje"}]},{"@type":"WebSite","@id":"https:\/\/pans.krosno.pl\/pracownicy\/#website","url":"https:\/\/pans.krosno.pl\/pracownicy\/","name":"Pracownicy PANS w Kro\u015bnie","description":"Pracownicy - Pa\u0144stwowa Akademia Nauk Stosowanych","publisher":{"@id":"https:\/\/pans.krosno.pl\/pracownicy\/#organization"},"potentialAction":[{"@type":"SearchAction","target":{"@type":"EntryPoint","urlTemplate":"https:\/\/pans.krosno.pl\/pracownicy\/?s={search_term_string}"},"query-input":{"@type":"PropertyValueSpecification","valueRequired":true,"valueName":"search_term_string"}}],"inLanguage":"pl-PL"},{"@type":"Organization","@id":"https:\/\/pans.krosno.pl\/pracownicy\/#organization","name":"Pracownicy PANS w Kro\u015bnie","url":"https:\/\/pans.krosno.pl\/pracownicy\/","logo":{"@type":"ImageObject","inLanguage":"pl-PL","@id":"https:\/\/pans.krosno.pl\/pracownicy\/#\/schema\/logo\/image\/","url":"https:\/\/pans.krosno.pl\/pracownicy\/wp-content\/uploads\/sites\/41\/2023\/01\/Logo-PANS-2022-pelne.png","contentUrl":"https:\/\/pans.krosno.pl\/pracownicy\/wp-content\/uploads\/sites\/41\/2023\/01\/Logo-PANS-2022-pelne.png","width":3096,"height":696,"caption":"Pracownicy PANS w Kro\u015bnie"},"image":{"@id":"https:\/\/pans.krosno.pl\/pracownicy\/#\/schema\/logo\/image\/"}}]}},"_links":{"self":[{"href":"https:\/\/pans.krosno.pl\/pracownicy\/wp-json\/wp\/v2\/pages\/10006","targetHints":{"allow":["GET"]}}],"collection":[{"href":"https:\/\/pans.krosno.pl\/pracownicy\/wp-json\/wp\/v2\/pages"}],"about":[{"href":"https:\/\/pans.krosno.pl\/pracownicy\/wp-json\/wp\/v2\/types\/page"}],"author":[{"embeddable":true,"href":"https:\/\/pans.krosno.pl\/pracownicy\/wp-json\/wp\/v2\/users\/27"}],"replies":[{"embeddable":true,"href":"https:\/\/pans.krosno.pl\/pracownicy\/wp-json\/wp\/v2\/comments?post=10006"}],"version-history":[{"count":2,"href":"https:\/\/pans.krosno.pl\/pracownicy\/wp-json\/wp\/v2\/pages\/10006\/revisions"}],"predecessor-version":[{"id":11564,"href":"https:\/\/pans.krosno.pl\/pracownicy\/wp-json\/wp\/v2\/pages\/10006\/revisions\/11564"}],"up":[{"embeddable":true,"href":"https:\/\/pans.krosno.pl\/pracownicy\/wp-json\/wp\/v2\/pages\/2420"}],"wp:attachment":[{"href":"https:\/\/pans.krosno.pl\/pracownicy\/wp-json\/wp\/v2\/media?parent=10006"}],"curies":[{"name":"wp","href":"https:\/\/api.w.org\/{rel}","templated":true}]}}