{"id":8568,"date":"2020-10-07T11:02:55","date_gmt":"2020-10-07T09:02:55","guid":{"rendered":"https:\/\/pans.krosno.pl\/pracownicy\/?page_id=8568"},"modified":"2020-10-07T11:02:56","modified_gmt":"2020-10-07T09:02:56","slug":"mgr-anna-wyrwa-publications","status":"publish","type":"page","link":"https:\/\/pans.krosno.pl\/pracownicy\/en\/mgr-anna-wyrwa\/mgr-anna-wyrwa-publications\/","title":{"rendered":"mgr Anna Wyrwa &#8211; Publications"},"content":{"rendered":"\n<p>She authored several articles on the linguistic and cultural confrontation in the process of translating political and humorous texts.<\/p>\n\n\n\n<p><strong>Articles:<\/strong><\/p>\n\n\n\n<ol class=\"wp-block-list\" type=\"1\"><li>2019. Traces of Speaker\u2019s Worldview in Translation of EU Parliamentary Debate. In: Adam G\u0142az (ed.) <em>Languages \u2013 Cultures \u2013 Worldviews<\/em>. Palgrave Macmillan. 293-318.<\/li><li>2017. \u201eComing out\u201d czyli \u201ewychodzenie z szafy\u201d: Analiza por\u00f3wnawcza j\u0119zykowych obraz\u00f3w \u015bwiata w prasie brytyjskiej i polskiej. In: Tertium Linguistic Journal 2 (2) (2017). http:\/\/dx.doi.org\/10.7592\/Tertium2017.2.2.Wyrwa.<\/li><li>2017. Personal world and valuation in interlingual debate. In: Joanna Ziobro-Strz\u0119pek and W\u0142adys\u0142aw Ch\u0142opicki (eds.) <em>Prace naukowo-dydaktyczne PWSZ w Kro\u015bnie<\/em> vol. 71. 59-73.<\/li><li>2016. Worldview, metaphor, and politics. The translator\u2019s perspective. In: \u0141\u00f3d\u017a Studies in Language, vol. 40. Frankfurt am Main: Peter Lang. 143-158.<\/li><li>2007. Translating Fawlty Towers: Strategy and Effect. In: W\u0142adys\u0142aw Witalisz and Dorota Rygiel (eds.) <em>Prace naukowo-dydaktyczne PWSZ w Kro\u015bnie<\/em> vol. 27. 267-279.<\/li><li>2006. Polish Translation of Culture-specific Items in Fawlty Towers. In: Evelina Graur and Alexandru Diaconescu (eds.) <em>Messages, Sages, and Ages<\/em>. Suceava: Editura Universit\u0103\u0163ii Suceava. 637-652.<\/li><li>2005. Syntactic and Semantic Properties of the -ing Formations in English. In: Alicja Witalisz (ed.) <em>Prace naukowo-dydaktyczne PWSZ w Kro\u015bnie<\/em> vol. 19. 151-161.<\/li><\/ol>\n\n\n\n<p><strong>Translations:<\/strong><\/p>\n\n\n\n<ol class=\"wp-block-list\" type=\"1\"><li>2019. <em>Ethnolinguistics. Issues in Language and Culture 30<\/em>. Lublin: Maria Curie-Sk\u0142odowska University Press (articles: E. Pieciul-Karmi\u0144ska, W. Bukowski, J. Bartmi\u0144ski et al).<\/li><li>2018. <em>Ethnolinguistics. Issues in Language and Culture 29<\/em>. Lublin: Maria Curie-Sk\u0142odowska University Press (articles: J. Bartmi\u0144ski, D. Piekarczyk, P. Zemsza\u0142).<\/li><li>2008. A. G\u00f3rska, M. Karolczuk-K\u0119dzierska, R. Marcinek. <em>Complete Guide. Poland<\/em>. Krak\u00f3w: Wydawnictwo Kluszczy\u0144ski (pp. 200-213, 218-227, 264-289, 380-404, 418-443).<\/li><li>2007. Andrew Gillies. <em>Sztuka notowania. Poradnik dla t\u0142umaczy konferencyjnych<\/em>. Krak\u00f3w: Tertium.<\/li><li>2005. Andrzej Nowak. <em>John Paul II 1920-2005 Illustrated Biography<\/em>. Krak\u00f3w: Wydawnictwo Kluszczy\u0144ski (chapters: XIV, XV).<\/li><li>2005. S. Ko\u0142odziejski, R. Marcinek, J. Polit. <em>History of Poland<\/em>. Krak\u00f3w: Wyd. Kluszczy\u0144ski (pp. 98-125).<\/li><\/ol>\n","protected":false},"excerpt":{"rendered":"<p>She authored several articles on the linguistic and cultural confrontation in the process of translating political and humorous texts. Articles: 2019. Traces of Speaker\u2019s Worldview in Translation of EU Parliamentary Debate. In: Adam G\u0142az (ed.) Languages \u2013 Cultures \u2013 Worldviews. Palgrave Macmillan. 293-318. 2017. \u201eComing out\u201d czyli \u201ewychodzenie z szafy\u201d: [\u2026] <\/p>\n<div class=\"clear\"><\/div>\n<p><a class=\"more_link clearfix\" href=\"https:\/\/pans.krosno.pl\/pracownicy\/en\/mgr-anna-wyrwa\/mgr-anna-wyrwa-publications\/\" rel=\"nofollow\">Read More<\/a><\/p>\n","protected":false},"author":27,"featured_media":0,"parent":8565,"menu_order":0,"comment_status":"closed","ping_status":"closed","template":"","meta":{"ngg_post_thumbnail":0,"footnotes":""},"class_list":["post-8568","page","type-page","status-publish","hentry"],"yoast_head":"<!-- This site is optimized with the Yoast SEO Premium plugin v27.3 (Yoast SEO v27.3) - https:\/\/yoast.com\/product\/yoast-seo-premium-wordpress\/ -->\n<title>mgr Anna Wyrwa - Publications - Pracownicy PANS w Kro\u015bnie<\/title>\n<meta name=\"robots\" content=\"index, follow, max-snippet:-1, max-image-preview:large, max-video-preview:-1\" \/>\n<link rel=\"canonical\" href=\"https:\/\/pans.krosno.pl\/pracownicy\/mgr-anna-wyrwa\/mgr-anna-wyrwa-publications\/\" \/>\n<meta property=\"og:locale\" content=\"en_US\" \/>\n<meta property=\"og:type\" content=\"article\" \/>\n<meta property=\"og:title\" content=\"mgr Anna Wyrwa - Publications\" \/>\n<meta property=\"og:description\" content=\"She authored several articles on the linguistic and cultural confrontation in the process of translating political and humorous texts. Articles: 2019. Traces of Speaker\u2019s Worldview in Translation of EU Parliamentary Debate. In: Adam G\u0142az (ed.) Languages \u2013 Cultures \u2013 Worldviews. Palgrave Macmillan. 293-318. 2017. \u201eComing out\u201d czyli \u201ewychodzenie z szafy\u201d: [\u2026] Read More\" \/>\n<meta property=\"og:url\" content=\"https:\/\/pans.krosno.pl\/pracownicy\/mgr-anna-wyrwa\/mgr-anna-wyrwa-publications\/\" \/>\n<meta property=\"og:site_name\" content=\"Pracownicy PANS w Kro\u015bnie\" \/>\n<meta property=\"article:modified_time\" content=\"2020-10-07T09:02:56+00:00\" \/>\n<meta name=\"twitter:card\" content=\"summary_large_image\" \/>\n<meta name=\"twitter:label1\" content=\"Est. reading time\" \/>\n\t<meta name=\"twitter:data1\" content=\"1 minute\" \/>\n<script type=\"application\/ld+json\" class=\"yoast-schema-graph\">{\"@context\":\"https:\\\/\\\/schema.org\",\"@graph\":[{\"@type\":\"WebPage\",\"@id\":\"https:\\\/\\\/pans.krosno.pl\\\/pracownicy\\\/mgr-anna-wyrwa\\\/mgr-anna-wyrwa-publications\\\/\",\"url\":\"https:\\\/\\\/pans.krosno.pl\\\/pracownicy\\\/mgr-anna-wyrwa\\\/mgr-anna-wyrwa-publications\\\/\",\"name\":\"mgr Anna Wyrwa - Publications - Pracownicy PANS w Kro\u015bnie\",\"isPartOf\":{\"@id\":\"https:\\\/\\\/pans.krosno.pl\\\/pracownicy\\\/#website\"},\"datePublished\":\"2020-10-07T09:02:55+00:00\",\"dateModified\":\"2020-10-07T09:02:56+00:00\",\"breadcrumb\":{\"@id\":\"https:\\\/\\\/pans.krosno.pl\\\/pracownicy\\\/mgr-anna-wyrwa\\\/mgr-anna-wyrwa-publications\\\/#breadcrumb\"},\"inLanguage\":\"en-US\",\"potentialAction\":[{\"@type\":\"ReadAction\",\"target\":[\"https:\\\/\\\/pans.krosno.pl\\\/pracownicy\\\/mgr-anna-wyrwa\\\/mgr-anna-wyrwa-publications\\\/\"]}]},{\"@type\":\"BreadcrumbList\",\"@id\":\"https:\\\/\\\/pans.krosno.pl\\\/pracownicy\\\/mgr-anna-wyrwa\\\/mgr-anna-wyrwa-publications\\\/#breadcrumb\",\"itemListElement\":[{\"@type\":\"ListItem\",\"position\":1,\"name\":\"Strona g\u0142\u00f3wna\",\"item\":\"https:\\\/\\\/pans.krosno.pl\\\/pracownicy\\\/\"},{\"@type\":\"ListItem\",\"position\":2,\"name\":\"mgr Anna Wyrwa\",\"item\":\"https:\\\/\\\/pans.krosno.pl\\\/pracownicy\\\/mgr-anna-wyrwa\\\/\"},{\"@type\":\"ListItem\",\"position\":3,\"name\":\"mgr Anna Wyrwa &#8211; Publications\"}]},{\"@type\":\"WebSite\",\"@id\":\"https:\\\/\\\/pans.krosno.pl\\\/pracownicy\\\/#website\",\"url\":\"https:\\\/\\\/pans.krosno.pl\\\/pracownicy\\\/\",\"name\":\"Pracownicy PANS w Kro\u015bnie\",\"description\":\"Pracownicy - Pa\u0144stwowa Akademia Nauk Stosowanych\",\"publisher\":{\"@id\":\"https:\\\/\\\/pans.krosno.pl\\\/pracownicy\\\/#organization\"},\"potentialAction\":[{\"@type\":\"SearchAction\",\"target\":{\"@type\":\"EntryPoint\",\"urlTemplate\":\"https:\\\/\\\/pans.krosno.pl\\\/pracownicy\\\/?s={search_term_string}\"},\"query-input\":{\"@type\":\"PropertyValueSpecification\",\"valueRequired\":true,\"valueName\":\"search_term_string\"}}],\"inLanguage\":\"en-US\"},{\"@type\":\"Organization\",\"@id\":\"https:\\\/\\\/pans.krosno.pl\\\/pracownicy\\\/#organization\",\"name\":\"Pracownicy PANS w Kro\u015bnie\",\"url\":\"https:\\\/\\\/pans.krosno.pl\\\/pracownicy\\\/\",\"logo\":{\"@type\":\"ImageObject\",\"inLanguage\":\"en-US\",\"@id\":\"https:\\\/\\\/pans.krosno.pl\\\/pracownicy\\\/#\\\/schema\\\/logo\\\/image\\\/\",\"url\":\"https:\\\/\\\/pans.krosno.pl\\\/pracownicy\\\/wp-content\\\/uploads\\\/sites\\\/41\\\/2023\\\/01\\\/Logo-PANS-2022-pelne.png\",\"contentUrl\":\"https:\\\/\\\/pans.krosno.pl\\\/pracownicy\\\/wp-content\\\/uploads\\\/sites\\\/41\\\/2023\\\/01\\\/Logo-PANS-2022-pelne.png\",\"width\":3096,\"height\":696,\"caption\":\"Pracownicy PANS w Kro\u015bnie\"},\"image\":{\"@id\":\"https:\\\/\\\/pans.krosno.pl\\\/pracownicy\\\/#\\\/schema\\\/logo\\\/image\\\/\"}}]}<\/script>\n<!-- \/ Yoast SEO Premium plugin. -->","yoast_head_json":{"title":"mgr Anna Wyrwa - Publications - Pracownicy PANS w Kro\u015bnie","robots":{"index":"index","follow":"follow","max-snippet":"max-snippet:-1","max-image-preview":"max-image-preview:large","max-video-preview":"max-video-preview:-1"},"canonical":"https:\/\/pans.krosno.pl\/pracownicy\/mgr-anna-wyrwa\/mgr-anna-wyrwa-publications\/","og_locale":"en_US","og_type":"article","og_title":"mgr Anna Wyrwa - Publications","og_description":"She authored several articles on the linguistic and cultural confrontation in the process of translating political and humorous texts. Articles: 2019. Traces of Speaker\u2019s Worldview in Translation of EU Parliamentary Debate. In: Adam G\u0142az (ed.) Languages \u2013 Cultures \u2013 Worldviews. Palgrave Macmillan. 293-318. 2017. \u201eComing out\u201d czyli \u201ewychodzenie z szafy\u201d: [\u2026] Read More","og_url":"https:\/\/pans.krosno.pl\/pracownicy\/mgr-anna-wyrwa\/mgr-anna-wyrwa-publications\/","og_site_name":"Pracownicy PANS w Kro\u015bnie","article_modified_time":"2020-10-07T09:02:56+00:00","twitter_card":"summary_large_image","twitter_misc":{"Est. reading time":"1 minute"},"schema":{"@context":"https:\/\/schema.org","@graph":[{"@type":"WebPage","@id":"https:\/\/pans.krosno.pl\/pracownicy\/mgr-anna-wyrwa\/mgr-anna-wyrwa-publications\/","url":"https:\/\/pans.krosno.pl\/pracownicy\/mgr-anna-wyrwa\/mgr-anna-wyrwa-publications\/","name":"mgr Anna Wyrwa - Publications - Pracownicy PANS w Kro\u015bnie","isPartOf":{"@id":"https:\/\/pans.krosno.pl\/pracownicy\/#website"},"datePublished":"2020-10-07T09:02:55+00:00","dateModified":"2020-10-07T09:02:56+00:00","breadcrumb":{"@id":"https:\/\/pans.krosno.pl\/pracownicy\/mgr-anna-wyrwa\/mgr-anna-wyrwa-publications\/#breadcrumb"},"inLanguage":"en-US","potentialAction":[{"@type":"ReadAction","target":["https:\/\/pans.krosno.pl\/pracownicy\/mgr-anna-wyrwa\/mgr-anna-wyrwa-publications\/"]}]},{"@type":"BreadcrumbList","@id":"https:\/\/pans.krosno.pl\/pracownicy\/mgr-anna-wyrwa\/mgr-anna-wyrwa-publications\/#breadcrumb","itemListElement":[{"@type":"ListItem","position":1,"name":"Strona g\u0142\u00f3wna","item":"https:\/\/pans.krosno.pl\/pracownicy\/"},{"@type":"ListItem","position":2,"name":"mgr Anna Wyrwa","item":"https:\/\/pans.krosno.pl\/pracownicy\/mgr-anna-wyrwa\/"},{"@type":"ListItem","position":3,"name":"mgr Anna Wyrwa &#8211; Publications"}]},{"@type":"WebSite","@id":"https:\/\/pans.krosno.pl\/pracownicy\/#website","url":"https:\/\/pans.krosno.pl\/pracownicy\/","name":"Pracownicy PANS w Kro\u015bnie","description":"Pracownicy - Pa\u0144stwowa Akademia Nauk Stosowanych","publisher":{"@id":"https:\/\/pans.krosno.pl\/pracownicy\/#organization"},"potentialAction":[{"@type":"SearchAction","target":{"@type":"EntryPoint","urlTemplate":"https:\/\/pans.krosno.pl\/pracownicy\/?s={search_term_string}"},"query-input":{"@type":"PropertyValueSpecification","valueRequired":true,"valueName":"search_term_string"}}],"inLanguage":"en-US"},{"@type":"Organization","@id":"https:\/\/pans.krosno.pl\/pracownicy\/#organization","name":"Pracownicy PANS w Kro\u015bnie","url":"https:\/\/pans.krosno.pl\/pracownicy\/","logo":{"@type":"ImageObject","inLanguage":"en-US","@id":"https:\/\/pans.krosno.pl\/pracownicy\/#\/schema\/logo\/image\/","url":"https:\/\/pans.krosno.pl\/pracownicy\/wp-content\/uploads\/sites\/41\/2023\/01\/Logo-PANS-2022-pelne.png","contentUrl":"https:\/\/pans.krosno.pl\/pracownicy\/wp-content\/uploads\/sites\/41\/2023\/01\/Logo-PANS-2022-pelne.png","width":3096,"height":696,"caption":"Pracownicy PANS w Kro\u015bnie"},"image":{"@id":"https:\/\/pans.krosno.pl\/pracownicy\/#\/schema\/logo\/image\/"}}]}},"_links":{"self":[{"href":"https:\/\/pans.krosno.pl\/pracownicy\/en\/wp-json\/wp\/v2\/pages\/8568","targetHints":{"allow":["GET"]}}],"collection":[{"href":"https:\/\/pans.krosno.pl\/pracownicy\/en\/wp-json\/wp\/v2\/pages"}],"about":[{"href":"https:\/\/pans.krosno.pl\/pracownicy\/en\/wp-json\/wp\/v2\/types\/page"}],"author":[{"embeddable":true,"href":"https:\/\/pans.krosno.pl\/pracownicy\/en\/wp-json\/wp\/v2\/users\/27"}],"replies":[{"embeddable":true,"href":"https:\/\/pans.krosno.pl\/pracownicy\/en\/wp-json\/wp\/v2\/comments?post=8568"}],"version-history":[{"count":1,"href":"https:\/\/pans.krosno.pl\/pracownicy\/en\/wp-json\/wp\/v2\/pages\/8568\/revisions"}],"predecessor-version":[{"id":8569,"href":"https:\/\/pans.krosno.pl\/pracownicy\/en\/wp-json\/wp\/v2\/pages\/8568\/revisions\/8569"}],"up":[{"embeddable":true,"href":"https:\/\/pans.krosno.pl\/pracownicy\/en\/wp-json\/wp\/v2\/pages\/8565"}],"wp:attachment":[{"href":"https:\/\/pans.krosno.pl\/pracownicy\/en\/wp-json\/wp\/v2\/media?parent=8568"}],"curies":[{"name":"wp","href":"https:\/\/api.w.org\/{rel}","templated":true}]}}