{"id":8470,"date":"2020-10-06T13:48:51","date_gmt":"2020-10-06T11:48:51","guid":{"rendered":"https:\/\/pans.krosno.pl\/pracownicy\/?page_id=8470"},"modified":"2020-10-16T15:43:27","modified_gmt":"2020-10-16T13:43:27","slug":"dr-bogumil-wolski-publications","status":"publish","type":"page","link":"https:\/\/pans.krosno.pl\/pracownicy\/en\/dr-bogumil-wolski\/dr-bogumil-wolski-publications\/","title":{"rendered":"dr Bogumi\u0142 Wolski &#8211; Publications"},"content":{"rendered":"\n<p><\/p>\n\n\n<p><strong>Author and co-author of the following publications:<\/strong><\/p>\n<ol>\n<li>Photo-Based Internet Memes as the Expression of Political and Social Activism (2020),&nbsp;in: <em>Journal of Literary and Cultural Studies (SKASE)<\/em>, Kosice, Slovakia (in print)<\/li>\n<li>One Nation, Two National Identities: The Impact of Politics and the Media on Recent Shift in Identity Construction in Poland (2020),<em>&nbsp;<\/em>in: <em>Oc\u00e9anide<\/em>, Vol. 12,&nbsp; Spanish Society for the Study of Popular Culture (SELICUP), https:\/\/www.oceanide.es\/index.php\/012020\/issue\/view\/14<\/li>\n<li>The Tradition of Blackface and the Representation of Non-White Minorities in British Situation Comedies (2019), in<em>: Language and Culture: Scientific Papers<\/em>, Kutaisi, Georgia.&nbsp;123-135.&nbsp;&nbsp;&nbsp;&nbsp;&nbsp;&nbsp;&nbsp;&nbsp;&nbsp;&nbsp;&nbsp;&nbsp;&nbsp;<\/li>\n<li>Poland for Poles only? Attitudes of Poles towards Refugees and Immigrants (2017), in: &nbsp;<em>Svet kult\u00far a trad\u00edci\u00ed slovensko-po\u013esk\u00e9ho pohrani\u010dia. Zvy\u0161ovanie kompetenci\u00ed vysoko\u0161kolsk\u00fdch pedag\u00f3gov v oblasti interkult\u00farneho vzdel\u00e1vania<\/em>, Presov, Slovakia: Presov University. https:\/\/www.unipo.sk\/public\/files\/GTF\/2018\/Intereg\/Svet_kultu__r_a_tradi__cii___slovensko-pol__ske__ho_pohranic__ia_zborni__k.pdf<\/li>\n<li>From Sitcom to \u2018Satcom\u2019 \u2013 Old and New Trends in British Situation Comedy (2013), in:&nbsp;<em>Papers on Language, Culture and Literature 4, Prace Naukowo&nbsp; Dydaktyczne PWSZ w Kro\u015bnie.<\/em><em>&nbsp;<\/em>Vol. 61, ed. A. Witalisz, 169-183.<\/li>\n<li>Britcoms: People of Colour (2011), in:&nbsp;<em>Papers on Language, Culture and Literature 3, Prace Naukowo Dydaktyczne PWSZ w Kro\u015bni<\/em>e, Vol. 55, ed. A. Witalisz, 221-230.<\/li>\n<li>Non-white Immigration in Britain after World War II (2011), in:&nbsp;<em>Language, Literature and Culture in Present-Day Context: Contemporary Research Perspectives in Anglophone PhD Studies<\/em>, The Slovak Association for the Study of English (SKASE), Kosice, Slovakia.&nbsp; &nbsp;<\/li>\n<li>Mentoring-an Ongoing Process (1998), in:&nbsp;<em>Innovations and Outcomes in English Language Teacher Education<\/em>, ed. P. J. Melia, The British Council, Warsaw, 125-136.<\/li>\n<\/ol>","protected":false},"excerpt":{"rendered":"<p>Author and co-author of the following publications: Photo-Based Internet Memes as the Expression of Political and Social Activism (2020),&nbsp;in: Journal of Literary and Cultural Studies (SKASE), Kosice, Slovakia (in print) One Nation, Two National Identities: The Impact of Politics and the Media on Recent Shift in Identity Construction in Poland [\u2026] <\/p>\n<div class=\"clear\"><\/div>\n<p><a class=\"more_link clearfix\" href=\"https:\/\/pans.krosno.pl\/pracownicy\/en\/dr-bogumil-wolski\/dr-bogumil-wolski-publications\/\" rel=\"nofollow\">Read More<\/a><\/p>\n","protected":false},"author":27,"featured_media":0,"parent":8465,"menu_order":0,"comment_status":"closed","ping_status":"closed","template":"","meta":{"ngg_post_thumbnail":0,"footnotes":""},"class_list":["post-8470","page","type-page","status-publish","hentry"],"yoast_head":"<!-- This site is optimized with the Yoast SEO Premium plugin v27.4 (Yoast SEO v27.4) - https:\/\/yoast.com\/product\/yoast-seo-premium-wordpress\/ -->\n<title>dr Bogumi\u0142 Wolski - Publications - Pracownicy PANS w Kro\u015bnie<\/title>\n<meta name=\"robots\" content=\"index, follow, max-snippet:-1, max-image-preview:large, max-video-preview:-1\" \/>\n<link rel=\"canonical\" href=\"https:\/\/pans.krosno.pl\/pracownicy\/dr-bogumil-wolski\/dr-bogumil-wolski-publications\/\" \/>\n<meta property=\"og:locale\" content=\"en_US\" \/>\n<meta property=\"og:type\" content=\"article\" \/>\n<meta property=\"og:title\" content=\"dr Bogumi\u0142 Wolski - Publications\" \/>\n<meta property=\"og:description\" content=\"Author and co-author of the following publications: Photo-Based Internet Memes as the Expression of Political and Social Activism (2020),&nbsp;in: Journal of Literary and Cultural Studies (SKASE), Kosice, Slovakia (in print) One Nation, Two National Identities: The Impact of Politics and the Media on Recent Shift in Identity Construction in Poland [\u2026] Read More\" \/>\n<meta property=\"og:url\" content=\"https:\/\/pans.krosno.pl\/pracownicy\/dr-bogumil-wolski\/dr-bogumil-wolski-publications\/\" \/>\n<meta property=\"og:site_name\" content=\"Pracownicy PANS w Kro\u015bnie\" \/>\n<meta property=\"article:modified_time\" content=\"2020-10-16T13:43:27+00:00\" \/>\n<meta name=\"twitter:card\" content=\"summary_large_image\" \/>\n<meta name=\"twitter:label1\" content=\"Est. reading time\" \/>\n\t<meta name=\"twitter:data1\" content=\"1 minute\" \/>\n<script type=\"application\/ld+json\" class=\"yoast-schema-graph\">{\"@context\":\"https:\\\/\\\/schema.org\",\"@graph\":[{\"@type\":\"WebPage\",\"@id\":\"https:\\\/\\\/pans.krosno.pl\\\/pracownicy\\\/dr-bogumil-wolski\\\/dr-bogumil-wolski-publications\\\/\",\"url\":\"https:\\\/\\\/pans.krosno.pl\\\/pracownicy\\\/dr-bogumil-wolski\\\/dr-bogumil-wolski-publications\\\/\",\"name\":\"dr Bogumi\u0142 Wolski - Publications - Pracownicy PANS w Kro\u015bnie\",\"isPartOf\":{\"@id\":\"https:\\\/\\\/pans.krosno.pl\\\/pracownicy\\\/#website\"},\"datePublished\":\"2020-10-06T11:48:51+00:00\",\"dateModified\":\"2020-10-16T13:43:27+00:00\",\"breadcrumb\":{\"@id\":\"https:\\\/\\\/pans.krosno.pl\\\/pracownicy\\\/dr-bogumil-wolski\\\/dr-bogumil-wolski-publications\\\/#breadcrumb\"},\"inLanguage\":\"en-US\",\"potentialAction\":[{\"@type\":\"ReadAction\",\"target\":[\"https:\\\/\\\/pans.krosno.pl\\\/pracownicy\\\/dr-bogumil-wolski\\\/dr-bogumil-wolski-publications\\\/\"]}]},{\"@type\":\"BreadcrumbList\",\"@id\":\"https:\\\/\\\/pans.krosno.pl\\\/pracownicy\\\/dr-bogumil-wolski\\\/dr-bogumil-wolski-publications\\\/#breadcrumb\",\"itemListElement\":[{\"@type\":\"ListItem\",\"position\":1,\"name\":\"Strona g\u0142\u00f3wna\",\"item\":\"https:\\\/\\\/pans.krosno.pl\\\/pracownicy\\\/\"},{\"@type\":\"ListItem\",\"position\":2,\"name\":\"dr Bogumi\u0142 Wolski\",\"item\":\"https:\\\/\\\/pans.krosno.pl\\\/pracownicy\\\/dr-bogumil-wolski\\\/\"},{\"@type\":\"ListItem\",\"position\":3,\"name\":\"dr Bogumi\u0142 Wolski &#8211; Publications\"}]},{\"@type\":\"WebSite\",\"@id\":\"https:\\\/\\\/pans.krosno.pl\\\/pracownicy\\\/#website\",\"url\":\"https:\\\/\\\/pans.krosno.pl\\\/pracownicy\\\/\",\"name\":\"Pracownicy PANS w Kro\u015bnie\",\"description\":\"Pracownicy - Pa\u0144stwowa Akademia Nauk Stosowanych\",\"publisher\":{\"@id\":\"https:\\\/\\\/pans.krosno.pl\\\/pracownicy\\\/#organization\"},\"potentialAction\":[{\"@type\":\"SearchAction\",\"target\":{\"@type\":\"EntryPoint\",\"urlTemplate\":\"https:\\\/\\\/pans.krosno.pl\\\/pracownicy\\\/?s={search_term_string}\"},\"query-input\":{\"@type\":\"PropertyValueSpecification\",\"valueRequired\":true,\"valueName\":\"search_term_string\"}}],\"inLanguage\":\"en-US\"},{\"@type\":\"Organization\",\"@id\":\"https:\\\/\\\/pans.krosno.pl\\\/pracownicy\\\/#organization\",\"name\":\"Pracownicy PANS w Kro\u015bnie\",\"url\":\"https:\\\/\\\/pans.krosno.pl\\\/pracownicy\\\/\",\"logo\":{\"@type\":\"ImageObject\",\"inLanguage\":\"en-US\",\"@id\":\"https:\\\/\\\/pans.krosno.pl\\\/pracownicy\\\/#\\\/schema\\\/logo\\\/image\\\/\",\"url\":\"https:\\\/\\\/pans.krosno.pl\\\/pracownicy\\\/wp-content\\\/uploads\\\/sites\\\/41\\\/2023\\\/01\\\/Logo-PANS-2022-pelne.png\",\"contentUrl\":\"https:\\\/\\\/pans.krosno.pl\\\/pracownicy\\\/wp-content\\\/uploads\\\/sites\\\/41\\\/2023\\\/01\\\/Logo-PANS-2022-pelne.png\",\"width\":3096,\"height\":696,\"caption\":\"Pracownicy PANS w Kro\u015bnie\"},\"image\":{\"@id\":\"https:\\\/\\\/pans.krosno.pl\\\/pracownicy\\\/#\\\/schema\\\/logo\\\/image\\\/\"}}]}<\/script>\n<!-- \/ Yoast SEO Premium plugin. -->","yoast_head_json":{"title":"dr Bogumi\u0142 Wolski - Publications - Pracownicy PANS w Kro\u015bnie","robots":{"index":"index","follow":"follow","max-snippet":"max-snippet:-1","max-image-preview":"max-image-preview:large","max-video-preview":"max-video-preview:-1"},"canonical":"https:\/\/pans.krosno.pl\/pracownicy\/dr-bogumil-wolski\/dr-bogumil-wolski-publications\/","og_locale":"en_US","og_type":"article","og_title":"dr Bogumi\u0142 Wolski - Publications","og_description":"Author and co-author of the following publications: Photo-Based Internet Memes as the Expression of Political and Social Activism (2020),&nbsp;in: Journal of Literary and Cultural Studies (SKASE), Kosice, Slovakia (in print) One Nation, Two National Identities: The Impact of Politics and the Media on Recent Shift in Identity Construction in Poland [\u2026] Read More","og_url":"https:\/\/pans.krosno.pl\/pracownicy\/dr-bogumil-wolski\/dr-bogumil-wolski-publications\/","og_site_name":"Pracownicy PANS w Kro\u015bnie","article_modified_time":"2020-10-16T13:43:27+00:00","twitter_card":"summary_large_image","twitter_misc":{"Est. reading time":"1 minute"},"schema":{"@context":"https:\/\/schema.org","@graph":[{"@type":"WebPage","@id":"https:\/\/pans.krosno.pl\/pracownicy\/dr-bogumil-wolski\/dr-bogumil-wolski-publications\/","url":"https:\/\/pans.krosno.pl\/pracownicy\/dr-bogumil-wolski\/dr-bogumil-wolski-publications\/","name":"dr Bogumi\u0142 Wolski - Publications - Pracownicy PANS w Kro\u015bnie","isPartOf":{"@id":"https:\/\/pans.krosno.pl\/pracownicy\/#website"},"datePublished":"2020-10-06T11:48:51+00:00","dateModified":"2020-10-16T13:43:27+00:00","breadcrumb":{"@id":"https:\/\/pans.krosno.pl\/pracownicy\/dr-bogumil-wolski\/dr-bogumil-wolski-publications\/#breadcrumb"},"inLanguage":"en-US","potentialAction":[{"@type":"ReadAction","target":["https:\/\/pans.krosno.pl\/pracownicy\/dr-bogumil-wolski\/dr-bogumil-wolski-publications\/"]}]},{"@type":"BreadcrumbList","@id":"https:\/\/pans.krosno.pl\/pracownicy\/dr-bogumil-wolski\/dr-bogumil-wolski-publications\/#breadcrumb","itemListElement":[{"@type":"ListItem","position":1,"name":"Strona g\u0142\u00f3wna","item":"https:\/\/pans.krosno.pl\/pracownicy\/"},{"@type":"ListItem","position":2,"name":"dr Bogumi\u0142 Wolski","item":"https:\/\/pans.krosno.pl\/pracownicy\/dr-bogumil-wolski\/"},{"@type":"ListItem","position":3,"name":"dr Bogumi\u0142 Wolski &#8211; Publications"}]},{"@type":"WebSite","@id":"https:\/\/pans.krosno.pl\/pracownicy\/#website","url":"https:\/\/pans.krosno.pl\/pracownicy\/","name":"Pracownicy PANS w Kro\u015bnie","description":"Pracownicy - Pa\u0144stwowa Akademia Nauk Stosowanych","publisher":{"@id":"https:\/\/pans.krosno.pl\/pracownicy\/#organization"},"potentialAction":[{"@type":"SearchAction","target":{"@type":"EntryPoint","urlTemplate":"https:\/\/pans.krosno.pl\/pracownicy\/?s={search_term_string}"},"query-input":{"@type":"PropertyValueSpecification","valueRequired":true,"valueName":"search_term_string"}}],"inLanguage":"en-US"},{"@type":"Organization","@id":"https:\/\/pans.krosno.pl\/pracownicy\/#organization","name":"Pracownicy PANS w Kro\u015bnie","url":"https:\/\/pans.krosno.pl\/pracownicy\/","logo":{"@type":"ImageObject","inLanguage":"en-US","@id":"https:\/\/pans.krosno.pl\/pracownicy\/#\/schema\/logo\/image\/","url":"https:\/\/pans.krosno.pl\/pracownicy\/wp-content\/uploads\/sites\/41\/2023\/01\/Logo-PANS-2022-pelne.png","contentUrl":"https:\/\/pans.krosno.pl\/pracownicy\/wp-content\/uploads\/sites\/41\/2023\/01\/Logo-PANS-2022-pelne.png","width":3096,"height":696,"caption":"Pracownicy PANS w Kro\u015bnie"},"image":{"@id":"https:\/\/pans.krosno.pl\/pracownicy\/#\/schema\/logo\/image\/"}}]}},"_links":{"self":[{"href":"https:\/\/pans.krosno.pl\/pracownicy\/en\/wp-json\/wp\/v2\/pages\/8470","targetHints":{"allow":["GET"]}}],"collection":[{"href":"https:\/\/pans.krosno.pl\/pracownicy\/en\/wp-json\/wp\/v2\/pages"}],"about":[{"href":"https:\/\/pans.krosno.pl\/pracownicy\/en\/wp-json\/wp\/v2\/types\/page"}],"author":[{"embeddable":true,"href":"https:\/\/pans.krosno.pl\/pracownicy\/en\/wp-json\/wp\/v2\/users\/27"}],"replies":[{"embeddable":true,"href":"https:\/\/pans.krosno.pl\/pracownicy\/en\/wp-json\/wp\/v2\/comments?post=8470"}],"version-history":[{"count":4,"href":"https:\/\/pans.krosno.pl\/pracownicy\/en\/wp-json\/wp\/v2\/pages\/8470\/revisions"}],"predecessor-version":[{"id":8817,"href":"https:\/\/pans.krosno.pl\/pracownicy\/en\/wp-json\/wp\/v2\/pages\/8470\/revisions\/8817"}],"up":[{"embeddable":true,"href":"https:\/\/pans.krosno.pl\/pracownicy\/en\/wp-json\/wp\/v2\/pages\/8465"}],"wp:attachment":[{"href":"https:\/\/pans.krosno.pl\/pracownicy\/en\/wp-json\/wp\/v2\/media?parent=8470"}],"curies":[{"name":"wp","href":"https:\/\/api.w.org\/{rel}","templated":true}]}}