{"id":8460,"date":"2020-10-06T13:19:31","date_gmt":"2020-10-06T11:19:31","guid":{"rendered":"https:\/\/pans.krosno.pl\/pracownicy\/?page_id=8460"},"modified":"2020-10-14T09:13:50","modified_gmt":"2020-10-14T07:13:50","slug":"dr-dorota-rygiel-publications","status":"publish","type":"page","link":"https:\/\/pans.krosno.pl\/pracownicy\/en\/dr-dorota-rygiel\/dr-dorota-rygiel-publications\/","title":{"rendered":"dr Dorota Rygiel  &#8211; Publications"},"content":{"rendered":"\n<p><strong>She has published her articles in a range of journals and has also contributed to a number of volumes. Her main publications include: <\/strong><strong><\/strong><\/p>\n\n\n\n<ul class=\"wp-block-list\"><li>\u201dShakespeare and the Bible\u201d [in:] <em>Papers on Language, Culture and Literature 2<\/em>, Prace Naukowo-Dydaktyczne Pa\u0144stwowej Wy\u017cszej Szko\u0142y Zawodowej w Kro\u015bnie, Vol. 19 (2005), ed. A.Witalisz, Krosno, pp.29-36.<\/li><li>\u201dI made my home in Britain\u2019: post-war South Asian migrations to Britain\u201d [in:] <em>Current Issues in English Studies<\/em>, eds. M.Misztal, M.Trawi\u0144ski, Wydawnictwo Naukowe Uniwersytetu Pedagogicznego, Krak\u00f3w, 2009, pp.289-296.<\/li><li>\u201dThe representation of Pakistanis in Hanif Kureishi\u2019s <em>The Black Album<\/em> and <em>My Beautiful Laundrette<\/em>\u201d [in:] <em>Cultural Intersections: Dialogue and Exchange in Language Studies<\/em>, eds. Ch.Brighton, J.Lala, PWSZ Tarn\u00f3w, Tarn\u00f3w, 2009, pp.124-131.<\/li><li>\u201cAll limitations are prisons\u2019: the myth of liberation from colonial ideology in Hanif Kureishi\u2019s <em>The Black Album<\/em>\u201d [in:] <em>Studies in English Philology<\/em>, Vol. 1(3), ed. A.Wicher, Akademia Humanistyczno \u2013 Ekonomiczna w \u0141odzi, \u0141\u00f3d\u017a, 2010, pp.103-112.<\/li><li>\u201dWhen the West becomes the Home: the portrayal of Bangladeshi immigrants in Monica Ali\u2019s <em>Brick Lane<\/em>\u201d [in:] <em>Migration, Narration, Communication. Cultural Exchanges in a Globalised Word<\/em>, Vol.1, ed. A.Witalisz, Peter Lang Verlag, Frankfurt, 2011, pp.61-70.<\/li><li>\u201dIf Britain didn\u2019t have London, it would be a dump\u2019 \u2013 Representations of London in Hanif Kureishi\u2019s <em>The Buddha of Suburbia<\/em>\u201d [in:] <em>Prace Naukowo Dydaktyczne Pa\u0144stwowej Wy\u017cszej Szko\u0142y Zawodowej im. Stanis\u0142awa Pigonia w Kro\u015bnie<\/em>, Vol. 61 (2013), ed. A.Witalisz, Krosno, pp.93-100.<\/li><li>\u201dThe stranger in the society: Exploring student attitude to migrants\u201d [in:] <em>Styles of Communication <\/em>Vol.9 (2\/2017). http:\/\/stylesofcomm.fjsc.unibuc.ro\/, pp.148-162.<\/li><li>\u201cBritish Asian or Asian in Britain? Identity formation of South Asian immigrants in Britain\u201d [in:] <em>Prace Naukowo Dydaktyczne Pa\u0144stwowej Wy\u017cszej Szko\u0142y Zawodowej im. Stanis\u0142awa Pigonia w Kro\u015bnie<\/em>, Vol.71 (2017), eds. J.Ziobro-Strz\u0119pek, W.Ch\u0142opicki, pp.249-261.<\/li><li>\u201cNeither Eastern nor Western: cultural hybrids in modern British-Asian fiction\u201d [in:] <em>METHIS. Studia Humaniora Estonica<\/em> 2018 no.21\/22, ed. Tiina Ann Kirss, 2019, pp.50-63.<\/li><li>Home in England? Identity shift and cultural dilemmas in\u00a0<em>Anita and Me<\/em>\u00a0by Meera Syal\u201d, Across Borders. Cultural and Linguistic Shifts in the 21st Century, ed. by E. Rusek and W. Witalisz. Peter Lang, 2020, pp.\u00a0\u00a0 89-99.<\/li><li>The role of food and foodways in Monica Ali\u2019s\u00a0<em>Brick Lane<\/em>\u201d\u00a0<em>Tertium Linguistic Journal\u00a0<\/em>5.1, 2020, pp. 116-131.<\/li><li>co-authored \u201cMi\u0142o\u015b\u0107 w uj\u0119ciu Woody\u2019ego Allena\u201d, <em>O mi\u0142o\u015bci s\u0142\u00f3w kilka \u2013 wybrane aspekty mi\u0142o\u015bci w literaturze i sztuce<\/em>, ed. by\u00a0 M. \u015aliwa &amp; I. Mo\u0142doch-Mendo\u0144,\u00a0 wyd. Tygiel, Lublin 2020, pp. 7-18<\/li><\/ul>\n\n\n\n<p><strong>She has also co-edited \u201d<\/strong>Culture, Language and Literature in European and World Border Regions\u201d, <em>Prace Naukowo-Badawcze PWSZ w Kro\u015bnie<\/em> (Vol. 27), 2007.<\/p>\n","protected":false},"excerpt":{"rendered":"<p>She has published her articles in a range of journals and has also contributed to a number of volumes. Her main publications include: \u201dShakespeare and the Bible\u201d [in:] Papers on Language, Culture and Literature 2, Prace Naukowo-Dydaktyczne Pa\u0144stwowej Wy\u017cszej Szko\u0142y Zawodowej w Kro\u015bnie, Vol. 19 (2005), ed. A.Witalisz, Krosno, pp.29-36. [\u2026] <\/p>\n<div class=\"clear\"><\/div>\n<p><a class=\"more_link clearfix\" href=\"https:\/\/pans.krosno.pl\/pracownicy\/en\/dr-dorota-rygiel\/dr-dorota-rygiel-publications\/\" rel=\"nofollow\">Read More<\/a><\/p>\n","protected":false},"author":27,"featured_media":0,"parent":8453,"menu_order":0,"comment_status":"closed","ping_status":"closed","template":"","meta":{"ngg_post_thumbnail":0,"footnotes":""},"class_list":["post-8460","page","type-page","status-publish","hentry"],"yoast_head":"<!-- This site is optimized with the Yoast SEO Premium plugin v27.3 (Yoast SEO v27.3) - https:\/\/yoast.com\/product\/yoast-seo-premium-wordpress\/ -->\n<title>dr Dorota Rygiel - Publications - Pracownicy PANS w Kro\u015bnie<\/title>\n<meta name=\"robots\" content=\"index, follow, max-snippet:-1, max-image-preview:large, max-video-preview:-1\" \/>\n<link rel=\"canonical\" href=\"https:\/\/pans.krosno.pl\/pracownicy\/dr-dorota-rygiel\/dr-dorota-rygiel-publications\/\" \/>\n<meta property=\"og:locale\" content=\"en_US\" \/>\n<meta property=\"og:type\" content=\"article\" \/>\n<meta property=\"og:title\" content=\"dr Dorota Rygiel - Publications\" \/>\n<meta property=\"og:description\" content=\"She has published her articles in a range of journals and has also contributed to a number of volumes. Her main publications include: \u201dShakespeare and the Bible\u201d [in:] Papers on Language, Culture and Literature 2, Prace Naukowo-Dydaktyczne Pa\u0144stwowej Wy\u017cszej Szko\u0142y Zawodowej w Kro\u015bnie, Vol. 19 (2005), ed. A.Witalisz, Krosno, pp.29-36. [\u2026] Read More\" \/>\n<meta property=\"og:url\" content=\"https:\/\/pans.krosno.pl\/pracownicy\/dr-dorota-rygiel\/dr-dorota-rygiel-publications\/\" \/>\n<meta property=\"og:site_name\" content=\"Pracownicy PANS w Kro\u015bnie\" \/>\n<meta property=\"article:modified_time\" content=\"2020-10-14T07:13:50+00:00\" \/>\n<meta name=\"twitter:card\" content=\"summary_large_image\" \/>\n<meta name=\"twitter:label1\" content=\"Est. reading time\" \/>\n\t<meta name=\"twitter:data1\" content=\"2 minutes\" \/>\n<script type=\"application\/ld+json\" class=\"yoast-schema-graph\">{\"@context\":\"https:\\\/\\\/schema.org\",\"@graph\":[{\"@type\":\"WebPage\",\"@id\":\"https:\\\/\\\/pans.krosno.pl\\\/pracownicy\\\/dr-dorota-rygiel\\\/dr-dorota-rygiel-publications\\\/\",\"url\":\"https:\\\/\\\/pans.krosno.pl\\\/pracownicy\\\/dr-dorota-rygiel\\\/dr-dorota-rygiel-publications\\\/\",\"name\":\"dr Dorota Rygiel - Publications - Pracownicy PANS w Kro\u015bnie\",\"isPartOf\":{\"@id\":\"https:\\\/\\\/pans.krosno.pl\\\/pracownicy\\\/#website\"},\"datePublished\":\"2020-10-06T11:19:31+00:00\",\"dateModified\":\"2020-10-14T07:13:50+00:00\",\"breadcrumb\":{\"@id\":\"https:\\\/\\\/pans.krosno.pl\\\/pracownicy\\\/dr-dorota-rygiel\\\/dr-dorota-rygiel-publications\\\/#breadcrumb\"},\"inLanguage\":\"en-US\",\"potentialAction\":[{\"@type\":\"ReadAction\",\"target\":[\"https:\\\/\\\/pans.krosno.pl\\\/pracownicy\\\/dr-dorota-rygiel\\\/dr-dorota-rygiel-publications\\\/\"]}]},{\"@type\":\"BreadcrumbList\",\"@id\":\"https:\\\/\\\/pans.krosno.pl\\\/pracownicy\\\/dr-dorota-rygiel\\\/dr-dorota-rygiel-publications\\\/#breadcrumb\",\"itemListElement\":[{\"@type\":\"ListItem\",\"position\":1,\"name\":\"Strona g\u0142\u00f3wna\",\"item\":\"https:\\\/\\\/pans.krosno.pl\\\/pracownicy\\\/\"},{\"@type\":\"ListItem\",\"position\":2,\"name\":\"dr Dorota Rygiel\",\"item\":\"https:\\\/\\\/pans.krosno.pl\\\/pracownicy\\\/dr-dorota-rygiel\\\/\"},{\"@type\":\"ListItem\",\"position\":3,\"name\":\"dr Dorota Rygiel &#8211; Publications\"}]},{\"@type\":\"WebSite\",\"@id\":\"https:\\\/\\\/pans.krosno.pl\\\/pracownicy\\\/#website\",\"url\":\"https:\\\/\\\/pans.krosno.pl\\\/pracownicy\\\/\",\"name\":\"Pracownicy PANS w Kro\u015bnie\",\"description\":\"Pracownicy - Pa\u0144stwowa Akademia Nauk Stosowanych\",\"publisher\":{\"@id\":\"https:\\\/\\\/pans.krosno.pl\\\/pracownicy\\\/#organization\"},\"potentialAction\":[{\"@type\":\"SearchAction\",\"target\":{\"@type\":\"EntryPoint\",\"urlTemplate\":\"https:\\\/\\\/pans.krosno.pl\\\/pracownicy\\\/?s={search_term_string}\"},\"query-input\":{\"@type\":\"PropertyValueSpecification\",\"valueRequired\":true,\"valueName\":\"search_term_string\"}}],\"inLanguage\":\"en-US\"},{\"@type\":\"Organization\",\"@id\":\"https:\\\/\\\/pans.krosno.pl\\\/pracownicy\\\/#organization\",\"name\":\"Pracownicy PANS w Kro\u015bnie\",\"url\":\"https:\\\/\\\/pans.krosno.pl\\\/pracownicy\\\/\",\"logo\":{\"@type\":\"ImageObject\",\"inLanguage\":\"en-US\",\"@id\":\"https:\\\/\\\/pans.krosno.pl\\\/pracownicy\\\/#\\\/schema\\\/logo\\\/image\\\/\",\"url\":\"https:\\\/\\\/pans.krosno.pl\\\/pracownicy\\\/wp-content\\\/uploads\\\/sites\\\/41\\\/2023\\\/01\\\/Logo-PANS-2022-pelne.png\",\"contentUrl\":\"https:\\\/\\\/pans.krosno.pl\\\/pracownicy\\\/wp-content\\\/uploads\\\/sites\\\/41\\\/2023\\\/01\\\/Logo-PANS-2022-pelne.png\",\"width\":3096,\"height\":696,\"caption\":\"Pracownicy PANS w Kro\u015bnie\"},\"image\":{\"@id\":\"https:\\\/\\\/pans.krosno.pl\\\/pracownicy\\\/#\\\/schema\\\/logo\\\/image\\\/\"}}]}<\/script>\n<!-- \/ Yoast SEO Premium plugin. -->","yoast_head_json":{"title":"dr Dorota Rygiel - Publications - Pracownicy PANS w Kro\u015bnie","robots":{"index":"index","follow":"follow","max-snippet":"max-snippet:-1","max-image-preview":"max-image-preview:large","max-video-preview":"max-video-preview:-1"},"canonical":"https:\/\/pans.krosno.pl\/pracownicy\/dr-dorota-rygiel\/dr-dorota-rygiel-publications\/","og_locale":"en_US","og_type":"article","og_title":"dr Dorota Rygiel - Publications","og_description":"She has published her articles in a range of journals and has also contributed to a number of volumes. Her main publications include: \u201dShakespeare and the Bible\u201d [in:] Papers on Language, Culture and Literature 2, Prace Naukowo-Dydaktyczne Pa\u0144stwowej Wy\u017cszej Szko\u0142y Zawodowej w Kro\u015bnie, Vol. 19 (2005), ed. A.Witalisz, Krosno, pp.29-36. [\u2026] Read More","og_url":"https:\/\/pans.krosno.pl\/pracownicy\/dr-dorota-rygiel\/dr-dorota-rygiel-publications\/","og_site_name":"Pracownicy PANS w Kro\u015bnie","article_modified_time":"2020-10-14T07:13:50+00:00","twitter_card":"summary_large_image","twitter_misc":{"Est. reading time":"2 minutes"},"schema":{"@context":"https:\/\/schema.org","@graph":[{"@type":"WebPage","@id":"https:\/\/pans.krosno.pl\/pracownicy\/dr-dorota-rygiel\/dr-dorota-rygiel-publications\/","url":"https:\/\/pans.krosno.pl\/pracownicy\/dr-dorota-rygiel\/dr-dorota-rygiel-publications\/","name":"dr Dorota Rygiel - Publications - Pracownicy PANS w Kro\u015bnie","isPartOf":{"@id":"https:\/\/pans.krosno.pl\/pracownicy\/#website"},"datePublished":"2020-10-06T11:19:31+00:00","dateModified":"2020-10-14T07:13:50+00:00","breadcrumb":{"@id":"https:\/\/pans.krosno.pl\/pracownicy\/dr-dorota-rygiel\/dr-dorota-rygiel-publications\/#breadcrumb"},"inLanguage":"en-US","potentialAction":[{"@type":"ReadAction","target":["https:\/\/pans.krosno.pl\/pracownicy\/dr-dorota-rygiel\/dr-dorota-rygiel-publications\/"]}]},{"@type":"BreadcrumbList","@id":"https:\/\/pans.krosno.pl\/pracownicy\/dr-dorota-rygiel\/dr-dorota-rygiel-publications\/#breadcrumb","itemListElement":[{"@type":"ListItem","position":1,"name":"Strona g\u0142\u00f3wna","item":"https:\/\/pans.krosno.pl\/pracownicy\/"},{"@type":"ListItem","position":2,"name":"dr Dorota Rygiel","item":"https:\/\/pans.krosno.pl\/pracownicy\/dr-dorota-rygiel\/"},{"@type":"ListItem","position":3,"name":"dr Dorota Rygiel &#8211; Publications"}]},{"@type":"WebSite","@id":"https:\/\/pans.krosno.pl\/pracownicy\/#website","url":"https:\/\/pans.krosno.pl\/pracownicy\/","name":"Pracownicy PANS w Kro\u015bnie","description":"Pracownicy - Pa\u0144stwowa Akademia Nauk Stosowanych","publisher":{"@id":"https:\/\/pans.krosno.pl\/pracownicy\/#organization"},"potentialAction":[{"@type":"SearchAction","target":{"@type":"EntryPoint","urlTemplate":"https:\/\/pans.krosno.pl\/pracownicy\/?s={search_term_string}"},"query-input":{"@type":"PropertyValueSpecification","valueRequired":true,"valueName":"search_term_string"}}],"inLanguage":"en-US"},{"@type":"Organization","@id":"https:\/\/pans.krosno.pl\/pracownicy\/#organization","name":"Pracownicy PANS w Kro\u015bnie","url":"https:\/\/pans.krosno.pl\/pracownicy\/","logo":{"@type":"ImageObject","inLanguage":"en-US","@id":"https:\/\/pans.krosno.pl\/pracownicy\/#\/schema\/logo\/image\/","url":"https:\/\/pans.krosno.pl\/pracownicy\/wp-content\/uploads\/sites\/41\/2023\/01\/Logo-PANS-2022-pelne.png","contentUrl":"https:\/\/pans.krosno.pl\/pracownicy\/wp-content\/uploads\/sites\/41\/2023\/01\/Logo-PANS-2022-pelne.png","width":3096,"height":696,"caption":"Pracownicy PANS w Kro\u015bnie"},"image":{"@id":"https:\/\/pans.krosno.pl\/pracownicy\/#\/schema\/logo\/image\/"}}]}},"_links":{"self":[{"href":"https:\/\/pans.krosno.pl\/pracownicy\/en\/wp-json\/wp\/v2\/pages\/8460","targetHints":{"allow":["GET"]}}],"collection":[{"href":"https:\/\/pans.krosno.pl\/pracownicy\/en\/wp-json\/wp\/v2\/pages"}],"about":[{"href":"https:\/\/pans.krosno.pl\/pracownicy\/en\/wp-json\/wp\/v2\/types\/page"}],"author":[{"embeddable":true,"href":"https:\/\/pans.krosno.pl\/pracownicy\/en\/wp-json\/wp\/v2\/users\/27"}],"replies":[{"embeddable":true,"href":"https:\/\/pans.krosno.pl\/pracownicy\/en\/wp-json\/wp\/v2\/comments?post=8460"}],"version-history":[{"count":3,"href":"https:\/\/pans.krosno.pl\/pracownicy\/en\/wp-json\/wp\/v2\/pages\/8460\/revisions"}],"predecessor-version":[{"id":8716,"href":"https:\/\/pans.krosno.pl\/pracownicy\/en\/wp-json\/wp\/v2\/pages\/8460\/revisions\/8716"}],"up":[{"embeddable":true,"href":"https:\/\/pans.krosno.pl\/pracownicy\/en\/wp-json\/wp\/v2\/pages\/8453"}],"wp:attachment":[{"href":"https:\/\/pans.krosno.pl\/pracownicy\/en\/wp-json\/wp\/v2\/media?parent=8460"}],"curies":[{"name":"wp","href":"https:\/\/api.w.org\/{rel}","templated":true}]}}