{"id":8436,"date":"2020-10-06T13:01:36","date_gmt":"2020-10-06T11:01:36","guid":{"rendered":"https:\/\/pans.krosno.pl\/pracownicy\/?page_id=8436"},"modified":"2025-10-02T09:56:35","modified_gmt":"2025-10-02T07:56:35","slug":"anna-rewis-letkowska-publications","status":"publish","type":"page","link":"https:\/\/pans.krosno.pl\/pracownicy\/en\/dr-anna-rewis-letkowska\/anna-rewis-letkowska-publications\/","title":{"rendered":"dr Anna Rewi\u015b-\u0141\u0119tkowska &#8211; Publications"},"content":{"rendered":"\n<p>1. 2019. \u201cThe anatomy of fear: interplay of metaphor, metonymy and image schema in the conceptualization of fear\/strach in English and Polish\u201d.<em>Studia Pigoniana&nbsp; <\/em>1.<\/p>\n\n\n\n<p>2. 2019. \u201cThe linguistic, conceptual and communicative dimension of metaphor \u2013 corpus study of conversational Polish\u201d <em>Journal of Pragmatics<\/em> 153, 80-91.<\/p>\n\n\n\n<p>3. 2017. \u201cPictorial metaphors in political cartoons representing the Ukraine crisis\u201d,&nbsp; in: <em>Papers on Language, Culture and Literature 6, Prace Naukowo-Dydaktyczne PWSZ w Kro\u015bnie<\/em>, vol. 71, ed. W. Ch\u0142opicki, J. Ziobro-Strz\u0119pek,&nbsp; Krosno. 75-90.<\/p>\n\n\n\n<p>4. 2016. \u201cDegrees of metaphoricity: a dynamic view on fear metaphor\u201d, in: <em>Categorization in Discourse and Grammar (Lodz Studies in Language),<\/em> eds. Malgorzata Fabiszak, Karolina Krawczak, Katarzyna Rokoszewska, Frankfurt am Main: Peter Lang, 161-174.<\/p>\n\n\n\n<p>5. 2015. \u201cMultimodal representations of fear metaphors in television commercials\u201d,&nbsp; in<em>: Communication Styles: Culture&#8217;s Software<\/em>,&nbsp; eds. Dorota Brzozowska, W\u0142adys\u0142aw Ch\u0142opicki, Cambridge Scholars Publishing, 381-404.<\/p>\n\n\n\n<p>6. 2014. \u201cConceptualizations of Fear in English and Polish\u201d, in:&nbsp; <em>From Conceptual Metaphor Theory to Cognitive Ethnolinguistics: Patterns of Imagery in Language<\/em>, eds. Marek Ku\u017aniak, Agnieszka Libura, Micha\u0142 Szawerna,&nbsp; Frankfurt am Main: Peter Lang, 79-91.<\/p>\n\n\n\n<p>7. 2013. \u201cThe Concept of Fear in the Linguistic Picture of the World \u2013 Across the Borders of English and Polish Conceptualizations\u201d,&nbsp; in: <em>Papers on Language, Culture and Literature 4, Prace Naukowo-Dydaktyczne PWSZ w Kro\u015bnie<\/em>, vol.61, ed. Alicja Witalisz,&nbsp; Krosno, 381-404.<\/p>\n","protected":false},"excerpt":{"rendered":"<p>1. 2019. \u201cThe anatomy of fear: interplay of metaphor, metonymy and image schema in the conceptualization of fear\/strach in English and Polish\u201d.Studia Pigoniana&nbsp; 1. 2. 2019. \u201cThe linguistic, conceptual and communicative dimension of metaphor \u2013 corpus study of conversational Polish\u201d Journal of Pragmatics 153, 80-91. 3. 2017. \u201cPictorial metaphors in [\u2026] <\/p>\n<div class=\"clear\"><\/div>\n<p><a class=\"more_link clearfix\" href=\"https:\/\/pans.krosno.pl\/pracownicy\/en\/dr-anna-rewis-letkowska\/anna-rewis-letkowska-publications\/\" rel=\"nofollow\">Read More<\/a><\/p>\n","protected":false},"author":27,"featured_media":0,"parent":8429,"menu_order":0,"comment_status":"closed","ping_status":"closed","template":"","meta":{"ngg_post_thumbnail":0,"footnotes":""},"class_list":["post-8436","page","type-page","status-publish","hentry"],"yoast_head":"<!-- This site is optimized with the Yoast SEO Premium plugin v27.4 (Yoast SEO v27.4) - https:\/\/yoast.com\/product\/yoast-seo-premium-wordpress\/ -->\n<title>dr Anna Rewi\u015b-\u0141\u0119tkowska - Publications - Pracownicy PANS w Kro\u015bnie<\/title>\n<meta name=\"robots\" content=\"index, follow, max-snippet:-1, max-image-preview:large, max-video-preview:-1\" \/>\n<link rel=\"canonical\" href=\"https:\/\/pans.krosno.pl\/pracownicy\/en\/dr-anna-rewis-letkowska\/anna-rewis-letkowska-publications\/\" \/>\n<meta property=\"og:locale\" content=\"en_US\" \/>\n<meta property=\"og:type\" content=\"article\" \/>\n<meta property=\"og:title\" content=\"dr Anna Rewi\u015b-\u0141\u0119tkowska - Publications\" \/>\n<meta property=\"og:description\" content=\"1. 2019. \u201cThe anatomy of fear: interplay of metaphor, metonymy and image schema in the conceptualization of fear\/strach in English and Polish\u201d.Studia Pigoniana&nbsp; 1. 2. 2019. \u201cThe linguistic, conceptual and communicative dimension of metaphor \u2013 corpus study of conversational Polish\u201d Journal of Pragmatics 153, 80-91. 3. 2017. \u201cPictorial metaphors in [\u2026] Read More\" \/>\n<meta property=\"og:url\" content=\"https:\/\/pans.krosno.pl\/pracownicy\/en\/dr-anna-rewis-letkowska\/anna-rewis-letkowska-publications\/\" \/>\n<meta property=\"og:site_name\" content=\"Pracownicy PANS w Kro\u015bnie\" \/>\n<meta property=\"article:modified_time\" content=\"2025-10-02T07:56:35+00:00\" \/>\n<meta name=\"twitter:card\" content=\"summary_large_image\" \/>\n<meta name=\"twitter:label1\" content=\"Est. reading time\" \/>\n\t<meta name=\"twitter:data1\" content=\"2 minutes\" \/>\n<script type=\"application\/ld+json\" class=\"yoast-schema-graph\">{\"@context\":\"https:\\\/\\\/schema.org\",\"@graph\":[{\"@type\":\"WebPage\",\"@id\":\"https:\\\/\\\/pans.krosno.pl\\\/pracownicy\\\/en\\\/dr-anna-rewis-letkowska\\\/anna-rewis-letkowska-publications\\\/\",\"url\":\"https:\\\/\\\/pans.krosno.pl\\\/pracownicy\\\/en\\\/dr-anna-rewis-letkowska\\\/anna-rewis-letkowska-publications\\\/\",\"name\":\"dr Anna Rewi\u015b-\u0141\u0119tkowska - Publications - Pracownicy PANS w Kro\u015bnie\",\"isPartOf\":{\"@id\":\"https:\\\/\\\/pans.krosno.pl\\\/pracownicy\\\/#website\"},\"datePublished\":\"2020-10-06T11:01:36+00:00\",\"dateModified\":\"2025-10-02T07:56:35+00:00\",\"breadcrumb\":{\"@id\":\"https:\\\/\\\/pans.krosno.pl\\\/pracownicy\\\/en\\\/dr-anna-rewis-letkowska\\\/anna-rewis-letkowska-publications\\\/#breadcrumb\"},\"inLanguage\":\"en-US\",\"potentialAction\":[{\"@type\":\"ReadAction\",\"target\":[\"https:\\\/\\\/pans.krosno.pl\\\/pracownicy\\\/en\\\/dr-anna-rewis-letkowska\\\/anna-rewis-letkowska-publications\\\/\"]}]},{\"@type\":\"BreadcrumbList\",\"@id\":\"https:\\\/\\\/pans.krosno.pl\\\/pracownicy\\\/en\\\/dr-anna-rewis-letkowska\\\/anna-rewis-letkowska-publications\\\/#breadcrumb\",\"itemListElement\":[{\"@type\":\"ListItem\",\"position\":1,\"name\":\"Strona g\u0142\u00f3wna\",\"item\":\"https:\\\/\\\/pans.krosno.pl\\\/pracownicy\\\/\"},{\"@type\":\"ListItem\",\"position\":2,\"name\":\"dr Anna Rewi\u015b-\u0141\u0119tkowska\",\"item\":\"https:\\\/\\\/pans.krosno.pl\\\/pracownicy\\\/en\\\/dr-anna-rewis-letkowska\\\/\"},{\"@type\":\"ListItem\",\"position\":3,\"name\":\"dr Anna Rewi\u015b-\u0141\u0119tkowska &#8211; Publications\"}]},{\"@type\":\"WebSite\",\"@id\":\"https:\\\/\\\/pans.krosno.pl\\\/pracownicy\\\/#website\",\"url\":\"https:\\\/\\\/pans.krosno.pl\\\/pracownicy\\\/\",\"name\":\"Pracownicy PANS w Kro\u015bnie\",\"description\":\"Pracownicy - Pa\u0144stwowa Akademia Nauk Stosowanych\",\"publisher\":{\"@id\":\"https:\\\/\\\/pans.krosno.pl\\\/pracownicy\\\/#organization\"},\"potentialAction\":[{\"@type\":\"SearchAction\",\"target\":{\"@type\":\"EntryPoint\",\"urlTemplate\":\"https:\\\/\\\/pans.krosno.pl\\\/pracownicy\\\/?s={search_term_string}\"},\"query-input\":{\"@type\":\"PropertyValueSpecification\",\"valueRequired\":true,\"valueName\":\"search_term_string\"}}],\"inLanguage\":\"en-US\"},{\"@type\":\"Organization\",\"@id\":\"https:\\\/\\\/pans.krosno.pl\\\/pracownicy\\\/#organization\",\"name\":\"Pracownicy PANS w Kro\u015bnie\",\"url\":\"https:\\\/\\\/pans.krosno.pl\\\/pracownicy\\\/\",\"logo\":{\"@type\":\"ImageObject\",\"inLanguage\":\"en-US\",\"@id\":\"https:\\\/\\\/pans.krosno.pl\\\/pracownicy\\\/#\\\/schema\\\/logo\\\/image\\\/\",\"url\":\"https:\\\/\\\/pans.krosno.pl\\\/pracownicy\\\/wp-content\\\/uploads\\\/sites\\\/41\\\/2023\\\/01\\\/Logo-PANS-2022-pelne.png\",\"contentUrl\":\"https:\\\/\\\/pans.krosno.pl\\\/pracownicy\\\/wp-content\\\/uploads\\\/sites\\\/41\\\/2023\\\/01\\\/Logo-PANS-2022-pelne.png\",\"width\":3096,\"height\":696,\"caption\":\"Pracownicy PANS w Kro\u015bnie\"},\"image\":{\"@id\":\"https:\\\/\\\/pans.krosno.pl\\\/pracownicy\\\/#\\\/schema\\\/logo\\\/image\\\/\"}}]}<\/script>\n<!-- \/ Yoast SEO Premium plugin. -->","yoast_head_json":{"title":"dr Anna Rewi\u015b-\u0141\u0119tkowska - Publications - Pracownicy PANS w Kro\u015bnie","robots":{"index":"index","follow":"follow","max-snippet":"max-snippet:-1","max-image-preview":"max-image-preview:large","max-video-preview":"max-video-preview:-1"},"canonical":"https:\/\/pans.krosno.pl\/pracownicy\/en\/dr-anna-rewis-letkowska\/anna-rewis-letkowska-publications\/","og_locale":"en_US","og_type":"article","og_title":"dr Anna Rewi\u015b-\u0141\u0119tkowska - Publications","og_description":"1. 2019. \u201cThe anatomy of fear: interplay of metaphor, metonymy and image schema in the conceptualization of fear\/strach in English and Polish\u201d.Studia Pigoniana&nbsp; 1. 2. 2019. \u201cThe linguistic, conceptual and communicative dimension of metaphor \u2013 corpus study of conversational Polish\u201d Journal of Pragmatics 153, 80-91. 3. 2017. \u201cPictorial metaphors in [\u2026] Read More","og_url":"https:\/\/pans.krosno.pl\/pracownicy\/en\/dr-anna-rewis-letkowska\/anna-rewis-letkowska-publications\/","og_site_name":"Pracownicy PANS w Kro\u015bnie","article_modified_time":"2025-10-02T07:56:35+00:00","twitter_card":"summary_large_image","twitter_misc":{"Est. reading time":"2 minutes"},"schema":{"@context":"https:\/\/schema.org","@graph":[{"@type":"WebPage","@id":"https:\/\/pans.krosno.pl\/pracownicy\/en\/dr-anna-rewis-letkowska\/anna-rewis-letkowska-publications\/","url":"https:\/\/pans.krosno.pl\/pracownicy\/en\/dr-anna-rewis-letkowska\/anna-rewis-letkowska-publications\/","name":"dr Anna Rewi\u015b-\u0141\u0119tkowska - Publications - Pracownicy PANS w Kro\u015bnie","isPartOf":{"@id":"https:\/\/pans.krosno.pl\/pracownicy\/#website"},"datePublished":"2020-10-06T11:01:36+00:00","dateModified":"2025-10-02T07:56:35+00:00","breadcrumb":{"@id":"https:\/\/pans.krosno.pl\/pracownicy\/en\/dr-anna-rewis-letkowska\/anna-rewis-letkowska-publications\/#breadcrumb"},"inLanguage":"en-US","potentialAction":[{"@type":"ReadAction","target":["https:\/\/pans.krosno.pl\/pracownicy\/en\/dr-anna-rewis-letkowska\/anna-rewis-letkowska-publications\/"]}]},{"@type":"BreadcrumbList","@id":"https:\/\/pans.krosno.pl\/pracownicy\/en\/dr-anna-rewis-letkowska\/anna-rewis-letkowska-publications\/#breadcrumb","itemListElement":[{"@type":"ListItem","position":1,"name":"Strona g\u0142\u00f3wna","item":"https:\/\/pans.krosno.pl\/pracownicy\/"},{"@type":"ListItem","position":2,"name":"dr Anna Rewi\u015b-\u0141\u0119tkowska","item":"https:\/\/pans.krosno.pl\/pracownicy\/en\/dr-anna-rewis-letkowska\/"},{"@type":"ListItem","position":3,"name":"dr Anna Rewi\u015b-\u0141\u0119tkowska &#8211; Publications"}]},{"@type":"WebSite","@id":"https:\/\/pans.krosno.pl\/pracownicy\/#website","url":"https:\/\/pans.krosno.pl\/pracownicy\/","name":"Pracownicy PANS w Kro\u015bnie","description":"Pracownicy - Pa\u0144stwowa Akademia Nauk Stosowanych","publisher":{"@id":"https:\/\/pans.krosno.pl\/pracownicy\/#organization"},"potentialAction":[{"@type":"SearchAction","target":{"@type":"EntryPoint","urlTemplate":"https:\/\/pans.krosno.pl\/pracownicy\/?s={search_term_string}"},"query-input":{"@type":"PropertyValueSpecification","valueRequired":true,"valueName":"search_term_string"}}],"inLanguage":"en-US"},{"@type":"Organization","@id":"https:\/\/pans.krosno.pl\/pracownicy\/#organization","name":"Pracownicy PANS w Kro\u015bnie","url":"https:\/\/pans.krosno.pl\/pracownicy\/","logo":{"@type":"ImageObject","inLanguage":"en-US","@id":"https:\/\/pans.krosno.pl\/pracownicy\/#\/schema\/logo\/image\/","url":"https:\/\/pans.krosno.pl\/pracownicy\/wp-content\/uploads\/sites\/41\/2023\/01\/Logo-PANS-2022-pelne.png","contentUrl":"https:\/\/pans.krosno.pl\/pracownicy\/wp-content\/uploads\/sites\/41\/2023\/01\/Logo-PANS-2022-pelne.png","width":3096,"height":696,"caption":"Pracownicy PANS w Kro\u015bnie"},"image":{"@id":"https:\/\/pans.krosno.pl\/pracownicy\/#\/schema\/logo\/image\/"}}]}},"_links":{"self":[{"href":"https:\/\/pans.krosno.pl\/pracownicy\/en\/wp-json\/wp\/v2\/pages\/8436","targetHints":{"allow":["GET"]}}],"collection":[{"href":"https:\/\/pans.krosno.pl\/pracownicy\/en\/wp-json\/wp\/v2\/pages"}],"about":[{"href":"https:\/\/pans.krosno.pl\/pracownicy\/en\/wp-json\/wp\/v2\/types\/page"}],"author":[{"embeddable":true,"href":"https:\/\/pans.krosno.pl\/pracownicy\/en\/wp-json\/wp\/v2\/users\/27"}],"replies":[{"embeddable":true,"href":"https:\/\/pans.krosno.pl\/pracownicy\/en\/wp-json\/wp\/v2\/comments?post=8436"}],"version-history":[{"count":1,"href":"https:\/\/pans.krosno.pl\/pracownicy\/en\/wp-json\/wp\/v2\/pages\/8436\/revisions"}],"predecessor-version":[{"id":8437,"href":"https:\/\/pans.krosno.pl\/pracownicy\/en\/wp-json\/wp\/v2\/pages\/8436\/revisions\/8437"}],"up":[{"embeddable":true,"href":"https:\/\/pans.krosno.pl\/pracownicy\/en\/wp-json\/wp\/v2\/pages\/8429"}],"wp:attachment":[{"href":"https:\/\/pans.krosno.pl\/pracownicy\/en\/wp-json\/wp\/v2\/media?parent=8436"}],"curies":[{"name":"wp","href":"https:\/\/api.w.org\/{rel}","templated":true}]}}