{"id":8426,"date":"2020-10-06T12:53:36","date_gmt":"2020-10-06T10:53:36","guid":{"rendered":"https:\/\/pans.krosno.pl\/pracownicy\/?page_id=8426"},"modified":"2020-10-06T12:53:37","modified_gmt":"2020-10-06T10:53:37","slug":"dr-ewa-newerle-wolska-brief-cv","status":"publish","type":"page","link":"https:\/\/pans.krosno.pl\/pracownicy\/en\/dr-ewa-newerle-wolska\/dr-ewa-newerle-wolska-brief-cv\/","title":{"rendered":"dr Ewa Newerle-Wolska &#8211; Brief CV"},"content":{"rendered":"\n<p>Graduate of the English Philology Department at Maria Curie-Sk\u0142odowska University in Lublin. MA thesis on American women\u2019s literature. Post-graduate studies in TEFL (Warsaw University, Poland) and British Culture (Warsaw University, Poland and Peterhouse College, Oxford, UK). Doctoral studies in the British and American Studies Department at Pavol Josef \u0160af\u00e1rik University, Ko\u0161ice, Slovakia. Interdisciplinary PhD thesis (British\/Irish film, TV documentary, history of the Troubles and social psychology) in the British and American Studies Department at the Faculty of Philosophy the Pavol Josef \u0160af\u00e1rik University in Ko\u0161ice, Slovakia.<\/p>\n","protected":false},"excerpt":{"rendered":"<p>Graduate of the English Philology Department at Maria Curie-Sk\u0142odowska University in Lublin. MA thesis on American women\u2019s literature. Post-graduate studies in TEFL (Warsaw University, Poland) and British Culture (Warsaw University, Poland and Peterhouse College, Oxford, UK). Doctoral studies in the British and American Studies Department at Pavol Josef \u0160af\u00e1rik University, [\u2026] <\/p>\n<div class=\"clear\"><\/div>\n<p><a class=\"more_link clearfix\" href=\"https:\/\/pans.krosno.pl\/pracownicy\/en\/dr-ewa-newerle-wolska\/dr-ewa-newerle-wolska-brief-cv\/\" rel=\"nofollow\">Read More<\/a><\/p>\n","protected":false},"author":27,"featured_media":0,"parent":8419,"menu_order":0,"comment_status":"closed","ping_status":"closed","template":"","meta":{"ngg_post_thumbnail":0,"footnotes":""},"class_list":["post-8426","page","type-page","status-publish","hentry"],"yoast_head":"<!-- This site is optimized with the Yoast SEO Premium plugin v27.3 (Yoast SEO v27.3) - https:\/\/yoast.com\/product\/yoast-seo-premium-wordpress\/ -->\n<title>dr Ewa Newerle-Wolska - Brief CV - Pracownicy PANS w Kro\u015bnie<\/title>\n<meta name=\"robots\" content=\"index, follow, max-snippet:-1, max-image-preview:large, max-video-preview:-1\" \/>\n<link rel=\"canonical\" href=\"https:\/\/pans.krosno.pl\/pracownicy\/dr-ewa-newerle-wolska\/dr-ewa-newerle-wolska-brief-cv\/\" \/>\n<meta property=\"og:locale\" content=\"en_US\" \/>\n<meta property=\"og:type\" content=\"article\" \/>\n<meta property=\"og:title\" content=\"dr Ewa Newerle-Wolska - Brief CV\" \/>\n<meta property=\"og:description\" content=\"Graduate of the English Philology Department at Maria Curie-Sk\u0142odowska University in Lublin. MA thesis on American women\u2019s literature. Post-graduate studies in TEFL (Warsaw University, Poland) and British Culture (Warsaw University, Poland and Peterhouse College, Oxford, UK). Doctoral studies in the British and American Studies Department at Pavol Josef \u0160af\u00e1rik University, [\u2026] Read More\" \/>\n<meta property=\"og:url\" content=\"https:\/\/pans.krosno.pl\/pracownicy\/dr-ewa-newerle-wolska\/dr-ewa-newerle-wolska-brief-cv\/\" \/>\n<meta property=\"og:site_name\" content=\"Pracownicy PANS w Kro\u015bnie\" \/>\n<meta property=\"article:modified_time\" content=\"2020-10-06T10:53:37+00:00\" \/>\n<meta name=\"twitter:card\" content=\"summary_large_image\" \/>\n<script type=\"application\/ld+json\" class=\"yoast-schema-graph\">{\"@context\":\"https:\\\/\\\/schema.org\",\"@graph\":[{\"@type\":\"WebPage\",\"@id\":\"https:\\\/\\\/pans.krosno.pl\\\/pracownicy\\\/dr-ewa-newerle-wolska\\\/dr-ewa-newerle-wolska-brief-cv\\\/\",\"url\":\"https:\\\/\\\/pans.krosno.pl\\\/pracownicy\\\/dr-ewa-newerle-wolska\\\/dr-ewa-newerle-wolska-brief-cv\\\/\",\"name\":\"dr Ewa Newerle-Wolska - Brief CV - Pracownicy PANS w Kro\u015bnie\",\"isPartOf\":{\"@id\":\"https:\\\/\\\/pans.krosno.pl\\\/pracownicy\\\/#website\"},\"datePublished\":\"2020-10-06T10:53:36+00:00\",\"dateModified\":\"2020-10-06T10:53:37+00:00\",\"breadcrumb\":{\"@id\":\"https:\\\/\\\/pans.krosno.pl\\\/pracownicy\\\/dr-ewa-newerle-wolska\\\/dr-ewa-newerle-wolska-brief-cv\\\/#breadcrumb\"},\"inLanguage\":\"en-US\",\"potentialAction\":[{\"@type\":\"ReadAction\",\"target\":[\"https:\\\/\\\/pans.krosno.pl\\\/pracownicy\\\/dr-ewa-newerle-wolska\\\/dr-ewa-newerle-wolska-brief-cv\\\/\"]}]},{\"@type\":\"BreadcrumbList\",\"@id\":\"https:\\\/\\\/pans.krosno.pl\\\/pracownicy\\\/dr-ewa-newerle-wolska\\\/dr-ewa-newerle-wolska-brief-cv\\\/#breadcrumb\",\"itemListElement\":[{\"@type\":\"ListItem\",\"position\":1,\"name\":\"Strona g\u0142\u00f3wna\",\"item\":\"https:\\\/\\\/pans.krosno.pl\\\/pracownicy\\\/\"},{\"@type\":\"ListItem\",\"position\":2,\"name\":\"dr Ewa Newerle-Wolska\",\"item\":\"https:\\\/\\\/pans.krosno.pl\\\/pracownicy\\\/dr-ewa-newerle-wolska\\\/\"},{\"@type\":\"ListItem\",\"position\":3,\"name\":\"dr Ewa Newerle-Wolska &#8211; Brief CV\"}]},{\"@type\":\"WebSite\",\"@id\":\"https:\\\/\\\/pans.krosno.pl\\\/pracownicy\\\/#website\",\"url\":\"https:\\\/\\\/pans.krosno.pl\\\/pracownicy\\\/\",\"name\":\"Pracownicy PANS w Kro\u015bnie\",\"description\":\"Pracownicy - Pa\u0144stwowa Akademia Nauk Stosowanych\",\"publisher\":{\"@id\":\"https:\\\/\\\/pans.krosno.pl\\\/pracownicy\\\/#organization\"},\"potentialAction\":[{\"@type\":\"SearchAction\",\"target\":{\"@type\":\"EntryPoint\",\"urlTemplate\":\"https:\\\/\\\/pans.krosno.pl\\\/pracownicy\\\/?s={search_term_string}\"},\"query-input\":{\"@type\":\"PropertyValueSpecification\",\"valueRequired\":true,\"valueName\":\"search_term_string\"}}],\"inLanguage\":\"en-US\"},{\"@type\":\"Organization\",\"@id\":\"https:\\\/\\\/pans.krosno.pl\\\/pracownicy\\\/#organization\",\"name\":\"Pracownicy PANS w Kro\u015bnie\",\"url\":\"https:\\\/\\\/pans.krosno.pl\\\/pracownicy\\\/\",\"logo\":{\"@type\":\"ImageObject\",\"inLanguage\":\"en-US\",\"@id\":\"https:\\\/\\\/pans.krosno.pl\\\/pracownicy\\\/#\\\/schema\\\/logo\\\/image\\\/\",\"url\":\"https:\\\/\\\/pans.krosno.pl\\\/pracownicy\\\/wp-content\\\/uploads\\\/sites\\\/41\\\/2023\\\/01\\\/Logo-PANS-2022-pelne.png\",\"contentUrl\":\"https:\\\/\\\/pans.krosno.pl\\\/pracownicy\\\/wp-content\\\/uploads\\\/sites\\\/41\\\/2023\\\/01\\\/Logo-PANS-2022-pelne.png\",\"width\":3096,\"height\":696,\"caption\":\"Pracownicy PANS w Kro\u015bnie\"},\"image\":{\"@id\":\"https:\\\/\\\/pans.krosno.pl\\\/pracownicy\\\/#\\\/schema\\\/logo\\\/image\\\/\"}}]}<\/script>\n<!-- \/ Yoast SEO Premium plugin. -->","yoast_head_json":{"title":"dr Ewa Newerle-Wolska - Brief CV - Pracownicy PANS w Kro\u015bnie","robots":{"index":"index","follow":"follow","max-snippet":"max-snippet:-1","max-image-preview":"max-image-preview:large","max-video-preview":"max-video-preview:-1"},"canonical":"https:\/\/pans.krosno.pl\/pracownicy\/dr-ewa-newerle-wolska\/dr-ewa-newerle-wolska-brief-cv\/","og_locale":"en_US","og_type":"article","og_title":"dr Ewa Newerle-Wolska - Brief CV","og_description":"Graduate of the English Philology Department at Maria Curie-Sk\u0142odowska University in Lublin. MA thesis on American women\u2019s literature. Post-graduate studies in TEFL (Warsaw University, Poland) and British Culture (Warsaw University, Poland and Peterhouse College, Oxford, UK). Doctoral studies in the British and American Studies Department at Pavol Josef \u0160af\u00e1rik University, [\u2026] Read More","og_url":"https:\/\/pans.krosno.pl\/pracownicy\/dr-ewa-newerle-wolska\/dr-ewa-newerle-wolska-brief-cv\/","og_site_name":"Pracownicy PANS w Kro\u015bnie","article_modified_time":"2020-10-06T10:53:37+00:00","twitter_card":"summary_large_image","schema":{"@context":"https:\/\/schema.org","@graph":[{"@type":"WebPage","@id":"https:\/\/pans.krosno.pl\/pracownicy\/dr-ewa-newerle-wolska\/dr-ewa-newerle-wolska-brief-cv\/","url":"https:\/\/pans.krosno.pl\/pracownicy\/dr-ewa-newerle-wolska\/dr-ewa-newerle-wolska-brief-cv\/","name":"dr Ewa Newerle-Wolska - Brief CV - Pracownicy PANS w Kro\u015bnie","isPartOf":{"@id":"https:\/\/pans.krosno.pl\/pracownicy\/#website"},"datePublished":"2020-10-06T10:53:36+00:00","dateModified":"2020-10-06T10:53:37+00:00","breadcrumb":{"@id":"https:\/\/pans.krosno.pl\/pracownicy\/dr-ewa-newerle-wolska\/dr-ewa-newerle-wolska-brief-cv\/#breadcrumb"},"inLanguage":"en-US","potentialAction":[{"@type":"ReadAction","target":["https:\/\/pans.krosno.pl\/pracownicy\/dr-ewa-newerle-wolska\/dr-ewa-newerle-wolska-brief-cv\/"]}]},{"@type":"BreadcrumbList","@id":"https:\/\/pans.krosno.pl\/pracownicy\/dr-ewa-newerle-wolska\/dr-ewa-newerle-wolska-brief-cv\/#breadcrumb","itemListElement":[{"@type":"ListItem","position":1,"name":"Strona g\u0142\u00f3wna","item":"https:\/\/pans.krosno.pl\/pracownicy\/"},{"@type":"ListItem","position":2,"name":"dr Ewa Newerle-Wolska","item":"https:\/\/pans.krosno.pl\/pracownicy\/dr-ewa-newerle-wolska\/"},{"@type":"ListItem","position":3,"name":"dr Ewa Newerle-Wolska &#8211; Brief CV"}]},{"@type":"WebSite","@id":"https:\/\/pans.krosno.pl\/pracownicy\/#website","url":"https:\/\/pans.krosno.pl\/pracownicy\/","name":"Pracownicy PANS w Kro\u015bnie","description":"Pracownicy - Pa\u0144stwowa Akademia Nauk Stosowanych","publisher":{"@id":"https:\/\/pans.krosno.pl\/pracownicy\/#organization"},"potentialAction":[{"@type":"SearchAction","target":{"@type":"EntryPoint","urlTemplate":"https:\/\/pans.krosno.pl\/pracownicy\/?s={search_term_string}"},"query-input":{"@type":"PropertyValueSpecification","valueRequired":true,"valueName":"search_term_string"}}],"inLanguage":"en-US"},{"@type":"Organization","@id":"https:\/\/pans.krosno.pl\/pracownicy\/#organization","name":"Pracownicy PANS w Kro\u015bnie","url":"https:\/\/pans.krosno.pl\/pracownicy\/","logo":{"@type":"ImageObject","inLanguage":"en-US","@id":"https:\/\/pans.krosno.pl\/pracownicy\/#\/schema\/logo\/image\/","url":"https:\/\/pans.krosno.pl\/pracownicy\/wp-content\/uploads\/sites\/41\/2023\/01\/Logo-PANS-2022-pelne.png","contentUrl":"https:\/\/pans.krosno.pl\/pracownicy\/wp-content\/uploads\/sites\/41\/2023\/01\/Logo-PANS-2022-pelne.png","width":3096,"height":696,"caption":"Pracownicy PANS w Kro\u015bnie"},"image":{"@id":"https:\/\/pans.krosno.pl\/pracownicy\/#\/schema\/logo\/image\/"}}]}},"_links":{"self":[{"href":"https:\/\/pans.krosno.pl\/pracownicy\/en\/wp-json\/wp\/v2\/pages\/8426","targetHints":{"allow":["GET"]}}],"collection":[{"href":"https:\/\/pans.krosno.pl\/pracownicy\/en\/wp-json\/wp\/v2\/pages"}],"about":[{"href":"https:\/\/pans.krosno.pl\/pracownicy\/en\/wp-json\/wp\/v2\/types\/page"}],"author":[{"embeddable":true,"href":"https:\/\/pans.krosno.pl\/pracownicy\/en\/wp-json\/wp\/v2\/users\/27"}],"replies":[{"embeddable":true,"href":"https:\/\/pans.krosno.pl\/pracownicy\/en\/wp-json\/wp\/v2\/comments?post=8426"}],"version-history":[{"count":1,"href":"https:\/\/pans.krosno.pl\/pracownicy\/en\/wp-json\/wp\/v2\/pages\/8426\/revisions"}],"predecessor-version":[{"id":8427,"href":"https:\/\/pans.krosno.pl\/pracownicy\/en\/wp-json\/wp\/v2\/pages\/8426\/revisions\/8427"}],"up":[{"embeddable":true,"href":"https:\/\/pans.krosno.pl\/pracownicy\/en\/wp-json\/wp\/v2\/pages\/8419"}],"wp:attachment":[{"href":"https:\/\/pans.krosno.pl\/pracownicy\/en\/wp-json\/wp\/v2\/media?parent=8426"}],"curies":[{"name":"wp","href":"https:\/\/api.w.org\/{rel}","templated":true}]}}