{"id":8424,"date":"2020-10-06T12:52:39","date_gmt":"2020-10-06T10:52:39","guid":{"rendered":"https:\/\/pans.krosno.pl\/pracownicy\/?page_id=8424"},"modified":"2020-10-16T15:47:25","modified_gmt":"2020-10-16T13:47:25","slug":"dr-ewa-newerle-wolska-publications","status":"publish","type":"page","link":"https:\/\/pans.krosno.pl\/pracownicy\/en\/dr-ewa-newerle-wolska\/dr-ewa-newerle-wolska-publications\/","title":{"rendered":"dr Ewa Newerle-Wolska &#8211; Publications"},"content":{"rendered":"\n<hr class=\"wp-block-separator\" \/>\n\n\n<p><strong>Author and co-author of research papers:<\/strong><\/p>\n<p>\u2018Brexit: The Uncivil War\u2019: A Permanent War or Just a Battle? The Polish Perspective (2020), in: <em>Journal of Literary and Cultural Studies<\/em> <em>(SKASE),<\/em> Kosice, Slovakia, (in print)<\/p>\n<p>One Nation, Two National Identities: The Impact of Politics and the Media on Recent Shift in Identity Construction in Poland (2020), in: <em>Oc\u00e9anide<\/em>, Vol. 12, Spanish Society for the Study of Popular Culture (SELICUP), <a href=\"https:\/\/www.oceanide.es\/index.php\/012020\/issue\/view\/14\">https:\/\/www.oceanide.es\/index.php\/012020\/issue\/view\/14<\/a><\/p>\n<p>Everything Is Not as It Seems: An Inquiry into Selected Reality Shows (2019), in: <em>Language and Culture: Scientific Papers<\/em>, Kutaisi, Georgia, 136-146.&nbsp;&nbsp;&nbsp;&nbsp;&nbsp;&nbsp;&nbsp;&nbsp;&nbsp;&nbsp;&nbsp;&nbsp;&nbsp;&nbsp;&nbsp;&nbsp;<\/p>\n<p>Poland for Poles only? Attitudes of Poles towards Refugees and Immigrants (2017), in: <em>Svet kult\u00far a trad\u00edci\u00ed slovensko-po\u013esk\u00e9ho pohrani\u010dia. Zvy\u0161ovanie kompetenci\u00ed vysoko\u0161kolsk\u00fdch pedag\u00f3gov v oblasti interkult\u00farneho vzdel\u00e1vania<\/em>, Presov, Slovakia: Presov University. <a href=\"https:\/\/www.unipo.sk\/public\/files\/GTF\/2018\/Intereg\/Svet_kultu__r_a_tradi__cii___slovensko-pol__ske__ho_pohranic__ia_zborni__k.pdf\">https:\/\/www.unipo.sk\/public\/files\/GTF\/2018\/Intereg\/Svet_kultu__r_a_tradi__cii___slovensko-pol__ske__ho_pohranic__ia_zborni__k.pdf<\/a><\/p>\n<p>Women\u2019s Position in Politics and the Labour Market in Contemporary Poland (2015), in: <em>Global Partners in Education Journal<\/em>, Vol. 5 no 2, 92-98. <a href=\"http:\/\/www.gpejournal.org\/index.php\/GPEJ\/issue\/view\/6\">http:\/\/www.gpejournal.org\/index.php\/GPEJ\/issue\/view\/6<\/a><\/p>\n<p>The Question of Objectivity in BBC Documentary: Peter Taylor\u2019s Documentary Trilogy on Northern Ireland (2013), in: <em>Papers on Language, Culture and Literature 4, Prace Naukowo-Dydaktyczne PWSZ w Kro\u015bnie<\/em>, Vol. 61, ed. A. Witalisz, Krosno, 127-136.<\/p>\n<p>Reconciliation Cinema in the Northern Irish Cinema of the 90s (2011), in: <em>Language, Literature and Culture in Present-Day context: Contemporary Research Perspectives in Anglophone PhD Studies<\/em>, The Slovak Association for the Study of English (SKASE), Kosice, Slovakia.<\/p>\n<p>\u2018In the Name of the Father\u2019 \u2013 Docudrama: Facts vs. Falsities (2011), in: <em>Papers on Language,&nbsp; Culture and Literature 3, Prace Naukowo-Dydaktyczne PWSZ w Kro\u015bnie<\/em>, Vol. 55, ed. A Witalisz, Krosno, 173-180.<\/p>\n\n\n<p><\/p>\n","protected":false},"excerpt":{"rendered":"<p>Author and co-author of research papers: \u2018Brexit: The Uncivil War\u2019: A Permanent War or Just a Battle? The Polish Perspective (2020), in: Journal of Literary and Cultural Studies (SKASE), Kosice, Slovakia, (in print) One Nation, Two National Identities: The Impact of Politics and the Media on Recent Shift in Identity [\u2026] <\/p>\n<div class=\"clear\"><\/div>\n<p><a class=\"more_link clearfix\" href=\"https:\/\/pans.krosno.pl\/pracownicy\/en\/dr-ewa-newerle-wolska\/dr-ewa-newerle-wolska-publications\/\" rel=\"nofollow\">Read More<\/a><\/p>\n","protected":false},"author":27,"featured_media":0,"parent":8419,"menu_order":0,"comment_status":"closed","ping_status":"closed","template":"","meta":{"ngg_post_thumbnail":0,"footnotes":""},"class_list":["post-8424","page","type-page","status-publish","hentry"],"yoast_head":"<!-- This site is optimized with the Yoast SEO Premium plugin v27.3 (Yoast SEO v27.3) - https:\/\/yoast.com\/product\/yoast-seo-premium-wordpress\/ -->\n<title>dr Ewa Newerle-Wolska - Publications - Pracownicy PANS w Kro\u015bnie<\/title>\n<meta name=\"robots\" content=\"index, follow, max-snippet:-1, max-image-preview:large, max-video-preview:-1\" \/>\n<link rel=\"canonical\" href=\"https:\/\/pans.krosno.pl\/pracownicy\/dr-ewa-newerle-wolska\/dr-ewa-newerle-wolska-publications\/\" \/>\n<meta property=\"og:locale\" content=\"en_US\" \/>\n<meta property=\"og:type\" content=\"article\" \/>\n<meta property=\"og:title\" content=\"dr Ewa Newerle-Wolska - Publications\" \/>\n<meta property=\"og:description\" content=\"Author and co-author of research papers: \u2018Brexit: The Uncivil War\u2019: A Permanent War or Just a Battle? The Polish Perspective (2020), in: Journal of Literary and Cultural Studies (SKASE), Kosice, Slovakia, (in print) One Nation, Two National Identities: The Impact of Politics and the Media on Recent Shift in Identity [\u2026] Read More\" \/>\n<meta property=\"og:url\" content=\"https:\/\/pans.krosno.pl\/pracownicy\/dr-ewa-newerle-wolska\/dr-ewa-newerle-wolska-publications\/\" \/>\n<meta property=\"og:site_name\" content=\"Pracownicy PANS w Kro\u015bnie\" \/>\n<meta property=\"article:modified_time\" content=\"2020-10-16T13:47:25+00:00\" \/>\n<meta name=\"twitter:card\" content=\"summary_large_image\" \/>\n<meta name=\"twitter:label1\" content=\"Est. reading time\" \/>\n\t<meta name=\"twitter:data1\" content=\"2 minutes\" \/>\n<script type=\"application\/ld+json\" class=\"yoast-schema-graph\">{\"@context\":\"https:\\\/\\\/schema.org\",\"@graph\":[{\"@type\":\"WebPage\",\"@id\":\"https:\\\/\\\/pans.krosno.pl\\\/pracownicy\\\/dr-ewa-newerle-wolska\\\/dr-ewa-newerle-wolska-publications\\\/\",\"url\":\"https:\\\/\\\/pans.krosno.pl\\\/pracownicy\\\/dr-ewa-newerle-wolska\\\/dr-ewa-newerle-wolska-publications\\\/\",\"name\":\"dr Ewa Newerle-Wolska - Publications - Pracownicy PANS w Kro\u015bnie\",\"isPartOf\":{\"@id\":\"https:\\\/\\\/pans.krosno.pl\\\/pracownicy\\\/#website\"},\"datePublished\":\"2020-10-06T10:52:39+00:00\",\"dateModified\":\"2020-10-16T13:47:25+00:00\",\"breadcrumb\":{\"@id\":\"https:\\\/\\\/pans.krosno.pl\\\/pracownicy\\\/dr-ewa-newerle-wolska\\\/dr-ewa-newerle-wolska-publications\\\/#breadcrumb\"},\"inLanguage\":\"en-US\",\"potentialAction\":[{\"@type\":\"ReadAction\",\"target\":[\"https:\\\/\\\/pans.krosno.pl\\\/pracownicy\\\/dr-ewa-newerle-wolska\\\/dr-ewa-newerle-wolska-publications\\\/\"]}]},{\"@type\":\"BreadcrumbList\",\"@id\":\"https:\\\/\\\/pans.krosno.pl\\\/pracownicy\\\/dr-ewa-newerle-wolska\\\/dr-ewa-newerle-wolska-publications\\\/#breadcrumb\",\"itemListElement\":[{\"@type\":\"ListItem\",\"position\":1,\"name\":\"Strona g\u0142\u00f3wna\",\"item\":\"https:\\\/\\\/pans.krosno.pl\\\/pracownicy\\\/\"},{\"@type\":\"ListItem\",\"position\":2,\"name\":\"dr Ewa Newerle-Wolska\",\"item\":\"https:\\\/\\\/pans.krosno.pl\\\/pracownicy\\\/dr-ewa-newerle-wolska\\\/\"},{\"@type\":\"ListItem\",\"position\":3,\"name\":\"dr Ewa Newerle-Wolska &#8211; Publications\"}]},{\"@type\":\"WebSite\",\"@id\":\"https:\\\/\\\/pans.krosno.pl\\\/pracownicy\\\/#website\",\"url\":\"https:\\\/\\\/pans.krosno.pl\\\/pracownicy\\\/\",\"name\":\"Pracownicy PANS w Kro\u015bnie\",\"description\":\"Pracownicy - Pa\u0144stwowa Akademia Nauk Stosowanych\",\"publisher\":{\"@id\":\"https:\\\/\\\/pans.krosno.pl\\\/pracownicy\\\/#organization\"},\"potentialAction\":[{\"@type\":\"SearchAction\",\"target\":{\"@type\":\"EntryPoint\",\"urlTemplate\":\"https:\\\/\\\/pans.krosno.pl\\\/pracownicy\\\/?s={search_term_string}\"},\"query-input\":{\"@type\":\"PropertyValueSpecification\",\"valueRequired\":true,\"valueName\":\"search_term_string\"}}],\"inLanguage\":\"en-US\"},{\"@type\":\"Organization\",\"@id\":\"https:\\\/\\\/pans.krosno.pl\\\/pracownicy\\\/#organization\",\"name\":\"Pracownicy PANS w Kro\u015bnie\",\"url\":\"https:\\\/\\\/pans.krosno.pl\\\/pracownicy\\\/\",\"logo\":{\"@type\":\"ImageObject\",\"inLanguage\":\"en-US\",\"@id\":\"https:\\\/\\\/pans.krosno.pl\\\/pracownicy\\\/#\\\/schema\\\/logo\\\/image\\\/\",\"url\":\"https:\\\/\\\/pans.krosno.pl\\\/pracownicy\\\/wp-content\\\/uploads\\\/sites\\\/41\\\/2023\\\/01\\\/Logo-PANS-2022-pelne.png\",\"contentUrl\":\"https:\\\/\\\/pans.krosno.pl\\\/pracownicy\\\/wp-content\\\/uploads\\\/sites\\\/41\\\/2023\\\/01\\\/Logo-PANS-2022-pelne.png\",\"width\":3096,\"height\":696,\"caption\":\"Pracownicy PANS w Kro\u015bnie\"},\"image\":{\"@id\":\"https:\\\/\\\/pans.krosno.pl\\\/pracownicy\\\/#\\\/schema\\\/logo\\\/image\\\/\"}}]}<\/script>\n<!-- \/ Yoast SEO Premium plugin. -->","yoast_head_json":{"title":"dr Ewa Newerle-Wolska - Publications - Pracownicy PANS w Kro\u015bnie","robots":{"index":"index","follow":"follow","max-snippet":"max-snippet:-1","max-image-preview":"max-image-preview:large","max-video-preview":"max-video-preview:-1"},"canonical":"https:\/\/pans.krosno.pl\/pracownicy\/dr-ewa-newerle-wolska\/dr-ewa-newerle-wolska-publications\/","og_locale":"en_US","og_type":"article","og_title":"dr Ewa Newerle-Wolska - Publications","og_description":"Author and co-author of research papers: \u2018Brexit: The Uncivil War\u2019: A Permanent War or Just a Battle? The Polish Perspective (2020), in: Journal of Literary and Cultural Studies (SKASE), Kosice, Slovakia, (in print) One Nation, Two National Identities: The Impact of Politics and the Media on Recent Shift in Identity [\u2026] Read More","og_url":"https:\/\/pans.krosno.pl\/pracownicy\/dr-ewa-newerle-wolska\/dr-ewa-newerle-wolska-publications\/","og_site_name":"Pracownicy PANS w Kro\u015bnie","article_modified_time":"2020-10-16T13:47:25+00:00","twitter_card":"summary_large_image","twitter_misc":{"Est. reading time":"2 minutes"},"schema":{"@context":"https:\/\/schema.org","@graph":[{"@type":"WebPage","@id":"https:\/\/pans.krosno.pl\/pracownicy\/dr-ewa-newerle-wolska\/dr-ewa-newerle-wolska-publications\/","url":"https:\/\/pans.krosno.pl\/pracownicy\/dr-ewa-newerle-wolska\/dr-ewa-newerle-wolska-publications\/","name":"dr Ewa Newerle-Wolska - Publications - Pracownicy PANS w Kro\u015bnie","isPartOf":{"@id":"https:\/\/pans.krosno.pl\/pracownicy\/#website"},"datePublished":"2020-10-06T10:52:39+00:00","dateModified":"2020-10-16T13:47:25+00:00","breadcrumb":{"@id":"https:\/\/pans.krosno.pl\/pracownicy\/dr-ewa-newerle-wolska\/dr-ewa-newerle-wolska-publications\/#breadcrumb"},"inLanguage":"en-US","potentialAction":[{"@type":"ReadAction","target":["https:\/\/pans.krosno.pl\/pracownicy\/dr-ewa-newerle-wolska\/dr-ewa-newerle-wolska-publications\/"]}]},{"@type":"BreadcrumbList","@id":"https:\/\/pans.krosno.pl\/pracownicy\/dr-ewa-newerle-wolska\/dr-ewa-newerle-wolska-publications\/#breadcrumb","itemListElement":[{"@type":"ListItem","position":1,"name":"Strona g\u0142\u00f3wna","item":"https:\/\/pans.krosno.pl\/pracownicy\/"},{"@type":"ListItem","position":2,"name":"dr Ewa Newerle-Wolska","item":"https:\/\/pans.krosno.pl\/pracownicy\/dr-ewa-newerle-wolska\/"},{"@type":"ListItem","position":3,"name":"dr Ewa Newerle-Wolska &#8211; Publications"}]},{"@type":"WebSite","@id":"https:\/\/pans.krosno.pl\/pracownicy\/#website","url":"https:\/\/pans.krosno.pl\/pracownicy\/","name":"Pracownicy PANS w Kro\u015bnie","description":"Pracownicy - Pa\u0144stwowa Akademia Nauk Stosowanych","publisher":{"@id":"https:\/\/pans.krosno.pl\/pracownicy\/#organization"},"potentialAction":[{"@type":"SearchAction","target":{"@type":"EntryPoint","urlTemplate":"https:\/\/pans.krosno.pl\/pracownicy\/?s={search_term_string}"},"query-input":{"@type":"PropertyValueSpecification","valueRequired":true,"valueName":"search_term_string"}}],"inLanguage":"en-US"},{"@type":"Organization","@id":"https:\/\/pans.krosno.pl\/pracownicy\/#organization","name":"Pracownicy PANS w Kro\u015bnie","url":"https:\/\/pans.krosno.pl\/pracownicy\/","logo":{"@type":"ImageObject","inLanguage":"en-US","@id":"https:\/\/pans.krosno.pl\/pracownicy\/#\/schema\/logo\/image\/","url":"https:\/\/pans.krosno.pl\/pracownicy\/wp-content\/uploads\/sites\/41\/2023\/01\/Logo-PANS-2022-pelne.png","contentUrl":"https:\/\/pans.krosno.pl\/pracownicy\/wp-content\/uploads\/sites\/41\/2023\/01\/Logo-PANS-2022-pelne.png","width":3096,"height":696,"caption":"Pracownicy PANS w Kro\u015bnie"},"image":{"@id":"https:\/\/pans.krosno.pl\/pracownicy\/#\/schema\/logo\/image\/"}}]}},"_links":{"self":[{"href":"https:\/\/pans.krosno.pl\/pracownicy\/en\/wp-json\/wp\/v2\/pages\/8424","targetHints":{"allow":["GET"]}}],"collection":[{"href":"https:\/\/pans.krosno.pl\/pracownicy\/en\/wp-json\/wp\/v2\/pages"}],"about":[{"href":"https:\/\/pans.krosno.pl\/pracownicy\/en\/wp-json\/wp\/v2\/types\/page"}],"author":[{"embeddable":true,"href":"https:\/\/pans.krosno.pl\/pracownicy\/en\/wp-json\/wp\/v2\/users\/27"}],"replies":[{"embeddable":true,"href":"https:\/\/pans.krosno.pl\/pracownicy\/en\/wp-json\/wp\/v2\/comments?post=8424"}],"version-history":[{"count":3,"href":"https:\/\/pans.krosno.pl\/pracownicy\/en\/wp-json\/wp\/v2\/pages\/8424\/revisions"}],"predecessor-version":[{"id":8820,"href":"https:\/\/pans.krosno.pl\/pracownicy\/en\/wp-json\/wp\/v2\/pages\/8424\/revisions\/8820"}],"up":[{"embeddable":true,"href":"https:\/\/pans.krosno.pl\/pracownicy\/en\/wp-json\/wp\/v2\/pages\/8419"}],"wp:attachment":[{"href":"https:\/\/pans.krosno.pl\/pracownicy\/en\/wp-json\/wp\/v2\/media?parent=8424"}],"curies":[{"name":"wp","href":"https:\/\/api.w.org\/{rel}","templated":true}]}}