{"id":8414,"date":"2020-10-06T12:39:06","date_gmt":"2020-10-06T10:39:06","guid":{"rendered":"https:\/\/pans.krosno.pl\/pracownicy\/?page_id=8414"},"modified":"2020-10-14T17:10:39","modified_gmt":"2020-10-14T15:10:39","slug":"dr-dorota-mihulka-publications","status":"publish","type":"page","link":"https:\/\/pans.krosno.pl\/pracownicy\/en\/dr-dorota-mihulka\/dr-dorota-mihulka-publications\/","title":{"rendered":"Dr Dorota Mihu\u0142ka &#8211; Publications"},"content":{"rendered":"<p>She is the author of one book and numerous articles published in reviewed monographs both in Poland and abroad, and in scholarly journals.<\/p>\n<p><strong>Books<\/strong>:<\/p>\n<p>(2020): <em>In Search of Identity and Spirituality in the Fiction of American Jewish Female Authors at the Turn of the 21st Century.<\/em> Berlin: Peter Lang Verlag. (=Text\u2013Meaning\u2013Context: Cracow Studies in English Language, Literature and Culture, vol. 17).<\/p>\n<p><strong>Articles<\/strong>:<\/p>\n<p>(2020): \u201cReturn to Jewish Roots and Religion \u2013 the ba\u2019al teshuvah Phenomenon as Reflected in Contemporary American Jewish Female Literature.\u201d In: Rusek, Ewa\/ W\u0142adys\u0142aw, Witalisz (eds.).<em> Across Borders. Cultural and Linguistic Shifts in the 21st Century<\/em>. Berlin: Peter Lang Verlag. (=Text\u2013Meaning\u2013Context Cracow Studies in English Language, Literature and Culture, vol. 18). P. 75\u201387.<\/p>\n<p>(2017): \u201eTekst literacki pomostem w procesie poznawania siebie i Innych.\u201d <em>J\u0119zyki Obce w Szkole.<\/em> 1\/2017. P. 102\u2013108.<\/p>\n<p>(2015): \u201eNiepowodzenia komunikacyjne w perspektywie interkulturowej.\u201d <em>Linguodidactica<\/em> vol. 19. P. 141\u2013156. (co-author: Krystyna Mihu\u0142ka)<\/p>\n<p>(2015): \u201cTemptations of non-Jewish lifestyle in Pearl Abraham\u2019s and Allegra Goodman\u2019s novels.\u201d In: Aleksandrowicz-P\u0119dich, Lucyna\/ Partyka, Jacek (eds.). <em>Jews and Non-Jews: Memories and Interactions from the Perspective of Cultural Studies<\/em>. Frankfurt am Main: Peter Lang Verlag. (= Warsaw Studies in Jewish History and Memory, vol. 6). P. 127\u2013142.<\/p>\n<p>(2011): \u201c\u2018I am a woman cracked by multiple migrations\u2019 \u2013 the search for self through space in the works by South Asian American women writers.\u201d In: Witalisz, Alicja (ed.). <em>Migration, Narration, Communication. Cultural Exchanges in a Globalised World<\/em>. Frankfurt am Main: Peter Lang Verlag. (=Text\u2013Meaning\u2013Context: Cracow Studies in English Language, Literature and Culture, vol. 1). P. 31\u201341.<\/p>\n<p>(2009): \u201c\u2018Your mother is in your bones\u2019 \u2013 mother\/daughter relationships in Amy Tan\u2019s The Joy Luck Club.\u201d In: Brighton, Christopher\/ Lala, Jack (eds.). <em>Cultural Intersections: Dialogue and Exchange in Language Studies<\/em>. Tarn\u00f3w: Wyd. PWSZ w Tarnowie. P. 74\u201382.<\/p>\n<p>(2009): \u201cCrossing identity borders in Maxine Hong Kingston\u2019s The Woman Warrior.\u201d In: \u0160tekauer, Pavol\/ Toma\u0161\u010d\u00edkov\u00e1, Slavka\/ Witalisz, W\u0142adys\u0142aw (eds.). <em>Culture Language and Literature Across Border Regions.<\/em> Krosno: Wyd. PWSZ w Kro\u015bnie. (=Prace Naukowo-Dydaktyczne Pa\u0144stwowej Wy\u017cszej Szko\u0142y Zawodowej w Kro\u015bnie, vol. 37). P. 279\u2013290.<\/p>\n<p>(2009): \u201cTolerance or acceptance \u2013 ethnic attitudes in contemporary Poland. An analysis of empirical studies.\u201d<em> Journal of Global Awareness<\/em> vol. 9, 1\/2009. P. 44\u201355.<\/p>\n<p>(2008): \u201eDialog interkulturowy jako pi\u0105ta sprawno\u015b\u0107 na lekcji j\u0119zyka obcego.\u201d <em>J\u0119zyki Obce w Szkole.<\/em> 2\/2008. P. 13\u201319.<\/p>\n<p>(2005): \u201cCommunication strategies and language proficiency levels.\u201d In: Witalisz, Alicja (ed.). <em>Papers on Language, Culture and Literature 2<\/em>. Krosno: Wyd. PWSZ w Kro\u015bnie (=Prace Naukowo-Dydaktyczne Pa\u0144stwowej Wy\u017cszej Szko\u0142y Zawodowej w Kro\u015bnie, vol. 19). P. 195\u2013206.<\/p>\n\n\n<p><\/p>\n","protected":false},"excerpt":{"rendered":"<p>She is the author of one book and numerous articles published in reviewed monographs both in Poland and abroad, and in scholarly journals. Books: (2020): In Search of Identity and Spirituality in the Fiction of American Jewish Female Authors at the Turn of the 21st Century. Berlin: Peter Lang Verlag. [\u2026] <\/p>\n<div class=\"clear\"><\/div>\n<p><a class=\"more_link clearfix\" href=\"https:\/\/pans.krosno.pl\/pracownicy\/en\/dr-dorota-mihulka\/dr-dorota-mihulka-publications\/\" rel=\"nofollow\">Read More<\/a><\/p>\n","protected":false},"author":27,"featured_media":0,"parent":8409,"menu_order":0,"comment_status":"closed","ping_status":"closed","template":"","meta":{"ngg_post_thumbnail":0,"footnotes":""},"class_list":["post-8414","page","type-page","status-publish","hentry"],"yoast_head":"<!-- This site is optimized with the Yoast SEO Premium plugin v27.3 (Yoast SEO v27.3) - https:\/\/yoast.com\/product\/yoast-seo-premium-wordpress\/ -->\n<title>Dr Dorota Mihu\u0142ka - Publications - Pracownicy PANS w Kro\u015bnie<\/title>\n<meta name=\"robots\" content=\"index, follow, max-snippet:-1, max-image-preview:large, max-video-preview:-1\" \/>\n<link rel=\"canonical\" href=\"https:\/\/pans.krosno.pl\/pracownicy\/dr-dorota-mihulka\/dr-dorota-mihulka-publications\/\" \/>\n<meta property=\"og:locale\" content=\"en_US\" \/>\n<meta property=\"og:type\" content=\"article\" \/>\n<meta property=\"og:title\" content=\"Dr Dorota Mihu\u0142ka - Publications\" \/>\n<meta property=\"og:description\" content=\"She is the author of one book and numerous articles published in reviewed monographs both in Poland and abroad, and in scholarly journals. Books: (2020): In Search of Identity and Spirituality in the Fiction of American Jewish Female Authors at the Turn of the 21st Century. Berlin: Peter Lang Verlag. [\u2026] Read More\" \/>\n<meta property=\"og:url\" content=\"https:\/\/pans.krosno.pl\/pracownicy\/dr-dorota-mihulka\/dr-dorota-mihulka-publications\/\" \/>\n<meta property=\"og:site_name\" content=\"Pracownicy PANS w Kro\u015bnie\" \/>\n<meta property=\"article:modified_time\" content=\"2020-10-14T15:10:39+00:00\" \/>\n<meta name=\"twitter:card\" content=\"summary_large_image\" \/>\n<meta name=\"twitter:label1\" content=\"Est. reading time\" \/>\n\t<meta name=\"twitter:data1\" content=\"2 minutes\" \/>\n<script type=\"application\/ld+json\" class=\"yoast-schema-graph\">{\"@context\":\"https:\\\/\\\/schema.org\",\"@graph\":[{\"@type\":\"WebPage\",\"@id\":\"https:\\\/\\\/pans.krosno.pl\\\/pracownicy\\\/dr-dorota-mihulka\\\/dr-dorota-mihulka-publications\\\/\",\"url\":\"https:\\\/\\\/pans.krosno.pl\\\/pracownicy\\\/dr-dorota-mihulka\\\/dr-dorota-mihulka-publications\\\/\",\"name\":\"Dr Dorota Mihu\u0142ka - Publications - Pracownicy PANS w Kro\u015bnie\",\"isPartOf\":{\"@id\":\"https:\\\/\\\/pans.krosno.pl\\\/pracownicy\\\/#website\"},\"datePublished\":\"2020-10-06T10:39:06+00:00\",\"dateModified\":\"2020-10-14T15:10:39+00:00\",\"breadcrumb\":{\"@id\":\"https:\\\/\\\/pans.krosno.pl\\\/pracownicy\\\/dr-dorota-mihulka\\\/dr-dorota-mihulka-publications\\\/#breadcrumb\"},\"inLanguage\":\"en-US\",\"potentialAction\":[{\"@type\":\"ReadAction\",\"target\":[\"https:\\\/\\\/pans.krosno.pl\\\/pracownicy\\\/dr-dorota-mihulka\\\/dr-dorota-mihulka-publications\\\/\"]}]},{\"@type\":\"BreadcrumbList\",\"@id\":\"https:\\\/\\\/pans.krosno.pl\\\/pracownicy\\\/dr-dorota-mihulka\\\/dr-dorota-mihulka-publications\\\/#breadcrumb\",\"itemListElement\":[{\"@type\":\"ListItem\",\"position\":1,\"name\":\"Strona g\u0142\u00f3wna\",\"item\":\"https:\\\/\\\/pans.krosno.pl\\\/pracownicy\\\/\"},{\"@type\":\"ListItem\",\"position\":2,\"name\":\"dr Dorota Mihu\u0142ka\",\"item\":\"https:\\\/\\\/pans.krosno.pl\\\/pracownicy\\\/dr-dorota-mihulka\\\/\"},{\"@type\":\"ListItem\",\"position\":3,\"name\":\"Dr Dorota Mihu\u0142ka &#8211; Publications\"}]},{\"@type\":\"WebSite\",\"@id\":\"https:\\\/\\\/pans.krosno.pl\\\/pracownicy\\\/#website\",\"url\":\"https:\\\/\\\/pans.krosno.pl\\\/pracownicy\\\/\",\"name\":\"Pracownicy PANS w Kro\u015bnie\",\"description\":\"Pracownicy - Pa\u0144stwowa Akademia Nauk Stosowanych\",\"publisher\":{\"@id\":\"https:\\\/\\\/pans.krosno.pl\\\/pracownicy\\\/#organization\"},\"potentialAction\":[{\"@type\":\"SearchAction\",\"target\":{\"@type\":\"EntryPoint\",\"urlTemplate\":\"https:\\\/\\\/pans.krosno.pl\\\/pracownicy\\\/?s={search_term_string}\"},\"query-input\":{\"@type\":\"PropertyValueSpecification\",\"valueRequired\":true,\"valueName\":\"search_term_string\"}}],\"inLanguage\":\"en-US\"},{\"@type\":\"Organization\",\"@id\":\"https:\\\/\\\/pans.krosno.pl\\\/pracownicy\\\/#organization\",\"name\":\"Pracownicy PANS w Kro\u015bnie\",\"url\":\"https:\\\/\\\/pans.krosno.pl\\\/pracownicy\\\/\",\"logo\":{\"@type\":\"ImageObject\",\"inLanguage\":\"en-US\",\"@id\":\"https:\\\/\\\/pans.krosno.pl\\\/pracownicy\\\/#\\\/schema\\\/logo\\\/image\\\/\",\"url\":\"https:\\\/\\\/pans.krosno.pl\\\/pracownicy\\\/wp-content\\\/uploads\\\/sites\\\/41\\\/2023\\\/01\\\/Logo-PANS-2022-pelne.png\",\"contentUrl\":\"https:\\\/\\\/pans.krosno.pl\\\/pracownicy\\\/wp-content\\\/uploads\\\/sites\\\/41\\\/2023\\\/01\\\/Logo-PANS-2022-pelne.png\",\"width\":3096,\"height\":696,\"caption\":\"Pracownicy PANS w Kro\u015bnie\"},\"image\":{\"@id\":\"https:\\\/\\\/pans.krosno.pl\\\/pracownicy\\\/#\\\/schema\\\/logo\\\/image\\\/\"}}]}<\/script>\n<!-- \/ Yoast SEO Premium plugin. -->","yoast_head_json":{"title":"Dr Dorota Mihu\u0142ka - Publications - Pracownicy PANS w Kro\u015bnie","robots":{"index":"index","follow":"follow","max-snippet":"max-snippet:-1","max-image-preview":"max-image-preview:large","max-video-preview":"max-video-preview:-1"},"canonical":"https:\/\/pans.krosno.pl\/pracownicy\/dr-dorota-mihulka\/dr-dorota-mihulka-publications\/","og_locale":"en_US","og_type":"article","og_title":"Dr Dorota Mihu\u0142ka - Publications","og_description":"She is the author of one book and numerous articles published in reviewed monographs both in Poland and abroad, and in scholarly journals. Books: (2020): In Search of Identity and Spirituality in the Fiction of American Jewish Female Authors at the Turn of the 21st Century. Berlin: Peter Lang Verlag. [\u2026] Read More","og_url":"https:\/\/pans.krosno.pl\/pracownicy\/dr-dorota-mihulka\/dr-dorota-mihulka-publications\/","og_site_name":"Pracownicy PANS w Kro\u015bnie","article_modified_time":"2020-10-14T15:10:39+00:00","twitter_card":"summary_large_image","twitter_misc":{"Est. reading time":"2 minutes"},"schema":{"@context":"https:\/\/schema.org","@graph":[{"@type":"WebPage","@id":"https:\/\/pans.krosno.pl\/pracownicy\/dr-dorota-mihulka\/dr-dorota-mihulka-publications\/","url":"https:\/\/pans.krosno.pl\/pracownicy\/dr-dorota-mihulka\/dr-dorota-mihulka-publications\/","name":"Dr Dorota Mihu\u0142ka - Publications - Pracownicy PANS w Kro\u015bnie","isPartOf":{"@id":"https:\/\/pans.krosno.pl\/pracownicy\/#website"},"datePublished":"2020-10-06T10:39:06+00:00","dateModified":"2020-10-14T15:10:39+00:00","breadcrumb":{"@id":"https:\/\/pans.krosno.pl\/pracownicy\/dr-dorota-mihulka\/dr-dorota-mihulka-publications\/#breadcrumb"},"inLanguage":"en-US","potentialAction":[{"@type":"ReadAction","target":["https:\/\/pans.krosno.pl\/pracownicy\/dr-dorota-mihulka\/dr-dorota-mihulka-publications\/"]}]},{"@type":"BreadcrumbList","@id":"https:\/\/pans.krosno.pl\/pracownicy\/dr-dorota-mihulka\/dr-dorota-mihulka-publications\/#breadcrumb","itemListElement":[{"@type":"ListItem","position":1,"name":"Strona g\u0142\u00f3wna","item":"https:\/\/pans.krosno.pl\/pracownicy\/"},{"@type":"ListItem","position":2,"name":"dr Dorota Mihu\u0142ka","item":"https:\/\/pans.krosno.pl\/pracownicy\/dr-dorota-mihulka\/"},{"@type":"ListItem","position":3,"name":"Dr Dorota Mihu\u0142ka &#8211; Publications"}]},{"@type":"WebSite","@id":"https:\/\/pans.krosno.pl\/pracownicy\/#website","url":"https:\/\/pans.krosno.pl\/pracownicy\/","name":"Pracownicy PANS w Kro\u015bnie","description":"Pracownicy - Pa\u0144stwowa Akademia Nauk Stosowanych","publisher":{"@id":"https:\/\/pans.krosno.pl\/pracownicy\/#organization"},"potentialAction":[{"@type":"SearchAction","target":{"@type":"EntryPoint","urlTemplate":"https:\/\/pans.krosno.pl\/pracownicy\/?s={search_term_string}"},"query-input":{"@type":"PropertyValueSpecification","valueRequired":true,"valueName":"search_term_string"}}],"inLanguage":"en-US"},{"@type":"Organization","@id":"https:\/\/pans.krosno.pl\/pracownicy\/#organization","name":"Pracownicy PANS w Kro\u015bnie","url":"https:\/\/pans.krosno.pl\/pracownicy\/","logo":{"@type":"ImageObject","inLanguage":"en-US","@id":"https:\/\/pans.krosno.pl\/pracownicy\/#\/schema\/logo\/image\/","url":"https:\/\/pans.krosno.pl\/pracownicy\/wp-content\/uploads\/sites\/41\/2023\/01\/Logo-PANS-2022-pelne.png","contentUrl":"https:\/\/pans.krosno.pl\/pracownicy\/wp-content\/uploads\/sites\/41\/2023\/01\/Logo-PANS-2022-pelne.png","width":3096,"height":696,"caption":"Pracownicy PANS w Kro\u015bnie"},"image":{"@id":"https:\/\/pans.krosno.pl\/pracownicy\/#\/schema\/logo\/image\/"}}]}},"_links":{"self":[{"href":"https:\/\/pans.krosno.pl\/pracownicy\/en\/wp-json\/wp\/v2\/pages\/8414","targetHints":{"allow":["GET"]}}],"collection":[{"href":"https:\/\/pans.krosno.pl\/pracownicy\/en\/wp-json\/wp\/v2\/pages"}],"about":[{"href":"https:\/\/pans.krosno.pl\/pracownicy\/en\/wp-json\/wp\/v2\/types\/page"}],"author":[{"embeddable":true,"href":"https:\/\/pans.krosno.pl\/pracownicy\/en\/wp-json\/wp\/v2\/users\/27"}],"replies":[{"embeddable":true,"href":"https:\/\/pans.krosno.pl\/pracownicy\/en\/wp-json\/wp\/v2\/comments?post=8414"}],"version-history":[{"count":3,"href":"https:\/\/pans.krosno.pl\/pracownicy\/en\/wp-json\/wp\/v2\/pages\/8414\/revisions"}],"predecessor-version":[{"id":8780,"href":"https:\/\/pans.krosno.pl\/pracownicy\/en\/wp-json\/wp\/v2\/pages\/8414\/revisions\/8780"}],"up":[{"embeddable":true,"href":"https:\/\/pans.krosno.pl\/pracownicy\/en\/wp-json\/wp\/v2\/pages\/8409"}],"wp:attachment":[{"href":"https:\/\/pans.krosno.pl\/pracownicy\/en\/wp-json\/wp\/v2\/media?parent=8414"}],"curies":[{"name":"wp","href":"https:\/\/api.w.org\/{rel}","templated":true}]}}